{"id":44756,"date":"2018-06-11T13:06:42","date_gmt":"2023-06-05T15:02:03","guid":{"rendered":"https:\/\/cardinal.pixel-tal.de\/klebebaender\/senza-categoria\/ca-723-nastro-in-pet-metallizzato\/"},"modified":"2023-06-05T17:02:03","modified_gmt":"2023-06-05T15:02:03","slug":"ca-723-nastro-adesivo-metallizzato-per-animali-domestici","status":"publish","type":"product","link":"https:\/\/cardinal-tapes.com\/it\/nastri-adesivi\/aree-di-applicazione\/industria-elettrica\/ca-723-nastro-adesivo-metallizzato-per-animali-domestici\/","title":{"rendered":"CA-723 Nastro in PET metallizzato"},"content":{"rendered":"<p>CA-723 \u00e8 un nastro adesivo speciale con elevata stabilit\u00e0 dimensionale grazie al supporto in PET. Il film di PET pu\u00f2 essere utilizzato grazie alla<br \/>\nIl contenuto metallico pu\u00f2 essere rilevato dai metal detector. I sistemi ottici rilevano il colore nero. Molto buono<br \/>\nPu\u00f2 essere utilizzato e ha una forza adesiva molto elevata su diversi materiali.<\/p>\n","protected":false},"excerpt":{"rendered":"<p>CA-723 \u00e8 un nastro adesivo speciale con elevata stabilit\u00e0 dimensionale grazie al supporto in PET. Il film di PET pu\u00f2 essere utilizzato grazie alla Il contenuto metallico pu\u00f2 essere rilevato dai metal detector. I sistemi ottici rilevano il colore nero. Molto buono Pu\u00f2 essere utilizzato e ha una forza adesiva molto elevata su diversi materiali.<\/p>\n","protected":false},"featured_media":27145,"template":"","meta":{"_acf_changed":false},"pwb-brand":[2174],"product_brand":[],"product_cat":[1683,1824],"product_tag":[],"class_list":{"0":"post-44756","1":"product","2":"type-product","3":"status-publish","4":"has-post-thumbnail","6":"pwb-brand-cardinal-gmbh-it","7":"product_cat-industria-elettrica","8":"product_cat-nastri-biadesivi","10":"first","11":"instock","12":"taxable","13":"shipping-taxable","14":"purchasable","15":"product-type-variable"},"acf":[],"yoast_head":"<!-- This site is optimized with the Yoast SEO plugin v27.3 - https:\/\/yoast.com\/product\/yoast-seo-wordpress\/ -->\n<title>CA-723 Nastro in PET metallizzato | Cardinal TAPES<\/title>\n<meta name=\"description\" content=\"CA-723 \u00e8 un nastro adesivo speciale con elevata stabilit\u00e0 dimensionale grazie al supporto in PET. Per saperne di pi\u00f9 sulla cassetta, cliccate qui.\" \/>\n<meta name=\"robots\" content=\"index, follow, max-snippet:-1, max-image-preview:large, max-video-preview:-1\" \/>\n<link rel=\"canonical\" href=\"https:\/\/cardinal-tapes.com\/it\/nastri-adesivi\/industria-elettrica\/ca-723-nastro-adesivo-metallizzato-per-animali-domestici\/\" \/>\n<meta property=\"og:locale\" content=\"it_IT\" \/>\n<meta property=\"og:type\" content=\"article\" \/>\n<meta property=\"og:title\" content=\"CA-723 Nastro in PET metallizzato | Cardinal TAPES\" \/>\n<meta property=\"og:description\" content=\"CA-723 \u00e8 un nastro adesivo speciale con elevata stabilit\u00e0 dimensionale grazie al supporto in PET. Per saperne di pi\u00f9 sulla cassetta, cliccate qui.\" \/>\n<meta property=\"og:url\" content=\"https:\/\/cardinal-tapes.com\/it\/nastri-adesivi\/industria-elettrica\/ca-723-nastro-adesivo-metallizzato-per-animali-domestici\/\" \/>\n<meta property=\"og:site_name\" content=\"cardinal TAPES\" \/>\n<meta property=\"og:image\" content=\"https:\/\/cardinal-tapes.com\/wp-content\/uploads\/CA_723_retouched.jpg\" \/>\n\t<meta property=\"og:image:width\" content=\"1221\" \/>\n\t<meta property=\"og:image:height\" content=\"1400\" \/>\n\t<meta property=\"og:image:type\" content=\"image\/jpeg\" \/>\n<meta name=\"twitter:card\" content=\"summary_large_image\" \/>\n<script type=\"application\/ld+json\" class=\"yoast-schema-graph\">{\"@context\":\"https:\\\/\\\/schema.org\",\"@graph\":[{\"@type\":\"WebPage\",\"@id\":\"https:\\\/\\\/cardinal-tapes.com\\\/it\\\/nastri-adesivi\\\/industria-elettrica\\\/ca-723-nastro-adesivo-metallizzato-per-animali-domestici\\\/\",\"url\":\"https:\\\/\\\/cardinal-tapes.com\\\/it\\\/nastri-adesivi\\\/industria-elettrica\\\/ca-723-nastro-adesivo-metallizzato-per-animali-domestici\\\/\",\"name\":\"CA-723 Nastro in PET metallizzato | Cardinal TAPES\",\"isPartOf\":{\"@id\":\"https:\\\/\\\/cardinal-tapes.com\\\/#website\"},\"primaryImageOfPage\":{\"@id\":\"https:\\\/\\\/cardinal-tapes.com\\\/it\\\/nastri-adesivi\\\/industria-elettrica\\\/ca-723-nastro-adesivo-metallizzato-per-animali-domestici\\\/#primaryimage\"},\"image\":{\"@id\":\"https:\\\/\\\/cardinal-tapes.com\\\/it\\\/nastri-adesivi\\\/industria-elettrica\\\/ca-723-nastro-adesivo-metallizzato-per-animali-domestici\\\/#primaryimage\"},\"thumbnailUrl\":\"https:\\\/\\\/cardinal-tapes.com\\\/wp-content\\\/uploads\\\/CA_723_retouched.jpg\",\"datePublished\":\"2023-06-05T15:02:03+00:00\",\"description\":\"CA-723 \u00e8 un nastro adesivo speciale con elevata stabilit\u00e0 dimensionale grazie al supporto in PET. Per saperne di pi\u00f9 sulla cassetta, cliccate qui.\",\"breadcrumb\":{\"@id\":\"https:\\\/\\\/cardinal-tapes.com\\\/it\\\/nastri-adesivi\\\/industria-elettrica\\\/ca-723-nastro-adesivo-metallizzato-per-animali-domestici\\\/#breadcrumb\"},\"inLanguage\":\"it-IT\",\"potentialAction\":[{\"@type\":\"ReadAction\",\"target\":[\"https:\\\/\\\/cardinal-tapes.com\\\/it\\\/nastri-adesivi\\\/industria-elettrica\\\/ca-723-nastro-adesivo-metallizzato-per-animali-domestici\\\/\"]}]},{\"@type\":\"ImageObject\",\"inLanguage\":\"it-IT\",\"@id\":\"https:\\\/\\\/cardinal-tapes.com\\\/it\\\/nastri-adesivi\\\/industria-elettrica\\\/ca-723-nastro-adesivo-metallizzato-per-animali-domestici\\\/#primaryimage\",\"url\":\"https:\\\/\\\/cardinal-tapes.com\\\/wp-content\\\/uploads\\\/CA_723_retouched.jpg\",\"contentUrl\":\"https:\\\/\\\/cardinal-tapes.com\\\/wp-content\\\/uploads\\\/CA_723_retouched.jpg\",\"width\":1221,\"height\":1400,\"caption\":\"Nastro adesivo CA 723\"},{\"@type\":\"BreadcrumbList\",\"@id\":\"https:\\\/\\\/cardinal-tapes.com\\\/it\\\/nastri-adesivi\\\/industria-elettrica\\\/ca-723-nastro-adesivo-metallizzato-per-animali-domestici\\\/#breadcrumb\",\"itemListElement\":[{\"@type\":\"ListItem\",\"position\":1,\"name\":\"Startseite\",\"item\":\"https:\\\/\\\/cardinal-tapes.com\\\/it\\\/casa\\\/\"},{\"@type\":\"ListItem\",\"position\":2,\"name\":\"Nastri adesivi\",\"item\":\"https:\\\/\\\/cardinal-tapes.com\\\/it\\\/nastri-adesivi-it\\\/\"},{\"@type\":\"ListItem\",\"position\":3,\"name\":\"Nastri biadesivi\",\"item\":\"https:\\\/\\\/cardinal-tapes.com\\\/it\\\/categoria\\\/nastri-biadesivi\\\/\"},{\"@type\":\"ListItem\",\"position\":4,\"name\":\"CA-723 Nastro in PET metallizzato\"}]},{\"@type\":\"WebSite\",\"@id\":\"https:\\\/\\\/cardinal-tapes.com\\\/#website\",\"url\":\"https:\\\/\\\/cardinal-tapes.com\\\/\",\"name\":\"cardinal TAPES\",\"description\":\"Klebetechnik aus Wuppertal\",\"potentialAction\":[{\"@type\":\"SearchAction\",\"target\":{\"@type\":\"EntryPoint\",\"urlTemplate\":\"https:\\\/\\\/cardinal-tapes.com\\\/?s={search_term_string}\"},\"query-input\":{\"@type\":\"PropertyValueSpecification\",\"valueRequired\":true,\"valueName\":\"search_term_string\"}}],\"inLanguage\":\"it-IT\"}]}<\/script>\n<!-- \/ Yoast SEO plugin. -->","yoast_head_json":{"title":"CA-723 Nastro in PET metallizzato | Cardinal TAPES","description":"CA-723 \u00e8 un nastro adesivo speciale con elevata stabilit\u00e0 dimensionale grazie al supporto in PET. Per saperne di pi\u00f9 sulla cassetta, cliccate qui.","robots":{"index":"index","follow":"follow","max-snippet":"max-snippet:-1","max-image-preview":"max-image-preview:large","max-video-preview":"max-video-preview:-1"},"canonical":"https:\/\/cardinal-tapes.com\/it\/nastri-adesivi\/industria-elettrica\/ca-723-nastro-adesivo-metallizzato-per-animali-domestici\/","og_locale":"it_IT","og_type":"article","og_title":"CA-723 Nastro in PET metallizzato | Cardinal TAPES","og_description":"CA-723 \u00e8 un nastro adesivo speciale con elevata stabilit\u00e0 dimensionale grazie al supporto in PET. Per saperne di pi\u00f9 sulla cassetta, cliccate qui.","og_url":"https:\/\/cardinal-tapes.com\/it\/nastri-adesivi\/industria-elettrica\/ca-723-nastro-adesivo-metallizzato-per-animali-domestici\/","og_site_name":"cardinal TAPES","og_image":[{"width":1221,"height":1400,"url":"https:\/\/cardinal-tapes.com\/wp-content\/uploads\/CA_723_retouched.jpg","type":"image\/jpeg"}],"twitter_card":"summary_large_image","schema":{"@context":"https:\/\/schema.org","@graph":[{"@type":"WebPage","@id":"https:\/\/cardinal-tapes.com\/it\/nastri-adesivi\/industria-elettrica\/ca-723-nastro-adesivo-metallizzato-per-animali-domestici\/","url":"https:\/\/cardinal-tapes.com\/it\/nastri-adesivi\/industria-elettrica\/ca-723-nastro-adesivo-metallizzato-per-animali-domestici\/","name":"CA-723 Nastro in PET metallizzato | Cardinal TAPES","isPartOf":{"@id":"https:\/\/cardinal-tapes.com\/#website"},"primaryImageOfPage":{"@id":"https:\/\/cardinal-tapes.com\/it\/nastri-adesivi\/industria-elettrica\/ca-723-nastro-adesivo-metallizzato-per-animali-domestici\/#primaryimage"},"image":{"@id":"https:\/\/cardinal-tapes.com\/it\/nastri-adesivi\/industria-elettrica\/ca-723-nastro-adesivo-metallizzato-per-animali-domestici\/#primaryimage"},"thumbnailUrl":"https:\/\/cardinal-tapes.com\/wp-content\/uploads\/CA_723_retouched.jpg","datePublished":"2023-06-05T15:02:03+00:00","description":"CA-723 \u00e8 un nastro adesivo speciale con elevata stabilit\u00e0 dimensionale grazie al supporto in PET. Per saperne di pi\u00f9 sulla cassetta, cliccate qui.","breadcrumb":{"@id":"https:\/\/cardinal-tapes.com\/it\/nastri-adesivi\/industria-elettrica\/ca-723-nastro-adesivo-metallizzato-per-animali-domestici\/#breadcrumb"},"inLanguage":"it-IT","potentialAction":[{"@type":"ReadAction","target":["https:\/\/cardinal-tapes.com\/it\/nastri-adesivi\/industria-elettrica\/ca-723-nastro-adesivo-metallizzato-per-animali-domestici\/"]}]},{"@type":"ImageObject","inLanguage":"it-IT","@id":"https:\/\/cardinal-tapes.com\/it\/nastri-adesivi\/industria-elettrica\/ca-723-nastro-adesivo-metallizzato-per-animali-domestici\/#primaryimage","url":"https:\/\/cardinal-tapes.com\/wp-content\/uploads\/CA_723_retouched.jpg","contentUrl":"https:\/\/cardinal-tapes.com\/wp-content\/uploads\/CA_723_retouched.jpg","width":1221,"height":1400,"caption":"Nastro adesivo CA 723"},{"@type":"BreadcrumbList","@id":"https:\/\/cardinal-tapes.com\/it\/nastri-adesivi\/industria-elettrica\/ca-723-nastro-adesivo-metallizzato-per-animali-domestici\/#breadcrumb","itemListElement":[{"@type":"ListItem","position":1,"name":"Startseite","item":"https:\/\/cardinal-tapes.com\/it\/casa\/"},{"@type":"ListItem","position":2,"name":"Nastri adesivi","item":"https:\/\/cardinal-tapes.com\/it\/nastri-adesivi-it\/"},{"@type":"ListItem","position":3,"name":"Nastri biadesivi","item":"https:\/\/cardinal-tapes.com\/it\/categoria\/nastri-biadesivi\/"},{"@type":"ListItem","position":4,"name":"CA-723 Nastro in PET metallizzato"}]},{"@type":"WebSite","@id":"https:\/\/cardinal-tapes.com\/#website","url":"https:\/\/cardinal-tapes.com\/","name":"cardinal TAPES","description":"Klebetechnik aus Wuppertal","potentialAction":[{"@type":"SearchAction","target":{"@type":"EntryPoint","urlTemplate":"https:\/\/cardinal-tapes.com\/?s={search_term_string}"},"query-input":{"@type":"PropertyValueSpecification","valueRequired":true,"valueName":"search_term_string"}}],"inLanguage":"it-IT"}]}},"brands":[{"id":2174,"name":"cardinal GmbH","slug":"cardinal-gmbh-it"}],"_links":{"self":[{"href":"https:\/\/cardinal-tapes.com\/it\/wp-json\/wp\/v2\/product\/44756","targetHints":{"allow":["GET"]}}],"collection":[{"href":"https:\/\/cardinal-tapes.com\/it\/wp-json\/wp\/v2\/product"}],"about":[{"href":"https:\/\/cardinal-tapes.com\/it\/wp-json\/wp\/v2\/types\/product"}],"wp:featuredmedia":[{"embeddable":true,"href":"https:\/\/cardinal-tapes.com\/it\/wp-json\/wp\/v2\/media\/27145"}],"wp:attachment":[{"href":"https:\/\/cardinal-tapes.com\/it\/wp-json\/wp\/v2\/media?parent=44756"}],"wp:term":[{"taxonomy":"pwb-brand","embeddable":true,"href":"https:\/\/cardinal-tapes.com\/it\/wp-json\/wp\/v2\/pwb-brand?post=44756"},{"taxonomy":"product_brand","embeddable":true,"href":"https:\/\/cardinal-tapes.com\/it\/wp-json\/wp\/v2\/product_brand?post=44756"},{"taxonomy":"product_cat","embeddable":true,"href":"https:\/\/cardinal-tapes.com\/it\/wp-json\/wp\/v2\/product_cat?post=44756"},{"taxonomy":"product_tag","embeddable":true,"href":"https:\/\/cardinal-tapes.com\/it\/wp-json\/wp\/v2\/product_tag?post=44756"}],"curies":[{"name":"wp","href":"https:\/\/api.w.org\/{rel}","templated":true}]}}