{"id":44184,"date":"2018-06-13T13:13:52","date_gmt":"2023-06-05T15:01:46","guid":{"rendered":"https:\/\/cardinal.pixel-tal.de\/klebebaender\/senza-categoria\/nastro-adesivo-ca-44-pv1-in-cartapelle\/"},"modified":"2025-07-02T12:46:59","modified_gmt":"2025-07-02T10:46:59","slug":"ca-44-pv1-carta-pelle-nastro-adesivo","status":"publish","type":"product","link":"https:\/\/cardinal-tapes.com\/it\/nastri-adesivi\/aree-di-applicazione\/industria-della-carta\/ca-44-pv1-carta-pelle-nastro-adesivo\/","title":{"rendered":"Nastro adesivo CA-44 PV1 in cartapelle"},"content":{"rendered":"<p>CA-44 \u00e8 un nastro adesivo non tessuto costituito da un supporto di carta non tessuta rivestito su entrambi i lati con un adesivo acrilico trasparente a dispersione modificata sensibile alla pressione. L&#8217;aggressivo adesivo sensibile alla pressione \u00e8 caratterizzato da un&#8217;elevata resistenza all&#8217;invecchiamento e da un&#8217;ampia resistenza ai plastificanti. Il nastro biadesivo \u00e8 particolarmente adatto per la finitura di gomma cellulare, schiume a poro aperto e impregnate, nonch\u00e9 di tessuti, feltro, silicone e altre superfici ruvide e aperte. Il nastro adesivo \u00e8 adatto al contatto indiretto con gli alimenti in conformit\u00e0 con la norma FDA 175.105.<\/p>\n","protected":false},"excerpt":{"rendered":"<p>CA-44 \u00e8 un nastro adesivo non tessuto costituito da un supporto di carta non tessuta rivestito su entrambi i lati con un adesivo acrilico trasparente a dispersione modificata sensibile alla pressione. L&#8217;aggressivo adesivo sensibile alla pressione \u00e8 caratterizzato da un&#8217;elevata resistenza all&#8217;invecchiamento e da un&#8217;ampia resistenza ai plastificanti. Il nastro biadesivo \u00e8 particolarmente adatto per [&hellip;]<\/p>\n","protected":false},"featured_media":27097,"template":"","meta":{"_acf_changed":false},"pwb-brand":[2174],"product_brand":[],"product_cat":[1775,1824],"product_tag":[],"class_list":{"0":"post-44184","1":"product","2":"type-product","3":"status-publish","4":"has-post-thumbnail","6":"pwb-brand-cardinal-gmbh-it","7":"product_cat-industria-della-carta","8":"product_cat-nastri-biadesivi","10":"first","11":"instock","12":"taxable","13":"shipping-taxable","14":"purchasable","15":"product-type-variable"},"acf":[],"yoast_head":"<!-- This site is optimized with the Yoast SEO plugin v27.3 - https:\/\/yoast.com\/product\/yoast-seo-wordpress\/ -->\n<title>CA-44 PV1 nastro adesivo in pile di carta | Cardinal TAPES<\/title>\n<meta name=\"description\" content=\"CA-44 \u00e8 un nastro adesivo in tessuto non tessuto, costituito da un supporto in tessuto non tessuto di carta rivestito su entrambi i lati con un adesivo acrilico trasparente a dispersione modificata sensibile alla pressione.\" \/>\n<meta name=\"robots\" content=\"index, follow, max-snippet:-1, max-image-preview:large, max-video-preview:-1\" \/>\n<link rel=\"canonical\" href=\"https:\/\/cardinal-tapes.com\/it\/nastri-adesivi\/aree-di-applicazione\/industria-della-carta\/ca-44-pv1-carta-pelle-nastro-adesivo\/\" \/>\n<meta property=\"og:locale\" content=\"it_IT\" \/>\n<meta property=\"og:type\" content=\"article\" \/>\n<meta property=\"og:title\" content=\"CA-44 PV1 nastro adesivo in pile di carta | Cardinal TAPES\" \/>\n<meta property=\"og:description\" content=\"CA-44 \u00e8 un nastro adesivo in tessuto non tessuto, costituito da un supporto in tessuto non tessuto di carta rivestito su entrambi i lati con un adesivo acrilico trasparente a dispersione modificata sensibile alla pressione.\" \/>\n<meta property=\"og:url\" content=\"https:\/\/cardinal-tapes.com\/it\/nastri-adesivi\/aree-di-applicazione\/industria-della-carta\/ca-44-pv1-carta-pelle-nastro-adesivo\/\" \/>\n<meta property=\"og:site_name\" content=\"cardinal TAPES\" \/>\n<meta property=\"article:modified_time\" content=\"2025-07-02T10:46:59+00:00\" \/>\n<meta property=\"og:image\" content=\"https:\/\/cardinal-tapes.com\/wp-content\/uploads\/CA_43-2_retouched.jpg\" \/>\n\t<meta property=\"og:image:width\" content=\"1348\" \/>\n\t<meta property=\"og:image:height\" content=\"1400\" \/>\n\t<meta property=\"og:image:type\" content=\"image\/jpeg\" \/>\n<meta name=\"twitter:card\" content=\"summary_large_image\" \/>\n<script type=\"application\/ld+json\" class=\"yoast-schema-graph\">{\"@context\":\"https:\\\/\\\/schema.org\",\"@graph\":[{\"@type\":\"WebPage\",\"@id\":\"https:\\\/\\\/cardinal-tapes.com\\\/it\\\/nastri-adesivi\\\/aree-di-applicazione\\\/industria-della-carta\\\/ca-44-pv1-carta-pelle-nastro-adesivo\\\/\",\"url\":\"https:\\\/\\\/cardinal-tapes.com\\\/it\\\/nastri-adesivi\\\/aree-di-applicazione\\\/industria-della-carta\\\/ca-44-pv1-carta-pelle-nastro-adesivo\\\/\",\"name\":\"CA-44 PV1 nastro adesivo in pile di carta | Cardinal TAPES\",\"isPartOf\":{\"@id\":\"https:\\\/\\\/cardinal-tapes.com\\\/#website\"},\"primaryImageOfPage\":{\"@id\":\"https:\\\/\\\/cardinal-tapes.com\\\/it\\\/nastri-adesivi\\\/aree-di-applicazione\\\/industria-della-carta\\\/ca-44-pv1-carta-pelle-nastro-adesivo\\\/#primaryimage\"},\"image\":{\"@id\":\"https:\\\/\\\/cardinal-tapes.com\\\/it\\\/nastri-adesivi\\\/aree-di-applicazione\\\/industria-della-carta\\\/ca-44-pv1-carta-pelle-nastro-adesivo\\\/#primaryimage\"},\"thumbnailUrl\":\"https:\\\/\\\/cardinal-tapes.com\\\/wp-content\\\/uploads\\\/CA_43-2_retouched.jpg\",\"datePublished\":\"2023-06-05T15:01:46+00:00\",\"dateModified\":\"2025-07-02T10:46:59+00:00\",\"description\":\"CA-44 \u00e8 un nastro adesivo in tessuto non tessuto, costituito da un supporto in tessuto non tessuto di carta rivestito su entrambi i lati con un adesivo acrilico trasparente a dispersione modificata sensibile alla pressione.\",\"breadcrumb\":{\"@id\":\"https:\\\/\\\/cardinal-tapes.com\\\/it\\\/nastri-adesivi\\\/aree-di-applicazione\\\/industria-della-carta\\\/ca-44-pv1-carta-pelle-nastro-adesivo\\\/#breadcrumb\"},\"inLanguage\":\"it-IT\",\"potentialAction\":[{\"@type\":\"ReadAction\",\"target\":[\"https:\\\/\\\/cardinal-tapes.com\\\/it\\\/nastri-adesivi\\\/aree-di-applicazione\\\/industria-della-carta\\\/ca-44-pv1-carta-pelle-nastro-adesivo\\\/\"]}]},{\"@type\":\"ImageObject\",\"inLanguage\":\"it-IT\",\"@id\":\"https:\\\/\\\/cardinal-tapes.com\\\/it\\\/nastri-adesivi\\\/aree-di-applicazione\\\/industria-della-carta\\\/ca-44-pv1-carta-pelle-nastro-adesivo\\\/#primaryimage\",\"url\":\"https:\\\/\\\/cardinal-tapes.com\\\/wp-content\\\/uploads\\\/CA_43-2_retouched.jpg\",\"contentUrl\":\"https:\\\/\\\/cardinal-tapes.com\\\/wp-content\\\/uploads\\\/CA_43-2_retouched.jpg\",\"width\":1348,\"height\":1400,\"caption\":\"Nastro adesivo CA 43\"},{\"@type\":\"BreadcrumbList\",\"@id\":\"https:\\\/\\\/cardinal-tapes.com\\\/it\\\/nastri-adesivi\\\/aree-di-applicazione\\\/industria-della-carta\\\/ca-44-pv1-carta-pelle-nastro-adesivo\\\/#breadcrumb\",\"itemListElement\":[{\"@type\":\"ListItem\",\"position\":1,\"name\":\"Startseite\",\"item\":\"https:\\\/\\\/cardinal-tapes.com\\\/it\\\/casa\\\/\"},{\"@type\":\"ListItem\",\"position\":2,\"name\":\"Nastri adesivi\",\"item\":\"https:\\\/\\\/cardinal-tapes.com\\\/it\\\/nastri-adesivi-it\\\/\"},{\"@type\":\"ListItem\",\"position\":3,\"name\":\"Doppelseitige Klebeb\u00e4nder\",\"item\":\"https:\\\/\\\/cardinal-tapes.com\\\/kategorie\\\/doppelseitige-klebebaender\\\/\"},{\"@type\":\"ListItem\",\"position\":4,\"name\":\"Nastro adesivo CA-44 PV1 in cartapelle\"}]},{\"@type\":\"WebSite\",\"@id\":\"https:\\\/\\\/cardinal-tapes.com\\\/#website\",\"url\":\"https:\\\/\\\/cardinal-tapes.com\\\/\",\"name\":\"cardinal TAPES\",\"description\":\"Klebetechnik aus Wuppertal\",\"potentialAction\":[{\"@type\":\"SearchAction\",\"target\":{\"@type\":\"EntryPoint\",\"urlTemplate\":\"https:\\\/\\\/cardinal-tapes.com\\\/?s={search_term_string}\"},\"query-input\":{\"@type\":\"PropertyValueSpecification\",\"valueRequired\":true,\"valueName\":\"search_term_string\"}}],\"inLanguage\":\"it-IT\"}]}<\/script>\n<!-- \/ Yoast SEO plugin. -->","yoast_head_json":{"title":"CA-44 PV1 nastro adesivo in pile di carta | Cardinal TAPES","description":"CA-44 \u00e8 un nastro adesivo in tessuto non tessuto, costituito da un supporto in tessuto non tessuto di carta rivestito su entrambi i lati con un adesivo acrilico trasparente a dispersione modificata sensibile alla pressione.","robots":{"index":"index","follow":"follow","max-snippet":"max-snippet:-1","max-image-preview":"max-image-preview:large","max-video-preview":"max-video-preview:-1"},"canonical":"https:\/\/cardinal-tapes.com\/it\/nastri-adesivi\/aree-di-applicazione\/industria-della-carta\/ca-44-pv1-carta-pelle-nastro-adesivo\/","og_locale":"it_IT","og_type":"article","og_title":"CA-44 PV1 nastro adesivo in pile di carta | Cardinal TAPES","og_description":"CA-44 \u00e8 un nastro adesivo in tessuto non tessuto, costituito da un supporto in tessuto non tessuto di carta rivestito su entrambi i lati con un adesivo acrilico trasparente a dispersione modificata sensibile alla pressione.","og_url":"https:\/\/cardinal-tapes.com\/it\/nastri-adesivi\/aree-di-applicazione\/industria-della-carta\/ca-44-pv1-carta-pelle-nastro-adesivo\/","og_site_name":"cardinal TAPES","article_modified_time":"2025-07-02T10:46:59+00:00","og_image":[{"width":1348,"height":1400,"url":"https:\/\/cardinal-tapes.com\/wp-content\/uploads\/CA_43-2_retouched.jpg","type":"image\/jpeg"}],"twitter_card":"summary_large_image","schema":{"@context":"https:\/\/schema.org","@graph":[{"@type":"WebPage","@id":"https:\/\/cardinal-tapes.com\/it\/nastri-adesivi\/aree-di-applicazione\/industria-della-carta\/ca-44-pv1-carta-pelle-nastro-adesivo\/","url":"https:\/\/cardinal-tapes.com\/it\/nastri-adesivi\/aree-di-applicazione\/industria-della-carta\/ca-44-pv1-carta-pelle-nastro-adesivo\/","name":"CA-44 PV1 nastro adesivo in pile di carta | Cardinal TAPES","isPartOf":{"@id":"https:\/\/cardinal-tapes.com\/#website"},"primaryImageOfPage":{"@id":"https:\/\/cardinal-tapes.com\/it\/nastri-adesivi\/aree-di-applicazione\/industria-della-carta\/ca-44-pv1-carta-pelle-nastro-adesivo\/#primaryimage"},"image":{"@id":"https:\/\/cardinal-tapes.com\/it\/nastri-adesivi\/aree-di-applicazione\/industria-della-carta\/ca-44-pv1-carta-pelle-nastro-adesivo\/#primaryimage"},"thumbnailUrl":"https:\/\/cardinal-tapes.com\/wp-content\/uploads\/CA_43-2_retouched.jpg","datePublished":"2023-06-05T15:01:46+00:00","dateModified":"2025-07-02T10:46:59+00:00","description":"CA-44 \u00e8 un nastro adesivo in tessuto non tessuto, costituito da un supporto in tessuto non tessuto di carta rivestito su entrambi i lati con un adesivo acrilico trasparente a dispersione modificata sensibile alla pressione.","breadcrumb":{"@id":"https:\/\/cardinal-tapes.com\/it\/nastri-adesivi\/aree-di-applicazione\/industria-della-carta\/ca-44-pv1-carta-pelle-nastro-adesivo\/#breadcrumb"},"inLanguage":"it-IT","potentialAction":[{"@type":"ReadAction","target":["https:\/\/cardinal-tapes.com\/it\/nastri-adesivi\/aree-di-applicazione\/industria-della-carta\/ca-44-pv1-carta-pelle-nastro-adesivo\/"]}]},{"@type":"ImageObject","inLanguage":"it-IT","@id":"https:\/\/cardinal-tapes.com\/it\/nastri-adesivi\/aree-di-applicazione\/industria-della-carta\/ca-44-pv1-carta-pelle-nastro-adesivo\/#primaryimage","url":"https:\/\/cardinal-tapes.com\/wp-content\/uploads\/CA_43-2_retouched.jpg","contentUrl":"https:\/\/cardinal-tapes.com\/wp-content\/uploads\/CA_43-2_retouched.jpg","width":1348,"height":1400,"caption":"Nastro adesivo CA 43"},{"@type":"BreadcrumbList","@id":"https:\/\/cardinal-tapes.com\/it\/nastri-adesivi\/aree-di-applicazione\/industria-della-carta\/ca-44-pv1-carta-pelle-nastro-adesivo\/#breadcrumb","itemListElement":[{"@type":"ListItem","position":1,"name":"Startseite","item":"https:\/\/cardinal-tapes.com\/it\/casa\/"},{"@type":"ListItem","position":2,"name":"Nastri adesivi","item":"https:\/\/cardinal-tapes.com\/it\/nastri-adesivi-it\/"},{"@type":"ListItem","position":3,"name":"Doppelseitige Klebeb\u00e4nder","item":"https:\/\/cardinal-tapes.com\/kategorie\/doppelseitige-klebebaender\/"},{"@type":"ListItem","position":4,"name":"Nastro adesivo CA-44 PV1 in cartapelle"}]},{"@type":"WebSite","@id":"https:\/\/cardinal-tapes.com\/#website","url":"https:\/\/cardinal-tapes.com\/","name":"cardinal TAPES","description":"Klebetechnik aus Wuppertal","potentialAction":[{"@type":"SearchAction","target":{"@type":"EntryPoint","urlTemplate":"https:\/\/cardinal-tapes.com\/?s={search_term_string}"},"query-input":{"@type":"PropertyValueSpecification","valueRequired":true,"valueName":"search_term_string"}}],"inLanguage":"it-IT"}]}},"brands":[{"id":2174,"name":"cardinal GmbH","slug":"cardinal-gmbh-it"}],"_links":{"self":[{"href":"https:\/\/cardinal-tapes.com\/it\/wp-json\/wp\/v2\/product\/44184","targetHints":{"allow":["GET"]}}],"collection":[{"href":"https:\/\/cardinal-tapes.com\/it\/wp-json\/wp\/v2\/product"}],"about":[{"href":"https:\/\/cardinal-tapes.com\/it\/wp-json\/wp\/v2\/types\/product"}],"wp:featuredmedia":[{"embeddable":true,"href":"https:\/\/cardinal-tapes.com\/it\/wp-json\/wp\/v2\/media\/27097"}],"wp:attachment":[{"href":"https:\/\/cardinal-tapes.com\/it\/wp-json\/wp\/v2\/media?parent=44184"}],"wp:term":[{"taxonomy":"pwb-brand","embeddable":true,"href":"https:\/\/cardinal-tapes.com\/it\/wp-json\/wp\/v2\/pwb-brand?post=44184"},{"taxonomy":"product_brand","embeddable":true,"href":"https:\/\/cardinal-tapes.com\/it\/wp-json\/wp\/v2\/product_brand?post=44184"},{"taxonomy":"product_cat","embeddable":true,"href":"https:\/\/cardinal-tapes.com\/it\/wp-json\/wp\/v2\/product_cat?post=44184"},{"taxonomy":"product_tag","embeddable":true,"href":"https:\/\/cardinal-tapes.com\/it\/wp-json\/wp\/v2\/product_tag?post=44184"}],"curies":[{"name":"wp","href":"https:\/\/api.w.org\/{rel}","templated":true}]}}