{"id":42534,"date":"2020-12-10T14:32:44","date_gmt":"2023-06-05T14:56:43","guid":{"rendered":"https:\/\/cardinal.pixel-tal.de\/klebebaender\/senza-categoria\/nastro-adesivo-in-schiuma-poliuretanica-norbond-v2800\/"},"modified":"2023-06-05T16:56:43","modified_gmt":"2023-06-05T14:56:43","slug":"nastro-adesivo-in-schiuma-di-poliuretano-norbond-v2800","status":"publish","type":"product","link":"https:\/\/cardinal-tapes.com\/it\/nastri-adesivi\/nastri-biadesivi\/nastro-adesivo-in-schiuma-di-poliuretano-norbond-v2800\/","title":{"rendered":"Nastro adesivo in schiuma poliuretanica Norbond\u00ae V2800"},"content":{"rendered":"<div>I nastri Saint-Gobain\u00ae Norbond\u00ae serie V2800 combinano un substrato di schiuma poliuretanica nera con un adesivo acrilico ad alte prestazioni sensibile alla pressione su entrambi i lati.<\/div>\n<div>Il substrato di schiuma consente di distribuire l&#8217;energia e le sollecitazioni del giunto sull&#8217;intera superficie.<\/div>\n<div>Norbond V2800 \u00e8 la soluzione ideale per le applicazioni di incollaggio all&#8217;esterno pi\u00f9 impegnative. Il prodotto convince per la sua durata in tutte le condizioni atmosferiche ed \u00e8 resistente a<\/div>\n<div>Resistente ai raggi UV, alle temperature estreme, agli attacchi fungini, all&#8217;ossidazione e all&#8217;ozono.<\/div>\n<div><\/div>\n<div>\n<div>La serie Norbond V2800 \u00e8 uno sviluppo speciale con le seguenti caratteristiche:<\/div>\n<div><\/div>\n<div>&#8211; La distribuzione delle sollecitazioni riduce i punti di pressione per minimizzare le deformazioni.<\/div>\n<div>&#8211; L&#8217;adesivo acrilico ad alte prestazioni assicura un legame forte e duraturo.<\/div>\n<div>&#8211; La confortevole schiuma poliuretanica a cellule chiuse offre un&#8217;eccellente resistenza alle condizioni ambientali avverse.<\/div>\n<div>&#8211; Impedisce la corrosione di materiali dissimili perch\u00e9 non possono entrare in contatto tra loro.<\/div>\n<div>&#8211; Il rivestimento standard in polipropilene offre prestazioni eccellenti nei processi di produzione automatizzati.<\/div>\n<\/div>\n","protected":false},"excerpt":{"rendered":"<p>I nastri Saint-Gobain\u00ae Norbond\u00ae serie V2800 combinano un substrato di schiuma poliuretanica nera con un adesivo acrilico ad alte prestazioni sensibile alla pressione su entrambi i lati. Il substrato di schiuma consente di distribuire l&#8217;energia e le sollecitazioni del giunto sull&#8217;intera superficie. Norbond V2800 \u00e8 la soluzione ideale per le applicazioni di incollaggio all&#8217;esterno pi\u00f9 [&hellip;]<\/p>\n","protected":false},"featured_media":28501,"template":"","meta":{"_acf_changed":false},"pwb-brand":[4228,2310],"product_brand":[],"product_cat":[1824],"product_tag":[],"class_list":{"0":"post-42534","1":"product","2":"type-product","3":"status-publish","4":"has-post-thumbnail","6":"pwb-brand-saint-gobain-performance-plastics-norbond-it","7":"pwb-brand-saint-gobain-it","8":"product_cat-nastri-biadesivi","10":"first","11":"instock","12":"taxable","13":"shipping-taxable","14":"product-type-variable"},"acf":[],"yoast_head":"<!-- This site is optimized with the Yoast SEO plugin v27.4 - https:\/\/yoast.com\/product\/yoast-seo-wordpress\/ -->\n<title>Nastro in schiuma poliuretanica Norbond\u00ae V2800 | Cardinal TAPES<\/title>\n<meta name=\"description\" content=\"I nastri Saint-Gobain\u00ae Norbond\u00ae serie V2800 combinano un substrato di schiuma poliuretanica nera con un adesivo acrilico ad alte prestazioni sensibile alla pressione su entrambi i lati. Il substrato di schiuma consente di distribuire l&#039;energia e le sollecitazioni del giunto sull&#039;intera superficie.\" \/>\n<meta name=\"robots\" content=\"index, follow, max-snippet:-1, max-image-preview:large, max-video-preview:-1\" \/>\n<link rel=\"canonical\" href=\"https:\/\/cardinal-tapes.com\/it\/nastri-adesivi\/nastri-biadesivi\/nastro-adesivo-in-schiuma-di-poliuretano-norbond-v2800\/\" \/>\n<meta property=\"og:locale\" content=\"it_IT\" \/>\n<meta property=\"og:type\" content=\"article\" \/>\n<meta property=\"og:title\" content=\"Nastro in schiuma poliuretanica Norbond\u00ae V2800 | Cardinal TAPES\" \/>\n<meta property=\"og:description\" content=\"I nastri Saint-Gobain\u00ae Norbond\u00ae serie V2800 combinano un substrato di schiuma poliuretanica nera con un adesivo acrilico ad alte prestazioni sensibile alla pressione su entrambi i lati. Il substrato di schiuma consente di distribuire l&#039;energia e le sollecitazioni del giunto sull&#039;intera superficie.\" \/>\n<meta property=\"og:url\" content=\"https:\/\/cardinal-tapes.com\/it\/nastri-adesivi\/nastri-biadesivi\/nastro-adesivo-in-schiuma-di-poliuretano-norbond-v2800\/\" \/>\n<meta property=\"og:site_name\" content=\"cardinal TAPES\" \/>\n<meta property=\"og:image\" content=\"https:\/\/cardinal-tapes.com\/wp-content\/uploads\/Norbond-PUR-V2800-A_153106.png\" \/>\n\t<meta property=\"og:image:width\" content=\"415\" \/>\n\t<meta property=\"og:image:height\" content=\"415\" \/>\n\t<meta property=\"og:image:type\" content=\"image\/png\" \/>\n<meta name=\"twitter:card\" content=\"summary_large_image\" \/>\n<meta name=\"twitter:label1\" content=\"Tempo di lettura stimato\" \/>\n\t<meta name=\"twitter:data1\" content=\"1 minuto\" \/>\n<script type=\"application\/ld+json\" class=\"yoast-schema-graph\">{\"@context\":\"https:\\\/\\\/schema.org\",\"@graph\":[{\"@type\":\"WebPage\",\"@id\":\"https:\\\/\\\/cardinal-tapes.com\\\/it\\\/nastri-adesivi\\\/nastri-biadesivi\\\/nastro-adesivo-in-schiuma-di-poliuretano-norbond-v2800\\\/\",\"url\":\"https:\\\/\\\/cardinal-tapes.com\\\/it\\\/nastri-adesivi\\\/nastri-biadesivi\\\/nastro-adesivo-in-schiuma-di-poliuretano-norbond-v2800\\\/\",\"name\":\"Nastro in schiuma poliuretanica Norbond\u00ae V2800 | Cardinal TAPES\",\"isPartOf\":{\"@id\":\"https:\\\/\\\/cardinal-tapes.com\\\/#website\"},\"primaryImageOfPage\":{\"@id\":\"https:\\\/\\\/cardinal-tapes.com\\\/it\\\/nastri-adesivi\\\/nastri-biadesivi\\\/nastro-adesivo-in-schiuma-di-poliuretano-norbond-v2800\\\/#primaryimage\"},\"image\":{\"@id\":\"https:\\\/\\\/cardinal-tapes.com\\\/it\\\/nastri-adesivi\\\/nastri-biadesivi\\\/nastro-adesivo-in-schiuma-di-poliuretano-norbond-v2800\\\/#primaryimage\"},\"thumbnailUrl\":\"https:\\\/\\\/cardinal-tapes.com\\\/wp-content\\\/uploads\\\/Norbond-PUR-V2800-A_153106.png\",\"datePublished\":\"2023-06-05T14:56:43+00:00\",\"description\":\"I nastri Saint-Gobain\u00ae Norbond\u00ae serie V2800 combinano un substrato di schiuma poliuretanica nera con un adesivo acrilico ad alte prestazioni sensibile alla pressione su entrambi i lati. Il substrato di schiuma consente di distribuire l'energia e le sollecitazioni del giunto sull'intera superficie.\",\"breadcrumb\":{\"@id\":\"https:\\\/\\\/cardinal-tapes.com\\\/it\\\/nastri-adesivi\\\/nastri-biadesivi\\\/nastro-adesivo-in-schiuma-di-poliuretano-norbond-v2800\\\/#breadcrumb\"},\"inLanguage\":\"it-IT\",\"potentialAction\":[{\"@type\":\"ReadAction\",\"target\":[\"https:\\\/\\\/cardinal-tapes.com\\\/it\\\/nastri-adesivi\\\/nastri-biadesivi\\\/nastro-adesivo-in-schiuma-di-poliuretano-norbond-v2800\\\/\"]}]},{\"@type\":\"ImageObject\",\"inLanguage\":\"it-IT\",\"@id\":\"https:\\\/\\\/cardinal-tapes.com\\\/it\\\/nastri-adesivi\\\/nastri-biadesivi\\\/nastro-adesivo-in-schiuma-di-poliuretano-norbond-v2800\\\/#primaryimage\",\"url\":\"https:\\\/\\\/cardinal-tapes.com\\\/wp-content\\\/uploads\\\/Norbond-PUR-V2800-A_153106.png\",\"contentUrl\":\"https:\\\/\\\/cardinal-tapes.com\\\/wp-content\\\/uploads\\\/Norbond-PUR-V2800-A_153106.png\",\"width\":415,\"height\":415},{\"@type\":\"BreadcrumbList\",\"@id\":\"https:\\\/\\\/cardinal-tapes.com\\\/it\\\/nastri-adesivi\\\/nastri-biadesivi\\\/nastro-adesivo-in-schiuma-di-poliuretano-norbond-v2800\\\/#breadcrumb\",\"itemListElement\":[{\"@type\":\"ListItem\",\"position\":1,\"name\":\"Startseite\",\"item\":\"https:\\\/\\\/cardinal-tapes.com\\\/it\\\/casa\\\/\"},{\"@type\":\"ListItem\",\"position\":2,\"name\":\"Nastri adesivi\",\"item\":\"https:\\\/\\\/cardinal-tapes.com\\\/it\\\/nastri-adesivi-it\\\/\"},{\"@type\":\"ListItem\",\"position\":3,\"name\":\"Nastri biadesivi\",\"item\":\"https:\\\/\\\/cardinal-tapes.com\\\/it\\\/categoria\\\/nastri-biadesivi\\\/\"},{\"@type\":\"ListItem\",\"position\":4,\"name\":\"Nastro adesivo in schiuma poliuretanica Norbond\u00ae V2800\"}]},{\"@type\":\"WebSite\",\"@id\":\"https:\\\/\\\/cardinal-tapes.com\\\/#website\",\"url\":\"https:\\\/\\\/cardinal-tapes.com\\\/\",\"name\":\"cardinal TAPES\",\"description\":\"Klebetechnik aus Wuppertal\",\"potentialAction\":[{\"@type\":\"SearchAction\",\"target\":{\"@type\":\"EntryPoint\",\"urlTemplate\":\"https:\\\/\\\/cardinal-tapes.com\\\/?s={search_term_string}\"},\"query-input\":{\"@type\":\"PropertyValueSpecification\",\"valueRequired\":true,\"valueName\":\"search_term_string\"}}],\"inLanguage\":\"it-IT\"}]}<\/script>\n<!-- \/ Yoast SEO plugin. -->","yoast_head_json":{"title":"Nastro in schiuma poliuretanica Norbond\u00ae V2800 | Cardinal TAPES","description":"I nastri Saint-Gobain\u00ae Norbond\u00ae serie V2800 combinano un substrato di schiuma poliuretanica nera con un adesivo acrilico ad alte prestazioni sensibile alla pressione su entrambi i lati. Il substrato di schiuma consente di distribuire l'energia e le sollecitazioni del giunto sull'intera superficie.","robots":{"index":"index","follow":"follow","max-snippet":"max-snippet:-1","max-image-preview":"max-image-preview:large","max-video-preview":"max-video-preview:-1"},"canonical":"https:\/\/cardinal-tapes.com\/it\/nastri-adesivi\/nastri-biadesivi\/nastro-adesivo-in-schiuma-di-poliuretano-norbond-v2800\/","og_locale":"it_IT","og_type":"article","og_title":"Nastro in schiuma poliuretanica Norbond\u00ae V2800 | Cardinal TAPES","og_description":"I nastri Saint-Gobain\u00ae Norbond\u00ae serie V2800 combinano un substrato di schiuma poliuretanica nera con un adesivo acrilico ad alte prestazioni sensibile alla pressione su entrambi i lati. Il substrato di schiuma consente di distribuire l'energia e le sollecitazioni del giunto sull'intera superficie.","og_url":"https:\/\/cardinal-tapes.com\/it\/nastri-adesivi\/nastri-biadesivi\/nastro-adesivo-in-schiuma-di-poliuretano-norbond-v2800\/","og_site_name":"cardinal TAPES","og_image":[{"width":415,"height":415,"url":"https:\/\/cardinal-tapes.com\/wp-content\/uploads\/Norbond-PUR-V2800-A_153106.png","type":"image\/png"}],"twitter_card":"summary_large_image","twitter_misc":{"Tempo di lettura stimato":"1 minuto"},"schema":{"@context":"https:\/\/schema.org","@graph":[{"@type":"WebPage","@id":"https:\/\/cardinal-tapes.com\/it\/nastri-adesivi\/nastri-biadesivi\/nastro-adesivo-in-schiuma-di-poliuretano-norbond-v2800\/","url":"https:\/\/cardinal-tapes.com\/it\/nastri-adesivi\/nastri-biadesivi\/nastro-adesivo-in-schiuma-di-poliuretano-norbond-v2800\/","name":"Nastro in schiuma poliuretanica Norbond\u00ae V2800 | Cardinal TAPES","isPartOf":{"@id":"https:\/\/cardinal-tapes.com\/#website"},"primaryImageOfPage":{"@id":"https:\/\/cardinal-tapes.com\/it\/nastri-adesivi\/nastri-biadesivi\/nastro-adesivo-in-schiuma-di-poliuretano-norbond-v2800\/#primaryimage"},"image":{"@id":"https:\/\/cardinal-tapes.com\/it\/nastri-adesivi\/nastri-biadesivi\/nastro-adesivo-in-schiuma-di-poliuretano-norbond-v2800\/#primaryimage"},"thumbnailUrl":"https:\/\/cardinal-tapes.com\/wp-content\/uploads\/Norbond-PUR-V2800-A_153106.png","datePublished":"2023-06-05T14:56:43+00:00","description":"I nastri Saint-Gobain\u00ae Norbond\u00ae serie V2800 combinano un substrato di schiuma poliuretanica nera con un adesivo acrilico ad alte prestazioni sensibile alla pressione su entrambi i lati. Il substrato di schiuma consente di distribuire l'energia e le sollecitazioni del giunto sull'intera superficie.","breadcrumb":{"@id":"https:\/\/cardinal-tapes.com\/it\/nastri-adesivi\/nastri-biadesivi\/nastro-adesivo-in-schiuma-di-poliuretano-norbond-v2800\/#breadcrumb"},"inLanguage":"it-IT","potentialAction":[{"@type":"ReadAction","target":["https:\/\/cardinal-tapes.com\/it\/nastri-adesivi\/nastri-biadesivi\/nastro-adesivo-in-schiuma-di-poliuretano-norbond-v2800\/"]}]},{"@type":"ImageObject","inLanguage":"it-IT","@id":"https:\/\/cardinal-tapes.com\/it\/nastri-adesivi\/nastri-biadesivi\/nastro-adesivo-in-schiuma-di-poliuretano-norbond-v2800\/#primaryimage","url":"https:\/\/cardinal-tapes.com\/wp-content\/uploads\/Norbond-PUR-V2800-A_153106.png","contentUrl":"https:\/\/cardinal-tapes.com\/wp-content\/uploads\/Norbond-PUR-V2800-A_153106.png","width":415,"height":415},{"@type":"BreadcrumbList","@id":"https:\/\/cardinal-tapes.com\/it\/nastri-adesivi\/nastri-biadesivi\/nastro-adesivo-in-schiuma-di-poliuretano-norbond-v2800\/#breadcrumb","itemListElement":[{"@type":"ListItem","position":1,"name":"Startseite","item":"https:\/\/cardinal-tapes.com\/it\/casa\/"},{"@type":"ListItem","position":2,"name":"Nastri adesivi","item":"https:\/\/cardinal-tapes.com\/it\/nastri-adesivi-it\/"},{"@type":"ListItem","position":3,"name":"Nastri biadesivi","item":"https:\/\/cardinal-tapes.com\/it\/categoria\/nastri-biadesivi\/"},{"@type":"ListItem","position":4,"name":"Nastro adesivo in schiuma poliuretanica Norbond\u00ae V2800"}]},{"@type":"WebSite","@id":"https:\/\/cardinal-tapes.com\/#website","url":"https:\/\/cardinal-tapes.com\/","name":"cardinal TAPES","description":"Klebetechnik aus Wuppertal","potentialAction":[{"@type":"SearchAction","target":{"@type":"EntryPoint","urlTemplate":"https:\/\/cardinal-tapes.com\/?s={search_term_string}"},"query-input":{"@type":"PropertyValueSpecification","valueRequired":true,"valueName":"search_term_string"}}],"inLanguage":"it-IT"}]}},"brands":[{"id":4228,"name":"Saint-Gobain Norbond","slug":"saint-gobain-performance-plastics-norbond-it"},{"id":2310,"name":"Saint-Gobain Performance Plastics","slug":"saint-gobain-it"}],"_links":{"self":[{"href":"https:\/\/cardinal-tapes.com\/it\/wp-json\/wp\/v2\/product\/42534","targetHints":{"allow":["GET"]}}],"collection":[{"href":"https:\/\/cardinal-tapes.com\/it\/wp-json\/wp\/v2\/product"}],"about":[{"href":"https:\/\/cardinal-tapes.com\/it\/wp-json\/wp\/v2\/types\/product"}],"wp:featuredmedia":[{"embeddable":true,"href":"https:\/\/cardinal-tapes.com\/it\/wp-json\/wp\/v2\/media\/28501"}],"wp:attachment":[{"href":"https:\/\/cardinal-tapes.com\/it\/wp-json\/wp\/v2\/media?parent=42534"}],"wp:term":[{"taxonomy":"pwb-brand","embeddable":true,"href":"https:\/\/cardinal-tapes.com\/it\/wp-json\/wp\/v2\/pwb-brand?post=42534"},{"taxonomy":"product_brand","embeddable":true,"href":"https:\/\/cardinal-tapes.com\/it\/wp-json\/wp\/v2\/product_brand?post=42534"},{"taxonomy":"product_cat","embeddable":true,"href":"https:\/\/cardinal-tapes.com\/it\/wp-json\/wp\/v2\/product_cat?post=42534"},{"taxonomy":"product_tag","embeddable":true,"href":"https:\/\/cardinal-tapes.com\/it\/wp-json\/wp\/v2\/product_tag?post=42534"}],"curies":[{"name":"wp","href":"https:\/\/api.w.org\/{rel}","templated":true}]}}