{"id":42528,"date":"2020-12-09T11:05:55","date_gmt":"2023-06-05T14:56:43","guid":{"rendered":"https:\/\/cardinal.pixel-tal.de\/klebebaender\/senza-categoria\/nastro-biadesivo-in-schiuma-acrilica-norbond-a7400\/"},"modified":"2025-07-02T13:28:38","modified_gmt":"2025-07-02T11:28:38","slug":"norbonda7400-nastro-acrilico-schiuma-bifacciale","status":"publish","type":"product","link":"https:\/\/cardinal-tapes.com\/it\/nastri-adesivi\/nastri-biadesivi\/norbonda7400-nastro-acrilico-schiuma-bifacciale\/","title":{"rendered":"Nastro biadesivo in schiuma acrilica Norbond\u00ae A7400"},"content":{"rendered":"<div>Saint-Gobain\u00ae Norbond\u00ae Serie A7400 \u00e8 un nastro adesivo biadesivo in schiuma acrilica bianca con eccellenti propriet\u00e0 di adesione viscoelastica.<\/div>\n<div>Offre un&#8217;adesione ideale per molte applicazioni industriali interne ed esterne in cui \u00e8 richiesto un aspetto bianco. La serie A7400 \u00e8<\/div>\n<div>progettato per una presa sicura e permanente su substrati ad alta energia superficiale.<\/div>\n<div><\/div>\n<div>La serie A7400 con nucleo viscoelastico \u00e8 stata progettata tenendo conto delle seguenti caratteristiche:<\/div>\n<div><\/div>\n<div>&#8211; Eccellente adattabilit\u00e0 alla forma ed estensibilit\u00e0<\/div>\n<div>&#8211; Resistenza agli agenti atmosferici (UV e alte temperature)<\/div>\n<div>&#8211; Forza di tenuta di prima classe (blocco a T) e dinamica<\/div>\n<div>Resistenza al taglio<\/div>\n<div>&#8211; Eccellente resistenza al taglio statico<\/div>\n<div>&#8211; Tenuta duratura alle alte temperature<\/div>\n<div>&#8211; Smorzamento delle vibrazioni e delle forze di carico<\/div>\n","protected":false},"excerpt":{"rendered":"<p>Saint-Gobain\u00ae Norbond\u00ae Serie A7400 \u00e8 un nastro adesivo biadesivo in schiuma acrilica bianca con eccellenti propriet\u00e0 di adesione viscoelastica. Offre un&#8217;adesione ideale per molte applicazioni industriali interne ed esterne in cui \u00e8 richiesto un aspetto bianco. La serie A7400 \u00e8 progettato per una presa sicura e permanente su substrati ad alta energia superficiale. La serie [&hellip;]<\/p>\n","protected":false},"featured_media":28489,"template":"","meta":{"_acf_changed":false},"pwb-brand":[4228,2310],"product_brand":[],"product_cat":[1824],"product_tag":[],"class_list":{"0":"post-42528","1":"product","2":"type-product","3":"status-publish","4":"has-post-thumbnail","6":"pwb-brand-saint-gobain-performance-plastics-norbond-it","7":"pwb-brand-saint-gobain-it","8":"product_cat-nastri-biadesivi","10":"first","11":"instock","12":"taxable","13":"shipping-taxable","14":"product-type-variable"},"acf":[],"yoast_head":"<!-- This site is optimized with the Yoast SEO plugin v27.3 - https:\/\/yoast.com\/product\/yoast-seo-wordpress\/ -->\n<title>Nastro in schiuma acrilica Norbond\u00ae A7400 | Cardinal TAPES<\/title>\n<meta name=\"description\" content=\"Saint-Gobain\u00ae Norbond\u00ae Serie A7300 \u00e8 un nastro biadesivo grigio in schiuma acrilica con eccezionali propriet\u00e0 viscoelastiche e adesive, ideale per un&#039;ampia gamma di applicazioni industriali di incollaggio in interni ed esterni.\" \/>\n<meta name=\"robots\" content=\"index, follow, max-snippet:-1, max-image-preview:large, max-video-preview:-1\" \/>\n<link rel=\"canonical\" href=\"https:\/\/cardinal-tapes.com\/it\/nastri-adesivi\/nastri-biadesivi\/norbonda7400-nastro-acrilico-schiuma-bifacciale\/\" \/>\n<meta property=\"og:locale\" content=\"it_IT\" \/>\n<meta property=\"og:type\" content=\"article\" \/>\n<meta property=\"og:title\" content=\"Nastro in schiuma acrilica Norbond\u00ae A7400 | Cardinal TAPES\" \/>\n<meta property=\"og:description\" content=\"Saint-Gobain\u00ae Norbond\u00ae Serie A7300 \u00e8 un nastro biadesivo grigio in schiuma acrilica con eccezionali propriet\u00e0 viscoelastiche e adesive, ideale per un&#039;ampia gamma di applicazioni industriali di incollaggio in interni ed esterni.\" \/>\n<meta property=\"og:url\" content=\"https:\/\/cardinal-tapes.com\/it\/nastri-adesivi\/nastri-biadesivi\/norbonda7400-nastro-acrilico-schiuma-bifacciale\/\" \/>\n<meta property=\"og:site_name\" content=\"cardinal TAPES\" \/>\n<meta property=\"article:modified_time\" content=\"2025-07-02T11:28:38+00:00\" \/>\n<meta property=\"og:image\" content=\"https:\/\/cardinal-tapes.com\/wp-content\/uploads\/Norbond-Acrylic-A7400-A_153090.png\" \/>\n\t<meta property=\"og:image:width\" content=\"415\" \/>\n\t<meta property=\"og:image:height\" content=\"415\" \/>\n\t<meta property=\"og:image:type\" content=\"image\/png\" \/>\n<meta name=\"twitter:card\" content=\"summary_large_image\" \/>\n<meta name=\"twitter:label1\" content=\"Tempo di lettura stimato\" \/>\n\t<meta name=\"twitter:data1\" content=\"1 minuto\" \/>\n<script type=\"application\/ld+json\" class=\"yoast-schema-graph\">{\"@context\":\"https:\\\/\\\/schema.org\",\"@graph\":[{\"@type\":\"WebPage\",\"@id\":\"https:\\\/\\\/cardinal-tapes.com\\\/it\\\/nastri-adesivi\\\/nastri-biadesivi\\\/norbonda7400-nastro-acrilico-schiuma-bifacciale\\\/\",\"url\":\"https:\\\/\\\/cardinal-tapes.com\\\/it\\\/nastri-adesivi\\\/nastri-biadesivi\\\/norbonda7400-nastro-acrilico-schiuma-bifacciale\\\/\",\"name\":\"Nastro in schiuma acrilica Norbond\u00ae A7400 | Cardinal TAPES\",\"isPartOf\":{\"@id\":\"https:\\\/\\\/cardinal-tapes.com\\\/#website\"},\"primaryImageOfPage\":{\"@id\":\"https:\\\/\\\/cardinal-tapes.com\\\/it\\\/nastri-adesivi\\\/nastri-biadesivi\\\/norbonda7400-nastro-acrilico-schiuma-bifacciale\\\/#primaryimage\"},\"image\":{\"@id\":\"https:\\\/\\\/cardinal-tapes.com\\\/it\\\/nastri-adesivi\\\/nastri-biadesivi\\\/norbonda7400-nastro-acrilico-schiuma-bifacciale\\\/#primaryimage\"},\"thumbnailUrl\":\"https:\\\/\\\/cardinal-tapes.com\\\/wp-content\\\/uploads\\\/Norbond-Acrylic-A7400-A_153090.png\",\"datePublished\":\"2023-06-05T14:56:43+00:00\",\"dateModified\":\"2025-07-02T11:28:38+00:00\",\"description\":\"Saint-Gobain\u00ae Norbond\u00ae Serie A7300 \u00e8 un nastro biadesivo grigio in schiuma acrilica con eccezionali propriet\u00e0 viscoelastiche e adesive, ideale per un'ampia gamma di applicazioni industriali di incollaggio in interni ed esterni.\",\"breadcrumb\":{\"@id\":\"https:\\\/\\\/cardinal-tapes.com\\\/it\\\/nastri-adesivi\\\/nastri-biadesivi\\\/norbonda7400-nastro-acrilico-schiuma-bifacciale\\\/#breadcrumb\"},\"inLanguage\":\"it-IT\",\"potentialAction\":[{\"@type\":\"ReadAction\",\"target\":[\"https:\\\/\\\/cardinal-tapes.com\\\/it\\\/nastri-adesivi\\\/nastri-biadesivi\\\/norbonda7400-nastro-acrilico-schiuma-bifacciale\\\/\"]}]},{\"@type\":\"ImageObject\",\"inLanguage\":\"it-IT\",\"@id\":\"https:\\\/\\\/cardinal-tapes.com\\\/it\\\/nastri-adesivi\\\/nastri-biadesivi\\\/norbonda7400-nastro-acrilico-schiuma-bifacciale\\\/#primaryimage\",\"url\":\"https:\\\/\\\/cardinal-tapes.com\\\/wp-content\\\/uploads\\\/Norbond-Acrylic-A7400-A_153090.png\",\"contentUrl\":\"https:\\\/\\\/cardinal-tapes.com\\\/wp-content\\\/uploads\\\/Norbond-Acrylic-A7400-A_153090.png\",\"width\":415,\"height\":415},{\"@type\":\"BreadcrumbList\",\"@id\":\"https:\\\/\\\/cardinal-tapes.com\\\/it\\\/nastri-adesivi\\\/nastri-biadesivi\\\/norbonda7400-nastro-acrilico-schiuma-bifacciale\\\/#breadcrumb\",\"itemListElement\":[{\"@type\":\"ListItem\",\"position\":1,\"name\":\"Startseite\",\"item\":\"https:\\\/\\\/cardinal-tapes.com\\\/it\\\/casa\\\/\"},{\"@type\":\"ListItem\",\"position\":2,\"name\":\"Nastri adesivi\",\"item\":\"https:\\\/\\\/cardinal-tapes.com\\\/it\\\/nastri-adesivi-it\\\/\"},{\"@type\":\"ListItem\",\"position\":3,\"name\":\"Doppelseitige Klebeb\u00e4nder\",\"item\":\"https:\\\/\\\/cardinal-tapes.com\\\/kategorie\\\/doppelseitige-klebebaender\\\/\"},{\"@type\":\"ListItem\",\"position\":4,\"name\":\"Nastro biadesivo in schiuma acrilica Norbond\u00ae A7400\"}]},{\"@type\":\"WebSite\",\"@id\":\"https:\\\/\\\/cardinal-tapes.com\\\/#website\",\"url\":\"https:\\\/\\\/cardinal-tapes.com\\\/\",\"name\":\"cardinal TAPES\",\"description\":\"Klebetechnik aus Wuppertal\",\"potentialAction\":[{\"@type\":\"SearchAction\",\"target\":{\"@type\":\"EntryPoint\",\"urlTemplate\":\"https:\\\/\\\/cardinal-tapes.com\\\/?s={search_term_string}\"},\"query-input\":{\"@type\":\"PropertyValueSpecification\",\"valueRequired\":true,\"valueName\":\"search_term_string\"}}],\"inLanguage\":\"it-IT\"}]}<\/script>\n<!-- \/ Yoast SEO plugin. -->","yoast_head_json":{"title":"Nastro in schiuma acrilica Norbond\u00ae A7400 | Cardinal TAPES","description":"Saint-Gobain\u00ae Norbond\u00ae Serie A7300 \u00e8 un nastro biadesivo grigio in schiuma acrilica con eccezionali propriet\u00e0 viscoelastiche e adesive, ideale per un'ampia gamma di applicazioni industriali di incollaggio in interni ed esterni.","robots":{"index":"index","follow":"follow","max-snippet":"max-snippet:-1","max-image-preview":"max-image-preview:large","max-video-preview":"max-video-preview:-1"},"canonical":"https:\/\/cardinal-tapes.com\/it\/nastri-adesivi\/nastri-biadesivi\/norbonda7400-nastro-acrilico-schiuma-bifacciale\/","og_locale":"it_IT","og_type":"article","og_title":"Nastro in schiuma acrilica Norbond\u00ae A7400 | Cardinal TAPES","og_description":"Saint-Gobain\u00ae Norbond\u00ae Serie A7300 \u00e8 un nastro biadesivo grigio in schiuma acrilica con eccezionali propriet\u00e0 viscoelastiche e adesive, ideale per un'ampia gamma di applicazioni industriali di incollaggio in interni ed esterni.","og_url":"https:\/\/cardinal-tapes.com\/it\/nastri-adesivi\/nastri-biadesivi\/norbonda7400-nastro-acrilico-schiuma-bifacciale\/","og_site_name":"cardinal TAPES","article_modified_time":"2025-07-02T11:28:38+00:00","og_image":[{"width":415,"height":415,"url":"https:\/\/cardinal-tapes.com\/wp-content\/uploads\/Norbond-Acrylic-A7400-A_153090.png","type":"image\/png"}],"twitter_card":"summary_large_image","twitter_misc":{"Tempo di lettura stimato":"1 minuto"},"schema":{"@context":"https:\/\/schema.org","@graph":[{"@type":"WebPage","@id":"https:\/\/cardinal-tapes.com\/it\/nastri-adesivi\/nastri-biadesivi\/norbonda7400-nastro-acrilico-schiuma-bifacciale\/","url":"https:\/\/cardinal-tapes.com\/it\/nastri-adesivi\/nastri-biadesivi\/norbonda7400-nastro-acrilico-schiuma-bifacciale\/","name":"Nastro in schiuma acrilica Norbond\u00ae A7400 | Cardinal TAPES","isPartOf":{"@id":"https:\/\/cardinal-tapes.com\/#website"},"primaryImageOfPage":{"@id":"https:\/\/cardinal-tapes.com\/it\/nastri-adesivi\/nastri-biadesivi\/norbonda7400-nastro-acrilico-schiuma-bifacciale\/#primaryimage"},"image":{"@id":"https:\/\/cardinal-tapes.com\/it\/nastri-adesivi\/nastri-biadesivi\/norbonda7400-nastro-acrilico-schiuma-bifacciale\/#primaryimage"},"thumbnailUrl":"https:\/\/cardinal-tapes.com\/wp-content\/uploads\/Norbond-Acrylic-A7400-A_153090.png","datePublished":"2023-06-05T14:56:43+00:00","dateModified":"2025-07-02T11:28:38+00:00","description":"Saint-Gobain\u00ae Norbond\u00ae Serie A7300 \u00e8 un nastro biadesivo grigio in schiuma acrilica con eccezionali propriet\u00e0 viscoelastiche e adesive, ideale per un'ampia gamma di applicazioni industriali di incollaggio in interni ed esterni.","breadcrumb":{"@id":"https:\/\/cardinal-tapes.com\/it\/nastri-adesivi\/nastri-biadesivi\/norbonda7400-nastro-acrilico-schiuma-bifacciale\/#breadcrumb"},"inLanguage":"it-IT","potentialAction":[{"@type":"ReadAction","target":["https:\/\/cardinal-tapes.com\/it\/nastri-adesivi\/nastri-biadesivi\/norbonda7400-nastro-acrilico-schiuma-bifacciale\/"]}]},{"@type":"ImageObject","inLanguage":"it-IT","@id":"https:\/\/cardinal-tapes.com\/it\/nastri-adesivi\/nastri-biadesivi\/norbonda7400-nastro-acrilico-schiuma-bifacciale\/#primaryimage","url":"https:\/\/cardinal-tapes.com\/wp-content\/uploads\/Norbond-Acrylic-A7400-A_153090.png","contentUrl":"https:\/\/cardinal-tapes.com\/wp-content\/uploads\/Norbond-Acrylic-A7400-A_153090.png","width":415,"height":415},{"@type":"BreadcrumbList","@id":"https:\/\/cardinal-tapes.com\/it\/nastri-adesivi\/nastri-biadesivi\/norbonda7400-nastro-acrilico-schiuma-bifacciale\/#breadcrumb","itemListElement":[{"@type":"ListItem","position":1,"name":"Startseite","item":"https:\/\/cardinal-tapes.com\/it\/casa\/"},{"@type":"ListItem","position":2,"name":"Nastri adesivi","item":"https:\/\/cardinal-tapes.com\/it\/nastri-adesivi-it\/"},{"@type":"ListItem","position":3,"name":"Doppelseitige Klebeb\u00e4nder","item":"https:\/\/cardinal-tapes.com\/kategorie\/doppelseitige-klebebaender\/"},{"@type":"ListItem","position":4,"name":"Nastro biadesivo in schiuma acrilica Norbond\u00ae A7400"}]},{"@type":"WebSite","@id":"https:\/\/cardinal-tapes.com\/#website","url":"https:\/\/cardinal-tapes.com\/","name":"cardinal TAPES","description":"Klebetechnik aus Wuppertal","potentialAction":[{"@type":"SearchAction","target":{"@type":"EntryPoint","urlTemplate":"https:\/\/cardinal-tapes.com\/?s={search_term_string}"},"query-input":{"@type":"PropertyValueSpecification","valueRequired":true,"valueName":"search_term_string"}}],"inLanguage":"it-IT"}]}},"brands":[{"id":4228,"name":"Saint-Gobain Norbond","slug":"saint-gobain-performance-plastics-norbond-it"},{"id":2310,"name":"Saint-Gobain Performance Plastics","slug":"saint-gobain-it"}],"_links":{"self":[{"href":"https:\/\/cardinal-tapes.com\/it\/wp-json\/wp\/v2\/product\/42528","targetHints":{"allow":["GET"]}}],"collection":[{"href":"https:\/\/cardinal-tapes.com\/it\/wp-json\/wp\/v2\/product"}],"about":[{"href":"https:\/\/cardinal-tapes.com\/it\/wp-json\/wp\/v2\/types\/product"}],"wp:featuredmedia":[{"embeddable":true,"href":"https:\/\/cardinal-tapes.com\/it\/wp-json\/wp\/v2\/media\/28489"}],"wp:attachment":[{"href":"https:\/\/cardinal-tapes.com\/it\/wp-json\/wp\/v2\/media?parent=42528"}],"wp:term":[{"taxonomy":"pwb-brand","embeddable":true,"href":"https:\/\/cardinal-tapes.com\/it\/wp-json\/wp\/v2\/pwb-brand?post=42528"},{"taxonomy":"product_brand","embeddable":true,"href":"https:\/\/cardinal-tapes.com\/it\/wp-json\/wp\/v2\/product_brand?post=42528"},{"taxonomy":"product_cat","embeddable":true,"href":"https:\/\/cardinal-tapes.com\/it\/wp-json\/wp\/v2\/product_cat?post=42528"},{"taxonomy":"product_tag","embeddable":true,"href":"https:\/\/cardinal-tapes.com\/it\/wp-json\/wp\/v2\/product_tag?post=42528"}],"curies":[{"name":"wp","href":"https:\/\/api.w.org\/{rel}","templated":true}]}}