{"id":41904,"date":"2021-02-03T08:53:08","date_gmt":"2023-06-05T14:56:26","guid":{"rendered":"https:\/\/cardinal.pixel-tal.de\/klebebaender\/senza-categoria\/chr-sgk5-05-nastro-para-aramidico-per-cablaggi\/"},"modified":"2025-07-02T13:47:26","modified_gmt":"2025-07-02T11:47:26","slug":"chr-sgk5-05-para-aramide-tape-per-fili-cavo","status":"publish","type":"product","link":"https:\/\/cardinal-tapes.com\/it\/nastri-adesivi\/nastri-monoadesivi\/chr-sgk5-05-para-aramide-tape-per-fili-cavo\/","title":{"rendered":"CHR\u00ae SGK5-05 Nastro para-aramidico per cablaggi"},"content":{"rendered":"<div class=\"page\" title=\"Pagina 1\">\n<div class=\"section\">\n<div class=\"layoutArea\">\n<div class=\"column\">\n<p>CHR SGK5-05 \u00e8 realizzato in tessuto para-aramidico (fenilene tereftalamide) ad alta resistenza impregnato con una dispersione di PTFE (politetrafluoroetilene) antistatico. Su un lato del tessuto spalmato ad alte prestazioni viene poi applicato un adesivo siliconico resistente a temperature molto elevate. La pigmentazione nera conferisce propriet\u00e0 antistatiche e protegge dai dannosi raggi UV a cui il tessuto in fibra para-aramidica \u00e8 sensibile. La resistenza specifica di questa versione \u00e8 inferiore a 106 Ohm\/quadrato.<\/p>\n<\/div>\n<\/div>\n<\/div>\n<\/div>\n<div class=\"page\" title=\"Pagina 1\">\n<div class=\"section\">\n<div class=\"layoutArea\">\n<div class=\"column\">\n<p><strong>Funzioni \/ Vantaggi<\/strong><\/p>\n<p>Il tessuto in fibra para-aramidica rivestito con un materiale antistatico PTFE fornisce forza, flessibilit\u00e0, scivolamento, resistenza chimica e stabilizzazione ai raggi UV in applicazioni in condizioni difficili, dove la protezione dall&#8217;abrasione degli involucri convenzionali per i cablaggi in tessuto di fibra di vetro normalmente si consuma rapidamente. Il basso coefficiente di attrito del PTFE \u00e8 un altro punto a favore quando si avvolgono i cablaggi, in quanto garantisce la &#8220;scorrevolezza&#8221;. A questo scopo, il PTFE aumenta la resistenza alla temperatura del tessuto para-aramidico (fenilene tereftalamide) non rivestito.<\/p>\n<\/div>\n<\/div>\n<\/div>\n<\/div>\n<div class=\"page\" title=\"Pagina 1\">\n<div class=\"section\">\n<div class=\"layoutArea\">\n<div class=\"column\">\n<p><strong>Aree di applicazione<\/strong><\/p>\n<p>CHR SGK5-05 \u00e8 un materiale particolarmente resistente all&#8217;abrasione che viene utilizzato per avvolgere i cavi ad alte temperature dove la resistenza chimica e il basso attrito del tessuto in fibra di vetro convenzionale non sono sufficienti.<\/p>\n<\/div>\n<\/div>\n<\/div>\n<\/div>\n","protected":false},"excerpt":{"rendered":"<p>CHR SGK5-05 \u00e8 realizzato in tessuto para-aramidico (fenilene tereftalamide) ad alta resistenza impregnato con una dispersione di PTFE (politetrafluoroetilene) antistatico. Su un lato del tessuto spalmato ad alte prestazioni viene poi applicato un adesivo siliconico resistente a temperature molto elevate. La pigmentazione nera conferisce propriet\u00e0 antistatiche e protegge dai dannosi raggi UV a cui il [&hellip;]<\/p>\n","protected":false},"featured_media":28533,"template":"","meta":{"_acf_changed":false},"pwb-brand":[4081,2310],"product_brand":[],"product_cat":[1826],"product_tag":[],"class_list":{"0":"post-41904","1":"product","2":"type-product","3":"status-publish","4":"has-post-thumbnail","6":"pwb-brand-saint-gobain-performance-plastics-chr-it","7":"pwb-brand-saint-gobain-it","8":"product_cat-nastri-monoadesivi","10":"first","11":"instock","12":"taxable","13":"shipping-taxable","14":"product-type-variable"},"acf":[],"yoast_head":"<!-- This site is optimized with the Yoast SEO plugin v27.3 - https:\/\/yoast.com\/product\/yoast-seo-wordpress\/ -->\n<title>CHR\u00ae SGK5-05 Nastro para-aramidico per cablaggi | Cardinal TAPES<\/title>\n<meta name=\"description\" content=\"CHR SGK5-05 \u00e8 realizzato in tessuto para-aramidico (fenilene tereftalamide) ad alta resistenza impregnato con una dispersione di PTFE (politetrafluoroetilene) antistatico.\" \/>\n<meta name=\"robots\" content=\"index, follow, max-snippet:-1, max-image-preview:large, max-video-preview:-1\" \/>\n<link rel=\"canonical\" href=\"https:\/\/cardinal-tapes.com\/it\/nastri-adesivi\/nastri-monoadesivi\/chr-sgk5-05-para-aramide-tape-per-fili-cavo\/\" \/>\n<meta property=\"og:locale\" content=\"it_IT\" \/>\n<meta property=\"og:type\" content=\"article\" \/>\n<meta property=\"og:title\" content=\"CHR\u00ae SGK5-05 Nastro para-aramidico per cablaggi | Cardinal TAPES\" \/>\n<meta property=\"og:description\" content=\"CHR SGK5-05 \u00e8 realizzato in tessuto para-aramidico (fenilene tereftalamide) ad alta resistenza impregnato con una dispersione di PTFE (politetrafluoroetilene) antistatico.\" \/>\n<meta property=\"og:url\" content=\"https:\/\/cardinal-tapes.com\/it\/nastri-adesivi\/nastri-monoadesivi\/chr-sgk5-05-para-aramide-tape-per-fili-cavo\/\" \/>\n<meta property=\"og:site_name\" content=\"cardinal TAPES\" \/>\n<meta property=\"article:modified_time\" content=\"2025-07-02T11:47:26+00:00\" \/>\n<meta property=\"og:image\" content=\"https:\/\/cardinal-tapes.com\/wp-content\/uploads\/CHR-SGK5-05-A_153081.png\" \/>\n\t<meta property=\"og:image:width\" content=\"415\" \/>\n\t<meta property=\"og:image:height\" content=\"415\" \/>\n\t<meta property=\"og:image:type\" content=\"image\/png\" \/>\n<meta name=\"twitter:card\" content=\"summary_large_image\" \/>\n<meta name=\"twitter:label1\" content=\"Tempo di lettura stimato\" \/>\n\t<meta name=\"twitter:data1\" content=\"1 minuto\" \/>\n<script type=\"application\/ld+json\" class=\"yoast-schema-graph\">{\"@context\":\"https:\\\/\\\/schema.org\",\"@graph\":[{\"@type\":\"WebPage\",\"@id\":\"https:\\\/\\\/cardinal-tapes.com\\\/it\\\/nastri-adesivi\\\/nastri-monoadesivi\\\/chr-sgk5-05-para-aramide-tape-per-fili-cavo\\\/\",\"url\":\"https:\\\/\\\/cardinal-tapes.com\\\/it\\\/nastri-adesivi\\\/nastri-monoadesivi\\\/chr-sgk5-05-para-aramide-tape-per-fili-cavo\\\/\",\"name\":\"CHR\u00ae SGK5-05 Nastro para-aramidico per cablaggi | Cardinal TAPES\",\"isPartOf\":{\"@id\":\"https:\\\/\\\/cardinal-tapes.com\\\/#website\"},\"primaryImageOfPage\":{\"@id\":\"https:\\\/\\\/cardinal-tapes.com\\\/it\\\/nastri-adesivi\\\/nastri-monoadesivi\\\/chr-sgk5-05-para-aramide-tape-per-fili-cavo\\\/#primaryimage\"},\"image\":{\"@id\":\"https:\\\/\\\/cardinal-tapes.com\\\/it\\\/nastri-adesivi\\\/nastri-monoadesivi\\\/chr-sgk5-05-para-aramide-tape-per-fili-cavo\\\/#primaryimage\"},\"thumbnailUrl\":\"https:\\\/\\\/cardinal-tapes.com\\\/wp-content\\\/uploads\\\/CHR-SGK5-05-A_153081.png\",\"datePublished\":\"2023-06-05T14:56:26+00:00\",\"dateModified\":\"2025-07-02T11:47:26+00:00\",\"description\":\"CHR SGK5-05 \u00e8 realizzato in tessuto para-aramidico (fenilene tereftalamide) ad alta resistenza impregnato con una dispersione di PTFE (politetrafluoroetilene) antistatico.\",\"breadcrumb\":{\"@id\":\"https:\\\/\\\/cardinal-tapes.com\\\/it\\\/nastri-adesivi\\\/nastri-monoadesivi\\\/chr-sgk5-05-para-aramide-tape-per-fili-cavo\\\/#breadcrumb\"},\"inLanguage\":\"it-IT\",\"potentialAction\":[{\"@type\":\"ReadAction\",\"target\":[\"https:\\\/\\\/cardinal-tapes.com\\\/it\\\/nastri-adesivi\\\/nastri-monoadesivi\\\/chr-sgk5-05-para-aramide-tape-per-fili-cavo\\\/\"]}]},{\"@type\":\"ImageObject\",\"inLanguage\":\"it-IT\",\"@id\":\"https:\\\/\\\/cardinal-tapes.com\\\/it\\\/nastri-adesivi\\\/nastri-monoadesivi\\\/chr-sgk5-05-para-aramide-tape-per-fili-cavo\\\/#primaryimage\",\"url\":\"https:\\\/\\\/cardinal-tapes.com\\\/wp-content\\\/uploads\\\/CHR-SGK5-05-A_153081.png\",\"contentUrl\":\"https:\\\/\\\/cardinal-tapes.com\\\/wp-content\\\/uploads\\\/CHR-SGK5-05-A_153081.png\",\"width\":415,\"height\":415},{\"@type\":\"BreadcrumbList\",\"@id\":\"https:\\\/\\\/cardinal-tapes.com\\\/it\\\/nastri-adesivi\\\/nastri-monoadesivi\\\/chr-sgk5-05-para-aramide-tape-per-fili-cavo\\\/#breadcrumb\",\"itemListElement\":[{\"@type\":\"ListItem\",\"position\":1,\"name\":\"Startseite\",\"item\":\"https:\\\/\\\/cardinal-tapes.com\\\/it\\\/casa\\\/\"},{\"@type\":\"ListItem\",\"position\":2,\"name\":\"Nastri adesivi\",\"item\":\"https:\\\/\\\/cardinal-tapes.com\\\/it\\\/nastri-adesivi-it\\\/\"},{\"@type\":\"ListItem\",\"position\":3,\"name\":\"Nastri monoadesivi\",\"item\":\"https:\\\/\\\/cardinal-tapes.com\\\/it\\\/categoria\\\/nastri-monoadesivi\\\/\"},{\"@type\":\"ListItem\",\"position\":4,\"name\":\"CHR\u00ae SGK5-05 Nastro para-aramidico per cablaggi\"}]},{\"@type\":\"WebSite\",\"@id\":\"https:\\\/\\\/cardinal-tapes.com\\\/#website\",\"url\":\"https:\\\/\\\/cardinal-tapes.com\\\/\",\"name\":\"cardinal TAPES\",\"description\":\"Klebetechnik aus Wuppertal\",\"potentialAction\":[{\"@type\":\"SearchAction\",\"target\":{\"@type\":\"EntryPoint\",\"urlTemplate\":\"https:\\\/\\\/cardinal-tapes.com\\\/?s={search_term_string}\"},\"query-input\":{\"@type\":\"PropertyValueSpecification\",\"valueRequired\":true,\"valueName\":\"search_term_string\"}}],\"inLanguage\":\"it-IT\"}]}<\/script>\n<!-- \/ Yoast SEO plugin. -->","yoast_head_json":{"title":"CHR\u00ae SGK5-05 Nastro para-aramidico per cablaggi | Cardinal TAPES","description":"CHR SGK5-05 \u00e8 realizzato in tessuto para-aramidico (fenilene tereftalamide) ad alta resistenza impregnato con una dispersione di PTFE (politetrafluoroetilene) antistatico.","robots":{"index":"index","follow":"follow","max-snippet":"max-snippet:-1","max-image-preview":"max-image-preview:large","max-video-preview":"max-video-preview:-1"},"canonical":"https:\/\/cardinal-tapes.com\/it\/nastri-adesivi\/nastri-monoadesivi\/chr-sgk5-05-para-aramide-tape-per-fili-cavo\/","og_locale":"it_IT","og_type":"article","og_title":"CHR\u00ae SGK5-05 Nastro para-aramidico per cablaggi | Cardinal TAPES","og_description":"CHR SGK5-05 \u00e8 realizzato in tessuto para-aramidico (fenilene tereftalamide) ad alta resistenza impregnato con una dispersione di PTFE (politetrafluoroetilene) antistatico.","og_url":"https:\/\/cardinal-tapes.com\/it\/nastri-adesivi\/nastri-monoadesivi\/chr-sgk5-05-para-aramide-tape-per-fili-cavo\/","og_site_name":"cardinal TAPES","article_modified_time":"2025-07-02T11:47:26+00:00","og_image":[{"width":415,"height":415,"url":"https:\/\/cardinal-tapes.com\/wp-content\/uploads\/CHR-SGK5-05-A_153081.png","type":"image\/png"}],"twitter_card":"summary_large_image","twitter_misc":{"Tempo di lettura stimato":"1 minuto"},"schema":{"@context":"https:\/\/schema.org","@graph":[{"@type":"WebPage","@id":"https:\/\/cardinal-tapes.com\/it\/nastri-adesivi\/nastri-monoadesivi\/chr-sgk5-05-para-aramide-tape-per-fili-cavo\/","url":"https:\/\/cardinal-tapes.com\/it\/nastri-adesivi\/nastri-monoadesivi\/chr-sgk5-05-para-aramide-tape-per-fili-cavo\/","name":"CHR\u00ae SGK5-05 Nastro para-aramidico per cablaggi | Cardinal TAPES","isPartOf":{"@id":"https:\/\/cardinal-tapes.com\/#website"},"primaryImageOfPage":{"@id":"https:\/\/cardinal-tapes.com\/it\/nastri-adesivi\/nastri-monoadesivi\/chr-sgk5-05-para-aramide-tape-per-fili-cavo\/#primaryimage"},"image":{"@id":"https:\/\/cardinal-tapes.com\/it\/nastri-adesivi\/nastri-monoadesivi\/chr-sgk5-05-para-aramide-tape-per-fili-cavo\/#primaryimage"},"thumbnailUrl":"https:\/\/cardinal-tapes.com\/wp-content\/uploads\/CHR-SGK5-05-A_153081.png","datePublished":"2023-06-05T14:56:26+00:00","dateModified":"2025-07-02T11:47:26+00:00","description":"CHR SGK5-05 \u00e8 realizzato in tessuto para-aramidico (fenilene tereftalamide) ad alta resistenza impregnato con una dispersione di PTFE (politetrafluoroetilene) antistatico.","breadcrumb":{"@id":"https:\/\/cardinal-tapes.com\/it\/nastri-adesivi\/nastri-monoadesivi\/chr-sgk5-05-para-aramide-tape-per-fili-cavo\/#breadcrumb"},"inLanguage":"it-IT","potentialAction":[{"@type":"ReadAction","target":["https:\/\/cardinal-tapes.com\/it\/nastri-adesivi\/nastri-monoadesivi\/chr-sgk5-05-para-aramide-tape-per-fili-cavo\/"]}]},{"@type":"ImageObject","inLanguage":"it-IT","@id":"https:\/\/cardinal-tapes.com\/it\/nastri-adesivi\/nastri-monoadesivi\/chr-sgk5-05-para-aramide-tape-per-fili-cavo\/#primaryimage","url":"https:\/\/cardinal-tapes.com\/wp-content\/uploads\/CHR-SGK5-05-A_153081.png","contentUrl":"https:\/\/cardinal-tapes.com\/wp-content\/uploads\/CHR-SGK5-05-A_153081.png","width":415,"height":415},{"@type":"BreadcrumbList","@id":"https:\/\/cardinal-tapes.com\/it\/nastri-adesivi\/nastri-monoadesivi\/chr-sgk5-05-para-aramide-tape-per-fili-cavo\/#breadcrumb","itemListElement":[{"@type":"ListItem","position":1,"name":"Startseite","item":"https:\/\/cardinal-tapes.com\/it\/casa\/"},{"@type":"ListItem","position":2,"name":"Nastri adesivi","item":"https:\/\/cardinal-tapes.com\/it\/nastri-adesivi-it\/"},{"@type":"ListItem","position":3,"name":"Nastri monoadesivi","item":"https:\/\/cardinal-tapes.com\/it\/categoria\/nastri-monoadesivi\/"},{"@type":"ListItem","position":4,"name":"CHR\u00ae SGK5-05 Nastro para-aramidico per cablaggi"}]},{"@type":"WebSite","@id":"https:\/\/cardinal-tapes.com\/#website","url":"https:\/\/cardinal-tapes.com\/","name":"cardinal TAPES","description":"Klebetechnik aus Wuppertal","potentialAction":[{"@type":"SearchAction","target":{"@type":"EntryPoint","urlTemplate":"https:\/\/cardinal-tapes.com\/?s={search_term_string}"},"query-input":{"@type":"PropertyValueSpecification","valueRequired":true,"valueName":"search_term_string"}}],"inLanguage":"it-IT"}]}},"brands":[{"id":4081,"name":"Saint-Gobain CHR Tape","slug":"saint-gobain-performance-plastics-chr-it"},{"id":2310,"name":"Saint-Gobain Performance Plastics","slug":"saint-gobain-it"}],"_links":{"self":[{"href":"https:\/\/cardinal-tapes.com\/it\/wp-json\/wp\/v2\/product\/41904","targetHints":{"allow":["GET"]}}],"collection":[{"href":"https:\/\/cardinal-tapes.com\/it\/wp-json\/wp\/v2\/product"}],"about":[{"href":"https:\/\/cardinal-tapes.com\/it\/wp-json\/wp\/v2\/types\/product"}],"wp:featuredmedia":[{"embeddable":true,"href":"https:\/\/cardinal-tapes.com\/it\/wp-json\/wp\/v2\/media\/28533"}],"wp:attachment":[{"href":"https:\/\/cardinal-tapes.com\/it\/wp-json\/wp\/v2\/media?parent=41904"}],"wp:term":[{"taxonomy":"pwb-brand","embeddable":true,"href":"https:\/\/cardinal-tapes.com\/it\/wp-json\/wp\/v2\/pwb-brand?post=41904"},{"taxonomy":"product_brand","embeddable":true,"href":"https:\/\/cardinal-tapes.com\/it\/wp-json\/wp\/v2\/product_brand?post=41904"},{"taxonomy":"product_cat","embeddable":true,"href":"https:\/\/cardinal-tapes.com\/it\/wp-json\/wp\/v2\/product_cat?post=41904"},{"taxonomy":"product_tag","embeddable":true,"href":"https:\/\/cardinal-tapes.com\/it\/wp-json\/wp\/v2\/product_tag?post=41904"}],"curies":[{"name":"wp","href":"https:\/\/api.w.org\/{rel}","templated":true}]}}