{"id":41903,"date":"2021-01-21T13:09:21","date_gmt":"2023-06-05T14:56:26","guid":{"rendered":"https:\/\/cardinal.pixel-tal.de\/klebebaender\/senza-categoria\/nastro-in-schiuma-norseal-fs1000\/"},"modified":"2025-07-02T13:46:54","modified_gmt":"2025-07-02T11:46:54","slug":"norseal-fs1000-foam-tape","status":"publish","type":"product","link":"https:\/\/cardinal-tapes.com\/it\/nastri-adesivi\/aree-di-applicazione\/settore-dei-trasporti\/norseal-fs1000-foam-tape\/","title":{"rendered":"Nastro in schiuma Norseal\u00ae FS1000"},"content":{"rendered":"<div>La serie FS1000 di Saint-Gobain\u00ae Norseal\u00ae \u00e8 una schiuma adesiva proprietaria ad alte prestazioni, progettata con un<\/div>\n<div>combinazione unica di propriet\u00e0 sigillanti. FS1000 \u00e8 espandibile, resistente al fuoco e blocca il fumo,<\/div>\n<div>Aria e acqua. Allo stato naturale, l&#8217;FS1000 \u00e8 elastico, conformabile e facile da applicare a superfici complesse.<\/div>\n<div><\/div>\n<div>\n<div><strong>Applicazioni<\/strong><\/div>\n<div>&#8211; Costruzioni: giunti di pareti, pavimenti, soffitti, finestre e porte, unit\u00e0 di condizionamento e molto altro.<\/div>\n<div>  altre aree critiche che richiedono compartimenti antincendio<\/div>\n<div><\/div>\n<div>&#8211; Automotive: protezione di serbatoi di carburante, pacchi batteria (H)EV, ecc.<\/div>\n<div><\/div>\n<div>&#8211; Aerospaziale: sedili, stive di carico e altre aree critiche<\/div>\n<\/div>\n","protected":false},"excerpt":{"rendered":"<p>La serie FS1000 di Saint-Gobain\u00ae Norseal\u00ae \u00e8 una schiuma adesiva proprietaria ad alte prestazioni, progettata con un combinazione unica di propriet\u00e0 sigillanti. FS1000 \u00e8 espandibile, resistente al fuoco e blocca il fumo, Aria e acqua. Allo stato naturale, l&#8217;FS1000 \u00e8 elastico, conformabile e facile da applicare a superfici complesse. Applicazioni &#8211; Costruzioni: giunti di pareti, [&hellip;]<\/p>\n","protected":false},"featured_media":28529,"template":"","meta":{"_acf_changed":false},"pwb-brand":[3666,2310],"product_brand":[],"product_cat":[1782,1826],"product_tag":[],"class_list":{"0":"post-41903","1":"product","2":"type-product","3":"status-publish","4":"has-post-thumbnail","6":"pwb-brand-saint-gobain-norseal-it","7":"pwb-brand-saint-gobain-it","8":"product_cat-settore-dei-trasporti","9":"product_cat-nastri-monoadesivi","11":"first","12":"instock","13":"taxable","14":"shipping-taxable","15":"product-type-variable"},"acf":[],"yoast_head":"<!-- This site is optimized with the Yoast SEO plugin v27.3 - https:\/\/yoast.com\/product\/yoast-seo-wordpress\/ -->\n<title>Norseal\u00ae FS1000 Nastro in schiuma | Cardinal TAPES<\/title>\n<meta name=\"description\" content=\"La serie Saint-Gobain\u00ae Norseal\u00ae FS1000 \u00e8 una schiuma adesiva proprietaria ad alte prestazioni, progettata con una combinazione unica di propriet\u00e0 sigillanti. FS1000 \u00e8 espandibile e resistente al fuoco e blocca fumo, aria e acqua. Allo stato naturale, l&#039;FS1000 \u00e8 elastico, conformabile e facile da applicare a superfici complesse.\" \/>\n<meta name=\"robots\" content=\"index, follow, max-snippet:-1, max-image-preview:large, max-video-preview:-1\" \/>\n<link rel=\"canonical\" href=\"https:\/\/cardinal-tapes.com\/it\/nastri-adesivi\/aree-di-applicazione\/settore-dei-trasporti\/norseal-fs1000-foam-tape\/\" \/>\n<meta property=\"og:locale\" content=\"it_IT\" \/>\n<meta property=\"og:type\" content=\"article\" \/>\n<meta property=\"og:title\" content=\"Norseal\u00ae FS1000 Nastro in schiuma | Cardinal TAPES\" \/>\n<meta property=\"og:description\" content=\"La serie Saint-Gobain\u00ae Norseal\u00ae FS1000 \u00e8 una schiuma adesiva proprietaria ad alte prestazioni, progettata con una combinazione unica di propriet\u00e0 sigillanti. FS1000 \u00e8 espandibile e resistente al fuoco e blocca fumo, aria e acqua. Allo stato naturale, l&#039;FS1000 \u00e8 elastico, conformabile e facile da applicare a superfici complesse.\" \/>\n<meta property=\"og:url\" content=\"https:\/\/cardinal-tapes.com\/it\/nastri-adesivi\/aree-di-applicazione\/settore-dei-trasporti\/norseal-fs1000-foam-tape\/\" \/>\n<meta property=\"og:site_name\" content=\"cardinal TAPES\" \/>\n<meta property=\"article:modified_time\" content=\"2025-07-02T11:46:54+00:00\" \/>\n<meta property=\"og:image\" content=\"https:\/\/cardinal-tapes.com\/wp-content\/uploads\/Norseal-FS1000-A_153120-1.png\" \/>\n\t<meta property=\"og:image:width\" content=\"415\" \/>\n\t<meta property=\"og:image:height\" content=\"415\" \/>\n\t<meta property=\"og:image:type\" content=\"image\/png\" \/>\n<meta name=\"twitter:card\" content=\"summary_large_image\" \/>\n<script type=\"application\/ld+json\" class=\"yoast-schema-graph\">{\"@context\":\"https:\\\/\\\/schema.org\",\"@graph\":[{\"@type\":\"WebPage\",\"@id\":\"https:\\\/\\\/cardinal-tapes.com\\\/it\\\/nastri-adesivi\\\/aree-di-applicazione\\\/settore-dei-trasporti\\\/norseal-fs1000-foam-tape\\\/\",\"url\":\"https:\\\/\\\/cardinal-tapes.com\\\/it\\\/nastri-adesivi\\\/aree-di-applicazione\\\/settore-dei-trasporti\\\/norseal-fs1000-foam-tape\\\/\",\"name\":\"Norseal\u00ae FS1000 Nastro in schiuma | Cardinal TAPES\",\"isPartOf\":{\"@id\":\"https:\\\/\\\/cardinal-tapes.com\\\/#website\"},\"primaryImageOfPage\":{\"@id\":\"https:\\\/\\\/cardinal-tapes.com\\\/it\\\/nastri-adesivi\\\/aree-di-applicazione\\\/settore-dei-trasporti\\\/norseal-fs1000-foam-tape\\\/#primaryimage\"},\"image\":{\"@id\":\"https:\\\/\\\/cardinal-tapes.com\\\/it\\\/nastri-adesivi\\\/aree-di-applicazione\\\/settore-dei-trasporti\\\/norseal-fs1000-foam-tape\\\/#primaryimage\"},\"thumbnailUrl\":\"https:\\\/\\\/cardinal-tapes.com\\\/wp-content\\\/uploads\\\/Norseal-FS1000-A_153120-1.png\",\"datePublished\":\"2023-06-05T14:56:26+00:00\",\"dateModified\":\"2025-07-02T11:46:54+00:00\",\"description\":\"La serie Saint-Gobain\u00ae Norseal\u00ae FS1000 \u00e8 una schiuma adesiva proprietaria ad alte prestazioni, progettata con una combinazione unica di propriet\u00e0 sigillanti. FS1000 \u00e8 espandibile e resistente al fuoco e blocca fumo, aria e acqua. Allo stato naturale, l'FS1000 \u00e8 elastico, conformabile e facile da applicare a superfici complesse.\",\"breadcrumb\":{\"@id\":\"https:\\\/\\\/cardinal-tapes.com\\\/it\\\/nastri-adesivi\\\/aree-di-applicazione\\\/settore-dei-trasporti\\\/norseal-fs1000-foam-tape\\\/#breadcrumb\"},\"inLanguage\":\"it-IT\",\"potentialAction\":[{\"@type\":\"ReadAction\",\"target\":[\"https:\\\/\\\/cardinal-tapes.com\\\/it\\\/nastri-adesivi\\\/aree-di-applicazione\\\/settore-dei-trasporti\\\/norseal-fs1000-foam-tape\\\/\"]}]},{\"@type\":\"ImageObject\",\"inLanguage\":\"it-IT\",\"@id\":\"https:\\\/\\\/cardinal-tapes.com\\\/it\\\/nastri-adesivi\\\/aree-di-applicazione\\\/settore-dei-trasporti\\\/norseal-fs1000-foam-tape\\\/#primaryimage\",\"url\":\"https:\\\/\\\/cardinal-tapes.com\\\/wp-content\\\/uploads\\\/Norseal-FS1000-A_153120-1.png\",\"contentUrl\":\"https:\\\/\\\/cardinal-tapes.com\\\/wp-content\\\/uploads\\\/Norseal-FS1000-A_153120-1.png\",\"width\":415,\"height\":415},{\"@type\":\"BreadcrumbList\",\"@id\":\"https:\\\/\\\/cardinal-tapes.com\\\/it\\\/nastri-adesivi\\\/aree-di-applicazione\\\/settore-dei-trasporti\\\/norseal-fs1000-foam-tape\\\/#breadcrumb\",\"itemListElement\":[{\"@type\":\"ListItem\",\"position\":1,\"name\":\"Startseite\",\"item\":\"https:\\\/\\\/cardinal-tapes.com\\\/it\\\/casa\\\/\"},{\"@type\":\"ListItem\",\"position\":2,\"name\":\"Nastri adesivi\",\"item\":\"https:\\\/\\\/cardinal-tapes.com\\\/it\\\/nastri-adesivi-it\\\/\"},{\"@type\":\"ListItem\",\"position\":3,\"name\":\"Einseitige Klebeb\u00e4nder\",\"item\":\"https:\\\/\\\/cardinal-tapes.com\\\/kategorie\\\/einseitige-klebebaender\\\/\"},{\"@type\":\"ListItem\",\"position\":4,\"name\":\"Nastro in schiuma Norseal\u00ae FS1000\"}]},{\"@type\":\"WebSite\",\"@id\":\"https:\\\/\\\/cardinal-tapes.com\\\/#website\",\"url\":\"https:\\\/\\\/cardinal-tapes.com\\\/\",\"name\":\"cardinal TAPES\",\"description\":\"Klebetechnik aus Wuppertal\",\"potentialAction\":[{\"@type\":\"SearchAction\",\"target\":{\"@type\":\"EntryPoint\",\"urlTemplate\":\"https:\\\/\\\/cardinal-tapes.com\\\/?s={search_term_string}\"},\"query-input\":{\"@type\":\"PropertyValueSpecification\",\"valueRequired\":true,\"valueName\":\"search_term_string\"}}],\"inLanguage\":\"it-IT\"}]}<\/script>\n<!-- \/ Yoast SEO plugin. -->","yoast_head_json":{"title":"Norseal\u00ae FS1000 Nastro in schiuma | Cardinal TAPES","description":"La serie Saint-Gobain\u00ae Norseal\u00ae FS1000 \u00e8 una schiuma adesiva proprietaria ad alte prestazioni, progettata con una combinazione unica di propriet\u00e0 sigillanti. FS1000 \u00e8 espandibile e resistente al fuoco e blocca fumo, aria e acqua. Allo stato naturale, l'FS1000 \u00e8 elastico, conformabile e facile da applicare a superfici complesse.","robots":{"index":"index","follow":"follow","max-snippet":"max-snippet:-1","max-image-preview":"max-image-preview:large","max-video-preview":"max-video-preview:-1"},"canonical":"https:\/\/cardinal-tapes.com\/it\/nastri-adesivi\/aree-di-applicazione\/settore-dei-trasporti\/norseal-fs1000-foam-tape\/","og_locale":"it_IT","og_type":"article","og_title":"Norseal\u00ae FS1000 Nastro in schiuma | Cardinal TAPES","og_description":"La serie Saint-Gobain\u00ae Norseal\u00ae FS1000 \u00e8 una schiuma adesiva proprietaria ad alte prestazioni, progettata con una combinazione unica di propriet\u00e0 sigillanti. FS1000 \u00e8 espandibile e resistente al fuoco e blocca fumo, aria e acqua. Allo stato naturale, l'FS1000 \u00e8 elastico, conformabile e facile da applicare a superfici complesse.","og_url":"https:\/\/cardinal-tapes.com\/it\/nastri-adesivi\/aree-di-applicazione\/settore-dei-trasporti\/norseal-fs1000-foam-tape\/","og_site_name":"cardinal TAPES","article_modified_time":"2025-07-02T11:46:54+00:00","og_image":[{"width":415,"height":415,"url":"https:\/\/cardinal-tapes.com\/wp-content\/uploads\/Norseal-FS1000-A_153120-1.png","type":"image\/png"}],"twitter_card":"summary_large_image","schema":{"@context":"https:\/\/schema.org","@graph":[{"@type":"WebPage","@id":"https:\/\/cardinal-tapes.com\/it\/nastri-adesivi\/aree-di-applicazione\/settore-dei-trasporti\/norseal-fs1000-foam-tape\/","url":"https:\/\/cardinal-tapes.com\/it\/nastri-adesivi\/aree-di-applicazione\/settore-dei-trasporti\/norseal-fs1000-foam-tape\/","name":"Norseal\u00ae FS1000 Nastro in schiuma | Cardinal TAPES","isPartOf":{"@id":"https:\/\/cardinal-tapes.com\/#website"},"primaryImageOfPage":{"@id":"https:\/\/cardinal-tapes.com\/it\/nastri-adesivi\/aree-di-applicazione\/settore-dei-trasporti\/norseal-fs1000-foam-tape\/#primaryimage"},"image":{"@id":"https:\/\/cardinal-tapes.com\/it\/nastri-adesivi\/aree-di-applicazione\/settore-dei-trasporti\/norseal-fs1000-foam-tape\/#primaryimage"},"thumbnailUrl":"https:\/\/cardinal-tapes.com\/wp-content\/uploads\/Norseal-FS1000-A_153120-1.png","datePublished":"2023-06-05T14:56:26+00:00","dateModified":"2025-07-02T11:46:54+00:00","description":"La serie Saint-Gobain\u00ae Norseal\u00ae FS1000 \u00e8 una schiuma adesiva proprietaria ad alte prestazioni, progettata con una combinazione unica di propriet\u00e0 sigillanti. FS1000 \u00e8 espandibile e resistente al fuoco e blocca fumo, aria e acqua. Allo stato naturale, l'FS1000 \u00e8 elastico, conformabile e facile da applicare a superfici complesse.","breadcrumb":{"@id":"https:\/\/cardinal-tapes.com\/it\/nastri-adesivi\/aree-di-applicazione\/settore-dei-trasporti\/norseal-fs1000-foam-tape\/#breadcrumb"},"inLanguage":"it-IT","potentialAction":[{"@type":"ReadAction","target":["https:\/\/cardinal-tapes.com\/it\/nastri-adesivi\/aree-di-applicazione\/settore-dei-trasporti\/norseal-fs1000-foam-tape\/"]}]},{"@type":"ImageObject","inLanguage":"it-IT","@id":"https:\/\/cardinal-tapes.com\/it\/nastri-adesivi\/aree-di-applicazione\/settore-dei-trasporti\/norseal-fs1000-foam-tape\/#primaryimage","url":"https:\/\/cardinal-tapes.com\/wp-content\/uploads\/Norseal-FS1000-A_153120-1.png","contentUrl":"https:\/\/cardinal-tapes.com\/wp-content\/uploads\/Norseal-FS1000-A_153120-1.png","width":415,"height":415},{"@type":"BreadcrumbList","@id":"https:\/\/cardinal-tapes.com\/it\/nastri-adesivi\/aree-di-applicazione\/settore-dei-trasporti\/norseal-fs1000-foam-tape\/#breadcrumb","itemListElement":[{"@type":"ListItem","position":1,"name":"Startseite","item":"https:\/\/cardinal-tapes.com\/it\/casa\/"},{"@type":"ListItem","position":2,"name":"Nastri adesivi","item":"https:\/\/cardinal-tapes.com\/it\/nastri-adesivi-it\/"},{"@type":"ListItem","position":3,"name":"Einseitige Klebeb\u00e4nder","item":"https:\/\/cardinal-tapes.com\/kategorie\/einseitige-klebebaender\/"},{"@type":"ListItem","position":4,"name":"Nastro in schiuma Norseal\u00ae FS1000"}]},{"@type":"WebSite","@id":"https:\/\/cardinal-tapes.com\/#website","url":"https:\/\/cardinal-tapes.com\/","name":"cardinal TAPES","description":"Klebetechnik aus Wuppertal","potentialAction":[{"@type":"SearchAction","target":{"@type":"EntryPoint","urlTemplate":"https:\/\/cardinal-tapes.com\/?s={search_term_string}"},"query-input":{"@type":"PropertyValueSpecification","valueRequired":true,"valueName":"search_term_string"}}],"inLanguage":"it-IT"}]}},"brands":[{"id":3666,"name":"Saint-Gobain Norseal","slug":"saint-gobain-norseal-it"},{"id":2310,"name":"Saint-Gobain Performance Plastics","slug":"saint-gobain-it"}],"_links":{"self":[{"href":"https:\/\/cardinal-tapes.com\/it\/wp-json\/wp\/v2\/product\/41903","targetHints":{"allow":["GET"]}}],"collection":[{"href":"https:\/\/cardinal-tapes.com\/it\/wp-json\/wp\/v2\/product"}],"about":[{"href":"https:\/\/cardinal-tapes.com\/it\/wp-json\/wp\/v2\/types\/product"}],"wp:featuredmedia":[{"embeddable":true,"href":"https:\/\/cardinal-tapes.com\/it\/wp-json\/wp\/v2\/media\/28529"}],"wp:attachment":[{"href":"https:\/\/cardinal-tapes.com\/it\/wp-json\/wp\/v2\/media?parent=41903"}],"wp:term":[{"taxonomy":"pwb-brand","embeddable":true,"href":"https:\/\/cardinal-tapes.com\/it\/wp-json\/wp\/v2\/pwb-brand?post=41903"},{"taxonomy":"product_brand","embeddable":true,"href":"https:\/\/cardinal-tapes.com\/it\/wp-json\/wp\/v2\/product_brand?post=41903"},{"taxonomy":"product_cat","embeddable":true,"href":"https:\/\/cardinal-tapes.com\/it\/wp-json\/wp\/v2\/product_cat?post=41903"},{"taxonomy":"product_tag","embeddable":true,"href":"https:\/\/cardinal-tapes.com\/it\/wp-json\/wp\/v2\/product_tag?post=41903"}],"curies":[{"name":"wp","href":"https:\/\/api.w.org\/{rel}","templated":true}]}}