{"id":41899,"date":"2020-12-22T08:48:01","date_gmt":"2023-06-05T14:56:26","guid":{"rendered":"https:\/\/cardinal.pixel-tal.de\/klebebaender\/senza-categoria\/sistema-a-nastro-adesivo-relink-2318-b\/"},"modified":"2023-06-05T16:56:26","modified_gmt":"2023-06-05T14:56:26","slug":"sistema-relink-2318-b-tape","status":"publish","type":"product","link":"https:\/\/cardinal-tapes.com\/it\/nastri-adesivi\/nastri-biadesivi\/sistema-relink-2318-b-tape\/","title":{"rendered":"Sistema a nastro adesivo ReLink 2318 B"},"content":{"rendered":"<p>L&#8217;adesivo forte, che \u00e8 un acrilico modificato, offre un buon equilibrio tra adesione e coesione. \u00c8 adatto per l&#8217;incollaggio di superfici ruvide e strutturate, plastica, tessuti e materiali non tessuti. L&#8217;adesivo rimovibile offre un buon livello di adesivit\u00e0 e di taglio.<\/p>\n<p>Relink 2318B \u00e8 un nastro biadesivo approvato dall&#8217;AIRBUS progettato per incollare la moquette dell&#8217;aereo al rivestimento del pavimento. ReLink 2318B \u00e8 dotato di un sistema adesivo differenziato: un lato ad altissima forza adesiva per aderire alla moquette e un lato che pu\u00f2 essere staccato in modo pulito per aderire al pannello del pavimento dell&#8217;aeromobile.<br \/>\nQuesto prodotto \u00e8 stato qualificato in conformit\u00e0 alla norma AIMS 10-05-014 e pu\u00f2 essere acquistato in conformit\u00e0 alla norma ABS 5648B. Il numero di listino dei materiali di consumo Airbus \u00e8: CML # 08-118<\/p>\n<p><strong>Propriet\u00e0<\/strong><br \/>\n&#8211; fortemente adesivo<br \/>\n&#8211; Rimuovibilit\u00e0 senza residui<\/p>\n<p><strong>Applicazioni<\/strong><br \/>\n&#8211; Incollaggio di superfici ruvide e strutturate, materie plastiche, tessuti e nontessuti<\/p>\n","protected":false},"excerpt":{"rendered":"<p>L&#8217;adesivo forte, che \u00e8 un acrilico modificato, offre un buon equilibrio tra adesione e coesione. \u00c8 adatto per l&#8217;incollaggio di superfici ruvide e strutturate, plastica, tessuti e materiali non tessuti. L&#8217;adesivo rimovibile offre un buon livello di adesivit\u00e0 e di taglio. Relink 2318B \u00e8 un nastro biadesivo approvato dall&#8217;AIRBUS progettato per incollare la moquette dell&#8217;aereo [&hellip;]<\/p>\n","protected":false},"featured_media":28517,"template":"","meta":{"_acf_changed":false},"pwb-brand":[2310,2430],"product_brand":[],"product_cat":[1824],"product_tag":[],"class_list":{"0":"post-41899","1":"product","2":"type-product","3":"status-publish","4":"has-post-thumbnail","6":"pwb-brand-saint-gobain-it","7":"pwb-brand-biolink-it","8":"product_cat-nastri-biadesivi","10":"first","11":"instock","12":"taxable","13":"shipping-taxable","14":"product-type-variable"},"acf":[],"yoast_head":"<!-- This site is optimized with the Yoast SEO plugin v27.3 - https:\/\/yoast.com\/product\/yoast-seo-wordpress\/ -->\n<title>Sistema a nastro adesivo ReLink 2318 B | Cardinal TAPES<\/title>\n<meta name=\"description\" content=\"ReLink 2318 \u00e8 un sistema di nastri adesivi con due diversi lati adesivi. Relink 2318B \u00e8 un nastro biadesivo approvato da AIRBUS.\" \/>\n<meta name=\"robots\" content=\"index, follow, max-snippet:-1, max-image-preview:large, max-video-preview:-1\" \/>\n<link rel=\"canonical\" href=\"https:\/\/cardinal-tapes.com\/it\/nastri-adesivi\/nastri-biadesivi\/sistema-relink-2318-b-tape\/\" \/>\n<meta property=\"og:locale\" content=\"it_IT\" \/>\n<meta property=\"og:type\" content=\"article\" \/>\n<meta property=\"og:title\" content=\"Sistema a nastro adesivo ReLink 2318 B | Cardinal TAPES\" \/>\n<meta property=\"og:description\" content=\"ReLink 2318 \u00e8 un sistema di nastri adesivi con due diversi lati adesivi. Relink 2318B \u00e8 un nastro biadesivo approvato da AIRBUS.\" \/>\n<meta property=\"og:url\" content=\"https:\/\/cardinal-tapes.com\/it\/nastri-adesivi\/nastri-biadesivi\/sistema-relink-2318-b-tape\/\" \/>\n<meta property=\"og:site_name\" content=\"cardinal TAPES\" \/>\n<meta property=\"og:image\" content=\"https:\/\/cardinal-tapes.com\/wp-content\/uploads\/Biolink-Relink-2318-Carpet-Tape-A_173665.png\" \/>\n\t<meta property=\"og:image:width\" content=\"415\" \/>\n\t<meta property=\"og:image:height\" content=\"415\" \/>\n\t<meta property=\"og:image:type\" content=\"image\/png\" \/>\n<meta name=\"twitter:card\" content=\"summary_large_image\" \/>\n<meta name=\"twitter:label1\" content=\"Tempo di lettura stimato\" \/>\n\t<meta name=\"twitter:data1\" content=\"1 minuto\" \/>\n<script type=\"application\/ld+json\" class=\"yoast-schema-graph\">{\"@context\":\"https:\\\/\\\/schema.org\",\"@graph\":[{\"@type\":\"WebPage\",\"@id\":\"https:\\\/\\\/cardinal-tapes.com\\\/it\\\/nastri-adesivi\\\/nastri-biadesivi\\\/sistema-relink-2318-b-tape\\\/\",\"url\":\"https:\\\/\\\/cardinal-tapes.com\\\/it\\\/nastri-adesivi\\\/nastri-biadesivi\\\/sistema-relink-2318-b-tape\\\/\",\"name\":\"Sistema a nastro adesivo ReLink 2318 B | Cardinal TAPES\",\"isPartOf\":{\"@id\":\"https:\\\/\\\/cardinal-tapes.com\\\/#website\"},\"primaryImageOfPage\":{\"@id\":\"https:\\\/\\\/cardinal-tapes.com\\\/it\\\/nastri-adesivi\\\/nastri-biadesivi\\\/sistema-relink-2318-b-tape\\\/#primaryimage\"},\"image\":{\"@id\":\"https:\\\/\\\/cardinal-tapes.com\\\/it\\\/nastri-adesivi\\\/nastri-biadesivi\\\/sistema-relink-2318-b-tape\\\/#primaryimage\"},\"thumbnailUrl\":\"https:\\\/\\\/cardinal-tapes.com\\\/wp-content\\\/uploads\\\/Biolink-Relink-2318-Carpet-Tape-A_173665.png\",\"datePublished\":\"2023-06-05T14:56:26+00:00\",\"description\":\"ReLink 2318 \u00e8 un sistema di nastri adesivi con due diversi lati adesivi. Relink 2318B \u00e8 un nastro biadesivo approvato da AIRBUS.\",\"breadcrumb\":{\"@id\":\"https:\\\/\\\/cardinal-tapes.com\\\/it\\\/nastri-adesivi\\\/nastri-biadesivi\\\/sistema-relink-2318-b-tape\\\/#breadcrumb\"},\"inLanguage\":\"it-IT\",\"potentialAction\":[{\"@type\":\"ReadAction\",\"target\":[\"https:\\\/\\\/cardinal-tapes.com\\\/it\\\/nastri-adesivi\\\/nastri-biadesivi\\\/sistema-relink-2318-b-tape\\\/\"]}]},{\"@type\":\"ImageObject\",\"inLanguage\":\"it-IT\",\"@id\":\"https:\\\/\\\/cardinal-tapes.com\\\/it\\\/nastri-adesivi\\\/nastri-biadesivi\\\/sistema-relink-2318-b-tape\\\/#primaryimage\",\"url\":\"https:\\\/\\\/cardinal-tapes.com\\\/wp-content\\\/uploads\\\/Biolink-Relink-2318-Carpet-Tape-A_173665.png\",\"contentUrl\":\"https:\\\/\\\/cardinal-tapes.com\\\/wp-content\\\/uploads\\\/Biolink-Relink-2318-Carpet-Tape-A_173665.png\",\"width\":415,\"height\":415},{\"@type\":\"BreadcrumbList\",\"@id\":\"https:\\\/\\\/cardinal-tapes.com\\\/it\\\/nastri-adesivi\\\/nastri-biadesivi\\\/sistema-relink-2318-b-tape\\\/#breadcrumb\",\"itemListElement\":[{\"@type\":\"ListItem\",\"position\":1,\"name\":\"Startseite\",\"item\":\"https:\\\/\\\/cardinal-tapes.com\\\/it\\\/casa\\\/\"},{\"@type\":\"ListItem\",\"position\":2,\"name\":\"Nastri adesivi\",\"item\":\"https:\\\/\\\/cardinal-tapes.com\\\/it\\\/nastri-adesivi-it\\\/\"},{\"@type\":\"ListItem\",\"position\":3,\"name\":\"Nastri biadesivi\",\"item\":\"https:\\\/\\\/cardinal-tapes.com\\\/it\\\/categoria\\\/nastri-biadesivi\\\/\"},{\"@type\":\"ListItem\",\"position\":4,\"name\":\"Sistema a nastro adesivo ReLink 2318 B\"}]},{\"@type\":\"WebSite\",\"@id\":\"https:\\\/\\\/cardinal-tapes.com\\\/#website\",\"url\":\"https:\\\/\\\/cardinal-tapes.com\\\/\",\"name\":\"cardinal TAPES\",\"description\":\"Klebetechnik aus Wuppertal\",\"potentialAction\":[{\"@type\":\"SearchAction\",\"target\":{\"@type\":\"EntryPoint\",\"urlTemplate\":\"https:\\\/\\\/cardinal-tapes.com\\\/?s={search_term_string}\"},\"query-input\":{\"@type\":\"PropertyValueSpecification\",\"valueRequired\":true,\"valueName\":\"search_term_string\"}}],\"inLanguage\":\"it-IT\"}]}<\/script>\n<!-- \/ Yoast SEO plugin. -->","yoast_head_json":{"title":"Sistema a nastro adesivo ReLink 2318 B | Cardinal TAPES","description":"ReLink 2318 \u00e8 un sistema di nastri adesivi con due diversi lati adesivi. Relink 2318B \u00e8 un nastro biadesivo approvato da AIRBUS.","robots":{"index":"index","follow":"follow","max-snippet":"max-snippet:-1","max-image-preview":"max-image-preview:large","max-video-preview":"max-video-preview:-1"},"canonical":"https:\/\/cardinal-tapes.com\/it\/nastri-adesivi\/nastri-biadesivi\/sistema-relink-2318-b-tape\/","og_locale":"it_IT","og_type":"article","og_title":"Sistema a nastro adesivo ReLink 2318 B | Cardinal TAPES","og_description":"ReLink 2318 \u00e8 un sistema di nastri adesivi con due diversi lati adesivi. Relink 2318B \u00e8 un nastro biadesivo approvato da AIRBUS.","og_url":"https:\/\/cardinal-tapes.com\/it\/nastri-adesivi\/nastri-biadesivi\/sistema-relink-2318-b-tape\/","og_site_name":"cardinal TAPES","og_image":[{"width":415,"height":415,"url":"https:\/\/cardinal-tapes.com\/wp-content\/uploads\/Biolink-Relink-2318-Carpet-Tape-A_173665.png","type":"image\/png"}],"twitter_card":"summary_large_image","twitter_misc":{"Tempo di lettura stimato":"1 minuto"},"schema":{"@context":"https:\/\/schema.org","@graph":[{"@type":"WebPage","@id":"https:\/\/cardinal-tapes.com\/it\/nastri-adesivi\/nastri-biadesivi\/sistema-relink-2318-b-tape\/","url":"https:\/\/cardinal-tapes.com\/it\/nastri-adesivi\/nastri-biadesivi\/sistema-relink-2318-b-tape\/","name":"Sistema a nastro adesivo ReLink 2318 B | Cardinal TAPES","isPartOf":{"@id":"https:\/\/cardinal-tapes.com\/#website"},"primaryImageOfPage":{"@id":"https:\/\/cardinal-tapes.com\/it\/nastri-adesivi\/nastri-biadesivi\/sistema-relink-2318-b-tape\/#primaryimage"},"image":{"@id":"https:\/\/cardinal-tapes.com\/it\/nastri-adesivi\/nastri-biadesivi\/sistema-relink-2318-b-tape\/#primaryimage"},"thumbnailUrl":"https:\/\/cardinal-tapes.com\/wp-content\/uploads\/Biolink-Relink-2318-Carpet-Tape-A_173665.png","datePublished":"2023-06-05T14:56:26+00:00","description":"ReLink 2318 \u00e8 un sistema di nastri adesivi con due diversi lati adesivi. Relink 2318B \u00e8 un nastro biadesivo approvato da AIRBUS.","breadcrumb":{"@id":"https:\/\/cardinal-tapes.com\/it\/nastri-adesivi\/nastri-biadesivi\/sistema-relink-2318-b-tape\/#breadcrumb"},"inLanguage":"it-IT","potentialAction":[{"@type":"ReadAction","target":["https:\/\/cardinal-tapes.com\/it\/nastri-adesivi\/nastri-biadesivi\/sistema-relink-2318-b-tape\/"]}]},{"@type":"ImageObject","inLanguage":"it-IT","@id":"https:\/\/cardinal-tapes.com\/it\/nastri-adesivi\/nastri-biadesivi\/sistema-relink-2318-b-tape\/#primaryimage","url":"https:\/\/cardinal-tapes.com\/wp-content\/uploads\/Biolink-Relink-2318-Carpet-Tape-A_173665.png","contentUrl":"https:\/\/cardinal-tapes.com\/wp-content\/uploads\/Biolink-Relink-2318-Carpet-Tape-A_173665.png","width":415,"height":415},{"@type":"BreadcrumbList","@id":"https:\/\/cardinal-tapes.com\/it\/nastri-adesivi\/nastri-biadesivi\/sistema-relink-2318-b-tape\/#breadcrumb","itemListElement":[{"@type":"ListItem","position":1,"name":"Startseite","item":"https:\/\/cardinal-tapes.com\/it\/casa\/"},{"@type":"ListItem","position":2,"name":"Nastri adesivi","item":"https:\/\/cardinal-tapes.com\/it\/nastri-adesivi-it\/"},{"@type":"ListItem","position":3,"name":"Nastri biadesivi","item":"https:\/\/cardinal-tapes.com\/it\/categoria\/nastri-biadesivi\/"},{"@type":"ListItem","position":4,"name":"Sistema a nastro adesivo ReLink 2318 B"}]},{"@type":"WebSite","@id":"https:\/\/cardinal-tapes.com\/#website","url":"https:\/\/cardinal-tapes.com\/","name":"cardinal TAPES","description":"Klebetechnik aus Wuppertal","potentialAction":[{"@type":"SearchAction","target":{"@type":"EntryPoint","urlTemplate":"https:\/\/cardinal-tapes.com\/?s={search_term_string}"},"query-input":{"@type":"PropertyValueSpecification","valueRequired":true,"valueName":"search_term_string"}}],"inLanguage":"it-IT"}]}},"brands":[{"id":2310,"name":"Saint-Gobain Performance Plastics","slug":"saint-gobain-it"},{"id":2430,"name":"Saint-Gobain Biolink","slug":"biolink-it"}],"_links":{"self":[{"href":"https:\/\/cardinal-tapes.com\/it\/wp-json\/wp\/v2\/product\/41899","targetHints":{"allow":["GET"]}}],"collection":[{"href":"https:\/\/cardinal-tapes.com\/it\/wp-json\/wp\/v2\/product"}],"about":[{"href":"https:\/\/cardinal-tapes.com\/it\/wp-json\/wp\/v2\/types\/product"}],"wp:featuredmedia":[{"embeddable":true,"href":"https:\/\/cardinal-tapes.com\/it\/wp-json\/wp\/v2\/media\/28517"}],"wp:attachment":[{"href":"https:\/\/cardinal-tapes.com\/it\/wp-json\/wp\/v2\/media?parent=41899"}],"wp:term":[{"taxonomy":"pwb-brand","embeddable":true,"href":"https:\/\/cardinal-tapes.com\/it\/wp-json\/wp\/v2\/pwb-brand?post=41899"},{"taxonomy":"product_brand","embeddable":true,"href":"https:\/\/cardinal-tapes.com\/it\/wp-json\/wp\/v2\/product_brand?post=41899"},{"taxonomy":"product_cat","embeddable":true,"href":"https:\/\/cardinal-tapes.com\/it\/wp-json\/wp\/v2\/product_cat?post=41899"},{"taxonomy":"product_tag","embeddable":true,"href":"https:\/\/cardinal-tapes.com\/it\/wp-json\/wp\/v2\/product_tag?post=41899"}],"curies":[{"name":"wp","href":"https:\/\/api.w.org\/{rel}","templated":true}]}}