{"id":41897,"date":"2020-12-21T08:29:22","date_gmt":"2023-06-05T14:56:26","guid":{"rendered":"https:\/\/cardinal.pixel-tal.de\/klebebaender\/senza-categoria\/at132-nastro-adesivo\/"},"modified":"2025-07-02T14:14:56","modified_gmt":"2025-07-02T12:14:56","slug":"at132-dotto-nastro","status":"publish","type":"product","link":"https:\/\/cardinal-tapes.com\/it\/nastri-adesivi\/aree-di-applicazione\/industria-edile\/at132-dotto-nastro\/","title":{"rendered":"AT132 Nastro adesivo"},"content":{"rendered":"<div class=\"first_para_desc\">\n<div class=\"first_para_desc\">\n<p>AT132 \u00e8 un nastro in tessuto polivalente laminato, impermeabile e lucido, rivestito con un adesivo in gomma aggressivo, sensibile alla pressione e privo di solventi.<\/p>\n<\/div>\n<div class=\"rest_of_desc\">\n<p>Lo spessore del film di AT132 garantisce una maggiore forza e resistenza all&#8217;abrasione. Il nastro \u00e8 ideale per uso interno ed esterno. Il nastro \u00e8 facile da strappare e si adatta molto bene alle superfici difficili.<\/p>\n<p>AT132 \u00e8 adatto a molte applicazioni diverse in cui \u00e8 richiesto un nastro in tessuto con elevata adesivit\u00e0, resistenza all&#8217;abrasione e facile strappabilit\u00e0.<\/p>\n<p><strong>Applicazioni<\/strong><\/p>\n<ul>\n<li>Per il fissaggio di pellicole, la sigillatura di tute e sacchi per rifiuti e per uso generale.<\/li>\n<li>Per la mascheratura intorno ai doppi vetri, per una facile manipolazione e per il fissaggio del sigillante.<\/li>\n<li>Per l&#8217;impacchettamento di materiali, la sigillatura di condotti d&#8217;aria e il fissaggio di coperture a bracci di spruzzatura robotizzati nell&#8217;industria automobilistica<\/li>\n<li>Per la manutenzione, la riparazione, la sigillatura, l&#8217;incollaggio, la copertura e la protezione di molte superfici e materiali.<\/li>\n<li>Mantenimento delle piastre di alluminio nelle unit\u00e0 di raffreddamento<\/li>\n<\/ul>\n<\/div>\n<\/div>\n","protected":false},"excerpt":{"rendered":"<p>AT132 \u00e8 un nastro in tessuto polivalente laminato, impermeabile e lucido, rivestito con un adesivo in gomma aggressivo, sensibile alla pressione e privo di solventi. Lo spessore del film di AT132 garantisce una maggiore forza e resistenza all&#8217;abrasione. Il nastro \u00e8 ideale per uso interno ed esterno. Il nastro \u00e8 facile da strappare e si [&hellip;]<\/p>\n","protected":false},"featured_media":28661,"template":"","meta":{"_acf_changed":false},"pwb-brand":[2313],"product_brand":[],"product_cat":[1679,1725,1727,1826],"product_tag":[],"class_list":{"0":"post-41897","1":"product","2":"type-product","3":"status-publish","4":"has-post-thumbnail","6":"pwb-brand-advance-tapes-it","7":"product_cat-industria-edile","8":"product_cat-nastro-adesivo-per-tessuti","9":"product_cat-nastri-rivestiti-in-plastica","10":"product_cat-nastri-monoadesivi","12":"first","13":"instock","14":"taxable","15":"shipping-taxable","16":"purchasable","17":"product-type-variable"},"acf":[],"yoast_head":"<!-- This site is optimized with the Yoast SEO plugin v27.3 - https:\/\/yoast.com\/product\/yoast-seo-wordpress\/ -->\n<title>AT132 Nastro adesivo con alta aderenza | Cardinal TAPES<\/title>\n<meta name=\"description\" content=\"AT132 \u00e8 un nastro in tessuto polivalente laminato, impermeabile e lucido, rivestito con un adesivo in gomma aggressivo, sensibile alla pressione e privo di solventi.\" \/>\n<meta name=\"robots\" content=\"index, follow, max-snippet:-1, max-image-preview:large, max-video-preview:-1\" \/>\n<link rel=\"canonical\" href=\"https:\/\/cardinal-tapes.com\/it\/nastri-adesivi\/aree-di-applicazione\/industria-edile\/at132-dotto-nastro\/\" \/>\n<meta property=\"og:locale\" content=\"it_IT\" \/>\n<meta property=\"og:type\" content=\"article\" \/>\n<meta property=\"og:title\" content=\"AT132 Nastro adesivo con alta aderenza | Cardinal TAPES\" \/>\n<meta property=\"og:description\" content=\"AT132 \u00e8 un nastro in tessuto polivalente laminato, impermeabile e lucido, rivestito con un adesivo in gomma aggressivo, sensibile alla pressione e privo di solventi.\" \/>\n<meta property=\"og:url\" content=\"https:\/\/cardinal-tapes.com\/it\/nastri-adesivi\/aree-di-applicazione\/industria-edile\/at132-dotto-nastro\/\" \/>\n<meta property=\"og:site_name\" content=\"cardinal TAPES\" \/>\n<meta property=\"article:modified_time\" content=\"2025-07-02T12:14:56+00:00\" \/>\n<meta property=\"og:image\" content=\"https:\/\/cardinal-tapes.com\/wp-content\/uploads\/Advance-Tapes_AT132_Group.jpg\" \/>\n\t<meta property=\"og:image:width\" content=\"600\" \/>\n\t<meta property=\"og:image:height\" content=\"600\" \/>\n\t<meta property=\"og:image:type\" content=\"image\/jpeg\" \/>\n<meta name=\"twitter:card\" content=\"summary_large_image\" \/>\n<meta name=\"twitter:label1\" content=\"Tempo di lettura stimato\" \/>\n\t<meta name=\"twitter:data1\" content=\"1 minuto\" \/>\n<script type=\"application\/ld+json\" class=\"yoast-schema-graph\">{\"@context\":\"https:\\\/\\\/schema.org\",\"@graph\":[{\"@type\":\"WebPage\",\"@id\":\"https:\\\/\\\/cardinal-tapes.com\\\/it\\\/nastri-adesivi\\\/aree-di-applicazione\\\/industria-edile\\\/at132-dotto-nastro\\\/\",\"url\":\"https:\\\/\\\/cardinal-tapes.com\\\/it\\\/nastri-adesivi\\\/aree-di-applicazione\\\/industria-edile\\\/at132-dotto-nastro\\\/\",\"name\":\"AT132 Nastro adesivo con alta aderenza | Cardinal TAPES\",\"isPartOf\":{\"@id\":\"https:\\\/\\\/cardinal-tapes.com\\\/#website\"},\"primaryImageOfPage\":{\"@id\":\"https:\\\/\\\/cardinal-tapes.com\\\/it\\\/nastri-adesivi\\\/aree-di-applicazione\\\/industria-edile\\\/at132-dotto-nastro\\\/#primaryimage\"},\"image\":{\"@id\":\"https:\\\/\\\/cardinal-tapes.com\\\/it\\\/nastri-adesivi\\\/aree-di-applicazione\\\/industria-edile\\\/at132-dotto-nastro\\\/#primaryimage\"},\"thumbnailUrl\":\"https:\\\/\\\/cardinal-tapes.com\\\/wp-content\\\/uploads\\\/Advance-Tapes_AT132_Group.jpg\",\"datePublished\":\"2023-06-05T14:56:26+00:00\",\"dateModified\":\"2025-07-02T12:14:56+00:00\",\"description\":\"AT132 \u00e8 un nastro in tessuto polivalente laminato, impermeabile e lucido, rivestito con un adesivo in gomma aggressivo, sensibile alla pressione e privo di solventi.\",\"breadcrumb\":{\"@id\":\"https:\\\/\\\/cardinal-tapes.com\\\/it\\\/nastri-adesivi\\\/aree-di-applicazione\\\/industria-edile\\\/at132-dotto-nastro\\\/#breadcrumb\"},\"inLanguage\":\"it-IT\",\"potentialAction\":[{\"@type\":\"ReadAction\",\"target\":[\"https:\\\/\\\/cardinal-tapes.com\\\/it\\\/nastri-adesivi\\\/aree-di-applicazione\\\/industria-edile\\\/at132-dotto-nastro\\\/\"]}]},{\"@type\":\"ImageObject\",\"inLanguage\":\"it-IT\",\"@id\":\"https:\\\/\\\/cardinal-tapes.com\\\/it\\\/nastri-adesivi\\\/aree-di-applicazione\\\/industria-edile\\\/at132-dotto-nastro\\\/#primaryimage\",\"url\":\"https:\\\/\\\/cardinal-tapes.com\\\/wp-content\\\/uploads\\\/Advance-Tapes_AT132_Group.jpg\",\"contentUrl\":\"https:\\\/\\\/cardinal-tapes.com\\\/wp-content\\\/uploads\\\/Advance-Tapes_AT132_Group.jpg\",\"width\":600,\"height\":600},{\"@type\":\"BreadcrumbList\",\"@id\":\"https:\\\/\\\/cardinal-tapes.com\\\/it\\\/nastri-adesivi\\\/aree-di-applicazione\\\/industria-edile\\\/at132-dotto-nastro\\\/#breadcrumb\",\"itemListElement\":[{\"@type\":\"ListItem\",\"position\":1,\"name\":\"Startseite\",\"item\":\"https:\\\/\\\/cardinal-tapes.com\\\/it\\\/casa\\\/\"},{\"@type\":\"ListItem\",\"position\":2,\"name\":\"Nastri adesivi\",\"item\":\"https:\\\/\\\/cardinal-tapes.com\\\/it\\\/nastri-adesivi-it\\\/\"},{\"@type\":\"ListItem\",\"position\":3,\"name\":\"Einseitige Klebeb\u00e4nder\",\"item\":\"https:\\\/\\\/cardinal-tapes.com\\\/kategorie\\\/einseitige-klebebaender\\\/\"},{\"@type\":\"ListItem\",\"position\":4,\"name\":\"AT132 Nastro adesivo\"}]},{\"@type\":\"WebSite\",\"@id\":\"https:\\\/\\\/cardinal-tapes.com\\\/#website\",\"url\":\"https:\\\/\\\/cardinal-tapes.com\\\/\",\"name\":\"cardinal TAPES\",\"description\":\"Klebetechnik aus Wuppertal\",\"potentialAction\":[{\"@type\":\"SearchAction\",\"target\":{\"@type\":\"EntryPoint\",\"urlTemplate\":\"https:\\\/\\\/cardinal-tapes.com\\\/?s={search_term_string}\"},\"query-input\":{\"@type\":\"PropertyValueSpecification\",\"valueRequired\":true,\"valueName\":\"search_term_string\"}}],\"inLanguage\":\"it-IT\"}]}<\/script>\n<!-- \/ Yoast SEO plugin. -->","yoast_head_json":{"title":"AT132 Nastro adesivo con alta aderenza | Cardinal TAPES","description":"AT132 \u00e8 un nastro in tessuto polivalente laminato, impermeabile e lucido, rivestito con un adesivo in gomma aggressivo, sensibile alla pressione e privo di solventi.","robots":{"index":"index","follow":"follow","max-snippet":"max-snippet:-1","max-image-preview":"max-image-preview:large","max-video-preview":"max-video-preview:-1"},"canonical":"https:\/\/cardinal-tapes.com\/it\/nastri-adesivi\/aree-di-applicazione\/industria-edile\/at132-dotto-nastro\/","og_locale":"it_IT","og_type":"article","og_title":"AT132 Nastro adesivo con alta aderenza | Cardinal TAPES","og_description":"AT132 \u00e8 un nastro in tessuto polivalente laminato, impermeabile e lucido, rivestito con un adesivo in gomma aggressivo, sensibile alla pressione e privo di solventi.","og_url":"https:\/\/cardinal-tapes.com\/it\/nastri-adesivi\/aree-di-applicazione\/industria-edile\/at132-dotto-nastro\/","og_site_name":"cardinal TAPES","article_modified_time":"2025-07-02T12:14:56+00:00","og_image":[{"width":600,"height":600,"url":"https:\/\/cardinal-tapes.com\/wp-content\/uploads\/Advance-Tapes_AT132_Group.jpg","type":"image\/jpeg"}],"twitter_card":"summary_large_image","twitter_misc":{"Tempo di lettura stimato":"1 minuto"},"schema":{"@context":"https:\/\/schema.org","@graph":[{"@type":"WebPage","@id":"https:\/\/cardinal-tapes.com\/it\/nastri-adesivi\/aree-di-applicazione\/industria-edile\/at132-dotto-nastro\/","url":"https:\/\/cardinal-tapes.com\/it\/nastri-adesivi\/aree-di-applicazione\/industria-edile\/at132-dotto-nastro\/","name":"AT132 Nastro adesivo con alta aderenza | Cardinal TAPES","isPartOf":{"@id":"https:\/\/cardinal-tapes.com\/#website"},"primaryImageOfPage":{"@id":"https:\/\/cardinal-tapes.com\/it\/nastri-adesivi\/aree-di-applicazione\/industria-edile\/at132-dotto-nastro\/#primaryimage"},"image":{"@id":"https:\/\/cardinal-tapes.com\/it\/nastri-adesivi\/aree-di-applicazione\/industria-edile\/at132-dotto-nastro\/#primaryimage"},"thumbnailUrl":"https:\/\/cardinal-tapes.com\/wp-content\/uploads\/Advance-Tapes_AT132_Group.jpg","datePublished":"2023-06-05T14:56:26+00:00","dateModified":"2025-07-02T12:14:56+00:00","description":"AT132 \u00e8 un nastro in tessuto polivalente laminato, impermeabile e lucido, rivestito con un adesivo in gomma aggressivo, sensibile alla pressione e privo di solventi.","breadcrumb":{"@id":"https:\/\/cardinal-tapes.com\/it\/nastri-adesivi\/aree-di-applicazione\/industria-edile\/at132-dotto-nastro\/#breadcrumb"},"inLanguage":"it-IT","potentialAction":[{"@type":"ReadAction","target":["https:\/\/cardinal-tapes.com\/it\/nastri-adesivi\/aree-di-applicazione\/industria-edile\/at132-dotto-nastro\/"]}]},{"@type":"ImageObject","inLanguage":"it-IT","@id":"https:\/\/cardinal-tapes.com\/it\/nastri-adesivi\/aree-di-applicazione\/industria-edile\/at132-dotto-nastro\/#primaryimage","url":"https:\/\/cardinal-tapes.com\/wp-content\/uploads\/Advance-Tapes_AT132_Group.jpg","contentUrl":"https:\/\/cardinal-tapes.com\/wp-content\/uploads\/Advance-Tapes_AT132_Group.jpg","width":600,"height":600},{"@type":"BreadcrumbList","@id":"https:\/\/cardinal-tapes.com\/it\/nastri-adesivi\/aree-di-applicazione\/industria-edile\/at132-dotto-nastro\/#breadcrumb","itemListElement":[{"@type":"ListItem","position":1,"name":"Startseite","item":"https:\/\/cardinal-tapes.com\/it\/casa\/"},{"@type":"ListItem","position":2,"name":"Nastri adesivi","item":"https:\/\/cardinal-tapes.com\/it\/nastri-adesivi-it\/"},{"@type":"ListItem","position":3,"name":"Einseitige Klebeb\u00e4nder","item":"https:\/\/cardinal-tapes.com\/kategorie\/einseitige-klebebaender\/"},{"@type":"ListItem","position":4,"name":"AT132 Nastro adesivo"}]},{"@type":"WebSite","@id":"https:\/\/cardinal-tapes.com\/#website","url":"https:\/\/cardinal-tapes.com\/","name":"cardinal TAPES","description":"Klebetechnik aus Wuppertal","potentialAction":[{"@type":"SearchAction","target":{"@type":"EntryPoint","urlTemplate":"https:\/\/cardinal-tapes.com\/?s={search_term_string}"},"query-input":{"@type":"PropertyValueSpecification","valueRequired":true,"valueName":"search_term_string"}}],"inLanguage":"it-IT"}]}},"brands":[{"id":2313,"name":"Advance Tapes","slug":"advance-tapes-it"}],"_links":{"self":[{"href":"https:\/\/cardinal-tapes.com\/it\/wp-json\/wp\/v2\/product\/41897","targetHints":{"allow":["GET"]}}],"collection":[{"href":"https:\/\/cardinal-tapes.com\/it\/wp-json\/wp\/v2\/product"}],"about":[{"href":"https:\/\/cardinal-tapes.com\/it\/wp-json\/wp\/v2\/types\/product"}],"wp:featuredmedia":[{"embeddable":true,"href":"https:\/\/cardinal-tapes.com\/it\/wp-json\/wp\/v2\/media\/28661"}],"wp:attachment":[{"href":"https:\/\/cardinal-tapes.com\/it\/wp-json\/wp\/v2\/media?parent=41897"}],"wp:term":[{"taxonomy":"pwb-brand","embeddable":true,"href":"https:\/\/cardinal-tapes.com\/it\/wp-json\/wp\/v2\/pwb-brand?post=41897"},{"taxonomy":"product_brand","embeddable":true,"href":"https:\/\/cardinal-tapes.com\/it\/wp-json\/wp\/v2\/product_brand?post=41897"},{"taxonomy":"product_cat","embeddable":true,"href":"https:\/\/cardinal-tapes.com\/it\/wp-json\/wp\/v2\/product_cat?post=41897"},{"taxonomy":"product_tag","embeddable":true,"href":"https:\/\/cardinal-tapes.com\/it\/wp-json\/wp\/v2\/product_tag?post=41897"}],"curies":[{"name":"wp","href":"https:\/\/api.w.org\/{rel}","templated":true}]}}