{"id":41889,"date":"2020-12-21T14:20:58","date_gmt":"2023-06-05T14:56:26","guid":{"rendered":"https:\/\/cardinal.pixel-tal.de\/klebebaender\/senza-categoria\/at121-nastro-in-tessuto-di-rayon\/"},"modified":"2025-07-02T14:15:13","modified_gmt":"2025-07-02T12:15:13","slug":"at121-nastro-di-tessuto-ai-raggi-x","status":"publish","type":"product","link":"https:\/\/cardinal-tapes.com\/it\/nastri-adesivi\/aree-di-applicazione\/nastro-adesivo-per-tessuti\/at121-nastro-di-tessuto-ai-raggi-x\/","title":{"rendered":"AT121 Nastro in tessuto di rayon"},"content":{"rendered":"<div class=\"first_para_desc\">\n<div class=\"first_para_desc\">\n<div class=\"first_para_desc\">\n<p>AT121 \u00e8 un nastro in tessuto di rayon resistente, a trama fitta, non sbiancato e non rivestito, rivestito con un adesivo in gomma bianco, aggressivo, sensibile alla pressione e privo di solventi. Il nastro non solo \u00e8 completamente biodegradabile, ma \u00e8 anche a pH neutro. Forte, resistente all&#8217;abrasione e facile da incollare, AT121 \u00e8 esattamente il nastro che i professionisti desiderano. Adatta per fissare l&#8217;attrezzatura sportiva e per legare le corde di nylon dei paracadute militari.<br \/>\nLa cinghia \u00e8 conforme alle specifiche dello standard militare DEF STAN 81-145\/2.<\/p>\n<\/div>\n<p><strong>Applicazioni<\/strong><\/p>\n<ul>\n<li>Avvolgere le maniglie delle attrezzature sportive<\/li>\n<li>Legare corde di nylon ai paracadute militari<\/li>\n<li>Fissare bende e medicazioni sugli animali<\/li>\n<\/ul>\n<\/div>\n<\/div>\n","protected":false},"excerpt":{"rendered":"<p>AT121 \u00e8 un nastro in tessuto di rayon resistente, a trama fitta, non sbiancato e non rivestito, rivestito con un adesivo in gomma bianco, aggressivo, sensibile alla pressione e privo di solventi. Il nastro non solo \u00e8 completamente biodegradabile, ma \u00e8 anche a pH neutro. Forte, resistente all&#8217;abrasione e facile da incollare, AT121 \u00e8 esattamente [&hellip;]<\/p>\n","protected":false},"featured_media":28673,"template":"","meta":{"_acf_changed":false},"pwb-brand":[2313],"product_brand":[],"product_cat":[1725,1727,1826],"product_tag":[],"class_list":{"0":"post-41889","1":"product","2":"type-product","3":"status-publish","4":"has-post-thumbnail","6":"pwb-brand-advance-tapes-it","7":"product_cat-nastro-adesivo-per-tessuti","8":"product_cat-nastri-rivestiti-in-plastica","9":"product_cat-nastri-monoadesivi","11":"first","12":"instock","13":"taxable","14":"shipping-taxable","15":"purchasable","16":"product-type-variable"},"acf":[],"yoast_head":"<!-- This site is optimized with the Yoast SEO plugin v27.3 - https:\/\/yoast.com\/product\/yoast-seo-wordpress\/ -->\n<title>AT121 Nastro per tessuto in rayon | Cardinal TAPES<\/title>\n<meta name=\"description\" content=\"AT121 \u00e8 un nastro in tessuto di rayon resistente, a trama fitta, non sbiancato e non rivestito, rivestito con un adesivo in gomma bianco, aggressivo, sensibile alla pressione e privo di solventi.\" \/>\n<meta name=\"robots\" content=\"index, follow, max-snippet:-1, max-image-preview:large, max-video-preview:-1\" \/>\n<link rel=\"canonical\" href=\"https:\/\/cardinal-tapes.com\/it\/nastri-adesivi\/aree-di-applicazione\/nastro-adesivo-per-tessuti\/at121-nastro-di-tessuto-ai-raggi-x\/\" \/>\n<meta property=\"og:locale\" content=\"it_IT\" \/>\n<meta property=\"og:type\" content=\"article\" \/>\n<meta property=\"og:title\" content=\"AT121 Nastro per tessuto in rayon | Cardinal TAPES\" \/>\n<meta property=\"og:description\" content=\"AT121 \u00e8 un nastro in tessuto di rayon resistente, a trama fitta, non sbiancato e non rivestito, rivestito con un adesivo in gomma bianco, aggressivo, sensibile alla pressione e privo di solventi.\" \/>\n<meta property=\"og:url\" content=\"https:\/\/cardinal-tapes.com\/it\/nastri-adesivi\/aree-di-applicazione\/nastro-adesivo-per-tessuti\/at121-nastro-di-tessuto-ai-raggi-x\/\" \/>\n<meta property=\"og:site_name\" content=\"cardinal TAPES\" \/>\n<meta property=\"article:modified_time\" content=\"2025-07-02T12:15:13+00:00\" \/>\n<meta property=\"og:image\" content=\"https:\/\/cardinal-tapes.com\/wp-content\/uploads\/Advance-Tapes_AT121_White.jpg\" \/>\n\t<meta property=\"og:image:width\" content=\"600\" \/>\n\t<meta property=\"og:image:height\" content=\"600\" \/>\n\t<meta property=\"og:image:type\" content=\"image\/jpeg\" \/>\n<meta name=\"twitter:card\" content=\"summary_large_image\" \/>\n<meta name=\"twitter:label1\" content=\"Tempo di lettura stimato\" \/>\n\t<meta name=\"twitter:data1\" content=\"1 minuto\" \/>\n<script type=\"application\/ld+json\" class=\"yoast-schema-graph\">{\"@context\":\"https:\\\/\\\/schema.org\",\"@graph\":[{\"@type\":\"WebPage\",\"@id\":\"https:\\\/\\\/cardinal-tapes.com\\\/it\\\/nastri-adesivi\\\/aree-di-applicazione\\\/nastro-adesivo-per-tessuti\\\/at121-nastro-di-tessuto-ai-raggi-x\\\/\",\"url\":\"https:\\\/\\\/cardinal-tapes.com\\\/it\\\/nastri-adesivi\\\/aree-di-applicazione\\\/nastro-adesivo-per-tessuti\\\/at121-nastro-di-tessuto-ai-raggi-x\\\/\",\"name\":\"AT121 Nastro per tessuto in rayon | Cardinal TAPES\",\"isPartOf\":{\"@id\":\"https:\\\/\\\/cardinal-tapes.com\\\/#website\"},\"primaryImageOfPage\":{\"@id\":\"https:\\\/\\\/cardinal-tapes.com\\\/it\\\/nastri-adesivi\\\/aree-di-applicazione\\\/nastro-adesivo-per-tessuti\\\/at121-nastro-di-tessuto-ai-raggi-x\\\/#primaryimage\"},\"image\":{\"@id\":\"https:\\\/\\\/cardinal-tapes.com\\\/it\\\/nastri-adesivi\\\/aree-di-applicazione\\\/nastro-adesivo-per-tessuti\\\/at121-nastro-di-tessuto-ai-raggi-x\\\/#primaryimage\"},\"thumbnailUrl\":\"https:\\\/\\\/cardinal-tapes.com\\\/wp-content\\\/uploads\\\/Advance-Tapes_AT121_White.jpg\",\"datePublished\":\"2023-06-05T14:56:26+00:00\",\"dateModified\":\"2025-07-02T12:15:13+00:00\",\"description\":\"AT121 \u00e8 un nastro in tessuto di rayon resistente, a trama fitta, non sbiancato e non rivestito, rivestito con un adesivo in gomma bianco, aggressivo, sensibile alla pressione e privo di solventi.\",\"breadcrumb\":{\"@id\":\"https:\\\/\\\/cardinal-tapes.com\\\/it\\\/nastri-adesivi\\\/aree-di-applicazione\\\/nastro-adesivo-per-tessuti\\\/at121-nastro-di-tessuto-ai-raggi-x\\\/#breadcrumb\"},\"inLanguage\":\"it-IT\",\"potentialAction\":[{\"@type\":\"ReadAction\",\"target\":[\"https:\\\/\\\/cardinal-tapes.com\\\/it\\\/nastri-adesivi\\\/aree-di-applicazione\\\/nastro-adesivo-per-tessuti\\\/at121-nastro-di-tessuto-ai-raggi-x\\\/\"]}]},{\"@type\":\"ImageObject\",\"inLanguage\":\"it-IT\",\"@id\":\"https:\\\/\\\/cardinal-tapes.com\\\/it\\\/nastri-adesivi\\\/aree-di-applicazione\\\/nastro-adesivo-per-tessuti\\\/at121-nastro-di-tessuto-ai-raggi-x\\\/#primaryimage\",\"url\":\"https:\\\/\\\/cardinal-tapes.com\\\/wp-content\\\/uploads\\\/Advance-Tapes_AT121_White.jpg\",\"contentUrl\":\"https:\\\/\\\/cardinal-tapes.com\\\/wp-content\\\/uploads\\\/Advance-Tapes_AT121_White.jpg\",\"width\":600,\"height\":600},{\"@type\":\"BreadcrumbList\",\"@id\":\"https:\\\/\\\/cardinal-tapes.com\\\/it\\\/nastri-adesivi\\\/aree-di-applicazione\\\/nastro-adesivo-per-tessuti\\\/at121-nastro-di-tessuto-ai-raggi-x\\\/#breadcrumb\",\"itemListElement\":[{\"@type\":\"ListItem\",\"position\":1,\"name\":\"Startseite\",\"item\":\"https:\\\/\\\/cardinal-tapes.com\\\/it\\\/casa\\\/\"},{\"@type\":\"ListItem\",\"position\":2,\"name\":\"Nastri adesivi\",\"item\":\"https:\\\/\\\/cardinal-tapes.com\\\/it\\\/nastri-adesivi-it\\\/\"},{\"@type\":\"ListItem\",\"position\":3,\"name\":\"Einseitige Klebeb\u00e4nder\",\"item\":\"https:\\\/\\\/cardinal-tapes.com\\\/kategorie\\\/einseitige-klebebaender\\\/\"},{\"@type\":\"ListItem\",\"position\":4,\"name\":\"AT121 Nastro in tessuto di rayon\"}]},{\"@type\":\"WebSite\",\"@id\":\"https:\\\/\\\/cardinal-tapes.com\\\/#website\",\"url\":\"https:\\\/\\\/cardinal-tapes.com\\\/\",\"name\":\"cardinal TAPES\",\"description\":\"Klebetechnik aus Wuppertal\",\"potentialAction\":[{\"@type\":\"SearchAction\",\"target\":{\"@type\":\"EntryPoint\",\"urlTemplate\":\"https:\\\/\\\/cardinal-tapes.com\\\/?s={search_term_string}\"},\"query-input\":{\"@type\":\"PropertyValueSpecification\",\"valueRequired\":true,\"valueName\":\"search_term_string\"}}],\"inLanguage\":\"it-IT\"}]}<\/script>\n<!-- \/ Yoast SEO plugin. -->","yoast_head_json":{"title":"AT121 Nastro per tessuto in rayon | Cardinal TAPES","description":"AT121 \u00e8 un nastro in tessuto di rayon resistente, a trama fitta, non sbiancato e non rivestito, rivestito con un adesivo in gomma bianco, aggressivo, sensibile alla pressione e privo di solventi.","robots":{"index":"index","follow":"follow","max-snippet":"max-snippet:-1","max-image-preview":"max-image-preview:large","max-video-preview":"max-video-preview:-1"},"canonical":"https:\/\/cardinal-tapes.com\/it\/nastri-adesivi\/aree-di-applicazione\/nastro-adesivo-per-tessuti\/at121-nastro-di-tessuto-ai-raggi-x\/","og_locale":"it_IT","og_type":"article","og_title":"AT121 Nastro per tessuto in rayon | Cardinal TAPES","og_description":"AT121 \u00e8 un nastro in tessuto di rayon resistente, a trama fitta, non sbiancato e non rivestito, rivestito con un adesivo in gomma bianco, aggressivo, sensibile alla pressione e privo di solventi.","og_url":"https:\/\/cardinal-tapes.com\/it\/nastri-adesivi\/aree-di-applicazione\/nastro-adesivo-per-tessuti\/at121-nastro-di-tessuto-ai-raggi-x\/","og_site_name":"cardinal TAPES","article_modified_time":"2025-07-02T12:15:13+00:00","og_image":[{"width":600,"height":600,"url":"https:\/\/cardinal-tapes.com\/wp-content\/uploads\/Advance-Tapes_AT121_White.jpg","type":"image\/jpeg"}],"twitter_card":"summary_large_image","twitter_misc":{"Tempo di lettura stimato":"1 minuto"},"schema":{"@context":"https:\/\/schema.org","@graph":[{"@type":"WebPage","@id":"https:\/\/cardinal-tapes.com\/it\/nastri-adesivi\/aree-di-applicazione\/nastro-adesivo-per-tessuti\/at121-nastro-di-tessuto-ai-raggi-x\/","url":"https:\/\/cardinal-tapes.com\/it\/nastri-adesivi\/aree-di-applicazione\/nastro-adesivo-per-tessuti\/at121-nastro-di-tessuto-ai-raggi-x\/","name":"AT121 Nastro per tessuto in rayon | Cardinal TAPES","isPartOf":{"@id":"https:\/\/cardinal-tapes.com\/#website"},"primaryImageOfPage":{"@id":"https:\/\/cardinal-tapes.com\/it\/nastri-adesivi\/aree-di-applicazione\/nastro-adesivo-per-tessuti\/at121-nastro-di-tessuto-ai-raggi-x\/#primaryimage"},"image":{"@id":"https:\/\/cardinal-tapes.com\/it\/nastri-adesivi\/aree-di-applicazione\/nastro-adesivo-per-tessuti\/at121-nastro-di-tessuto-ai-raggi-x\/#primaryimage"},"thumbnailUrl":"https:\/\/cardinal-tapes.com\/wp-content\/uploads\/Advance-Tapes_AT121_White.jpg","datePublished":"2023-06-05T14:56:26+00:00","dateModified":"2025-07-02T12:15:13+00:00","description":"AT121 \u00e8 un nastro in tessuto di rayon resistente, a trama fitta, non sbiancato e non rivestito, rivestito con un adesivo in gomma bianco, aggressivo, sensibile alla pressione e privo di solventi.","breadcrumb":{"@id":"https:\/\/cardinal-tapes.com\/it\/nastri-adesivi\/aree-di-applicazione\/nastro-adesivo-per-tessuti\/at121-nastro-di-tessuto-ai-raggi-x\/#breadcrumb"},"inLanguage":"it-IT","potentialAction":[{"@type":"ReadAction","target":["https:\/\/cardinal-tapes.com\/it\/nastri-adesivi\/aree-di-applicazione\/nastro-adesivo-per-tessuti\/at121-nastro-di-tessuto-ai-raggi-x\/"]}]},{"@type":"ImageObject","inLanguage":"it-IT","@id":"https:\/\/cardinal-tapes.com\/it\/nastri-adesivi\/aree-di-applicazione\/nastro-adesivo-per-tessuti\/at121-nastro-di-tessuto-ai-raggi-x\/#primaryimage","url":"https:\/\/cardinal-tapes.com\/wp-content\/uploads\/Advance-Tapes_AT121_White.jpg","contentUrl":"https:\/\/cardinal-tapes.com\/wp-content\/uploads\/Advance-Tapes_AT121_White.jpg","width":600,"height":600},{"@type":"BreadcrumbList","@id":"https:\/\/cardinal-tapes.com\/it\/nastri-adesivi\/aree-di-applicazione\/nastro-adesivo-per-tessuti\/at121-nastro-di-tessuto-ai-raggi-x\/#breadcrumb","itemListElement":[{"@type":"ListItem","position":1,"name":"Startseite","item":"https:\/\/cardinal-tapes.com\/it\/casa\/"},{"@type":"ListItem","position":2,"name":"Nastri adesivi","item":"https:\/\/cardinal-tapes.com\/it\/nastri-adesivi-it\/"},{"@type":"ListItem","position":3,"name":"Einseitige Klebeb\u00e4nder","item":"https:\/\/cardinal-tapes.com\/kategorie\/einseitige-klebebaender\/"},{"@type":"ListItem","position":4,"name":"AT121 Nastro in tessuto di rayon"}]},{"@type":"WebSite","@id":"https:\/\/cardinal-tapes.com\/#website","url":"https:\/\/cardinal-tapes.com\/","name":"cardinal TAPES","description":"Klebetechnik aus Wuppertal","potentialAction":[{"@type":"SearchAction","target":{"@type":"EntryPoint","urlTemplate":"https:\/\/cardinal-tapes.com\/?s={search_term_string}"},"query-input":{"@type":"PropertyValueSpecification","valueRequired":true,"valueName":"search_term_string"}}],"inLanguage":"it-IT"}]}},"brands":[{"id":2313,"name":"Advance Tapes","slug":"advance-tapes-it"}],"_links":{"self":[{"href":"https:\/\/cardinal-tapes.com\/it\/wp-json\/wp\/v2\/product\/41889","targetHints":{"allow":["GET"]}}],"collection":[{"href":"https:\/\/cardinal-tapes.com\/it\/wp-json\/wp\/v2\/product"}],"about":[{"href":"https:\/\/cardinal-tapes.com\/it\/wp-json\/wp\/v2\/types\/product"}],"wp:featuredmedia":[{"embeddable":true,"href":"https:\/\/cardinal-tapes.com\/it\/wp-json\/wp\/v2\/media\/28673"}],"wp:attachment":[{"href":"https:\/\/cardinal-tapes.com\/it\/wp-json\/wp\/v2\/media?parent=41889"}],"wp:term":[{"taxonomy":"pwb-brand","embeddable":true,"href":"https:\/\/cardinal-tapes.com\/it\/wp-json\/wp\/v2\/pwb-brand?post=41889"},{"taxonomy":"product_brand","embeddable":true,"href":"https:\/\/cardinal-tapes.com\/it\/wp-json\/wp\/v2\/product_brand?post=41889"},{"taxonomy":"product_cat","embeddable":true,"href":"https:\/\/cardinal-tapes.com\/it\/wp-json\/wp\/v2\/product_cat?post=41889"},{"taxonomy":"product_tag","embeddable":true,"href":"https:\/\/cardinal-tapes.com\/it\/wp-json\/wp\/v2\/product_tag?post=41889"}],"curies":[{"name":"wp","href":"https:\/\/api.w.org\/{rel}","templated":true}]}}