{"id":41359,"date":"2021-06-15T12:03:55","date_gmt":"2023-06-05T14:56:11","guid":{"rendered":"https:\/\/cardinal.pixel-tal.de\/klebebaender\/senza-categoria\/norseal-5041-pvc-espanso\/"},"modified":"2023-06-05T16:56:11","modified_gmt":"2023-06-05T14:56:11","slug":"norseal-5041-pvc-schaum","status":"publish","type":"product","link":"https:\/\/cardinal-tapes.com\/it\/nastri-adesivi\/aree-di-applicazione\/ingegneria-meccanica\/norseal-5041-pvc-schaum\/","title":{"rendered":"Norseal\u00ae 5041 PVC espanso"},"content":{"rendered":"<div>Norseal\u00ae 5041 \u00e8 una schiuma di PVC a cellule chiuse ad alta densit\u00e0.<\/div>\n<div><\/div>\n<div>\n<div class=\"page\" data-page-number=\"1\" data-loaded=\"true\">\n<div class=\"textLayer\">\n<div>\n<div>Norseal 5041 \u00e8 una schiuma con un&#8217;elevata durezza interna, che la rende ideale come paraurti e smorzatore di vibrazioni. La sua resistenza e l&#8217;elevata forza di sospensione sono estremamente<\/div>\n<div>utile per le applicazioni di punzonatura. Per garantire una tenuta adeguata, la schiuma deve essere compressa di almeno il 30% nel giunto finale. Dopo l&#8217;applicazione, la schiuma pu\u00f2 compensare i normali movimenti del giunto causati dall&#8217;espansione termica del volume o dalle influenze ambientali.<\/div>\n<div><\/div>\n<div>Norseal 5041 \u00e8 una schiuma sigillante monofacciale con un adesivo acrilico solubile in acqua e deve quindi essere applicato su superfici pulite e asciutte.<\/div>\n<\/div>\n<div><\/div>\n<div><strong>Versione ignifuga<\/strong><\/div>\n<div>La schiuma Norseal 5040 \u00e8 certificata B1 (DIN 4102-01, 05\/98).<\/div>\n<div class=\"endOfContent\"><\/div>\n<\/div>\n<\/div>\n<div class=\"page\" data-page-number=\"2\" data-loaded=\"true\">\n<div class=\"canvasWrapper\"><\/div>\n<div class=\"textLayer\"><\/div>\n<\/div>\n<\/div>\n","protected":false},"excerpt":{"rendered":"<p>Norseal\u00ae 5041 \u00e8 una schiuma di PVC a cellule chiuse ad alta densit\u00e0. Norseal 5041 \u00e8 una schiuma con un&#8217;elevata durezza interna, che la rende ideale come paraurti e smorzatore di vibrazioni. La sua resistenza e l&#8217;elevata forza di sospensione sono estremamente utile per le applicazioni di punzonatura. Per garantire una tenuta adeguata, la schiuma [&hellip;]<\/p>\n","protected":false},"featured_media":28681,"template":"","meta":{"_acf_changed":false},"pwb-brand":[3666,2310],"product_brand":[],"product_cat":[1731,1826],"product_tag":[],"class_list":{"0":"post-41359","1":"product","2":"type-product","3":"status-publish","4":"has-post-thumbnail","6":"pwb-brand-saint-gobain-norseal-it","7":"pwb-brand-saint-gobain-it","8":"product_cat-ingegneria-meccanica","9":"product_cat-nastri-monoadesivi","11":"first","12":"instock","13":"taxable","14":"shipping-taxable","15":"product-type-variable"},"acf":[],"yoast_head":"<!-- This site is optimized with the Yoast SEO plugin v27.3 - https:\/\/yoast.com\/product\/yoast-seo-wordpress\/ -->\n<title>Norseal\u00ae 5041 PVC espanso | Nastri cardinalizi<\/title>\n<meta name=\"description\" content=\"Norseal\u00ae 5041 \u00e8 una schiuma di PVC a cellule chiuse ad alta densit\u00e0.\" \/>\n<meta name=\"robots\" content=\"index, follow, max-snippet:-1, max-image-preview:large, max-video-preview:-1\" \/>\n<link rel=\"canonical\" href=\"https:\/\/cardinal-tapes.com\/it\/nastri-adesivi\/ingegneria-meccanica\/norseal-5041-pvc-schaum\/\" \/>\n<meta property=\"og:locale\" content=\"it_IT\" \/>\n<meta property=\"og:type\" content=\"article\" \/>\n<meta property=\"og:title\" content=\"Norseal\u00ae 5041 PVC espanso | Nastri cardinalizi\" \/>\n<meta property=\"og:description\" content=\"Norseal\u00ae 5041 \u00e8 una schiuma di PVC a cellule chiuse ad alta densit\u00e0.\" \/>\n<meta property=\"og:url\" content=\"https:\/\/cardinal-tapes.com\/it\/nastri-adesivi\/ingegneria-meccanica\/norseal-5041-pvc-schaum\/\" \/>\n<meta property=\"og:site_name\" content=\"cardinal TAPES\" \/>\n<meta property=\"og:image\" content=\"https:\/\/cardinal-tapes.com\/wp-content\/uploads\/Norseal-PVC-Black-A_153127.png\" \/>\n\t<meta property=\"og:image:width\" content=\"415\" \/>\n\t<meta property=\"og:image:height\" content=\"415\" \/>\n\t<meta property=\"og:image:type\" content=\"image\/png\" \/>\n<meta name=\"twitter:card\" content=\"summary_large_image\" \/>\n<meta name=\"twitter:label1\" content=\"Tempo di lettura stimato\" \/>\n\t<meta name=\"twitter:data1\" content=\"1 minuto\" \/>\n<script type=\"application\/ld+json\" class=\"yoast-schema-graph\">{\"@context\":\"https:\\\/\\\/schema.org\",\"@graph\":[{\"@type\":\"WebPage\",\"@id\":\"https:\\\/\\\/cardinal-tapes.com\\\/it\\\/nastri-adesivi\\\/ingegneria-meccanica\\\/norseal-5041-pvc-schaum\\\/\",\"url\":\"https:\\\/\\\/cardinal-tapes.com\\\/it\\\/nastri-adesivi\\\/ingegneria-meccanica\\\/norseal-5041-pvc-schaum\\\/\",\"name\":\"Norseal\u00ae 5041 PVC espanso | Nastri cardinalizi\",\"isPartOf\":{\"@id\":\"https:\\\/\\\/cardinal-tapes.com\\\/#website\"},\"primaryImageOfPage\":{\"@id\":\"https:\\\/\\\/cardinal-tapes.com\\\/it\\\/nastri-adesivi\\\/ingegneria-meccanica\\\/norseal-5041-pvc-schaum\\\/#primaryimage\"},\"image\":{\"@id\":\"https:\\\/\\\/cardinal-tapes.com\\\/it\\\/nastri-adesivi\\\/ingegneria-meccanica\\\/norseal-5041-pvc-schaum\\\/#primaryimage\"},\"thumbnailUrl\":\"https:\\\/\\\/cardinal-tapes.com\\\/wp-content\\\/uploads\\\/Norseal-PVC-Black-A_153127.png\",\"datePublished\":\"2023-06-05T14:56:11+00:00\",\"description\":\"Norseal\u00ae 5041 \u00e8 una schiuma di PVC a cellule chiuse ad alta densit\u00e0.\",\"breadcrumb\":{\"@id\":\"https:\\\/\\\/cardinal-tapes.com\\\/it\\\/nastri-adesivi\\\/ingegneria-meccanica\\\/norseal-5041-pvc-schaum\\\/#breadcrumb\"},\"inLanguage\":\"it-IT\",\"potentialAction\":[{\"@type\":\"ReadAction\",\"target\":[\"https:\\\/\\\/cardinal-tapes.com\\\/it\\\/nastri-adesivi\\\/ingegneria-meccanica\\\/norseal-5041-pvc-schaum\\\/\"]}]},{\"@type\":\"ImageObject\",\"inLanguage\":\"it-IT\",\"@id\":\"https:\\\/\\\/cardinal-tapes.com\\\/it\\\/nastri-adesivi\\\/ingegneria-meccanica\\\/norseal-5041-pvc-schaum\\\/#primaryimage\",\"url\":\"https:\\\/\\\/cardinal-tapes.com\\\/wp-content\\\/uploads\\\/Norseal-PVC-Black-A_153127.png\",\"contentUrl\":\"https:\\\/\\\/cardinal-tapes.com\\\/wp-content\\\/uploads\\\/Norseal-PVC-Black-A_153127.png\",\"width\":415,\"height\":415},{\"@type\":\"BreadcrumbList\",\"@id\":\"https:\\\/\\\/cardinal-tapes.com\\\/it\\\/nastri-adesivi\\\/ingegneria-meccanica\\\/norseal-5041-pvc-schaum\\\/#breadcrumb\",\"itemListElement\":[{\"@type\":\"ListItem\",\"position\":1,\"name\":\"Startseite\",\"item\":\"https:\\\/\\\/cardinal-tapes.com\\\/it\\\/casa\\\/\"},{\"@type\":\"ListItem\",\"position\":2,\"name\":\"Nastri adesivi\",\"item\":\"https:\\\/\\\/cardinal-tapes.com\\\/it\\\/nastri-adesivi-it\\\/\"},{\"@type\":\"ListItem\",\"position\":3,\"name\":\"Ingegneria meccanica\",\"item\":\"https:\\\/\\\/cardinal-tapes.com\\\/it\\\/categoria\\\/ingegneria-meccanica\\\/\"},{\"@type\":\"ListItem\",\"position\":4,\"name\":\"Norseal\u00ae 5041 PVC espanso\"}]},{\"@type\":\"WebSite\",\"@id\":\"https:\\\/\\\/cardinal-tapes.com\\\/#website\",\"url\":\"https:\\\/\\\/cardinal-tapes.com\\\/\",\"name\":\"cardinal TAPES\",\"description\":\"Klebetechnik aus Wuppertal\",\"potentialAction\":[{\"@type\":\"SearchAction\",\"target\":{\"@type\":\"EntryPoint\",\"urlTemplate\":\"https:\\\/\\\/cardinal-tapes.com\\\/?s={search_term_string}\"},\"query-input\":{\"@type\":\"PropertyValueSpecification\",\"valueRequired\":true,\"valueName\":\"search_term_string\"}}],\"inLanguage\":\"it-IT\"}]}<\/script>\n<!-- \/ Yoast SEO plugin. -->","yoast_head_json":{"title":"Norseal\u00ae 5041 PVC espanso | Nastri cardinalizi","description":"Norseal\u00ae 5041 \u00e8 una schiuma di PVC a cellule chiuse ad alta densit\u00e0.","robots":{"index":"index","follow":"follow","max-snippet":"max-snippet:-1","max-image-preview":"max-image-preview:large","max-video-preview":"max-video-preview:-1"},"canonical":"https:\/\/cardinal-tapes.com\/it\/nastri-adesivi\/ingegneria-meccanica\/norseal-5041-pvc-schaum\/","og_locale":"it_IT","og_type":"article","og_title":"Norseal\u00ae 5041 PVC espanso | Nastri cardinalizi","og_description":"Norseal\u00ae 5041 \u00e8 una schiuma di PVC a cellule chiuse ad alta densit\u00e0.","og_url":"https:\/\/cardinal-tapes.com\/it\/nastri-adesivi\/ingegneria-meccanica\/norseal-5041-pvc-schaum\/","og_site_name":"cardinal TAPES","og_image":[{"width":415,"height":415,"url":"https:\/\/cardinal-tapes.com\/wp-content\/uploads\/Norseal-PVC-Black-A_153127.png","type":"image\/png"}],"twitter_card":"summary_large_image","twitter_misc":{"Tempo di lettura stimato":"1 minuto"},"schema":{"@context":"https:\/\/schema.org","@graph":[{"@type":"WebPage","@id":"https:\/\/cardinal-tapes.com\/it\/nastri-adesivi\/ingegneria-meccanica\/norseal-5041-pvc-schaum\/","url":"https:\/\/cardinal-tapes.com\/it\/nastri-adesivi\/ingegneria-meccanica\/norseal-5041-pvc-schaum\/","name":"Norseal\u00ae 5041 PVC espanso | Nastri cardinalizi","isPartOf":{"@id":"https:\/\/cardinal-tapes.com\/#website"},"primaryImageOfPage":{"@id":"https:\/\/cardinal-tapes.com\/it\/nastri-adesivi\/ingegneria-meccanica\/norseal-5041-pvc-schaum\/#primaryimage"},"image":{"@id":"https:\/\/cardinal-tapes.com\/it\/nastri-adesivi\/ingegneria-meccanica\/norseal-5041-pvc-schaum\/#primaryimage"},"thumbnailUrl":"https:\/\/cardinal-tapes.com\/wp-content\/uploads\/Norseal-PVC-Black-A_153127.png","datePublished":"2023-06-05T14:56:11+00:00","description":"Norseal\u00ae 5041 \u00e8 una schiuma di PVC a cellule chiuse ad alta densit\u00e0.","breadcrumb":{"@id":"https:\/\/cardinal-tapes.com\/it\/nastri-adesivi\/ingegneria-meccanica\/norseal-5041-pvc-schaum\/#breadcrumb"},"inLanguage":"it-IT","potentialAction":[{"@type":"ReadAction","target":["https:\/\/cardinal-tapes.com\/it\/nastri-adesivi\/ingegneria-meccanica\/norseal-5041-pvc-schaum\/"]}]},{"@type":"ImageObject","inLanguage":"it-IT","@id":"https:\/\/cardinal-tapes.com\/it\/nastri-adesivi\/ingegneria-meccanica\/norseal-5041-pvc-schaum\/#primaryimage","url":"https:\/\/cardinal-tapes.com\/wp-content\/uploads\/Norseal-PVC-Black-A_153127.png","contentUrl":"https:\/\/cardinal-tapes.com\/wp-content\/uploads\/Norseal-PVC-Black-A_153127.png","width":415,"height":415},{"@type":"BreadcrumbList","@id":"https:\/\/cardinal-tapes.com\/it\/nastri-adesivi\/ingegneria-meccanica\/norseal-5041-pvc-schaum\/#breadcrumb","itemListElement":[{"@type":"ListItem","position":1,"name":"Startseite","item":"https:\/\/cardinal-tapes.com\/it\/casa\/"},{"@type":"ListItem","position":2,"name":"Nastri adesivi","item":"https:\/\/cardinal-tapes.com\/it\/nastri-adesivi-it\/"},{"@type":"ListItem","position":3,"name":"Ingegneria meccanica","item":"https:\/\/cardinal-tapes.com\/it\/categoria\/ingegneria-meccanica\/"},{"@type":"ListItem","position":4,"name":"Norseal\u00ae 5041 PVC espanso"}]},{"@type":"WebSite","@id":"https:\/\/cardinal-tapes.com\/#website","url":"https:\/\/cardinal-tapes.com\/","name":"cardinal TAPES","description":"Klebetechnik aus Wuppertal","potentialAction":[{"@type":"SearchAction","target":{"@type":"EntryPoint","urlTemplate":"https:\/\/cardinal-tapes.com\/?s={search_term_string}"},"query-input":{"@type":"PropertyValueSpecification","valueRequired":true,"valueName":"search_term_string"}}],"inLanguage":"it-IT"}]}},"brands":[{"id":3666,"name":"Saint-Gobain Norseal","slug":"saint-gobain-norseal-it"},{"id":2310,"name":"Saint-Gobain Performance Plastics","slug":"saint-gobain-it"}],"_links":{"self":[{"href":"https:\/\/cardinal-tapes.com\/it\/wp-json\/wp\/v2\/product\/41359","targetHints":{"allow":["GET"]}}],"collection":[{"href":"https:\/\/cardinal-tapes.com\/it\/wp-json\/wp\/v2\/product"}],"about":[{"href":"https:\/\/cardinal-tapes.com\/it\/wp-json\/wp\/v2\/types\/product"}],"wp:featuredmedia":[{"embeddable":true,"href":"https:\/\/cardinal-tapes.com\/it\/wp-json\/wp\/v2\/media\/28681"}],"wp:attachment":[{"href":"https:\/\/cardinal-tapes.com\/it\/wp-json\/wp\/v2\/media?parent=41359"}],"wp:term":[{"taxonomy":"pwb-brand","embeddable":true,"href":"https:\/\/cardinal-tapes.com\/it\/wp-json\/wp\/v2\/pwb-brand?post=41359"},{"taxonomy":"product_brand","embeddable":true,"href":"https:\/\/cardinal-tapes.com\/it\/wp-json\/wp\/v2\/product_brand?post=41359"},{"taxonomy":"product_cat","embeddable":true,"href":"https:\/\/cardinal-tapes.com\/it\/wp-json\/wp\/v2\/product_cat?post=41359"},{"taxonomy":"product_tag","embeddable":true,"href":"https:\/\/cardinal-tapes.com\/it\/wp-json\/wp\/v2\/product_tag?post=41359"}],"curies":[{"name":"wp","href":"https:\/\/api.w.org\/{rel}","templated":true}]}}