{"id":41355,"date":"2021-02-22T17:10:41","date_gmt":"2023-06-05T14:56:11","guid":{"rendered":"https:\/\/cardinal.pixel-tal.de\/klebebaender\/senza-categoria\/sistema-a-nastro-adesivo-relink-1292\/"},"modified":"2025-07-02T14:14:13","modified_gmt":"2025-07-02T12:14:13","slug":"sistema-relink-1292-tape","status":"publish","type":"product","link":"https:\/\/cardinal-tapes.com\/it\/nastri-adesivi\/nastri-monoadesivi\/sistema-relink-1292-tape\/","title":{"rendered":"Sistema a nastro adesivo ReLink 1292"},"content":{"rendered":"<p>Saint-Gobain\u00ae Biolink\u00ae relink 1292 \u00e8 un nastro monoadesivo con un supporto in pellicola di poliestere trasparente. L&#8217;adesivo rimovibile offre una buona adesione e resistenza al taglio, nonch\u00e9 una buona riposizionabilit\u00e0 iniziale, e pu\u00f2 essere rimosso dalla maggior parte delle superfici senza lasciare residui, anche dopo un lungo periodo di tempo.<\/p>\n<p><strong>Propriet\u00e0<\/strong><br \/>\n&#8211; Adesione eccellente e sicura al substrato<br \/>\n&#8211; Rimuovibilit\u00e0 senza residui<br \/>\n&#8211; Eccellente resistenza all&#8217;invecchiamento, agli agenti atmosferici e alla temperatura<\/p>\n<p><strong>Applicazioni<\/strong><br \/>\n&#8211; Utilizzo nell&#8217;industria dell&#8217;etichettatura<br \/>\n&#8211; Incollaggio temporaneo in un&#8217;ampia gamma di aree<br \/>\n&#8211; Pellicola protettiva\/aiuto al processo<\/p>\n","protected":false},"excerpt":{"rendered":"<p>Saint-Gobain\u00ae Biolink\u00ae relink 1292 \u00e8 un nastro monoadesivo con un supporto in pellicola di poliestere trasparente. L&#8217;adesivo rimovibile offre una buona adesione e resistenza al taglio, nonch\u00e9 una buona riposizionabilit\u00e0 iniziale, e pu\u00f2 essere rimosso dalla maggior parte delle superfici senza lasciare residui, anche dopo un lungo periodo di tempo. Propriet\u00e0 &#8211; Adesione eccellente e [&hellip;]<\/p>\n","protected":false},"featured_media":0,"template":"","meta":{"_acf_changed":false},"pwb-brand":[2310,2430],"product_brand":[],"product_cat":[1826],"product_tag":[],"class_list":{"0":"post-41355","1":"product","2":"type-product","3":"status-publish","5":"pwb-brand-saint-gobain-it","6":"pwb-brand-biolink-it","7":"product_cat-nastri-monoadesivi","9":"first","10":"instock","11":"taxable","12":"shipping-taxable","13":"product-type-variable"},"acf":[],"yoast_head":"<!-- This site is optimized with the Yoast SEO plugin v27.3 - https:\/\/yoast.com\/product\/yoast-seo-wordpress\/ -->\n<title>Sistema a nastro adesivo ReLink 1292 | Cardinal TAPES<\/title>\n<meta name=\"description\" content=\"ReLink 1292 \u00e8 un nastro adesivo unilaterale a bassa adesivit\u00e0 che pu\u00f2 essere rimosso dalla maggior parte delle superfici senza lasciare residui, anche dopo un lungo periodo di utilizzo.\" \/>\n<meta name=\"robots\" content=\"index, follow, max-snippet:-1, max-image-preview:large, max-video-preview:-1\" \/>\n<link rel=\"canonical\" href=\"https:\/\/cardinal-tapes.com\/it\/nastri-adesivi\/nastri-monoadesivi\/sistema-relink-1292-tape\/\" \/>\n<meta property=\"og:locale\" content=\"it_IT\" \/>\n<meta property=\"og:type\" content=\"article\" \/>\n<meta property=\"og:title\" content=\"Sistema a nastro adesivo ReLink 1292 | Cardinal TAPES\" \/>\n<meta property=\"og:description\" content=\"ReLink 1292 \u00e8 un nastro adesivo unilaterale a bassa adesivit\u00e0 che pu\u00f2 essere rimosso dalla maggior parte delle superfici senza lasciare residui, anche dopo un lungo periodo di utilizzo.\" \/>\n<meta property=\"og:url\" content=\"https:\/\/cardinal-tapes.com\/it\/nastri-adesivi\/nastri-monoadesivi\/sistema-relink-1292-tape\/\" \/>\n<meta property=\"og:site_name\" content=\"cardinal TAPES\" \/>\n<meta property=\"article:modified_time\" content=\"2025-07-02T12:14:13+00:00\" \/>\n<meta name=\"twitter:card\" content=\"summary_large_image\" \/>\n<script type=\"application\/ld+json\" class=\"yoast-schema-graph\">{\"@context\":\"https:\\\/\\\/schema.org\",\"@graph\":[{\"@type\":\"WebPage\",\"@id\":\"https:\\\/\\\/cardinal-tapes.com\\\/it\\\/nastri-adesivi\\\/nastri-monoadesivi\\\/sistema-relink-1292-tape\\\/\",\"url\":\"https:\\\/\\\/cardinal-tapes.com\\\/it\\\/nastri-adesivi\\\/nastri-monoadesivi\\\/sistema-relink-1292-tape\\\/\",\"name\":\"Sistema a nastro adesivo ReLink 1292 | Cardinal TAPES\",\"isPartOf\":{\"@id\":\"https:\\\/\\\/cardinal-tapes.com\\\/#website\"},\"datePublished\":\"2023-06-05T14:56:11+00:00\",\"dateModified\":\"2025-07-02T12:14:13+00:00\",\"description\":\"ReLink 1292 \u00e8 un nastro adesivo unilaterale a bassa adesivit\u00e0 che pu\u00f2 essere rimosso dalla maggior parte delle superfici senza lasciare residui, anche dopo un lungo periodo di utilizzo.\",\"breadcrumb\":{\"@id\":\"https:\\\/\\\/cardinal-tapes.com\\\/it\\\/nastri-adesivi\\\/nastri-monoadesivi\\\/sistema-relink-1292-tape\\\/#breadcrumb\"},\"inLanguage\":\"it-IT\",\"potentialAction\":[{\"@type\":\"ReadAction\",\"target\":[\"https:\\\/\\\/cardinal-tapes.com\\\/it\\\/nastri-adesivi\\\/nastri-monoadesivi\\\/sistema-relink-1292-tape\\\/\"]}]},{\"@type\":\"BreadcrumbList\",\"@id\":\"https:\\\/\\\/cardinal-tapes.com\\\/it\\\/nastri-adesivi\\\/nastri-monoadesivi\\\/sistema-relink-1292-tape\\\/#breadcrumb\",\"itemListElement\":[{\"@type\":\"ListItem\",\"position\":1,\"name\":\"Startseite\",\"item\":\"https:\\\/\\\/cardinal-tapes.com\\\/it\\\/casa\\\/\"},{\"@type\":\"ListItem\",\"position\":2,\"name\":\"Nastri adesivi\",\"item\":\"https:\\\/\\\/cardinal-tapes.com\\\/it\\\/nastri-adesivi-it\\\/\"},{\"@type\":\"ListItem\",\"position\":3,\"name\":\"Einseitige Klebeb\u00e4nder\",\"item\":\"https:\\\/\\\/cardinal-tapes.com\\\/kategorie\\\/einseitige-klebebaender\\\/\"},{\"@type\":\"ListItem\",\"position\":4,\"name\":\"Sistema a nastro adesivo ReLink 1292\"}]},{\"@type\":\"WebSite\",\"@id\":\"https:\\\/\\\/cardinal-tapes.com\\\/#website\",\"url\":\"https:\\\/\\\/cardinal-tapes.com\\\/\",\"name\":\"cardinal TAPES\",\"description\":\"Klebetechnik aus Wuppertal\",\"potentialAction\":[{\"@type\":\"SearchAction\",\"target\":{\"@type\":\"EntryPoint\",\"urlTemplate\":\"https:\\\/\\\/cardinal-tapes.com\\\/?s={search_term_string}\"},\"query-input\":{\"@type\":\"PropertyValueSpecification\",\"valueRequired\":true,\"valueName\":\"search_term_string\"}}],\"inLanguage\":\"it-IT\"}]}<\/script>\n<!-- \/ Yoast SEO plugin. -->","yoast_head_json":{"title":"Sistema a nastro adesivo ReLink 1292 | Cardinal TAPES","description":"ReLink 1292 \u00e8 un nastro adesivo unilaterale a bassa adesivit\u00e0 che pu\u00f2 essere rimosso dalla maggior parte delle superfici senza lasciare residui, anche dopo un lungo periodo di utilizzo.","robots":{"index":"index","follow":"follow","max-snippet":"max-snippet:-1","max-image-preview":"max-image-preview:large","max-video-preview":"max-video-preview:-1"},"canonical":"https:\/\/cardinal-tapes.com\/it\/nastri-adesivi\/nastri-monoadesivi\/sistema-relink-1292-tape\/","og_locale":"it_IT","og_type":"article","og_title":"Sistema a nastro adesivo ReLink 1292 | Cardinal TAPES","og_description":"ReLink 1292 \u00e8 un nastro adesivo unilaterale a bassa adesivit\u00e0 che pu\u00f2 essere rimosso dalla maggior parte delle superfici senza lasciare residui, anche dopo un lungo periodo di utilizzo.","og_url":"https:\/\/cardinal-tapes.com\/it\/nastri-adesivi\/nastri-monoadesivi\/sistema-relink-1292-tape\/","og_site_name":"cardinal TAPES","article_modified_time":"2025-07-02T12:14:13+00:00","twitter_card":"summary_large_image","schema":{"@context":"https:\/\/schema.org","@graph":[{"@type":"WebPage","@id":"https:\/\/cardinal-tapes.com\/it\/nastri-adesivi\/nastri-monoadesivi\/sistema-relink-1292-tape\/","url":"https:\/\/cardinal-tapes.com\/it\/nastri-adesivi\/nastri-monoadesivi\/sistema-relink-1292-tape\/","name":"Sistema a nastro adesivo ReLink 1292 | Cardinal TAPES","isPartOf":{"@id":"https:\/\/cardinal-tapes.com\/#website"},"datePublished":"2023-06-05T14:56:11+00:00","dateModified":"2025-07-02T12:14:13+00:00","description":"ReLink 1292 \u00e8 un nastro adesivo unilaterale a bassa adesivit\u00e0 che pu\u00f2 essere rimosso dalla maggior parte delle superfici senza lasciare residui, anche dopo un lungo periodo di utilizzo.","breadcrumb":{"@id":"https:\/\/cardinal-tapes.com\/it\/nastri-adesivi\/nastri-monoadesivi\/sistema-relink-1292-tape\/#breadcrumb"},"inLanguage":"it-IT","potentialAction":[{"@type":"ReadAction","target":["https:\/\/cardinal-tapes.com\/it\/nastri-adesivi\/nastri-monoadesivi\/sistema-relink-1292-tape\/"]}]},{"@type":"BreadcrumbList","@id":"https:\/\/cardinal-tapes.com\/it\/nastri-adesivi\/nastri-monoadesivi\/sistema-relink-1292-tape\/#breadcrumb","itemListElement":[{"@type":"ListItem","position":1,"name":"Startseite","item":"https:\/\/cardinal-tapes.com\/it\/casa\/"},{"@type":"ListItem","position":2,"name":"Nastri adesivi","item":"https:\/\/cardinal-tapes.com\/it\/nastri-adesivi-it\/"},{"@type":"ListItem","position":3,"name":"Einseitige Klebeb\u00e4nder","item":"https:\/\/cardinal-tapes.com\/kategorie\/einseitige-klebebaender\/"},{"@type":"ListItem","position":4,"name":"Sistema a nastro adesivo ReLink 1292"}]},{"@type":"WebSite","@id":"https:\/\/cardinal-tapes.com\/#website","url":"https:\/\/cardinal-tapes.com\/","name":"cardinal TAPES","description":"Klebetechnik aus Wuppertal","potentialAction":[{"@type":"SearchAction","target":{"@type":"EntryPoint","urlTemplate":"https:\/\/cardinal-tapes.com\/?s={search_term_string}"},"query-input":{"@type":"PropertyValueSpecification","valueRequired":true,"valueName":"search_term_string"}}],"inLanguage":"it-IT"}]}},"brands":[{"id":2310,"name":"Saint-Gobain Performance Plastics","slug":"saint-gobain-it"},{"id":2430,"name":"Saint-Gobain Biolink","slug":"biolink-it"}],"_links":{"self":[{"href":"https:\/\/cardinal-tapes.com\/it\/wp-json\/wp\/v2\/product\/41355","targetHints":{"allow":["GET"]}}],"collection":[{"href":"https:\/\/cardinal-tapes.com\/it\/wp-json\/wp\/v2\/product"}],"about":[{"href":"https:\/\/cardinal-tapes.com\/it\/wp-json\/wp\/v2\/types\/product"}],"wp:attachment":[{"href":"https:\/\/cardinal-tapes.com\/it\/wp-json\/wp\/v2\/media?parent=41355"}],"wp:term":[{"taxonomy":"pwb-brand","embeddable":true,"href":"https:\/\/cardinal-tapes.com\/it\/wp-json\/wp\/v2\/pwb-brand?post=41355"},{"taxonomy":"product_brand","embeddable":true,"href":"https:\/\/cardinal-tapes.com\/it\/wp-json\/wp\/v2\/product_brand?post=41355"},{"taxonomy":"product_cat","embeddable":true,"href":"https:\/\/cardinal-tapes.com\/it\/wp-json\/wp\/v2\/product_cat?post=41355"},{"taxonomy":"product_tag","embeddable":true,"href":"https:\/\/cardinal-tapes.com\/it\/wp-json\/wp\/v2\/product_tag?post=41355"}],"curies":[{"name":"wp","href":"https:\/\/api.w.org\/{rel}","templated":true}]}}