{"id":41256,"date":"2021-05-11T07:42:04","date_gmt":"2021-05-11T05:42:04","guid":{"rendered":"https:\/\/cardinal.pixel-tal.de\/klebebaender\/senza-categoria\/h-vecchio-h-20-nastro-adesivo-in-poliammide-kapton\/"},"modified":"2025-07-02T13:50:52","modified_gmt":"2025-07-02T11:50:52","slug":"nastro-adesivo-in-poliammide-h-20-capton","status":"publish","type":"product","link":"https:\/\/cardinal-tapes.com\/it\/nastri-adesivi\/nastri-monoadesivi\/nastro-adesivo-in-poliammide-h-20-capton\/","title":{"rendered":"h-vecchio H.20 Nastro adesivo in poliammide Kapton"},"content":{"rendered":"<p>Il vecchio H.20 Il nastro adesivo in poliimmide Kapton\u00ae \u00e8 costituito da una pellicola di Kapton\u00ae di 0,025 mm di spessore, rivestita su un lato da un adesivo siliconico di alta qualit\u00e0 sensibile alla pressione. \u00c8 stato sviluppato per applicazioni elettriche ad alta temperatura in cui \u00e8 richiesto un sottofondo sottile e conformabile in combinazione con eccellenti propriet\u00e0 dielettriche. Inoltre, \u00e8 resistente alle radiazioni nucleari.<\/p>\n<p><strong>Propriet\u00e0<\/strong><br \/>\n&#8211; ottima resistenza alle alte temperature<br \/>\n&#8211; buona resistenza a solventi e sostanze chimiche<\/p>\n<p><strong>Applicazioni<\/strong><br \/>\n&#8211; per le applicazioni in cui \u00e8 richiesta una resistenza alle alte temperature<\/p>\n","protected":false},"excerpt":{"rendered":"<p>Il vecchio H.20 Il nastro adesivo in poliimmide Kapton\u00ae \u00e8 costituito da una pellicola di Kapton\u00ae di 0,025 mm di spessore, rivestita su un lato da un adesivo siliconico di alta qualit\u00e0 sensibile alla pressione. \u00c8 stato sviluppato per applicazioni elettriche ad alta temperatura in cui \u00e8 richiesto un sottofondo sottile e conformabile in combinazione [&hellip;]<\/p>\n","protected":false},"featured_media":78512,"template":"","meta":{"_acf_changed":false},"pwb-brand":[2286,2310],"product_brand":[],"product_cat":[1826],"product_tag":[],"class_list":{"0":"post-41256","1":"product","2":"type-product","3":"status-publish","4":"has-post-thumbnail","6":"pwb-brand-h-old-it","7":"pwb-brand-saint-gobain-it","8":"product_cat-nastri-monoadesivi","10":"first","11":"instock","12":"taxable","13":"shipping-taxable","14":"product-type-simple"},"acf":[],"yoast_head":"<!-- This site is optimized with the Yoast SEO plugin v27.3 - https:\/\/yoast.com\/product\/yoast-seo-wordpress\/ -->\n<title>h-vecchio H.20 Nastro adesivo in poliammide Kapton - cardinal TAPES<\/title>\n<meta name=\"robots\" content=\"index, follow, max-snippet:-1, max-image-preview:large, max-video-preview:-1\" \/>\n<link rel=\"canonical\" href=\"https:\/\/cardinal-tapes.com\/it\/nastri-adesivi\/nastri-monoadesivi\/nastro-adesivo-in-poliammide-h-20-capton\/\" \/>\n<meta property=\"og:locale\" content=\"it_IT\" \/>\n<meta property=\"og:type\" content=\"article\" \/>\n<meta property=\"og:title\" content=\"h-vecchio H.20 Nastro adesivo in poliammide Kapton - cardinal TAPES\" \/>\n<meta property=\"og:description\" content=\"Il vecchio H.20 Il nastro adesivo in poliimmide Kapton\u00ae \u00e8 costituito da una pellicola di Kapton\u00ae di 0,025 mm di spessore, rivestita su un lato da un adesivo siliconico di alta qualit\u00e0 sensibile alla pressione. \u00c8 stato sviluppato per applicazioni elettriche ad alta temperatura in cui \u00e8 richiesto un sottofondo sottile e conformabile in combinazione [&hellip;]\" \/>\n<meta property=\"og:url\" content=\"https:\/\/cardinal-tapes.com\/it\/nastri-adesivi\/nastri-monoadesivi\/nastro-adesivo-in-poliammide-h-20-capton\/\" \/>\n<meta property=\"og:site_name\" content=\"cardinal TAPES\" \/>\n<meta property=\"article:modified_time\" content=\"2025-07-02T11:50:52+00:00\" \/>\n<meta property=\"og:image\" content=\"https:\/\/cardinal-tapes.com\/wp-content\/uploads\/H-old-Kapton-H20-H20AC-H220-H205-560-A_203724.png\" \/>\n\t<meta property=\"og:image:width\" content=\"415\" \/>\n\t<meta property=\"og:image:height\" content=\"415\" \/>\n\t<meta property=\"og:image:type\" content=\"image\/png\" \/>\n<meta name=\"twitter:card\" content=\"summary_large_image\" \/>\n<script type=\"application\/ld+json\" class=\"yoast-schema-graph\">{\"@context\":\"https:\\\/\\\/schema.org\",\"@graph\":[{\"@type\":\"WebPage\",\"@id\":\"https:\\\/\\\/cardinal-tapes.com\\\/it\\\/nastri-adesivi\\\/nastri-monoadesivi\\\/nastro-adesivo-in-poliammide-h-20-capton\\\/\",\"url\":\"https:\\\/\\\/cardinal-tapes.com\\\/it\\\/nastri-adesivi\\\/nastri-monoadesivi\\\/nastro-adesivo-in-poliammide-h-20-capton\\\/\",\"name\":\"h-vecchio H.20 Nastro adesivo in poliammide Kapton - cardinal TAPES\",\"isPartOf\":{\"@id\":\"https:\\\/\\\/cardinal-tapes.com\\\/#website\"},\"primaryImageOfPage\":{\"@id\":\"https:\\\/\\\/cardinal-tapes.com\\\/it\\\/nastri-adesivi\\\/nastri-monoadesivi\\\/nastro-adesivo-in-poliammide-h-20-capton\\\/#primaryimage\"},\"image\":{\"@id\":\"https:\\\/\\\/cardinal-tapes.com\\\/it\\\/nastri-adesivi\\\/nastri-monoadesivi\\\/nastro-adesivo-in-poliammide-h-20-capton\\\/#primaryimage\"},\"thumbnailUrl\":\"https:\\\/\\\/cardinal-tapes.com\\\/wp-content\\\/uploads\\\/H-old-Kapton-H20-H20AC-H220-H205-560-A_203724.png\",\"datePublished\":\"2021-05-11T05:42:04+00:00\",\"dateModified\":\"2025-07-02T11:50:52+00:00\",\"breadcrumb\":{\"@id\":\"https:\\\/\\\/cardinal-tapes.com\\\/it\\\/nastri-adesivi\\\/nastri-monoadesivi\\\/nastro-adesivo-in-poliammide-h-20-capton\\\/#breadcrumb\"},\"inLanguage\":\"it-IT\",\"potentialAction\":[{\"@type\":\"ReadAction\",\"target\":[\"https:\\\/\\\/cardinal-tapes.com\\\/it\\\/nastri-adesivi\\\/nastri-monoadesivi\\\/nastro-adesivo-in-poliammide-h-20-capton\\\/\"]}]},{\"@type\":\"ImageObject\",\"inLanguage\":\"it-IT\",\"@id\":\"https:\\\/\\\/cardinal-tapes.com\\\/it\\\/nastri-adesivi\\\/nastri-monoadesivi\\\/nastro-adesivo-in-poliammide-h-20-capton\\\/#primaryimage\",\"url\":\"https:\\\/\\\/cardinal-tapes.com\\\/wp-content\\\/uploads\\\/H-old-Kapton-H20-H20AC-H220-H205-560-A_203724.png\",\"contentUrl\":\"https:\\\/\\\/cardinal-tapes.com\\\/wp-content\\\/uploads\\\/H-old-Kapton-H20-H20AC-H220-H205-560-A_203724.png\",\"width\":415,\"height\":415},{\"@type\":\"BreadcrumbList\",\"@id\":\"https:\\\/\\\/cardinal-tapes.com\\\/it\\\/nastri-adesivi\\\/nastri-monoadesivi\\\/nastro-adesivo-in-poliammide-h-20-capton\\\/#breadcrumb\",\"itemListElement\":[{\"@type\":\"ListItem\",\"position\":1,\"name\":\"Startseite\",\"item\":\"https:\\\/\\\/cardinal-tapes.com\\\/it\\\/casa\\\/\"},{\"@type\":\"ListItem\",\"position\":2,\"name\":\"Nastri adesivi\",\"item\":\"https:\\\/\\\/cardinal-tapes.com\\\/it\\\/nastri-adesivi-it\\\/\"},{\"@type\":\"ListItem\",\"position\":3,\"name\":\"Nastri monoadesivi\",\"item\":\"https:\\\/\\\/cardinal-tapes.com\\\/it\\\/categoria\\\/nastri-monoadesivi\\\/\"},{\"@type\":\"ListItem\",\"position\":4,\"name\":\"h-vecchio H.20 Nastro adesivo in poliammide Kapton\"}]},{\"@type\":\"WebSite\",\"@id\":\"https:\\\/\\\/cardinal-tapes.com\\\/#website\",\"url\":\"https:\\\/\\\/cardinal-tapes.com\\\/\",\"name\":\"cardinal TAPES\",\"description\":\"Klebetechnik aus Wuppertal\",\"potentialAction\":[{\"@type\":\"SearchAction\",\"target\":{\"@type\":\"EntryPoint\",\"urlTemplate\":\"https:\\\/\\\/cardinal-tapes.com\\\/?s={search_term_string}\"},\"query-input\":{\"@type\":\"PropertyValueSpecification\",\"valueRequired\":true,\"valueName\":\"search_term_string\"}}],\"inLanguage\":\"it-IT\"}]}<\/script>\n<!-- \/ Yoast SEO plugin. -->","yoast_head_json":{"title":"h-vecchio H.20 Nastro adesivo in poliammide Kapton - cardinal TAPES","robots":{"index":"index","follow":"follow","max-snippet":"max-snippet:-1","max-image-preview":"max-image-preview:large","max-video-preview":"max-video-preview:-1"},"canonical":"https:\/\/cardinal-tapes.com\/it\/nastri-adesivi\/nastri-monoadesivi\/nastro-adesivo-in-poliammide-h-20-capton\/","og_locale":"it_IT","og_type":"article","og_title":"h-vecchio H.20 Nastro adesivo in poliammide Kapton - cardinal TAPES","og_description":"Il vecchio H.20 Il nastro adesivo in poliimmide Kapton\u00ae \u00e8 costituito da una pellicola di Kapton\u00ae di 0,025 mm di spessore, rivestita su un lato da un adesivo siliconico di alta qualit\u00e0 sensibile alla pressione. \u00c8 stato sviluppato per applicazioni elettriche ad alta temperatura in cui \u00e8 richiesto un sottofondo sottile e conformabile in combinazione [&hellip;]","og_url":"https:\/\/cardinal-tapes.com\/it\/nastri-adesivi\/nastri-monoadesivi\/nastro-adesivo-in-poliammide-h-20-capton\/","og_site_name":"cardinal TAPES","article_modified_time":"2025-07-02T11:50:52+00:00","og_image":[{"width":415,"height":415,"url":"https:\/\/cardinal-tapes.com\/wp-content\/uploads\/H-old-Kapton-H20-H20AC-H220-H205-560-A_203724.png","type":"image\/png"}],"twitter_card":"summary_large_image","schema":{"@context":"https:\/\/schema.org","@graph":[{"@type":"WebPage","@id":"https:\/\/cardinal-tapes.com\/it\/nastri-adesivi\/nastri-monoadesivi\/nastro-adesivo-in-poliammide-h-20-capton\/","url":"https:\/\/cardinal-tapes.com\/it\/nastri-adesivi\/nastri-monoadesivi\/nastro-adesivo-in-poliammide-h-20-capton\/","name":"h-vecchio H.20 Nastro adesivo in poliammide Kapton - cardinal TAPES","isPartOf":{"@id":"https:\/\/cardinal-tapes.com\/#website"},"primaryImageOfPage":{"@id":"https:\/\/cardinal-tapes.com\/it\/nastri-adesivi\/nastri-monoadesivi\/nastro-adesivo-in-poliammide-h-20-capton\/#primaryimage"},"image":{"@id":"https:\/\/cardinal-tapes.com\/it\/nastri-adesivi\/nastri-monoadesivi\/nastro-adesivo-in-poliammide-h-20-capton\/#primaryimage"},"thumbnailUrl":"https:\/\/cardinal-tapes.com\/wp-content\/uploads\/H-old-Kapton-H20-H20AC-H220-H205-560-A_203724.png","datePublished":"2021-05-11T05:42:04+00:00","dateModified":"2025-07-02T11:50:52+00:00","breadcrumb":{"@id":"https:\/\/cardinal-tapes.com\/it\/nastri-adesivi\/nastri-monoadesivi\/nastro-adesivo-in-poliammide-h-20-capton\/#breadcrumb"},"inLanguage":"it-IT","potentialAction":[{"@type":"ReadAction","target":["https:\/\/cardinal-tapes.com\/it\/nastri-adesivi\/nastri-monoadesivi\/nastro-adesivo-in-poliammide-h-20-capton\/"]}]},{"@type":"ImageObject","inLanguage":"it-IT","@id":"https:\/\/cardinal-tapes.com\/it\/nastri-adesivi\/nastri-monoadesivi\/nastro-adesivo-in-poliammide-h-20-capton\/#primaryimage","url":"https:\/\/cardinal-tapes.com\/wp-content\/uploads\/H-old-Kapton-H20-H20AC-H220-H205-560-A_203724.png","contentUrl":"https:\/\/cardinal-tapes.com\/wp-content\/uploads\/H-old-Kapton-H20-H20AC-H220-H205-560-A_203724.png","width":415,"height":415},{"@type":"BreadcrumbList","@id":"https:\/\/cardinal-tapes.com\/it\/nastri-adesivi\/nastri-monoadesivi\/nastro-adesivo-in-poliammide-h-20-capton\/#breadcrumb","itemListElement":[{"@type":"ListItem","position":1,"name":"Startseite","item":"https:\/\/cardinal-tapes.com\/it\/casa\/"},{"@type":"ListItem","position":2,"name":"Nastri adesivi","item":"https:\/\/cardinal-tapes.com\/it\/nastri-adesivi-it\/"},{"@type":"ListItem","position":3,"name":"Nastri monoadesivi","item":"https:\/\/cardinal-tapes.com\/it\/categoria\/nastri-monoadesivi\/"},{"@type":"ListItem","position":4,"name":"h-vecchio H.20 Nastro adesivo in poliammide Kapton"}]},{"@type":"WebSite","@id":"https:\/\/cardinal-tapes.com\/#website","url":"https:\/\/cardinal-tapes.com\/","name":"cardinal TAPES","description":"Klebetechnik aus Wuppertal","potentialAction":[{"@type":"SearchAction","target":{"@type":"EntryPoint","urlTemplate":"https:\/\/cardinal-tapes.com\/?s={search_term_string}"},"query-input":{"@type":"PropertyValueSpecification","valueRequired":true,"valueName":"search_term_string"}}],"inLanguage":"it-IT"}]}},"brands":[{"id":2286,"name":"Saint-Gobain h-old","slug":"h-old-it"},{"id":2310,"name":"Saint-Gobain Performance Plastics","slug":"saint-gobain-it"}],"_links":{"self":[{"href":"https:\/\/cardinal-tapes.com\/it\/wp-json\/wp\/v2\/product\/41256","targetHints":{"allow":["GET"]}}],"collection":[{"href":"https:\/\/cardinal-tapes.com\/it\/wp-json\/wp\/v2\/product"}],"about":[{"href":"https:\/\/cardinal-tapes.com\/it\/wp-json\/wp\/v2\/types\/product"}],"wp:featuredmedia":[{"embeddable":true,"href":"https:\/\/cardinal-tapes.com\/it\/wp-json\/wp\/v2\/media\/78512"}],"wp:attachment":[{"href":"https:\/\/cardinal-tapes.com\/it\/wp-json\/wp\/v2\/media?parent=41256"}],"wp:term":[{"taxonomy":"pwb-brand","embeddable":true,"href":"https:\/\/cardinal-tapes.com\/it\/wp-json\/wp\/v2\/pwb-brand?post=41256"},{"taxonomy":"product_brand","embeddable":true,"href":"https:\/\/cardinal-tapes.com\/it\/wp-json\/wp\/v2\/product_brand?post=41256"},{"taxonomy":"product_cat","embeddable":true,"href":"https:\/\/cardinal-tapes.com\/it\/wp-json\/wp\/v2\/product_cat?post=41256"},{"taxonomy":"product_tag","embeddable":true,"href":"https:\/\/cardinal-tapes.com\/it\/wp-json\/wp\/v2\/product_tag?post=41256"}],"curies":[{"name":"wp","href":"https:\/\/api.w.org\/{rel}","templated":true}]}}