{"id":40968,"date":"2021-08-25T09:48:52","date_gmt":"2023-06-05T14:55:58","guid":{"rendered":"https:\/\/cardinal.pixel-tal.de\/klebebaender\/senza-categoria\/at6102-nastro-di-protezione-per-edifici-in-pe\/"},"modified":"2025-07-02T12:35:12","modified_gmt":"2025-07-02T10:35:12","slug":"at6102-pe-nastro-di-protezione-per-edifici","status":"publish","type":"product","link":"https:\/\/cardinal-tapes.com\/it\/nastri-adesivi\/aree-di-applicazione\/nastro-adesivo-per-tessuti\/at6102-pe-nastro-di-protezione-per-edifici\/","title":{"rendered":"AT6102 Nastro di protezione per edifici in PE"},"content":{"rendered":"<div class=\"first_para_desc\">\n<div class=\"first_para_desc\">\n<div class=\"first_para_desc\">\n<div class=\"first_para_desc\">\n<p>AT6102 \u00e8 un nastro di protezione per edifici in polietilene, particolarmente adatto per applicazioni nel settore edile. \u00c8 facile da strappare e si pu\u00f2 staccare dalla maggior parte delle superfici senza lasciare residui. Il nastro \u00e8 inoltre resistente ai raggi UV e all&#8217;acqua e resiste alle temperature fredde e al gelo. Ideale per uso interno ed esterno per proteggere le superfici delicate. Disponibile in bianco come prodotto standard, ma anche in nero e arancione.<\/p>\n<\/div>\n<p><strong>Applicazioni<\/strong><\/p>\n<p>Protezione e copertura delle superfici sensibili durante i lavori di costruzione e trasformazione. Particolarmente indicato per la protezione di finestre e porte in plastica.<\/p>\n<p><strong>Propriet\u00e0<\/strong><\/p>\n<ul>\n<li>Facile da strappare<\/li>\n<li>Rimuovibile senza residui<\/li>\n<li>Alternativa pi\u00f9 ecologica ai nastri di protezione per edifici in PVC<\/li>\n<li>Resistente al gelo e alle temperature estreme<\/li>\n<\/ul>\n<\/div>\n<\/div>\n<\/div>\n","protected":false},"excerpt":{"rendered":"<p>AT6102 \u00e8 un nastro di protezione per edifici in polietilene, particolarmente adatto per applicazioni nel settore edile. \u00c8 facile da strappare e si pu\u00f2 staccare dalla maggior parte delle superfici senza lasciare residui. Il nastro \u00e8 inoltre resistente ai raggi UV e all&#8217;acqua e resiste alle temperature fredde e al gelo. Ideale per uso interno [&hellip;]<\/p>\n","protected":false},"featured_media":28769,"template":"","meta":{"_acf_changed":false},"pwb-brand":[2313],"product_brand":[],"product_cat":[1826,1725,1727],"product_tag":[],"class_list":{"0":"post-40968","1":"product","2":"type-product","3":"status-publish","4":"has-post-thumbnail","6":"pwb-brand-advance-tapes-it","7":"product_cat-nastri-monoadesivi","8":"product_cat-nastro-adesivo-per-tessuti","9":"product_cat-nastri-rivestiti-in-plastica","11":"first","12":"instock","13":"taxable","14":"shipping-taxable","15":"purchasable","16":"product-type-variable"},"acf":[],"yoast_head":"<!-- This site is optimized with the Yoast SEO plugin v27.3 - https:\/\/yoast.com\/product\/yoast-seo-wordpress\/ -->\n<title>AT6102 Nastro di protezione per edifici in PE | Cardinal TAPES<\/title>\n<meta name=\"description\" content=\"AT6102 \u00e8 un nastro protettivo in polietilene per l&#039;edilizia particolarmente adatto per applicazioni nel settore delle costruzioni.\" \/>\n<meta name=\"robots\" content=\"index, follow, max-snippet:-1, max-image-preview:large, max-video-preview:-1\" \/>\n<link rel=\"canonical\" href=\"https:\/\/cardinal-tapes.com\/it\/nastri-adesivi\/aree-di-applicazione\/nastro-adesivo-per-tessuti\/at6102-pe-nastro-di-protezione-per-edifici\/\" \/>\n<meta property=\"og:locale\" content=\"it_IT\" \/>\n<meta property=\"og:type\" content=\"article\" \/>\n<meta property=\"og:title\" content=\"AT6102 Nastro di protezione per edifici in PE | Cardinal TAPES\" \/>\n<meta property=\"og:description\" content=\"AT6102 \u00e8 un nastro protettivo in polietilene per l&#039;edilizia particolarmente adatto per applicazioni nel settore delle costruzioni.\" \/>\n<meta property=\"og:url\" content=\"https:\/\/cardinal-tapes.com\/it\/nastri-adesivi\/aree-di-applicazione\/nastro-adesivo-per-tessuti\/at6102-pe-nastro-di-protezione-per-edifici\/\" \/>\n<meta property=\"og:site_name\" content=\"cardinal TAPES\" \/>\n<meta property=\"article:modified_time\" content=\"2025-07-02T10:35:12+00:00\" \/>\n<meta property=\"og:image\" content=\"https:\/\/cardinal-tapes.com\/wp-content\/uploads\/AT6102-White-scaled.jpg\" \/>\n\t<meta property=\"og:image:width\" content=\"2560\" \/>\n\t<meta property=\"og:image:height\" content=\"2560\" \/>\n\t<meta property=\"og:image:type\" content=\"image\/jpeg\" \/>\n<meta name=\"twitter:card\" content=\"summary_large_image\" \/>\n<meta name=\"twitter:label1\" content=\"Tempo di lettura stimato\" \/>\n\t<meta name=\"twitter:data1\" content=\"1 minuto\" \/>\n<script type=\"application\/ld+json\" class=\"yoast-schema-graph\">{\"@context\":\"https:\\\/\\\/schema.org\",\"@graph\":[{\"@type\":\"WebPage\",\"@id\":\"https:\\\/\\\/cardinal-tapes.com\\\/it\\\/nastri-adesivi\\\/aree-di-applicazione\\\/nastro-adesivo-per-tessuti\\\/at6102-pe-nastro-di-protezione-per-edifici\\\/\",\"url\":\"https:\\\/\\\/cardinal-tapes.com\\\/it\\\/nastri-adesivi\\\/aree-di-applicazione\\\/nastro-adesivo-per-tessuti\\\/at6102-pe-nastro-di-protezione-per-edifici\\\/\",\"name\":\"AT6102 Nastro di protezione per edifici in PE | Cardinal TAPES\",\"isPartOf\":{\"@id\":\"https:\\\/\\\/cardinal-tapes.com\\\/#website\"},\"primaryImageOfPage\":{\"@id\":\"https:\\\/\\\/cardinal-tapes.com\\\/it\\\/nastri-adesivi\\\/aree-di-applicazione\\\/nastro-adesivo-per-tessuti\\\/at6102-pe-nastro-di-protezione-per-edifici\\\/#primaryimage\"},\"image\":{\"@id\":\"https:\\\/\\\/cardinal-tapes.com\\\/it\\\/nastri-adesivi\\\/aree-di-applicazione\\\/nastro-adesivo-per-tessuti\\\/at6102-pe-nastro-di-protezione-per-edifici\\\/#primaryimage\"},\"thumbnailUrl\":\"https:\\\/\\\/cardinal-tapes.com\\\/wp-content\\\/uploads\\\/AT6102-White-scaled.jpg\",\"datePublished\":\"2023-06-05T14:55:58+00:00\",\"dateModified\":\"2025-07-02T10:35:12+00:00\",\"description\":\"AT6102 \u00e8 un nastro protettivo in polietilene per l'edilizia particolarmente adatto per applicazioni nel settore delle costruzioni.\",\"breadcrumb\":{\"@id\":\"https:\\\/\\\/cardinal-tapes.com\\\/it\\\/nastri-adesivi\\\/aree-di-applicazione\\\/nastro-adesivo-per-tessuti\\\/at6102-pe-nastro-di-protezione-per-edifici\\\/#breadcrumb\"},\"inLanguage\":\"it-IT\",\"potentialAction\":[{\"@type\":\"ReadAction\",\"target\":[\"https:\\\/\\\/cardinal-tapes.com\\\/it\\\/nastri-adesivi\\\/aree-di-applicazione\\\/nastro-adesivo-per-tessuti\\\/at6102-pe-nastro-di-protezione-per-edifici\\\/\"]}]},{\"@type\":\"ImageObject\",\"inLanguage\":\"it-IT\",\"@id\":\"https:\\\/\\\/cardinal-tapes.com\\\/it\\\/nastri-adesivi\\\/aree-di-applicazione\\\/nastro-adesivo-per-tessuti\\\/at6102-pe-nastro-di-protezione-per-edifici\\\/#primaryimage\",\"url\":\"https:\\\/\\\/cardinal-tapes.com\\\/wp-content\\\/uploads\\\/AT6102-White-scaled.jpg\",\"contentUrl\":\"https:\\\/\\\/cardinal-tapes.com\\\/wp-content\\\/uploads\\\/AT6102-White-scaled.jpg\",\"width\":2560,\"height\":2560},{\"@type\":\"BreadcrumbList\",\"@id\":\"https:\\\/\\\/cardinal-tapes.com\\\/it\\\/nastri-adesivi\\\/aree-di-applicazione\\\/nastro-adesivo-per-tessuti\\\/at6102-pe-nastro-di-protezione-per-edifici\\\/#breadcrumb\",\"itemListElement\":[{\"@type\":\"ListItem\",\"position\":1,\"name\":\"Startseite\",\"item\":\"https:\\\/\\\/cardinal-tapes.com\\\/it\\\/casa\\\/\"},{\"@type\":\"ListItem\",\"position\":2,\"name\":\"Nastri adesivi\",\"item\":\"https:\\\/\\\/cardinal-tapes.com\\\/it\\\/nastri-adesivi-it\\\/\"},{\"@type\":\"ListItem\",\"position\":3,\"name\":\"Aree di applicazione\",\"item\":\"https:\\\/\\\/cardinal-tapes.com\\\/it\\\/categoria\\\/aree-di-applicazione\\\/\"},{\"@type\":\"ListItem\",\"position\":4,\"name\":\"Nastro adesivo per tessuti\",\"item\":\"https:\\\/\\\/cardinal-tapes.com\\\/it\\\/categoria\\\/nastro-adesivo-per-tessuti\\\/\"},{\"@type\":\"ListItem\",\"position\":5,\"name\":\"AT6102 Nastro di protezione per edifici in PE\"}]},{\"@type\":\"WebSite\",\"@id\":\"https:\\\/\\\/cardinal-tapes.com\\\/#website\",\"url\":\"https:\\\/\\\/cardinal-tapes.com\\\/\",\"name\":\"cardinal TAPES\",\"description\":\"Klebetechnik aus Wuppertal\",\"potentialAction\":[{\"@type\":\"SearchAction\",\"target\":{\"@type\":\"EntryPoint\",\"urlTemplate\":\"https:\\\/\\\/cardinal-tapes.com\\\/?s={search_term_string}\"},\"query-input\":{\"@type\":\"PropertyValueSpecification\",\"valueRequired\":true,\"valueName\":\"search_term_string\"}}],\"inLanguage\":\"it-IT\"}]}<\/script>\n<!-- \/ Yoast SEO plugin. -->","yoast_head_json":{"title":"AT6102 Nastro di protezione per edifici in PE | Cardinal TAPES","description":"AT6102 \u00e8 un nastro protettivo in polietilene per l'edilizia particolarmente adatto per applicazioni nel settore delle costruzioni.","robots":{"index":"index","follow":"follow","max-snippet":"max-snippet:-1","max-image-preview":"max-image-preview:large","max-video-preview":"max-video-preview:-1"},"canonical":"https:\/\/cardinal-tapes.com\/it\/nastri-adesivi\/aree-di-applicazione\/nastro-adesivo-per-tessuti\/at6102-pe-nastro-di-protezione-per-edifici\/","og_locale":"it_IT","og_type":"article","og_title":"AT6102 Nastro di protezione per edifici in PE | Cardinal TAPES","og_description":"AT6102 \u00e8 un nastro protettivo in polietilene per l'edilizia particolarmente adatto per applicazioni nel settore delle costruzioni.","og_url":"https:\/\/cardinal-tapes.com\/it\/nastri-adesivi\/aree-di-applicazione\/nastro-adesivo-per-tessuti\/at6102-pe-nastro-di-protezione-per-edifici\/","og_site_name":"cardinal TAPES","article_modified_time":"2025-07-02T10:35:12+00:00","og_image":[{"width":2560,"height":2560,"url":"https:\/\/cardinal-tapes.com\/wp-content\/uploads\/AT6102-White-scaled.jpg","type":"image\/jpeg"}],"twitter_card":"summary_large_image","twitter_misc":{"Tempo di lettura stimato":"1 minuto"},"schema":{"@context":"https:\/\/schema.org","@graph":[{"@type":"WebPage","@id":"https:\/\/cardinal-tapes.com\/it\/nastri-adesivi\/aree-di-applicazione\/nastro-adesivo-per-tessuti\/at6102-pe-nastro-di-protezione-per-edifici\/","url":"https:\/\/cardinal-tapes.com\/it\/nastri-adesivi\/aree-di-applicazione\/nastro-adesivo-per-tessuti\/at6102-pe-nastro-di-protezione-per-edifici\/","name":"AT6102 Nastro di protezione per edifici in PE | Cardinal TAPES","isPartOf":{"@id":"https:\/\/cardinal-tapes.com\/#website"},"primaryImageOfPage":{"@id":"https:\/\/cardinal-tapes.com\/it\/nastri-adesivi\/aree-di-applicazione\/nastro-adesivo-per-tessuti\/at6102-pe-nastro-di-protezione-per-edifici\/#primaryimage"},"image":{"@id":"https:\/\/cardinal-tapes.com\/it\/nastri-adesivi\/aree-di-applicazione\/nastro-adesivo-per-tessuti\/at6102-pe-nastro-di-protezione-per-edifici\/#primaryimage"},"thumbnailUrl":"https:\/\/cardinal-tapes.com\/wp-content\/uploads\/AT6102-White-scaled.jpg","datePublished":"2023-06-05T14:55:58+00:00","dateModified":"2025-07-02T10:35:12+00:00","description":"AT6102 \u00e8 un nastro protettivo in polietilene per l'edilizia particolarmente adatto per applicazioni nel settore delle costruzioni.","breadcrumb":{"@id":"https:\/\/cardinal-tapes.com\/it\/nastri-adesivi\/aree-di-applicazione\/nastro-adesivo-per-tessuti\/at6102-pe-nastro-di-protezione-per-edifici\/#breadcrumb"},"inLanguage":"it-IT","potentialAction":[{"@type":"ReadAction","target":["https:\/\/cardinal-tapes.com\/it\/nastri-adesivi\/aree-di-applicazione\/nastro-adesivo-per-tessuti\/at6102-pe-nastro-di-protezione-per-edifici\/"]}]},{"@type":"ImageObject","inLanguage":"it-IT","@id":"https:\/\/cardinal-tapes.com\/it\/nastri-adesivi\/aree-di-applicazione\/nastro-adesivo-per-tessuti\/at6102-pe-nastro-di-protezione-per-edifici\/#primaryimage","url":"https:\/\/cardinal-tapes.com\/wp-content\/uploads\/AT6102-White-scaled.jpg","contentUrl":"https:\/\/cardinal-tapes.com\/wp-content\/uploads\/AT6102-White-scaled.jpg","width":2560,"height":2560},{"@type":"BreadcrumbList","@id":"https:\/\/cardinal-tapes.com\/it\/nastri-adesivi\/aree-di-applicazione\/nastro-adesivo-per-tessuti\/at6102-pe-nastro-di-protezione-per-edifici\/#breadcrumb","itemListElement":[{"@type":"ListItem","position":1,"name":"Startseite","item":"https:\/\/cardinal-tapes.com\/it\/casa\/"},{"@type":"ListItem","position":2,"name":"Nastri adesivi","item":"https:\/\/cardinal-tapes.com\/it\/nastri-adesivi-it\/"},{"@type":"ListItem","position":3,"name":"Aree di applicazione","item":"https:\/\/cardinal-tapes.com\/it\/categoria\/aree-di-applicazione\/"},{"@type":"ListItem","position":4,"name":"Nastro adesivo per tessuti","item":"https:\/\/cardinal-tapes.com\/it\/categoria\/nastro-adesivo-per-tessuti\/"},{"@type":"ListItem","position":5,"name":"AT6102 Nastro di protezione per edifici in PE"}]},{"@type":"WebSite","@id":"https:\/\/cardinal-tapes.com\/#website","url":"https:\/\/cardinal-tapes.com\/","name":"cardinal TAPES","description":"Klebetechnik aus Wuppertal","potentialAction":[{"@type":"SearchAction","target":{"@type":"EntryPoint","urlTemplate":"https:\/\/cardinal-tapes.com\/?s={search_term_string}"},"query-input":{"@type":"PropertyValueSpecification","valueRequired":true,"valueName":"search_term_string"}}],"inLanguage":"it-IT"}]}},"brands":[{"id":2313,"name":"Advance Tapes","slug":"advance-tapes-it"}],"_links":{"self":[{"href":"https:\/\/cardinal-tapes.com\/it\/wp-json\/wp\/v2\/product\/40968","targetHints":{"allow":["GET"]}}],"collection":[{"href":"https:\/\/cardinal-tapes.com\/it\/wp-json\/wp\/v2\/product"}],"about":[{"href":"https:\/\/cardinal-tapes.com\/it\/wp-json\/wp\/v2\/types\/product"}],"wp:featuredmedia":[{"embeddable":true,"href":"https:\/\/cardinal-tapes.com\/it\/wp-json\/wp\/v2\/media\/28769"}],"wp:attachment":[{"href":"https:\/\/cardinal-tapes.com\/it\/wp-json\/wp\/v2\/media?parent=40968"}],"wp:term":[{"taxonomy":"pwb-brand","embeddable":true,"href":"https:\/\/cardinal-tapes.com\/it\/wp-json\/wp\/v2\/pwb-brand?post=40968"},{"taxonomy":"product_brand","embeddable":true,"href":"https:\/\/cardinal-tapes.com\/it\/wp-json\/wp\/v2\/product_brand?post=40968"},{"taxonomy":"product_cat","embeddable":true,"href":"https:\/\/cardinal-tapes.com\/it\/wp-json\/wp\/v2\/product_cat?post=40968"},{"taxonomy":"product_tag","embeddable":true,"href":"https:\/\/cardinal-tapes.com\/it\/wp-json\/wp\/v2\/product_tag?post=40968"}],"curies":[{"name":"wp","href":"https:\/\/api.w.org\/{rel}","templated":true}]}}