{"id":40964,"date":"2021-08-25T11:57:06","date_gmt":"2023-06-05T14:55:58","guid":{"rendered":"https:\/\/cardinal.pixel-tal.de\/klebebaender\/senza-categoria\/at6190-nastro-di-pietra-con-adesione-istantanea-estremamente-forte\/"},"modified":"2023-06-05T16:55:58","modified_gmt":"2023-06-05T14:55:58","slug":"at6190-pietra-tagliata-con-estrema-strong-immediata-adesione","status":"publish","type":"product","link":"https:\/\/cardinal-tapes.com\/it\/nastri-adesivi\/nastri-monoadesivi\/at6190-pietra-tagliata-con-estrema-strong-immediata-adesione\/","title":{"rendered":"AT6190 Nastro di pietra con adesione istantanea estremamente forte"},"content":{"rendered":"<div class=\"first_para_desc\">\n<div class=\"first_para_desc\">\n<div class=\"first_para_desc\">\n<div class=\"first_para_desc\">\n<p>AT6190 \u00e8 un nastro in pietra super forte e resistente all&#8217;acqua, rivestito con un adesivo in gomma aggressivo e privo di solventi. Appositamente studiato per aderire a superfici ruvide, sporche e umide come pietra, intonaco, porte e finestre in plastica, cemento e calcestruzzo. AT6190 \u00e8 facile da strappare, ma ha una forte srotolabilit\u00e0, importante quando si lavora in altezza. Il nastro pu\u00f2 essere rimosso dalla maggior parte delle superfici senza lasciare residui fino a 4 giorni. Il colore arancione garantisce una buona visibilit\u00e0 in qualsiasi cantiere.<\/p>\n<\/div>\n<p><strong>Applicazioni<\/strong><\/p>\n<ul>\n<li>Per la manutenzione, la riparazione, la sigillatura, l&#8217;incollaggio, la copertura e la protezione di molte superfici e materiali.<\/li>\n<li>Per il fissaggio di pellicole in PE su pareti in calcestruzzo e pietra, superfici in cemento, gesso.<\/li>\n<\/ul>\n<p><strong>Propriet\u00e0<\/strong><\/p>\n<ul>\n<li>Adesione istantanea estrema<\/li>\n<li>Facile da strappare<\/li>\n<li>Srotolabile in modo uniforme<\/li>\n<li>Resistente all&#8217;acqua e ai raggi UV<\/li>\n<li>Resistente all&#8217;abrasione<\/li>\n<li>Rimuovibile senza residui fino a 4 giorni<\/li>\n<\/ul>\n<\/div>\n<\/div>\n<\/div>\n","protected":false},"excerpt":{"rendered":"<p>AT6190 \u00e8 un nastro in pietra super forte e resistente all&#8217;acqua, rivestito con un adesivo in gomma aggressivo e privo di solventi. Appositamente studiato per aderire a superfici ruvide, sporche e umide come pietra, intonaco, porte e finestre in plastica, cemento e calcestruzzo. AT6190 \u00e8 facile da strappare, ma ha una forte srotolabilit\u00e0, importante quando [&hellip;]<\/p>\n","protected":false},"featured_media":28777,"template":"","meta":{"_acf_changed":false},"pwb-brand":[2313],"product_brand":[],"product_cat":[1826],"product_tag":[],"class_list":{"0":"post-40964","1":"product","2":"type-product","3":"status-publish","4":"has-post-thumbnail","6":"pwb-brand-advance-tapes-it","7":"product_cat-nastri-monoadesivi","9":"first","10":"instock","11":"taxable","12":"shipping-taxable","13":"purchasable","14":"product-type-variable"},"acf":[],"yoast_head":"<!-- This site is optimized with the Yoast SEO plugin v27.3 - https:\/\/yoast.com\/product\/yoast-seo-wordpress\/ -->\n<title>AT6190 Nastro di pietra | Cardinal TAPES<\/title>\n<meta name=\"description\" content=\"AT6190 \u00e8 un nastro in pietra super forte e resistente all&#039;acqua, rivestito con un adesivo in gomma aggressivo e privo di solventi.\" \/>\n<meta name=\"robots\" content=\"index, follow, max-snippet:-1, max-image-preview:large, max-video-preview:-1\" \/>\n<link rel=\"canonical\" href=\"https:\/\/cardinal-tapes.com\/it\/nastri-adesivi\/nastri-monoadesivi\/at6190-pietra-tagliata-con-estrema-strong-immediata-adesione\/\" \/>\n<meta property=\"og:locale\" content=\"it_IT\" \/>\n<meta property=\"og:type\" content=\"article\" \/>\n<meta property=\"og:title\" content=\"AT6190 Nastro di pietra | Cardinal TAPES\" \/>\n<meta property=\"og:description\" content=\"AT6190 \u00e8 un nastro in pietra super forte e resistente all&#039;acqua, rivestito con un adesivo in gomma aggressivo e privo di solventi.\" \/>\n<meta property=\"og:url\" content=\"https:\/\/cardinal-tapes.com\/it\/nastri-adesivi\/nastri-monoadesivi\/at6190-pietra-tagliata-con-estrema-strong-immediata-adesione\/\" \/>\n<meta property=\"og:site_name\" content=\"cardinal TAPES\" \/>\n<meta property=\"og:image\" content=\"https:\/\/cardinal-tapes.com\/wp-content\/uploads\/AT6190-1.jpg\" \/>\n\t<meta property=\"og:image:width\" content=\"2000\" \/>\n\t<meta property=\"og:image:height\" content=\"2000\" \/>\n\t<meta property=\"og:image:type\" content=\"image\/jpeg\" \/>\n<meta name=\"twitter:card\" content=\"summary_large_image\" \/>\n<meta name=\"twitter:label1\" content=\"Tempo di lettura stimato\" \/>\n\t<meta name=\"twitter:data1\" content=\"1 minuto\" \/>\n<script type=\"application\/ld+json\" class=\"yoast-schema-graph\">{\"@context\":\"https:\\\/\\\/schema.org\",\"@graph\":[{\"@type\":\"WebPage\",\"@id\":\"https:\\\/\\\/cardinal-tapes.com\\\/it\\\/nastri-adesivi\\\/nastri-monoadesivi\\\/at6190-pietra-tagliata-con-estrema-strong-immediata-adesione\\\/\",\"url\":\"https:\\\/\\\/cardinal-tapes.com\\\/it\\\/nastri-adesivi\\\/nastri-monoadesivi\\\/at6190-pietra-tagliata-con-estrema-strong-immediata-adesione\\\/\",\"name\":\"AT6190 Nastro di pietra | Cardinal TAPES\",\"isPartOf\":{\"@id\":\"https:\\\/\\\/cardinal-tapes.com\\\/#website\"},\"primaryImageOfPage\":{\"@id\":\"https:\\\/\\\/cardinal-tapes.com\\\/it\\\/nastri-adesivi\\\/nastri-monoadesivi\\\/at6190-pietra-tagliata-con-estrema-strong-immediata-adesione\\\/#primaryimage\"},\"image\":{\"@id\":\"https:\\\/\\\/cardinal-tapes.com\\\/it\\\/nastri-adesivi\\\/nastri-monoadesivi\\\/at6190-pietra-tagliata-con-estrema-strong-immediata-adesione\\\/#primaryimage\"},\"thumbnailUrl\":\"https:\\\/\\\/cardinal-tapes.com\\\/wp-content\\\/uploads\\\/AT6190-1.jpg\",\"datePublished\":\"2023-06-05T14:55:58+00:00\",\"description\":\"AT6190 \u00e8 un nastro in pietra super forte e resistente all'acqua, rivestito con un adesivo in gomma aggressivo e privo di solventi.\",\"breadcrumb\":{\"@id\":\"https:\\\/\\\/cardinal-tapes.com\\\/it\\\/nastri-adesivi\\\/nastri-monoadesivi\\\/at6190-pietra-tagliata-con-estrema-strong-immediata-adesione\\\/#breadcrumb\"},\"inLanguage\":\"it-IT\",\"potentialAction\":[{\"@type\":\"ReadAction\",\"target\":[\"https:\\\/\\\/cardinal-tapes.com\\\/it\\\/nastri-adesivi\\\/nastri-monoadesivi\\\/at6190-pietra-tagliata-con-estrema-strong-immediata-adesione\\\/\"]}]},{\"@type\":\"ImageObject\",\"inLanguage\":\"it-IT\",\"@id\":\"https:\\\/\\\/cardinal-tapes.com\\\/it\\\/nastri-adesivi\\\/nastri-monoadesivi\\\/at6190-pietra-tagliata-con-estrema-strong-immediata-adesione\\\/#primaryimage\",\"url\":\"https:\\\/\\\/cardinal-tapes.com\\\/wp-content\\\/uploads\\\/AT6190-1.jpg\",\"contentUrl\":\"https:\\\/\\\/cardinal-tapes.com\\\/wp-content\\\/uploads\\\/AT6190-1.jpg\",\"width\":2000,\"height\":2000},{\"@type\":\"BreadcrumbList\",\"@id\":\"https:\\\/\\\/cardinal-tapes.com\\\/it\\\/nastri-adesivi\\\/nastri-monoadesivi\\\/at6190-pietra-tagliata-con-estrema-strong-immediata-adesione\\\/#breadcrumb\",\"itemListElement\":[{\"@type\":\"ListItem\",\"position\":1,\"name\":\"Startseite\",\"item\":\"https:\\\/\\\/cardinal-tapes.com\\\/it\\\/casa\\\/\"},{\"@type\":\"ListItem\",\"position\":2,\"name\":\"Nastri adesivi\",\"item\":\"https:\\\/\\\/cardinal-tapes.com\\\/it\\\/nastri-adesivi-it\\\/\"},{\"@type\":\"ListItem\",\"position\":3,\"name\":\"Nastri monoadesivi\",\"item\":\"https:\\\/\\\/cardinal-tapes.com\\\/it\\\/categoria\\\/nastri-monoadesivi\\\/\"},{\"@type\":\"ListItem\",\"position\":4,\"name\":\"AT6190 Nastro di pietra con adesione istantanea estremamente forte\"}]},{\"@type\":\"WebSite\",\"@id\":\"https:\\\/\\\/cardinal-tapes.com\\\/#website\",\"url\":\"https:\\\/\\\/cardinal-tapes.com\\\/\",\"name\":\"cardinal TAPES\",\"description\":\"Klebetechnik aus Wuppertal\",\"potentialAction\":[{\"@type\":\"SearchAction\",\"target\":{\"@type\":\"EntryPoint\",\"urlTemplate\":\"https:\\\/\\\/cardinal-tapes.com\\\/?s={search_term_string}\"},\"query-input\":{\"@type\":\"PropertyValueSpecification\",\"valueRequired\":true,\"valueName\":\"search_term_string\"}}],\"inLanguage\":\"it-IT\"}]}<\/script>\n<!-- \/ Yoast SEO plugin. -->","yoast_head_json":{"title":"AT6190 Nastro di pietra | Cardinal TAPES","description":"AT6190 \u00e8 un nastro in pietra super forte e resistente all'acqua, rivestito con un adesivo in gomma aggressivo e privo di solventi.","robots":{"index":"index","follow":"follow","max-snippet":"max-snippet:-1","max-image-preview":"max-image-preview:large","max-video-preview":"max-video-preview:-1"},"canonical":"https:\/\/cardinal-tapes.com\/it\/nastri-adesivi\/nastri-monoadesivi\/at6190-pietra-tagliata-con-estrema-strong-immediata-adesione\/","og_locale":"it_IT","og_type":"article","og_title":"AT6190 Nastro di pietra | Cardinal TAPES","og_description":"AT6190 \u00e8 un nastro in pietra super forte e resistente all'acqua, rivestito con un adesivo in gomma aggressivo e privo di solventi.","og_url":"https:\/\/cardinal-tapes.com\/it\/nastri-adesivi\/nastri-monoadesivi\/at6190-pietra-tagliata-con-estrema-strong-immediata-adesione\/","og_site_name":"cardinal TAPES","og_image":[{"width":2000,"height":2000,"url":"https:\/\/cardinal-tapes.com\/wp-content\/uploads\/AT6190-1.jpg","type":"image\/jpeg"}],"twitter_card":"summary_large_image","twitter_misc":{"Tempo di lettura stimato":"1 minuto"},"schema":{"@context":"https:\/\/schema.org","@graph":[{"@type":"WebPage","@id":"https:\/\/cardinal-tapes.com\/it\/nastri-adesivi\/nastri-monoadesivi\/at6190-pietra-tagliata-con-estrema-strong-immediata-adesione\/","url":"https:\/\/cardinal-tapes.com\/it\/nastri-adesivi\/nastri-monoadesivi\/at6190-pietra-tagliata-con-estrema-strong-immediata-adesione\/","name":"AT6190 Nastro di pietra | Cardinal TAPES","isPartOf":{"@id":"https:\/\/cardinal-tapes.com\/#website"},"primaryImageOfPage":{"@id":"https:\/\/cardinal-tapes.com\/it\/nastri-adesivi\/nastri-monoadesivi\/at6190-pietra-tagliata-con-estrema-strong-immediata-adesione\/#primaryimage"},"image":{"@id":"https:\/\/cardinal-tapes.com\/it\/nastri-adesivi\/nastri-monoadesivi\/at6190-pietra-tagliata-con-estrema-strong-immediata-adesione\/#primaryimage"},"thumbnailUrl":"https:\/\/cardinal-tapes.com\/wp-content\/uploads\/AT6190-1.jpg","datePublished":"2023-06-05T14:55:58+00:00","description":"AT6190 \u00e8 un nastro in pietra super forte e resistente all'acqua, rivestito con un adesivo in gomma aggressivo e privo di solventi.","breadcrumb":{"@id":"https:\/\/cardinal-tapes.com\/it\/nastri-adesivi\/nastri-monoadesivi\/at6190-pietra-tagliata-con-estrema-strong-immediata-adesione\/#breadcrumb"},"inLanguage":"it-IT","potentialAction":[{"@type":"ReadAction","target":["https:\/\/cardinal-tapes.com\/it\/nastri-adesivi\/nastri-monoadesivi\/at6190-pietra-tagliata-con-estrema-strong-immediata-adesione\/"]}]},{"@type":"ImageObject","inLanguage":"it-IT","@id":"https:\/\/cardinal-tapes.com\/it\/nastri-adesivi\/nastri-monoadesivi\/at6190-pietra-tagliata-con-estrema-strong-immediata-adesione\/#primaryimage","url":"https:\/\/cardinal-tapes.com\/wp-content\/uploads\/AT6190-1.jpg","contentUrl":"https:\/\/cardinal-tapes.com\/wp-content\/uploads\/AT6190-1.jpg","width":2000,"height":2000},{"@type":"BreadcrumbList","@id":"https:\/\/cardinal-tapes.com\/it\/nastri-adesivi\/nastri-monoadesivi\/at6190-pietra-tagliata-con-estrema-strong-immediata-adesione\/#breadcrumb","itemListElement":[{"@type":"ListItem","position":1,"name":"Startseite","item":"https:\/\/cardinal-tapes.com\/it\/casa\/"},{"@type":"ListItem","position":2,"name":"Nastri adesivi","item":"https:\/\/cardinal-tapes.com\/it\/nastri-adesivi-it\/"},{"@type":"ListItem","position":3,"name":"Nastri monoadesivi","item":"https:\/\/cardinal-tapes.com\/it\/categoria\/nastri-monoadesivi\/"},{"@type":"ListItem","position":4,"name":"AT6190 Nastro di pietra con adesione istantanea estremamente forte"}]},{"@type":"WebSite","@id":"https:\/\/cardinal-tapes.com\/#website","url":"https:\/\/cardinal-tapes.com\/","name":"cardinal TAPES","description":"Klebetechnik aus Wuppertal","potentialAction":[{"@type":"SearchAction","target":{"@type":"EntryPoint","urlTemplate":"https:\/\/cardinal-tapes.com\/?s={search_term_string}"},"query-input":{"@type":"PropertyValueSpecification","valueRequired":true,"valueName":"search_term_string"}}],"inLanguage":"it-IT"}]}},"brands":[{"id":2313,"name":"Advance Tapes","slug":"advance-tapes-it"}],"_links":{"self":[{"href":"https:\/\/cardinal-tapes.com\/it\/wp-json\/wp\/v2\/product\/40964","targetHints":{"allow":["GET"]}}],"collection":[{"href":"https:\/\/cardinal-tapes.com\/it\/wp-json\/wp\/v2\/product"}],"about":[{"href":"https:\/\/cardinal-tapes.com\/it\/wp-json\/wp\/v2\/types\/product"}],"wp:featuredmedia":[{"embeddable":true,"href":"https:\/\/cardinal-tapes.com\/it\/wp-json\/wp\/v2\/media\/28777"}],"wp:attachment":[{"href":"https:\/\/cardinal-tapes.com\/it\/wp-json\/wp\/v2\/media?parent=40964"}],"wp:term":[{"taxonomy":"pwb-brand","embeddable":true,"href":"https:\/\/cardinal-tapes.com\/it\/wp-json\/wp\/v2\/pwb-brand?post=40964"},{"taxonomy":"product_brand","embeddable":true,"href":"https:\/\/cardinal-tapes.com\/it\/wp-json\/wp\/v2\/product_brand?post=40964"},{"taxonomy":"product_cat","embeddable":true,"href":"https:\/\/cardinal-tapes.com\/it\/wp-json\/wp\/v2\/product_cat?post=40964"},{"taxonomy":"product_tag","embeddable":true,"href":"https:\/\/cardinal-tapes.com\/it\/wp-json\/wp\/v2\/product_tag?post=40964"}],"curies":[{"name":"wp","href":"https:\/\/api.w.org\/{rel}","templated":true}]}}