{"id":40963,"date":"2021-09-07T10:43:26","date_gmt":"2023-06-05T14:55:58","guid":{"rendered":"https:\/\/cardinal.pixel-tal.de\/klebebaender\/senza-categoria\/nastro-protettivo-at45-in-pvc-con-bassa-adesione-istantanea\/"},"modified":"2023-06-05T16:55:58","modified_gmt":"2023-06-05T14:55:58","slug":"at45-pvc-nastro-protettivo-con-bassa-immediata-adesione","status":"publish","type":"product","link":"https:\/\/cardinal-tapes.com\/it\/nastri-adesivi\/nastri-monoadesivi\/at45-pvc-nastro-protettivo-con-bassa-immediata-adesione\/","title":{"rendered":"Nastro protettivo AT45 in PVC con bassa adesione istantanea"},"content":{"rendered":"<div class=\"first_para_desc\">\n<div class=\"first_para_desc\">\n<div class=\"first_para_desc\">\n<div class=\"first_para_desc\">\n<p>AT45 \u00e8 un nastro in PVC sottile, blu-trasparente, rivestito con un adesivo in gomma e a bassa adesivit\u00e0. \u00c8 adatto per la protezione in applicazioni ad alta temperatura come aerei, aftermarket automobilistico, intrattenimento, beni di consumo industriali, ingegneria e manutenzione. Il nastro \u00e8 resistente all&#8217;acqua e all&#8217;abrasione e si adatta a superfici lisce e irregolari. Grazie alla sua bassa adesivit\u00e0, AT45 pu\u00f2 essere rimosso dalla maggior parte delle superfici senza lasciare residui.<\/p>\n<\/div>\n<p><strong>Applicazioni<\/strong><\/p>\n<ul>\n<li>Per proteggere prodotti finiti, schermi TV e monitor, targhe, apparecchi di illuminazione e altri componenti durante lo stoccaggio e la consegna.<\/li>\n<li>Protezione dei bordi dei parabrezza<\/li>\n<li>Protezione delle superfici in legno laccate<\/li>\n<\/ul>\n<p><strong>Propriet\u00e0<\/strong><\/p>\n<ul>\n<li>Facile da srotolare<\/li>\n<li>Rimuovibile senza residui<\/li>\n<li>Resistente all&#8217;acqua e all&#8217;abrasione<\/li>\n<li>Adattabile alla forma<\/li>\n<\/ul>\n<\/div>\n<\/div>\n<\/div>\n","protected":false},"excerpt":{"rendered":"<p>AT45 \u00e8 un nastro in PVC sottile, blu-trasparente, rivestito con un adesivo in gomma e a bassa adesivit\u00e0. \u00c8 adatto per la protezione in applicazioni ad alta temperatura come aerei, aftermarket automobilistico, intrattenimento, beni di consumo industriali, ingegneria e manutenzione. Il nastro \u00e8 resistente all&#8217;acqua e all&#8217;abrasione e si adatta a superfici lisce e irregolari. [&hellip;]<\/p>\n","protected":false},"featured_media":28805,"template":"","meta":{"_acf_changed":false},"pwb-brand":[2313],"product_brand":[],"product_cat":[1826],"product_tag":[],"class_list":{"0":"post-40963","1":"product","2":"type-product","3":"status-publish","4":"has-post-thumbnail","6":"pwb-brand-advance-tapes-it","7":"product_cat-nastri-monoadesivi","9":"first","10":"instock","11":"taxable","12":"shipping-taxable","13":"purchasable","14":"product-type-variable"},"acf":[],"yoast_head":"<!-- This site is optimized with the Yoast SEO plugin v27.3 - https:\/\/yoast.com\/product\/yoast-seo-wordpress\/ -->\n<title>AT45 Nastro protettivo in PVC a bassa adesione istantanea | Cardinal TAPES<\/title>\n<meta name=\"description\" content=\"AT45 \u00e8 un nastro in PVC sottile, blu-trasparente, rivestito con un adesivo in gomma e a bassa adesivit\u00e0.\" \/>\n<meta name=\"robots\" content=\"index, follow, max-snippet:-1, max-image-preview:large, max-video-preview:-1\" \/>\n<link rel=\"canonical\" href=\"https:\/\/cardinal-tapes.com\/it\/nastri-adesivi\/nastri-monoadesivi\/at45-pvc-nastro-protettivo-con-bassa-immediata-adesione\/\" \/>\n<meta property=\"og:locale\" content=\"it_IT\" \/>\n<meta property=\"og:type\" content=\"article\" \/>\n<meta property=\"og:title\" content=\"AT45 Nastro protettivo in PVC a bassa adesione istantanea | Cardinal TAPES\" \/>\n<meta property=\"og:description\" content=\"AT45 \u00e8 un nastro in PVC sottile, blu-trasparente, rivestito con un adesivo in gomma e a bassa adesivit\u00e0.\" \/>\n<meta property=\"og:url\" content=\"https:\/\/cardinal-tapes.com\/it\/nastri-adesivi\/nastri-monoadesivi\/at45-pvc-nastro-protettivo-con-bassa-immediata-adesione\/\" \/>\n<meta property=\"og:site_name\" content=\"cardinal TAPES\" \/>\n<meta property=\"og:image\" content=\"https:\/\/cardinal-tapes.com\/wp-content\/uploads\/AT45-Blue-50x33-1-scaled.jpg\" \/>\n\t<meta property=\"og:image:width\" content=\"2560\" \/>\n\t<meta property=\"og:image:height\" content=\"2560\" \/>\n\t<meta property=\"og:image:type\" content=\"image\/jpeg\" \/>\n<meta name=\"twitter:card\" content=\"summary_large_image\" \/>\n<meta name=\"twitter:label1\" content=\"Tempo di lettura stimato\" \/>\n\t<meta name=\"twitter:data1\" content=\"1 minuto\" \/>\n<script type=\"application\/ld+json\" class=\"yoast-schema-graph\">{\"@context\":\"https:\\\/\\\/schema.org\",\"@graph\":[{\"@type\":\"WebPage\",\"@id\":\"https:\\\/\\\/cardinal-tapes.com\\\/it\\\/nastri-adesivi\\\/nastri-monoadesivi\\\/at45-pvc-nastro-protettivo-con-bassa-immediata-adesione\\\/\",\"url\":\"https:\\\/\\\/cardinal-tapes.com\\\/it\\\/nastri-adesivi\\\/nastri-monoadesivi\\\/at45-pvc-nastro-protettivo-con-bassa-immediata-adesione\\\/\",\"name\":\"AT45 Nastro protettivo in PVC a bassa adesione istantanea | Cardinal TAPES\",\"isPartOf\":{\"@id\":\"https:\\\/\\\/cardinal-tapes.com\\\/#website\"},\"primaryImageOfPage\":{\"@id\":\"https:\\\/\\\/cardinal-tapes.com\\\/it\\\/nastri-adesivi\\\/nastri-monoadesivi\\\/at45-pvc-nastro-protettivo-con-bassa-immediata-adesione\\\/#primaryimage\"},\"image\":{\"@id\":\"https:\\\/\\\/cardinal-tapes.com\\\/it\\\/nastri-adesivi\\\/nastri-monoadesivi\\\/at45-pvc-nastro-protettivo-con-bassa-immediata-adesione\\\/#primaryimage\"},\"thumbnailUrl\":\"https:\\\/\\\/cardinal-tapes.com\\\/wp-content\\\/uploads\\\/AT45-Blue-50x33-1-scaled.jpg\",\"datePublished\":\"2023-06-05T14:55:58+00:00\",\"description\":\"AT45 \u00e8 un nastro in PVC sottile, blu-trasparente, rivestito con un adesivo in gomma e a bassa adesivit\u00e0.\",\"breadcrumb\":{\"@id\":\"https:\\\/\\\/cardinal-tapes.com\\\/it\\\/nastri-adesivi\\\/nastri-monoadesivi\\\/at45-pvc-nastro-protettivo-con-bassa-immediata-adesione\\\/#breadcrumb\"},\"inLanguage\":\"it-IT\",\"potentialAction\":[{\"@type\":\"ReadAction\",\"target\":[\"https:\\\/\\\/cardinal-tapes.com\\\/it\\\/nastri-adesivi\\\/nastri-monoadesivi\\\/at45-pvc-nastro-protettivo-con-bassa-immediata-adesione\\\/\"]}]},{\"@type\":\"ImageObject\",\"inLanguage\":\"it-IT\",\"@id\":\"https:\\\/\\\/cardinal-tapes.com\\\/it\\\/nastri-adesivi\\\/nastri-monoadesivi\\\/at45-pvc-nastro-protettivo-con-bassa-immediata-adesione\\\/#primaryimage\",\"url\":\"https:\\\/\\\/cardinal-tapes.com\\\/wp-content\\\/uploads\\\/AT45-Blue-50x33-1-scaled.jpg\",\"contentUrl\":\"https:\\\/\\\/cardinal-tapes.com\\\/wp-content\\\/uploads\\\/AT45-Blue-50x33-1-scaled.jpg\",\"width\":2560,\"height\":2560},{\"@type\":\"BreadcrumbList\",\"@id\":\"https:\\\/\\\/cardinal-tapes.com\\\/it\\\/nastri-adesivi\\\/nastri-monoadesivi\\\/at45-pvc-nastro-protettivo-con-bassa-immediata-adesione\\\/#breadcrumb\",\"itemListElement\":[{\"@type\":\"ListItem\",\"position\":1,\"name\":\"Startseite\",\"item\":\"https:\\\/\\\/cardinal-tapes.com\\\/it\\\/casa\\\/\"},{\"@type\":\"ListItem\",\"position\":2,\"name\":\"Nastri adesivi\",\"item\":\"https:\\\/\\\/cardinal-tapes.com\\\/it\\\/nastri-adesivi-it\\\/\"},{\"@type\":\"ListItem\",\"position\":3,\"name\":\"Nastri monoadesivi\",\"item\":\"https:\\\/\\\/cardinal-tapes.com\\\/it\\\/categoria\\\/nastri-monoadesivi\\\/\"},{\"@type\":\"ListItem\",\"position\":4,\"name\":\"Nastro protettivo AT45 in PVC con bassa adesione istantanea\"}]},{\"@type\":\"WebSite\",\"@id\":\"https:\\\/\\\/cardinal-tapes.com\\\/#website\",\"url\":\"https:\\\/\\\/cardinal-tapes.com\\\/\",\"name\":\"cardinal TAPES\",\"description\":\"Klebetechnik aus Wuppertal\",\"potentialAction\":[{\"@type\":\"SearchAction\",\"target\":{\"@type\":\"EntryPoint\",\"urlTemplate\":\"https:\\\/\\\/cardinal-tapes.com\\\/?s={search_term_string}\"},\"query-input\":{\"@type\":\"PropertyValueSpecification\",\"valueRequired\":true,\"valueName\":\"search_term_string\"}}],\"inLanguage\":\"it-IT\"}]}<\/script>\n<!-- \/ Yoast SEO plugin. -->","yoast_head_json":{"title":"AT45 Nastro protettivo in PVC a bassa adesione istantanea | Cardinal TAPES","description":"AT45 \u00e8 un nastro in PVC sottile, blu-trasparente, rivestito con un adesivo in gomma e a bassa adesivit\u00e0.","robots":{"index":"index","follow":"follow","max-snippet":"max-snippet:-1","max-image-preview":"max-image-preview:large","max-video-preview":"max-video-preview:-1"},"canonical":"https:\/\/cardinal-tapes.com\/it\/nastri-adesivi\/nastri-monoadesivi\/at45-pvc-nastro-protettivo-con-bassa-immediata-adesione\/","og_locale":"it_IT","og_type":"article","og_title":"AT45 Nastro protettivo in PVC a bassa adesione istantanea | Cardinal TAPES","og_description":"AT45 \u00e8 un nastro in PVC sottile, blu-trasparente, rivestito con un adesivo in gomma e a bassa adesivit\u00e0.","og_url":"https:\/\/cardinal-tapes.com\/it\/nastri-adesivi\/nastri-monoadesivi\/at45-pvc-nastro-protettivo-con-bassa-immediata-adesione\/","og_site_name":"cardinal TAPES","og_image":[{"width":2560,"height":2560,"url":"https:\/\/cardinal-tapes.com\/wp-content\/uploads\/AT45-Blue-50x33-1-scaled.jpg","type":"image\/jpeg"}],"twitter_card":"summary_large_image","twitter_misc":{"Tempo di lettura stimato":"1 minuto"},"schema":{"@context":"https:\/\/schema.org","@graph":[{"@type":"WebPage","@id":"https:\/\/cardinal-tapes.com\/it\/nastri-adesivi\/nastri-monoadesivi\/at45-pvc-nastro-protettivo-con-bassa-immediata-adesione\/","url":"https:\/\/cardinal-tapes.com\/it\/nastri-adesivi\/nastri-monoadesivi\/at45-pvc-nastro-protettivo-con-bassa-immediata-adesione\/","name":"AT45 Nastro protettivo in PVC a bassa adesione istantanea | Cardinal TAPES","isPartOf":{"@id":"https:\/\/cardinal-tapes.com\/#website"},"primaryImageOfPage":{"@id":"https:\/\/cardinal-tapes.com\/it\/nastri-adesivi\/nastri-monoadesivi\/at45-pvc-nastro-protettivo-con-bassa-immediata-adesione\/#primaryimage"},"image":{"@id":"https:\/\/cardinal-tapes.com\/it\/nastri-adesivi\/nastri-monoadesivi\/at45-pvc-nastro-protettivo-con-bassa-immediata-adesione\/#primaryimage"},"thumbnailUrl":"https:\/\/cardinal-tapes.com\/wp-content\/uploads\/AT45-Blue-50x33-1-scaled.jpg","datePublished":"2023-06-05T14:55:58+00:00","description":"AT45 \u00e8 un nastro in PVC sottile, blu-trasparente, rivestito con un adesivo in gomma e a bassa adesivit\u00e0.","breadcrumb":{"@id":"https:\/\/cardinal-tapes.com\/it\/nastri-adesivi\/nastri-monoadesivi\/at45-pvc-nastro-protettivo-con-bassa-immediata-adesione\/#breadcrumb"},"inLanguage":"it-IT","potentialAction":[{"@type":"ReadAction","target":["https:\/\/cardinal-tapes.com\/it\/nastri-adesivi\/nastri-monoadesivi\/at45-pvc-nastro-protettivo-con-bassa-immediata-adesione\/"]}]},{"@type":"ImageObject","inLanguage":"it-IT","@id":"https:\/\/cardinal-tapes.com\/it\/nastri-adesivi\/nastri-monoadesivi\/at45-pvc-nastro-protettivo-con-bassa-immediata-adesione\/#primaryimage","url":"https:\/\/cardinal-tapes.com\/wp-content\/uploads\/AT45-Blue-50x33-1-scaled.jpg","contentUrl":"https:\/\/cardinal-tapes.com\/wp-content\/uploads\/AT45-Blue-50x33-1-scaled.jpg","width":2560,"height":2560},{"@type":"BreadcrumbList","@id":"https:\/\/cardinal-tapes.com\/it\/nastri-adesivi\/nastri-monoadesivi\/at45-pvc-nastro-protettivo-con-bassa-immediata-adesione\/#breadcrumb","itemListElement":[{"@type":"ListItem","position":1,"name":"Startseite","item":"https:\/\/cardinal-tapes.com\/it\/casa\/"},{"@type":"ListItem","position":2,"name":"Nastri adesivi","item":"https:\/\/cardinal-tapes.com\/it\/nastri-adesivi-it\/"},{"@type":"ListItem","position":3,"name":"Nastri monoadesivi","item":"https:\/\/cardinal-tapes.com\/it\/categoria\/nastri-monoadesivi\/"},{"@type":"ListItem","position":4,"name":"Nastro protettivo AT45 in PVC con bassa adesione istantanea"}]},{"@type":"WebSite","@id":"https:\/\/cardinal-tapes.com\/#website","url":"https:\/\/cardinal-tapes.com\/","name":"cardinal TAPES","description":"Klebetechnik aus Wuppertal","potentialAction":[{"@type":"SearchAction","target":{"@type":"EntryPoint","urlTemplate":"https:\/\/cardinal-tapes.com\/?s={search_term_string}"},"query-input":{"@type":"PropertyValueSpecification","valueRequired":true,"valueName":"search_term_string"}}],"inLanguage":"it-IT"}]}},"brands":[{"id":2313,"name":"Advance Tapes","slug":"advance-tapes-it"}],"_links":{"self":[{"href":"https:\/\/cardinal-tapes.com\/it\/wp-json\/wp\/v2\/product\/40963","targetHints":{"allow":["GET"]}}],"collection":[{"href":"https:\/\/cardinal-tapes.com\/it\/wp-json\/wp\/v2\/product"}],"about":[{"href":"https:\/\/cardinal-tapes.com\/it\/wp-json\/wp\/v2\/types\/product"}],"wp:featuredmedia":[{"embeddable":true,"href":"https:\/\/cardinal-tapes.com\/it\/wp-json\/wp\/v2\/media\/28805"}],"wp:attachment":[{"href":"https:\/\/cardinal-tapes.com\/it\/wp-json\/wp\/v2\/media?parent=40963"}],"wp:term":[{"taxonomy":"pwb-brand","embeddable":true,"href":"https:\/\/cardinal-tapes.com\/it\/wp-json\/wp\/v2\/pwb-brand?post=40963"},{"taxonomy":"product_brand","embeddable":true,"href":"https:\/\/cardinal-tapes.com\/it\/wp-json\/wp\/v2\/product_brand?post=40963"},{"taxonomy":"product_cat","embeddable":true,"href":"https:\/\/cardinal-tapes.com\/it\/wp-json\/wp\/v2\/product_cat?post=40963"},{"taxonomy":"product_tag","embeddable":true,"href":"https:\/\/cardinal-tapes.com\/it\/wp-json\/wp\/v2\/product_tag?post=40963"}],"curies":[{"name":"wp","href":"https:\/\/api.w.org\/{rel}","templated":true}]}}