{"id":40959,"date":"2021-09-07T11:36:44","date_gmt":"2023-06-05T14:55:58","guid":{"rendered":"https:\/\/cardinal.pixel-tal.de\/klebebaender\/senza-categoria\/nastro-in-pvc-at6000-per-lindustria-delle-costruzioni\/"},"modified":"2023-06-05T16:55:58","modified_gmt":"2023-06-05T14:55:58","slug":"at6000-nastro-in-pvc-per-ledilizia","status":"publish","type":"product","link":"https:\/\/cardinal-tapes.com\/it\/nastri-adesivi\/nastri-monoadesivi\/film-in-pvc\/at6000-nastro-in-pvc-per-ledilizia\/","title":{"rendered":"Nastro in PVC AT6000 per l&#8217;industria delle costruzioni"},"content":{"rendered":"<div class=\"first_para_desc\">\n<div class=\"first_para_desc\">\n<div class=\"first_para_desc\">\n<div class=\"first_para_desc\">\n<p>AT6000 \u00e8 un nastro in PVC rivestito con un adesivo in gomma trasparente. Il nastro \u00e8 altamente performante, resiste a temperature pi\u00f9 elevate (da -5\u00b0C a +60\u00b0C) ed \u00e8 facile da srotolare anche in condizioni di freddo. AT6000 \u00e8 resistente ai raggi UV e all&#8217;acqua e pu\u00f2 essere utilizzato sia all&#8217;interno che all&#8217;esterno. Il nastro \u00e8 aderente alla forma e si adatta bene a superfici difficili e lisce.<\/p>\n<\/div>\n<p><strong>Applicazioni<\/strong><\/p>\n<ul>\n<li>Impacchettare legno e altri materiali per una movimentazione sicura<\/li>\n<li>Copertura durante i lavori di costruzione (finestre, porte, davanzali, ecc.)<\/li>\n<\/ul>\n<p><strong>Propriet\u00e0<\/strong><\/p>\n<ul>\n<li>Facile da srotolare<\/li>\n<li>Facile da strappare<\/li>\n<li>Resistente ai raggi UV e all&#8217;acqua<\/li>\n<\/ul>\n<\/div>\n<\/div>\n<\/div>\n","protected":false},"excerpt":{"rendered":"<p>AT6000 \u00e8 un nastro in PVC rivestito con un adesivo in gomma trasparente. Il nastro \u00e8 altamente performante, resiste a temperature pi\u00f9 elevate (da -5\u00b0C a +60\u00b0C) ed \u00e8 facile da srotolare anche in condizioni di freddo. AT6000 \u00e8 resistente ai raggi UV e all&#8217;acqua e pu\u00f2 essere utilizzato sia all&#8217;interno che all&#8217;esterno. Il nastro [&hellip;]<\/p>\n","protected":false},"featured_media":28809,"template":"","meta":{"_acf_changed":false},"pwb-brand":[2313],"product_brand":[],"product_cat":[1826,1831],"product_tag":[],"class_list":{"0":"post-40959","1":"product","2":"type-product","3":"status-publish","4":"has-post-thumbnail","6":"pwb-brand-advance-tapes-it","7":"product_cat-nastri-monoadesivi","8":"product_cat-film-in-pvc","10":"first","11":"instock","12":"taxable","13":"shipping-taxable","14":"purchasable","15":"product-type-variable"},"acf":[],"yoast_head":"<!-- This site is optimized with the Yoast SEO plugin v27.3 - https:\/\/yoast.com\/product\/yoast-seo-wordpress\/ -->\n<title>Nastro in PVC AT6000 per l&#039;industria delle costruzioni | Cardinal TAPES<\/title>\n<meta name=\"description\" content=\"AT6000 \u00e8 un nastro in PVC rivestito con un adesivo in gomma trasparente.\" \/>\n<meta name=\"robots\" content=\"index, follow, max-snippet:-1, max-image-preview:large, max-video-preview:-1\" \/>\n<link rel=\"canonical\" href=\"https:\/\/cardinal-tapes.com\/it\/nastri-adesivi\/nastri-monoadesivi\/at6000-nastro-in-pvc-per-ledilizia\/\" \/>\n<meta property=\"og:locale\" content=\"it_IT\" \/>\n<meta property=\"og:type\" content=\"article\" \/>\n<meta property=\"og:title\" content=\"Nastro in PVC AT6000 per l&#039;industria delle costruzioni | Cardinal TAPES\" \/>\n<meta property=\"og:description\" content=\"AT6000 \u00e8 un nastro in PVC rivestito con un adesivo in gomma trasparente.\" \/>\n<meta property=\"og:url\" content=\"https:\/\/cardinal-tapes.com\/it\/nastri-adesivi\/nastri-monoadesivi\/at6000-nastro-in-pvc-per-ledilizia\/\" \/>\n<meta property=\"og:site_name\" content=\"cardinal TAPES\" \/>\n<meta property=\"og:image\" content=\"https:\/\/cardinal-tapes.com\/wp-content\/uploads\/AT6000-Orange-50mm.jpg\" \/>\n\t<meta property=\"og:image:width\" content=\"1566\" \/>\n\t<meta property=\"og:image:height\" content=\"1684\" \/>\n\t<meta property=\"og:image:type\" content=\"image\/jpeg\" \/>\n<meta name=\"twitter:card\" content=\"summary_large_image\" \/>\n<script type=\"application\/ld+json\" class=\"yoast-schema-graph\">{\"@context\":\"https:\\\/\\\/schema.org\",\"@graph\":[{\"@type\":\"WebPage\",\"@id\":\"https:\\\/\\\/cardinal-tapes.com\\\/it\\\/nastri-adesivi\\\/nastri-monoadesivi\\\/at6000-nastro-in-pvc-per-ledilizia\\\/\",\"url\":\"https:\\\/\\\/cardinal-tapes.com\\\/it\\\/nastri-adesivi\\\/nastri-monoadesivi\\\/at6000-nastro-in-pvc-per-ledilizia\\\/\",\"name\":\"Nastro in PVC AT6000 per l'industria delle costruzioni | Cardinal TAPES\",\"isPartOf\":{\"@id\":\"https:\\\/\\\/cardinal-tapes.com\\\/#website\"},\"primaryImageOfPage\":{\"@id\":\"https:\\\/\\\/cardinal-tapes.com\\\/it\\\/nastri-adesivi\\\/nastri-monoadesivi\\\/at6000-nastro-in-pvc-per-ledilizia\\\/#primaryimage\"},\"image\":{\"@id\":\"https:\\\/\\\/cardinal-tapes.com\\\/it\\\/nastri-adesivi\\\/nastri-monoadesivi\\\/at6000-nastro-in-pvc-per-ledilizia\\\/#primaryimage\"},\"thumbnailUrl\":\"https:\\\/\\\/cardinal-tapes.com\\\/wp-content\\\/uploads\\\/AT6000-Orange-50mm.jpg\",\"datePublished\":\"2023-06-05T14:55:58+00:00\",\"description\":\"AT6000 \u00e8 un nastro in PVC rivestito con un adesivo in gomma trasparente.\",\"breadcrumb\":{\"@id\":\"https:\\\/\\\/cardinal-tapes.com\\\/it\\\/nastri-adesivi\\\/nastri-monoadesivi\\\/at6000-nastro-in-pvc-per-ledilizia\\\/#breadcrumb\"},\"inLanguage\":\"it-IT\",\"potentialAction\":[{\"@type\":\"ReadAction\",\"target\":[\"https:\\\/\\\/cardinal-tapes.com\\\/it\\\/nastri-adesivi\\\/nastri-monoadesivi\\\/at6000-nastro-in-pvc-per-ledilizia\\\/\"]}]},{\"@type\":\"ImageObject\",\"inLanguage\":\"it-IT\",\"@id\":\"https:\\\/\\\/cardinal-tapes.com\\\/it\\\/nastri-adesivi\\\/nastri-monoadesivi\\\/at6000-nastro-in-pvc-per-ledilizia\\\/#primaryimage\",\"url\":\"https:\\\/\\\/cardinal-tapes.com\\\/wp-content\\\/uploads\\\/AT6000-Orange-50mm.jpg\",\"contentUrl\":\"https:\\\/\\\/cardinal-tapes.com\\\/wp-content\\\/uploads\\\/AT6000-Orange-50mm.jpg\",\"width\":1566,\"height\":1684},{\"@type\":\"BreadcrumbList\",\"@id\":\"https:\\\/\\\/cardinal-tapes.com\\\/it\\\/nastri-adesivi\\\/nastri-monoadesivi\\\/at6000-nastro-in-pvc-per-ledilizia\\\/#breadcrumb\",\"itemListElement\":[{\"@type\":\"ListItem\",\"position\":1,\"name\":\"Startseite\",\"item\":\"https:\\\/\\\/cardinal-tapes.com\\\/it\\\/casa\\\/\"},{\"@type\":\"ListItem\",\"position\":2,\"name\":\"Nastri adesivi\",\"item\":\"https:\\\/\\\/cardinal-tapes.com\\\/it\\\/nastri-adesivi-it\\\/\"},{\"@type\":\"ListItem\",\"position\":3,\"name\":\"Nastri monoadesivi\",\"item\":\"https:\\\/\\\/cardinal-tapes.com\\\/it\\\/categoria\\\/nastri-monoadesivi\\\/\"},{\"@type\":\"ListItem\",\"position\":4,\"name\":\"Nastro in PVC AT6000 per l&#8217;industria delle costruzioni\"}]},{\"@type\":\"WebSite\",\"@id\":\"https:\\\/\\\/cardinal-tapes.com\\\/#website\",\"url\":\"https:\\\/\\\/cardinal-tapes.com\\\/\",\"name\":\"cardinal TAPES\",\"description\":\"Klebetechnik aus Wuppertal\",\"potentialAction\":[{\"@type\":\"SearchAction\",\"target\":{\"@type\":\"EntryPoint\",\"urlTemplate\":\"https:\\\/\\\/cardinal-tapes.com\\\/?s={search_term_string}\"},\"query-input\":{\"@type\":\"PropertyValueSpecification\",\"valueRequired\":true,\"valueName\":\"search_term_string\"}}],\"inLanguage\":\"it-IT\"}]}<\/script>\n<!-- \/ Yoast SEO plugin. -->","yoast_head_json":{"title":"Nastro in PVC AT6000 per l'industria delle costruzioni | Cardinal TAPES","description":"AT6000 \u00e8 un nastro in PVC rivestito con un adesivo in gomma trasparente.","robots":{"index":"index","follow":"follow","max-snippet":"max-snippet:-1","max-image-preview":"max-image-preview:large","max-video-preview":"max-video-preview:-1"},"canonical":"https:\/\/cardinal-tapes.com\/it\/nastri-adesivi\/nastri-monoadesivi\/at6000-nastro-in-pvc-per-ledilizia\/","og_locale":"it_IT","og_type":"article","og_title":"Nastro in PVC AT6000 per l'industria delle costruzioni | Cardinal TAPES","og_description":"AT6000 \u00e8 un nastro in PVC rivestito con un adesivo in gomma trasparente.","og_url":"https:\/\/cardinal-tapes.com\/it\/nastri-adesivi\/nastri-monoadesivi\/at6000-nastro-in-pvc-per-ledilizia\/","og_site_name":"cardinal TAPES","og_image":[{"width":1566,"height":1684,"url":"https:\/\/cardinal-tapes.com\/wp-content\/uploads\/AT6000-Orange-50mm.jpg","type":"image\/jpeg"}],"twitter_card":"summary_large_image","schema":{"@context":"https:\/\/schema.org","@graph":[{"@type":"WebPage","@id":"https:\/\/cardinal-tapes.com\/it\/nastri-adesivi\/nastri-monoadesivi\/at6000-nastro-in-pvc-per-ledilizia\/","url":"https:\/\/cardinal-tapes.com\/it\/nastri-adesivi\/nastri-monoadesivi\/at6000-nastro-in-pvc-per-ledilizia\/","name":"Nastro in PVC AT6000 per l'industria delle costruzioni | Cardinal TAPES","isPartOf":{"@id":"https:\/\/cardinal-tapes.com\/#website"},"primaryImageOfPage":{"@id":"https:\/\/cardinal-tapes.com\/it\/nastri-adesivi\/nastri-monoadesivi\/at6000-nastro-in-pvc-per-ledilizia\/#primaryimage"},"image":{"@id":"https:\/\/cardinal-tapes.com\/it\/nastri-adesivi\/nastri-monoadesivi\/at6000-nastro-in-pvc-per-ledilizia\/#primaryimage"},"thumbnailUrl":"https:\/\/cardinal-tapes.com\/wp-content\/uploads\/AT6000-Orange-50mm.jpg","datePublished":"2023-06-05T14:55:58+00:00","description":"AT6000 \u00e8 un nastro in PVC rivestito con un adesivo in gomma trasparente.","breadcrumb":{"@id":"https:\/\/cardinal-tapes.com\/it\/nastri-adesivi\/nastri-monoadesivi\/at6000-nastro-in-pvc-per-ledilizia\/#breadcrumb"},"inLanguage":"it-IT","potentialAction":[{"@type":"ReadAction","target":["https:\/\/cardinal-tapes.com\/it\/nastri-adesivi\/nastri-monoadesivi\/at6000-nastro-in-pvc-per-ledilizia\/"]}]},{"@type":"ImageObject","inLanguage":"it-IT","@id":"https:\/\/cardinal-tapes.com\/it\/nastri-adesivi\/nastri-monoadesivi\/at6000-nastro-in-pvc-per-ledilizia\/#primaryimage","url":"https:\/\/cardinal-tapes.com\/wp-content\/uploads\/AT6000-Orange-50mm.jpg","contentUrl":"https:\/\/cardinal-tapes.com\/wp-content\/uploads\/AT6000-Orange-50mm.jpg","width":1566,"height":1684},{"@type":"BreadcrumbList","@id":"https:\/\/cardinal-tapes.com\/it\/nastri-adesivi\/nastri-monoadesivi\/at6000-nastro-in-pvc-per-ledilizia\/#breadcrumb","itemListElement":[{"@type":"ListItem","position":1,"name":"Startseite","item":"https:\/\/cardinal-tapes.com\/it\/casa\/"},{"@type":"ListItem","position":2,"name":"Nastri adesivi","item":"https:\/\/cardinal-tapes.com\/it\/nastri-adesivi-it\/"},{"@type":"ListItem","position":3,"name":"Nastri monoadesivi","item":"https:\/\/cardinal-tapes.com\/it\/categoria\/nastri-monoadesivi\/"},{"@type":"ListItem","position":4,"name":"Nastro in PVC AT6000 per l&#8217;industria delle costruzioni"}]},{"@type":"WebSite","@id":"https:\/\/cardinal-tapes.com\/#website","url":"https:\/\/cardinal-tapes.com\/","name":"cardinal TAPES","description":"Klebetechnik aus Wuppertal","potentialAction":[{"@type":"SearchAction","target":{"@type":"EntryPoint","urlTemplate":"https:\/\/cardinal-tapes.com\/?s={search_term_string}"},"query-input":{"@type":"PropertyValueSpecification","valueRequired":true,"valueName":"search_term_string"}}],"inLanguage":"it-IT"}]}},"brands":[{"id":2313,"name":"Advance Tapes","slug":"advance-tapes-it"}],"_links":{"self":[{"href":"https:\/\/cardinal-tapes.com\/it\/wp-json\/wp\/v2\/product\/40959","targetHints":{"allow":["GET"]}}],"collection":[{"href":"https:\/\/cardinal-tapes.com\/it\/wp-json\/wp\/v2\/product"}],"about":[{"href":"https:\/\/cardinal-tapes.com\/it\/wp-json\/wp\/v2\/types\/product"}],"wp:featuredmedia":[{"embeddable":true,"href":"https:\/\/cardinal-tapes.com\/it\/wp-json\/wp\/v2\/media\/28809"}],"wp:attachment":[{"href":"https:\/\/cardinal-tapes.com\/it\/wp-json\/wp\/v2\/media?parent=40959"}],"wp:term":[{"taxonomy":"pwb-brand","embeddable":true,"href":"https:\/\/cardinal-tapes.com\/it\/wp-json\/wp\/v2\/pwb-brand?post=40959"},{"taxonomy":"product_brand","embeddable":true,"href":"https:\/\/cardinal-tapes.com\/it\/wp-json\/wp\/v2\/product_brand?post=40959"},{"taxonomy":"product_cat","embeddable":true,"href":"https:\/\/cardinal-tapes.com\/it\/wp-json\/wp\/v2\/product_cat?post=40959"},{"taxonomy":"product_tag","embeddable":true,"href":"https:\/\/cardinal-tapes.com\/it\/wp-json\/wp\/v2\/product_tag?post=40959"}],"curies":[{"name":"wp","href":"https:\/\/api.w.org\/{rel}","templated":true}]}}