{"id":40957,"date":"2021-09-06T12:04:17","date_gmt":"2023-06-05T14:55:58","guid":{"rendered":"https:\/\/cardinal.pixel-tal.de\/klebebaender\/senza-categoria\/nastro-in-tessuto-ignifugo-at2002\/"},"modified":"2023-06-05T16:55:58","modified_gmt":"2023-06-05T14:55:58","slug":"at2002-nastro-di-tessuto-ignifugo","status":"publish","type":"product","link":"https:\/\/cardinal-tapes.com\/it\/nastri-adesivi\/aree-di-applicazione\/nastro-adesivo-per-tessuti\/at2002-nastro-di-tessuto-ignifugo\/","title":{"rendered":"Nastro in tessuto ignifugo AT2002"},"content":{"rendered":"<div class=\"first_para_desc\">\n<div class=\"first_para_desc\">\n<div class=\"first_para_desc\">\n<div class=\"first_para_desc\">\n<p>AT2002 \u00e8 un nastro in tessuto laminato ignifugo con propriet\u00e0 autoestinguenti. \u00c8 rivestito con uno speciale adesivo in gomma sensibile alla pressione e privo di solventi. Il prodotto \u00e8 ideale per l&#8217;impiego in applicazioni aeronautiche e marine. Il nastro si adatta bene sia alle superfici lisce che a quelle irregolari ed \u00e8 inoltre conforme alla Federal Aviation Regulations FAR 25.853 (a) per quanto riguarda il ritardo di fiamma. Questa specifica \u00e8 stampata sul nastro in modo che possa essere facilmente identificata.<\/p>\n<\/div>\n<p><strong>Applicazioni<\/strong><\/p>\n<ul>\n<li>Protezione e collegamento durante la costruzione e la manutenzione di aerei, navi, sottomarini e treni.<\/li>\n<li>Guarnizioni tra i pannelli ignifughi<\/li>\n<li>Incollaggio delle pareti di cartone duro nei compartimenti di carico, noto come &#8220;nastro di carico&#8221;.<\/li>\n<\/ul>\n<p><strong>Propriet\u00e0<\/strong><\/p>\n<ul>\n<li>Specificato secondo FAR 25.853<\/li>\n<li>Pu\u00f2 essere rimosso senza residui a 50\u00b0C per un massimo di 4 giorni.<\/li>\n<li>Impermeabile<\/li>\n<li>Buona resistenza all&#8217;abrasione<\/li>\n<li>Eccellente adesione<\/li>\n<\/ul>\n<\/div>\n<\/div>\n<\/div>\n","protected":false},"excerpt":{"rendered":"<p>AT2002 \u00e8 un nastro in tessuto laminato ignifugo con propriet\u00e0 autoestinguenti. \u00c8 rivestito con uno speciale adesivo in gomma sensibile alla pressione e privo di solventi. Il prodotto \u00e8 ideale per l&#8217;impiego in applicazioni aeronautiche e marine. Il nastro si adatta bene sia alle superfici lisce che a quelle irregolari ed \u00e8 inoltre conforme alla [&hellip;]<\/p>\n","protected":false},"featured_media":28793,"template":"","meta":{"_acf_changed":false},"pwb-brand":[2313],"product_brand":[],"product_cat":[1725,1727,1826],"product_tag":[],"class_list":{"0":"post-40957","1":"product","2":"type-product","3":"status-publish","4":"has-post-thumbnail","6":"pwb-brand-advance-tapes-it","7":"product_cat-nastro-adesivo-per-tessuti","8":"product_cat-nastri-rivestiti-in-plastica","9":"product_cat-nastri-monoadesivi","11":"first","12":"instock","13":"taxable","14":"shipping-taxable","15":"purchasable","16":"product-type-variable"},"acf":[],"yoast_head":"<!-- This site is optimized with the Yoast SEO plugin v27.3 - https:\/\/yoast.com\/product\/yoast-seo-wordpress\/ -->\n<title>Nastro in tessuto ignifugo AT2002 | Cardinal TAPES<\/title>\n<meta name=\"description\" content=\"AT2002 \u00e8 un nastro in tessuto laminato ignifugo con propriet\u00e0 autoestinguenti.\" \/>\n<meta name=\"robots\" content=\"index, follow, max-snippet:-1, max-image-preview:large, max-video-preview:-1\" \/>\n<link rel=\"canonical\" href=\"https:\/\/cardinal-tapes.com\/it\/nastri-adesivi\/nastro-adesivo-per-tessuti\/at2002-nastro-di-tessuto-ignifugo\/\" \/>\n<meta property=\"og:locale\" content=\"it_IT\" \/>\n<meta property=\"og:type\" content=\"article\" \/>\n<meta property=\"og:title\" content=\"Nastro in tessuto ignifugo AT2002 | Cardinal TAPES\" \/>\n<meta property=\"og:description\" content=\"AT2002 \u00e8 un nastro in tessuto laminato ignifugo con propriet\u00e0 autoestinguenti.\" \/>\n<meta property=\"og:url\" content=\"https:\/\/cardinal-tapes.com\/it\/nastri-adesivi\/nastro-adesivo-per-tessuti\/at2002-nastro-di-tessuto-ignifugo\/\" \/>\n<meta property=\"og:site_name\" content=\"cardinal TAPES\" \/>\n<meta property=\"og:image\" content=\"https:\/\/cardinal-tapes.com\/wp-content\/uploads\/AT2002_6-scaled.jpg\" \/>\n\t<meta property=\"og:image:width\" content=\"2560\" \/>\n\t<meta property=\"og:image:height\" content=\"1707\" \/>\n\t<meta property=\"og:image:type\" content=\"image\/jpeg\" \/>\n<meta name=\"twitter:card\" content=\"summary_large_image\" \/>\n<meta name=\"twitter:label1\" content=\"Tempo di lettura stimato\" \/>\n\t<meta name=\"twitter:data1\" content=\"1 minuto\" \/>\n<script type=\"application\/ld+json\" class=\"yoast-schema-graph\">{\"@context\":\"https:\\\/\\\/schema.org\",\"@graph\":[{\"@type\":\"WebPage\",\"@id\":\"https:\\\/\\\/cardinal-tapes.com\\\/it\\\/nastri-adesivi\\\/nastro-adesivo-per-tessuti\\\/at2002-nastro-di-tessuto-ignifugo\\\/\",\"url\":\"https:\\\/\\\/cardinal-tapes.com\\\/it\\\/nastri-adesivi\\\/nastro-adesivo-per-tessuti\\\/at2002-nastro-di-tessuto-ignifugo\\\/\",\"name\":\"Nastro in tessuto ignifugo AT2002 | Cardinal TAPES\",\"isPartOf\":{\"@id\":\"https:\\\/\\\/cardinal-tapes.com\\\/#website\"},\"primaryImageOfPage\":{\"@id\":\"https:\\\/\\\/cardinal-tapes.com\\\/it\\\/nastri-adesivi\\\/nastro-adesivo-per-tessuti\\\/at2002-nastro-di-tessuto-ignifugo\\\/#primaryimage\"},\"image\":{\"@id\":\"https:\\\/\\\/cardinal-tapes.com\\\/it\\\/nastri-adesivi\\\/nastro-adesivo-per-tessuti\\\/at2002-nastro-di-tessuto-ignifugo\\\/#primaryimage\"},\"thumbnailUrl\":\"https:\\\/\\\/cardinal-tapes.com\\\/wp-content\\\/uploads\\\/AT2002_6-scaled.jpg\",\"datePublished\":\"2023-06-05T14:55:58+00:00\",\"description\":\"AT2002 \u00e8 un nastro in tessuto laminato ignifugo con propriet\u00e0 autoestinguenti.\",\"breadcrumb\":{\"@id\":\"https:\\\/\\\/cardinal-tapes.com\\\/it\\\/nastri-adesivi\\\/nastro-adesivo-per-tessuti\\\/at2002-nastro-di-tessuto-ignifugo\\\/#breadcrumb\"},\"inLanguage\":\"it-IT\",\"potentialAction\":[{\"@type\":\"ReadAction\",\"target\":[\"https:\\\/\\\/cardinal-tapes.com\\\/it\\\/nastri-adesivi\\\/nastro-adesivo-per-tessuti\\\/at2002-nastro-di-tessuto-ignifugo\\\/\"]}]},{\"@type\":\"ImageObject\",\"inLanguage\":\"it-IT\",\"@id\":\"https:\\\/\\\/cardinal-tapes.com\\\/it\\\/nastri-adesivi\\\/nastro-adesivo-per-tessuti\\\/at2002-nastro-di-tessuto-ignifugo\\\/#primaryimage\",\"url\":\"https:\\\/\\\/cardinal-tapes.com\\\/wp-content\\\/uploads\\\/AT2002_6-scaled.jpg\",\"contentUrl\":\"https:\\\/\\\/cardinal-tapes.com\\\/wp-content\\\/uploads\\\/AT2002_6-scaled.jpg\",\"width\":2560,\"height\":1707},{\"@type\":\"BreadcrumbList\",\"@id\":\"https:\\\/\\\/cardinal-tapes.com\\\/it\\\/nastri-adesivi\\\/nastro-adesivo-per-tessuti\\\/at2002-nastro-di-tessuto-ignifugo\\\/#breadcrumb\",\"itemListElement\":[{\"@type\":\"ListItem\",\"position\":1,\"name\":\"Startseite\",\"item\":\"https:\\\/\\\/cardinal-tapes.com\\\/it\\\/casa\\\/\"},{\"@type\":\"ListItem\",\"position\":2,\"name\":\"Nastri adesivi\",\"item\":\"https:\\\/\\\/cardinal-tapes.com\\\/it\\\/nastri-adesivi-it\\\/\"},{\"@type\":\"ListItem\",\"position\":3,\"name\":\"Nastro adesivo per tessuti\",\"item\":\"https:\\\/\\\/cardinal-tapes.com\\\/it\\\/categoria\\\/nastro-adesivo-per-tessuti\\\/\"},{\"@type\":\"ListItem\",\"position\":4,\"name\":\"Nastro in tessuto ignifugo AT2002\"}]},{\"@type\":\"WebSite\",\"@id\":\"https:\\\/\\\/cardinal-tapes.com\\\/#website\",\"url\":\"https:\\\/\\\/cardinal-tapes.com\\\/\",\"name\":\"cardinal TAPES\",\"description\":\"Klebetechnik aus Wuppertal\",\"potentialAction\":[{\"@type\":\"SearchAction\",\"target\":{\"@type\":\"EntryPoint\",\"urlTemplate\":\"https:\\\/\\\/cardinal-tapes.com\\\/?s={search_term_string}\"},\"query-input\":{\"@type\":\"PropertyValueSpecification\",\"valueRequired\":true,\"valueName\":\"search_term_string\"}}],\"inLanguage\":\"it-IT\"}]}<\/script>\n<!-- \/ Yoast SEO plugin. -->","yoast_head_json":{"title":"Nastro in tessuto ignifugo AT2002 | Cardinal TAPES","description":"AT2002 \u00e8 un nastro in tessuto laminato ignifugo con propriet\u00e0 autoestinguenti.","robots":{"index":"index","follow":"follow","max-snippet":"max-snippet:-1","max-image-preview":"max-image-preview:large","max-video-preview":"max-video-preview:-1"},"canonical":"https:\/\/cardinal-tapes.com\/it\/nastri-adesivi\/nastro-adesivo-per-tessuti\/at2002-nastro-di-tessuto-ignifugo\/","og_locale":"it_IT","og_type":"article","og_title":"Nastro in tessuto ignifugo AT2002 | Cardinal TAPES","og_description":"AT2002 \u00e8 un nastro in tessuto laminato ignifugo con propriet\u00e0 autoestinguenti.","og_url":"https:\/\/cardinal-tapes.com\/it\/nastri-adesivi\/nastro-adesivo-per-tessuti\/at2002-nastro-di-tessuto-ignifugo\/","og_site_name":"cardinal TAPES","og_image":[{"width":2560,"height":1707,"url":"https:\/\/cardinal-tapes.com\/wp-content\/uploads\/AT2002_6-scaled.jpg","type":"image\/jpeg"}],"twitter_card":"summary_large_image","twitter_misc":{"Tempo di lettura stimato":"1 minuto"},"schema":{"@context":"https:\/\/schema.org","@graph":[{"@type":"WebPage","@id":"https:\/\/cardinal-tapes.com\/it\/nastri-adesivi\/nastro-adesivo-per-tessuti\/at2002-nastro-di-tessuto-ignifugo\/","url":"https:\/\/cardinal-tapes.com\/it\/nastri-adesivi\/nastro-adesivo-per-tessuti\/at2002-nastro-di-tessuto-ignifugo\/","name":"Nastro in tessuto ignifugo AT2002 | Cardinal TAPES","isPartOf":{"@id":"https:\/\/cardinal-tapes.com\/#website"},"primaryImageOfPage":{"@id":"https:\/\/cardinal-tapes.com\/it\/nastri-adesivi\/nastro-adesivo-per-tessuti\/at2002-nastro-di-tessuto-ignifugo\/#primaryimage"},"image":{"@id":"https:\/\/cardinal-tapes.com\/it\/nastri-adesivi\/nastro-adesivo-per-tessuti\/at2002-nastro-di-tessuto-ignifugo\/#primaryimage"},"thumbnailUrl":"https:\/\/cardinal-tapes.com\/wp-content\/uploads\/AT2002_6-scaled.jpg","datePublished":"2023-06-05T14:55:58+00:00","description":"AT2002 \u00e8 un nastro in tessuto laminato ignifugo con propriet\u00e0 autoestinguenti.","breadcrumb":{"@id":"https:\/\/cardinal-tapes.com\/it\/nastri-adesivi\/nastro-adesivo-per-tessuti\/at2002-nastro-di-tessuto-ignifugo\/#breadcrumb"},"inLanguage":"it-IT","potentialAction":[{"@type":"ReadAction","target":["https:\/\/cardinal-tapes.com\/it\/nastri-adesivi\/nastro-adesivo-per-tessuti\/at2002-nastro-di-tessuto-ignifugo\/"]}]},{"@type":"ImageObject","inLanguage":"it-IT","@id":"https:\/\/cardinal-tapes.com\/it\/nastri-adesivi\/nastro-adesivo-per-tessuti\/at2002-nastro-di-tessuto-ignifugo\/#primaryimage","url":"https:\/\/cardinal-tapes.com\/wp-content\/uploads\/AT2002_6-scaled.jpg","contentUrl":"https:\/\/cardinal-tapes.com\/wp-content\/uploads\/AT2002_6-scaled.jpg","width":2560,"height":1707},{"@type":"BreadcrumbList","@id":"https:\/\/cardinal-tapes.com\/it\/nastri-adesivi\/nastro-adesivo-per-tessuti\/at2002-nastro-di-tessuto-ignifugo\/#breadcrumb","itemListElement":[{"@type":"ListItem","position":1,"name":"Startseite","item":"https:\/\/cardinal-tapes.com\/it\/casa\/"},{"@type":"ListItem","position":2,"name":"Nastri adesivi","item":"https:\/\/cardinal-tapes.com\/it\/nastri-adesivi-it\/"},{"@type":"ListItem","position":3,"name":"Nastro adesivo per tessuti","item":"https:\/\/cardinal-tapes.com\/it\/categoria\/nastro-adesivo-per-tessuti\/"},{"@type":"ListItem","position":4,"name":"Nastro in tessuto ignifugo AT2002"}]},{"@type":"WebSite","@id":"https:\/\/cardinal-tapes.com\/#website","url":"https:\/\/cardinal-tapes.com\/","name":"cardinal TAPES","description":"Klebetechnik aus Wuppertal","potentialAction":[{"@type":"SearchAction","target":{"@type":"EntryPoint","urlTemplate":"https:\/\/cardinal-tapes.com\/?s={search_term_string}"},"query-input":{"@type":"PropertyValueSpecification","valueRequired":true,"valueName":"search_term_string"}}],"inLanguage":"it-IT"}]}},"brands":[{"id":2313,"name":"Advance Tapes","slug":"advance-tapes-it"}],"_links":{"self":[{"href":"https:\/\/cardinal-tapes.com\/it\/wp-json\/wp\/v2\/product\/40957","targetHints":{"allow":["GET"]}}],"collection":[{"href":"https:\/\/cardinal-tapes.com\/it\/wp-json\/wp\/v2\/product"}],"about":[{"href":"https:\/\/cardinal-tapes.com\/it\/wp-json\/wp\/v2\/types\/product"}],"wp:featuredmedia":[{"embeddable":true,"href":"https:\/\/cardinal-tapes.com\/it\/wp-json\/wp\/v2\/media\/28793"}],"wp:attachment":[{"href":"https:\/\/cardinal-tapes.com\/it\/wp-json\/wp\/v2\/media?parent=40957"}],"wp:term":[{"taxonomy":"pwb-brand","embeddable":true,"href":"https:\/\/cardinal-tapes.com\/it\/wp-json\/wp\/v2\/pwb-brand?post=40957"},{"taxonomy":"product_brand","embeddable":true,"href":"https:\/\/cardinal-tapes.com\/it\/wp-json\/wp\/v2\/product_brand?post=40957"},{"taxonomy":"product_cat","embeddable":true,"href":"https:\/\/cardinal-tapes.com\/it\/wp-json\/wp\/v2\/product_cat?post=40957"},{"taxonomy":"product_tag","embeddable":true,"href":"https:\/\/cardinal-tapes.com\/it\/wp-json\/wp\/v2\/product_tag?post=40957"}],"curies":[{"name":"wp","href":"https:\/\/api.w.org\/{rel}","templated":true}]}}