{"id":40608,"date":"2022-01-05T12:58:04","date_gmt":"2023-06-05T14:55:41","guid":{"rendered":"https:\/\/cardinal.pixel-tal.de\/klebebaender\/senza-categoria\/h-old-2131-nastro-in-schiuma-pe\/"},"modified":"2025-07-02T12:33:56","modified_gmt":"2025-07-02T10:33:56","slug":"h-old-2131-pe-schaumband","status":"publish","type":"product","link":"https:\/\/cardinal-tapes.com\/it\/nastri-adesivi\/nastri-biadesivi\/h-old-2131-pe-schaumband\/","title":{"rendered":"h-old\u00ae 2131 Nastro in schiuma PE"},"content":{"rendered":"<p><span id=\"[37,48]\" class=\"word\">Il nastro in schiuma di PE h-old\u00ae 2131 \u00e8 una<\/span> <span id=\"[49,58]\" class=\"word\">schiuma di PE<\/span> ad alta densit\u00e0<span id=\"[60,70]\" class=\"word\">rivestita con <\/span> <span id=\"[81,116]\" class=\"word\">un sistema adesivo acrilico ad alte prestazioni<\/span><span id=\"[118,120]\" class=\"word\">.<\/span><br \/>\n<span id=\"[153,166]\" class=\"word\"> <span id=\"[122,131]\" class=\"word\">\u00e8 protetto<\/span><\/span><span id=\"[132,137]\" class=\"word\">da una<\/span> pellicola di separazione in PE <span id=\"[138,152]\" class=\"word\">siliconata<\/span>. \u00c8 k<span id=\"[168,178]\" class=\"word\">Progettato<\/span> <span id=\"[207,210]\" class=\"word\">per il<\/span> <span id=\"[187,194]\" class=\"word\">montaggio di<\/span> <span id=\"[211,219]\" class=\"word\">espositori<\/span>, <span id=\"[221,229]\" class=\"word\">emblemi<\/span>, <span id=\"[231,242]\" class=\"word\">profili di porte<\/span>, <span id=\"[245,256]\" class=\"word\">modanature decorative<\/span>, <span id=\"[258,261]\" class=\"word\">ecc.<\/span> <span id=\"[263,268]\" class=\"word\">Ideale<\/span> <span id=\"[269,272]\" class=\"word\">per<\/span> <span id=\"[273,277]\" class=\"word\">tutte le<\/span> <span id=\"[278,289]\" class=\"word\">applicazioni<\/span>, b<span id=\"[292,294]\" class=\"word\">e<\/span> <span id=\"[295,300]\" class=\"word\">dove<\/span> <span id=\"[353,357]\" class=\"word\">sono<\/span> <span id=\"[343,352]\" class=\"word\">richieste<\/span> <span id=\"[301,305]\" class=\"word\">un&#8217;elevata<\/span> <span id=\"[306,321]\" class=\"word\">resistenza al taglio<\/span><span id=\"[323,325]\" class=\"word\">e ai<\/span> <span id=\"[326,342]\" class=\"word\">raggi UV<\/span>.<\/p>\n","protected":false},"excerpt":{"rendered":"<p>Il nastro in schiuma di PE h-old\u00ae 2131 \u00e8 una schiuma di PE ad alta densit\u00e0rivestita con un sistema adesivo acrilico ad alte prestazioni. \u00e8 protettoda una pellicola di separazione in PE siliconata. \u00c8 kProgettato per il montaggio di espositori, emblemi, profili di porte, modanature decorative, ecc. Ideale per tutte le applicazioni, be dove sono [&hellip;]<\/p>\n","protected":false},"featured_media":28501,"template":"","meta":{"_acf_changed":false},"pwb-brand":[2286,2310],"product_brand":[],"product_cat":[1824],"product_tag":[],"class_list":{"0":"post-40608","1":"product","2":"type-product","3":"status-publish","4":"has-post-thumbnail","6":"pwb-brand-h-old-it","7":"pwb-brand-saint-gobain-it","8":"product_cat-nastri-biadesivi","10":"first","11":"instock","12":"taxable","13":"shipping-taxable","14":"product-type-simple"},"acf":[],"yoast_head":"<!-- This site is optimized with the Yoast SEO plugin v27.3 - https:\/\/yoast.com\/product\/yoast-seo-wordpress\/ -->\n<title>h-vecchio P.40 Nastro adesivo in poliestere | Cardinal TAPES<\/title>\n<meta name=\"description\" content=\"Il nastro adesivo in poliestere h-old P.40 \u00e8 un nastro adesivo di 0,06 mm di spessore, costituito da un supporto in pellicola di poliestere e rivestito da un adesivo siliconico di alta qualit\u00e0.\" \/>\n<meta name=\"robots\" content=\"index, follow, max-snippet:-1, max-image-preview:large, max-video-preview:-1\" \/>\n<link rel=\"canonical\" href=\"https:\/\/cardinal-tapes.com\/it\/nastri-adesivi\/nastri-biadesivi\/h-old-2131-pe-schaumband\/\" \/>\n<meta property=\"og:locale\" content=\"it_IT\" \/>\n<meta property=\"og:type\" content=\"article\" \/>\n<meta property=\"og:title\" content=\"h-vecchio P.40 Nastro adesivo in poliestere | Cardinal TAPES\" \/>\n<meta property=\"og:description\" content=\"Il nastro adesivo in poliestere h-old P.40 \u00e8 un nastro adesivo di 0,06 mm di spessore, costituito da un supporto in pellicola di poliestere e rivestito da un adesivo siliconico di alta qualit\u00e0.\" \/>\n<meta property=\"og:url\" content=\"https:\/\/cardinal-tapes.com\/it\/nastri-adesivi\/nastri-biadesivi\/h-old-2131-pe-schaumband\/\" \/>\n<meta property=\"og:site_name\" content=\"cardinal TAPES\" \/>\n<meta property=\"article:modified_time\" content=\"2025-07-02T10:33:56+00:00\" \/>\n<meta property=\"og:image\" content=\"https:\/\/cardinal-tapes.com\/wp-content\/uploads\/Norbond-PUR-V2800-A_153106.png\" \/>\n\t<meta property=\"og:image:width\" content=\"415\" \/>\n\t<meta property=\"og:image:height\" content=\"415\" \/>\n\t<meta property=\"og:image:type\" content=\"image\/png\" \/>\n<meta name=\"twitter:card\" content=\"summary_large_image\" \/>\n<script type=\"application\/ld+json\" class=\"yoast-schema-graph\">{\"@context\":\"https:\\\/\\\/schema.org\",\"@graph\":[{\"@type\":\"WebPage\",\"@id\":\"https:\\\/\\\/cardinal-tapes.com\\\/it\\\/nastri-adesivi\\\/nastri-biadesivi\\\/h-old-2131-pe-schaumband\\\/\",\"url\":\"https:\\\/\\\/cardinal-tapes.com\\\/it\\\/nastri-adesivi\\\/nastri-biadesivi\\\/h-old-2131-pe-schaumband\\\/\",\"name\":\"h-vecchio P.40 Nastro adesivo in poliestere | Cardinal TAPES\",\"isPartOf\":{\"@id\":\"https:\\\/\\\/cardinal-tapes.com\\\/#website\"},\"primaryImageOfPage\":{\"@id\":\"https:\\\/\\\/cardinal-tapes.com\\\/it\\\/nastri-adesivi\\\/nastri-biadesivi\\\/h-old-2131-pe-schaumband\\\/#primaryimage\"},\"image\":{\"@id\":\"https:\\\/\\\/cardinal-tapes.com\\\/it\\\/nastri-adesivi\\\/nastri-biadesivi\\\/h-old-2131-pe-schaumband\\\/#primaryimage\"},\"thumbnailUrl\":\"https:\\\/\\\/cardinal-tapes.com\\\/wp-content\\\/uploads\\\/Norbond-PUR-V2800-A_153106.png\",\"datePublished\":\"2023-06-05T14:55:41+00:00\",\"dateModified\":\"2025-07-02T10:33:56+00:00\",\"description\":\"Il nastro adesivo in poliestere h-old P.40 \u00e8 un nastro adesivo di 0,06 mm di spessore, costituito da un supporto in pellicola di poliestere e rivestito da un adesivo siliconico di alta qualit\u00e0.\",\"breadcrumb\":{\"@id\":\"https:\\\/\\\/cardinal-tapes.com\\\/it\\\/nastri-adesivi\\\/nastri-biadesivi\\\/h-old-2131-pe-schaumband\\\/#breadcrumb\"},\"inLanguage\":\"it-IT\",\"potentialAction\":[{\"@type\":\"ReadAction\",\"target\":[\"https:\\\/\\\/cardinal-tapes.com\\\/it\\\/nastri-adesivi\\\/nastri-biadesivi\\\/h-old-2131-pe-schaumband\\\/\"]}]},{\"@type\":\"ImageObject\",\"inLanguage\":\"it-IT\",\"@id\":\"https:\\\/\\\/cardinal-tapes.com\\\/it\\\/nastri-adesivi\\\/nastri-biadesivi\\\/h-old-2131-pe-schaumband\\\/#primaryimage\",\"url\":\"https:\\\/\\\/cardinal-tapes.com\\\/wp-content\\\/uploads\\\/Norbond-PUR-V2800-A_153106.png\",\"contentUrl\":\"https:\\\/\\\/cardinal-tapes.com\\\/wp-content\\\/uploads\\\/Norbond-PUR-V2800-A_153106.png\",\"width\":415,\"height\":415},{\"@type\":\"BreadcrumbList\",\"@id\":\"https:\\\/\\\/cardinal-tapes.com\\\/it\\\/nastri-adesivi\\\/nastri-biadesivi\\\/h-old-2131-pe-schaumband\\\/#breadcrumb\",\"itemListElement\":[{\"@type\":\"ListItem\",\"position\":1,\"name\":\"Startseite\",\"item\":\"https:\\\/\\\/cardinal-tapes.com\\\/it\\\/casa\\\/\"},{\"@type\":\"ListItem\",\"position\":2,\"name\":\"Nastri adesivi\",\"item\":\"https:\\\/\\\/cardinal-tapes.com\\\/it\\\/nastri-adesivi-it\\\/\"},{\"@type\":\"ListItem\",\"position\":3,\"name\":\"Nastri biadesivi\",\"item\":\"https:\\\/\\\/cardinal-tapes.com\\\/it\\\/categoria\\\/nastri-biadesivi\\\/\"},{\"@type\":\"ListItem\",\"position\":4,\"name\":\"h-old\u00ae 2131 Nastro in schiuma PE\"}]},{\"@type\":\"WebSite\",\"@id\":\"https:\\\/\\\/cardinal-tapes.com\\\/#website\",\"url\":\"https:\\\/\\\/cardinal-tapes.com\\\/\",\"name\":\"cardinal TAPES\",\"description\":\"Klebetechnik aus Wuppertal\",\"potentialAction\":[{\"@type\":\"SearchAction\",\"target\":{\"@type\":\"EntryPoint\",\"urlTemplate\":\"https:\\\/\\\/cardinal-tapes.com\\\/?s={search_term_string}\"},\"query-input\":{\"@type\":\"PropertyValueSpecification\",\"valueRequired\":true,\"valueName\":\"search_term_string\"}}],\"inLanguage\":\"it-IT\"}]}<\/script>\n<!-- \/ Yoast SEO plugin. -->","yoast_head_json":{"title":"h-vecchio P.40 Nastro adesivo in poliestere | Cardinal TAPES","description":"Il nastro adesivo in poliestere h-old P.40 \u00e8 un nastro adesivo di 0,06 mm di spessore, costituito da un supporto in pellicola di poliestere e rivestito da un adesivo siliconico di alta qualit\u00e0.","robots":{"index":"index","follow":"follow","max-snippet":"max-snippet:-1","max-image-preview":"max-image-preview:large","max-video-preview":"max-video-preview:-1"},"canonical":"https:\/\/cardinal-tapes.com\/it\/nastri-adesivi\/nastri-biadesivi\/h-old-2131-pe-schaumband\/","og_locale":"it_IT","og_type":"article","og_title":"h-vecchio P.40 Nastro adesivo in poliestere | Cardinal TAPES","og_description":"Il nastro adesivo in poliestere h-old P.40 \u00e8 un nastro adesivo di 0,06 mm di spessore, costituito da un supporto in pellicola di poliestere e rivestito da un adesivo siliconico di alta qualit\u00e0.","og_url":"https:\/\/cardinal-tapes.com\/it\/nastri-adesivi\/nastri-biadesivi\/h-old-2131-pe-schaumband\/","og_site_name":"cardinal TAPES","article_modified_time":"2025-07-02T10:33:56+00:00","og_image":[{"width":415,"height":415,"url":"https:\/\/cardinal-tapes.com\/wp-content\/uploads\/Norbond-PUR-V2800-A_153106.png","type":"image\/png"}],"twitter_card":"summary_large_image","schema":{"@context":"https:\/\/schema.org","@graph":[{"@type":"WebPage","@id":"https:\/\/cardinal-tapes.com\/it\/nastri-adesivi\/nastri-biadesivi\/h-old-2131-pe-schaumband\/","url":"https:\/\/cardinal-tapes.com\/it\/nastri-adesivi\/nastri-biadesivi\/h-old-2131-pe-schaumband\/","name":"h-vecchio P.40 Nastro adesivo in poliestere | Cardinal TAPES","isPartOf":{"@id":"https:\/\/cardinal-tapes.com\/#website"},"primaryImageOfPage":{"@id":"https:\/\/cardinal-tapes.com\/it\/nastri-adesivi\/nastri-biadesivi\/h-old-2131-pe-schaumband\/#primaryimage"},"image":{"@id":"https:\/\/cardinal-tapes.com\/it\/nastri-adesivi\/nastri-biadesivi\/h-old-2131-pe-schaumband\/#primaryimage"},"thumbnailUrl":"https:\/\/cardinal-tapes.com\/wp-content\/uploads\/Norbond-PUR-V2800-A_153106.png","datePublished":"2023-06-05T14:55:41+00:00","dateModified":"2025-07-02T10:33:56+00:00","description":"Il nastro adesivo in poliestere h-old P.40 \u00e8 un nastro adesivo di 0,06 mm di spessore, costituito da un supporto in pellicola di poliestere e rivestito da un adesivo siliconico di alta qualit\u00e0.","breadcrumb":{"@id":"https:\/\/cardinal-tapes.com\/it\/nastri-adesivi\/nastri-biadesivi\/h-old-2131-pe-schaumband\/#breadcrumb"},"inLanguage":"it-IT","potentialAction":[{"@type":"ReadAction","target":["https:\/\/cardinal-tapes.com\/it\/nastri-adesivi\/nastri-biadesivi\/h-old-2131-pe-schaumband\/"]}]},{"@type":"ImageObject","inLanguage":"it-IT","@id":"https:\/\/cardinal-tapes.com\/it\/nastri-adesivi\/nastri-biadesivi\/h-old-2131-pe-schaumband\/#primaryimage","url":"https:\/\/cardinal-tapes.com\/wp-content\/uploads\/Norbond-PUR-V2800-A_153106.png","contentUrl":"https:\/\/cardinal-tapes.com\/wp-content\/uploads\/Norbond-PUR-V2800-A_153106.png","width":415,"height":415},{"@type":"BreadcrumbList","@id":"https:\/\/cardinal-tapes.com\/it\/nastri-adesivi\/nastri-biadesivi\/h-old-2131-pe-schaumband\/#breadcrumb","itemListElement":[{"@type":"ListItem","position":1,"name":"Startseite","item":"https:\/\/cardinal-tapes.com\/it\/casa\/"},{"@type":"ListItem","position":2,"name":"Nastri adesivi","item":"https:\/\/cardinal-tapes.com\/it\/nastri-adesivi-it\/"},{"@type":"ListItem","position":3,"name":"Nastri biadesivi","item":"https:\/\/cardinal-tapes.com\/it\/categoria\/nastri-biadesivi\/"},{"@type":"ListItem","position":4,"name":"h-old\u00ae 2131 Nastro in schiuma PE"}]},{"@type":"WebSite","@id":"https:\/\/cardinal-tapes.com\/#website","url":"https:\/\/cardinal-tapes.com\/","name":"cardinal TAPES","description":"Klebetechnik aus Wuppertal","potentialAction":[{"@type":"SearchAction","target":{"@type":"EntryPoint","urlTemplate":"https:\/\/cardinal-tapes.com\/?s={search_term_string}"},"query-input":{"@type":"PropertyValueSpecification","valueRequired":true,"valueName":"search_term_string"}}],"inLanguage":"it-IT"}]}},"brands":[{"id":2286,"name":"Saint-Gobain h-old","slug":"h-old-it"},{"id":2310,"name":"Saint-Gobain Performance Plastics","slug":"saint-gobain-it"}],"_links":{"self":[{"href":"https:\/\/cardinal-tapes.com\/it\/wp-json\/wp\/v2\/product\/40608","targetHints":{"allow":["GET"]}}],"collection":[{"href":"https:\/\/cardinal-tapes.com\/it\/wp-json\/wp\/v2\/product"}],"about":[{"href":"https:\/\/cardinal-tapes.com\/it\/wp-json\/wp\/v2\/types\/product"}],"wp:featuredmedia":[{"embeddable":true,"href":"https:\/\/cardinal-tapes.com\/it\/wp-json\/wp\/v2\/media\/28501"}],"wp:attachment":[{"href":"https:\/\/cardinal-tapes.com\/it\/wp-json\/wp\/v2\/media?parent=40608"}],"wp:term":[{"taxonomy":"pwb-brand","embeddable":true,"href":"https:\/\/cardinal-tapes.com\/it\/wp-json\/wp\/v2\/pwb-brand?post=40608"},{"taxonomy":"product_brand","embeddable":true,"href":"https:\/\/cardinal-tapes.com\/it\/wp-json\/wp\/v2\/product_brand?post=40608"},{"taxonomy":"product_cat","embeddable":true,"href":"https:\/\/cardinal-tapes.com\/it\/wp-json\/wp\/v2\/product_cat?post=40608"},{"taxonomy":"product_tag","embeddable":true,"href":"https:\/\/cardinal-tapes.com\/it\/wp-json\/wp\/v2\/product_tag?post=40608"}],"curies":[{"name":"wp","href":"https:\/\/api.w.org\/{rel}","templated":true}]}}