{"id":40604,"date":"2022-01-05T11:28:12","date_gmt":"2022-01-05T10:28:12","guid":{"rendered":"https:\/\/cardinal.pixel-tal.de\/klebebaender\/senza-categoria\/nastro-adesivo-in-poliammide-h-old-560\/"},"modified":"2025-07-02T12:36:33","modified_gmt":"2025-07-02T10:36:33","slug":"h-old-5369-nastro-adesivo-in-poliestere","status":"publish","type":"product","link":"https:\/\/cardinal-tapes.com\/it\/nastri-adesivi\/nastri-monoadesivi\/film-in-pet\/h-old-5369-nastro-adesivo-in-poliestere\/","title":{"rendered":"nastro adesivo in poliammide h-old\u00ae 560"},"content":{"rendered":"<p>Il nastro adesivo in poliammide h-old\u00ae 560 \u00e8<span id=\"[85,95]\" class=\"word\">rivestito su<\/span> <span id=\"[24,33]\" class=\"word\">un lato<\/span> <span id=\"[34,37]\" class=\"word\">da un<\/span> <span id=\"[70,83]\" class=\"word\">adesivo siliconico<\/span> <span id=\"[38,50]\" class=\"word\">di alta qualit\u00e0<\/span> <span id=\"[51,69]\" class=\"word\">sensibile alla pressione<\/span>. \u00c8 <span id=\"[108,111]\" class=\"word\">per<\/span><br \/>\n<span id=\"[140,151]\" class=\"word\">Progettato per <\/span><span id=\"[113,139]\" class=\"word\">applicazioni elettriche e ad alta temperatura<\/span> <span id=\"[163,167]\" class=\"word\">in cui \u00e8<\/span> <span id=\"[157,162]\" class=\"word\">richiesto<\/span> un <span id=\"[186,195]\" class=\"word\">supporto<\/span> <span id=\"[168,173]\" class=\"word\">sottile<\/span> e <span id=\"[175,185]\" class=\"word\">personalizzabile<\/span> <span id=\"[196,199]\" class=\"word\">con<\/span> <span id=\"[200,211]\" class=\"word\">eccellenti<\/span> <span id=\"[212,226]\" class=\"word\">propriet\u00e0 dielettriche<\/span>.<br \/>\n<span id=\"[228,241]\" class=\"word\">Propriet\u00e0 <\/span><span id=\"[247,259]\" class=\"word\">sono necessarie.<\/span><\/p>\n","protected":false},"excerpt":{"rendered":"<p>Il nastro adesivo in poliammide h-old\u00ae 560 \u00e8rivestito su un lato da un adesivo siliconico di alta qualit\u00e0 sensibile alla pressione. \u00c8 per Progettato per applicazioni elettriche e ad alta temperatura in cui \u00e8 richiesto un supporto sottile e personalizzabile con eccellenti propriet\u00e0 dielettriche. Propriet\u00e0 sono necessarie.<\/p>\n","protected":false},"featured_media":78512,"template":"","meta":{"_acf_changed":false},"pwb-brand":[2286,2310],"product_brand":[],"product_cat":[1826,1829],"product_tag":[],"class_list":{"0":"post-40604","1":"product","2":"type-product","3":"status-publish","4":"has-post-thumbnail","6":"pwb-brand-h-old-it","7":"pwb-brand-saint-gobain-it","8":"product_cat-nastri-monoadesivi","9":"product_cat-film-in-pet","11":"first","12":"instock","13":"taxable","14":"shipping-taxable","15":"product-type-simple"},"acf":[],"yoast_head":"<!-- This site is optimized with the Yoast SEO plugin v27.3 - https:\/\/yoast.com\/product\/yoast-seo-wordpress\/ -->\n<title>nastro adesivo in poliammide h-old\u00ae 560 | Cardinal TAPES<\/title>\n<meta name=\"description\" content=\"Il nastro adesivo in poliestere h-old P.40 \u00e8 un nastro adesivo di 0,06 mm di spessore, costituito da un supporto in pellicola di poliestere e rivestito da un adesivo siliconico di alta qualit\u00e0.\" \/>\n<meta name=\"robots\" content=\"index, follow, max-snippet:-1, max-image-preview:large, max-video-preview:-1\" \/>\n<link rel=\"canonical\" href=\"https:\/\/cardinal-tapes.com\/it\/nastri-adesivi\/nastri-monoadesivi\/film-in-pet\/h-old-5369-nastro-adesivo-in-poliestere\/\" \/>\n<meta property=\"og:locale\" content=\"it_IT\" \/>\n<meta property=\"og:type\" content=\"article\" \/>\n<meta property=\"og:title\" content=\"nastro adesivo in poliammide h-old\u00ae 560 | Cardinal TAPES\" \/>\n<meta property=\"og:description\" content=\"Il nastro adesivo in poliestere h-old P.40 \u00e8 un nastro adesivo di 0,06 mm di spessore, costituito da un supporto in pellicola di poliestere e rivestito da un adesivo siliconico di alta qualit\u00e0.\" \/>\n<meta property=\"og:url\" content=\"https:\/\/cardinal-tapes.com\/it\/nastri-adesivi\/nastri-monoadesivi\/film-in-pet\/h-old-5369-nastro-adesivo-in-poliestere\/\" \/>\n<meta property=\"og:site_name\" content=\"cardinal TAPES\" \/>\n<meta property=\"article:modified_time\" content=\"2025-07-02T10:36:33+00:00\" \/>\n<meta property=\"og:image\" content=\"https:\/\/cardinal-tapes.com\/wp-content\/uploads\/H-old-Kapton-H20-H20AC-H220-H205-560-A_203724.png\" \/>\n\t<meta property=\"og:image:width\" content=\"415\" \/>\n\t<meta property=\"og:image:height\" content=\"415\" \/>\n\t<meta property=\"og:image:type\" content=\"image\/png\" \/>\n<meta name=\"twitter:card\" content=\"summary_large_image\" \/>\n<script type=\"application\/ld+json\" class=\"yoast-schema-graph\">{\"@context\":\"https:\\\/\\\/schema.org\",\"@graph\":[{\"@type\":\"WebPage\",\"@id\":\"https:\\\/\\\/cardinal-tapes.com\\\/it\\\/nastri-adesivi\\\/nastri-monoadesivi\\\/film-in-pet\\\/h-old-5369-nastro-adesivo-in-poliestere\\\/\",\"url\":\"https:\\\/\\\/cardinal-tapes.com\\\/it\\\/nastri-adesivi\\\/nastri-monoadesivi\\\/film-in-pet\\\/h-old-5369-nastro-adesivo-in-poliestere\\\/\",\"name\":\"nastro adesivo in poliammide h-old\u00ae 560 | Cardinal TAPES\",\"isPartOf\":{\"@id\":\"https:\\\/\\\/cardinal-tapes.com\\\/#website\"},\"primaryImageOfPage\":{\"@id\":\"https:\\\/\\\/cardinal-tapes.com\\\/it\\\/nastri-adesivi\\\/nastri-monoadesivi\\\/film-in-pet\\\/h-old-5369-nastro-adesivo-in-poliestere\\\/#primaryimage\"},\"image\":{\"@id\":\"https:\\\/\\\/cardinal-tapes.com\\\/it\\\/nastri-adesivi\\\/nastri-monoadesivi\\\/film-in-pet\\\/h-old-5369-nastro-adesivo-in-poliestere\\\/#primaryimage\"},\"thumbnailUrl\":\"https:\\\/\\\/cardinal-tapes.com\\\/wp-content\\\/uploads\\\/H-old-Kapton-H20-H20AC-H220-H205-560-A_203724.png\",\"datePublished\":\"2022-01-05T10:28:12+00:00\",\"dateModified\":\"2025-07-02T10:36:33+00:00\",\"description\":\"Il nastro adesivo in poliestere h-old P.40 \u00e8 un nastro adesivo di 0,06 mm di spessore, costituito da un supporto in pellicola di poliestere e rivestito da un adesivo siliconico di alta qualit\u00e0.\",\"breadcrumb\":{\"@id\":\"https:\\\/\\\/cardinal-tapes.com\\\/it\\\/nastri-adesivi\\\/nastri-monoadesivi\\\/film-in-pet\\\/h-old-5369-nastro-adesivo-in-poliestere\\\/#breadcrumb\"},\"inLanguage\":\"it-IT\",\"potentialAction\":[{\"@type\":\"ReadAction\",\"target\":[\"https:\\\/\\\/cardinal-tapes.com\\\/it\\\/nastri-adesivi\\\/nastri-monoadesivi\\\/film-in-pet\\\/h-old-5369-nastro-adesivo-in-poliestere\\\/\"]}]},{\"@type\":\"ImageObject\",\"inLanguage\":\"it-IT\",\"@id\":\"https:\\\/\\\/cardinal-tapes.com\\\/it\\\/nastri-adesivi\\\/nastri-monoadesivi\\\/film-in-pet\\\/h-old-5369-nastro-adesivo-in-poliestere\\\/#primaryimage\",\"url\":\"https:\\\/\\\/cardinal-tapes.com\\\/wp-content\\\/uploads\\\/H-old-Kapton-H20-H20AC-H220-H205-560-A_203724.png\",\"contentUrl\":\"https:\\\/\\\/cardinal-tapes.com\\\/wp-content\\\/uploads\\\/H-old-Kapton-H20-H20AC-H220-H205-560-A_203724.png\",\"width\":415,\"height\":415},{\"@type\":\"BreadcrumbList\",\"@id\":\"https:\\\/\\\/cardinal-tapes.com\\\/it\\\/nastri-adesivi\\\/nastri-monoadesivi\\\/film-in-pet\\\/h-old-5369-nastro-adesivo-in-poliestere\\\/#breadcrumb\",\"itemListElement\":[{\"@type\":\"ListItem\",\"position\":1,\"name\":\"Startseite\",\"item\":\"https:\\\/\\\/cardinal-tapes.com\\\/it\\\/casa\\\/\"},{\"@type\":\"ListItem\",\"position\":2,\"name\":\"Nastri adesivi\",\"item\":\"https:\\\/\\\/cardinal-tapes.com\\\/it\\\/nastri-adesivi-it\\\/\"},{\"@type\":\"ListItem\",\"position\":3,\"name\":\"Einseitige Klebeb\u00e4nder\",\"item\":\"https:\\\/\\\/cardinal-tapes.com\\\/kategorie\\\/einseitige-klebebaender\\\/\"},{\"@type\":\"ListItem\",\"position\":4,\"name\":\"nastro adesivo in poliammide h-old\u00ae 560\"}]},{\"@type\":\"WebSite\",\"@id\":\"https:\\\/\\\/cardinal-tapes.com\\\/#website\",\"url\":\"https:\\\/\\\/cardinal-tapes.com\\\/\",\"name\":\"cardinal TAPES\",\"description\":\"Klebetechnik aus Wuppertal\",\"potentialAction\":[{\"@type\":\"SearchAction\",\"target\":{\"@type\":\"EntryPoint\",\"urlTemplate\":\"https:\\\/\\\/cardinal-tapes.com\\\/?s={search_term_string}\"},\"query-input\":{\"@type\":\"PropertyValueSpecification\",\"valueRequired\":true,\"valueName\":\"search_term_string\"}}],\"inLanguage\":\"it-IT\"}]}<\/script>\n<!-- \/ Yoast SEO plugin. -->","yoast_head_json":{"title":"nastro adesivo in poliammide h-old\u00ae 560 | Cardinal TAPES","description":"Il nastro adesivo in poliestere h-old P.40 \u00e8 un nastro adesivo di 0,06 mm di spessore, costituito da un supporto in pellicola di poliestere e rivestito da un adesivo siliconico di alta qualit\u00e0.","robots":{"index":"index","follow":"follow","max-snippet":"max-snippet:-1","max-image-preview":"max-image-preview:large","max-video-preview":"max-video-preview:-1"},"canonical":"https:\/\/cardinal-tapes.com\/it\/nastri-adesivi\/nastri-monoadesivi\/film-in-pet\/h-old-5369-nastro-adesivo-in-poliestere\/","og_locale":"it_IT","og_type":"article","og_title":"nastro adesivo in poliammide h-old\u00ae 560 | Cardinal TAPES","og_description":"Il nastro adesivo in poliestere h-old P.40 \u00e8 un nastro adesivo di 0,06 mm di spessore, costituito da un supporto in pellicola di poliestere e rivestito da un adesivo siliconico di alta qualit\u00e0.","og_url":"https:\/\/cardinal-tapes.com\/it\/nastri-adesivi\/nastri-monoadesivi\/film-in-pet\/h-old-5369-nastro-adesivo-in-poliestere\/","og_site_name":"cardinal TAPES","article_modified_time":"2025-07-02T10:36:33+00:00","og_image":[{"width":415,"height":415,"url":"https:\/\/cardinal-tapes.com\/wp-content\/uploads\/H-old-Kapton-H20-H20AC-H220-H205-560-A_203724.png","type":"image\/png"}],"twitter_card":"summary_large_image","schema":{"@context":"https:\/\/schema.org","@graph":[{"@type":"WebPage","@id":"https:\/\/cardinal-tapes.com\/it\/nastri-adesivi\/nastri-monoadesivi\/film-in-pet\/h-old-5369-nastro-adesivo-in-poliestere\/","url":"https:\/\/cardinal-tapes.com\/it\/nastri-adesivi\/nastri-monoadesivi\/film-in-pet\/h-old-5369-nastro-adesivo-in-poliestere\/","name":"nastro adesivo in poliammide h-old\u00ae 560 | Cardinal TAPES","isPartOf":{"@id":"https:\/\/cardinal-tapes.com\/#website"},"primaryImageOfPage":{"@id":"https:\/\/cardinal-tapes.com\/it\/nastri-adesivi\/nastri-monoadesivi\/film-in-pet\/h-old-5369-nastro-adesivo-in-poliestere\/#primaryimage"},"image":{"@id":"https:\/\/cardinal-tapes.com\/it\/nastri-adesivi\/nastri-monoadesivi\/film-in-pet\/h-old-5369-nastro-adesivo-in-poliestere\/#primaryimage"},"thumbnailUrl":"https:\/\/cardinal-tapes.com\/wp-content\/uploads\/H-old-Kapton-H20-H20AC-H220-H205-560-A_203724.png","datePublished":"2022-01-05T10:28:12+00:00","dateModified":"2025-07-02T10:36:33+00:00","description":"Il nastro adesivo in poliestere h-old P.40 \u00e8 un nastro adesivo di 0,06 mm di spessore, costituito da un supporto in pellicola di poliestere e rivestito da un adesivo siliconico di alta qualit\u00e0.","breadcrumb":{"@id":"https:\/\/cardinal-tapes.com\/it\/nastri-adesivi\/nastri-monoadesivi\/film-in-pet\/h-old-5369-nastro-adesivo-in-poliestere\/#breadcrumb"},"inLanguage":"it-IT","potentialAction":[{"@type":"ReadAction","target":["https:\/\/cardinal-tapes.com\/it\/nastri-adesivi\/nastri-monoadesivi\/film-in-pet\/h-old-5369-nastro-adesivo-in-poliestere\/"]}]},{"@type":"ImageObject","inLanguage":"it-IT","@id":"https:\/\/cardinal-tapes.com\/it\/nastri-adesivi\/nastri-monoadesivi\/film-in-pet\/h-old-5369-nastro-adesivo-in-poliestere\/#primaryimage","url":"https:\/\/cardinal-tapes.com\/wp-content\/uploads\/H-old-Kapton-H20-H20AC-H220-H205-560-A_203724.png","contentUrl":"https:\/\/cardinal-tapes.com\/wp-content\/uploads\/H-old-Kapton-H20-H20AC-H220-H205-560-A_203724.png","width":415,"height":415},{"@type":"BreadcrumbList","@id":"https:\/\/cardinal-tapes.com\/it\/nastri-adesivi\/nastri-monoadesivi\/film-in-pet\/h-old-5369-nastro-adesivo-in-poliestere\/#breadcrumb","itemListElement":[{"@type":"ListItem","position":1,"name":"Startseite","item":"https:\/\/cardinal-tapes.com\/it\/casa\/"},{"@type":"ListItem","position":2,"name":"Nastri adesivi","item":"https:\/\/cardinal-tapes.com\/it\/nastri-adesivi-it\/"},{"@type":"ListItem","position":3,"name":"Einseitige Klebeb\u00e4nder","item":"https:\/\/cardinal-tapes.com\/kategorie\/einseitige-klebebaender\/"},{"@type":"ListItem","position":4,"name":"nastro adesivo in poliammide h-old\u00ae 560"}]},{"@type":"WebSite","@id":"https:\/\/cardinal-tapes.com\/#website","url":"https:\/\/cardinal-tapes.com\/","name":"cardinal TAPES","description":"Klebetechnik aus Wuppertal","potentialAction":[{"@type":"SearchAction","target":{"@type":"EntryPoint","urlTemplate":"https:\/\/cardinal-tapes.com\/?s={search_term_string}"},"query-input":{"@type":"PropertyValueSpecification","valueRequired":true,"valueName":"search_term_string"}}],"inLanguage":"it-IT"}]}},"brands":[{"id":2286,"name":"Saint-Gobain h-old","slug":"h-old-it"},{"id":2310,"name":"Saint-Gobain Performance Plastics","slug":"saint-gobain-it"}],"_links":{"self":[{"href":"https:\/\/cardinal-tapes.com\/it\/wp-json\/wp\/v2\/product\/40604","targetHints":{"allow":["GET"]}}],"collection":[{"href":"https:\/\/cardinal-tapes.com\/it\/wp-json\/wp\/v2\/product"}],"about":[{"href":"https:\/\/cardinal-tapes.com\/it\/wp-json\/wp\/v2\/types\/product"}],"wp:featuredmedia":[{"embeddable":true,"href":"https:\/\/cardinal-tapes.com\/it\/wp-json\/wp\/v2\/media\/78512"}],"wp:attachment":[{"href":"https:\/\/cardinal-tapes.com\/it\/wp-json\/wp\/v2\/media?parent=40604"}],"wp:term":[{"taxonomy":"pwb-brand","embeddable":true,"href":"https:\/\/cardinal-tapes.com\/it\/wp-json\/wp\/v2\/pwb-brand?post=40604"},{"taxonomy":"product_brand","embeddable":true,"href":"https:\/\/cardinal-tapes.com\/it\/wp-json\/wp\/v2\/product_brand?post=40604"},{"taxonomy":"product_cat","embeddable":true,"href":"https:\/\/cardinal-tapes.com\/it\/wp-json\/wp\/v2\/product_cat?post=40604"},{"taxonomy":"product_tag","embeddable":true,"href":"https:\/\/cardinal-tapes.com\/it\/wp-json\/wp\/v2\/product_tag?post=40604"}],"curies":[{"name":"wp","href":"https:\/\/api.w.org\/{rel}","templated":true}]}}