{"id":40601,"date":"2022-01-05T12:08:21","date_gmt":"2023-06-05T14:55:41","guid":{"rendered":"https:\/\/cardinal.pixel-tal.de\/klebebaender\/senza-categoria\/h-old-ea-100-nastro-adesivo-in-alluminio-goffrato\/"},"modified":"2025-07-02T12:32:12","modified_gmt":"2025-07-02T10:32:12","slug":"h-old-ea-100-imbrogliato-alluminio-nastro-adesivo","status":"publish","type":"product","link":"https:\/\/cardinal-tapes.com\/it\/nastri-adesivi\/nastri-monoadesivi\/film-in-pet\/h-old-ea-100-imbrogliato-alluminio-nastro-adesivo\/","title":{"rendered":"h-old\u00ae EA.100 nastro adesivo in alluminio goffrato"},"content":{"rendered":"<p><span id=\"[0,2]\" class=\"word\">L&#8217;h-old\u00ae EA.100 \u00e8 costituito da un <span id=\"[20,34]\" class=\"word\">foglio di alluminio <\/span> <span id=\"[11,19]\" class=\"word\">goffrato<\/span> , <span id=\"[75,85]\" class=\"word\">rivestito<\/span><span id=\"[35,44]\" class=\"word\">su un lato<\/span> <span id=\"[45,48]\" class=\"word\">da un<\/span> <span id=\"[62,73]\" class=\"word\">adesivo acrilico<\/span> <span id=\"[49,61]\" class=\"word\">di alta qualit\u00e0<\/span><span id=\"[87,89]\" class=\"word\">e<\/span> <span id=\"[90,99]\" class=\"word\">protetto<\/span> da una carta siliconata. \u00c8 progettato <span id=\"[159,162]\" class=\"word\">per<\/span> <span id=\"[153,158]\" class=\"word\">unire i<\/span> <span id=\"[163,174]\" class=\"word\">pannelli isolanti<\/span> <span id=\"[175,177]\" class=\"word\">nell&#8217;<\/span> <span id=\"[178,184]\" class=\"word\">edilizia<\/span>.  Pu\u00f2 essere <span id=\"[225,239]\" class=\"word\">utilizzato<\/span><span id=\"[188,199]\" class=\"word\">universalmente<\/span> anche per applicazioni di <span id=\"[214,219]\" class=\"word\">sigillatura<\/span><span id=\"[222,224]\" class=\"word\">e<\/span> tenuta.<\/span><\/p>\n","protected":false},"excerpt":{"rendered":"<p>L&#8217;h-old\u00ae EA.100 \u00e8 costituito da un foglio di alluminio goffrato , rivestitosu un lato da un adesivo acrilico di alta qualit\u00e0e protetto da una carta siliconata. \u00c8 progettato per unire i pannelli isolanti nell&#8217; edilizia. Pu\u00f2 essere utilizzatouniversalmente anche per applicazioni di sigillaturae tenuta.<\/p>\n","protected":false},"featured_media":29041,"template":"","meta":{"_acf_changed":false},"pwb-brand":[2286,2310],"product_brand":[],"product_cat":[1826,1829],"product_tag":[],"class_list":{"0":"post-40601","1":"product","2":"type-product","3":"status-publish","4":"has-post-thumbnail","6":"pwb-brand-h-old-it","7":"pwb-brand-saint-gobain-it","8":"product_cat-nastri-monoadesivi","9":"product_cat-film-in-pet","11":"first","12":"instock","13":"taxable","14":"shipping-taxable","15":"product-type-simple"},"acf":[],"yoast_head":"<!-- This site is optimized with the Yoast SEO plugin v27.3 - https:\/\/yoast.com\/product\/yoast-seo-wordpress\/ -->\n<title>h-old\u00ae EA.100 | Nastri cardinalizi<\/title>\n<meta name=\"description\" content=\"Il nastro adesivo in poliestere h-old P.40 \u00e8 un nastro adesivo di 0,06 mm di spessore, costituito da un supporto in pellicola di poliestere e rivestito da un adesivo siliconico di alta qualit\u00e0.\" \/>\n<meta name=\"robots\" content=\"index, follow, max-snippet:-1, max-image-preview:large, max-video-preview:-1\" \/>\n<link rel=\"canonical\" href=\"https:\/\/cardinal-tapes.com\/it\/nastri-adesivi\/nastri-monoadesivi\/film-in-pet\/h-old-ea-100-imbrogliato-alluminio-nastro-adesivo\/\" \/>\n<meta property=\"og:locale\" content=\"it_IT\" \/>\n<meta property=\"og:type\" content=\"article\" \/>\n<meta property=\"og:title\" content=\"h-old\u00ae EA.100 | Nastri cardinalizi\" \/>\n<meta property=\"og:description\" content=\"Il nastro adesivo in poliestere h-old P.40 \u00e8 un nastro adesivo di 0,06 mm di spessore, costituito da un supporto in pellicola di poliestere e rivestito da un adesivo siliconico di alta qualit\u00e0.\" \/>\n<meta property=\"og:url\" content=\"https:\/\/cardinal-tapes.com\/it\/nastri-adesivi\/nastri-monoadesivi\/film-in-pet\/h-old-ea-100-imbrogliato-alluminio-nastro-adesivo\/\" \/>\n<meta property=\"og:site_name\" content=\"cardinal TAPES\" \/>\n<meta property=\"article:modified_time\" content=\"2025-07-02T10:32:12+00:00\" \/>\n<meta property=\"og:image\" content=\"https:\/\/cardinal-tapes.com\/wp-content\/uploads\/hold-1.png\" \/>\n\t<meta property=\"og:image:width\" content=\"417\" \/>\n\t<meta property=\"og:image:height\" content=\"433\" \/>\n\t<meta property=\"og:image:type\" content=\"image\/png\" \/>\n<meta name=\"twitter:card\" content=\"summary_large_image\" \/>\n<script type=\"application\/ld+json\" class=\"yoast-schema-graph\">{\"@context\":\"https:\\\/\\\/schema.org\",\"@graph\":[{\"@type\":\"WebPage\",\"@id\":\"https:\\\/\\\/cardinal-tapes.com\\\/it\\\/nastri-adesivi\\\/nastri-monoadesivi\\\/film-in-pet\\\/h-old-ea-100-imbrogliato-alluminio-nastro-adesivo\\\/\",\"url\":\"https:\\\/\\\/cardinal-tapes.com\\\/it\\\/nastri-adesivi\\\/nastri-monoadesivi\\\/film-in-pet\\\/h-old-ea-100-imbrogliato-alluminio-nastro-adesivo\\\/\",\"name\":\"h-old\u00ae EA.100 | Nastri cardinalizi\",\"isPartOf\":{\"@id\":\"https:\\\/\\\/cardinal-tapes.com\\\/#website\"},\"primaryImageOfPage\":{\"@id\":\"https:\\\/\\\/cardinal-tapes.com\\\/it\\\/nastri-adesivi\\\/nastri-monoadesivi\\\/film-in-pet\\\/h-old-ea-100-imbrogliato-alluminio-nastro-adesivo\\\/#primaryimage\"},\"image\":{\"@id\":\"https:\\\/\\\/cardinal-tapes.com\\\/it\\\/nastri-adesivi\\\/nastri-monoadesivi\\\/film-in-pet\\\/h-old-ea-100-imbrogliato-alluminio-nastro-adesivo\\\/#primaryimage\"},\"thumbnailUrl\":\"https:\\\/\\\/cardinal-tapes.com\\\/wp-content\\\/uploads\\\/hold-1.png\",\"datePublished\":\"2023-06-05T14:55:41+00:00\",\"dateModified\":\"2025-07-02T10:32:12+00:00\",\"description\":\"Il nastro adesivo in poliestere h-old P.40 \u00e8 un nastro adesivo di 0,06 mm di spessore, costituito da un supporto in pellicola di poliestere e rivestito da un adesivo siliconico di alta qualit\u00e0.\",\"breadcrumb\":{\"@id\":\"https:\\\/\\\/cardinal-tapes.com\\\/it\\\/nastri-adesivi\\\/nastri-monoadesivi\\\/film-in-pet\\\/h-old-ea-100-imbrogliato-alluminio-nastro-adesivo\\\/#breadcrumb\"},\"inLanguage\":\"it-IT\",\"potentialAction\":[{\"@type\":\"ReadAction\",\"target\":[\"https:\\\/\\\/cardinal-tapes.com\\\/it\\\/nastri-adesivi\\\/nastri-monoadesivi\\\/film-in-pet\\\/h-old-ea-100-imbrogliato-alluminio-nastro-adesivo\\\/\"]}]},{\"@type\":\"ImageObject\",\"inLanguage\":\"it-IT\",\"@id\":\"https:\\\/\\\/cardinal-tapes.com\\\/it\\\/nastri-adesivi\\\/nastri-monoadesivi\\\/film-in-pet\\\/h-old-ea-100-imbrogliato-alluminio-nastro-adesivo\\\/#primaryimage\",\"url\":\"https:\\\/\\\/cardinal-tapes.com\\\/wp-content\\\/uploads\\\/hold-1.png\",\"contentUrl\":\"https:\\\/\\\/cardinal-tapes.com\\\/wp-content\\\/uploads\\\/hold-1.png\",\"width\":417,\"height\":433},{\"@type\":\"BreadcrumbList\",\"@id\":\"https:\\\/\\\/cardinal-tapes.com\\\/it\\\/nastri-adesivi\\\/nastri-monoadesivi\\\/film-in-pet\\\/h-old-ea-100-imbrogliato-alluminio-nastro-adesivo\\\/#breadcrumb\",\"itemListElement\":[{\"@type\":\"ListItem\",\"position\":1,\"name\":\"Startseite\",\"item\":\"https:\\\/\\\/cardinal-tapes.com\\\/it\\\/casa\\\/\"},{\"@type\":\"ListItem\",\"position\":2,\"name\":\"Nastri adesivi\",\"item\":\"https:\\\/\\\/cardinal-tapes.com\\\/it\\\/nastri-adesivi-it\\\/\"},{\"@type\":\"ListItem\",\"position\":3,\"name\":\"Nastri monoadesivi\",\"item\":\"https:\\\/\\\/cardinal-tapes.com\\\/it\\\/categoria\\\/nastri-monoadesivi\\\/\"},{\"@type\":\"ListItem\",\"position\":4,\"name\":\"Film in PET\",\"item\":\"https:\\\/\\\/cardinal-tapes.com\\\/it\\\/categoria\\\/film-in-pet\\\/\"},{\"@type\":\"ListItem\",\"position\":5,\"name\":\"h-old\u00ae EA.100 nastro adesivo in alluminio goffrato\"}]},{\"@type\":\"WebSite\",\"@id\":\"https:\\\/\\\/cardinal-tapes.com\\\/#website\",\"url\":\"https:\\\/\\\/cardinal-tapes.com\\\/\",\"name\":\"cardinal TAPES\",\"description\":\"Klebetechnik aus Wuppertal\",\"potentialAction\":[{\"@type\":\"SearchAction\",\"target\":{\"@type\":\"EntryPoint\",\"urlTemplate\":\"https:\\\/\\\/cardinal-tapes.com\\\/?s={search_term_string}\"},\"query-input\":{\"@type\":\"PropertyValueSpecification\",\"valueRequired\":true,\"valueName\":\"search_term_string\"}}],\"inLanguage\":\"it-IT\"}]}<\/script>\n<!-- \/ Yoast SEO plugin. -->","yoast_head_json":{"title":"h-old\u00ae EA.100 | Nastri cardinalizi","description":"Il nastro adesivo in poliestere h-old P.40 \u00e8 un nastro adesivo di 0,06 mm di spessore, costituito da un supporto in pellicola di poliestere e rivestito da un adesivo siliconico di alta qualit\u00e0.","robots":{"index":"index","follow":"follow","max-snippet":"max-snippet:-1","max-image-preview":"max-image-preview:large","max-video-preview":"max-video-preview:-1"},"canonical":"https:\/\/cardinal-tapes.com\/it\/nastri-adesivi\/nastri-monoadesivi\/film-in-pet\/h-old-ea-100-imbrogliato-alluminio-nastro-adesivo\/","og_locale":"it_IT","og_type":"article","og_title":"h-old\u00ae EA.100 | Nastri cardinalizi","og_description":"Il nastro adesivo in poliestere h-old P.40 \u00e8 un nastro adesivo di 0,06 mm di spessore, costituito da un supporto in pellicola di poliestere e rivestito da un adesivo siliconico di alta qualit\u00e0.","og_url":"https:\/\/cardinal-tapes.com\/it\/nastri-adesivi\/nastri-monoadesivi\/film-in-pet\/h-old-ea-100-imbrogliato-alluminio-nastro-adesivo\/","og_site_name":"cardinal TAPES","article_modified_time":"2025-07-02T10:32:12+00:00","og_image":[{"width":417,"height":433,"url":"https:\/\/cardinal-tapes.com\/wp-content\/uploads\/hold-1.png","type":"image\/png"}],"twitter_card":"summary_large_image","schema":{"@context":"https:\/\/schema.org","@graph":[{"@type":"WebPage","@id":"https:\/\/cardinal-tapes.com\/it\/nastri-adesivi\/nastri-monoadesivi\/film-in-pet\/h-old-ea-100-imbrogliato-alluminio-nastro-adesivo\/","url":"https:\/\/cardinal-tapes.com\/it\/nastri-adesivi\/nastri-monoadesivi\/film-in-pet\/h-old-ea-100-imbrogliato-alluminio-nastro-adesivo\/","name":"h-old\u00ae EA.100 | Nastri cardinalizi","isPartOf":{"@id":"https:\/\/cardinal-tapes.com\/#website"},"primaryImageOfPage":{"@id":"https:\/\/cardinal-tapes.com\/it\/nastri-adesivi\/nastri-monoadesivi\/film-in-pet\/h-old-ea-100-imbrogliato-alluminio-nastro-adesivo\/#primaryimage"},"image":{"@id":"https:\/\/cardinal-tapes.com\/it\/nastri-adesivi\/nastri-monoadesivi\/film-in-pet\/h-old-ea-100-imbrogliato-alluminio-nastro-adesivo\/#primaryimage"},"thumbnailUrl":"https:\/\/cardinal-tapes.com\/wp-content\/uploads\/hold-1.png","datePublished":"2023-06-05T14:55:41+00:00","dateModified":"2025-07-02T10:32:12+00:00","description":"Il nastro adesivo in poliestere h-old P.40 \u00e8 un nastro adesivo di 0,06 mm di spessore, costituito da un supporto in pellicola di poliestere e rivestito da un adesivo siliconico di alta qualit\u00e0.","breadcrumb":{"@id":"https:\/\/cardinal-tapes.com\/it\/nastri-adesivi\/nastri-monoadesivi\/film-in-pet\/h-old-ea-100-imbrogliato-alluminio-nastro-adesivo\/#breadcrumb"},"inLanguage":"it-IT","potentialAction":[{"@type":"ReadAction","target":["https:\/\/cardinal-tapes.com\/it\/nastri-adesivi\/nastri-monoadesivi\/film-in-pet\/h-old-ea-100-imbrogliato-alluminio-nastro-adesivo\/"]}]},{"@type":"ImageObject","inLanguage":"it-IT","@id":"https:\/\/cardinal-tapes.com\/it\/nastri-adesivi\/nastri-monoadesivi\/film-in-pet\/h-old-ea-100-imbrogliato-alluminio-nastro-adesivo\/#primaryimage","url":"https:\/\/cardinal-tapes.com\/wp-content\/uploads\/hold-1.png","contentUrl":"https:\/\/cardinal-tapes.com\/wp-content\/uploads\/hold-1.png","width":417,"height":433},{"@type":"BreadcrumbList","@id":"https:\/\/cardinal-tapes.com\/it\/nastri-adesivi\/nastri-monoadesivi\/film-in-pet\/h-old-ea-100-imbrogliato-alluminio-nastro-adesivo\/#breadcrumb","itemListElement":[{"@type":"ListItem","position":1,"name":"Startseite","item":"https:\/\/cardinal-tapes.com\/it\/casa\/"},{"@type":"ListItem","position":2,"name":"Nastri adesivi","item":"https:\/\/cardinal-tapes.com\/it\/nastri-adesivi-it\/"},{"@type":"ListItem","position":3,"name":"Nastri monoadesivi","item":"https:\/\/cardinal-tapes.com\/it\/categoria\/nastri-monoadesivi\/"},{"@type":"ListItem","position":4,"name":"Film in PET","item":"https:\/\/cardinal-tapes.com\/it\/categoria\/film-in-pet\/"},{"@type":"ListItem","position":5,"name":"h-old\u00ae EA.100 nastro adesivo in alluminio goffrato"}]},{"@type":"WebSite","@id":"https:\/\/cardinal-tapes.com\/#website","url":"https:\/\/cardinal-tapes.com\/","name":"cardinal TAPES","description":"Klebetechnik aus Wuppertal","potentialAction":[{"@type":"SearchAction","target":{"@type":"EntryPoint","urlTemplate":"https:\/\/cardinal-tapes.com\/?s={search_term_string}"},"query-input":{"@type":"PropertyValueSpecification","valueRequired":true,"valueName":"search_term_string"}}],"inLanguage":"it-IT"}]}},"brands":[{"id":2286,"name":"Saint-Gobain h-old","slug":"h-old-it"},{"id":2310,"name":"Saint-Gobain Performance Plastics","slug":"saint-gobain-it"}],"_links":{"self":[{"href":"https:\/\/cardinal-tapes.com\/it\/wp-json\/wp\/v2\/product\/40601","targetHints":{"allow":["GET"]}}],"collection":[{"href":"https:\/\/cardinal-tapes.com\/it\/wp-json\/wp\/v2\/product"}],"about":[{"href":"https:\/\/cardinal-tapes.com\/it\/wp-json\/wp\/v2\/types\/product"}],"wp:featuredmedia":[{"embeddable":true,"href":"https:\/\/cardinal-tapes.com\/it\/wp-json\/wp\/v2\/media\/29041"}],"wp:attachment":[{"href":"https:\/\/cardinal-tapes.com\/it\/wp-json\/wp\/v2\/media?parent=40601"}],"wp:term":[{"taxonomy":"pwb-brand","embeddable":true,"href":"https:\/\/cardinal-tapes.com\/it\/wp-json\/wp\/v2\/pwb-brand?post=40601"},{"taxonomy":"product_brand","embeddable":true,"href":"https:\/\/cardinal-tapes.com\/it\/wp-json\/wp\/v2\/product_brand?post=40601"},{"taxonomy":"product_cat","embeddable":true,"href":"https:\/\/cardinal-tapes.com\/it\/wp-json\/wp\/v2\/product_cat?post=40601"},{"taxonomy":"product_tag","embeddable":true,"href":"https:\/\/cardinal-tapes.com\/it\/wp-json\/wp\/v2\/product_tag?post=40601"}],"curies":[{"name":"wp","href":"https:\/\/api.w.org\/{rel}","templated":true}]}}