{"id":39485,"date":"2022-08-15T10:43:35","date_gmt":"2023-06-05T14:48:24","guid":{"rendered":"https:\/\/cardinal.pixel-tal.de\/klebebaender\/senza-categoria\/nastro-adesivo-acrilico-3m-pt1100\/"},"modified":"2025-07-02T12:06:02","modified_gmt":"2025-07-02T10:06:02","slug":"nastro-adesivo-da-3-m-pt1100","status":"publish","type":"product","link":"https:\/\/cardinal-tapes.com\/it\/nastri-adesivi\/nastri-biadesivi\/nastro-adesivo-da-3-m-pt1100\/","title":{"rendered":"Nastro adesivo acrilico 3M\u2122 PT1100"},"content":{"rendered":"<p>Il nastro 3M\u2122 Acrylic Plus Tape PT1100 si usa in genere per fissare attacchi rigidi in cui si desidera un bordo estetico visibile.<\/p>\n<p><strong>Propriet\u00e0<br \/>\n<\/strong>Il nastro biadesivo \u00e8 realizzato in schiuma acrilica nera con adesivo acrilico aggiuntivo su entrambi i lati. Le applicazioni tipiche del nastro adesivo sono il fissaggio di componenti aggiuntivi rigidi come spoiler, alloggiamenti per antenne, barre sul tetto ed estensioni dei passaruota in cui si desidera un bordo estetico visibile. Il nastro biadesivo ha un&#8217;eccellente stabilit\u00e0 a lungo termine e un&#8217;ottima adattabilit\u00e0 alle superfici da incollare. L&#8217;esclusiva propriet\u00e0 viscoelastica del PT1000 \u00e8 eccellente nell&#8217;alleviare le tensioni nella giuntura dell&#8217;adesivo, con il risultato di un&#8217;adesione estremamente duratura.<\/p>\n<p><strong>Applicazioni<\/strong><br \/>\n&#8211; I nastri adesivi 3M\u2122 in schiuma acrilica sono in grado di alleviare reversibilmente le tensioni grazie alla loro esclusiva viscoelasticit\u00e0<br \/>\n&#8211; L&#8217;adesione iniziale consente un&#8217;immediata lavorazione successiva, spesso senza misure di supporto temporanee.<\/p>\n","protected":false},"excerpt":{"rendered":"<p>Il nastro 3M\u2122 Acrylic Plus Tape PT1100 si usa in genere per fissare attacchi rigidi in cui si desidera un bordo estetico visibile. Propriet\u00e0 Il nastro biadesivo \u00e8 realizzato in schiuma acrilica nera con adesivo acrilico aggiuntivo su entrambi i lati. Le applicazioni tipiche del nastro adesivo sono il fissaggio di componenti aggiuntivi rigidi come [&hellip;]<\/p>\n","protected":false},"featured_media":28985,"template":"","meta":{"_acf_changed":false},"pwb-brand":[2166],"product_brand":[],"product_cat":[1824],"product_tag":[],"class_list":{"0":"post-39485","1":"product","2":"type-product","3":"status-publish","4":"has-post-thumbnail","6":"pwb-brand-3m-it","7":"product_cat-nastri-biadesivi","9":"first","10":"instock","11":"taxable","12":"shipping-taxable","13":"purchasable","14":"product-type-variable"},"acf":[],"yoast_head":"<!-- This site is optimized with the Yoast SEO plugin v27.3 - https:\/\/yoast.com\/product\/yoast-seo-wordpress\/ -->\n<title>3M\u2122 PT1100 Nastro acrilico | Cardinal TAPES<\/title>\n<meta name=\"description\" content=\"Il nastro 3M\u2122 Acrylic Plus Tape PT1100 si usa in genere per fissare attacchi rigidi in cui si desidera un bordo estetico visibile.\" \/>\n<meta name=\"robots\" content=\"index, follow, max-snippet:-1, max-image-preview:large, max-video-preview:-1\" \/>\n<link rel=\"canonical\" href=\"https:\/\/cardinal-tapes.com\/it\/nastri-adesivi\/nastri-biadesivi\/nastro-adesivo-da-3-m-pt1100\/\" \/>\n<meta property=\"og:locale\" content=\"it_IT\" \/>\n<meta property=\"og:type\" content=\"article\" \/>\n<meta property=\"og:title\" content=\"3M\u2122 PT1100 Nastro acrilico | Cardinal TAPES\" \/>\n<meta property=\"og:description\" content=\"Il nastro 3M\u2122 Acrylic Plus Tape PT1100 si usa in genere per fissare attacchi rigidi in cui si desidera un bordo estetico visibile.\" \/>\n<meta property=\"og:url\" content=\"https:\/\/cardinal-tapes.com\/it\/nastri-adesivi\/nastri-biadesivi\/nastro-adesivo-da-3-m-pt1100\/\" \/>\n<meta property=\"og:site_name\" content=\"cardinal TAPES\" \/>\n<meta property=\"article:modified_time\" content=\"2025-07-02T10:06:02+00:00\" \/>\n<meta property=\"og:image\" content=\"https:\/\/cardinal-tapes.com\/wp-content\/uploads\/photo-3mtm-acrylic-foam-tape-ex4015.jpg\" \/>\n\t<meta property=\"og:image:width\" content=\"400\" \/>\n\t<meta property=\"og:image:height\" content=\"398\" \/>\n\t<meta property=\"og:image:type\" content=\"image\/jpeg\" \/>\n<meta name=\"twitter:card\" content=\"summary_large_image\" \/>\n<meta name=\"twitter:label1\" content=\"Tempo di lettura stimato\" \/>\n\t<meta name=\"twitter:data1\" content=\"1 minuto\" \/>\n<script type=\"application\/ld+json\" class=\"yoast-schema-graph\">{\"@context\":\"https:\\\/\\\/schema.org\",\"@graph\":[{\"@type\":\"WebPage\",\"@id\":\"https:\\\/\\\/cardinal-tapes.com\\\/it\\\/nastri-adesivi\\\/nastri-biadesivi\\\/nastro-adesivo-da-3-m-pt1100\\\/\",\"url\":\"https:\\\/\\\/cardinal-tapes.com\\\/it\\\/nastri-adesivi\\\/nastri-biadesivi\\\/nastro-adesivo-da-3-m-pt1100\\\/\",\"name\":\"3M\u2122 PT1100 Nastro acrilico | Cardinal TAPES\",\"isPartOf\":{\"@id\":\"https:\\\/\\\/cardinal-tapes.com\\\/#website\"},\"primaryImageOfPage\":{\"@id\":\"https:\\\/\\\/cardinal-tapes.com\\\/it\\\/nastri-adesivi\\\/nastri-biadesivi\\\/nastro-adesivo-da-3-m-pt1100\\\/#primaryimage\"},\"image\":{\"@id\":\"https:\\\/\\\/cardinal-tapes.com\\\/it\\\/nastri-adesivi\\\/nastri-biadesivi\\\/nastro-adesivo-da-3-m-pt1100\\\/#primaryimage\"},\"thumbnailUrl\":\"https:\\\/\\\/cardinal-tapes.com\\\/wp-content\\\/uploads\\\/photo-3mtm-acrylic-foam-tape-ex4015.jpg\",\"datePublished\":\"2023-06-05T14:48:24+00:00\",\"dateModified\":\"2025-07-02T10:06:02+00:00\",\"description\":\"Il nastro 3M\u2122 Acrylic Plus Tape PT1100 si usa in genere per fissare attacchi rigidi in cui si desidera un bordo estetico visibile.\",\"breadcrumb\":{\"@id\":\"https:\\\/\\\/cardinal-tapes.com\\\/it\\\/nastri-adesivi\\\/nastri-biadesivi\\\/nastro-adesivo-da-3-m-pt1100\\\/#breadcrumb\"},\"inLanguage\":\"it-IT\",\"potentialAction\":[{\"@type\":\"ReadAction\",\"target\":[\"https:\\\/\\\/cardinal-tapes.com\\\/it\\\/nastri-adesivi\\\/nastri-biadesivi\\\/nastro-adesivo-da-3-m-pt1100\\\/\"]}]},{\"@type\":\"ImageObject\",\"inLanguage\":\"it-IT\",\"@id\":\"https:\\\/\\\/cardinal-tapes.com\\\/it\\\/nastri-adesivi\\\/nastri-biadesivi\\\/nastro-adesivo-da-3-m-pt1100\\\/#primaryimage\",\"url\":\"https:\\\/\\\/cardinal-tapes.com\\\/wp-content\\\/uploads\\\/photo-3mtm-acrylic-foam-tape-ex4015.jpg\",\"contentUrl\":\"https:\\\/\\\/cardinal-tapes.com\\\/wp-content\\\/uploads\\\/photo-3mtm-acrylic-foam-tape-ex4015.jpg\",\"width\":400,\"height\":398},{\"@type\":\"BreadcrumbList\",\"@id\":\"https:\\\/\\\/cardinal-tapes.com\\\/it\\\/nastri-adesivi\\\/nastri-biadesivi\\\/nastro-adesivo-da-3-m-pt1100\\\/#breadcrumb\",\"itemListElement\":[{\"@type\":\"ListItem\",\"position\":1,\"name\":\"Startseite\",\"item\":\"https:\\\/\\\/cardinal-tapes.com\\\/it\\\/casa\\\/\"},{\"@type\":\"ListItem\",\"position\":2,\"name\":\"Nastri adesivi\",\"item\":\"https:\\\/\\\/cardinal-tapes.com\\\/it\\\/nastri-adesivi-it\\\/\"},{\"@type\":\"ListItem\",\"position\":3,\"name\":\"Nastri biadesivi\",\"item\":\"https:\\\/\\\/cardinal-tapes.com\\\/it\\\/categoria\\\/nastri-biadesivi\\\/\"},{\"@type\":\"ListItem\",\"position\":4,\"name\":\"Nastro adesivo acrilico 3M\u2122 PT1100\"}]},{\"@type\":\"WebSite\",\"@id\":\"https:\\\/\\\/cardinal-tapes.com\\\/#website\",\"url\":\"https:\\\/\\\/cardinal-tapes.com\\\/\",\"name\":\"cardinal TAPES\",\"description\":\"Klebetechnik aus Wuppertal\",\"potentialAction\":[{\"@type\":\"SearchAction\",\"target\":{\"@type\":\"EntryPoint\",\"urlTemplate\":\"https:\\\/\\\/cardinal-tapes.com\\\/?s={search_term_string}\"},\"query-input\":{\"@type\":\"PropertyValueSpecification\",\"valueRequired\":true,\"valueName\":\"search_term_string\"}}],\"inLanguage\":\"it-IT\"}]}<\/script>\n<!-- \/ Yoast SEO plugin. -->","yoast_head_json":{"title":"3M\u2122 PT1100 Nastro acrilico | Cardinal TAPES","description":"Il nastro 3M\u2122 Acrylic Plus Tape PT1100 si usa in genere per fissare attacchi rigidi in cui si desidera un bordo estetico visibile.","robots":{"index":"index","follow":"follow","max-snippet":"max-snippet:-1","max-image-preview":"max-image-preview:large","max-video-preview":"max-video-preview:-1"},"canonical":"https:\/\/cardinal-tapes.com\/it\/nastri-adesivi\/nastri-biadesivi\/nastro-adesivo-da-3-m-pt1100\/","og_locale":"it_IT","og_type":"article","og_title":"3M\u2122 PT1100 Nastro acrilico | Cardinal TAPES","og_description":"Il nastro 3M\u2122 Acrylic Plus Tape PT1100 si usa in genere per fissare attacchi rigidi in cui si desidera un bordo estetico visibile.","og_url":"https:\/\/cardinal-tapes.com\/it\/nastri-adesivi\/nastri-biadesivi\/nastro-adesivo-da-3-m-pt1100\/","og_site_name":"cardinal TAPES","article_modified_time":"2025-07-02T10:06:02+00:00","og_image":[{"width":400,"height":398,"url":"https:\/\/cardinal-tapes.com\/wp-content\/uploads\/photo-3mtm-acrylic-foam-tape-ex4015.jpg","type":"image\/jpeg"}],"twitter_card":"summary_large_image","twitter_misc":{"Tempo di lettura stimato":"1 minuto"},"schema":{"@context":"https:\/\/schema.org","@graph":[{"@type":"WebPage","@id":"https:\/\/cardinal-tapes.com\/it\/nastri-adesivi\/nastri-biadesivi\/nastro-adesivo-da-3-m-pt1100\/","url":"https:\/\/cardinal-tapes.com\/it\/nastri-adesivi\/nastri-biadesivi\/nastro-adesivo-da-3-m-pt1100\/","name":"3M\u2122 PT1100 Nastro acrilico | Cardinal TAPES","isPartOf":{"@id":"https:\/\/cardinal-tapes.com\/#website"},"primaryImageOfPage":{"@id":"https:\/\/cardinal-tapes.com\/it\/nastri-adesivi\/nastri-biadesivi\/nastro-adesivo-da-3-m-pt1100\/#primaryimage"},"image":{"@id":"https:\/\/cardinal-tapes.com\/it\/nastri-adesivi\/nastri-biadesivi\/nastro-adesivo-da-3-m-pt1100\/#primaryimage"},"thumbnailUrl":"https:\/\/cardinal-tapes.com\/wp-content\/uploads\/photo-3mtm-acrylic-foam-tape-ex4015.jpg","datePublished":"2023-06-05T14:48:24+00:00","dateModified":"2025-07-02T10:06:02+00:00","description":"Il nastro 3M\u2122 Acrylic Plus Tape PT1100 si usa in genere per fissare attacchi rigidi in cui si desidera un bordo estetico visibile.","breadcrumb":{"@id":"https:\/\/cardinal-tapes.com\/it\/nastri-adesivi\/nastri-biadesivi\/nastro-adesivo-da-3-m-pt1100\/#breadcrumb"},"inLanguage":"it-IT","potentialAction":[{"@type":"ReadAction","target":["https:\/\/cardinal-tapes.com\/it\/nastri-adesivi\/nastri-biadesivi\/nastro-adesivo-da-3-m-pt1100\/"]}]},{"@type":"ImageObject","inLanguage":"it-IT","@id":"https:\/\/cardinal-tapes.com\/it\/nastri-adesivi\/nastri-biadesivi\/nastro-adesivo-da-3-m-pt1100\/#primaryimage","url":"https:\/\/cardinal-tapes.com\/wp-content\/uploads\/photo-3mtm-acrylic-foam-tape-ex4015.jpg","contentUrl":"https:\/\/cardinal-tapes.com\/wp-content\/uploads\/photo-3mtm-acrylic-foam-tape-ex4015.jpg","width":400,"height":398},{"@type":"BreadcrumbList","@id":"https:\/\/cardinal-tapes.com\/it\/nastri-adesivi\/nastri-biadesivi\/nastro-adesivo-da-3-m-pt1100\/#breadcrumb","itemListElement":[{"@type":"ListItem","position":1,"name":"Startseite","item":"https:\/\/cardinal-tapes.com\/it\/casa\/"},{"@type":"ListItem","position":2,"name":"Nastri adesivi","item":"https:\/\/cardinal-tapes.com\/it\/nastri-adesivi-it\/"},{"@type":"ListItem","position":3,"name":"Nastri biadesivi","item":"https:\/\/cardinal-tapes.com\/it\/categoria\/nastri-biadesivi\/"},{"@type":"ListItem","position":4,"name":"Nastro adesivo acrilico 3M\u2122 PT1100"}]},{"@type":"WebSite","@id":"https:\/\/cardinal-tapes.com\/#website","url":"https:\/\/cardinal-tapes.com\/","name":"cardinal TAPES","description":"Klebetechnik aus Wuppertal","potentialAction":[{"@type":"SearchAction","target":{"@type":"EntryPoint","urlTemplate":"https:\/\/cardinal-tapes.com\/?s={search_term_string}"},"query-input":{"@type":"PropertyValueSpecification","valueRequired":true,"valueName":"search_term_string"}}],"inLanguage":"it-IT"}]}},"brands":[{"id":2166,"name":"3M","slug":"3m-it"}],"_links":{"self":[{"href":"https:\/\/cardinal-tapes.com\/it\/wp-json\/wp\/v2\/product\/39485","targetHints":{"allow":["GET"]}}],"collection":[{"href":"https:\/\/cardinal-tapes.com\/it\/wp-json\/wp\/v2\/product"}],"about":[{"href":"https:\/\/cardinal-tapes.com\/it\/wp-json\/wp\/v2\/types\/product"}],"wp:featuredmedia":[{"embeddable":true,"href":"https:\/\/cardinal-tapes.com\/it\/wp-json\/wp\/v2\/media\/28985"}],"wp:attachment":[{"href":"https:\/\/cardinal-tapes.com\/it\/wp-json\/wp\/v2\/media?parent=39485"}],"wp:term":[{"taxonomy":"pwb-brand","embeddable":true,"href":"https:\/\/cardinal-tapes.com\/it\/wp-json\/wp\/v2\/pwb-brand?post=39485"},{"taxonomy":"product_brand","embeddable":true,"href":"https:\/\/cardinal-tapes.com\/it\/wp-json\/wp\/v2\/product_brand?post=39485"},{"taxonomy":"product_cat","embeddable":true,"href":"https:\/\/cardinal-tapes.com\/it\/wp-json\/wp\/v2\/product_cat?post=39485"},{"taxonomy":"product_tag","embeddable":true,"href":"https:\/\/cardinal-tapes.com\/it\/wp-json\/wp\/v2\/product_tag?post=39485"}],"curies":[{"name":"wp","href":"https:\/\/api.w.org\/{rel}","templated":true}]}}