{"id":38409,"date":"2023-03-09T15:33:53","date_gmt":"2023-06-05T14:47:05","guid":{"rendered":"https:\/\/cardinal.pixel-tal.de\/klebebaender\/senza-categoria\/tesa-4831-nastro-per-mascheratura-senza-silicone\/"},"modified":"2023-06-05T16:47:05","modified_gmt":"2023-06-05T14:47:05","slug":"tesa-4831-nastro-per-mascheratura-senza-silicone","status":"publish","type":"product","link":"https:\/\/cardinal-tapes.com\/it\/nastri-adesivi\/nastri-monoadesivi\/film-in-pet\/tesa-4831-nastro-per-mascheratura-senza-silicone\/","title":{"rendered":"tesa\u00ae 4831 nastro per mascheratura senza silicone"},"content":{"rendered":"<p>Il nastro per mascheratura <span class=\"lowercase\">tesa\u00ae<\/span>4831, privo di silicone, \u00e8 in grado di resistere ad alte pressioni e a temperature elevate, fino a 180 \u00b0C. Il robusto substrato \u00e8 un laminato di film PET e tessuto non tessuto che resiste facilmente a queste temperature e produce bordi di colore precisi. Anche la manipolazione sicura \u00e8 garantita, in quanto il nastro \u00e8 caratterizzato da un&#8217;elevata resistenza allo strappo e dalla facilit\u00e0 di contatto con le dita. L&#8217;adesivo privo di silicone garantisce un&#8217;eccellente adesione alle superfici ruvide. Non provoca effetti di ghosting o di scolorimento su diverse superfici e consente di ottenere risultati soddisfacenti.<\/p>\n<p>La contaminazione incrociata nelle aree di produzione significa che i processi successivi non possono essere eseguiti senza un ulteriore trattamento. Tuttavia, \u00e8 possibile evitare un lungo lavoro di pulizia durante la produzione. Il versatile nastro di mascheratura <span class=\"lowercase\">tesa\u00ae<\/span>4831 riduce efficacemente la necessit\u00e0 di rilavorazioni o il numero di prodotti difettosi, facendo risparmiare tempo e denaro. \u00c8 al 100% privo di siliconi organici. Al termine della fase di lavoro, il nostro nastro adesivo pu\u00f2 essere rimosso senza lasciare residui, garantendo cos\u00ec la massima affidabilit\u00e0 della produzione. Pu\u00f2 continuare, senza alcun lavoro aggiuntivo!<\/p>\n","protected":false},"excerpt":{"rendered":"<p>Il nastro per mascheratura tesa\u00ae4831, privo di silicone, \u00e8 in grado di resistere ad alte pressioni e a temperature elevate, fino a 180 \u00b0C. Il robusto substrato \u00e8 un laminato di film PET e tessuto non tessuto che resiste facilmente a queste temperature e produce bordi di colore precisi. Anche la manipolazione sicura \u00e8 garantita, [&hellip;]<\/p>\n","protected":false},"featured_media":29213,"template":"","meta":{"_acf_changed":false},"pwb-brand":[2162],"product_brand":[],"product_cat":[1826,1829,1863],"product_tag":[],"class_list":{"0":"post-38409","1":"product","2":"type-product","3":"status-publish","4":"has-post-thumbnail","6":"pwb-brand-tesa-it","7":"product_cat-nastri-monoadesivi","8":"product_cat-film-in-pet","9":"product_cat-sistemi-di-imballaggio","11":"first","12":"instock","13":"featured","14":"taxable","15":"shipping-taxable","16":"purchasable","17":"product-type-variable"},"acf":[],"yoast_head":"<!-- This site is optimized with the Yoast SEO plugin v27.3 - https:\/\/yoast.com\/product\/yoast-seo-wordpress\/ -->\n<title>tesa\u00ae 4831 nastro per mascheratura senza silicone | Cardinal TAPES<\/title>\n<meta name=\"description\" content=\"Il nastro per mascheratura tesa\u00ae 4831, privo di silicone, \u00e8 un laminato di film di PET e tessuto non tessuto e pu\u00f2 resistere ad alte pressioni e a temperature fino a 180 \u00b0C.\" \/>\n<meta name=\"robots\" content=\"index, follow, max-snippet:-1, max-image-preview:large, max-video-preview:-1\" \/>\n<link rel=\"canonical\" href=\"https:\/\/cardinal-tapes.com\/it\/nastri-adesivi\/nastri-monoadesivi\/tesa-4831-nastro-per-mascheratura-senza-silicone\/\" \/>\n<meta property=\"og:locale\" content=\"it_IT\" \/>\n<meta property=\"og:type\" content=\"article\" \/>\n<meta property=\"og:title\" content=\"tesa\u00ae 4831 nastro per mascheratura senza silicone | Cardinal TAPES\" \/>\n<meta property=\"og:description\" content=\"Il nastro per mascheratura tesa\u00ae 4831, privo di silicone, \u00e8 un laminato di film di PET e tessuto non tessuto e pu\u00f2 resistere ad alte pressioni e a temperature fino a 180 \u00b0C.\" \/>\n<meta property=\"og:url\" content=\"https:\/\/cardinal-tapes.com\/it\/nastri-adesivi\/nastri-monoadesivi\/tesa-4831-nastro-per-mascheratura-senza-silicone\/\" \/>\n<meta property=\"og:site_name\" content=\"cardinal TAPES\" \/>\n<meta property=\"og:image\" content=\"https:\/\/cardinal-tapes.com\/wp-content\/uploads\/tesa-4831-048310000000-pr10795894_padded1x1_9.webp\" \/>\n\t<meta property=\"og:image:width\" content=\"928\" \/>\n\t<meta property=\"og:image:height\" content=\"928\" \/>\n\t<meta property=\"og:image:type\" content=\"image\/webp\" \/>\n<meta name=\"twitter:card\" content=\"summary_large_image\" \/>\n<meta name=\"twitter:label1\" content=\"Tempo di lettura stimato\" \/>\n\t<meta name=\"twitter:data1\" content=\"1 minuto\" \/>\n<script type=\"application\/ld+json\" class=\"yoast-schema-graph\">{\"@context\":\"https:\\\/\\\/schema.org\",\"@graph\":[{\"@type\":\"WebPage\",\"@id\":\"https:\\\/\\\/cardinal-tapes.com\\\/it\\\/nastri-adesivi\\\/nastri-monoadesivi\\\/tesa-4831-nastro-per-mascheratura-senza-silicone\\\/\",\"url\":\"https:\\\/\\\/cardinal-tapes.com\\\/it\\\/nastri-adesivi\\\/nastri-monoadesivi\\\/tesa-4831-nastro-per-mascheratura-senza-silicone\\\/\",\"name\":\"tesa\u00ae 4831 nastro per mascheratura senza silicone | Cardinal TAPES\",\"isPartOf\":{\"@id\":\"https:\\\/\\\/cardinal-tapes.com\\\/#website\"},\"primaryImageOfPage\":{\"@id\":\"https:\\\/\\\/cardinal-tapes.com\\\/it\\\/nastri-adesivi\\\/nastri-monoadesivi\\\/tesa-4831-nastro-per-mascheratura-senza-silicone\\\/#primaryimage\"},\"image\":{\"@id\":\"https:\\\/\\\/cardinal-tapes.com\\\/it\\\/nastri-adesivi\\\/nastri-monoadesivi\\\/tesa-4831-nastro-per-mascheratura-senza-silicone\\\/#primaryimage\"},\"thumbnailUrl\":\"https:\\\/\\\/cardinal-tapes.com\\\/wp-content\\\/uploads\\\/tesa-4831-048310000000-pr10795894_padded1x1_9.webp\",\"datePublished\":\"2023-06-05T14:47:05+00:00\",\"description\":\"Il nastro per mascheratura tesa\u00ae 4831, privo di silicone, \u00e8 un laminato di film di PET e tessuto non tessuto e pu\u00f2 resistere ad alte pressioni e a temperature fino a 180 \u00b0C.\",\"breadcrumb\":{\"@id\":\"https:\\\/\\\/cardinal-tapes.com\\\/it\\\/nastri-adesivi\\\/nastri-monoadesivi\\\/tesa-4831-nastro-per-mascheratura-senza-silicone\\\/#breadcrumb\"},\"inLanguage\":\"it-IT\",\"potentialAction\":[{\"@type\":\"ReadAction\",\"target\":[\"https:\\\/\\\/cardinal-tapes.com\\\/it\\\/nastri-adesivi\\\/nastri-monoadesivi\\\/tesa-4831-nastro-per-mascheratura-senza-silicone\\\/\"]}]},{\"@type\":\"ImageObject\",\"inLanguage\":\"it-IT\",\"@id\":\"https:\\\/\\\/cardinal-tapes.com\\\/it\\\/nastri-adesivi\\\/nastri-monoadesivi\\\/tesa-4831-nastro-per-mascheratura-senza-silicone\\\/#primaryimage\",\"url\":\"https:\\\/\\\/cardinal-tapes.com\\\/wp-content\\\/uploads\\\/tesa-4831-048310000000-pr10795894_padded1x1_9.webp\",\"contentUrl\":\"https:\\\/\\\/cardinal-tapes.com\\\/wp-content\\\/uploads\\\/tesa-4831-048310000000-pr10795894_padded1x1_9.webp\",\"width\":928,\"height\":928},{\"@type\":\"BreadcrumbList\",\"@id\":\"https:\\\/\\\/cardinal-tapes.com\\\/it\\\/nastri-adesivi\\\/nastri-monoadesivi\\\/tesa-4831-nastro-per-mascheratura-senza-silicone\\\/#breadcrumb\",\"itemListElement\":[{\"@type\":\"ListItem\",\"position\":1,\"name\":\"Startseite\",\"item\":\"https:\\\/\\\/cardinal-tapes.com\\\/it\\\/casa\\\/\"},{\"@type\":\"ListItem\",\"position\":2,\"name\":\"Nastri adesivi\",\"item\":\"https:\\\/\\\/cardinal-tapes.com\\\/it\\\/nastri-adesivi-it\\\/\"},{\"@type\":\"ListItem\",\"position\":3,\"name\":\"Film in PET\",\"item\":\"https:\\\/\\\/cardinal-tapes.com\\\/it\\\/categoria\\\/film-in-pet\\\/\"},{\"@type\":\"ListItem\",\"position\":4,\"name\":\"tesa\u00ae 4831 nastro per mascheratura senza silicone\"}]},{\"@type\":\"WebSite\",\"@id\":\"https:\\\/\\\/cardinal-tapes.com\\\/#website\",\"url\":\"https:\\\/\\\/cardinal-tapes.com\\\/\",\"name\":\"cardinal TAPES\",\"description\":\"Klebetechnik aus Wuppertal\",\"potentialAction\":[{\"@type\":\"SearchAction\",\"target\":{\"@type\":\"EntryPoint\",\"urlTemplate\":\"https:\\\/\\\/cardinal-tapes.com\\\/?s={search_term_string}\"},\"query-input\":{\"@type\":\"PropertyValueSpecification\",\"valueRequired\":true,\"valueName\":\"search_term_string\"}}],\"inLanguage\":\"it-IT\"}]}<\/script>\n<!-- \/ Yoast SEO plugin. -->","yoast_head_json":{"title":"tesa\u00ae 4831 nastro per mascheratura senza silicone | Cardinal TAPES","description":"Il nastro per mascheratura tesa\u00ae 4831, privo di silicone, \u00e8 un laminato di film di PET e tessuto non tessuto e pu\u00f2 resistere ad alte pressioni e a temperature fino a 180 \u00b0C.","robots":{"index":"index","follow":"follow","max-snippet":"max-snippet:-1","max-image-preview":"max-image-preview:large","max-video-preview":"max-video-preview:-1"},"canonical":"https:\/\/cardinal-tapes.com\/it\/nastri-adesivi\/nastri-monoadesivi\/tesa-4831-nastro-per-mascheratura-senza-silicone\/","og_locale":"it_IT","og_type":"article","og_title":"tesa\u00ae 4831 nastro per mascheratura senza silicone | Cardinal TAPES","og_description":"Il nastro per mascheratura tesa\u00ae 4831, privo di silicone, \u00e8 un laminato di film di PET e tessuto non tessuto e pu\u00f2 resistere ad alte pressioni e a temperature fino a 180 \u00b0C.","og_url":"https:\/\/cardinal-tapes.com\/it\/nastri-adesivi\/nastri-monoadesivi\/tesa-4831-nastro-per-mascheratura-senza-silicone\/","og_site_name":"cardinal TAPES","og_image":[{"width":928,"height":928,"url":"https:\/\/cardinal-tapes.com\/wp-content\/uploads\/tesa-4831-048310000000-pr10795894_padded1x1_9.webp","type":"image\/webp"}],"twitter_card":"summary_large_image","twitter_misc":{"Tempo di lettura stimato":"1 minuto"},"schema":{"@context":"https:\/\/schema.org","@graph":[{"@type":"WebPage","@id":"https:\/\/cardinal-tapes.com\/it\/nastri-adesivi\/nastri-monoadesivi\/tesa-4831-nastro-per-mascheratura-senza-silicone\/","url":"https:\/\/cardinal-tapes.com\/it\/nastri-adesivi\/nastri-monoadesivi\/tesa-4831-nastro-per-mascheratura-senza-silicone\/","name":"tesa\u00ae 4831 nastro per mascheratura senza silicone | Cardinal TAPES","isPartOf":{"@id":"https:\/\/cardinal-tapes.com\/#website"},"primaryImageOfPage":{"@id":"https:\/\/cardinal-tapes.com\/it\/nastri-adesivi\/nastri-monoadesivi\/tesa-4831-nastro-per-mascheratura-senza-silicone\/#primaryimage"},"image":{"@id":"https:\/\/cardinal-tapes.com\/it\/nastri-adesivi\/nastri-monoadesivi\/tesa-4831-nastro-per-mascheratura-senza-silicone\/#primaryimage"},"thumbnailUrl":"https:\/\/cardinal-tapes.com\/wp-content\/uploads\/tesa-4831-048310000000-pr10795894_padded1x1_9.webp","datePublished":"2023-06-05T14:47:05+00:00","description":"Il nastro per mascheratura tesa\u00ae 4831, privo di silicone, \u00e8 un laminato di film di PET e tessuto non tessuto e pu\u00f2 resistere ad alte pressioni e a temperature fino a 180 \u00b0C.","breadcrumb":{"@id":"https:\/\/cardinal-tapes.com\/it\/nastri-adesivi\/nastri-monoadesivi\/tesa-4831-nastro-per-mascheratura-senza-silicone\/#breadcrumb"},"inLanguage":"it-IT","potentialAction":[{"@type":"ReadAction","target":["https:\/\/cardinal-tapes.com\/it\/nastri-adesivi\/nastri-monoadesivi\/tesa-4831-nastro-per-mascheratura-senza-silicone\/"]}]},{"@type":"ImageObject","inLanguage":"it-IT","@id":"https:\/\/cardinal-tapes.com\/it\/nastri-adesivi\/nastri-monoadesivi\/tesa-4831-nastro-per-mascheratura-senza-silicone\/#primaryimage","url":"https:\/\/cardinal-tapes.com\/wp-content\/uploads\/tesa-4831-048310000000-pr10795894_padded1x1_9.webp","contentUrl":"https:\/\/cardinal-tapes.com\/wp-content\/uploads\/tesa-4831-048310000000-pr10795894_padded1x1_9.webp","width":928,"height":928},{"@type":"BreadcrumbList","@id":"https:\/\/cardinal-tapes.com\/it\/nastri-adesivi\/nastri-monoadesivi\/tesa-4831-nastro-per-mascheratura-senza-silicone\/#breadcrumb","itemListElement":[{"@type":"ListItem","position":1,"name":"Startseite","item":"https:\/\/cardinal-tapes.com\/it\/casa\/"},{"@type":"ListItem","position":2,"name":"Nastri adesivi","item":"https:\/\/cardinal-tapes.com\/it\/nastri-adesivi-it\/"},{"@type":"ListItem","position":3,"name":"Film in PET","item":"https:\/\/cardinal-tapes.com\/it\/categoria\/film-in-pet\/"},{"@type":"ListItem","position":4,"name":"tesa\u00ae 4831 nastro per mascheratura senza silicone"}]},{"@type":"WebSite","@id":"https:\/\/cardinal-tapes.com\/#website","url":"https:\/\/cardinal-tapes.com\/","name":"cardinal TAPES","description":"Klebetechnik aus Wuppertal","potentialAction":[{"@type":"SearchAction","target":{"@type":"EntryPoint","urlTemplate":"https:\/\/cardinal-tapes.com\/?s={search_term_string}"},"query-input":{"@type":"PropertyValueSpecification","valueRequired":true,"valueName":"search_term_string"}}],"inLanguage":"it-IT"}]}},"brands":[{"id":2162,"name":"tesa","slug":"tesa-it"}],"_links":{"self":[{"href":"https:\/\/cardinal-tapes.com\/it\/wp-json\/wp\/v2\/product\/38409","targetHints":{"allow":["GET"]}}],"collection":[{"href":"https:\/\/cardinal-tapes.com\/it\/wp-json\/wp\/v2\/product"}],"about":[{"href":"https:\/\/cardinal-tapes.com\/it\/wp-json\/wp\/v2\/types\/product"}],"wp:featuredmedia":[{"embeddable":true,"href":"https:\/\/cardinal-tapes.com\/it\/wp-json\/wp\/v2\/media\/29213"}],"wp:attachment":[{"href":"https:\/\/cardinal-tapes.com\/it\/wp-json\/wp\/v2\/media?parent=38409"}],"wp:term":[{"taxonomy":"pwb-brand","embeddable":true,"href":"https:\/\/cardinal-tapes.com\/it\/wp-json\/wp\/v2\/pwb-brand?post=38409"},{"taxonomy":"product_brand","embeddable":true,"href":"https:\/\/cardinal-tapes.com\/it\/wp-json\/wp\/v2\/product_brand?post=38409"},{"taxonomy":"product_cat","embeddable":true,"href":"https:\/\/cardinal-tapes.com\/it\/wp-json\/wp\/v2\/product_cat?post=38409"},{"taxonomy":"product_tag","embeddable":true,"href":"https:\/\/cardinal-tapes.com\/it\/wp-json\/wp\/v2\/product_tag?post=38409"}],"curies":[{"name":"wp","href":"https:\/\/api.w.org\/{rel}","templated":true}]}}