{"id":37722,"date":"2021-09-27T10:02:37","date_gmt":"2023-06-05T14:37:45","guid":{"rendered":"https:\/\/cardinal.pixel-tal.de\/klebebaender\/senza-categoria\/h-vecchio-p-40-nastro-adesivo-in-poliestere\/"},"modified":"2025-07-02T12:28:43","modified_gmt":"2025-07-02T10:28:43","slug":"h-vecchio-poliestere-adesivo-tappo-p-40","status":"publish","type":"product","link":"https:\/\/cardinal-tapes.com\/it\/nastri-adesivi\/nastri-monoadesivi\/film-in-pet\/h-vecchio-poliestere-adesivo-tappo-p-40\/","title":{"rendered":"h-vecchio\u00ae P.40 Nastro adesivo in poliestere"},"content":{"rendered":"<p><span id=\"[0,2]\" class=\"word\">Il nastro adesivo h-old\u00ae in poliestere P.40 \u00e8 un nastro adesivo di 0,06 mm di spessore costituito da un supporto <\/span><span id=\"[10,24]\" class=\"word\">in film di poliestere <\/span> <span id=\"[54,67]\" class=\"word\">rivestito da un adesivo siliconico<\/span> <span id=\"[41,53]\" class=\"word\">di alta qualit\u00e0<\/span>. \u00c8 <span id=\"[70,80]\" class=\"word\">stato progettato<\/span> <span id=\"[81,84]\" class=\"word\">per<\/span> <span id=\"[102,117]\" class=\"word\">lavori di<\/span> <span id=\"[85,96]\" class=\"word\">mascheratura<\/span><span id=\"[99,101]\" class=\"word\">e<\/span> giunzione <span id=\"[123,128]\" class=\"word\">in cui<\/span> <span id=\"[194,198]\" class=\"word\">\u00e8<\/span> <span id=\"[181,193]\" class=\"word\">richiesta una<\/span> <span id=\"[134,157]\" class=\"word\">resistenza alle<\/span> <span id=\"[129,133]\" class=\"word\">alte<\/span> temperature<span id=\"[159,161]\" class=\"word\">e una<\/span> <span id=\"[171,180]\" class=\"word\">rimozione<\/span> <span id=\"[162,170]\" class=\"word\">pulita<\/span>.  \u00c8 inoltre particolarmente indicato contro  <span id=\"[228,254]\" class=\"word\">Resistente ai solventi. Il nastro adesivo<span id=\"[0,2]\" class=\"word\"> P.40 \u00e8 disponibile in diversi colori<\/span>.<\/span><\/p>\n<p><strong>Propriet\u00e0<\/strong><br \/>\n&#8211; resistenza alle alte temperature<br \/>\n&#8211; buona resistenza ai solventi<\/p>\n<p><strong>Applicazioni<\/strong><br \/>\n&#8211; adatto per la giunzione<\/p>\n","protected":false},"excerpt":{"rendered":"<p>Il nastro adesivo h-old\u00ae in poliestere P.40 \u00e8 un nastro adesivo di 0,06 mm di spessore costituito da un supporto in film di poliestere rivestito da un adesivo siliconico di alta qualit\u00e0. \u00c8 stato progettato per lavori di mascheraturae giunzione in cui \u00e8 richiesta una resistenza alle alte temperaturee una rimozione pulita. \u00c8 inoltre particolarmente [&hellip;]<\/p>\n","protected":false},"featured_media":28881,"template":"","meta":{"_acf_changed":false},"pwb-brand":[2286,2310],"product_brand":[],"product_cat":[1826,1829],"product_tag":[],"class_list":{"0":"post-37722","1":"product","2":"type-product","3":"status-publish","4":"has-post-thumbnail","6":"pwb-brand-h-old-it","7":"pwb-brand-saint-gobain-it","8":"product_cat-nastri-monoadesivi","9":"product_cat-film-in-pet","11":"first","12":"instock","13":"taxable","14":"shipping-taxable","15":"product-type-simple"},"acf":[],"yoast_head":"<!-- This site is optimized with the Yoast SEO plugin v27.3 - https:\/\/yoast.com\/product\/yoast-seo-wordpress\/ -->\n<title>h-vecchio P.40 Nastro adesivo in poliestere | Cardinal TAPES<\/title>\n<meta name=\"description\" content=\"Il nastro adesivo in poliestere h-old P.40 \u00e8 un nastro adesivo di 0,06 mm di spessore, costituito da un supporto in pellicola di poliestere e rivestito da un adesivo siliconico di alta qualit\u00e0.\" \/>\n<meta name=\"robots\" content=\"index, follow, max-snippet:-1, max-image-preview:large, max-video-preview:-1\" \/>\n<link rel=\"canonical\" href=\"https:\/\/cardinal-tapes.com\/it\/nastri-adesivi\/nastri-monoadesivi\/film-in-pet\/h-vecchio-poliestere-adesivo-tappo-p-40\/\" \/>\n<meta property=\"og:locale\" content=\"it_IT\" \/>\n<meta property=\"og:type\" content=\"article\" \/>\n<meta property=\"og:title\" content=\"h-vecchio P.40 Nastro adesivo in poliestere | Cardinal TAPES\" \/>\n<meta property=\"og:description\" content=\"Il nastro adesivo in poliestere h-old P.40 \u00e8 un nastro adesivo di 0,06 mm di spessore, costituito da un supporto in pellicola di poliestere e rivestito da un adesivo siliconico di alta qualit\u00e0.\" \/>\n<meta property=\"og:url\" content=\"https:\/\/cardinal-tapes.com\/it\/nastri-adesivi\/nastri-monoadesivi\/film-in-pet\/h-vecchio-poliestere-adesivo-tappo-p-40\/\" \/>\n<meta property=\"og:site_name\" content=\"cardinal TAPES\" \/>\n<meta property=\"article:modified_time\" content=\"2025-07-02T10:28:43+00:00\" \/>\n<meta property=\"og:image\" content=\"https:\/\/cardinal-tapes.com\/wp-content\/uploads\/H-old-PET-Silicone-6SL-Green-A_203768.png\" \/>\n\t<meta property=\"og:image:width\" content=\"415\" \/>\n\t<meta property=\"og:image:height\" content=\"415\" \/>\n\t<meta property=\"og:image:type\" content=\"image\/png\" \/>\n<meta name=\"twitter:card\" content=\"summary_large_image\" \/>\n<script type=\"application\/ld+json\" class=\"yoast-schema-graph\">{\"@context\":\"https:\\\/\\\/schema.org\",\"@graph\":[{\"@type\":\"WebPage\",\"@id\":\"https:\\\/\\\/cardinal-tapes.com\\\/it\\\/nastri-adesivi\\\/nastri-monoadesivi\\\/film-in-pet\\\/h-vecchio-poliestere-adesivo-tappo-p-40\\\/\",\"url\":\"https:\\\/\\\/cardinal-tapes.com\\\/it\\\/nastri-adesivi\\\/nastri-monoadesivi\\\/film-in-pet\\\/h-vecchio-poliestere-adesivo-tappo-p-40\\\/\",\"name\":\"h-vecchio P.40 Nastro adesivo in poliestere | Cardinal TAPES\",\"isPartOf\":{\"@id\":\"https:\\\/\\\/cardinal-tapes.com\\\/#website\"},\"primaryImageOfPage\":{\"@id\":\"https:\\\/\\\/cardinal-tapes.com\\\/it\\\/nastri-adesivi\\\/nastri-monoadesivi\\\/film-in-pet\\\/h-vecchio-poliestere-adesivo-tappo-p-40\\\/#primaryimage\"},\"image\":{\"@id\":\"https:\\\/\\\/cardinal-tapes.com\\\/it\\\/nastri-adesivi\\\/nastri-monoadesivi\\\/film-in-pet\\\/h-vecchio-poliestere-adesivo-tappo-p-40\\\/#primaryimage\"},\"thumbnailUrl\":\"https:\\\/\\\/cardinal-tapes.com\\\/wp-content\\\/uploads\\\/H-old-PET-Silicone-6SL-Green-A_203768.png\",\"datePublished\":\"2023-06-05T14:37:45+00:00\",\"dateModified\":\"2025-07-02T10:28:43+00:00\",\"description\":\"Il nastro adesivo in poliestere h-old P.40 \u00e8 un nastro adesivo di 0,06 mm di spessore, costituito da un supporto in pellicola di poliestere e rivestito da un adesivo siliconico di alta qualit\u00e0.\",\"breadcrumb\":{\"@id\":\"https:\\\/\\\/cardinal-tapes.com\\\/it\\\/nastri-adesivi\\\/nastri-monoadesivi\\\/film-in-pet\\\/h-vecchio-poliestere-adesivo-tappo-p-40\\\/#breadcrumb\"},\"inLanguage\":\"it-IT\",\"potentialAction\":[{\"@type\":\"ReadAction\",\"target\":[\"https:\\\/\\\/cardinal-tapes.com\\\/it\\\/nastri-adesivi\\\/nastri-monoadesivi\\\/film-in-pet\\\/h-vecchio-poliestere-adesivo-tappo-p-40\\\/\"]}]},{\"@type\":\"ImageObject\",\"inLanguage\":\"it-IT\",\"@id\":\"https:\\\/\\\/cardinal-tapes.com\\\/it\\\/nastri-adesivi\\\/nastri-monoadesivi\\\/film-in-pet\\\/h-vecchio-poliestere-adesivo-tappo-p-40\\\/#primaryimage\",\"url\":\"https:\\\/\\\/cardinal-tapes.com\\\/wp-content\\\/uploads\\\/H-old-PET-Silicone-6SL-Green-A_203768.png\",\"contentUrl\":\"https:\\\/\\\/cardinal-tapes.com\\\/wp-content\\\/uploads\\\/H-old-PET-Silicone-6SL-Green-A_203768.png\",\"width\":415,\"height\":415},{\"@type\":\"BreadcrumbList\",\"@id\":\"https:\\\/\\\/cardinal-tapes.com\\\/it\\\/nastri-adesivi\\\/nastri-monoadesivi\\\/film-in-pet\\\/h-vecchio-poliestere-adesivo-tappo-p-40\\\/#breadcrumb\",\"itemListElement\":[{\"@type\":\"ListItem\",\"position\":1,\"name\":\"Startseite\",\"item\":\"https:\\\/\\\/cardinal-tapes.com\\\/it\\\/casa\\\/\"},{\"@type\":\"ListItem\",\"position\":2,\"name\":\"Nastri adesivi\",\"item\":\"https:\\\/\\\/cardinal-tapes.com\\\/it\\\/nastri-adesivi-it\\\/\"},{\"@type\":\"ListItem\",\"position\":3,\"name\":\"Nastri monoadesivi\",\"item\":\"https:\\\/\\\/cardinal-tapes.com\\\/it\\\/categoria\\\/nastri-monoadesivi\\\/\"},{\"@type\":\"ListItem\",\"position\":4,\"name\":\"Film in PET\",\"item\":\"https:\\\/\\\/cardinal-tapes.com\\\/it\\\/categoria\\\/film-in-pet\\\/\"},{\"@type\":\"ListItem\",\"position\":5,\"name\":\"h-vecchio\u00ae P.40 Nastro adesivo in poliestere\"}]},{\"@type\":\"WebSite\",\"@id\":\"https:\\\/\\\/cardinal-tapes.com\\\/#website\",\"url\":\"https:\\\/\\\/cardinal-tapes.com\\\/\",\"name\":\"cardinal TAPES\",\"description\":\"Klebetechnik aus Wuppertal\",\"potentialAction\":[{\"@type\":\"SearchAction\",\"target\":{\"@type\":\"EntryPoint\",\"urlTemplate\":\"https:\\\/\\\/cardinal-tapes.com\\\/?s={search_term_string}\"},\"query-input\":{\"@type\":\"PropertyValueSpecification\",\"valueRequired\":true,\"valueName\":\"search_term_string\"}}],\"inLanguage\":\"it-IT\"}]}<\/script>\n<!-- \/ Yoast SEO plugin. -->","yoast_head_json":{"title":"h-vecchio P.40 Nastro adesivo in poliestere | Cardinal TAPES","description":"Il nastro adesivo in poliestere h-old P.40 \u00e8 un nastro adesivo di 0,06 mm di spessore, costituito da un supporto in pellicola di poliestere e rivestito da un adesivo siliconico di alta qualit\u00e0.","robots":{"index":"index","follow":"follow","max-snippet":"max-snippet:-1","max-image-preview":"max-image-preview:large","max-video-preview":"max-video-preview:-1"},"canonical":"https:\/\/cardinal-tapes.com\/it\/nastri-adesivi\/nastri-monoadesivi\/film-in-pet\/h-vecchio-poliestere-adesivo-tappo-p-40\/","og_locale":"it_IT","og_type":"article","og_title":"h-vecchio P.40 Nastro adesivo in poliestere | Cardinal TAPES","og_description":"Il nastro adesivo in poliestere h-old P.40 \u00e8 un nastro adesivo di 0,06 mm di spessore, costituito da un supporto in pellicola di poliestere e rivestito da un adesivo siliconico di alta qualit\u00e0.","og_url":"https:\/\/cardinal-tapes.com\/it\/nastri-adesivi\/nastri-monoadesivi\/film-in-pet\/h-vecchio-poliestere-adesivo-tappo-p-40\/","og_site_name":"cardinal TAPES","article_modified_time":"2025-07-02T10:28:43+00:00","og_image":[{"width":415,"height":415,"url":"https:\/\/cardinal-tapes.com\/wp-content\/uploads\/H-old-PET-Silicone-6SL-Green-A_203768.png","type":"image\/png"}],"twitter_card":"summary_large_image","schema":{"@context":"https:\/\/schema.org","@graph":[{"@type":"WebPage","@id":"https:\/\/cardinal-tapes.com\/it\/nastri-adesivi\/nastri-monoadesivi\/film-in-pet\/h-vecchio-poliestere-adesivo-tappo-p-40\/","url":"https:\/\/cardinal-tapes.com\/it\/nastri-adesivi\/nastri-monoadesivi\/film-in-pet\/h-vecchio-poliestere-adesivo-tappo-p-40\/","name":"h-vecchio P.40 Nastro adesivo in poliestere | Cardinal TAPES","isPartOf":{"@id":"https:\/\/cardinal-tapes.com\/#website"},"primaryImageOfPage":{"@id":"https:\/\/cardinal-tapes.com\/it\/nastri-adesivi\/nastri-monoadesivi\/film-in-pet\/h-vecchio-poliestere-adesivo-tappo-p-40\/#primaryimage"},"image":{"@id":"https:\/\/cardinal-tapes.com\/it\/nastri-adesivi\/nastri-monoadesivi\/film-in-pet\/h-vecchio-poliestere-adesivo-tappo-p-40\/#primaryimage"},"thumbnailUrl":"https:\/\/cardinal-tapes.com\/wp-content\/uploads\/H-old-PET-Silicone-6SL-Green-A_203768.png","datePublished":"2023-06-05T14:37:45+00:00","dateModified":"2025-07-02T10:28:43+00:00","description":"Il nastro adesivo in poliestere h-old P.40 \u00e8 un nastro adesivo di 0,06 mm di spessore, costituito da un supporto in pellicola di poliestere e rivestito da un adesivo siliconico di alta qualit\u00e0.","breadcrumb":{"@id":"https:\/\/cardinal-tapes.com\/it\/nastri-adesivi\/nastri-monoadesivi\/film-in-pet\/h-vecchio-poliestere-adesivo-tappo-p-40\/#breadcrumb"},"inLanguage":"it-IT","potentialAction":[{"@type":"ReadAction","target":["https:\/\/cardinal-tapes.com\/it\/nastri-adesivi\/nastri-monoadesivi\/film-in-pet\/h-vecchio-poliestere-adesivo-tappo-p-40\/"]}]},{"@type":"ImageObject","inLanguage":"it-IT","@id":"https:\/\/cardinal-tapes.com\/it\/nastri-adesivi\/nastri-monoadesivi\/film-in-pet\/h-vecchio-poliestere-adesivo-tappo-p-40\/#primaryimage","url":"https:\/\/cardinal-tapes.com\/wp-content\/uploads\/H-old-PET-Silicone-6SL-Green-A_203768.png","contentUrl":"https:\/\/cardinal-tapes.com\/wp-content\/uploads\/H-old-PET-Silicone-6SL-Green-A_203768.png","width":415,"height":415},{"@type":"BreadcrumbList","@id":"https:\/\/cardinal-tapes.com\/it\/nastri-adesivi\/nastri-monoadesivi\/film-in-pet\/h-vecchio-poliestere-adesivo-tappo-p-40\/#breadcrumb","itemListElement":[{"@type":"ListItem","position":1,"name":"Startseite","item":"https:\/\/cardinal-tapes.com\/it\/casa\/"},{"@type":"ListItem","position":2,"name":"Nastri adesivi","item":"https:\/\/cardinal-tapes.com\/it\/nastri-adesivi-it\/"},{"@type":"ListItem","position":3,"name":"Nastri monoadesivi","item":"https:\/\/cardinal-tapes.com\/it\/categoria\/nastri-monoadesivi\/"},{"@type":"ListItem","position":4,"name":"Film in PET","item":"https:\/\/cardinal-tapes.com\/it\/categoria\/film-in-pet\/"},{"@type":"ListItem","position":5,"name":"h-vecchio\u00ae P.40 Nastro adesivo in poliestere"}]},{"@type":"WebSite","@id":"https:\/\/cardinal-tapes.com\/#website","url":"https:\/\/cardinal-tapes.com\/","name":"cardinal TAPES","description":"Klebetechnik aus Wuppertal","potentialAction":[{"@type":"SearchAction","target":{"@type":"EntryPoint","urlTemplate":"https:\/\/cardinal-tapes.com\/?s={search_term_string}"},"query-input":{"@type":"PropertyValueSpecification","valueRequired":true,"valueName":"search_term_string"}}],"inLanguage":"it-IT"}]}},"brands":[{"id":2286,"name":"Saint-Gobain h-old","slug":"h-old-it"},{"id":2310,"name":"Saint-Gobain Performance Plastics","slug":"saint-gobain-it"}],"_links":{"self":[{"href":"https:\/\/cardinal-tapes.com\/it\/wp-json\/wp\/v2\/product\/37722","targetHints":{"allow":["GET"]}}],"collection":[{"href":"https:\/\/cardinal-tapes.com\/it\/wp-json\/wp\/v2\/product"}],"about":[{"href":"https:\/\/cardinal-tapes.com\/it\/wp-json\/wp\/v2\/types\/product"}],"wp:featuredmedia":[{"embeddable":true,"href":"https:\/\/cardinal-tapes.com\/it\/wp-json\/wp\/v2\/media\/28881"}],"wp:attachment":[{"href":"https:\/\/cardinal-tapes.com\/it\/wp-json\/wp\/v2\/media?parent=37722"}],"wp:term":[{"taxonomy":"pwb-brand","embeddable":true,"href":"https:\/\/cardinal-tapes.com\/it\/wp-json\/wp\/v2\/pwb-brand?post=37722"},{"taxonomy":"product_brand","embeddable":true,"href":"https:\/\/cardinal-tapes.com\/it\/wp-json\/wp\/v2\/product_brand?post=37722"},{"taxonomy":"product_cat","embeddable":true,"href":"https:\/\/cardinal-tapes.com\/it\/wp-json\/wp\/v2\/product_cat?post=37722"},{"taxonomy":"product_tag","embeddable":true,"href":"https:\/\/cardinal-tapes.com\/it\/wp-json\/wp\/v2\/product_tag?post=37722"}],"curies":[{"name":"wp","href":"https:\/\/api.w.org\/{rel}","templated":true}]}}