{"id":37593,"date":"2021-09-07T14:24:56","date_gmt":"2021-09-07T12:24:56","guid":{"rendered":"https:\/\/cardinal.pixel-tal.de\/klebebaender\/senza-categoria\/at215-nastro-in-tessuto-fluorescente-advance-gaffa\/"},"modified":"2023-06-05T16:37:41","modified_gmt":"2023-06-05T14:37:41","slug":"at215-advance-gaffa-fluorescente-nastro-tessuto","status":"publish","type":"product","link":"https:\/\/cardinal-tapes.com\/it\/nastri-adesivi\/aree-di-applicazione\/nastro-adesivo-per-tessuti\/at215-advance-gaffa-fluorescente-nastro-tessuto\/","title":{"rendered":"AT215 Nastro in tessuto fluorescente Advance Gaffa"},"content":{"rendered":"<div class=\"first_para_desc\">\n<div class=\"first_para_desc\">\n<div class=\"first_para_desc\">\n<div class=\"first_para_desc\">\n<p>AT215 \u00e8 un nastro in tessuto fluorescente rivestito con un adesivo in gomma naturale appositamente sviluppato per i cavi. Ci\u00f2 consente di rimuovere il nastro da un&#8217;ampia variet\u00e0 di superfici senza lasciare residui. \u00c8 facile da strappare, pu\u00f2 essere etichettato e i colori vivaci garantiscono una buona visibilit\u00e0 sia di giorno che di notte. Il nastro brilla sotto la luce UV ed \u00e8 uno strumento indispensabile per qualsiasi evento.<\/p>\n<\/div>\n<p><strong>Applicazioni<\/strong><\/p>\n<ul>\n<li>Fissare e impacchettare i cavi quando \u00e8 richiesto un adesivo compatibile con i cavi stessi<\/li>\n<li>Codifica dei colori sul palco o nell&#8217;area del backstage<\/li>\n<li>Marcatura ed etichettatura delle apparecchiature, come le console di illuminazione o di mixaggio.<\/li>\n<\/ul>\n<p><strong>Propriet\u00e0<\/strong><\/p>\n<ul>\n<li>Attrezzatura per tappeti<\/li>\n<li>Rimuovibile senza residui<\/li>\n<li>Facile da srotolare e strappare<\/li>\n<li>Impermeabile<\/li>\n<li>Buona resistenza all&#8217;abrasione<\/li>\n<\/ul>\n<\/div>\n<\/div>\n<\/div>\n","protected":false},"excerpt":{"rendered":"<p>AT215 \u00e8 un nastro in tessuto fluorescente rivestito con un adesivo in gomma naturale appositamente sviluppato per i cavi. Ci\u00f2 consente di rimuovere il nastro da un&#8217;ampia variet\u00e0 di superfici senza lasciare residui. \u00c8 facile da strappare, pu\u00f2 essere etichettato e i colori vivaci garantiscono una buona visibilit\u00e0 sia di giorno che di notte. Il [&hellip;]<\/p>\n","protected":false},"featured_media":28821,"template":"","meta":{"_acf_changed":false},"pwb-brand":[2313],"product_brand":[],"product_cat":[1725,1826],"product_tag":[],"class_list":{"0":"post-37593","1":"product","2":"type-product","3":"status-publish","4":"has-post-thumbnail","6":"pwb-brand-advance-tapes-it","7":"product_cat-nastro-adesivo-per-tessuti","8":"product_cat-nastri-monoadesivi","10":"first","11":"instock","12":"taxable","13":"shipping-taxable","14":"purchasable","15":"product-type-variable"},"acf":[],"yoast_head":"<!-- This site is optimized with the Yoast SEO plugin v27.3 - https:\/\/yoast.com\/product\/yoast-seo-wordpress\/ -->\n<title>AT215 Nastro in tessuto fluorescente Advance Gaffa\u00ae | Cardinal TAPES<\/title>\n<meta name=\"description\" content=\"AT215 \u00e8 un nastro in tessuto fluorescente rivestito con un adesivo in gomma naturale appositamente sviluppato per i cavi.\" \/>\n<meta name=\"robots\" content=\"index, follow, max-snippet:-1, max-image-preview:large, max-video-preview:-1\" \/>\n<link rel=\"canonical\" href=\"https:\/\/cardinal-tapes.com\/it\/nastri-adesivi\/aree-di-applicazione\/nastro-adesivo-per-tessuti\/at215-advance-gaffa-fluorescente-nastro-tessuto\/\" \/>\n<meta property=\"og:locale\" content=\"it_IT\" \/>\n<meta property=\"og:type\" content=\"article\" \/>\n<meta property=\"og:title\" content=\"AT215 Nastro in tessuto fluorescente Advance Gaffa\u00ae | Cardinal TAPES\" \/>\n<meta property=\"og:description\" content=\"AT215 \u00e8 un nastro in tessuto fluorescente rivestito con un adesivo in gomma naturale appositamente sviluppato per i cavi.\" \/>\n<meta property=\"og:url\" content=\"https:\/\/cardinal-tapes.com\/it\/nastri-adesivi\/aree-di-applicazione\/nastro-adesivo-per-tessuti\/at215-advance-gaffa-fluorescente-nastro-tessuto\/\" \/>\n<meta property=\"og:site_name\" content=\"cardinal TAPES\" \/>\n<meta property=\"article:modified_time\" content=\"2023-06-05T14:37:41+00:00\" \/>\n<meta property=\"og:image\" content=\"https:\/\/cardinal-tapes.com\/wp-content\/uploads\/AT215-Group-with-labels.jpg\" \/>\n\t<meta property=\"og:image:width\" content=\"2250\" \/>\n\t<meta property=\"og:image:height\" content=\"2250\" \/>\n\t<meta property=\"og:image:type\" content=\"image\/jpeg\" \/>\n<meta name=\"twitter:card\" content=\"summary_large_image\" \/>\n<meta name=\"twitter:label1\" content=\"Tempo di lettura stimato\" \/>\n\t<meta name=\"twitter:data1\" content=\"1 minuto\" \/>\n<script type=\"application\/ld+json\" class=\"yoast-schema-graph\">{\"@context\":\"https:\\\/\\\/schema.org\",\"@graph\":[{\"@type\":\"WebPage\",\"@id\":\"https:\\\/\\\/cardinal-tapes.com\\\/it\\\/nastri-adesivi\\\/aree-di-applicazione\\\/nastro-adesivo-per-tessuti\\\/at215-advance-gaffa-fluorescente-nastro-tessuto\\\/\",\"url\":\"https:\\\/\\\/cardinal-tapes.com\\\/it\\\/nastri-adesivi\\\/aree-di-applicazione\\\/nastro-adesivo-per-tessuti\\\/at215-advance-gaffa-fluorescente-nastro-tessuto\\\/\",\"name\":\"AT215 Nastro in tessuto fluorescente Advance Gaffa\u00ae | Cardinal TAPES\",\"isPartOf\":{\"@id\":\"https:\\\/\\\/cardinal-tapes.com\\\/#website\"},\"primaryImageOfPage\":{\"@id\":\"https:\\\/\\\/cardinal-tapes.com\\\/it\\\/nastri-adesivi\\\/aree-di-applicazione\\\/nastro-adesivo-per-tessuti\\\/at215-advance-gaffa-fluorescente-nastro-tessuto\\\/#primaryimage\"},\"image\":{\"@id\":\"https:\\\/\\\/cardinal-tapes.com\\\/it\\\/nastri-adesivi\\\/aree-di-applicazione\\\/nastro-adesivo-per-tessuti\\\/at215-advance-gaffa-fluorescente-nastro-tessuto\\\/#primaryimage\"},\"thumbnailUrl\":\"https:\\\/\\\/cardinal-tapes.com\\\/wp-content\\\/uploads\\\/AT215-Group-with-labels.jpg\",\"datePublished\":\"2021-09-07T12:24:56+00:00\",\"dateModified\":\"2023-06-05T14:37:41+00:00\",\"description\":\"AT215 \u00e8 un nastro in tessuto fluorescente rivestito con un adesivo in gomma naturale appositamente sviluppato per i cavi.\",\"breadcrumb\":{\"@id\":\"https:\\\/\\\/cardinal-tapes.com\\\/it\\\/nastri-adesivi\\\/aree-di-applicazione\\\/nastro-adesivo-per-tessuti\\\/at215-advance-gaffa-fluorescente-nastro-tessuto\\\/#breadcrumb\"},\"inLanguage\":\"it-IT\",\"potentialAction\":[{\"@type\":\"ReadAction\",\"target\":[\"https:\\\/\\\/cardinal-tapes.com\\\/it\\\/nastri-adesivi\\\/aree-di-applicazione\\\/nastro-adesivo-per-tessuti\\\/at215-advance-gaffa-fluorescente-nastro-tessuto\\\/\"]}]},{\"@type\":\"ImageObject\",\"inLanguage\":\"it-IT\",\"@id\":\"https:\\\/\\\/cardinal-tapes.com\\\/it\\\/nastri-adesivi\\\/aree-di-applicazione\\\/nastro-adesivo-per-tessuti\\\/at215-advance-gaffa-fluorescente-nastro-tessuto\\\/#primaryimage\",\"url\":\"https:\\\/\\\/cardinal-tapes.com\\\/wp-content\\\/uploads\\\/AT215-Group-with-labels.jpg\",\"contentUrl\":\"https:\\\/\\\/cardinal-tapes.com\\\/wp-content\\\/uploads\\\/AT215-Group-with-labels.jpg\",\"width\":2250,\"height\":2250},{\"@type\":\"BreadcrumbList\",\"@id\":\"https:\\\/\\\/cardinal-tapes.com\\\/it\\\/nastri-adesivi\\\/aree-di-applicazione\\\/nastro-adesivo-per-tessuti\\\/at215-advance-gaffa-fluorescente-nastro-tessuto\\\/#breadcrumb\",\"itemListElement\":[{\"@type\":\"ListItem\",\"position\":1,\"name\":\"Startseite\",\"item\":\"https:\\\/\\\/cardinal-tapes.com\\\/it\\\/casa\\\/\"},{\"@type\":\"ListItem\",\"position\":2,\"name\":\"Nastri adesivi\",\"item\":\"https:\\\/\\\/cardinal-tapes.com\\\/it\\\/nastri-adesivi-it\\\/\"},{\"@type\":\"ListItem\",\"position\":3,\"name\":\"Einseitige Klebeb\u00e4nder\",\"item\":\"https:\\\/\\\/cardinal-tapes.com\\\/kategorie\\\/einseitige-klebebaender\\\/\"},{\"@type\":\"ListItem\",\"position\":4,\"name\":\"AT215 Nastro in tessuto fluorescente Advance Gaffa\"}]},{\"@type\":\"WebSite\",\"@id\":\"https:\\\/\\\/cardinal-tapes.com\\\/#website\",\"url\":\"https:\\\/\\\/cardinal-tapes.com\\\/\",\"name\":\"cardinal TAPES\",\"description\":\"Klebetechnik aus Wuppertal\",\"potentialAction\":[{\"@type\":\"SearchAction\",\"target\":{\"@type\":\"EntryPoint\",\"urlTemplate\":\"https:\\\/\\\/cardinal-tapes.com\\\/?s={search_term_string}\"},\"query-input\":{\"@type\":\"PropertyValueSpecification\",\"valueRequired\":true,\"valueName\":\"search_term_string\"}}],\"inLanguage\":\"it-IT\"}]}<\/script>\n<!-- \/ Yoast SEO plugin. -->","yoast_head_json":{"title":"AT215 Nastro in tessuto fluorescente Advance Gaffa\u00ae | Cardinal TAPES","description":"AT215 \u00e8 un nastro in tessuto fluorescente rivestito con un adesivo in gomma naturale appositamente sviluppato per i cavi.","robots":{"index":"index","follow":"follow","max-snippet":"max-snippet:-1","max-image-preview":"max-image-preview:large","max-video-preview":"max-video-preview:-1"},"canonical":"https:\/\/cardinal-tapes.com\/it\/nastri-adesivi\/aree-di-applicazione\/nastro-adesivo-per-tessuti\/at215-advance-gaffa-fluorescente-nastro-tessuto\/","og_locale":"it_IT","og_type":"article","og_title":"AT215 Nastro in tessuto fluorescente Advance Gaffa\u00ae | Cardinal TAPES","og_description":"AT215 \u00e8 un nastro in tessuto fluorescente rivestito con un adesivo in gomma naturale appositamente sviluppato per i cavi.","og_url":"https:\/\/cardinal-tapes.com\/it\/nastri-adesivi\/aree-di-applicazione\/nastro-adesivo-per-tessuti\/at215-advance-gaffa-fluorescente-nastro-tessuto\/","og_site_name":"cardinal TAPES","article_modified_time":"2023-06-05T14:37:41+00:00","og_image":[{"width":2250,"height":2250,"url":"https:\/\/cardinal-tapes.com\/wp-content\/uploads\/AT215-Group-with-labels.jpg","type":"image\/jpeg"}],"twitter_card":"summary_large_image","twitter_misc":{"Tempo di lettura stimato":"1 minuto"},"schema":{"@context":"https:\/\/schema.org","@graph":[{"@type":"WebPage","@id":"https:\/\/cardinal-tapes.com\/it\/nastri-adesivi\/aree-di-applicazione\/nastro-adesivo-per-tessuti\/at215-advance-gaffa-fluorescente-nastro-tessuto\/","url":"https:\/\/cardinal-tapes.com\/it\/nastri-adesivi\/aree-di-applicazione\/nastro-adesivo-per-tessuti\/at215-advance-gaffa-fluorescente-nastro-tessuto\/","name":"AT215 Nastro in tessuto fluorescente Advance Gaffa\u00ae | Cardinal TAPES","isPartOf":{"@id":"https:\/\/cardinal-tapes.com\/#website"},"primaryImageOfPage":{"@id":"https:\/\/cardinal-tapes.com\/it\/nastri-adesivi\/aree-di-applicazione\/nastro-adesivo-per-tessuti\/at215-advance-gaffa-fluorescente-nastro-tessuto\/#primaryimage"},"image":{"@id":"https:\/\/cardinal-tapes.com\/it\/nastri-adesivi\/aree-di-applicazione\/nastro-adesivo-per-tessuti\/at215-advance-gaffa-fluorescente-nastro-tessuto\/#primaryimage"},"thumbnailUrl":"https:\/\/cardinal-tapes.com\/wp-content\/uploads\/AT215-Group-with-labels.jpg","datePublished":"2021-09-07T12:24:56+00:00","dateModified":"2023-06-05T14:37:41+00:00","description":"AT215 \u00e8 un nastro in tessuto fluorescente rivestito con un adesivo in gomma naturale appositamente sviluppato per i cavi.","breadcrumb":{"@id":"https:\/\/cardinal-tapes.com\/it\/nastri-adesivi\/aree-di-applicazione\/nastro-adesivo-per-tessuti\/at215-advance-gaffa-fluorescente-nastro-tessuto\/#breadcrumb"},"inLanguage":"it-IT","potentialAction":[{"@type":"ReadAction","target":["https:\/\/cardinal-tapes.com\/it\/nastri-adesivi\/aree-di-applicazione\/nastro-adesivo-per-tessuti\/at215-advance-gaffa-fluorescente-nastro-tessuto\/"]}]},{"@type":"ImageObject","inLanguage":"it-IT","@id":"https:\/\/cardinal-tapes.com\/it\/nastri-adesivi\/aree-di-applicazione\/nastro-adesivo-per-tessuti\/at215-advance-gaffa-fluorescente-nastro-tessuto\/#primaryimage","url":"https:\/\/cardinal-tapes.com\/wp-content\/uploads\/AT215-Group-with-labels.jpg","contentUrl":"https:\/\/cardinal-tapes.com\/wp-content\/uploads\/AT215-Group-with-labels.jpg","width":2250,"height":2250},{"@type":"BreadcrumbList","@id":"https:\/\/cardinal-tapes.com\/it\/nastri-adesivi\/aree-di-applicazione\/nastro-adesivo-per-tessuti\/at215-advance-gaffa-fluorescente-nastro-tessuto\/#breadcrumb","itemListElement":[{"@type":"ListItem","position":1,"name":"Startseite","item":"https:\/\/cardinal-tapes.com\/it\/casa\/"},{"@type":"ListItem","position":2,"name":"Nastri adesivi","item":"https:\/\/cardinal-tapes.com\/it\/nastri-adesivi-it\/"},{"@type":"ListItem","position":3,"name":"Einseitige Klebeb\u00e4nder","item":"https:\/\/cardinal-tapes.com\/kategorie\/einseitige-klebebaender\/"},{"@type":"ListItem","position":4,"name":"AT215 Nastro in tessuto fluorescente Advance Gaffa"}]},{"@type":"WebSite","@id":"https:\/\/cardinal-tapes.com\/#website","url":"https:\/\/cardinal-tapes.com\/","name":"cardinal TAPES","description":"Klebetechnik aus Wuppertal","potentialAction":[{"@type":"SearchAction","target":{"@type":"EntryPoint","urlTemplate":"https:\/\/cardinal-tapes.com\/?s={search_term_string}"},"query-input":{"@type":"PropertyValueSpecification","valueRequired":true,"valueName":"search_term_string"}}],"inLanguage":"it-IT"}]}},"brands":[{"id":2313,"name":"Advance Tapes","slug":"advance-tapes-it"}],"_links":{"self":[{"href":"https:\/\/cardinal-tapes.com\/it\/wp-json\/wp\/v2\/product\/37593","targetHints":{"allow":["GET"]}}],"collection":[{"href":"https:\/\/cardinal-tapes.com\/it\/wp-json\/wp\/v2\/product"}],"about":[{"href":"https:\/\/cardinal-tapes.com\/it\/wp-json\/wp\/v2\/types\/product"}],"wp:featuredmedia":[{"embeddable":true,"href":"https:\/\/cardinal-tapes.com\/it\/wp-json\/wp\/v2\/media\/28821"}],"wp:attachment":[{"href":"https:\/\/cardinal-tapes.com\/it\/wp-json\/wp\/v2\/media?parent=37593"}],"wp:term":[{"taxonomy":"pwb-brand","embeddable":true,"href":"https:\/\/cardinal-tapes.com\/it\/wp-json\/wp\/v2\/pwb-brand?post=37593"},{"taxonomy":"product_brand","embeddable":true,"href":"https:\/\/cardinal-tapes.com\/it\/wp-json\/wp\/v2\/product_brand?post=37593"},{"taxonomy":"product_cat","embeddable":true,"href":"https:\/\/cardinal-tapes.com\/it\/wp-json\/wp\/v2\/product_cat?post=37593"},{"taxonomy":"product_tag","embeddable":true,"href":"https:\/\/cardinal-tapes.com\/it\/wp-json\/wp\/v2\/product_tag?post=37593"}],"curies":[{"name":"wp","href":"https:\/\/api.w.org\/{rel}","templated":true}]}}