{"id":37512,"date":"2020-08-05T14:44:30","date_gmt":"2020-08-05T12:44:30","guid":{"rendered":"https:\/\/cardinal.pixel-tal.de\/klebebaender\/senza-categoria\/nastro-da-imballaggio-tesapack-4024-pv4\/"},"modified":"2025-07-02T13:06:34","modified_gmt":"2025-07-02T11:06:34","slug":"tesa-pack-4024","status":"publish","type":"product","link":"https:\/\/cardinal-tapes.com\/it\/nastri-adesivi\/nastri-monoadesivi\/film-in-pp\/tesa-pack-4024\/","title":{"rendered":"nastro da imballaggio tesapack\u00ae 4024 PV4"},"content":{"rendered":"<p><sup>tesapack\u00ae<\/sup> 4024 PV4 \u00e8 un nastro adesivo da imballaggio basato su un film di PP e uno speciale adesivo in dispersione acrilica. Il prodotto \u00e8 caratterizzato, in applicazione, da un rapporto equilibrato tra alta adesivit\u00e0 e alta resistenza al taglio. Il nastro da imballaggio universale pu\u00f2 essere utilizzato su tutti i dispenser manuali disponibili in commercio.<\/p>\n<section class=\"component js-toc-target\" data-style=\"components\/article-text\" data-toc-name=\"toc-pages-product-product-description\">\n<div class=\"row\">\n<div class=\"col-default-12 col-sm-9\">\n<p><strong>Propriet\u00e0<br \/>\n<\/strong>&#8211; Svolgimento silenzioso<br \/>\n&#8211; Elevata trasparenza per un aspetto gradevole<br \/>\n&#8211; Elevata resistenza ai raggi UV, all&#8217;invecchiamento e alla temperatura per un periodo di stoccaggio pi\u00f9 lungo<\/p>\n<p><strong>Applicazioni<br \/>\n&#8211; <\/strong>Chiusura di scatole di spedizione di peso leggero e medio<\/p>\n<\/div>\n<\/div>\n<\/section>\n","protected":false},"excerpt":{"rendered":"<p>tesapack\u00ae 4024 PV4 \u00e8 un nastro adesivo da imballaggio basato su un film di PP e uno speciale adesivo in dispersione acrilica. Il prodotto \u00e8 caratterizzato, in applicazione, da un rapporto equilibrato tra alta adesivit\u00e0 e alta resistenza al taglio. Il nastro da imballaggio universale pu\u00f2 essere utilizzato su tutti i dispenser manuali disponibili in [&hellip;]<\/p>\n","protected":false},"featured_media":28305,"template":"","meta":{"_acf_changed":false},"pwb-brand":[2162],"product_brand":[],"product_cat":[1826,1830,1863],"product_tag":[],"class_list":{"0":"post-37512","1":"product","2":"type-product","3":"status-publish","4":"has-post-thumbnail","6":"pwb-brand-tesa-it","7":"product_cat-nastri-monoadesivi","8":"product_cat-film-in-pp","9":"product_cat-sistemi-di-imballaggio","11":"first","12":"instock","13":"taxable","14":"shipping-taxable","15":"purchasable","16":"product-type-variable"},"acf":[],"yoast_head":"<!-- This site is optimized with the Yoast SEO plugin v27.3 - https:\/\/yoast.com\/product\/yoast-seo-wordpress\/ -->\n<title>tesa pack\u00ae 4024 | Nastri Cardinali<\/title>\n<meta name=\"description\" content=\"tesa pack\u00ae 4024 \u00e8 un nastro da imballaggio basato su un film di PP e su uno speciale adesivo in dispersione acrilica (HiTack) con un tack iniziale particolarmente elevato. In questo modo si ottiene una chiusura immediata e sicura del cartone dopo l&#039;incollaggio.\" \/>\n<meta name=\"robots\" content=\"index, follow, max-snippet:-1, max-image-preview:large, max-video-preview:-1\" \/>\n<link rel=\"canonical\" href=\"https:\/\/cardinal-tapes.com\/it\/nastri-adesivi\/nastri-monoadesivi\/film-in-pp\/tesa-pack-4024\/\" \/>\n<meta property=\"og:locale\" content=\"it_IT\" \/>\n<meta property=\"og:type\" content=\"article\" \/>\n<meta property=\"og:title\" content=\"tesa pack\u00ae 4024 | Nastri Cardinali\" \/>\n<meta property=\"og:description\" content=\"tesa pack\u00ae 4024 \u00e8 un nastro da imballaggio basato su un film di PP e su uno speciale adesivo in dispersione acrilica (HiTack) con un tack iniziale particolarmente elevato. In questo modo si ottiene una chiusura immediata e sicura del cartone dopo l&#039;incollaggio.\" \/>\n<meta property=\"og:url\" content=\"https:\/\/cardinal-tapes.com\/it\/nastri-adesivi\/nastri-monoadesivi\/film-in-pp\/tesa-pack-4024\/\" \/>\n<meta property=\"og:site_name\" content=\"cardinal TAPES\" \/>\n<meta property=\"article:modified_time\" content=\"2025-07-02T11:06:34+00:00\" \/>\n<meta property=\"og:image\" content=\"https:\/\/cardinal-tapes.com\/wp-content\/uploads\/tesa-04024mu84-15-pa-002-fullsize171322_canvas1x1_5.jpg\" \/>\n\t<meta property=\"og:image:width\" content=\"501\" \/>\n\t<meta property=\"og:image:height\" content=\"354\" \/>\n\t<meta property=\"og:image:type\" content=\"image\/jpeg\" \/>\n<meta name=\"twitter:card\" content=\"summary_large_image\" \/>\n<script type=\"application\/ld+json\" class=\"yoast-schema-graph\">{\"@context\":\"https:\\\/\\\/schema.org\",\"@graph\":[{\"@type\":\"WebPage\",\"@id\":\"https:\\\/\\\/cardinal-tapes.com\\\/it\\\/nastri-adesivi\\\/nastri-monoadesivi\\\/film-in-pp\\\/tesa-pack-4024\\\/\",\"url\":\"https:\\\/\\\/cardinal-tapes.com\\\/it\\\/nastri-adesivi\\\/nastri-monoadesivi\\\/film-in-pp\\\/tesa-pack-4024\\\/\",\"name\":\"tesa pack\u00ae 4024 | Nastri Cardinali\",\"isPartOf\":{\"@id\":\"https:\\\/\\\/cardinal-tapes.com\\\/#website\"},\"primaryImageOfPage\":{\"@id\":\"https:\\\/\\\/cardinal-tapes.com\\\/it\\\/nastri-adesivi\\\/nastri-monoadesivi\\\/film-in-pp\\\/tesa-pack-4024\\\/#primaryimage\"},\"image\":{\"@id\":\"https:\\\/\\\/cardinal-tapes.com\\\/it\\\/nastri-adesivi\\\/nastri-monoadesivi\\\/film-in-pp\\\/tesa-pack-4024\\\/#primaryimage\"},\"thumbnailUrl\":\"https:\\\/\\\/cardinal-tapes.com\\\/wp-content\\\/uploads\\\/tesa-04024mu84-15-pa-002-fullsize171322_canvas1x1_5.jpg\",\"datePublished\":\"2020-08-05T12:44:30+00:00\",\"dateModified\":\"2025-07-02T11:06:34+00:00\",\"description\":\"tesa pack\u00ae 4024 \u00e8 un nastro da imballaggio basato su un film di PP e su uno speciale adesivo in dispersione acrilica (HiTack) con un tack iniziale particolarmente elevato. In questo modo si ottiene una chiusura immediata e sicura del cartone dopo l'incollaggio.\",\"breadcrumb\":{\"@id\":\"https:\\\/\\\/cardinal-tapes.com\\\/it\\\/nastri-adesivi\\\/nastri-monoadesivi\\\/film-in-pp\\\/tesa-pack-4024\\\/#breadcrumb\"},\"inLanguage\":\"it-IT\",\"potentialAction\":[{\"@type\":\"ReadAction\",\"target\":[\"https:\\\/\\\/cardinal-tapes.com\\\/it\\\/nastri-adesivi\\\/nastri-monoadesivi\\\/film-in-pp\\\/tesa-pack-4024\\\/\"]}]},{\"@type\":\"ImageObject\",\"inLanguage\":\"it-IT\",\"@id\":\"https:\\\/\\\/cardinal-tapes.com\\\/it\\\/nastri-adesivi\\\/nastri-monoadesivi\\\/film-in-pp\\\/tesa-pack-4024\\\/#primaryimage\",\"url\":\"https:\\\/\\\/cardinal-tapes.com\\\/wp-content\\\/uploads\\\/tesa-04024mu84-15-pa-002-fullsize171322_canvas1x1_5.jpg\",\"contentUrl\":\"https:\\\/\\\/cardinal-tapes.com\\\/wp-content\\\/uploads\\\/tesa-04024mu84-15-pa-002-fullsize171322_canvas1x1_5.jpg\",\"width\":501,\"height\":354},{\"@type\":\"BreadcrumbList\",\"@id\":\"https:\\\/\\\/cardinal-tapes.com\\\/it\\\/nastri-adesivi\\\/nastri-monoadesivi\\\/film-in-pp\\\/tesa-pack-4024\\\/#breadcrumb\",\"itemListElement\":[{\"@type\":\"ListItem\",\"position\":1,\"name\":\"Startseite\",\"item\":\"https:\\\/\\\/cardinal-tapes.com\\\/it\\\/casa\\\/\"},{\"@type\":\"ListItem\",\"position\":2,\"name\":\"Nastri adesivi\",\"item\":\"https:\\\/\\\/cardinal-tapes.com\\\/it\\\/nastri-adesivi-it\\\/\"},{\"@type\":\"ListItem\",\"position\":3,\"name\":\"Single sided adhesive tapes\",\"item\":\"https:\\\/\\\/cardinal-tapes.com\\\/en\\\/category\\\/single-sided-adhesive-tapes\\\/\"},{\"@type\":\"ListItem\",\"position\":4,\"name\":\"nastro da imballaggio tesapack\u00ae 4024 PV4\"}]},{\"@type\":\"WebSite\",\"@id\":\"https:\\\/\\\/cardinal-tapes.com\\\/#website\",\"url\":\"https:\\\/\\\/cardinal-tapes.com\\\/\",\"name\":\"cardinal TAPES\",\"description\":\"Klebetechnik aus Wuppertal\",\"potentialAction\":[{\"@type\":\"SearchAction\",\"target\":{\"@type\":\"EntryPoint\",\"urlTemplate\":\"https:\\\/\\\/cardinal-tapes.com\\\/?s={search_term_string}\"},\"query-input\":{\"@type\":\"PropertyValueSpecification\",\"valueRequired\":true,\"valueName\":\"search_term_string\"}}],\"inLanguage\":\"it-IT\"}]}<\/script>\n<!-- \/ Yoast SEO plugin. -->","yoast_head_json":{"title":"tesa pack\u00ae 4024 | Nastri Cardinali","description":"tesa pack\u00ae 4024 \u00e8 un nastro da imballaggio basato su un film di PP e su uno speciale adesivo in dispersione acrilica (HiTack) con un tack iniziale particolarmente elevato. In questo modo si ottiene una chiusura immediata e sicura del cartone dopo l'incollaggio.","robots":{"index":"index","follow":"follow","max-snippet":"max-snippet:-1","max-image-preview":"max-image-preview:large","max-video-preview":"max-video-preview:-1"},"canonical":"https:\/\/cardinal-tapes.com\/it\/nastri-adesivi\/nastri-monoadesivi\/film-in-pp\/tesa-pack-4024\/","og_locale":"it_IT","og_type":"article","og_title":"tesa pack\u00ae 4024 | Nastri Cardinali","og_description":"tesa pack\u00ae 4024 \u00e8 un nastro da imballaggio basato su un film di PP e su uno speciale adesivo in dispersione acrilica (HiTack) con un tack iniziale particolarmente elevato. In questo modo si ottiene una chiusura immediata e sicura del cartone dopo l'incollaggio.","og_url":"https:\/\/cardinal-tapes.com\/it\/nastri-adesivi\/nastri-monoadesivi\/film-in-pp\/tesa-pack-4024\/","og_site_name":"cardinal TAPES","article_modified_time":"2025-07-02T11:06:34+00:00","og_image":[{"width":501,"height":354,"url":"https:\/\/cardinal-tapes.com\/wp-content\/uploads\/tesa-04024mu84-15-pa-002-fullsize171322_canvas1x1_5.jpg","type":"image\/jpeg"}],"twitter_card":"summary_large_image","schema":{"@context":"https:\/\/schema.org","@graph":[{"@type":"WebPage","@id":"https:\/\/cardinal-tapes.com\/it\/nastri-adesivi\/nastri-monoadesivi\/film-in-pp\/tesa-pack-4024\/","url":"https:\/\/cardinal-tapes.com\/it\/nastri-adesivi\/nastri-monoadesivi\/film-in-pp\/tesa-pack-4024\/","name":"tesa pack\u00ae 4024 | Nastri Cardinali","isPartOf":{"@id":"https:\/\/cardinal-tapes.com\/#website"},"primaryImageOfPage":{"@id":"https:\/\/cardinal-tapes.com\/it\/nastri-adesivi\/nastri-monoadesivi\/film-in-pp\/tesa-pack-4024\/#primaryimage"},"image":{"@id":"https:\/\/cardinal-tapes.com\/it\/nastri-adesivi\/nastri-monoadesivi\/film-in-pp\/tesa-pack-4024\/#primaryimage"},"thumbnailUrl":"https:\/\/cardinal-tapes.com\/wp-content\/uploads\/tesa-04024mu84-15-pa-002-fullsize171322_canvas1x1_5.jpg","datePublished":"2020-08-05T12:44:30+00:00","dateModified":"2025-07-02T11:06:34+00:00","description":"tesa pack\u00ae 4024 \u00e8 un nastro da imballaggio basato su un film di PP e su uno speciale adesivo in dispersione acrilica (HiTack) con un tack iniziale particolarmente elevato. In questo modo si ottiene una chiusura immediata e sicura del cartone dopo l'incollaggio.","breadcrumb":{"@id":"https:\/\/cardinal-tapes.com\/it\/nastri-adesivi\/nastri-monoadesivi\/film-in-pp\/tesa-pack-4024\/#breadcrumb"},"inLanguage":"it-IT","potentialAction":[{"@type":"ReadAction","target":["https:\/\/cardinal-tapes.com\/it\/nastri-adesivi\/nastri-monoadesivi\/film-in-pp\/tesa-pack-4024\/"]}]},{"@type":"ImageObject","inLanguage":"it-IT","@id":"https:\/\/cardinal-tapes.com\/it\/nastri-adesivi\/nastri-monoadesivi\/film-in-pp\/tesa-pack-4024\/#primaryimage","url":"https:\/\/cardinal-tapes.com\/wp-content\/uploads\/tesa-04024mu84-15-pa-002-fullsize171322_canvas1x1_5.jpg","contentUrl":"https:\/\/cardinal-tapes.com\/wp-content\/uploads\/tesa-04024mu84-15-pa-002-fullsize171322_canvas1x1_5.jpg","width":501,"height":354},{"@type":"BreadcrumbList","@id":"https:\/\/cardinal-tapes.com\/it\/nastri-adesivi\/nastri-monoadesivi\/film-in-pp\/tesa-pack-4024\/#breadcrumb","itemListElement":[{"@type":"ListItem","position":1,"name":"Startseite","item":"https:\/\/cardinal-tapes.com\/it\/casa\/"},{"@type":"ListItem","position":2,"name":"Nastri adesivi","item":"https:\/\/cardinal-tapes.com\/it\/nastri-adesivi-it\/"},{"@type":"ListItem","position":3,"name":"Single sided adhesive tapes","item":"https:\/\/cardinal-tapes.com\/en\/category\/single-sided-adhesive-tapes\/"},{"@type":"ListItem","position":4,"name":"nastro da imballaggio tesapack\u00ae 4024 PV4"}]},{"@type":"WebSite","@id":"https:\/\/cardinal-tapes.com\/#website","url":"https:\/\/cardinal-tapes.com\/","name":"cardinal TAPES","description":"Klebetechnik aus Wuppertal","potentialAction":[{"@type":"SearchAction","target":{"@type":"EntryPoint","urlTemplate":"https:\/\/cardinal-tapes.com\/?s={search_term_string}"},"query-input":{"@type":"PropertyValueSpecification","valueRequired":true,"valueName":"search_term_string"}}],"inLanguage":"it-IT"}]}},"brands":[{"id":2162,"name":"tesa","slug":"tesa-it"}],"_links":{"self":[{"href":"https:\/\/cardinal-tapes.com\/it\/wp-json\/wp\/v2\/product\/37512","targetHints":{"allow":["GET"]}}],"collection":[{"href":"https:\/\/cardinal-tapes.com\/it\/wp-json\/wp\/v2\/product"}],"about":[{"href":"https:\/\/cardinal-tapes.com\/it\/wp-json\/wp\/v2\/types\/product"}],"wp:featuredmedia":[{"embeddable":true,"href":"https:\/\/cardinal-tapes.com\/it\/wp-json\/wp\/v2\/media\/28305"}],"wp:attachment":[{"href":"https:\/\/cardinal-tapes.com\/it\/wp-json\/wp\/v2\/media?parent=37512"}],"wp:term":[{"taxonomy":"pwb-brand","embeddable":true,"href":"https:\/\/cardinal-tapes.com\/it\/wp-json\/wp\/v2\/pwb-brand?post=37512"},{"taxonomy":"product_brand","embeddable":true,"href":"https:\/\/cardinal-tapes.com\/it\/wp-json\/wp\/v2\/product_brand?post=37512"},{"taxonomy":"product_cat","embeddable":true,"href":"https:\/\/cardinal-tapes.com\/it\/wp-json\/wp\/v2\/product_cat?post=37512"},{"taxonomy":"product_tag","embeddable":true,"href":"https:\/\/cardinal-tapes.com\/it\/wp-json\/wp\/v2\/product_tag?post=37512"}],"curies":[{"name":"wp","href":"https:\/\/api.w.org\/{rel}","templated":true}]}}