{"id":32123,"date":"2017-12-06T14:06:52","date_gmt":"2017-12-06T13:06:52","guid":{"rendered":"https:\/\/cardinal.pixel-tal.de\/nastri-adesivi\/aree-di-applicazione\/industria-delle-costruzioni\/"},"modified":"2023-06-16T15:47:56","modified_gmt":"2023-06-16T13:47:56","slug":"industria-delle-costruzioni","status":"publish","type":"page","link":"https:\/\/cardinal-tapes.com\/it\/nastri-adesivi-it\/aree-di-applicazione\/industria-delle-costruzioni\/","title":{"rendered":"Industria delle costruzioni"},"content":{"rendered":"\t\t\t<div class=\"headerimage-section has-image  \">\n\t\t\t\t\t\t\t\t\t\t\t\t<div class=\"headerimage__bg overlay\" style=\"background-image: url('https:\/\/cardinal-tapes.com\/wp-content\/uploads\/cardinal_kopfbild_bauindustrie-1-scaled.jpg'); background-repeat: no-repeat; background-position: center; background-size: cover;\"><\/div>\n\t\t\t\t\t\t\t\t\t\t\t\t<div class=\"container\">\n\t\t\t\t\t<div class=\"headerimage__inner\">\n\t\t\t\t\t\t<h1 class=\"headerimage__headline\">Nastri adesivi e sistemi adesivi<\/h1>\t\t\t\t\t\t<span class=\"headerimage__subheadline\">Tenuta extra forte<\/span>\t\t\t\t\t\t\t\t\t\t\t<\/div>\n\t\t\t\t\t\t\t\t\t<\/div>\n\t\t\t<\/div>\n\t\t\t\n<\/div><\/div><\/div><!-- close content main div --><\/div><\/div><div id='av_section_1'  class='avia-section av-3encq-85a1dc058574b2ec4b1d0aaeba69cbfe alternate_color avia-section-default avia-no-border-styling  avia-builder-el-1  el_after_pixel_headimage  el_before_av_section  avia-bg-style-scroll container_wrap fullsize'  ><div class='container av-section-cont-open' ><div class='template-page content  av-content-full alpha units'><div class='post-entry post-entry-type-page post-entry-32123'><div class='entry-content-wrapper clearfix'>\n<div  class='flex_column av-2m4ci-78c085f43ba2add058667479256d6503 av_two_third  avia-builder-el-2  avia-builder-el-no-sibling  max-width-col two-third first flex_column_div av-animated-generic left-to-right  '     ><p><div class=\"pxl-headline pxl-hl hl-wrap | hl-sub--bot hl--align-left hl--std-margin    \">\n        <div class=\"hl-inner\">\n            <h2 class=\"hl-main hl-line |  hl_main--default  \">Nastri adesivi per l\u2019industria delle costruzioni<\/h2>\n            <span class=\"hl-sub hl-line |  hl_sub--default  \">Requisiti esigenti, soluzioni personalizzate <\/span>\n    <\/div>\n<\/div>\n<br \/>\n<section  class='av_textblock_section av-lhouh78d-fc98e0f8c629b796b9ee431ab696f123 '   itemscope=\"itemscope\" itemtype=\"https:\/\/schema.org\/CreativeWork\" ><div class='avia_textblock'  itemprop=\"text\" ><p>Costruzioni a secco, riscaldamento e impianti sanitari, nonch\u00e9 lavori di verniciatura: le esigenze di questi diversi settori sono tanto diverse quanto lo sono i mestieri dell&#8217;edilizia. In qualit\u00e0 di specialisti dei nastri adesivi per l&#8217;edilizia, conosciamo le diverse aree di applicazione e disponiamo di un&#8217;ampia scelta di soluzioni adatte a tutte le esigenze pi\u00f9 comuni. Inoltre, siamo lieti di assemblare i nostri prodotti per potervi offrire un nastro ottimale per le vostre esigenze individuali.<\/p>\n<h4>Nastri adesivi per l&#8217;edilizia: la scelta della soluzione ideale<\/h4>\n<p>In un settore cos\u00ec ampio come quello delle costruzioni, \u00e8 ovvio che vengano utilizzati diversi nastri. Ci sono alcune domande a cui rispondere per trovare la soluzione giusta. Qual \u00e8 lo scopo dei nastri? I nastri devono soddisfare particolari requisiti meccanici? Quali sono le propriet\u00e0 da avere per l&#8217;elaborazione? In qualit\u00e0 di esperti di nastri adesivi per l&#8217;edilizia, utilizziamo queste e altre domande per scegliere insieme a voi la soluzione giusta.<\/p>\n<\/div><\/section><\/p><\/div>\n\n<\/div><\/div><\/div><!-- close content main div --><\/div><\/div><div id='av_section_2'  class='avia-section av-12iu5m-82cce8f760aad66c26a7ccdd3dc8f929 main_color avia-section-default avia-no-border-styling  avia-builder-el-5  el_after_av_section  el_before_av_section  avia-bg-style-scroll container_wrap fullsize'  ><div class='container av-section-cont-open' ><div class='template-page content  av-content-full alpha units'><div class='post-entry post-entry-type-page post-entry-32123'><div class='entry-content-wrapper clearfix'>\n<div class='flex_column_table av-yz78y-15ec317c9c260ea8e48a6de47965bfe8 sc-av_one_third av-equal-height-column-flextable'><div  class='flex_column av-yz78y-15ec317c9c260ea8e48a6de47965bfe8 av_one_third  avia-builder-el-6  el_before_av_two_third  avia-builder-el-first  first flex_column_table_cell av-equal-height-column av-align-middle av-animated-generic left-to-right  '     ><style type=\"text\/css\" data-created_by=\"avia_inline_auto\" id=\"style-css-av-lhoujeun-c03a71fb0040090b114c416be6e8ebea\">\n.avia-image-container.av-lhoujeun-c03a71fb0040090b114c416be6e8ebea img.avia_image{\nbox-shadow:none;\n}\n.avia-image-container.av-lhoujeun-c03a71fb0040090b114c416be6e8ebea .av-image-caption-overlay-center{\ncolor:#ffffff;\n}\n<\/style>\n<div  class='avia-image-container av-lhoujeun-c03a71fb0040090b114c416be6e8ebea av-styling-gradient-box-left avia-align-center  avia-builder-el-7  avia-builder-el-no-sibling '   itemprop=\"image\" itemscope=\"itemscope\" itemtype=\"https:\/\/schema.org\/ImageObject\" ><div class=\"avia-image-container-inner\"><div class=\"avia-image-overlay-wrap\"><img decoding=\"async\" fetchpriority=\"high\" class='wp-image-29789 avia-img-lazy-loading-not-29789 avia_image ' src=\"https:\/\/cardinal-tapes.com\/wp-content\/uploads\/cardinal-content-bauindustrie.jpg\" alt='' title='cardinal-content-bauindustrie'  height=\"440\" width=\"440\"  itemprop=\"thumbnailUrl\" srcset=\"https:\/\/cardinal-tapes.com\/wp-content\/uploads\/cardinal-content-bauindustrie.jpg 440w, https:\/\/cardinal-tapes.com\/wp-content\/uploads\/cardinal-content-bauindustrie-200x200.jpg 200w, https:\/\/cardinal-tapes.com\/wp-content\/uploads\/cardinal-content-bauindustrie-80x80.jpg 80w, https:\/\/cardinal-tapes.com\/wp-content\/uploads\/cardinal-content-bauindustrie-36x36.jpg 36w, https:\/\/cardinal-tapes.com\/wp-content\/uploads\/cardinal-content-bauindustrie-180x180.jpg 180w, https:\/\/cardinal-tapes.com\/wp-content\/uploads\/cardinal-content-bauindustrie-120x120.jpg 120w, https:\/\/cardinal-tapes.com\/wp-content\/uploads\/cardinal-content-bauindustrie-100x100.jpg 100w\" sizes=\"(max-width: 440px) 100vw, 440px\" \/><\/div><\/div><\/div><\/div><div class='av-flex-placeholder'><\/div><div  class='flex_column av-spyga-0aa7a5740fb13c8a2e96916b91295ebe av_two_third  avia-builder-el-8  el_after_av_one_third  avia-builder-el-last  flex_column_table_cell av-equal-height-column av-align-middle av-animated-generic right-to-left  '     ><p><div class=\"pxl-headline pxl-hl hl-wrap | hl-sub--bot hl--align-left hl--std-margin    \">\n        <div class=\"hl-inner\">\n            <h2 class=\"hl-main hl-line |  hl_main--default  \">Nastri adesivi in edilizia: alcuni esempi<\/h2>\n            <span class=\"hl-sub hl-line |  hl_sub--default  \">Applicazione versatile<\/span>\n    <\/div>\n<\/div>\n<br \/>\n<section  class='av_textblock_section av-lhoul42r-25228697eba52d3756b3a104b6e17eb3 '   itemscope=\"itemscope\" itemtype=\"https:\/\/schema.org\/CreativeWork\" ><div class='avia_textblock'  itemprop=\"text\" ><p>Per darvi una breve impressione dei diversi nastri adesivi per l&#8217;edilizia, vi presentiamo alcuni nastri. I nastri rivestiti in PE sono adatti per l&#8217;isolamento dei tubi. Questi nastri sono particolarmente importanti per l&#8217;industria delle costruzioni perch\u00e9 il loro rivestimento in polietilene, una termoplastica resistente, li rende preziosi per diverse applicazioni. La sicurezza prima di tutto: Ecco perch\u00e9 i nastri di marcatura sono spesso utilizzati anche nel settore edile. Indicano le aree di pericolo o i punti in cui \u00e8 necessario installare determinati elementi. I nastri rinforzati con vetro, che possono essere utilizzati per fissare materiali pesanti grazie alla loro enorme resistenza alla trazione, sono consigliati anche come nastri adesivi per l&#8217;industria edile. Esistono anche altri nastri per molte applicazioni nel campo della pittura o dell&#8217;incisione.<\/p>\n<\/div><\/section><\/p><\/div><\/div><!--close column table wrapper. Autoclose: 1 -->\n\n<\/div><\/div><\/div><!-- close content main div --><\/div><\/div><div id='av_section_3'  class='avia-section av-kpah6-5e01deac2d2cef3509354d73e6dec3ee main_color avia-section-default avia-no-border-styling  avia-builder-el-11  el_after_av_section  avia-builder-el-last  gradient-section avia-bg-style-scroll container_wrap fullsize'  ><div class='container av-section-cont-open' ><div class='template-page content  av-content-full alpha units'><div class='post-entry post-entry-type-page post-entry-32123'><div class='entry-content-wrapper clearfix'>\n<div  class='flex_column av-ederu-2368dda63127d6f4d75dc2750b1be776 av_one_full  avia-builder-el-12  avia-builder-el-no-sibling  first flex_column_div av-animated-generic left-to-right  '     ><p><div class=\"pxl-headline pxl-hl hl-wrap | hl-sub--bot hl--align-left hl--no-margin    \">\n        <div class=\"hl-inner\">\n            <h2 class=\"hl-main hl-line |  hl_main--default  \">Caratteristiche del prodotto<\/h2>\n            <span class=\"hl-sub hl-line |  hl_sub--default  \">Innovativo e di alta qualit\u00e0<\/span>\n    <\/div>\n<\/div>\n<br \/>\n<div   data-autoplay=''  data-interval='5'  data-animation='fade'  data-hoverpause='1'  class='template-shop avia-content-slider avia-content-slider-active avia-product-slider1 avia-content-slider-even  avia-builder-el-14  el_after_pixel_sc_headline  el_before_av_button   shop_columns_4' ><div class='avia-content-slider-inner'><ul class=\"products slide-entry-wrap\"><li class=\"product type-product post-41897 status-publish first instock product_cat-industria-edile product_cat-nastro-adesivo-per-tessuti product_cat-nastri-rivestiti-in-plastica product_cat-nastri-monoadesivi has-post-thumbnail taxable shipping-taxable purchasable product-type-variable\">\n\t<div class='inner_product main_color wrapped_style noLightbox  av-product-class-no_button'><a href=\"https:\/\/cardinal-tapes.com\/it\/nastri-adesivi\/aree-di-applicazione\/industria-edile\/at132-dotto-nastro\/\" class=\"woocommerce-LoopProduct-link woocommerce-loop-product__link\"><div class=\"thumbnail_container\"><img decoding=\"async\" loading=\"lazy\" width=\"450\" height=\"450\" src=\"https:\/\/cardinal-tapes.com\/wp-content\/uploads\/Advance-Tapes_AT132_Group-450x450.jpg\" class=\"wp-image-28661 avia-img-lazy-loading-28661 attachment-shop_catalog size-shop_catalog wp-post-image\" alt=\"AT132 Nastro adesivo - unilaterale, Tessuto, Gomma naturale - Illustrazione 28661\" srcset=\"https:\/\/cardinal-tapes.com\/wp-content\/uploads\/Advance-Tapes_AT132_Group-450x450.jpg 450w, https:\/\/cardinal-tapes.com\/wp-content\/uploads\/Advance-Tapes_AT132_Group-120x120.jpg 120w, https:\/\/cardinal-tapes.com\/wp-content\/uploads\/Advance-Tapes_AT132_Group-80x80.jpg 80w, https:\/\/cardinal-tapes.com\/wp-content\/uploads\/Advance-Tapes_AT132_Group-200x200.jpg 200w, https:\/\/cardinal-tapes.com\/wp-content\/uploads\/Advance-Tapes_AT132_Group-36x36.jpg 36w, https:\/\/cardinal-tapes.com\/wp-content\/uploads\/Advance-Tapes_AT132_Group-180x180.jpg 180w, https:\/\/cardinal-tapes.com\/wp-content\/uploads\/Advance-Tapes_AT132_Group-100x100.jpg 100w, https:\/\/cardinal-tapes.com\/wp-content\/uploads\/Advance-Tapes_AT132_Group.jpg 600w\" sizes=\"auto, (max-width: 450px) 100vw, 450px\" \/><\/div><div class='inner_product_header'><div class='avia-arrow'><\/div><div class='inner_product_header_table'><div class='inner_product_header_cell'><span class=\"is-h2 woocommerce-loop-product__title\">AT132 Nastro adesivo<\/span>\t\t<div class=\"product-infos\">\n\t\t\t\t\t\t\t<span class='product-infos__item'><b>Rivestimento:<\/b> unilaterale<\/span>\n\t\t\t\t\t\t\t\t\t\t<span class='product-infos__item'><b>Tipo di materiale:<\/b> Tessuto<\/span>\n\t\t\t\t\t\t\t\t\t\t<span class='product-infos__item'><b>Produttore:<\/b> Advance Tapes<\/span>\n\t\t\t\t\t\t\t\t\t\t<span class='product-infos__item'><b>Prezzo su richiesta<\/b><\/span>\n\t\t\t\t\t<\/div>\n\t<\/div><\/div><\/div><\/a><\/div><\/li>\n<li class=\"product type-product post-55772 status-publish instock product_cat-industria-edile product_cat-industria-del-calcestruzzo product_cat-nastro-adesivo-per-tessuti product_cat-industria-tessile product_cat-nastri-monoadesivi product_cat-nastro-gaffer has-post-thumbnail taxable shipping-taxable purchasable product-type-variable\">\n\t<div class='inner_product main_color wrapped_style noLightbox  av-product-class-no_button'><a href=\"https:\/\/cardinal-tapes.com\/it\/nastri-adesivi\/nastri-monoadesivi\/nastro-gaffer\/ca-34-pe-rivestito-tessuto-nastro-adesivo\/\" class=\"woocommerce-LoopProduct-link woocommerce-loop-product__link\"><div class=\"thumbnail_container\"><img decoding=\"async\" loading=\"lazy\" width=\"450\" height=\"450\" src=\"https:\/\/cardinal-tapes.com\/wp-content\/uploads\/CA_34_02_retouched-450x450.jpg\" class=\"wp-image-26857 avia-img-lazy-loading-26857 attachment-shop_catalog size-shop_catalog wp-post-image\" alt=\"CA-34 Nastro adesivo in tessuto rivestito in PE - unilaterale, Tessuto, Gomma naturale - Illustrazione 26857\" srcset=\"https:\/\/cardinal-tapes.com\/wp-content\/uploads\/CA_34_02_retouched-450x450.jpg 450w, https:\/\/cardinal-tapes.com\/wp-content\/uploads\/CA_34_02_retouched-120x120.jpg 120w, https:\/\/cardinal-tapes.com\/wp-content\/uploads\/CA_34_02_retouched-80x80.jpg 80w, https:\/\/cardinal-tapes.com\/wp-content\/uploads\/CA_34_02_retouched-36x36.jpg 36w, https:\/\/cardinal-tapes.com\/wp-content\/uploads\/CA_34_02_retouched-180x180.jpg 180w, https:\/\/cardinal-tapes.com\/wp-content\/uploads\/CA_34_02_retouched-100x100.jpg 100w\" sizes=\"auto, (max-width: 450px) 100vw, 450px\" \/><\/div><div class='inner_product_header'><div class='avia-arrow'><\/div><div class='inner_product_header_table'><div class='inner_product_header_cell'><span class=\"is-h2 woocommerce-loop-product__title\">CA-34 Nastro adesivo in tessuto rivestito in PE<\/span>\t\t<div class=\"product-infos\">\n\t\t\t\t\t\t\t<span class='product-infos__item'><b>Rivestimento:<\/b> unilaterale<\/span>\n\t\t\t\t\t\t\t\t\t\t<span class='product-infos__item'><b>Tipo di materiale:<\/b> Tessuto<\/span>\n\t\t\t\t\t\t\t\t\t\t<span class='product-infos__item'><b>Produttore:<\/b> cardinal GmbH<\/span>\n\t\t\t\t\t\t\t\t\t\t<span class='product-infos__item'><b>Prezzo su richiesta<\/b><\/span>\n\t\t\t\t\t<\/div>\n\t<\/div><\/div><\/div><\/a><\/div><\/li>\n<li class=\"product type-product post-56078 status-publish instock product_cat-industria-elettrica product_cat-nastri-rivestiti-in-plastica product_cat-nastri-monoadesivi product_cat-industria-edile has-post-thumbnail taxable shipping-taxable purchasable product-type-variable\">\n\t<div class='inner_product main_color wrapped_style noLightbox  av-product-class-no_button'><a href=\"https:\/\/cardinal-tapes.com\/it\/nastri-adesivi\/aree-di-applicazione\/industria-edile\/ca-337-pe-rivestito-tessuto-nastro-adesivo\/\" class=\"woocommerce-LoopProduct-link woocommerce-loop-product__link\"><div class=\"thumbnail_container\"><img decoding=\"async\" loading=\"lazy\" width=\"450\" height=\"450\" src=\"https:\/\/cardinal-tapes.com\/wp-content\/uploads\/CA_337_1-450x450.jpg\" class=\"wp-image-26893 avia-img-lazy-loading-26893 attachment-shop_catalog size-shop_catalog wp-post-image\" alt=\"CA-337 Nastro adesivo in tessuto rivestito in PE - unilaterale, Tessuto, Gomma naturale - Illustrazione 26893\" srcset=\"https:\/\/cardinal-tapes.com\/wp-content\/uploads\/CA_337_1-450x450.jpg 450w, https:\/\/cardinal-tapes.com\/wp-content\/uploads\/CA_337_1-120x120.jpg 120w, https:\/\/cardinal-tapes.com\/wp-content\/uploads\/CA_337_1-80x80.jpg 80w, https:\/\/cardinal-tapes.com\/wp-content\/uploads\/CA_337_1-36x36.jpg 36w, https:\/\/cardinal-tapes.com\/wp-content\/uploads\/CA_337_1-180x180.jpg 180w, https:\/\/cardinal-tapes.com\/wp-content\/uploads\/CA_337_1-100x100.jpg 100w\" sizes=\"auto, (max-width: 450px) 100vw, 450px\" \/><\/div><div class='inner_product_header'><div class='avia-arrow'><\/div><div class='inner_product_header_table'><div class='inner_product_header_cell'><span class=\"is-h2 woocommerce-loop-product__title\">CA-337 Nastro adesivo in tessuto rivestito in PE<\/span>\t\t<div class=\"product-infos\">\n\t\t\t\t\t\t\t<span class='product-infos__item'><b>Rivestimento:<\/b> unilaterale<\/span>\n\t\t\t\t\t\t\t\t\t\t<span class='product-infos__item'><b>Tipo di materiale:<\/b> Tessuto<\/span>\n\t\t\t\t\t\t\t\t\t\t<span class='product-infos__item'><b>Produttore:<\/b> cardinal GmbH<\/span>\n\t\t\t\t\t\t\t\t\t\t<span class='product-infos__item'><b>Prezzo su richiesta<\/b><\/span>\n\t\t\t\t\t<\/div>\n\t<\/div><\/div><\/div><\/a><\/div><\/li>\n<li class=\"product type-product post-46711 status-publish last instock product_cat-industria-edile product_cat-nastri-monoadesivi has-post-thumbnail taxable shipping-taxable purchasable product-type-variable\">\n\t<div class='inner_product main_color wrapped_style noLightbox  av-product-class-no_button'><a href=\"https:\/\/cardinal-tapes.com\/it\/nastri-adesivi\/aree-di-applicazione\/industria-edile\/nastro-adesivo-ca-787-pe\/\" class=\"woocommerce-LoopProduct-link woocommerce-loop-product__link\"><div class=\"thumbnail_container\"><img decoding=\"async\" loading=\"lazy\" width=\"450\" height=\"450\" src=\"https:\/\/cardinal-tapes.com\/wp-content\/uploads\/CA_787-2-450x450.jpg\" class=\"wp-image-26925 avia-img-lazy-loading-26925 attachment-shop_catalog size-shop_catalog wp-post-image\" alt=\"CA-787 Nastro adesivo PE - unilaterale, Pellicola PE, Dispersione di acrilato - Illustrazione 26925\" srcset=\"https:\/\/cardinal-tapes.com\/wp-content\/uploads\/CA_787-2-450x450.jpg 450w, https:\/\/cardinal-tapes.com\/wp-content\/uploads\/CA_787-2-120x120.jpg 120w, https:\/\/cardinal-tapes.com\/wp-content\/uploads\/CA_787-2-80x80.jpg 80w, https:\/\/cardinal-tapes.com\/wp-content\/uploads\/CA_787-2-36x36.jpg 36w, https:\/\/cardinal-tapes.com\/wp-content\/uploads\/CA_787-2-180x180.jpg 180w, https:\/\/cardinal-tapes.com\/wp-content\/uploads\/CA_787-2-100x100.jpg 100w\" sizes=\"auto, (max-width: 450px) 100vw, 450px\" \/><\/div><div class='inner_product_header'><div class='avia-arrow'><\/div><div class='inner_product_header_table'><div class='inner_product_header_cell'><span class=\"is-h2 woocommerce-loop-product__title\">CA-787 Nastro adesivo PE<\/span>\t\t<div class=\"product-infos\">\n\t\t\t\t\t\t\t<span class='product-infos__item'><b>Rivestimento:<\/b> unilaterale<\/span>\n\t\t\t\t\t\t\t\t\t\t<span class='product-infos__item'><b>Tipo di materiale:<\/b> Pellicola PE<\/span>\n\t\t\t\t\t\t\t\t\t\t<span class='product-infos__item'><b>Produttore:<\/b> cardinal GmbH<\/span>\n\t\t\t\t\t\t\t\t\t\t<span class='product-infos__item'><b>Prezzo su richiesta<\/b><\/span>\n\t\t\t\t\t<\/div>\n\t<\/div><\/div><\/div><\/a><\/div><\/li>\n<\/ul><\/div><\/div><div class=\"clear\"><\/div><br \/>\n<div  class='avia-button-wrap av-9ynhu-5079c303d79c38ca3c9648f0ad5341b8-wrap avia-button-left '><a href='https:\/\/cardinal-tapes.com\/it\/nastri-adesivi-it\/'  class='avia-button av-9ynhu-5079c303d79c38ca3c9648f0ad5341b8 avia-icon_select-no avia-size-medium avia-position-left avia-color-theme-color layout-border color-white'  ><span class='avia_iconbox_title' >Tutti i prodotti<\/span><\/a><\/div><\/p><\/div>\n","protected":false},"excerpt":{"rendered":"","protected":false},"author":1,"featured_media":0,"parent":30806,"menu_order":1,"comment_status":"closed","ping_status":"closed","template":"","meta":{"_acf_changed":false,"footnotes":""},"class_list":["post-32123","page","type-page","status-publish","hentry"],"acf":[],"yoast_head":"<!-- This site is optimized with the Yoast SEO plugin v27.3 - https:\/\/yoast.com\/product\/yoast-seo-wordpress\/ -->\n<title>Nastri adesivi per l&#039;edilizia | cardinal Tapes<\/title>\n<meta name=\"description\" content=\"Scoprite qui tutte le caratteristiche speciali dei nastri adesivi per l&#039;edilizia. Abbiamo i prodotti giusti per le vostre esigenze.\" \/>\n<meta name=\"robots\" content=\"index, follow, max-snippet:-1, max-image-preview:large, max-video-preview:-1\" \/>\n<link rel=\"canonical\" href=\"https:\/\/cardinal-tapes.com\/it\/nastri-adesivi-it\/aree-di-applicazione\/industria-delle-costruzioni\/\" \/>\n<meta property=\"og:locale\" content=\"it_IT\" \/>\n<meta property=\"og:type\" content=\"article\" \/>\n<meta property=\"og:title\" content=\"Nastri adesivi per l&#039;edilizia | cardinal Tapes\" \/>\n<meta property=\"og:description\" content=\"Scoprite qui tutte le caratteristiche speciali dei nastri adesivi per l&#039;edilizia. Abbiamo i prodotti giusti per le vostre esigenze.\" \/>\n<meta property=\"og:url\" content=\"https:\/\/cardinal-tapes.com\/it\/nastri-adesivi-it\/aree-di-applicazione\/industria-delle-costruzioni\/\" \/>\n<meta property=\"og:site_name\" content=\"cardinal TAPES\" \/>\n<meta property=\"article:modified_time\" content=\"2023-06-16T13:47:56+00:00\" \/>\n<meta name=\"twitter:card\" content=\"summary_large_image\" \/>\n<meta name=\"twitter:label1\" content=\"Tempo di lettura stimato\" \/>\n\t<meta name=\"twitter:data1\" content=\"8 minuti\" \/>\n<script type=\"application\/ld+json\" class=\"yoast-schema-graph\">{\"@context\":\"https:\\\/\\\/schema.org\",\"@graph\":[{\"@type\":\"WebPage\",\"@id\":\"https:\\\/\\\/cardinal-tapes.com\\\/it\\\/nastri-adesivi-it\\\/aree-di-applicazione\\\/industria-delle-costruzioni\\\/\",\"url\":\"https:\\\/\\\/cardinal-tapes.com\\\/it\\\/nastri-adesivi-it\\\/aree-di-applicazione\\\/industria-delle-costruzioni\\\/\",\"name\":\"Nastri adesivi per l'edilizia | cardinal Tapes\",\"isPartOf\":{\"@id\":\"https:\\\/\\\/cardinal-tapes.com\\\/#website\"},\"datePublished\":\"2017-12-06T13:06:52+00:00\",\"dateModified\":\"2023-06-16T13:47:56+00:00\",\"description\":\"Scoprite qui tutte le caratteristiche speciali dei nastri adesivi per l'edilizia. Abbiamo i prodotti giusti per le vostre esigenze.\",\"breadcrumb\":{\"@id\":\"https:\\\/\\\/cardinal-tapes.com\\\/it\\\/nastri-adesivi-it\\\/aree-di-applicazione\\\/industria-delle-costruzioni\\\/#breadcrumb\"},\"inLanguage\":\"it-IT\",\"potentialAction\":[{\"@type\":\"ReadAction\",\"target\":[\"https:\\\/\\\/cardinal-tapes.com\\\/it\\\/nastri-adesivi-it\\\/aree-di-applicazione\\\/industria-delle-costruzioni\\\/\"]}]},{\"@type\":\"BreadcrumbList\",\"@id\":\"https:\\\/\\\/cardinal-tapes.com\\\/it\\\/nastri-adesivi-it\\\/aree-di-applicazione\\\/industria-delle-costruzioni\\\/#breadcrumb\",\"itemListElement\":[{\"@type\":\"ListItem\",\"position\":1,\"name\":\"Startseite\",\"item\":\"https:\\\/\\\/cardinal-tapes.com\\\/it\\\/casa\\\/\"},{\"@type\":\"ListItem\",\"position\":2,\"name\":\"Nastri adesivi\",\"item\":\"https:\\\/\\\/cardinal-tapes.com\\\/it\\\/nastri-adesivi-it\\\/\"},{\"@type\":\"ListItem\",\"position\":3,\"name\":\"Aree di applicazione\",\"item\":\"https:\\\/\\\/cardinal-tapes.com\\\/it\\\/nastri-adesivi-it__trashed\\\/aree-di-applicazione\\\/\"},{\"@type\":\"ListItem\",\"position\":4,\"name\":\"Industria delle costruzioni\"}]},{\"@type\":\"WebSite\",\"@id\":\"https:\\\/\\\/cardinal-tapes.com\\\/#website\",\"url\":\"https:\\\/\\\/cardinal-tapes.com\\\/\",\"name\":\"cardinal TAPES\",\"description\":\"Klebetechnik aus Wuppertal\",\"potentialAction\":[{\"@type\":\"SearchAction\",\"target\":{\"@type\":\"EntryPoint\",\"urlTemplate\":\"https:\\\/\\\/cardinal-tapes.com\\\/?s={search_term_string}\"},\"query-input\":{\"@type\":\"PropertyValueSpecification\",\"valueRequired\":true,\"valueName\":\"search_term_string\"}}],\"inLanguage\":\"it-IT\"}]}<\/script>\n<!-- \/ Yoast SEO plugin. -->","yoast_head_json":{"title":"Nastri adesivi per l'edilizia | cardinal Tapes","description":"Scoprite qui tutte le caratteristiche speciali dei nastri adesivi per l'edilizia. Abbiamo i prodotti giusti per le vostre esigenze.","robots":{"index":"index","follow":"follow","max-snippet":"max-snippet:-1","max-image-preview":"max-image-preview:large","max-video-preview":"max-video-preview:-1"},"canonical":"https:\/\/cardinal-tapes.com\/it\/nastri-adesivi-it\/aree-di-applicazione\/industria-delle-costruzioni\/","og_locale":"it_IT","og_type":"article","og_title":"Nastri adesivi per l'edilizia | cardinal Tapes","og_description":"Scoprite qui tutte le caratteristiche speciali dei nastri adesivi per l'edilizia. Abbiamo i prodotti giusti per le vostre esigenze.","og_url":"https:\/\/cardinal-tapes.com\/it\/nastri-adesivi-it\/aree-di-applicazione\/industria-delle-costruzioni\/","og_site_name":"cardinal TAPES","article_modified_time":"2023-06-16T13:47:56+00:00","twitter_card":"summary_large_image","twitter_misc":{"Tempo di lettura stimato":"8 minuti"},"schema":{"@context":"https:\/\/schema.org","@graph":[{"@type":"WebPage","@id":"https:\/\/cardinal-tapes.com\/it\/nastri-adesivi-it\/aree-di-applicazione\/industria-delle-costruzioni\/","url":"https:\/\/cardinal-tapes.com\/it\/nastri-adesivi-it\/aree-di-applicazione\/industria-delle-costruzioni\/","name":"Nastri adesivi per l'edilizia | cardinal Tapes","isPartOf":{"@id":"https:\/\/cardinal-tapes.com\/#website"},"datePublished":"2017-12-06T13:06:52+00:00","dateModified":"2023-06-16T13:47:56+00:00","description":"Scoprite qui tutte le caratteristiche speciali dei nastri adesivi per l'edilizia. Abbiamo i prodotti giusti per le vostre esigenze.","breadcrumb":{"@id":"https:\/\/cardinal-tapes.com\/it\/nastri-adesivi-it\/aree-di-applicazione\/industria-delle-costruzioni\/#breadcrumb"},"inLanguage":"it-IT","potentialAction":[{"@type":"ReadAction","target":["https:\/\/cardinal-tapes.com\/it\/nastri-adesivi-it\/aree-di-applicazione\/industria-delle-costruzioni\/"]}]},{"@type":"BreadcrumbList","@id":"https:\/\/cardinal-tapes.com\/it\/nastri-adesivi-it\/aree-di-applicazione\/industria-delle-costruzioni\/#breadcrumb","itemListElement":[{"@type":"ListItem","position":1,"name":"Startseite","item":"https:\/\/cardinal-tapes.com\/it\/casa\/"},{"@type":"ListItem","position":2,"name":"Nastri adesivi","item":"https:\/\/cardinal-tapes.com\/it\/nastri-adesivi-it\/"},{"@type":"ListItem","position":3,"name":"Aree di applicazione","item":"https:\/\/cardinal-tapes.com\/it\/nastri-adesivi-it__trashed\/aree-di-applicazione\/"},{"@type":"ListItem","position":4,"name":"Industria delle costruzioni"}]},{"@type":"WebSite","@id":"https:\/\/cardinal-tapes.com\/#website","url":"https:\/\/cardinal-tapes.com\/","name":"cardinal TAPES","description":"Klebetechnik aus Wuppertal","potentialAction":[{"@type":"SearchAction","target":{"@type":"EntryPoint","urlTemplate":"https:\/\/cardinal-tapes.com\/?s={search_term_string}"},"query-input":{"@type":"PropertyValueSpecification","valueRequired":true,"valueName":"search_term_string"}}],"inLanguage":"it-IT"}]}},"_links":{"self":[{"href":"https:\/\/cardinal-tapes.com\/it\/wp-json\/wp\/v2\/pages\/32123","targetHints":{"allow":["GET"]}}],"collection":[{"href":"https:\/\/cardinal-tapes.com\/it\/wp-json\/wp\/v2\/pages"}],"about":[{"href":"https:\/\/cardinal-tapes.com\/it\/wp-json\/wp\/v2\/types\/page"}],"author":[{"embeddable":true,"href":"https:\/\/cardinal-tapes.com\/it\/wp-json\/wp\/v2\/users\/1"}],"replies":[{"embeddable":true,"href":"https:\/\/cardinal-tapes.com\/it\/wp-json\/wp\/v2\/comments?post=32123"}],"version-history":[{"count":0,"href":"https:\/\/cardinal-tapes.com\/it\/wp-json\/wp\/v2\/pages\/32123\/revisions"}],"up":[{"embeddable":true,"href":"https:\/\/cardinal-tapes.com\/it\/wp-json\/wp\/v2\/pages\/30806"}],"wp:attachment":[{"href":"https:\/\/cardinal-tapes.com\/it\/wp-json\/wp\/v2\/media?parent=32123"}],"curies":[{"name":"wp","href":"https:\/\/api.w.org\/{rel}","templated":true}]}}