{"id":32080,"date":"2017-12-07T13:57:21","date_gmt":"2017-12-07T12:57:21","guid":{"rendered":"https:\/\/cardinal.pixel-tal.de\/nastri-adesivi\/aree-di-applicazione\/industria-elettrica\/"},"modified":"2023-06-16T16:11:10","modified_gmt":"2023-06-16T14:11:10","slug":"industria-elettrica","status":"publish","type":"page","link":"https:\/\/cardinal-tapes.com\/it\/nastri-adesivi-it\/aree-di-applicazione\/industria-elettrica\/","title":{"rendered":"Industria elettrica"},"content":{"rendered":"\t\t\t<div class=\"headerimage-section has-image  \">\n\t\t\t\t\t\t\t\t\t\t\t\t<div class=\"headerimage__bg overlay\" style=\"background-image: url('https:\/\/cardinal-tapes.com\/wp-content\/uploads\/cardinal_kopfbild_elektroindustrie-scaled.jpg'); background-repeat: no-repeat; background-position: center; background-size: cover;\"><\/div>\n\t\t\t\t\t\t\t\t\t\t\t\t<div class=\"container\">\n\t\t\t\t\t<div class=\"headerimage__inner\">\n\t\t\t\t\t\t<h1 class=\"headerimage__headline\">Nastri adesivi e sistemi adesivi<\/h1>\t\t\t\t\t\t<span class=\"headerimage__subheadline\">Resistente al calore, isolante e altro ancora<\/span>\t\t\t\t\t\t\t\t\t\t\t<\/div>\n\t\t\t\t\t\t\t\t\t<\/div>\n\t\t\t<\/div>\n\t\t\t\n<\/div><\/div><\/div><!-- close content main div --><\/div><\/div><div id='av_section_1'  class='avia-section av-5k04d-2c20ee598b231959d3d81502994d6a5c alternate_color avia-section-default avia-no-border-styling  avia-builder-el-1  el_after_pixel_headimage  el_before_av_section  avia-bg-style-scroll container_wrap fullsize'  ><div class='container av-section-cont-open' ><div class='template-page content  av-content-full alpha units'><div class='post-entry post-entry-type-page post-entry-32080'><div class='entry-content-wrapper clearfix'>\n<div  class='flex_column av-1cswqd-86c7db489c62dcb09362726605d386b8 av_two_third  avia-builder-el-2  avia-builder-el-no-sibling  max-width-col two-third first flex_column_div av-animated-generic left-to-right  '     ><p><div class=\"pxl-headline pxl-hl hl-wrap | hl-sub--bot hl--align-left hl--std-margin    \">\n        <div class=\"hl-inner\">\n            <h2 class=\"hl-main hl-line |  hl_main--default  \">Nastri adesivi per l\u2019industria elettrica<\/h2>\n            <span class=\"hl-sub hl-line |  hl_sub--default  \">Requisiti esigenti, soluzioni personalizzate <\/span>\n    <\/div>\n<\/div>\n<br \/>\n<section  class='av_textblock_section av-lhov1cpu-a752fec4f7aa693bb6dc6bf8d9ac30d3 '   itemscope=\"itemscope\" itemtype=\"https:\/\/schema.org\/CreativeWork\" ><div class='avia_textblock'  itemprop=\"text\" ><p>Offriamo ai nostri clienti applicazioni semplici nell&#8217;industria elettrica. Essendo un distributore nel settore dei nastri, lavoriamo a stretto contatto con i produttori. Ci\u00f2 significa che anche in futuro saremo in grado di offrire diverse soluzioni per le aree di applicazione sempre pi\u00f9 complesse dei <a title=\"Nastri adesivi tecnici del Bergisches Land\" href=\"\/klebebaender\/\">nastri adesivi<\/a> e degli <a title=\"Cardinal TAPES \u00e8 il vostro partner commerciale professionale per gli adesivi liquidi\" href=\"\/?product_cat=kleb-und-dichtmassen\" target=\"_blank\" rel=\"nofollow\">adesivi liquidi<\/a>.<\/p>\n<p>La nostra vasta gamma vi permette di trovare il nastro giusto per le vostre applicazioni specifiche. Se tra i nostri prodotti non trovate la soluzione adatta alle vostre esigenze particolari, contattateci personalmente e riceverete una consulenza gratuita sul materiale di base pi\u00f9 adatto e sulle propriet\u00e0 adesive pi\u00f9 importanti. In qualit\u00e0 di rivenditore specializzato in nastri adesivi, siamo in grado di confrontare i diversi nastri e di decidere rapidamente quale sia il prodotto migliore per l&#8217;artigianato, la casa o l&#8217;industria.<\/p>\n<p>Noi di cardinal Tapes siamo costantemente impegnati ad ampliare la nostra gamma di prodotti e a mantenerla aggiornata con gli ultimi sviluppi. Dedichiamo tempo anche alle richieste individuali e collaboriamo con i nostri clienti per trovare le soluzioni ottimali per la vostra azienda. Se anche voi volete ricevere l&#8217;offerta migliore per ciascuna delle vostre applicazioni pianificate, siete invitati a contattarci <a class=\"telelink\" title=\"Contattateci subito per telefono per una consulenza personalizzata\" href=\"tel:+490202266850\" target=\"_blank\" rel=\"nofollow\"> telefonicamente<\/a> o a utilizzare il nostro <a title=\"Utilizzate il nostro modulo di contatto per ottenere una consulenza professionale\" href=\"\/ueber-cardinal\/kontakt\/\">modulo di richiesta<\/a>. Saremo lieti di consigliarvi.<\/p>\n<\/div><\/section><\/p><\/div>\n\n<\/div><\/div><\/div><!-- close content main div --><\/div><\/div><div id='av_section_2'  class='avia-section av-rkhfx-cce3ffe3e8e06a3b6baf4709dff754f1 main_color avia-section-default avia-no-border-styling  avia-builder-el-5  el_after_av_section  avia-builder-el-last  gradient-section avia-bg-style-scroll container_wrap fullsize'  ><div class='container av-section-cont-open' ><div class='template-page content  av-content-full alpha units'><div class='post-entry post-entry-type-page post-entry-32080'><div class='entry-content-wrapper clearfix'>\n<div  class='flex_column av-m6fbx-005372e45e57cd22f110f5ff93e42820 av_one_full  avia-builder-el-6  avia-builder-el-no-sibling  first flex_column_div av-animated-generic left-to-right  '     ><p><div class=\"pxl-headline pxl-hl hl-wrap | hl-sub--bot hl--align-left hl--no-margin    \">\n        <div class=\"hl-inner\">\n            <h2 class=\"hl-main hl-line |  hl_main--default  \">Caratteristiche del prodotto<\/h2>\n            <span class=\"hl-sub hl-line |  hl_sub--default  \">Innovativo e di alta qualit\u00e0<\/span>\n    <\/div>\n<\/div>\n<br \/>\n<div   data-autoplay=''  data-interval='5'  data-animation='fade'  data-hoverpause='1'  class='template-shop avia-content-slider avia-content-slider-active avia-product-slider1 avia-content-slider-even  avia-builder-el-8  el_after_pixel_sc_headline  el_before_av_button   shop_columns_4' ><div class='avia-content-slider-inner'><ul class=\"products slide-entry-wrap\"><li class=\"product type-product post-59524 status-publish first instock product_cat-industria-elettrica product_cat-ingegneria-meccanica product_cat-nastri-monoadesivi has-post-thumbnail taxable shipping-taxable purchasable product-type-variable\">\n\t<div class='inner_product main_color wrapped_style noLightbox  av-product-class-no_button'><a href=\"https:\/\/cardinal-tapes.com\/it\/nastri-adesivi\/aree-di-applicazione\/industria-elettrica\/tesa-4657-nastro-speciale-tessuto-resistente-alle-alte-temperature-2\/\" class=\"woocommerce-LoopProduct-link woocommerce-loop-product__link\"><div class=\"thumbnail_container\"><img decoding=\"async\" loading=\"lazy\" width=\"450\" height=\"450\" src=\"https:\/\/cardinal-tapes.com\/wp-content\/uploads\/tesa-04657_2-450x450.jpg\" class=\"wp-image-26089 avia-img-lazy-loading-26089 attachment-shop_catalog size-shop_catalog wp-post-image\" alt=\"tesaband\u00ae 4657 Nastro in tessuto speciale resistente alle alte temperature - unilaterale, Tessuto, Gomma naturale - Illustrazione 26089\" srcset=\"https:\/\/cardinal-tapes.com\/wp-content\/uploads\/tesa-04657_2-450x450.jpg 450w, https:\/\/cardinal-tapes.com\/wp-content\/uploads\/tesa-04657_2-120x120.jpg 120w, https:\/\/cardinal-tapes.com\/wp-content\/uploads\/tesa-04657_2-80x80.jpg 80w, https:\/\/cardinal-tapes.com\/wp-content\/uploads\/tesa-04657_2-200x200.jpg 200w, https:\/\/cardinal-tapes.com\/wp-content\/uploads\/tesa-04657_2-36x36.jpg 36w, https:\/\/cardinal-tapes.com\/wp-content\/uploads\/tesa-04657_2-180x180.jpg 180w, https:\/\/cardinal-tapes.com\/wp-content\/uploads\/tesa-04657_2-100x100.jpg 100w, https:\/\/cardinal-tapes.com\/wp-content\/uploads\/tesa-04657_2.jpg 600w\" sizes=\"auto, (max-width: 450px) 100vw, 450px\" \/><\/div><div class='inner_product_header'><div class='avia-arrow'><\/div><div class='inner_product_header_table'><div class='inner_product_header_cell'><span class=\"is-h2 woocommerce-loop-product__title\">tesaband\u00ae 4657 Nastro in tessuto speciale resistente alle alte temperature<\/span>\t\t<div class=\"product-infos\">\n\t\t\t\t\t\t\t<span class='product-infos__item'><b>Rivestimento:<\/b> unilaterale<\/span>\n\t\t\t\t\t\t\t\t\t\t<span class='product-infos__item'><b>Tipo di materiale:<\/b> Tessuto<\/span>\n\t\t\t\t\t\t\t\t\t\t<span class='product-infos__item'><b>Produttore:<\/b> tesa<\/span>\n\t\t\t\t\t\t\t\t\t\t<span class='product-infos__item'><b>Prezzo su richiesta<\/b><\/span>\n\t\t\t\t\t<\/div>\n\t<\/div><\/div><\/div><\/a><\/div><\/li>\n<li class=\"product type-product post-48007 status-publish instock product_cat-industria-elettrica product_cat-acciaio-e-vetro product_cat-nastri-adesivi-di-trasferimento product_cat-nastri-biadesivi has-post-thumbnail taxable shipping-taxable purchasable product-type-variable\">\n\t<div class='inner_product main_color wrapped_style noLightbox  av-product-class-no_button'><a href=\"https:\/\/cardinal-tapes.com\/it\/nastri-adesivi\/aree-di-applicazione\/industria-elettrica\/3m-467-mp-transfer-tape\/\" class=\"woocommerce-LoopProduct-link woocommerce-loop-product__link\"><div class=\"thumbnail_container\"><img decoding=\"async\" loading=\"lazy\" width=\"450\" height=\"450\" src=\"https:\/\/cardinal-tapes.com\/wp-content\/uploads\/3m-467mp-klebstoffserie-200mp-450x450.jpg\" class=\"wp-image-26797 avia-img-lazy-loading-26797 attachment-shop_catalog size-shop_catalog wp-post-image\" alt=\"Nastro di trasferimento 3M\u2122 467 MP - bifacciale, Carta rivestita in PE, Senza spalline, Trasferimento, Acrilico - Illustrazione 26797\" srcset=\"https:\/\/cardinal-tapes.com\/wp-content\/uploads\/3m-467mp-klebstoffserie-200mp-450x450.jpg 450w, https:\/\/cardinal-tapes.com\/wp-content\/uploads\/3m-467mp-klebstoffserie-200mp-120x120.jpg 120w, https:\/\/cardinal-tapes.com\/wp-content\/uploads\/3m-467mp-klebstoffserie-200mp-80x80.jpg 80w, https:\/\/cardinal-tapes.com\/wp-content\/uploads\/3m-467mp-klebstoffserie-200mp-36x36.jpg 36w, https:\/\/cardinal-tapes.com\/wp-content\/uploads\/3m-467mp-klebstoffserie-200mp-180x180.jpg 180w, https:\/\/cardinal-tapes.com\/wp-content\/uploads\/3m-467mp-klebstoffserie-200mp-100x100.jpg 100w\" sizes=\"auto, (max-width: 450px) 100vw, 450px\" \/><\/div><div class='inner_product_header'><div class='avia-arrow'><\/div><div class='inner_product_header_table'><div class='inner_product_header_cell'><span class=\"is-h2 woocommerce-loop-product__title\">Nastro di trasferimento 3M\u2122 467 MP<\/span>\t\t<div class=\"product-infos\">\n\t\t\t\t\t\t\t<span class='product-infos__item'><b>Rivestimento:<\/b> bifacciale<\/span>\n\t\t\t\t\t\t\t\t\t\t<span class='product-infos__item'><b>Tipo di materiale:<\/b> Carta rivestita in PE, Senza spalline, Trasferimento<\/span>\n\t\t\t\t\t\t\t\t\t\t<span class='product-infos__item'><b>Produttore:<\/b> 3M<\/span>\n\t\t\t\t\t\t\t\t\t\t<span class='product-infos__item'><b>Prezzo su richiesta<\/b><\/span>\n\t\t\t\t\t<\/div>\n\t<\/div><\/div><\/div><\/a><\/div><\/li>\n<li class=\"product type-product post-46787 status-publish instock product_cat-produzione-e-lavorazione-dellalluminio product_cat-industria-elettrica product_cat-nastri-monoadesivi product_cat-film-in-pet has-post-thumbnail taxable shipping-taxable purchasable product-type-variable\">\n\t<div class='inner_product main_color wrapped_style noLightbox  av-product-class-no_button'><a href=\"https:\/\/cardinal-tapes.com\/it\/nastri-adesivi\/nastri-monoadesivi\/film-in-pet\/ca-748-pet-tape\/\" class=\"woocommerce-LoopProduct-link woocommerce-loop-product__link\"><div class=\"thumbnail_container\"><img decoding=\"async\" loading=\"lazy\" width=\"450\" height=\"450\" src=\"https:\/\/cardinal-tapes.com\/wp-content\/uploads\/CA-748-450x450.jpg\" class=\"wp-image-26953 avia-img-lazy-loading-26953 attachment-shop_catalog size-shop_catalog wp-post-image\" alt=\"CA-748 Nastro adesivo in PET - unilaterale, Film in PET, Silicone - Illustrazione 26953\" srcset=\"https:\/\/cardinal-tapes.com\/wp-content\/uploads\/CA-748-450x450.jpg 450w, https:\/\/cardinal-tapes.com\/wp-content\/uploads\/CA-748-120x120.jpg 120w, https:\/\/cardinal-tapes.com\/wp-content\/uploads\/CA-748-80x80.jpg 80w, https:\/\/cardinal-tapes.com\/wp-content\/uploads\/CA-748-200x200.jpg 200w, https:\/\/cardinal-tapes.com\/wp-content\/uploads\/CA-748-768x768.jpg 768w, https:\/\/cardinal-tapes.com\/wp-content\/uploads\/CA-748-1030x1030.jpg 1030w, https:\/\/cardinal-tapes.com\/wp-content\/uploads\/CA-748-36x36.jpg 36w, https:\/\/cardinal-tapes.com\/wp-content\/uploads\/CA-748-180x180.jpg 180w, https:\/\/cardinal-tapes.com\/wp-content\/uploads\/CA-748-705x705.jpg 705w, https:\/\/cardinal-tapes.com\/wp-content\/uploads\/CA-748-100x100.jpg 100w, https:\/\/cardinal-tapes.com\/wp-content\/uploads\/CA-748.jpg 1400w\" sizes=\"auto, (max-width: 450px) 100vw, 450px\" \/><\/div><div class='inner_product_header'><div class='avia-arrow'><\/div><div class='inner_product_header_table'><div class='inner_product_header_cell'><span class=\"is-h2 woocommerce-loop-product__title\">CA-748 Nastro adesivo in PET<\/span>\t\t<div class=\"product-infos\">\n\t\t\t\t\t\t\t<span class='product-infos__item'><b>Rivestimento:<\/b> unilaterale<\/span>\n\t\t\t\t\t\t\t\t\t\t<span class='product-infos__item'><b>Tipo di materiale:<\/b> Film in PET<\/span>\n\t\t\t\t\t\t\t\t\t\t<span class='product-infos__item'><b>Produttore:<\/b> cardinal GmbH<\/span>\n\t\t\t\t\t\t\t\t\t\t<span class='product-infos__item'><b>Prezzo su richiesta<\/b><\/span>\n\t\t\t\t\t<\/div>\n\t<\/div><\/div><\/div><\/a><\/div><\/li>\n<li class=\"product type-product post-41898 status-publish last instock product_cat-industria-elettrica product_cat-nastri-rivestiti-in-plastica product_cat-nastri-monoadesivi product_cat-film-in-pvc has-post-thumbnail taxable shipping-taxable purchasable product-type-variable\">\n\t<div class='inner_product main_color wrapped_style noLightbox  av-product-class-no_button'><a href=\"https:\/\/cardinal-tapes.com\/it\/nastri-adesivi\/nastri-monoadesivi\/film-in-pvc\/at7-pvc-nastro-isolante-elettrico\/\" class=\"woocommerce-LoopProduct-link woocommerce-loop-product__link\"><div class=\"thumbnail_container\"><img decoding=\"async\" loading=\"lazy\" width=\"450\" height=\"450\" src=\"https:\/\/cardinal-tapes.com\/wp-content\/uploads\/Advance-Tapes_AT0007_Group-450x450.jpg\" class=\"wp-image-28621 avia-img-lazy-loading-28621 attachment-shop_catalog size-shop_catalog wp-post-image\" alt=\"AT7 Nastro isolante elettrico in PVC - unilaterale, Pellicola in PVC, Gomma naturale - Illustrazione 28621\" srcset=\"https:\/\/cardinal-tapes.com\/wp-content\/uploads\/Advance-Tapes_AT0007_Group-450x450.jpg 450w, https:\/\/cardinal-tapes.com\/wp-content\/uploads\/Advance-Tapes_AT0007_Group-120x120.jpg 120w, https:\/\/cardinal-tapes.com\/wp-content\/uploads\/Advance-Tapes_AT0007_Group-80x80.jpg 80w, https:\/\/cardinal-tapes.com\/wp-content\/uploads\/Advance-Tapes_AT0007_Group-200x200.jpg 200w, https:\/\/cardinal-tapes.com\/wp-content\/uploads\/Advance-Tapes_AT0007_Group-36x36.jpg 36w, https:\/\/cardinal-tapes.com\/wp-content\/uploads\/Advance-Tapes_AT0007_Group-180x180.jpg 180w, https:\/\/cardinal-tapes.com\/wp-content\/uploads\/Advance-Tapes_AT0007_Group-100x100.jpg 100w, https:\/\/cardinal-tapes.com\/wp-content\/uploads\/Advance-Tapes_AT0007_Group.jpg 600w\" sizes=\"auto, (max-width: 450px) 100vw, 450px\" \/><\/div><div class='inner_product_header'><div class='avia-arrow'><\/div><div class='inner_product_header_table'><div class='inner_product_header_cell'><span class=\"is-h2 woocommerce-loop-product__title\">AT7 Nastro isolante elettrico in PVC<\/span>\t\t<div class=\"product-infos\">\n\t\t\t\t\t\t\t<span class='product-infos__item'><b>Rivestimento:<\/b> unilaterale<\/span>\n\t\t\t\t\t\t\t\t\t\t<span class='product-infos__item'><b>Tipo di materiale:<\/b> Pellicola in PVC<\/span>\n\t\t\t\t\t\t\t\t\t\t<span class='product-infos__item'><b>Produttore:<\/b> Advance Tapes<\/span>\n\t\t\t\t\t\t\t\t\t\t<span class='product-infos__item'><b>Prezzo su richiesta<\/b><\/span>\n\t\t\t\t\t<\/div>\n\t<\/div><\/div><\/div><\/a><\/div><\/li>\n<\/ul><\/div><\/div><div class=\"clear\"><\/div><br \/>\n<div  class='avia-button-wrap av-14719-b705d99faf715708952e508747f29ef7-wrap avia-button-left '><a href='https:\/\/cardinal-tapes.com\/it\/nastri-adesivi-it\/'  class='avia-button av-14719-b705d99faf715708952e508747f29ef7 avia-icon_select-no avia-size-medium avia-position-left avia-color-theme-color layout-border color-white'  ><span class='avia_iconbox_title' >Tutti i prodotti<\/span><\/a><\/div><\/p><\/div>\n","protected":false},"excerpt":{"rendered":"","protected":false},"author":1,"featured_media":0,"parent":30806,"menu_order":4,"comment_status":"closed","ping_status":"closed","template":"","meta":{"_acf_changed":false,"footnotes":""},"class_list":["post-32080","page","type-page","status-publish","hentry"],"acf":[],"yoast_head":"<!-- This site is optimized with the Yoast SEO plugin v27.3 - https:\/\/yoast.com\/product\/yoast-seo-wordpress\/ -->\n<title>Nastri adesivi per l&#039;industria elettrica | cardinal Tapes<\/title>\n<meta name=\"description\" content=\"Offriamo ai nostri clienti applicazioni semplici nell&#039;industria elettrica. Ulteriori informazioni sulle caratteristiche speciali sono disponibili qui.\" \/>\n<meta name=\"robots\" content=\"index, follow, max-snippet:-1, max-image-preview:large, max-video-preview:-1\" \/>\n<link rel=\"canonical\" href=\"https:\/\/cardinal-tapes.com\/it\/nastri-adesivi-it\/aree-di-applicazione\/industria-elettrica\/\" \/>\n<meta property=\"og:locale\" content=\"it_IT\" \/>\n<meta property=\"og:type\" content=\"article\" \/>\n<meta property=\"og:title\" content=\"Nastri adesivi per l&#039;industria elettrica | cardinal Tapes\" \/>\n<meta property=\"og:description\" content=\"Offriamo ai nostri clienti applicazioni semplici nell&#039;industria elettrica. Ulteriori informazioni sulle caratteristiche speciali sono disponibili qui.\" \/>\n<meta property=\"og:url\" content=\"https:\/\/cardinal-tapes.com\/it\/nastri-adesivi-it\/aree-di-applicazione\/industria-elettrica\/\" \/>\n<meta property=\"og:site_name\" content=\"cardinal TAPES\" \/>\n<meta property=\"article:modified_time\" content=\"2023-06-16T14:11:10+00:00\" \/>\n<meta name=\"twitter:card\" content=\"summary_large_image\" \/>\n<meta name=\"twitter:label1\" content=\"Tempo di lettura stimato\" \/>\n\t<meta name=\"twitter:data1\" content=\"5 minuti\" \/>\n<script type=\"application\/ld+json\" class=\"yoast-schema-graph\">{\"@context\":\"https:\\\/\\\/schema.org\",\"@graph\":[{\"@type\":\"WebPage\",\"@id\":\"https:\\\/\\\/cardinal-tapes.com\\\/it\\\/nastri-adesivi-it\\\/aree-di-applicazione\\\/industria-elettrica\\\/\",\"url\":\"https:\\\/\\\/cardinal-tapes.com\\\/it\\\/nastri-adesivi-it\\\/aree-di-applicazione\\\/industria-elettrica\\\/\",\"name\":\"Nastri adesivi per l'industria elettrica | cardinal Tapes\",\"isPartOf\":{\"@id\":\"https:\\\/\\\/cardinal-tapes.com\\\/#website\"},\"datePublished\":\"2017-12-07T12:57:21+00:00\",\"dateModified\":\"2023-06-16T14:11:10+00:00\",\"description\":\"Offriamo ai nostri clienti applicazioni semplici nell'industria elettrica. Ulteriori informazioni sulle caratteristiche speciali sono disponibili qui.\",\"breadcrumb\":{\"@id\":\"https:\\\/\\\/cardinal-tapes.com\\\/it\\\/nastri-adesivi-it\\\/aree-di-applicazione\\\/industria-elettrica\\\/#breadcrumb\"},\"inLanguage\":\"it-IT\",\"potentialAction\":[{\"@type\":\"ReadAction\",\"target\":[\"https:\\\/\\\/cardinal-tapes.com\\\/it\\\/nastri-adesivi-it\\\/aree-di-applicazione\\\/industria-elettrica\\\/\"]}]},{\"@type\":\"BreadcrumbList\",\"@id\":\"https:\\\/\\\/cardinal-tapes.com\\\/it\\\/nastri-adesivi-it\\\/aree-di-applicazione\\\/industria-elettrica\\\/#breadcrumb\",\"itemListElement\":[{\"@type\":\"ListItem\",\"position\":1,\"name\":\"Startseite\",\"item\":\"https:\\\/\\\/cardinal-tapes.com\\\/it\\\/casa\\\/\"},{\"@type\":\"ListItem\",\"position\":2,\"name\":\"Nastri adesivi\",\"item\":\"https:\\\/\\\/cardinal-tapes.com\\\/it\\\/nastri-adesivi-it\\\/\"},{\"@type\":\"ListItem\",\"position\":3,\"name\":\"Aree di applicazione\",\"item\":\"https:\\\/\\\/cardinal-tapes.com\\\/it\\\/nastri-adesivi-it__trashed\\\/aree-di-applicazione\\\/\"},{\"@type\":\"ListItem\",\"position\":4,\"name\":\"Industria elettrica\"}]},{\"@type\":\"WebSite\",\"@id\":\"https:\\\/\\\/cardinal-tapes.com\\\/#website\",\"url\":\"https:\\\/\\\/cardinal-tapes.com\\\/\",\"name\":\"cardinal TAPES\",\"description\":\"Klebetechnik aus Wuppertal\",\"potentialAction\":[{\"@type\":\"SearchAction\",\"target\":{\"@type\":\"EntryPoint\",\"urlTemplate\":\"https:\\\/\\\/cardinal-tapes.com\\\/?s={search_term_string}\"},\"query-input\":{\"@type\":\"PropertyValueSpecification\",\"valueRequired\":true,\"valueName\":\"search_term_string\"}}],\"inLanguage\":\"it-IT\"}]}<\/script>\n<!-- \/ Yoast SEO plugin. -->","yoast_head_json":{"title":"Nastri adesivi per l'industria elettrica | cardinal Tapes","description":"Offriamo ai nostri clienti applicazioni semplici nell'industria elettrica. Ulteriori informazioni sulle caratteristiche speciali sono disponibili qui.","robots":{"index":"index","follow":"follow","max-snippet":"max-snippet:-1","max-image-preview":"max-image-preview:large","max-video-preview":"max-video-preview:-1"},"canonical":"https:\/\/cardinal-tapes.com\/it\/nastri-adesivi-it\/aree-di-applicazione\/industria-elettrica\/","og_locale":"it_IT","og_type":"article","og_title":"Nastri adesivi per l'industria elettrica | cardinal Tapes","og_description":"Offriamo ai nostri clienti applicazioni semplici nell'industria elettrica. Ulteriori informazioni sulle caratteristiche speciali sono disponibili qui.","og_url":"https:\/\/cardinal-tapes.com\/it\/nastri-adesivi-it\/aree-di-applicazione\/industria-elettrica\/","og_site_name":"cardinal TAPES","article_modified_time":"2023-06-16T14:11:10+00:00","twitter_card":"summary_large_image","twitter_misc":{"Tempo di lettura stimato":"5 minuti"},"schema":{"@context":"https:\/\/schema.org","@graph":[{"@type":"WebPage","@id":"https:\/\/cardinal-tapes.com\/it\/nastri-adesivi-it\/aree-di-applicazione\/industria-elettrica\/","url":"https:\/\/cardinal-tapes.com\/it\/nastri-adesivi-it\/aree-di-applicazione\/industria-elettrica\/","name":"Nastri adesivi per l'industria elettrica | cardinal Tapes","isPartOf":{"@id":"https:\/\/cardinal-tapes.com\/#website"},"datePublished":"2017-12-07T12:57:21+00:00","dateModified":"2023-06-16T14:11:10+00:00","description":"Offriamo ai nostri clienti applicazioni semplici nell'industria elettrica. Ulteriori informazioni sulle caratteristiche speciali sono disponibili qui.","breadcrumb":{"@id":"https:\/\/cardinal-tapes.com\/it\/nastri-adesivi-it\/aree-di-applicazione\/industria-elettrica\/#breadcrumb"},"inLanguage":"it-IT","potentialAction":[{"@type":"ReadAction","target":["https:\/\/cardinal-tapes.com\/it\/nastri-adesivi-it\/aree-di-applicazione\/industria-elettrica\/"]}]},{"@type":"BreadcrumbList","@id":"https:\/\/cardinal-tapes.com\/it\/nastri-adesivi-it\/aree-di-applicazione\/industria-elettrica\/#breadcrumb","itemListElement":[{"@type":"ListItem","position":1,"name":"Startseite","item":"https:\/\/cardinal-tapes.com\/it\/casa\/"},{"@type":"ListItem","position":2,"name":"Nastri adesivi","item":"https:\/\/cardinal-tapes.com\/it\/nastri-adesivi-it\/"},{"@type":"ListItem","position":3,"name":"Aree di applicazione","item":"https:\/\/cardinal-tapes.com\/it\/nastri-adesivi-it__trashed\/aree-di-applicazione\/"},{"@type":"ListItem","position":4,"name":"Industria elettrica"}]},{"@type":"WebSite","@id":"https:\/\/cardinal-tapes.com\/#website","url":"https:\/\/cardinal-tapes.com\/","name":"cardinal TAPES","description":"Klebetechnik aus Wuppertal","potentialAction":[{"@type":"SearchAction","target":{"@type":"EntryPoint","urlTemplate":"https:\/\/cardinal-tapes.com\/?s={search_term_string}"},"query-input":{"@type":"PropertyValueSpecification","valueRequired":true,"valueName":"search_term_string"}}],"inLanguage":"it-IT"}]}},"_links":{"self":[{"href":"https:\/\/cardinal-tapes.com\/it\/wp-json\/wp\/v2\/pages\/32080","targetHints":{"allow":["GET"]}}],"collection":[{"href":"https:\/\/cardinal-tapes.com\/it\/wp-json\/wp\/v2\/pages"}],"about":[{"href":"https:\/\/cardinal-tapes.com\/it\/wp-json\/wp\/v2\/types\/page"}],"author":[{"embeddable":true,"href":"https:\/\/cardinal-tapes.com\/it\/wp-json\/wp\/v2\/users\/1"}],"replies":[{"embeddable":true,"href":"https:\/\/cardinal-tapes.com\/it\/wp-json\/wp\/v2\/comments?post=32080"}],"version-history":[{"count":0,"href":"https:\/\/cardinal-tapes.com\/it\/wp-json\/wp\/v2\/pages\/32080\/revisions"}],"up":[{"embeddable":true,"href":"https:\/\/cardinal-tapes.com\/it\/wp-json\/wp\/v2\/pages\/30806"}],"wp:attachment":[{"href":"https:\/\/cardinal-tapes.com\/it\/wp-json\/wp\/v2\/media?parent=32080"}],"curies":[{"name":"wp","href":"https:\/\/api.w.org\/{rel}","templated":true}]}}