{"id":31942,"date":"2018-05-24T09:29:17","date_gmt":"2018-05-24T07:29:17","guid":{"rendered":"https:\/\/cardinal.pixel-tal.de\/nastri-adesivi\/nastro-adesivo-abc\/nastri-di-piombo\/"},"modified":"2023-06-02T11:12:19","modified_gmt":"2023-06-02T09:12:19","slug":"nastri-di-piombo","status":"publish","type":"page","link":"https:\/\/cardinal-tapes.com\/it\/nastri-adesivi-it\/nastro-adesivo-abc\/nastri-di-piombo\/","title":{"rendered":"Nastri di piombo"},"content":{"rendered":"<div id='av_section_1'  class='avia-section av-88iwxo-e571447d2876c556ca3b9dd6487588ab alternate_color avia-section-default avia-no-border-styling  avia-builder-el-0  avia-builder-el-no-sibling  avia-bg-style-scroll container_wrap fullsize'  ><div class='container av-section-cont-open' ><main  role=\"main\" itemprop=\"mainContentOfPage\"  class='template-page content  av-content-full alpha units'><div class='post-entry post-entry-type-page post-entry-31942'><div class='entry-content-wrapper clearfix'>\n<div  class='flex_column av-5el2qk-43e76e94547f2316bb875c8a9cfa3450 av_one_full  avia-builder-el-1  el_before_av_one_half  avia-builder-el-first  first flex_column_div  '     ><div class=\"pxl-headline pxl-hl hl-wrap | hl-sub--off hl--align-left hl--no-margin    \">\n        <div class=\"hl-inner\">\n            <h2 class=\"hl-main hl-line |  hl_main--default  \">Nastri di piombo<\/h2>\n            \n    <\/div>\n<\/div><\/div><div  class='flex_column av-3p1a7w-af915ed0d084453edff2831eb032040c av_one_half  avia-builder-el-3  el_after_av_one_full  el_before_av_one_half  first flex_column_div  column-top-margin'     ><section  class='av_textblock_section av-6f1nto-9fd4e81b0b6e5e584ac98f54249566de '   itemscope=\"itemscope\" itemtype=\"https:\/\/schema.org\/CreativeWork\" ><div class='avia_textblock'  itemprop=\"text\" ><p>Il nastro di piombo \u00e8 costituito da una lamina di piombo e da un adesivo di alta qualit\u00e0. Grazie alle loro propriet\u00e0 versatili, sono utilizzati principalmente nella galvanotecnica come nastro di mascheratura. Ma il nastro di piombo viene utilizzato anche in molti altri settori, come la modifica del peso delle mazze da golf.<\/p>\n<\/div><\/section><\/div><div  class='flex_column av-2le11o-3347fb5132b10e5a7294d470dfbdcbd5 av_one_half  avia-builder-el-5  el_after_av_one_half  avia-builder-el-last  flex_column_div  column-top-margin'     ><section  class='av_textblock_section av-25qbu4-af4ac5eaa1be3977701b5cb5d6c5e02e '   itemscope=\"itemscope\" itemtype=\"https:\/\/schema.org\/CreativeWork\" ><div class='avia_textblock'  itemprop=\"text\" ><h4>Le caratteristiche del nastro di piombo<\/h4>\n<p>Le propriet\u00e0 pi\u00f9 importanti dei nastri di piombo sono le propriet\u00e0 galvaniche e la conduttivit\u00e0 elettrica. Inoltre, il piombo \u00e8 un elemento molto pesante e denso. Questo lo rende molto adatto a bloccare le radiazioni ad alta energia. Per questo motivo, il nastro di piombo viene utilizzato per sigillare le apparecchiature mediche o le strutture di ricerca scientifica.<\/p>\n<p>Poich\u00e9 nel campo della galvanotecnica esistono molti requisiti speciali, nel nostro <a href=\"\/klebebaender\/\">negozio<\/a> abbiamo diversi nastri di piombo. Inoltre, assembliamo nastri adesivi per voi, in modo che siate equipaggiati in modo ottimale per le applicazioni. I nostri esperti di lunga data saranno lieti di fornirvi la loro consulenza in materia.<\/p>\n<\/div><\/section><\/div>\n\n","protected":false},"excerpt":{"rendered":"","protected":false},"author":1,"featured_media":0,"parent":30811,"menu_order":38,"comment_status":"closed","ping_status":"closed","template":"","meta":{"_acf_changed":false,"footnotes":""},"class_list":["post-31942","page","type-page","status-publish","hentry"],"acf":[],"yoast_head":"<!-- This site is optimized with the Yoast SEO plugin v27.3 - https:\/\/yoast.com\/product\/yoast-seo-wordpress\/ -->\n<title>Nastri di piombo - cardinal TAPES<\/title>\n<meta name=\"description\" content=\"Il nastro di piombo \u00e8 costituito da una lamina di piombo e da un adesivo di alta qualit\u00e0. Per saperne di pi\u00f9 sui nastri adesivi di alta qualit\u00e0, cliccate qui.\" \/>\n<meta name=\"robots\" content=\"noindex, follow\" \/>\n<meta property=\"og:locale\" content=\"it_IT\" \/>\n<meta property=\"og:type\" content=\"article\" \/>\n<meta property=\"og:title\" content=\"Nastri di piombo - cardinal TAPES\" \/>\n<meta property=\"og:description\" content=\"Il nastro di piombo \u00e8 costituito da una lamina di piombo e da un adesivo di alta qualit\u00e0. Per saperne di pi\u00f9 sui nastri adesivi di alta qualit\u00e0, cliccate qui.\" \/>\n<meta property=\"og:url\" content=\"https:\/\/cardinal-tapes.com\/it\/nastri-adesivi-it\/nastro-adesivo-abc\/nastri-di-piombo\/\" \/>\n<meta property=\"og:site_name\" content=\"cardinal TAPES\" \/>\n<meta property=\"article:modified_time\" content=\"2023-06-02T09:12:19+00:00\" \/>\n<meta name=\"twitter:card\" content=\"summary_large_image\" \/>\n<meta name=\"twitter:label1\" content=\"Tempo di lettura stimato\" \/>\n\t<meta name=\"twitter:data1\" content=\"9 minuti\" \/>\n<script type=\"application\/ld+json\" class=\"yoast-schema-graph\">{\"@context\":\"https:\\\/\\\/schema.org\",\"@graph\":[{\"@type\":\"WebPage\",\"@id\":\"https:\\\/\\\/cardinal-tapes.com\\\/it\\\/nastri-adesivi-it\\\/nastro-adesivo-abc\\\/nastri-di-piombo\\\/\",\"url\":\"https:\\\/\\\/cardinal-tapes.com\\\/it\\\/nastri-adesivi-it\\\/nastro-adesivo-abc\\\/nastri-di-piombo\\\/\",\"name\":\"Nastri di piombo - cardinal TAPES\",\"isPartOf\":{\"@id\":\"https:\\\/\\\/cardinal-tapes.com\\\/#website\"},\"datePublished\":\"2018-05-24T07:29:17+00:00\",\"dateModified\":\"2023-06-02T09:12:19+00:00\",\"description\":\"Il nastro di piombo \u00e8 costituito da una lamina di piombo e da un adesivo di alta qualit\u00e0. Per saperne di pi\u00f9 sui nastri adesivi di alta qualit\u00e0, cliccate qui.\",\"breadcrumb\":{\"@id\":\"https:\\\/\\\/cardinal-tapes.com\\\/it\\\/nastri-adesivi-it\\\/nastro-adesivo-abc\\\/nastri-di-piombo\\\/#breadcrumb\"},\"inLanguage\":\"it-IT\",\"potentialAction\":[{\"@type\":\"ReadAction\",\"target\":[\"https:\\\/\\\/cardinal-tapes.com\\\/it\\\/nastri-adesivi-it\\\/nastro-adesivo-abc\\\/nastri-di-piombo\\\/\"]}]},{\"@type\":\"BreadcrumbList\",\"@id\":\"https:\\\/\\\/cardinal-tapes.com\\\/it\\\/nastri-adesivi-it\\\/nastro-adesivo-abc\\\/nastri-di-piombo\\\/#breadcrumb\",\"itemListElement\":[{\"@type\":\"ListItem\",\"position\":1,\"name\":\"Startseite\",\"item\":\"https:\\\/\\\/cardinal-tapes.com\\\/it\\\/casa\\\/\"},{\"@type\":\"ListItem\",\"position\":2,\"name\":\"Nastri adesivi\",\"item\":\"https:\\\/\\\/cardinal-tapes.com\\\/it\\\/nastri-adesivi-it\\\/\"},{\"@type\":\"ListItem\",\"position\":3,\"name\":\"Nastro adesivo ABC\",\"item\":\"https:\\\/\\\/cardinal-tapes.com\\\/it\\\/nastri-adesivi-it__trashed\\\/nastro-adesivo-abc\\\/\"},{\"@type\":\"ListItem\",\"position\":4,\"name\":\"Nastri di piombo\"}]},{\"@type\":\"WebSite\",\"@id\":\"https:\\\/\\\/cardinal-tapes.com\\\/#website\",\"url\":\"https:\\\/\\\/cardinal-tapes.com\\\/\",\"name\":\"cardinal TAPES\",\"description\":\"Klebetechnik aus Wuppertal\",\"potentialAction\":[{\"@type\":\"SearchAction\",\"target\":{\"@type\":\"EntryPoint\",\"urlTemplate\":\"https:\\\/\\\/cardinal-tapes.com\\\/?s={search_term_string}\"},\"query-input\":{\"@type\":\"PropertyValueSpecification\",\"valueRequired\":true,\"valueName\":\"search_term_string\"}}],\"inLanguage\":\"it-IT\"}]}<\/script>\n<!-- \/ Yoast SEO plugin. -->","yoast_head_json":{"title":"Nastri di piombo - cardinal TAPES","description":"Il nastro di piombo \u00e8 costituito da una lamina di piombo e da un adesivo di alta qualit\u00e0. Per saperne di pi\u00f9 sui nastri adesivi di alta qualit\u00e0, cliccate qui.","robots":{"index":"noindex","follow":"follow"},"og_locale":"it_IT","og_type":"article","og_title":"Nastri di piombo - cardinal TAPES","og_description":"Il nastro di piombo \u00e8 costituito da una lamina di piombo e da un adesivo di alta qualit\u00e0. Per saperne di pi\u00f9 sui nastri adesivi di alta qualit\u00e0, cliccate qui.","og_url":"https:\/\/cardinal-tapes.com\/it\/nastri-adesivi-it\/nastro-adesivo-abc\/nastri-di-piombo\/","og_site_name":"cardinal TAPES","article_modified_time":"2023-06-02T09:12:19+00:00","twitter_card":"summary_large_image","twitter_misc":{"Tempo di lettura stimato":"9 minuti"},"schema":{"@context":"https:\/\/schema.org","@graph":[{"@type":"WebPage","@id":"https:\/\/cardinal-tapes.com\/it\/nastri-adesivi-it\/nastro-adesivo-abc\/nastri-di-piombo\/","url":"https:\/\/cardinal-tapes.com\/it\/nastri-adesivi-it\/nastro-adesivo-abc\/nastri-di-piombo\/","name":"Nastri di piombo - cardinal TAPES","isPartOf":{"@id":"https:\/\/cardinal-tapes.com\/#website"},"datePublished":"2018-05-24T07:29:17+00:00","dateModified":"2023-06-02T09:12:19+00:00","description":"Il nastro di piombo \u00e8 costituito da una lamina di piombo e da un adesivo di alta qualit\u00e0. Per saperne di pi\u00f9 sui nastri adesivi di alta qualit\u00e0, cliccate qui.","breadcrumb":{"@id":"https:\/\/cardinal-tapes.com\/it\/nastri-adesivi-it\/nastro-adesivo-abc\/nastri-di-piombo\/#breadcrumb"},"inLanguage":"it-IT","potentialAction":[{"@type":"ReadAction","target":["https:\/\/cardinal-tapes.com\/it\/nastri-adesivi-it\/nastro-adesivo-abc\/nastri-di-piombo\/"]}]},{"@type":"BreadcrumbList","@id":"https:\/\/cardinal-tapes.com\/it\/nastri-adesivi-it\/nastro-adesivo-abc\/nastri-di-piombo\/#breadcrumb","itemListElement":[{"@type":"ListItem","position":1,"name":"Startseite","item":"https:\/\/cardinal-tapes.com\/it\/casa\/"},{"@type":"ListItem","position":2,"name":"Nastri adesivi","item":"https:\/\/cardinal-tapes.com\/it\/nastri-adesivi-it\/"},{"@type":"ListItem","position":3,"name":"Nastro adesivo ABC","item":"https:\/\/cardinal-tapes.com\/it\/nastri-adesivi-it__trashed\/nastro-adesivo-abc\/"},{"@type":"ListItem","position":4,"name":"Nastri di piombo"}]},{"@type":"WebSite","@id":"https:\/\/cardinal-tapes.com\/#website","url":"https:\/\/cardinal-tapes.com\/","name":"cardinal TAPES","description":"Klebetechnik aus Wuppertal","potentialAction":[{"@type":"SearchAction","target":{"@type":"EntryPoint","urlTemplate":"https:\/\/cardinal-tapes.com\/?s={search_term_string}"},"query-input":{"@type":"PropertyValueSpecification","valueRequired":true,"valueName":"search_term_string"}}],"inLanguage":"it-IT"}]}},"_links":{"self":[{"href":"https:\/\/cardinal-tapes.com\/it\/wp-json\/wp\/v2\/pages\/31942","targetHints":{"allow":["GET"]}}],"collection":[{"href":"https:\/\/cardinal-tapes.com\/it\/wp-json\/wp\/v2\/pages"}],"about":[{"href":"https:\/\/cardinal-tapes.com\/it\/wp-json\/wp\/v2\/types\/page"}],"author":[{"embeddable":true,"href":"https:\/\/cardinal-tapes.com\/it\/wp-json\/wp\/v2\/users\/1"}],"replies":[{"embeddable":true,"href":"https:\/\/cardinal-tapes.com\/it\/wp-json\/wp\/v2\/comments?post=31942"}],"version-history":[{"count":0,"href":"https:\/\/cardinal-tapes.com\/it\/wp-json\/wp\/v2\/pages\/31942\/revisions"}],"up":[{"embeddable":true,"href":"https:\/\/cardinal-tapes.com\/it\/wp-json\/wp\/v2\/pages\/30811"}],"wp:attachment":[{"href":"https:\/\/cardinal-tapes.com\/it\/wp-json\/wp\/v2\/media?parent=31942"}],"curies":[{"name":"wp","href":"https:\/\/api.w.org\/{rel}","templated":true}]}}