{"id":31757,"date":"2023-06-02T10:59:53","date_gmt":"2023-06-02T08:59:53","guid":{"rendered":"https:\/\/cardinal.pixel-tal.de\/nastri-adesivi\/nastro-adesivo-abc\/nastri-biadesivi\/"},"modified":"2023-06-14T10:47:26","modified_gmt":"2023-06-14T08:47:26","slug":"nastri-biadesivi","status":"publish","type":"page","link":"https:\/\/cardinal-tapes.com\/it\/nastri-adesivi-it\/nastro-adesivo-abc\/nastri-biadesivi\/","title":{"rendered":"Nastri biadesivi"},"content":{"rendered":"<div id='av_section_1'  class='avia-section av-cc88f6-f046b39bcd6234eb70d88ae91080435c alternate_color avia-section-default avia-no-border-styling  avia-builder-el-0  el_before_av_section  avia-builder-el-first  avia-bg-style-scroll container_wrap fullsize'  ><div class='container av-section-cont-open' ><main  role=\"main\" itemprop=\"mainContentOfPage\"  class='template-page content  av-content-full alpha units'><div class='post-entry post-entry-type-page post-entry-31757'><div class='entry-content-wrapper clearfix'>\n<div  class='flex_column av-aqyrgi-421ece350f8f9546b0f5ad39d84a6ff3 av_one_full  avia-builder-el-1  el_before_av_one_half  avia-builder-el-first  first flex_column_div  '     ><div class=\"pxl-headline pxl-hl hl-wrap | hl-sub--off hl--align-left hl--no-margin    \">\n        <div class=\"hl-inner\">\n            <h2 class=\"hl-main hl-line |  hl_main--default  \">Nastri biadesivi<\/h2>\n            \n    <\/div>\n<\/div><\/div><div  class='flex_column av-9mhi1e-554f85face15faf84bc1a5469d895201 av_one_half  avia-builder-el-3  el_after_av_one_full  el_before_av_one_half  first flex_column_div  column-top-margin'     ><section  class='av_textblock_section av-azsmcy-afc7d704045a1478e7f8125c53e6475d '   itemscope=\"itemscope\" itemtype=\"https:\/\/schema.org\/CreativeWork\" ><div class='avia_textblock'  itemprop=\"text\" ><p>Un prodotto della nostra gamma a cui prestiamo molta attenzione \u00e8 il nastro biadesivo. \u00c8 un classico tra i nastri adesivi ed \u00e8 adatto a un&#8217;ampia gamma di applicazioni per diversi settori e utenti. In qualit\u00e0 di partner di vendita specializzato in nastri adesivi tecnici, cardinal TAPES \u00e8 in grado di agire in modo particolarmente rapido e flessibile per il cliente sul mercato con percorsi decisionali brevi. Inoltre, seguiamo gli sviluppi tecnici e quindi manteniamo sempre aggiornata la nostra gamma di prodotti.<\/p>\n<\/div><\/section><\/div><div  class='flex_column av-7d4txu-3615690a8fec0e074576e7bb21f468bf av_one_half  avia-builder-el-5  el_after_av_one_half  avia-builder-el-last  flex_column_div  column-top-margin'     ><section  class='av_textblock_section av-6vbbsy-e60ee50829c40028cabb7014f6a43bb8 '   itemscope=\"itemscope\" itemtype=\"https:\/\/schema.org\/CreativeWork\" ><div class='avia_textblock'  itemprop=\"text\" ><h4>I diversi nastri biadesivi<\/h4>\n<p>Nastri come i nastri transfer, i nastri non tessuti, i nastri in schiuma PU\/PVC\/PE e anche i nastri in tessuto possono essere assegnati alla famiglia dei nastri biadesivi. Il vantaggio evidente di questo tipo di nastro \u00e8 la sua applicabilit\u00e0 universale. I nastri biadesivi tecnici sono adatti per la posa di moquette, ad esempio, perch\u00e9 possono essere rimossi senza lasciare residui e non lasciano residui di adesivo sui pavimenti. Inoltre, i nastri adesivi con forza biadesiva sono utilizzati anche per unire, fissare e trattenere vari materiali come plastica e legno.<\/p>\n<p>Il seguente elenco dei nostri nastri biadesivi serve come panoramica di massima. I nostri nastri adesivi sono disponibili in diversi spessori. In questo modo si ottiene esattamente la quantit\u00e0 giusta per il progetto e non si ha a che fare con fastidiosi residui di adesivo. Se non trovate qui la soluzione adatta alle vostre esigenze particolari, contattateci <a href=\"\/ueber-cardinal\/kontakt\/\">personalmente<\/a> o utilizzate il nostro modulo di richiesta.<\/p>\n<\/div><\/section><\/div>\n\n<\/div><\/div><\/main><!-- close content main element --><\/div><\/div><div id='av_section_2'  class='avia-section av-60wpxu-a0397fad877d11caac323c6bde2bcfe0 main_color avia-section-default avia-no-border-styling  avia-builder-el-7  el_after_av_section  avia-builder-el-last  gradient-section avia-bg-style-scroll container_wrap fullsize'  ><div class='container av-section-cont-open' ><div class='template-page content  av-content-full alpha units'><div class='post-entry post-entry-type-page post-entry-31757'><div class='entry-content-wrapper clearfix'>\n<div  class='flex_column av-1r3ci-724ac7415eaccff40e2b7e757ba97194 av_one_full  avia-builder-el-8  avia-builder-el-no-sibling  first flex_column_div  '     ><p><div class=\"pxl-headline pxl-hl hl-wrap | hl-sub--off hl--align-left hl--no-margin    \">\n        <div class=\"hl-inner\">\n            <h2 class=\"hl-main hl-line |  hl_main--default  \">Prodotti interessanti<\/h2>\n            \n    <\/div>\n<\/div>\n<br \/>\n<div   data-autoplay=''  data-interval='5'  data-animation='fade'  data-hoverpause='1'  class='template-shop avia-content-slider avia-content-slider-active avia-product-slider1 avia-content-slider-even  avia-builder-el-10  el_after_pixel_sc_headline  el_before_av_button   shop_columns_4' ><div class='avia-content-slider-inner'><ul class=\"products slide-entry-wrap\"><li class=\"product type-product post-55246 status-publish first instock product_cat-nastri-biadesivi product_cat-nastro-biadesivo-in-tessuto has-post-thumbnail taxable shipping-taxable purchasable product-type-variable\">\n\t<div class='inner_product main_color wrapped_style noLightbox  av-product-class-no_button'><a href=\"https:\/\/cardinal-tapes.com\/it\/nastri-adesivi\/nastri-biadesivi\/nastro-biadesivo-in-tessuto\/ca-457-nastro-adesivo-in-tessuto-di-cotone\/\" class=\"woocommerce-LoopProduct-link woocommerce-loop-product__link\"><div class=\"thumbnail_container\"><img decoding=\"async\" loading=\"lazy\" width=\"450\" height=\"450\" src=\"https:\/\/cardinal-tapes.com\/wp-content\/uploads\/CA_457_retouched-450x450.jpg\" class=\"wp-image-27137 avia-img-lazy-loading-27137 attachment-shop_catalog size-shop_catalog wp-post-image\" alt=\"CA-457 PV1 Nastro adesivo in tessuto di cotone, forte (aperto) \/ debole - bifacciale, Tessuto, Dispersione di acrilato, Gomma sintetica - Illustrazione 27137\" srcset=\"https:\/\/cardinal-tapes.com\/wp-content\/uploads\/CA_457_retouched-450x450.jpg 450w, https:\/\/cardinal-tapes.com\/wp-content\/uploads\/CA_457_retouched-120x120.jpg 120w, https:\/\/cardinal-tapes.com\/wp-content\/uploads\/CA_457_retouched-80x80.jpg 80w, https:\/\/cardinal-tapes.com\/wp-content\/uploads\/CA_457_retouched-36x36.jpg 36w, https:\/\/cardinal-tapes.com\/wp-content\/uploads\/CA_457_retouched-180x180.jpg 180w, https:\/\/cardinal-tapes.com\/wp-content\/uploads\/CA_457_retouched-100x100.jpg 100w\" sizes=\"auto, (max-width: 450px) 100vw, 450px\" \/><\/div><div class='inner_product_header'><div class='avia-arrow'><\/div><div class='inner_product_header_table'><div class='inner_product_header_cell'><span class=\"is-h2 woocommerce-loop-product__title\">CA-457 PV1 Nastro adesivo in tessuto di cotone, forte (aperto) \/ debole<\/span>\t\t<div class=\"product-infos\">\n\t\t\t\t\t\t\t<span class='product-infos__item'><b>Rivestimento:<\/b> bifacciale<\/span>\n\t\t\t\t\t\t\t\t\t\t<span class='product-infos__item'><b>Tipo di materiale:<\/b> Tessuto<\/span>\n\t\t\t\t\t\t\t\t\t\t<span class='product-infos__item'><b>Produttore:<\/b> cardinal GmbH<\/span>\n\t\t\t\t\t\t\t\t\t\t<span class='product-infos__item'><b>Prezzo su richiesta<\/b><\/span>\n\t\t\t\t\t<\/div>\n\t<\/div><\/div><\/div><\/a><\/div><\/li>\n<li class=\"product type-product post-58716 status-publish instock product_cat-nastro-in-schiuma-di-pe product_cat-nastri-biadesivi product_cat-nastro-biadesivo-in-tessuto has-post-thumbnail taxable shipping-taxable purchasable product-type-variable\">\n\t<div class='inner_product main_color wrapped_style noLightbox  av-product-class-no_button'><a href=\"https:\/\/cardinal-tapes.com\/it\/nastri-adesivi\/nastri-biadesivi\/nastro-biadesivo-in-tessuto\/tesa-64958-nastro-adesivo-bifacciale-in-schiuma-pe\/\" class=\"woocommerce-LoopProduct-link woocommerce-loop-product__link\"><div class=\"thumbnail_container\"><img decoding=\"async\" loading=\"lazy\" width=\"450\" height=\"450\" src=\"https:\/\/cardinal-tapes.com\/wp-content\/uploads\/tesa-double-sided-pe-foam-white-liner-yellow-pr-001172014_canvas1x1_6-450x450.jpg\" class=\"wp-image-26057 avia-img-lazy-loading-26057 attachment-shop_catalog size-shop_catalog wp-post-image\" alt=\"tesa\u00ae 64958 Nastro biadesivo in schiuma PE - bifacciale, Schiuma PE, Gomma sintetica - Illustrazione 26057\" srcset=\"https:\/\/cardinal-tapes.com\/wp-content\/uploads\/tesa-double-sided-pe-foam-white-liner-yellow-pr-001172014_canvas1x1_6-450x450.jpg 450w, https:\/\/cardinal-tapes.com\/wp-content\/uploads\/tesa-double-sided-pe-foam-white-liner-yellow-pr-001172014_canvas1x1_6-120x120.jpg 120w, https:\/\/cardinal-tapes.com\/wp-content\/uploads\/tesa-double-sided-pe-foam-white-liner-yellow-pr-001172014_canvas1x1_6-80x80.jpg 80w, https:\/\/cardinal-tapes.com\/wp-content\/uploads\/tesa-double-sided-pe-foam-white-liner-yellow-pr-001172014_canvas1x1_6-200x200.jpg 200w, https:\/\/cardinal-tapes.com\/wp-content\/uploads\/tesa-double-sided-pe-foam-white-liner-yellow-pr-001172014_canvas1x1_6-36x36.jpg 36w, https:\/\/cardinal-tapes.com\/wp-content\/uploads\/tesa-double-sided-pe-foam-white-liner-yellow-pr-001172014_canvas1x1_6-180x180.jpg 180w, https:\/\/cardinal-tapes.com\/wp-content\/uploads\/tesa-double-sided-pe-foam-white-liner-yellow-pr-001172014_canvas1x1_6-100x100.jpg 100w, https:\/\/cardinal-tapes.com\/wp-content\/uploads\/tesa-double-sided-pe-foam-white-liner-yellow-pr-001172014_canvas1x1_6.jpg 640w\" sizes=\"auto, (max-width: 450px) 100vw, 450px\" \/><\/div><div class='inner_product_header'><div class='avia-arrow'><\/div><div class='inner_product_header_table'><div class='inner_product_header_cell'><span class=\"is-h2 woocommerce-loop-product__title\">tesa\u00ae 64958 Nastro biadesivo in schiuma PE<\/span>\t\t<div class=\"product-infos\">\n\t\t\t\t\t\t\t<span class='product-infos__item'><b>Rivestimento:<\/b> bifacciale<\/span>\n\t\t\t\t\t\t\t\t\t\t<span class='product-infos__item'><b>Tipo di materiale:<\/b> Schiuma PE<\/span>\n\t\t\t\t\t\t\t\t\t\t<span class='product-infos__item'><b>Produttore:<\/b> tesa<\/span>\n\t\t\t\t\t\t\t\t\t\t<span class='product-infos__item'><b>Prezzo su richiesta<\/b><\/span>\n\t\t\t\t\t<\/div>\n\t<\/div><\/div><\/div><\/a><\/div><\/li>\n<\/ul><\/div><\/div><div class=\"clear\"><\/div><br \/>\n<div  class='avia-button-wrap av-338x7m-6ebb7f82a8b2f7a5910baf9e21c09462-wrap avia-button-left '><a href='https:\/\/cardinal-tapes.com\/klebebaender\/'  class='avia-button av-338x7m-6ebb7f82a8b2f7a5910baf9e21c09462 avia-icon_select-no avia-size-medium avia-position-left avia-color-theme-color layout-border color-white'  ><span class='avia_iconbox_title' >Tutti i prodotti<\/span><\/a><\/div><\/p><\/div>\n","protected":false},"excerpt":{"rendered":"","protected":false},"author":1,"featured_media":0,"parent":30811,"menu_order":27,"comment_status":"closed","ping_status":"closed","template":"","meta":{"_acf_changed":false,"footnotes":""},"class_list":["post-31757","page","type-page","status-publish","hentry"],"acf":[],"yoast_head":"<!-- This site is optimized with the Yoast SEO plugin v27.3 - https:\/\/yoast.com\/product\/yoast-seo-wordpress\/ -->\n<title>Nastri biadesivi - cardinal TAPES<\/title>\n<meta name=\"description\" content=\"Un prodotto della nostra gamma a cui prestiamo molta attenzione \u00e8 il nastro biadesivo. Per saperne di pi\u00f9, cliccate qui.\" \/>\n<meta name=\"robots\" content=\"index, follow, max-snippet:-1, max-image-preview:large, max-video-preview:-1\" \/>\n<link rel=\"canonical\" href=\"https:\/\/cardinal-tapes.com\/it\/nastri-adesivi-it\/nastro-adesivo-abc\/nastri-biadesivi\/\" \/>\n<meta property=\"og:locale\" content=\"it_IT\" \/>\n<meta property=\"og:type\" content=\"article\" \/>\n<meta property=\"og:title\" content=\"Nastri biadesivi - cardinal TAPES\" \/>\n<meta property=\"og:description\" content=\"Un prodotto della nostra gamma a cui prestiamo molta attenzione \u00e8 il nastro biadesivo. Per saperne di pi\u00f9, cliccate qui.\" \/>\n<meta property=\"og:url\" content=\"https:\/\/cardinal-tapes.com\/it\/nastri-adesivi-it\/nastro-adesivo-abc\/nastri-biadesivi\/\" \/>\n<meta property=\"og:site_name\" content=\"cardinal TAPES\" \/>\n<meta property=\"article:modified_time\" content=\"2023-06-14T08:47:26+00:00\" \/>\n<meta name=\"twitter:card\" content=\"summary_large_image\" \/>\n<meta name=\"twitter:label1\" content=\"Tempo di lettura stimato\" \/>\n\t<meta name=\"twitter:data1\" content=\"14 minuti\" \/>\n<script type=\"application\/ld+json\" class=\"yoast-schema-graph\">{\"@context\":\"https:\\\/\\\/schema.org\",\"@graph\":[{\"@type\":\"WebPage\",\"@id\":\"https:\\\/\\\/cardinal-tapes.com\\\/it\\\/nastri-adesivi-it\\\/nastro-adesivo-abc\\\/nastri-biadesivi\\\/\",\"url\":\"https:\\\/\\\/cardinal-tapes.com\\\/it\\\/nastri-adesivi-it\\\/nastro-adesivo-abc\\\/nastri-biadesivi\\\/\",\"name\":\"Nastri biadesivi - cardinal TAPES\",\"isPartOf\":{\"@id\":\"https:\\\/\\\/cardinal-tapes.com\\\/#website\"},\"datePublished\":\"2023-06-02T08:59:53+00:00\",\"dateModified\":\"2023-06-14T08:47:26+00:00\",\"description\":\"Un prodotto della nostra gamma a cui prestiamo molta attenzione \u00e8 il nastro biadesivo. Per saperne di pi\u00f9, cliccate qui.\",\"breadcrumb\":{\"@id\":\"https:\\\/\\\/cardinal-tapes.com\\\/it\\\/nastri-adesivi-it\\\/nastro-adesivo-abc\\\/nastri-biadesivi\\\/#breadcrumb\"},\"inLanguage\":\"it-IT\",\"potentialAction\":[{\"@type\":\"ReadAction\",\"target\":[\"https:\\\/\\\/cardinal-tapes.com\\\/it\\\/nastri-adesivi-it\\\/nastro-adesivo-abc\\\/nastri-biadesivi\\\/\"]}]},{\"@type\":\"BreadcrumbList\",\"@id\":\"https:\\\/\\\/cardinal-tapes.com\\\/it\\\/nastri-adesivi-it\\\/nastro-adesivo-abc\\\/nastri-biadesivi\\\/#breadcrumb\",\"itemListElement\":[{\"@type\":\"ListItem\",\"position\":1,\"name\":\"Startseite\",\"item\":\"https:\\\/\\\/cardinal-tapes.com\\\/it\\\/casa\\\/\"},{\"@type\":\"ListItem\",\"position\":2,\"name\":\"Nastri adesivi\",\"item\":\"https:\\\/\\\/cardinal-tapes.com\\\/it\\\/nastri-adesivi-it\\\/\"},{\"@type\":\"ListItem\",\"position\":3,\"name\":\"Nastro adesivo ABC\",\"item\":\"https:\\\/\\\/cardinal-tapes.com\\\/it\\\/nastri-adesivi-it__trashed\\\/nastro-adesivo-abc\\\/\"},{\"@type\":\"ListItem\",\"position\":4,\"name\":\"Nastri biadesivi\"}]},{\"@type\":\"WebSite\",\"@id\":\"https:\\\/\\\/cardinal-tapes.com\\\/#website\",\"url\":\"https:\\\/\\\/cardinal-tapes.com\\\/\",\"name\":\"cardinal TAPES\",\"description\":\"Klebetechnik aus Wuppertal\",\"potentialAction\":[{\"@type\":\"SearchAction\",\"target\":{\"@type\":\"EntryPoint\",\"urlTemplate\":\"https:\\\/\\\/cardinal-tapes.com\\\/?s={search_term_string}\"},\"query-input\":{\"@type\":\"PropertyValueSpecification\",\"valueRequired\":true,\"valueName\":\"search_term_string\"}}],\"inLanguage\":\"it-IT\"}]}<\/script>\n<!-- \/ Yoast SEO plugin. -->","yoast_head_json":{"title":"Nastri biadesivi - cardinal TAPES","description":"Un prodotto della nostra gamma a cui prestiamo molta attenzione \u00e8 il nastro biadesivo. Per saperne di pi\u00f9, cliccate qui.","robots":{"index":"index","follow":"follow","max-snippet":"max-snippet:-1","max-image-preview":"max-image-preview:large","max-video-preview":"max-video-preview:-1"},"canonical":"https:\/\/cardinal-tapes.com\/it\/nastri-adesivi-it\/nastro-adesivo-abc\/nastri-biadesivi\/","og_locale":"it_IT","og_type":"article","og_title":"Nastri biadesivi - cardinal TAPES","og_description":"Un prodotto della nostra gamma a cui prestiamo molta attenzione \u00e8 il nastro biadesivo. Per saperne di pi\u00f9, cliccate qui.","og_url":"https:\/\/cardinal-tapes.com\/it\/nastri-adesivi-it\/nastro-adesivo-abc\/nastri-biadesivi\/","og_site_name":"cardinal TAPES","article_modified_time":"2023-06-14T08:47:26+00:00","twitter_card":"summary_large_image","twitter_misc":{"Tempo di lettura stimato":"14 minuti"},"schema":{"@context":"https:\/\/schema.org","@graph":[{"@type":"WebPage","@id":"https:\/\/cardinal-tapes.com\/it\/nastri-adesivi-it\/nastro-adesivo-abc\/nastri-biadesivi\/","url":"https:\/\/cardinal-tapes.com\/it\/nastri-adesivi-it\/nastro-adesivo-abc\/nastri-biadesivi\/","name":"Nastri biadesivi - cardinal TAPES","isPartOf":{"@id":"https:\/\/cardinal-tapes.com\/#website"},"datePublished":"2023-06-02T08:59:53+00:00","dateModified":"2023-06-14T08:47:26+00:00","description":"Un prodotto della nostra gamma a cui prestiamo molta attenzione \u00e8 il nastro biadesivo. Per saperne di pi\u00f9, cliccate qui.","breadcrumb":{"@id":"https:\/\/cardinal-tapes.com\/it\/nastri-adesivi-it\/nastro-adesivo-abc\/nastri-biadesivi\/#breadcrumb"},"inLanguage":"it-IT","potentialAction":[{"@type":"ReadAction","target":["https:\/\/cardinal-tapes.com\/it\/nastri-adesivi-it\/nastro-adesivo-abc\/nastri-biadesivi\/"]}]},{"@type":"BreadcrumbList","@id":"https:\/\/cardinal-tapes.com\/it\/nastri-adesivi-it\/nastro-adesivo-abc\/nastri-biadesivi\/#breadcrumb","itemListElement":[{"@type":"ListItem","position":1,"name":"Startseite","item":"https:\/\/cardinal-tapes.com\/it\/casa\/"},{"@type":"ListItem","position":2,"name":"Nastri adesivi","item":"https:\/\/cardinal-tapes.com\/it\/nastri-adesivi-it\/"},{"@type":"ListItem","position":3,"name":"Nastro adesivo ABC","item":"https:\/\/cardinal-tapes.com\/it\/nastri-adesivi-it__trashed\/nastro-adesivo-abc\/"},{"@type":"ListItem","position":4,"name":"Nastri biadesivi"}]},{"@type":"WebSite","@id":"https:\/\/cardinal-tapes.com\/#website","url":"https:\/\/cardinal-tapes.com\/","name":"cardinal TAPES","description":"Klebetechnik aus Wuppertal","potentialAction":[{"@type":"SearchAction","target":{"@type":"EntryPoint","urlTemplate":"https:\/\/cardinal-tapes.com\/?s={search_term_string}"},"query-input":{"@type":"PropertyValueSpecification","valueRequired":true,"valueName":"search_term_string"}}],"inLanguage":"it-IT"}]}},"_links":{"self":[{"href":"https:\/\/cardinal-tapes.com\/it\/wp-json\/wp\/v2\/pages\/31757","targetHints":{"allow":["GET"]}}],"collection":[{"href":"https:\/\/cardinal-tapes.com\/it\/wp-json\/wp\/v2\/pages"}],"about":[{"href":"https:\/\/cardinal-tapes.com\/it\/wp-json\/wp\/v2\/types\/page"}],"author":[{"embeddable":true,"href":"https:\/\/cardinal-tapes.com\/it\/wp-json\/wp\/v2\/users\/1"}],"replies":[{"embeddable":true,"href":"https:\/\/cardinal-tapes.com\/it\/wp-json\/wp\/v2\/comments?post=31757"}],"version-history":[{"count":0,"href":"https:\/\/cardinal-tapes.com\/it\/wp-json\/wp\/v2\/pages\/31757\/revisions"}],"up":[{"embeddable":true,"href":"https:\/\/cardinal-tapes.com\/it\/wp-json\/wp\/v2\/pages\/30811"}],"wp:attachment":[{"href":"https:\/\/cardinal-tapes.com\/it\/wp-json\/wp\/v2\/media?parent=31757"}],"curies":[{"name":"wp","href":"https:\/\/api.w.org\/{rel}","templated":true}]}}