{"id":31753,"date":"2023-06-02T10:59:53","date_gmt":"2023-06-02T08:59:53","guid":{"rendered":"https:\/\/cardinal.pixel-tal.de\/nastri-adesivi\/nastro-adesivo-abc\/nastri-in-tessuto\/"},"modified":"2023-06-14T10:47:26","modified_gmt":"2023-06-14T08:47:26","slug":"nastri-in-tessuto","status":"publish","type":"page","link":"https:\/\/cardinal-tapes.com\/it\/nastri-adesivi-it\/nastro-adesivo-abc\/nastri-in-tessuto\/","title":{"rendered":"Nastri in tessuto"},"content":{"rendered":"<div id='av_section_1'  class='avia-section av-bxpgz4-8a4ad349cd848d0d2d9afdf6ddbe60ce alternate_color avia-section-default avia-no-border-styling  avia-builder-el-0  el_before_av_section  avia-builder-el-first  avia-bg-style-scroll container_wrap fullsize'  ><div class='container av-section-cont-open' ><main  role=\"main\" itemprop=\"mainContentOfPage\"  class='template-page content  av-content-full alpha units'><div class='post-entry post-entry-type-page post-entry-31753'><div class='entry-content-wrapper clearfix'>\n<div  class='flex_column av-ajvx2o-ba1577eec1bd582c487e4c5f4992ecff av_one_full  avia-builder-el-1  el_before_av_one_half  avia-builder-el-first  first flex_column_div  '     ><div class=\"pxl-headline pxl-hl hl-wrap | hl-sub--off hl--align-left hl--no-margin    \">\n        <div class=\"hl-inner\">\n            <h2 class=\"hl-main hl-line |  hl_main--default  \">Nastri in tessuto<\/h2>\n            \n    <\/div>\n<\/div><\/div><div  class='flex_column av-8hgb0w-e114bab902584e4f87c1e5f97ec9c621 av_one_half  avia-builder-el-3  el_after_av_one_full  el_before_av_one_half  first flex_column_div  column-top-margin'     ><section  class='av_textblock_section av-b4dvfk-3332d881ef4712422f69da1908f2ec43 '   itemscope=\"itemscope\" itemtype=\"https:\/\/schema.org\/CreativeWork\" ><div class='avia_textblock'  itemprop=\"text\" ><p>Un nastro in tessuto offre diverse propriet\u00e0 vantaggiose. Aderisce molto bene a un&#8217;ampia gamma di materiali e ha un&#8217;elevata resistenza alla trazione. \u00c8 molto resistente allo strappo in senso longitudinale e si strappa facilmente in senso trasversale. Queste propriet\u00e0 rendono il nastro in tessuto molto popolare in un&#8217;ampia gamma di applicazioni, soprattutto per i fissaggi temporanei.<\/p>\n<\/div><\/section><\/div><div  class='flex_column av-7q081c-73409302037f49db01d66b15f477ae0d av_one_half  avia-builder-el-5  el_after_av_one_half  avia-builder-el-last  flex_column_div  column-top-margin'     ><section  class='av_textblock_section av-704q34-bdcc585e8362446fb81280ababbe8713 '   itemscope=\"itemscope\" itemtype=\"https:\/\/schema.org\/CreativeWork\" ><div class='avia_textblock'  itemprop=\"text\" ><h4>I nostri nastri adesivi per tessuti<\/h4>\n<p>Abbiamo un&#8217;<a href=\"\/klebebaender\/\">ampia scelta di colori nel settore dei nastri adesivi per tessuti<\/a>. Anche per gli altri nastri adesivi possiamo soddisfare richieste individuali, come il colore o l&#8217;impronta. La nostra gamma di prodotti viene costantemente ampliata e aggiornata con gli ultimi sviluppi. Per questo motivo, sono incluse le soluzioni ottimali per i vostri desideri individuali.<\/p>\n<p>La nostra gamma di nastri adesivi in tessuto \u00e8 una panoramica di massima. Se non trovate qui la soluzione adatta alle vostre esigenze particolari, contattateci<a href=\"\/ueber-cardinal\/kontakt\/\"> personalmente<\/a> o utilizzate il nostro modulo di <a href=\"\/ueber-cardinal\/kontakt\/\">richiesta prodotti<\/a> online.<\/p>\n<\/div><\/section><\/div>\n\n<\/div><\/div><\/main><!-- close content main element --><\/div><\/div><div id='av_section_2'  class='avia-section av-649lsg-37bfb1bbcfe57c301ffab3910944b9ee main_color avia-section-default avia-no-border-styling  avia-builder-el-7  el_after_av_section  avia-builder-el-last  gradient-section avia-bg-style-scroll container_wrap fullsize'  ><div class='container av-section-cont-open' ><div class='template-page content  av-content-full alpha units'><div class='post-entry post-entry-type-page post-entry-31753'><div class='entry-content-wrapper clearfix'>\n<div  class='flex_column av-4evlls-7a4c56e19ec0a3df92331a30596e6ea4 av_one_full  avia-builder-el-8  avia-builder-el-no-sibling  first flex_column_div  '     ><p><div class=\"pxl-headline pxl-hl hl-wrap | hl-sub--off hl--align-left hl--no-margin    \">\n        <div class=\"hl-inner\">\n            <h2 class=\"hl-main hl-line |  hl_main--default  \">Prodotti interessanti<\/h2>\n            \n    <\/div>\n<\/div>\n<br \/>\n<div   data-autoplay=''  data-interval='5'  data-animation='fade'  data-hoverpause='1'  class='template-shop avia-content-slider avia-content-slider-active avia-product-slider1 avia-content-slider-even  avia-builder-el-10  el_after_pixel_sc_headline  el_before_av_button   shop_columns_4' ><div class='avia-content-slider-inner'><ul class=\"products slide-entry-wrap\"><li class=\"product type-product post-51609 status-publish first instock product_cat-nastro-adesivo-per-tessuti product_cat-nastri-rivestiti-in-plastica product_cat-nastri-monoadesivi product_cat-nastro-rivestito-in-pe has-post-thumbnail taxable shipping-taxable purchasable product-type-variable\">\n\t<div class='inner_product main_color wrapped_style noLightbox  av-product-class-no_button'><a href=\"https:\/\/cardinal-tapes.com\/it\/nastri-adesivi\/nastri-monoadesivi\/nastro-rivestito-in-pe\/ca-33-pe-rivestito-tessuto-nastro-adesivo\/\" class=\"woocommerce-LoopProduct-link woocommerce-loop-product__link\"><div class=\"thumbnail_container\"><img decoding=\"async\" loading=\"lazy\" width=\"450\" height=\"450\" src=\"https:\/\/cardinal-tapes.com\/wp-content\/uploads\/ca-33_01-450x450.jpg\" class=\"wp-image-27825 avia-img-lazy-loading-27825 attachment-shop_catalog size-shop_catalog wp-post-image\" alt=\"Nastro per bordi di moquette plastificato CA-33 - unilaterale, Tessuto, Gomma naturale - Illustrazione 27825\" srcset=\"https:\/\/cardinal-tapes.com\/wp-content\/uploads\/ca-33_01-450x450.jpg 450w, https:\/\/cardinal-tapes.com\/wp-content\/uploads\/ca-33_01-120x120.jpg 120w, https:\/\/cardinal-tapes.com\/wp-content\/uploads\/ca-33_01-80x80.jpg 80w, https:\/\/cardinal-tapes.com\/wp-content\/uploads\/ca-33_01-200x200.jpg 200w, https:\/\/cardinal-tapes.com\/wp-content\/uploads\/ca-33_01-768x768.jpg 768w, https:\/\/cardinal-tapes.com\/wp-content\/uploads\/ca-33_01-1030x1030.jpg 1030w, https:\/\/cardinal-tapes.com\/wp-content\/uploads\/ca-33_01-36x36.jpg 36w, https:\/\/cardinal-tapes.com\/wp-content\/uploads\/ca-33_01-180x180.jpg 180w, https:\/\/cardinal-tapes.com\/wp-content\/uploads\/ca-33_01-705x705.jpg 705w, https:\/\/cardinal-tapes.com\/wp-content\/uploads\/ca-33_01-100x100.jpg 100w, https:\/\/cardinal-tapes.com\/wp-content\/uploads\/ca-33_01.jpg 1400w\" sizes=\"auto, (max-width: 450px) 100vw, 450px\" \/><\/div><div class='inner_product_header'><div class='avia-arrow'><\/div><div class='inner_product_header_table'><div class='inner_product_header_cell'><span class=\"is-h2 woocommerce-loop-product__title\">Nastro per bordi di moquette plastificato CA-33<\/span>\t\t<div class=\"product-infos\">\n\t\t\t\t\t\t\t<span class='product-infos__item'><b>Rivestimento:<\/b> unilaterale<\/span>\n\t\t\t\t\t\t\t\t\t\t<span class='product-infos__item'><b>Tipo di materiale:<\/b> Tessuto<\/span>\n\t\t\t\t\t\t\t\t\t\t<span class='product-infos__item'><b>Produttore:<\/b> cardinal GmbH<\/span>\n\t\t\t\t\t\t\t\t\t\t<span class='product-infos__item'><b>Prezzo su richiesta<\/b><\/span>\n\t\t\t\t\t<\/div>\n\t<\/div><\/div><\/div><\/a><\/div><\/li>\n<li class=\"product type-product post-41868 status-publish instock product_cat-nastri-per-la-marcatura-dei-pavimenti product_cat-nastro-adesivo-per-tessuti product_cat-nastri-monoadesivi product_cat-film-in-pvc has-post-thumbnail sale taxable shipping-taxable purchasable product-type-variable\">\n\t<div class='inner_product main_color wrapped_style noLightbox product_on_sale av-product-class-no_button'><a href=\"https:\/\/cardinal-tapes.com\/it\/nastri-adesivi\/nastri-monoadesivi\/film-in-pvc\/nastro-marcatore-per-pavimenti-at8\/\" class=\"woocommerce-LoopProduct-link woocommerce-loop-product__link\"><div class=\"thumbnail_container\"><img decoding=\"async\" loading=\"lazy\" width=\"450\" height=\"450\" src=\"https:\/\/cardinal-tapes.com\/wp-content\/uploads\/Advance-Tapes_AT0008_Group-450x450.jpg\" class=\"wp-image-28617 avia-img-lazy-loading-28617 attachment-shop_catalog size-shop_catalog wp-post-image\" alt=\"AT8 Nastro segnaletico per pavimenti - unilaterale, Pellicola in PVC, Gomma naturale - Illustrazione 28617\" srcset=\"https:\/\/cardinal-tapes.com\/wp-content\/uploads\/Advance-Tapes_AT0008_Group-450x450.jpg 450w, https:\/\/cardinal-tapes.com\/wp-content\/uploads\/Advance-Tapes_AT0008_Group-120x120.jpg 120w, https:\/\/cardinal-tapes.com\/wp-content\/uploads\/Advance-Tapes_AT0008_Group-80x80.jpg 80w, https:\/\/cardinal-tapes.com\/wp-content\/uploads\/Advance-Tapes_AT0008_Group-200x200.jpg 200w, https:\/\/cardinal-tapes.com\/wp-content\/uploads\/Advance-Tapes_AT0008_Group-36x36.jpg 36w, https:\/\/cardinal-tapes.com\/wp-content\/uploads\/Advance-Tapes_AT0008_Group-180x180.jpg 180w, https:\/\/cardinal-tapes.com\/wp-content\/uploads\/Advance-Tapes_AT0008_Group-100x100.jpg 100w, https:\/\/cardinal-tapes.com\/wp-content\/uploads\/Advance-Tapes_AT0008_Group.jpg 600w\" sizes=\"auto, (max-width: 450px) 100vw, 450px\" \/><\/div><div class='inner_product_header'><div class='avia-arrow'><\/div><div class='inner_product_header_table'><div class='inner_product_header_cell'><span class=\"is-h2 woocommerce-loop-product__title\">AT8 Nastro segnaletico per pavimenti<\/span>\t\t<div class=\"product-infos\">\n\t\t\t\t\t\t\t<span class='product-infos__item'><b>Rivestimento:<\/b> unilaterale<\/span>\n\t\t\t\t\t\t\t\t\t\t<span class='product-infos__item'><b>Tipo di materiale:<\/b> Pellicola in PVC<\/span>\n\t\t\t\t\t\t\t\t\t\t<span class='product-infos__item'><b>Produttore:<\/b> Advance Tapes<\/span>\n\t\t\t\t\t\t\t\t\t\t<span class='product-infos__item'><b>Prezzo su richiesta<\/b><\/span>\n\t\t\t\t\t<\/div>\n\t\n\t<span class=\"onsale\">In offerta!<\/span>\n\t<\/div><\/div><\/div><\/a><\/div><\/li>\n<li class=\"product type-product post-41902 status-publish instock product_cat-nastri-monoadesivi product_cat-nastro-rivestito-in-pe product_cat-nastro-adesivo-per-tessuti product_cat-nastri-rivestiti-in-plastica has-post-thumbnail taxable shipping-taxable purchasable product-type-variable\">\n\t<div class='inner_product main_color wrapped_style noLightbox  av-product-class-no_button'><a href=\"https:\/\/cardinal-tapes.com\/it\/nastri-adesivi\/nastri-monoadesivi\/nastro-rivestito-in-pe\/at160-tessuto-impermeabile-tape-in-qualita-premium-con-superficie-opaca\/\" class=\"woocommerce-LoopProduct-link woocommerce-loop-product__link\"><div class=\"thumbnail_container\"><img decoding=\"async\" loading=\"lazy\" width=\"450\" height=\"450\" src=\"https:\/\/cardinal-tapes.com\/wp-content\/uploads\/Advance-Tapes_AT160_Group-450x450.jpg\" class=\"wp-image-28613 avia-img-lazy-loading-28613 attachment-shop_catalog size-shop_catalog wp-post-image\" alt=\"AT160 nastro in tessuto impermeabile con superficie opaca - unilaterale, Tessuto, Gomma naturale - Illustrazione 28613\" srcset=\"https:\/\/cardinal-tapes.com\/wp-content\/uploads\/Advance-Tapes_AT160_Group-450x450.jpg 450w, https:\/\/cardinal-tapes.com\/wp-content\/uploads\/Advance-Tapes_AT160_Group-120x120.jpg 120w, https:\/\/cardinal-tapes.com\/wp-content\/uploads\/Advance-Tapes_AT160_Group-80x80.jpg 80w, https:\/\/cardinal-tapes.com\/wp-content\/uploads\/Advance-Tapes_AT160_Group-200x200.jpg 200w, https:\/\/cardinal-tapes.com\/wp-content\/uploads\/Advance-Tapes_AT160_Group-36x36.jpg 36w, https:\/\/cardinal-tapes.com\/wp-content\/uploads\/Advance-Tapes_AT160_Group-180x180.jpg 180w, https:\/\/cardinal-tapes.com\/wp-content\/uploads\/Advance-Tapes_AT160_Group-100x100.jpg 100w, https:\/\/cardinal-tapes.com\/wp-content\/uploads\/Advance-Tapes_AT160_Group.jpg 600w\" sizes=\"auto, (max-width: 450px) 100vw, 450px\" \/><\/div><div class='inner_product_header'><div class='avia-arrow'><\/div><div class='inner_product_header_table'><div class='inner_product_header_cell'><span class=\"is-h2 woocommerce-loop-product__title\">AT160 nastro in tessuto impermeabile con superficie opaca<\/span>\t\t<div class=\"product-infos\">\n\t\t\t\t\t\t\t<span class='product-infos__item'><b>Rivestimento:<\/b> unilaterale<\/span>\n\t\t\t\t\t\t\t\t\t\t<span class='product-infos__item'><b>Tipo di materiale:<\/b> Tessuto<\/span>\n\t\t\t\t\t\t\t\t\t\t<span class='product-infos__item'><b>Produttore:<\/b> Advance Tapes<\/span>\n\t\t\t\t\t\t\t\t\t\t<span class='product-infos__item'><b>Prezzo su richiesta<\/b><\/span>\n\t\t\t\t\t<\/div>\n\t<\/div><\/div><\/div><\/a><\/div><\/li>\n<li class=\"product type-product post-42476 status-publish last instock product_cat-nastro-adesivo-per-tessuti product_cat-nastri-rivestiti-in-plastica product_cat-nastri-monoadesivi product_cat-nastro-rivestito-in-pe has-post-thumbnail taxable shipping-taxable purchasable product-type-variable\">\n\t<div class='inner_product main_color wrapped_style noLightbox  av-product-class-no_button'><a href=\"https:\/\/cardinal-tapes.com\/it\/nastri-adesivi\/nastri-monoadesivi\/nastro-rivestito-in-pe\/at159-tessuto-impermeabile-con-superficie-opaca\/\" class=\"woocommerce-LoopProduct-link woocommerce-loop-product__link\"><div class=\"thumbnail_container\"><img decoding=\"async\" loading=\"lazy\" width=\"450\" height=\"450\" src=\"https:\/\/cardinal-tapes.com\/wp-content\/uploads\/Advance-Tapes_AT160_Group-450x450.jpg\" class=\"wp-image-28613 avia-img-lazy-loading-28613 attachment-shop_catalog size-shop_catalog wp-post-image\" alt=\"AT159 nastro in tessuto impermeabile con superficie opaca - unilaterale, Tessuto, Gomma naturale - Illustrazione 28613\" srcset=\"https:\/\/cardinal-tapes.com\/wp-content\/uploads\/Advance-Tapes_AT160_Group-450x450.jpg 450w, https:\/\/cardinal-tapes.com\/wp-content\/uploads\/Advance-Tapes_AT160_Group-120x120.jpg 120w, https:\/\/cardinal-tapes.com\/wp-content\/uploads\/Advance-Tapes_AT160_Group-80x80.jpg 80w, https:\/\/cardinal-tapes.com\/wp-content\/uploads\/Advance-Tapes_AT160_Group-200x200.jpg 200w, https:\/\/cardinal-tapes.com\/wp-content\/uploads\/Advance-Tapes_AT160_Group-36x36.jpg 36w, https:\/\/cardinal-tapes.com\/wp-content\/uploads\/Advance-Tapes_AT160_Group-180x180.jpg 180w, https:\/\/cardinal-tapes.com\/wp-content\/uploads\/Advance-Tapes_AT160_Group-100x100.jpg 100w, https:\/\/cardinal-tapes.com\/wp-content\/uploads\/Advance-Tapes_AT160_Group.jpg 600w\" sizes=\"auto, (max-width: 450px) 100vw, 450px\" \/><\/div><div class='inner_product_header'><div class='avia-arrow'><\/div><div class='inner_product_header_table'><div class='inner_product_header_cell'><span class=\"is-h2 woocommerce-loop-product__title\">AT159 nastro in tessuto impermeabile con superficie opaca<\/span>\t\t<div class=\"product-infos\">\n\t\t\t\t\t\t\t<span class='product-infos__item'><b>Rivestimento:<\/b> unilaterale<\/span>\n\t\t\t\t\t\t\t\t\t\t<span class='product-infos__item'><b>Tipo di materiale:<\/b> Tessuto<\/span>\n\t\t\t\t\t\t\t\t\t\t<span class='product-infos__item'><b>Produttore:<\/b> Advance Tapes<\/span>\n\t\t\t\t\t\t\t\t\t\t<span class='product-infos__item'><b>Prezzo su richiesta<\/b><\/span>\n\t\t\t\t\t<\/div>\n\t<\/div><\/div><\/div><\/a><\/div><\/li>\n<\/ul><\/div><\/div><div class=\"clear\"><\/div><br \/>\n<div  class='avia-button-wrap av-2rn6mo-bc265c56622a5dbdf0cf3b054ed5f784-wrap avia-button-left '><a href='https:\/\/cardinal-tapes.com\/klebebaender\/'  class='avia-button av-2rn6mo-bc265c56622a5dbdf0cf3b054ed5f784 avia-icon_select-no avia-size-medium avia-position-left avia-color-theme-color layout-border color-white'  ><span class='avia_iconbox_title' >Tutti i prodotti<\/span><\/a><\/div><\/p><\/div>\n","protected":false},"excerpt":{"rendered":"","protected":false},"author":1,"featured_media":0,"parent":30811,"menu_order":26,"comment_status":"closed","ping_status":"closed","template":"","meta":{"_acf_changed":false,"footnotes":""},"class_list":["post-31753","page","type-page","status-publish","hentry"],"acf":[],"yoast_head":"<!-- This site is optimized with the Yoast SEO plugin v27.3 - https:\/\/yoast.com\/product\/yoast-seo-wordpress\/ -->\n<title>Nastri in tessuto - cardinal TAPES<\/title>\n<meta name=\"description\" content=\"Un nastro in tessuto offre diverse propriet\u00e0 vantaggiose. Aderisce molto bene a un&#039;ampia gamma di materiali e ha un&#039;elevata resistenza alla trazione.\" \/>\n<meta name=\"robots\" content=\"index, follow, max-snippet:-1, max-image-preview:large, max-video-preview:-1\" \/>\n<link rel=\"canonical\" href=\"https:\/\/cardinal-tapes.com\/it\/nastri-adesivi-it\/nastro-adesivo-abc\/nastri-in-tessuto\/\" \/>\n<meta property=\"og:locale\" content=\"it_IT\" \/>\n<meta property=\"og:type\" content=\"article\" \/>\n<meta property=\"og:title\" content=\"Nastri in tessuto - cardinal TAPES\" \/>\n<meta property=\"og:description\" content=\"Un nastro in tessuto offre diverse propriet\u00e0 vantaggiose. Aderisce molto bene a un&#039;ampia gamma di materiali e ha un&#039;elevata resistenza alla trazione.\" \/>\n<meta property=\"og:url\" content=\"https:\/\/cardinal-tapes.com\/it\/nastri-adesivi-it\/nastro-adesivo-abc\/nastri-in-tessuto\/\" \/>\n<meta property=\"og:site_name\" content=\"cardinal TAPES\" \/>\n<meta property=\"article:modified_time\" content=\"2023-06-14T08:47:26+00:00\" \/>\n<meta name=\"twitter:card\" content=\"summary_large_image\" \/>\n<meta name=\"twitter:label1\" content=\"Tempo di lettura stimato\" \/>\n\t<meta name=\"twitter:data1\" content=\"14 minuti\" \/>\n<script type=\"application\/ld+json\" class=\"yoast-schema-graph\">{\"@context\":\"https:\\\/\\\/schema.org\",\"@graph\":[{\"@type\":\"WebPage\",\"@id\":\"https:\\\/\\\/cardinal-tapes.com\\\/it\\\/nastri-adesivi-it\\\/nastro-adesivo-abc\\\/nastri-in-tessuto\\\/\",\"url\":\"https:\\\/\\\/cardinal-tapes.com\\\/it\\\/nastri-adesivi-it\\\/nastro-adesivo-abc\\\/nastri-in-tessuto\\\/\",\"name\":\"Nastri in tessuto - cardinal TAPES\",\"isPartOf\":{\"@id\":\"https:\\\/\\\/cardinal-tapes.com\\\/#website\"},\"datePublished\":\"2023-06-02T08:59:53+00:00\",\"dateModified\":\"2023-06-14T08:47:26+00:00\",\"description\":\"Un nastro in tessuto offre diverse propriet\u00e0 vantaggiose. Aderisce molto bene a un'ampia gamma di materiali e ha un'elevata resistenza alla trazione.\",\"breadcrumb\":{\"@id\":\"https:\\\/\\\/cardinal-tapes.com\\\/it\\\/nastri-adesivi-it\\\/nastro-adesivo-abc\\\/nastri-in-tessuto\\\/#breadcrumb\"},\"inLanguage\":\"it-IT\",\"potentialAction\":[{\"@type\":\"ReadAction\",\"target\":[\"https:\\\/\\\/cardinal-tapes.com\\\/it\\\/nastri-adesivi-it\\\/nastro-adesivo-abc\\\/nastri-in-tessuto\\\/\"]}]},{\"@type\":\"BreadcrumbList\",\"@id\":\"https:\\\/\\\/cardinal-tapes.com\\\/it\\\/nastri-adesivi-it\\\/nastro-adesivo-abc\\\/nastri-in-tessuto\\\/#breadcrumb\",\"itemListElement\":[{\"@type\":\"ListItem\",\"position\":1,\"name\":\"Startseite\",\"item\":\"https:\\\/\\\/cardinal-tapes.com\\\/it\\\/casa\\\/\"},{\"@type\":\"ListItem\",\"position\":2,\"name\":\"Nastri adesivi\",\"item\":\"https:\\\/\\\/cardinal-tapes.com\\\/it\\\/nastri-adesivi-it\\\/\"},{\"@type\":\"ListItem\",\"position\":3,\"name\":\"Nastro adesivo ABC\",\"item\":\"https:\\\/\\\/cardinal-tapes.com\\\/it\\\/nastri-adesivi-it__trashed\\\/nastro-adesivo-abc\\\/\"},{\"@type\":\"ListItem\",\"position\":4,\"name\":\"Nastri in tessuto\"}]},{\"@type\":\"WebSite\",\"@id\":\"https:\\\/\\\/cardinal-tapes.com\\\/#website\",\"url\":\"https:\\\/\\\/cardinal-tapes.com\\\/\",\"name\":\"cardinal TAPES\",\"description\":\"Klebetechnik aus Wuppertal\",\"potentialAction\":[{\"@type\":\"SearchAction\",\"target\":{\"@type\":\"EntryPoint\",\"urlTemplate\":\"https:\\\/\\\/cardinal-tapes.com\\\/?s={search_term_string}\"},\"query-input\":{\"@type\":\"PropertyValueSpecification\",\"valueRequired\":true,\"valueName\":\"search_term_string\"}}],\"inLanguage\":\"it-IT\"}]}<\/script>\n<!-- \/ Yoast SEO plugin. -->","yoast_head_json":{"title":"Nastri in tessuto - cardinal TAPES","description":"Un nastro in tessuto offre diverse propriet\u00e0 vantaggiose. Aderisce molto bene a un'ampia gamma di materiali e ha un'elevata resistenza alla trazione.","robots":{"index":"index","follow":"follow","max-snippet":"max-snippet:-1","max-image-preview":"max-image-preview:large","max-video-preview":"max-video-preview:-1"},"canonical":"https:\/\/cardinal-tapes.com\/it\/nastri-adesivi-it\/nastro-adesivo-abc\/nastri-in-tessuto\/","og_locale":"it_IT","og_type":"article","og_title":"Nastri in tessuto - cardinal TAPES","og_description":"Un nastro in tessuto offre diverse propriet\u00e0 vantaggiose. Aderisce molto bene a un'ampia gamma di materiali e ha un'elevata resistenza alla trazione.","og_url":"https:\/\/cardinal-tapes.com\/it\/nastri-adesivi-it\/nastro-adesivo-abc\/nastri-in-tessuto\/","og_site_name":"cardinal TAPES","article_modified_time":"2023-06-14T08:47:26+00:00","twitter_card":"summary_large_image","twitter_misc":{"Tempo di lettura stimato":"14 minuti"},"schema":{"@context":"https:\/\/schema.org","@graph":[{"@type":"WebPage","@id":"https:\/\/cardinal-tapes.com\/it\/nastri-adesivi-it\/nastro-adesivo-abc\/nastri-in-tessuto\/","url":"https:\/\/cardinal-tapes.com\/it\/nastri-adesivi-it\/nastro-adesivo-abc\/nastri-in-tessuto\/","name":"Nastri in tessuto - cardinal TAPES","isPartOf":{"@id":"https:\/\/cardinal-tapes.com\/#website"},"datePublished":"2023-06-02T08:59:53+00:00","dateModified":"2023-06-14T08:47:26+00:00","description":"Un nastro in tessuto offre diverse propriet\u00e0 vantaggiose. Aderisce molto bene a un'ampia gamma di materiali e ha un'elevata resistenza alla trazione.","breadcrumb":{"@id":"https:\/\/cardinal-tapes.com\/it\/nastri-adesivi-it\/nastro-adesivo-abc\/nastri-in-tessuto\/#breadcrumb"},"inLanguage":"it-IT","potentialAction":[{"@type":"ReadAction","target":["https:\/\/cardinal-tapes.com\/it\/nastri-adesivi-it\/nastro-adesivo-abc\/nastri-in-tessuto\/"]}]},{"@type":"BreadcrumbList","@id":"https:\/\/cardinal-tapes.com\/it\/nastri-adesivi-it\/nastro-adesivo-abc\/nastri-in-tessuto\/#breadcrumb","itemListElement":[{"@type":"ListItem","position":1,"name":"Startseite","item":"https:\/\/cardinal-tapes.com\/it\/casa\/"},{"@type":"ListItem","position":2,"name":"Nastri adesivi","item":"https:\/\/cardinal-tapes.com\/it\/nastri-adesivi-it\/"},{"@type":"ListItem","position":3,"name":"Nastro adesivo ABC","item":"https:\/\/cardinal-tapes.com\/it\/nastri-adesivi-it__trashed\/nastro-adesivo-abc\/"},{"@type":"ListItem","position":4,"name":"Nastri in tessuto"}]},{"@type":"WebSite","@id":"https:\/\/cardinal-tapes.com\/#website","url":"https:\/\/cardinal-tapes.com\/","name":"cardinal TAPES","description":"Klebetechnik aus Wuppertal","potentialAction":[{"@type":"SearchAction","target":{"@type":"EntryPoint","urlTemplate":"https:\/\/cardinal-tapes.com\/?s={search_term_string}"},"query-input":{"@type":"PropertyValueSpecification","valueRequired":true,"valueName":"search_term_string"}}],"inLanguage":"it-IT"}]}},"_links":{"self":[{"href":"https:\/\/cardinal-tapes.com\/it\/wp-json\/wp\/v2\/pages\/31753","targetHints":{"allow":["GET"]}}],"collection":[{"href":"https:\/\/cardinal-tapes.com\/it\/wp-json\/wp\/v2\/pages"}],"about":[{"href":"https:\/\/cardinal-tapes.com\/it\/wp-json\/wp\/v2\/types\/page"}],"author":[{"embeddable":true,"href":"https:\/\/cardinal-tapes.com\/it\/wp-json\/wp\/v2\/users\/1"}],"replies":[{"embeddable":true,"href":"https:\/\/cardinal-tapes.com\/it\/wp-json\/wp\/v2\/comments?post=31753"}],"version-history":[{"count":0,"href":"https:\/\/cardinal-tapes.com\/it\/wp-json\/wp\/v2\/pages\/31753\/revisions"}],"up":[{"embeddable":true,"href":"https:\/\/cardinal-tapes.com\/it\/wp-json\/wp\/v2\/pages\/30811"}],"wp:attachment":[{"href":"https:\/\/cardinal-tapes.com\/it\/wp-json\/wp\/v2\/media?parent=31753"}],"curies":[{"name":"wp","href":"https:\/\/api.w.org\/{rel}","templated":true}]}}