{"id":31687,"date":"2023-06-02T10:59:52","date_gmt":"2023-06-02T08:59:52","guid":{"rendered":"https:\/\/cardinal.pixel-tal.de\/nastri-adesivi\/nastro-adesivo-abc\/adesivi-liquidi\/"},"modified":"2023-06-14T10:47:22","modified_gmt":"2023-06-14T08:47:22","slug":"adesivi-liquidi","status":"publish","type":"page","link":"https:\/\/cardinal-tapes.com\/it\/nastri-adesivi-it\/nastro-adesivo-abc\/adesivi-liquidi\/","title":{"rendered":"Adesivi liquidi"},"content":{"rendered":"<div id='av_section_1'  class='avia-section av-cs8d62-27ab67ed7d74aef49f4db39044ffe230 alternate_color avia-section-default avia-no-border-styling  avia-builder-el-0  el_before_av_section  avia-builder-el-first  avia-bg-style-scroll container_wrap fullsize'  ><div class='container av-section-cont-open' ><main  role=\"main\" itemprop=\"mainContentOfPage\"  class='template-page content  av-content-full alpha units'><div class='post-entry post-entry-type-page post-entry-31687'><div class='entry-content-wrapper clearfix'>\n<div  class='flex_column av-116ta2-1b6d7d5e6ce972ebc1d9cd3c6f3fd39d av_one_full  avia-builder-el-1  el_before_av_one_half  avia-builder-el-first  first flex_column_div  '     ><div class=\"pxl-headline pxl-hl hl-wrap | hl-sub--off hl--align-left hl--no-margin    \">\n        <div class=\"hl-inner\">\n            <h2 class=\"hl-main hl-line |  hl_main--default  \">Adesivi liquidi<\/h2>\n            \n    <\/div>\n<\/div><\/div><div  class='flex_column av-9ppvuy-1aa34d3dd7061d68f727cd35d7075b1b av_one_half  avia-builder-el-3  el_after_av_one_full  el_before_av_one_half  first flex_column_div  column-top-margin'     ><section  class='av_textblock_section av-bin7dm-d89811aeab65aec347688f3cbfa9e278 '   itemscope=\"itemscope\" itemtype=\"https:\/\/schema.org\/CreativeWork\" ><div class='avia_textblock'  itemprop=\"text\" ><p>I nostri adesivi liquidi sono utilizzati quando i clienti desiderano un&#8217;adesione immediata. La facilit\u00e0 di manipolazione e la rapidit\u00e0 con cui si ottiene l&#8217;adesione finale sono chiari vantaggi dei nostri adesivi liquidi. In qualit\u00e0 di distributore specializzato di adesivi liquidi, cardinal TAPES pu\u00f2 agire in modo particolarmente rapido e flessibile per il cliente sul mercato con percorsi decisionali brevi.<\/p>\n<\/div><\/section><\/div><div  class='flex_column av-86naei-a77a4f13ed107bade0b0b33e5384a106 av_one_half  avia-builder-el-5  el_after_av_one_half  avia-builder-el-last  flex_column_div  column-top-margin'     ><section  class='av_textblock_section av-875xp6-f83a70122c7db6385b1050efe9582e88 '   itemscope=\"itemscope\" itemtype=\"https:\/\/schema.org\/CreativeWork\" ><div class='avia_textblock'  itemprop=\"text\" ><h4>I nostri adesivi liquidi<\/h4>\n<p>La nostra gamma di prodotti viene costantemente ampliata e quindi costantemente aggiornata con gli ultimi sviluppi. Le nostre resine impregnanti, gli adesivi a polimerizzazione UV, gli adesivi cianoacrilici e gli adesivi epossidici e PU sono utilizzati in molti settori diversi. I nostri adesivi sono utilizzati, ad esempio, per il trattamento delle superfici, la sigillatura delle superfici, l&#8217;incollaggio e la sigillatura del vetro e la riparazione delle finestre.<\/p>\n<p>Il seguente elenco dei nostri adesivi liquidi serve come panoramica di massima; troverete una selezione di nastri adesivi che sono stati sviluppati per applicazioni e clienti specifici. Se non trovate qui la soluzione adatta alle vostre esigenze particolari, contattateci <a href=\"\/ueber-cardinal\/kontakt\/\">personalmente<\/a>.<\/p>\n<\/div><\/section><\/div>\n\n<\/div><\/div><\/main><!-- close content main element --><\/div><\/div><div id='av_section_2'  class='avia-section av-67mhne-0a2b0f556d4df003e2177de9c9a57980 main_color avia-section-default avia-no-border-styling  avia-builder-el-7  el_after_av_section  avia-builder-el-last  gradient-section avia-bg-style-scroll container_wrap fullsize'  ><div class='container av-section-cont-open' ><div class='template-page content  av-content-full alpha units'><div class='post-entry post-entry-type-page post-entry-31687'><div class='entry-content-wrapper clearfix'>\n<div  class='flex_column av-4mu5yy-fc8e44d14c65d37f6b3b83ad9ff85f22 av_one_full  avia-builder-el-8  avia-builder-el-no-sibling  first flex_column_div  '     ><p><div class=\"pxl-headline pxl-hl hl-wrap | hl-sub--off hl--align-left hl--no-margin    \">\n        <div class=\"hl-inner\">\n            <h2 class=\"hl-main hl-line |  hl_main--default  \">Prodotti interessanti<\/h2>\n            \n    <\/div>\n<\/div>\n<br \/>\n<div   data-autoplay=''  data-interval='5'  data-animation='fade'  data-hoverpause='1'  class='template-shop avia-content-slider avia-content-slider-active avia-product-slider1 avia-content-slider-even  avia-builder-el-10  el_after_pixel_sc_headline  el_before_av_button   shop_columns_4' ><div class='avia-content-slider-inner'><ul class=\"products slide-entry-wrap\"><li class=\"product type-product post-51563 status-publish first instock product_cat-adesivi-liquidi product_cat-adesivi has-post-thumbnail taxable shipping-taxable purchasable product-type-simple\">\n\t<div class='inner_product main_color wrapped_style noLightbox  av-product-class-no_button'><a href=\"https:\/\/cardinal-tapes.com\/it\/nastri-adesivi\/adesivi-liquidi\/adesivi\/pulitore-industriale-3m\/\" class=\"woocommerce-LoopProduct-link woocommerce-loop-product__link\"><div class=\"thumbnail_container\"><img decoding=\"async\" loading=\"lazy\" width=\"180\" height=\"300\" src=\"https:\/\/cardinal-tapes.com\/wp-content\/uploads\/3m-ic-photo-500-ml-fb-180x300.jpg\" class=\"wp-image-27333 avia-img-lazy-loading-27333 attachment-shop_catalog size-shop_catalog wp-post-image\" alt=\"Detergente industriale 3M - , ,  - Illustrazione 27333\" \/><span class=\"cart-loading\"><\/span><\/div><div class='inner_product_header'><div class='avia-arrow'><\/div><div class='inner_product_header_table'><div class='inner_product_header_cell'><span class=\"is-h2 woocommerce-loop-product__title\">Detergente industriale 3M<\/span>\t\t<div class=\"product-infos\">\n\t\t\t\t\t\t\t\t\t\t\t\t\t<span class='product-infos__item'><b>Produttore:<\/b> 3M<\/span>\n\t\t\t\t\t\t\t\t\t\t<span class='product-infos__item'><b>Prezzo su richiesta<\/b><\/span>\n\t\t\t\t\t<\/div>\n\t<\/div><\/div><\/div><\/a><\/div><\/li>\n<li class=\"product type-product post-60334 status-publish instock product_cat-adesivi has-post-thumbnail taxable shipping-taxable purchasable product-type-simple\">\n\t<div class='inner_product main_color wrapped_style noLightbox  av-product-class-no_button'><a href=\"https:\/\/cardinal-tapes.com\/it\/nastri-adesivi\/adesivi-liquidi\/adesivi\/3m-76-aerosol-adesivo-a-base-di-elastomeri-sintetici\/\" class=\"woocommerce-LoopProduct-link woocommerce-loop-product__link\"><div class=\"thumbnail_container\"><img decoding=\"async\" loading=\"lazy\" width=\"450\" height=\"450\" src=\"https:\/\/cardinal-tapes.com\/wp-content\/uploads\/3m_aerosol-klebstoff_76-450x450.jpg\" class=\"wp-image-25461 avia-img-lazy-loading-25461 attachment-shop_catalog size-shop_catalog wp-post-image\" alt=\"3M\u2122 76 Adesivo aerosol a base di elastomeri sintetici - , , Elastomeri - Illustrazione 25461\" srcset=\"https:\/\/cardinal-tapes.com\/wp-content\/uploads\/3m_aerosol-klebstoff_76-450x450.jpg 450w, https:\/\/cardinal-tapes.com\/wp-content\/uploads\/3m_aerosol-klebstoff_76-120x120.jpg 120w, https:\/\/cardinal-tapes.com\/wp-content\/uploads\/3m_aerosol-klebstoff_76-80x80.jpg 80w, https:\/\/cardinal-tapes.com\/wp-content\/uploads\/3m_aerosol-klebstoff_76-200x200.jpg 200w, https:\/\/cardinal-tapes.com\/wp-content\/uploads\/3m_aerosol-klebstoff_76-36x36.jpg 36w, https:\/\/cardinal-tapes.com\/wp-content\/uploads\/3m_aerosol-klebstoff_76-180x180.jpg 180w, https:\/\/cardinal-tapes.com\/wp-content\/uploads\/3m_aerosol-klebstoff_76-100x100.jpg 100w, https:\/\/cardinal-tapes.com\/wp-content\/uploads\/3m_aerosol-klebstoff_76.jpg 600w\" sizes=\"auto, (max-width: 450px) 100vw, 450px\" \/><span class=\"cart-loading\"><\/span><\/div><div class='inner_product_header'><div class='avia-arrow'><\/div><div class='inner_product_header_table'><div class='inner_product_header_cell'><span class=\"is-h2 woocommerce-loop-product__title\">3M\u2122 76 Adesivo aerosol a base di elastomeri sintetici<\/span>\t\t<div class=\"product-infos\">\n\t\t\t\t\t\t\t\t\t\t\t\t\t<span class='product-infos__item'><b>Produttore:<\/b> 3M<\/span>\n\t\t\t\t\t\t\t\t\t\t<span class='product-infos__item'><b>Prezzo su richiesta<\/b><\/span>\n\t\t\t\t\t<\/div>\n\t<\/div><\/div><\/div><\/a><\/div><\/li>\n<li class=\"product type-product post-60340 status-publish instock product_cat-adesivi has-post-thumbnail taxable shipping-taxable purchasable product-type-simple\">\n\t<div class='inner_product main_color wrapped_style noLightbox  av-product-class-no_button'><a href=\"https:\/\/cardinal-tapes.com\/it\/nastri-adesivi\/adesivi-liquidi\/adesivi\/3m-80-aerosol-adesivo-a-base-di-policloroprene\/\" class=\"woocommerce-LoopProduct-link woocommerce-loop-product__link\"><div class=\"thumbnail_container\"><img decoding=\"async\" loading=\"lazy\" width=\"450\" height=\"450\" src=\"https:\/\/cardinal-tapes.com\/wp-content\/uploads\/3m_aerosol-klebstoff_80-450x450.jpg\" class=\"wp-image-25481 avia-img-lazy-loading-25481 attachment-shop_catalog size-shop_catalog wp-post-image\" alt=\"Adesivo a base di policloroprene 3M\u2122 80 Aaerosol - , ,  - Illustrazione 25481\" srcset=\"https:\/\/cardinal-tapes.com\/wp-content\/uploads\/3m_aerosol-klebstoff_80-450x450.jpg 450w, https:\/\/cardinal-tapes.com\/wp-content\/uploads\/3m_aerosol-klebstoff_80-120x120.jpg 120w, https:\/\/cardinal-tapes.com\/wp-content\/uploads\/3m_aerosol-klebstoff_80-80x80.jpg 80w, https:\/\/cardinal-tapes.com\/wp-content\/uploads\/3m_aerosol-klebstoff_80-200x200.jpg 200w, https:\/\/cardinal-tapes.com\/wp-content\/uploads\/3m_aerosol-klebstoff_80-36x36.jpg 36w, https:\/\/cardinal-tapes.com\/wp-content\/uploads\/3m_aerosol-klebstoff_80-180x180.jpg 180w, https:\/\/cardinal-tapes.com\/wp-content\/uploads\/3m_aerosol-klebstoff_80-100x100.jpg 100w, https:\/\/cardinal-tapes.com\/wp-content\/uploads\/3m_aerosol-klebstoff_80.jpg 600w\" sizes=\"auto, (max-width: 450px) 100vw, 450px\" \/><span class=\"cart-loading\"><\/span><\/div><div class='inner_product_header'><div class='avia-arrow'><\/div><div class='inner_product_header_table'><div class='inner_product_header_cell'><span class=\"is-h2 woocommerce-loop-product__title\">Adesivo a base di policloroprene 3M\u2122 80 Aaerosol<\/span>\t\t<div class=\"product-infos\">\n\t\t\t\t\t\t\t\t\t\t\t\t\t<span class='product-infos__item'><b>Produttore:<\/b> 3M<\/span>\n\t\t\t\t\t\t\t\t\t\t<span class='product-infos__item'><b>Prezzo su richiesta<\/b><\/span>\n\t\t\t\t\t<\/div>\n\t<\/div><\/div><\/div><\/a><\/div><\/li>\n<li class=\"product type-product post-60343 status-publish last instock product_cat-adesivi has-post-thumbnail taxable shipping-taxable purchasable product-type-simple\">\n\t<div class='inner_product main_color wrapped_style noLightbox  av-product-class-no_button'><a href=\"https:\/\/cardinal-tapes.com\/it\/nastri-adesivi\/adesivi-liquidi\/adesivi\/3m-75-aerosol-adesivo-a-base-di-elastomeri-sintetici\/\" class=\"woocommerce-LoopProduct-link woocommerce-loop-product__link\"><div class=\"thumbnail_container\"><img decoding=\"async\" loading=\"lazy\" width=\"450\" height=\"450\" src=\"https:\/\/cardinal-tapes.com\/wp-content\/uploads\/3m_aerosol-klebstoff_75-450x450.jpg\" class=\"wp-image-25485 avia-img-lazy-loading-25485 attachment-shop_catalog size-shop_catalog wp-post-image\" alt=\"3M\u2122 75 Adesivo aerosol a base di elastomeri sintetici - , , Elastomeri - Illustrazione 25485\" srcset=\"https:\/\/cardinal-tapes.com\/wp-content\/uploads\/3m_aerosol-klebstoff_75-450x450.jpg 450w, https:\/\/cardinal-tapes.com\/wp-content\/uploads\/3m_aerosol-klebstoff_75-120x120.jpg 120w, https:\/\/cardinal-tapes.com\/wp-content\/uploads\/3m_aerosol-klebstoff_75-80x80.jpg 80w, https:\/\/cardinal-tapes.com\/wp-content\/uploads\/3m_aerosol-klebstoff_75-200x200.jpg 200w, https:\/\/cardinal-tapes.com\/wp-content\/uploads\/3m_aerosol-klebstoff_75-36x36.jpg 36w, https:\/\/cardinal-tapes.com\/wp-content\/uploads\/3m_aerosol-klebstoff_75-180x180.jpg 180w, https:\/\/cardinal-tapes.com\/wp-content\/uploads\/3m_aerosol-klebstoff_75-100x100.jpg 100w, https:\/\/cardinal-tapes.com\/wp-content\/uploads\/3m_aerosol-klebstoff_75.jpg 600w\" sizes=\"auto, (max-width: 450px) 100vw, 450px\" \/><span class=\"cart-loading\"><\/span><\/div><div class='inner_product_header'><div class='avia-arrow'><\/div><div class='inner_product_header_table'><div class='inner_product_header_cell'><span class=\"is-h2 woocommerce-loop-product__title\">3M\u2122 75 Adesivo aerosol a base di elastomeri sintetici<\/span>\t\t<div class=\"product-infos\">\n\t\t\t\t\t\t\t\t\t\t\t\t\t<span class='product-infos__item'><b>Produttore:<\/b> 3M<\/span>\n\t\t\t\t\t\t\t\t\t\t<span class='product-infos__item'><b>Prezzo su richiesta<\/b><\/span>\n\t\t\t\t\t<\/div>\n\t<\/div><\/div><\/div><\/a><\/div><\/li>\n<\/ul><\/div><\/div><div class=\"clear\"><\/div><br \/>\n<div  class='avia-button-wrap av-1u0eoa-6f546fe4f6392bfc8946aa9d1393cb53-wrap avia-button-left '><a href='https:\/\/cardinal-tapes.com\/klebebaender\/'  class='avia-button av-1u0eoa-6f546fe4f6392bfc8946aa9d1393cb53 avia-icon_select-no avia-size-medium avia-position-left avia-color-theme-color layout-border color-white'  ><span class='avia_iconbox_title' >Tutti i prodotti<\/span><\/a><\/div><\/p><\/div>\n","protected":false},"excerpt":{"rendered":"","protected":false},"author":1,"featured_media":0,"parent":30811,"menu_order":31,"comment_status":"closed","ping_status":"closed","template":"","meta":{"_acf_changed":false,"footnotes":""},"class_list":["post-31687","page","type-page","status-publish","hentry"],"acf":[],"yoast_head":"<!-- This site is optimized with the Yoast SEO plugin v27.4 - https:\/\/yoast.com\/product\/yoast-seo-wordpress\/ -->\n<title>Adesivi liquidi - cardinal TAPES<\/title>\n<meta name=\"description\" content=\"In qualit\u00e0 di distributore specializzato di adesivi liquidi, cardinal TAPES pu\u00f2 agire in modo particolarmente rapido e flessibile per il cliente sul mercato con percorsi decisionali brevi.\" \/>\n<meta name=\"robots\" content=\"index, follow, max-snippet:-1, max-image-preview:large, max-video-preview:-1\" \/>\n<link rel=\"canonical\" href=\"https:\/\/cardinal-tapes.com\/it\/nastri-adesivi-it\/nastro-adesivo-abc\/adesivi-liquidi\/\" \/>\n<meta property=\"og:locale\" content=\"it_IT\" \/>\n<meta property=\"og:type\" content=\"article\" \/>\n<meta property=\"og:title\" content=\"Adesivi liquidi - cardinal TAPES\" \/>\n<meta property=\"og:description\" content=\"In qualit\u00e0 di distributore specializzato di adesivi liquidi, cardinal TAPES pu\u00f2 agire in modo particolarmente rapido e flessibile per il cliente sul mercato con percorsi decisionali brevi.\" \/>\n<meta property=\"og:url\" content=\"https:\/\/cardinal-tapes.com\/it\/nastri-adesivi-it\/nastro-adesivo-abc\/adesivi-liquidi\/\" \/>\n<meta property=\"og:site_name\" content=\"cardinal TAPES\" \/>\n<meta property=\"article:modified_time\" content=\"2023-06-14T08:47:22+00:00\" \/>\n<meta name=\"twitter:card\" content=\"summary_large_image\" \/>\n<meta name=\"twitter:label1\" content=\"Tempo di lettura stimato\" \/>\n\t<meta name=\"twitter:data1\" content=\"14 minuti\" \/>\n<script type=\"application\/ld+json\" class=\"yoast-schema-graph\">{\"@context\":\"https:\\\/\\\/schema.org\",\"@graph\":[{\"@type\":\"WebPage\",\"@id\":\"https:\\\/\\\/cardinal-tapes.com\\\/it\\\/nastri-adesivi-it\\\/nastro-adesivo-abc\\\/adesivi-liquidi\\\/\",\"url\":\"https:\\\/\\\/cardinal-tapes.com\\\/it\\\/nastri-adesivi-it\\\/nastro-adesivo-abc\\\/adesivi-liquidi\\\/\",\"name\":\"Adesivi liquidi - cardinal TAPES\",\"isPartOf\":{\"@id\":\"https:\\\/\\\/cardinal-tapes.com\\\/#website\"},\"datePublished\":\"2023-06-02T08:59:52+00:00\",\"dateModified\":\"2023-06-14T08:47:22+00:00\",\"description\":\"In qualit\u00e0 di distributore specializzato di adesivi liquidi, cardinal TAPES pu\u00f2 agire in modo particolarmente rapido e flessibile per il cliente sul mercato con percorsi decisionali brevi.\",\"breadcrumb\":{\"@id\":\"https:\\\/\\\/cardinal-tapes.com\\\/it\\\/nastri-adesivi-it\\\/nastro-adesivo-abc\\\/adesivi-liquidi\\\/#breadcrumb\"},\"inLanguage\":\"it-IT\",\"potentialAction\":[{\"@type\":\"ReadAction\",\"target\":[\"https:\\\/\\\/cardinal-tapes.com\\\/it\\\/nastri-adesivi-it\\\/nastro-adesivo-abc\\\/adesivi-liquidi\\\/\"]}]},{\"@type\":\"BreadcrumbList\",\"@id\":\"https:\\\/\\\/cardinal-tapes.com\\\/it\\\/nastri-adesivi-it\\\/nastro-adesivo-abc\\\/adesivi-liquidi\\\/#breadcrumb\",\"itemListElement\":[{\"@type\":\"ListItem\",\"position\":1,\"name\":\"Startseite\",\"item\":\"https:\\\/\\\/cardinal-tapes.com\\\/it\\\/casa\\\/\"},{\"@type\":\"ListItem\",\"position\":2,\"name\":\"Nastri adesivi\",\"item\":\"https:\\\/\\\/cardinal-tapes.com\\\/it\\\/nastri-adesivi-it\\\/\"},{\"@type\":\"ListItem\",\"position\":3,\"name\":\"Nastro adesivo ABC\",\"item\":\"https:\\\/\\\/cardinal-tapes.com\\\/it\\\/nastri-adesivi-it__trashed\\\/nastro-adesivo-abc\\\/\"},{\"@type\":\"ListItem\",\"position\":4,\"name\":\"Adesivi liquidi\"}]},{\"@type\":\"WebSite\",\"@id\":\"https:\\\/\\\/cardinal-tapes.com\\\/#website\",\"url\":\"https:\\\/\\\/cardinal-tapes.com\\\/\",\"name\":\"cardinal TAPES\",\"description\":\"Klebetechnik aus Wuppertal\",\"potentialAction\":[{\"@type\":\"SearchAction\",\"target\":{\"@type\":\"EntryPoint\",\"urlTemplate\":\"https:\\\/\\\/cardinal-tapes.com\\\/?s={search_term_string}\"},\"query-input\":{\"@type\":\"PropertyValueSpecification\",\"valueRequired\":true,\"valueName\":\"search_term_string\"}}],\"inLanguage\":\"it-IT\"}]}<\/script>\n<!-- \/ Yoast SEO plugin. -->","yoast_head_json":{"title":"Adesivi liquidi - cardinal TAPES","description":"In qualit\u00e0 di distributore specializzato di adesivi liquidi, cardinal TAPES pu\u00f2 agire in modo particolarmente rapido e flessibile per il cliente sul mercato con percorsi decisionali brevi.","robots":{"index":"index","follow":"follow","max-snippet":"max-snippet:-1","max-image-preview":"max-image-preview:large","max-video-preview":"max-video-preview:-1"},"canonical":"https:\/\/cardinal-tapes.com\/it\/nastri-adesivi-it\/nastro-adesivo-abc\/adesivi-liquidi\/","og_locale":"it_IT","og_type":"article","og_title":"Adesivi liquidi - cardinal TAPES","og_description":"In qualit\u00e0 di distributore specializzato di adesivi liquidi, cardinal TAPES pu\u00f2 agire in modo particolarmente rapido e flessibile per il cliente sul mercato con percorsi decisionali brevi.","og_url":"https:\/\/cardinal-tapes.com\/it\/nastri-adesivi-it\/nastro-adesivo-abc\/adesivi-liquidi\/","og_site_name":"cardinal TAPES","article_modified_time":"2023-06-14T08:47:22+00:00","twitter_card":"summary_large_image","twitter_misc":{"Tempo di lettura stimato":"14 minuti"},"schema":{"@context":"https:\/\/schema.org","@graph":[{"@type":"WebPage","@id":"https:\/\/cardinal-tapes.com\/it\/nastri-adesivi-it\/nastro-adesivo-abc\/adesivi-liquidi\/","url":"https:\/\/cardinal-tapes.com\/it\/nastri-adesivi-it\/nastro-adesivo-abc\/adesivi-liquidi\/","name":"Adesivi liquidi - cardinal TAPES","isPartOf":{"@id":"https:\/\/cardinal-tapes.com\/#website"},"datePublished":"2023-06-02T08:59:52+00:00","dateModified":"2023-06-14T08:47:22+00:00","description":"In qualit\u00e0 di distributore specializzato di adesivi liquidi, cardinal TAPES pu\u00f2 agire in modo particolarmente rapido e flessibile per il cliente sul mercato con percorsi decisionali brevi.","breadcrumb":{"@id":"https:\/\/cardinal-tapes.com\/it\/nastri-adesivi-it\/nastro-adesivo-abc\/adesivi-liquidi\/#breadcrumb"},"inLanguage":"it-IT","potentialAction":[{"@type":"ReadAction","target":["https:\/\/cardinal-tapes.com\/it\/nastri-adesivi-it\/nastro-adesivo-abc\/adesivi-liquidi\/"]}]},{"@type":"BreadcrumbList","@id":"https:\/\/cardinal-tapes.com\/it\/nastri-adesivi-it\/nastro-adesivo-abc\/adesivi-liquidi\/#breadcrumb","itemListElement":[{"@type":"ListItem","position":1,"name":"Startseite","item":"https:\/\/cardinal-tapes.com\/it\/casa\/"},{"@type":"ListItem","position":2,"name":"Nastri adesivi","item":"https:\/\/cardinal-tapes.com\/it\/nastri-adesivi-it\/"},{"@type":"ListItem","position":3,"name":"Nastro adesivo ABC","item":"https:\/\/cardinal-tapes.com\/it\/nastri-adesivi-it__trashed\/nastro-adesivo-abc\/"},{"@type":"ListItem","position":4,"name":"Adesivi liquidi"}]},{"@type":"WebSite","@id":"https:\/\/cardinal-tapes.com\/#website","url":"https:\/\/cardinal-tapes.com\/","name":"cardinal TAPES","description":"Klebetechnik aus Wuppertal","potentialAction":[{"@type":"SearchAction","target":{"@type":"EntryPoint","urlTemplate":"https:\/\/cardinal-tapes.com\/?s={search_term_string}"},"query-input":{"@type":"PropertyValueSpecification","valueRequired":true,"valueName":"search_term_string"}}],"inLanguage":"it-IT"}]}},"_links":{"self":[{"href":"https:\/\/cardinal-tapes.com\/it\/wp-json\/wp\/v2\/pages\/31687","targetHints":{"allow":["GET"]}}],"collection":[{"href":"https:\/\/cardinal-tapes.com\/it\/wp-json\/wp\/v2\/pages"}],"about":[{"href":"https:\/\/cardinal-tapes.com\/it\/wp-json\/wp\/v2\/types\/page"}],"author":[{"embeddable":true,"href":"https:\/\/cardinal-tapes.com\/it\/wp-json\/wp\/v2\/users\/1"}],"replies":[{"embeddable":true,"href":"https:\/\/cardinal-tapes.com\/it\/wp-json\/wp\/v2\/comments?post=31687"}],"version-history":[{"count":0,"href":"https:\/\/cardinal-tapes.com\/it\/wp-json\/wp\/v2\/pages\/31687\/revisions"}],"up":[{"embeddable":true,"href":"https:\/\/cardinal-tapes.com\/it\/wp-json\/wp\/v2\/pages\/30811"}],"wp:attachment":[{"href":"https:\/\/cardinal-tapes.com\/it\/wp-json\/wp\/v2\/media?parent=31687"}],"curies":[{"name":"wp","href":"https:\/\/api.w.org\/{rel}","templated":true}]}}