{"id":31598,"date":"2023-06-02T10:59:50","date_gmt":"2023-06-02T08:59:50","guid":{"rendered":"https:\/\/cardinal.pixel-tal.de\/nastri-adesivi\/aree-di-applicazione\/finitura-del-metallo\/"},"modified":"2023-06-16T16:03:21","modified_gmt":"2023-06-16T14:03:21","slug":"finitura-del-metallo","status":"publish","type":"page","link":"https:\/\/cardinal-tapes.com\/it\/nastri-adesivi-it\/aree-di-applicazione\/finitura-del-metallo\/","title":{"rendered":"Finitura del metallo"},"content":{"rendered":"\t\t\t<div class=\"headerimage-section has-image  \">\n\t\t\t\t\t\t\t\t\t\t\t\t<div class=\"headerimage__bg overlay\" style=\"background-image: url('https:\/\/cardinal-tapes.com\/wp-content\/uploads\/cardinal_kopfbild-verarbeitung-scaled.jpg'); background-repeat: no-repeat; background-position: center; background-size: cover;\"><\/div>\n\t\t\t\t\t\t\t\t\t\t\t\t<div class=\"container\">\n\t\t\t\t\t<div class=\"headerimage__inner\">\n\t\t\t\t\t\t<h1 class=\"headerimage__headline\">Nastri adesivi e sistemi adesivi<\/h1>\t\t\t\t\t\t<span class=\"headerimage__subheadline\">Resistente a calore, fiamme e sostanze chimiche<\/span>\t\t\t\t\t\t\t\t\t\t\t<\/div>\n\t\t\t\t\t\t\t\t\t<\/div>\n\t\t\t<\/div>\n\t\t\t\n<\/div><\/div><\/div><!-- close content main div --><\/div><\/div><div id='av_section_1'  class='avia-section av-1dzykw-cdb6d047b8ab0ce81aa0dd93bbd15104 alternate_color avia-section-default avia-no-border-styling  avia-builder-el-1  el_after_pixel_headimage  el_before_av_section  avia-bg-style-scroll container_wrap fullsize'  ><div class='container av-section-cont-open' ><div class='template-page content  av-content-full alpha units'><div class='post-entry post-entry-type-page post-entry-31598'><div class='entry-content-wrapper clearfix'>\n<div  class='flex_column av-1a7ops-052689a75a412cea9f1b41d98ac3d057 av_two_third  avia-builder-el-2  avia-builder-el-no-sibling  max-width-col two-third first flex_column_div av-animated-generic left-to-right  '     ><p><div class=\"pxl-headline pxl-hl hl-wrap | hl-sub--bot hl--align-left hl--std-margin    \">\n        <div class=\"hl-inner\">\n            <h2 class=\"hl-main hl-line |  hl_main--default  \">Nastri adesivi per la finitura dei metalli<\/h2>\n            <span class=\"hl-sub hl-line |  hl_sub--default  \">Requisiti esigenti, soluzioni personalizzate <\/span>\n    <\/div>\n<\/div>\n<br \/>\n<section  class='av_textblock_section av-lhoxah3q-6fb0448d550293c728b24e4619f075ff '   itemscope=\"itemscope\" itemtype=\"https:\/\/schema.org\/CreativeWork\" ><div class='avia_textblock'  itemprop=\"text\" ><p>I nastri adesivi tecnici sono utilizzati in molti settori dell&#8217;industria, compresa la finitura dei metalli. I <a title=\"Nastri adesivi tecnici in metallo\" href=\"\/klebebaender\/\">nastri adesivi metallici<\/a>, altamente resistenti alla temperatura, agli agenti chimici e alle fiamme, vengono utilizzati pi\u00f9 volte. Uno dei preferiti di sempre nel campo della finitura dei metalli \u00e8 il nastro adesivo in alluminio. Grazie alla sua elevata capacit\u00e0 di carico termico, protegge le superfici sensibili e viene utilizzato per sigillare condotti d&#8217;aria, doppi vetri e per collegare pannelli isolanti. Per ulteriori informazioni sul nastro adesivo in alluminio, utilizzate il nostro <a title=\"Utilizzate il nostro modulo di contatto per ottenere una consulenza\" href=\"\/ueber-cardinal\/kontakt\/\">modulo di richiesta<\/a> o contattateci telefonicamente al numero <a class=\"telelink\" href=\"tel:+490202266850\" target=\"_blank\" rel=\"nofollow\">+49.202.266850<\/a>.<\/p>\n<p>Naturalmente, in qualit\u00e0 di partner commerciale per la tecnologia adesiva pronta per l&#8217;uso, disponiamo di vari nastri adesivi in un&#8217;ampia gamma di finiture, opache o lucide, nei colori argento, nero o bianco. Poich\u00e9 il nostro obiettivo \u00e8 trovare la soluzione migliore per ogni esigenza, cardinal TAPES ha sviluppato una vasta gamma di nastri adesivi tecnici. Per ulteriori informazioni sui nastri adesivi per l&#8217;industria del metallo, \u00e8 possibile <a title=\"Il nostro catalogo di prodotti per nastri adesivi \u00e8 disponibile per il download\" href=\"https:\/\/cardinal-tapes.com\/it\/scaricamento\/\">scaricare<\/a> il nostro nuovo catalogo prodotti. Se desiderate una copia stampata con un campione, non esitate a contattarci.<\/p>\n<p>Cerchiamo sempre di trovare soluzioni ottimali per i vostri desideri individuali.<\/p>\n<\/div><\/section><\/p><\/div>\n\n<\/div><\/div><\/div><!-- close content main div --><\/div><\/div><div id='av_section_2'  class='avia-section av-iru7s-a61a3a9919dfb9747a0d59a860f78450 main_color avia-section-default avia-no-border-styling  avia-builder-el-5  el_after_av_section  avia-builder-el-last  gradient-section avia-bg-style-scroll container_wrap fullsize'  ><div class='container av-section-cont-open' ><div class='template-page content  av-content-full alpha units'><div class='post-entry post-entry-type-page post-entry-31598'><div class='entry-content-wrapper clearfix'>\n<div  class='flex_column av-gtn7k-cf1b2dc47b9fb6371ff9f34db4985012 av_one_full  avia-builder-el-6  avia-builder-el-no-sibling  first flex_column_div av-animated-generic left-to-right  '     ><p><div class=\"pxl-headline pxl-hl hl-wrap | hl-sub--bot hl--align-left hl--no-margin    \">\n        <div class=\"hl-inner\">\n            <h2 class=\"hl-main hl-line |  hl_main--default  \">Caratteristiche del prodotto<\/h2>\n            <span class=\"hl-sub hl-line |  hl_sub--default  \">Innovativo e di alta qualit\u00e0<\/span>\n    <\/div>\n<\/div>\n<br \/>\n<div   data-autoplay=''  data-interval='5'  data-animation='fade'  data-hoverpause='1'  class='template-shop avia-content-slider avia-content-slider-active avia-product-slider1 avia-content-slider-even  avia-builder-el-8  el_after_pixel_sc_headline  el_before_av_button   shop_columns_4' ><div class='avia-content-slider-inner'><ul class=\"products slide-entry-wrap\"><li class=\"product type-product post-75154 status-publish first instock product_cat-riscaldamento-e-condizionamento product_cat-industria-della-plastica product_cat-ingegneria-meccanica product_cat-finitura-del-metallo product_cat-industria-tessile product_cat-nastri-biadesivi product_cat-produzione-e-lavorazione-dellalluminio product_cat-industria-elettrica product_cat-produzione-di-film has-post-thumbnail taxable shipping-taxable purchasable product-type-variable\">\n\t<div class='inner_product main_color wrapped_style noLightbox  av-product-class-no_button'><a href=\"https:\/\/cardinal-tapes.com\/it\/nastri-adesivi\/aree-di-applicazione\/produzione-e-lavorazione-dellalluminio\/ca-418-nastro-adesivo-in-pet-it\/\" class=\"woocommerce-LoopProduct-link woocommerce-loop-product__link\"><div class=\"thumbnail_container\"><img decoding=\"async\" loading=\"lazy\" width=\"380\" height=\"380\" src=\"https:\/\/cardinal-tapes.com\/wp-content\/uploads\/ca_420_19x50mm.jpg\" class=\"wp-image-81356 avia-img-lazy-loading-81356 attachment-shop_catalog size-shop_catalog wp-post-image\" alt=\"CA-420 Nastro adesivo in PET - bifacciale, Film in PET, Solvente acrilato - Illustrazione 81356\" srcset=\"https:\/\/cardinal-tapes.com\/wp-content\/uploads\/ca_420_19x50mm.jpg 380w, https:\/\/cardinal-tapes.com\/wp-content\/uploads\/ca_420_19x50mm-200x200.jpg 200w, https:\/\/cardinal-tapes.com\/wp-content\/uploads\/ca_420_19x50mm-80x80.jpg 80w, https:\/\/cardinal-tapes.com\/wp-content\/uploads\/ca_420_19x50mm-36x36.jpg 36w, https:\/\/cardinal-tapes.com\/wp-content\/uploads\/ca_420_19x50mm-180x180.jpg 180w, https:\/\/cardinal-tapes.com\/wp-content\/uploads\/ca_420_19x50mm-120x120.jpg 120w, https:\/\/cardinal-tapes.com\/wp-content\/uploads\/ca_420_19x50mm-100x100.jpg 100w\" sizes=\"auto, (max-width: 380px) 100vw, 380px\" \/><\/div><div class='inner_product_header'><div class='avia-arrow'><\/div><div class='inner_product_header_table'><div class='inner_product_header_cell'><span class=\"is-h2 woocommerce-loop-product__title\">CA-420 Nastro adesivo in PET<\/span>\t\t<div class=\"product-infos\">\n\t\t\t\t\t\t\t<span class='product-infos__item'><b>Rivestimento:<\/b> bifacciale<\/span>\n\t\t\t\t\t\t\t\t\t\t<span class='product-infos__item'><b>Tipo di materiale:<\/b> Film in PET<\/span>\n\t\t\t\t\t\t\t\t\t\t<span class='product-infos__item'><b>Produttore:<\/b> cardinal GmbH<\/span>\n\t\t\t\t\t\t\t\t\t\t<span class='product-infos__item'><b>Prezzo su richiesta<\/b><\/span>\n\t\t\t\t\t<\/div>\n\t<\/div><\/div><\/div><\/a><\/div><\/li>\n<li class=\"product type-product post-63337 status-publish instock product_cat-nastri-adesivi-in-alluminio product_cat-industria-elettrica product_cat-finitura-del-metallo product_cat-nastri-monoadesivi has-post-thumbnail taxable shipping-taxable purchasable product-type-variable\">\n\t<div class='inner_product main_color wrapped_style noLightbox  av-product-class-no_button'><a href=\"https:\/\/cardinal-tapes.com\/it\/nastri-adesivi\/aree-di-applicazione\/nastri-adesivi-in-alluminio\/3m-435-436-433-431-427-425-doppelseitige-metallklebebaender\/\" class=\"woocommerce-LoopProduct-link woocommerce-loop-product__link\"><div class=\"thumbnail_container\"><img decoding=\"async\" loading=\"lazy\" width=\"450\" height=\"450\" src=\"https:\/\/cardinal-tapes.com\/wp-content\/uploads\/3m_metallklebeband_425-450x450.jpg\" class=\"wp-image-24357 avia-img-lazy-loading-24357 attachment-shop_catalog size-shop_catalog wp-post-image\" alt=\"3M\u2122 425 427 431 433 435 436 Nastri metallici - unilaterale, Metallo, Acrilico - Illustrazione 24357\" srcset=\"https:\/\/cardinal-tapes.com\/wp-content\/uploads\/3m_metallklebeband_425-450x450.jpg 450w, https:\/\/cardinal-tapes.com\/wp-content\/uploads\/3m_metallklebeband_425-120x120.jpg 120w, https:\/\/cardinal-tapes.com\/wp-content\/uploads\/3m_metallklebeband_425-80x80.jpg 80w, https:\/\/cardinal-tapes.com\/wp-content\/uploads\/3m_metallklebeband_425-200x200.jpg 200w, https:\/\/cardinal-tapes.com\/wp-content\/uploads\/3m_metallklebeband_425-36x36.jpg 36w, https:\/\/cardinal-tapes.com\/wp-content\/uploads\/3m_metallklebeband_425-180x180.jpg 180w, https:\/\/cardinal-tapes.com\/wp-content\/uploads\/3m_metallklebeband_425-100x100.jpg 100w, https:\/\/cardinal-tapes.com\/wp-content\/uploads\/3m_metallklebeband_425.jpg 600w\" sizes=\"auto, (max-width: 450px) 100vw, 450px\" \/><\/div><div class='inner_product_header'><div class='avia-arrow'><\/div><div class='inner_product_header_table'><div class='inner_product_header_cell'><span class=\"is-h2 woocommerce-loop-product__title\">3M\u2122 425 427 431 433 435 436 Nastri metallici<\/span>\t\t<div class=\"product-infos\">\n\t\t\t\t\t\t\t<span class='product-infos__item'><b>Rivestimento:<\/b> unilaterale<\/span>\n\t\t\t\t\t\t\t\t\t\t<span class='product-infos__item'><b>Tipo di materiale:<\/b> Metallo<\/span>\n\t\t\t\t\t\t\t\t\t\t<span class='product-infos__item'><b>Produttore:<\/b> 3M<\/span>\n\t\t\t\t\t\t\t\t\t\t<span class='product-infos__item'><b>Prezzo su richiesta<\/b><\/span>\n\t\t\t\t\t<\/div>\n\t<\/div><\/div><\/div><\/a><\/div><\/li>\n<li class=\"product type-product post-55290 status-publish instock product_cat-industria-automobilistica product_cat-industria-del-calcestruzzo product_cat-industria-elettrica product_cat-industria-della-plastica product_cat-ingegneria-meccanica product_cat-presentazione-del-contributo product_cat-finitura-del-metallo product_cat-acciaio-e-vetro product_cat-nastri-biadesivi has-post-thumbnail taxable shipping-taxable purchasable product-type-variable\">\n\t<div class='inner_product main_color wrapped_style noLightbox  av-product-class-no_button'><a href=\"https:\/\/cardinal-tapes.com\/it\/nastri-adesivi\/aree-di-applicazione\/industria-automobilistica\/3m-5925-f-vhb-klebeband\/\" class=\"woocommerce-LoopProduct-link woocommerce-loop-product__link\"><div class=\"thumbnail_container\"><img decoding=\"async\" loading=\"lazy\" width=\"450\" height=\"450\" src=\"https:\/\/cardinal-tapes.com\/wp-content\/uploads\/3m-5952-f-vhb-doppelseitiges-klebeband-450x450.jpg\" class=\"wp-image-26649 avia-img-lazy-loading-26649 attachment-shop_catalog size-shop_catalog wp-post-image\" alt=\"Nastro 3M\u2122 VHB\u2122 5925 F - bifacciale, Schiuma acrilica, Acrilico - Illustrazione 26649\" srcset=\"https:\/\/cardinal-tapes.com\/wp-content\/uploads\/3m-5952-f-vhb-doppelseitiges-klebeband-450x450.jpg 450w, https:\/\/cardinal-tapes.com\/wp-content\/uploads\/3m-5952-f-vhb-doppelseitiges-klebeband-120x120.jpg 120w, https:\/\/cardinal-tapes.com\/wp-content\/uploads\/3m-5952-f-vhb-doppelseitiges-klebeband-80x80.jpg 80w, https:\/\/cardinal-tapes.com\/wp-content\/uploads\/3m-5952-f-vhb-doppelseitiges-klebeband-36x36.jpg 36w, https:\/\/cardinal-tapes.com\/wp-content\/uploads\/3m-5952-f-vhb-doppelseitiges-klebeband-180x180.jpg 180w, https:\/\/cardinal-tapes.com\/wp-content\/uploads\/3m-5952-f-vhb-doppelseitiges-klebeband-100x100.jpg 100w\" sizes=\"auto, (max-width: 450px) 100vw, 450px\" \/><\/div><div class='inner_product_header'><div class='avia-arrow'><\/div><div class='inner_product_header_table'><div class='inner_product_header_cell'><span class=\"is-h2 woocommerce-loop-product__title\">Nastro 3M\u2122 VHB\u2122 5925 F<\/span>\t\t<div class=\"product-infos\">\n\t\t\t\t\t\t\t<span class='product-infos__item'><b>Rivestimento:<\/b> bifacciale<\/span>\n\t\t\t\t\t\t\t\t\t\t<span class='product-infos__item'><b>Tipo di materiale:<\/b> Schiuma acrilica<\/span>\n\t\t\t\t\t\t\t\t\t\t<span class='product-infos__item'><b>Produttore:<\/b> 3M<\/span>\n\t\t\t\t\t\t\t\t\t\t<span class='product-infos__item'><b>Prezzo su richiesta<\/b><\/span>\n\t\t\t\t\t<\/div>\n\t<\/div><\/div><\/div><\/a><\/div><\/li>\n<\/ul><\/div><\/div><div class=\"clear\"><\/div><br \/>\n<div  class='avia-button-wrap av-6mvi8-039add0da588f8f841fa3b27527c31ce-wrap avia-button-left '><a href='https:\/\/cardinal-tapes.com\/it\/nastri-adesivi-it\/'  class='avia-button av-6mvi8-039add0da588f8f841fa3b27527c31ce avia-icon_select-no avia-size-medium avia-position-left avia-color-theme-color layout-border color-white'  ><span class='avia_iconbox_title' >Tutti i prodotti<\/span><\/a><\/div><\/p><\/div>\n","protected":false},"excerpt":{"rendered":"","protected":false},"author":1,"featured_media":0,"parent":30806,"menu_order":16,"comment_status":"closed","ping_status":"closed","template":"","meta":{"_acf_changed":false,"footnotes":""},"class_list":["post-31598","page","type-page","status-publish","hentry"],"acf":[],"yoast_head":"<!-- This site is optimized with the Yoast SEO plugin v27.3 - https:\/\/yoast.com\/product\/yoast-seo-wordpress\/ -->\n<title>Nastri adesivi per la finitura dei metalli | cardinal TAPES<\/title>\n<meta name=\"description\" content=\"I nastri adesivi tecnici sono utilizzati in molti settori dell&#039;industria, compresa la finitura dei metalli. Per saperne di pi\u00f9, cliccate qui.\" \/>\n<meta name=\"robots\" content=\"index, follow, max-snippet:-1, max-image-preview:large, max-video-preview:-1\" \/>\n<link rel=\"canonical\" href=\"https:\/\/cardinal-tapes.com\/it\/nastri-adesivi-it\/aree-di-applicazione\/finitura-del-metallo\/\" \/>\n<meta property=\"og:locale\" content=\"it_IT\" \/>\n<meta property=\"og:type\" content=\"article\" \/>\n<meta property=\"og:title\" content=\"Nastri adesivi per la finitura dei metalli | cardinal TAPES\" \/>\n<meta property=\"og:description\" content=\"I nastri adesivi tecnici sono utilizzati in molti settori dell&#039;industria, compresa la finitura dei metalli. Per saperne di pi\u00f9, cliccate qui.\" \/>\n<meta property=\"og:url\" content=\"https:\/\/cardinal-tapes.com\/it\/nastri-adesivi-it\/aree-di-applicazione\/finitura-del-metallo\/\" \/>\n<meta property=\"og:site_name\" content=\"cardinal TAPES\" \/>\n<meta property=\"article:modified_time\" content=\"2023-06-16T14:03:21+00:00\" \/>\n<meta name=\"twitter:card\" content=\"summary_large_image\" \/>\n<meta name=\"twitter:label1\" content=\"Tempo di lettura stimato\" \/>\n\t<meta name=\"twitter:data1\" content=\"5 minuti\" \/>\n<script type=\"application\/ld+json\" class=\"yoast-schema-graph\">{\"@context\":\"https:\\\/\\\/schema.org\",\"@graph\":[{\"@type\":\"WebPage\",\"@id\":\"https:\\\/\\\/cardinal-tapes.com\\\/it\\\/nastri-adesivi-it\\\/aree-di-applicazione\\\/finitura-del-metallo\\\/\",\"url\":\"https:\\\/\\\/cardinal-tapes.com\\\/it\\\/nastri-adesivi-it\\\/aree-di-applicazione\\\/finitura-del-metallo\\\/\",\"name\":\"Nastri adesivi per la finitura dei metalli | cardinal TAPES\",\"isPartOf\":{\"@id\":\"https:\\\/\\\/cardinal-tapes.com\\\/#website\"},\"datePublished\":\"2023-06-02T08:59:50+00:00\",\"dateModified\":\"2023-06-16T14:03:21+00:00\",\"description\":\"I nastri adesivi tecnici sono utilizzati in molti settori dell'industria, compresa la finitura dei metalli. Per saperne di pi\u00f9, cliccate qui.\",\"breadcrumb\":{\"@id\":\"https:\\\/\\\/cardinal-tapes.com\\\/it\\\/nastri-adesivi-it\\\/aree-di-applicazione\\\/finitura-del-metallo\\\/#breadcrumb\"},\"inLanguage\":\"it-IT\",\"potentialAction\":[{\"@type\":\"ReadAction\",\"target\":[\"https:\\\/\\\/cardinal-tapes.com\\\/it\\\/nastri-adesivi-it\\\/aree-di-applicazione\\\/finitura-del-metallo\\\/\"]}]},{\"@type\":\"BreadcrumbList\",\"@id\":\"https:\\\/\\\/cardinal-tapes.com\\\/it\\\/nastri-adesivi-it\\\/aree-di-applicazione\\\/finitura-del-metallo\\\/#breadcrumb\",\"itemListElement\":[{\"@type\":\"ListItem\",\"position\":1,\"name\":\"Startseite\",\"item\":\"https:\\\/\\\/cardinal-tapes.com\\\/it\\\/casa\\\/\"},{\"@type\":\"ListItem\",\"position\":2,\"name\":\"Nastri adesivi\",\"item\":\"https:\\\/\\\/cardinal-tapes.com\\\/it\\\/nastri-adesivi-it\\\/\"},{\"@type\":\"ListItem\",\"position\":3,\"name\":\"Aree di applicazione\",\"item\":\"https:\\\/\\\/cardinal-tapes.com\\\/it\\\/nastri-adesivi-it__trashed\\\/aree-di-applicazione\\\/\"},{\"@type\":\"ListItem\",\"position\":4,\"name\":\"Finitura del metallo\"}]},{\"@type\":\"WebSite\",\"@id\":\"https:\\\/\\\/cardinal-tapes.com\\\/#website\",\"url\":\"https:\\\/\\\/cardinal-tapes.com\\\/\",\"name\":\"cardinal TAPES\",\"description\":\"Klebetechnik aus Wuppertal\",\"potentialAction\":[{\"@type\":\"SearchAction\",\"target\":{\"@type\":\"EntryPoint\",\"urlTemplate\":\"https:\\\/\\\/cardinal-tapes.com\\\/?s={search_term_string}\"},\"query-input\":{\"@type\":\"PropertyValueSpecification\",\"valueRequired\":true,\"valueName\":\"search_term_string\"}}],\"inLanguage\":\"it-IT\"}]}<\/script>\n<!-- \/ Yoast SEO plugin. -->","yoast_head_json":{"title":"Nastri adesivi per la finitura dei metalli | cardinal TAPES","description":"I nastri adesivi tecnici sono utilizzati in molti settori dell'industria, compresa la finitura dei metalli. Per saperne di pi\u00f9, cliccate qui.","robots":{"index":"index","follow":"follow","max-snippet":"max-snippet:-1","max-image-preview":"max-image-preview:large","max-video-preview":"max-video-preview:-1"},"canonical":"https:\/\/cardinal-tapes.com\/it\/nastri-adesivi-it\/aree-di-applicazione\/finitura-del-metallo\/","og_locale":"it_IT","og_type":"article","og_title":"Nastri adesivi per la finitura dei metalli | cardinal TAPES","og_description":"I nastri adesivi tecnici sono utilizzati in molti settori dell'industria, compresa la finitura dei metalli. Per saperne di pi\u00f9, cliccate qui.","og_url":"https:\/\/cardinal-tapes.com\/it\/nastri-adesivi-it\/aree-di-applicazione\/finitura-del-metallo\/","og_site_name":"cardinal TAPES","article_modified_time":"2023-06-16T14:03:21+00:00","twitter_card":"summary_large_image","twitter_misc":{"Tempo di lettura stimato":"5 minuti"},"schema":{"@context":"https:\/\/schema.org","@graph":[{"@type":"WebPage","@id":"https:\/\/cardinal-tapes.com\/it\/nastri-adesivi-it\/aree-di-applicazione\/finitura-del-metallo\/","url":"https:\/\/cardinal-tapes.com\/it\/nastri-adesivi-it\/aree-di-applicazione\/finitura-del-metallo\/","name":"Nastri adesivi per la finitura dei metalli | cardinal TAPES","isPartOf":{"@id":"https:\/\/cardinal-tapes.com\/#website"},"datePublished":"2023-06-02T08:59:50+00:00","dateModified":"2023-06-16T14:03:21+00:00","description":"I nastri adesivi tecnici sono utilizzati in molti settori dell'industria, compresa la finitura dei metalli. Per saperne di pi\u00f9, cliccate qui.","breadcrumb":{"@id":"https:\/\/cardinal-tapes.com\/it\/nastri-adesivi-it\/aree-di-applicazione\/finitura-del-metallo\/#breadcrumb"},"inLanguage":"it-IT","potentialAction":[{"@type":"ReadAction","target":["https:\/\/cardinal-tapes.com\/it\/nastri-adesivi-it\/aree-di-applicazione\/finitura-del-metallo\/"]}]},{"@type":"BreadcrumbList","@id":"https:\/\/cardinal-tapes.com\/it\/nastri-adesivi-it\/aree-di-applicazione\/finitura-del-metallo\/#breadcrumb","itemListElement":[{"@type":"ListItem","position":1,"name":"Startseite","item":"https:\/\/cardinal-tapes.com\/it\/casa\/"},{"@type":"ListItem","position":2,"name":"Nastri adesivi","item":"https:\/\/cardinal-tapes.com\/it\/nastri-adesivi-it\/"},{"@type":"ListItem","position":3,"name":"Aree di applicazione","item":"https:\/\/cardinal-tapes.com\/it\/nastri-adesivi-it__trashed\/aree-di-applicazione\/"},{"@type":"ListItem","position":4,"name":"Finitura del metallo"}]},{"@type":"WebSite","@id":"https:\/\/cardinal-tapes.com\/#website","url":"https:\/\/cardinal-tapes.com\/","name":"cardinal TAPES","description":"Klebetechnik aus Wuppertal","potentialAction":[{"@type":"SearchAction","target":{"@type":"EntryPoint","urlTemplate":"https:\/\/cardinal-tapes.com\/?s={search_term_string}"},"query-input":{"@type":"PropertyValueSpecification","valueRequired":true,"valueName":"search_term_string"}}],"inLanguage":"it-IT"}]}},"_links":{"self":[{"href":"https:\/\/cardinal-tapes.com\/it\/wp-json\/wp\/v2\/pages\/31598","targetHints":{"allow":["GET"]}}],"collection":[{"href":"https:\/\/cardinal-tapes.com\/it\/wp-json\/wp\/v2\/pages"}],"about":[{"href":"https:\/\/cardinal-tapes.com\/it\/wp-json\/wp\/v2\/types\/page"}],"author":[{"embeddable":true,"href":"https:\/\/cardinal-tapes.com\/it\/wp-json\/wp\/v2\/users\/1"}],"replies":[{"embeddable":true,"href":"https:\/\/cardinal-tapes.com\/it\/wp-json\/wp\/v2\/comments?post=31598"}],"version-history":[{"count":0,"href":"https:\/\/cardinal-tapes.com\/it\/wp-json\/wp\/v2\/pages\/31598\/revisions"}],"up":[{"embeddable":true,"href":"https:\/\/cardinal-tapes.com\/it\/wp-json\/wp\/v2\/pages\/30806"}],"wp:attachment":[{"href":"https:\/\/cardinal-tapes.com\/it\/wp-json\/wp\/v2\/media?parent=31598"}],"curies":[{"name":"wp","href":"https:\/\/api.w.org\/{rel}","templated":true}]}}