{"id":31572,"date":"2023-06-02T10:59:47","date_gmt":"2023-06-02T08:59:47","guid":{"rendered":"https:\/\/cardinal.pixel-tal.de\/nastri-adesivi\/nastro-adesivo-abc\/nastro-gaffer\/"},"modified":"2023-06-14T10:47:09","modified_gmt":"2023-06-14T08:47:09","slug":"nastro-gaffer","status":"publish","type":"page","link":"https:\/\/cardinal-tapes.com\/it\/nastri-adesivi-it\/nastro-adesivo-abc\/nastro-gaffer\/","title":{"rendered":"Nastro Gaffer"},"content":{"rendered":"<div id='av_section_1'  class='avia-section av-bydtqc-24fedfd326f384209f24a9edcefe0d87 alternate_color avia-section-default avia-no-border-styling  avia-builder-el-0  el_before_av_section  avia-builder-el-first  avia-bg-style-scroll container_wrap fullsize'  ><div class='container av-section-cont-open' ><main  role=\"main\" itemprop=\"mainContentOfPage\"  class='template-page content  av-content-full alpha units'><div class='post-entry post-entry-type-page post-entry-31572'><div class='entry-content-wrapper clearfix'>\n<div  class='flex_column av-a58kpw-75abf82ad90fdc81efbde074836a6b4a av_one_full  avia-builder-el-1  el_before_av_one_half  avia-builder-el-first  first flex_column_div  '     ><div class=\"pxl-headline pxl-hl hl-wrap | hl-sub--bot hl--align-left hl--no-margin    \">\n        <div class=\"hl-inner\">\n            <h2 class=\"hl-main hl-line |  hl_main--default  \">Nastro Gaffer<\/h2>\n            \n    <\/div>\n<\/div><\/div><div  class='flex_column av-9bcefo-bee8d7c371b958019caa9fd446c8be36 av_one_half  avia-builder-el-3  el_after_av_one_full  el_before_av_one_half  first flex_column_div  column-top-margin'     ><section  class='av_textblock_section av-abkmlg-45696c965b57957ec6c0519b673796c7 '   itemscope=\"itemscope\" itemtype=\"https:\/\/schema.org\/CreativeWork\" ><div class='avia_textblock'  itemprop=\"text\" ><p>Un tipo di nastro molto importante \u00e8 il nastro gaffer. Questi <a href=\"\/klebebaender\/\">nastri adesivi<\/a> possono essere utilizzati in vari settori, ma sono principalmente impiegati nella vita quotidiana in occasione di <a href=\"https:\/\/cardinal-tapes.com\/it\/nastri-adesivi-it\/aree-di-applicazione\/tecnologia-per-eventi\/\">concerti, fiere e altri eventi<\/a>. In particolare, il nastro gaffer viene utilizzato per fissare cavi, chiudere spazi vuoti o marcare aree. Queste applicazioni sono possibili grazie alle speciali propriet\u00e0 del nastro gaffer.<\/p>\n<\/div><\/section><\/div><div  class='flex_column av-7ienhg-bbbf7125f4c8a33d4bcedbe45f9e707d av_one_half  avia-builder-el-5  el_after_av_one_half  avia-builder-el-last  flex_column_div  column-top-margin'     ><section  class='av_textblock_section av-705ad0-4f23ee799f11f61cc32da429b5325905 '   itemscope=\"itemscope\" itemtype=\"https:\/\/schema.org\/CreativeWork\" ><div class='avia_textblock small'  itemprop=\"text\" ><h4>Le caratteristiche del nastro gaffer<\/h4>\n<p>Le propriet\u00e0 speciali del nastro Gaffer sono soprattutto l&#8217;elevata forza adesiva e l&#8217;eccellente facilit\u00e0 d&#8217;uso. Inoltre, il nastro adesivo pu\u00f2 essere facilmente rimosso dalla superficie senza lasciare residui. Poich\u00e9 il nastro gaffer pu\u00f2 essere strappato a mano, \u00e8 particolarmente apprezzato nella costruzione di palcoscenici spesso frenetici. I cavi possono essere riparati rapidamente, le impostazioni del suono assicurate o le piccole riparazioni effettuate. Inoltre, i singoli nastri adesivi hanno propriet\u00e0 e vantaggi diversi. Ad esempio, i nastri adesivi sono disponibili in diversi colori e materiali per soddisfare esigenze particolari.<\/p>\n<p>Se avete domande sul nostro nastro gaffer, saremo lieti di consigliarvi. <a href=\"https:\/\/cardinal-tapes.com\/it\/imballaggio\/\">Componiamo<\/a> i nostri nastri in modo da avere sempre a disposizione il nastro gaffer giusto, anche per esigenze particolari.<\/p>\n<\/div><\/section><\/div>\n\n<\/div><\/div><\/main><!-- close content main element --><\/div><\/div><div id='av_section_2'  class='avia-section av-5v7b38-b5ea04b08857902e60e9a445f95c2aa2 main_color avia-section-default avia-no-border-styling  avia-builder-el-7  el_after_av_section  avia-builder-el-last  gradient-section avia-bg-style-scroll container_wrap fullsize'  ><div class='container av-section-cont-open' ><div class='template-page content  av-content-full alpha units'><div class='post-entry post-entry-type-page post-entry-31572'><div class='entry-content-wrapper clearfix'>\n<div  class='flex_column av-42qhpg-a3675757c660d1e9dc0ccf5aebb9d5f2 av_one_full  avia-builder-el-8  avia-builder-el-no-sibling  first flex_column_div  '     ><p><div class=\"pxl-headline pxl-hl hl-wrap | hl-sub--bot hl--align-left hl--no-margin    \">\n        <div class=\"hl-inner\">\n            <h2 class=\"hl-main hl-line |  hl_main--default  \">Prodotti interessanti<\/h2>\n            \n    <\/div>\n<\/div>\n<br \/>\n<div   data-autoplay=''  data-interval='5'  data-animation='fade'  data-hoverpause='1'  class='template-shop avia-content-slider avia-content-slider-active avia-product-slider1 avia-content-slider-even  avia-builder-el-10  el_after_pixel_sc_headline  el_before_av_button   shop_columns_4' ><div class='avia-content-slider-inner'><ul class=\"products slide-entry-wrap\"><li class=\"product type-product post-55772 status-publish first instock product_cat-industria-edile product_cat-industria-del-calcestruzzo product_cat-nastro-adesivo-per-tessuti product_cat-industria-tessile product_cat-nastri-monoadesivi product_cat-nastro-gaffer has-post-thumbnail taxable shipping-taxable purchasable product-type-variable\">\n\t<div class='inner_product main_color wrapped_style noLightbox  av-product-class-no_button'><a href=\"https:\/\/cardinal-tapes.com\/it\/nastri-adesivi\/nastri-monoadesivi\/nastro-gaffer\/ca-34-pe-rivestito-tessuto-nastro-adesivo\/\" class=\"woocommerce-LoopProduct-link woocommerce-loop-product__link\"><div class=\"thumbnail_container\"><img decoding=\"async\" loading=\"lazy\" width=\"450\" height=\"450\" src=\"https:\/\/cardinal-tapes.com\/wp-content\/uploads\/CA_34_02_retouched-450x450.jpg\" class=\"wp-image-26857 avia-img-lazy-loading-26857 attachment-shop_catalog size-shop_catalog wp-post-image\" alt=\"CA-34 Nastro adesivo in tessuto rivestito in PE - unilaterale, Tessuto, Gomma naturale - Illustrazione 26857\" srcset=\"https:\/\/cardinal-tapes.com\/wp-content\/uploads\/CA_34_02_retouched-450x450.jpg 450w, https:\/\/cardinal-tapes.com\/wp-content\/uploads\/CA_34_02_retouched-120x120.jpg 120w, https:\/\/cardinal-tapes.com\/wp-content\/uploads\/CA_34_02_retouched-80x80.jpg 80w, https:\/\/cardinal-tapes.com\/wp-content\/uploads\/CA_34_02_retouched-36x36.jpg 36w, https:\/\/cardinal-tapes.com\/wp-content\/uploads\/CA_34_02_retouched-180x180.jpg 180w, https:\/\/cardinal-tapes.com\/wp-content\/uploads\/CA_34_02_retouched-100x100.jpg 100w\" sizes=\"auto, (max-width: 450px) 100vw, 450px\" \/><\/div><div class='inner_product_header'><div class='avia-arrow'><\/div><div class='inner_product_header_table'><div class='inner_product_header_cell'><span class=\"is-h2 woocommerce-loop-product__title\">CA-34 Nastro adesivo in tessuto rivestito in PE<\/span>\t\t<div class=\"product-infos\">\n\t\t\t\t\t\t\t<span class='product-infos__item'><b>Rivestimento:<\/b> unilaterale<\/span>\n\t\t\t\t\t\t\t\t\t\t<span class='product-infos__item'><b>Tipo di materiale:<\/b> Tessuto<\/span>\n\t\t\t\t\t\t\t\t\t\t<span class='product-infos__item'><b>Produttore:<\/b> cardinal GmbH<\/span>\n\t\t\t\t\t\t\t\t\t\t<span class='product-infos__item'><b>Prezzo su richiesta<\/b><\/span>\n\t\t\t\t\t<\/div>\n\t<\/div><\/div><\/div><\/a><\/div><\/li>\n<li class=\"product type-product post-38666 status-publish instock product_cat-nastri-monoadesivi product_cat-commercio-edile product_cat-nastro-gaffer product_cat-industria-edile product_cat-industria-del-calcestruzzo product_cat-industria-elettrica product_cat-nastro-adesivo-per-tessuti product_cat-nastri-rivestiti-in-plastica product_cat-industria-della-plastica product_cat-ingegneria-meccanica product_cat-acciaio-e-vetro product_cat-industria-tessile has-post-thumbnail featured taxable shipping-taxable purchasable product-type-variable\">\n\t<div class='inner_product main_color wrapped_style noLightbox  av-product-class-no_button'><a href=\"https:\/\/cardinal-tapes.com\/it\/nastri-adesivi\/nastri-monoadesivi\/nastro-gaffer\/tesa-4615-nastro-per-condotti\/\" class=\"woocommerce-LoopProduct-link woocommerce-loop-product__link\"><div class=\"thumbnail_container\"><img decoding=\"async\" loading=\"lazy\" width=\"450\" height=\"450\" src=\"https:\/\/cardinal-tapes.com\/wp-content\/uploads\/tesa-04615-PV1-general-purpose-duct-tape-31-recycled-share-gray-family-pr-450x450.jpg\" class=\"wp-image-77547 avia-img-lazy-loading-77547 attachment-shop_catalog size-shop_catalog wp-post-image\" alt=\"nastro adesivo tesa\u00ae 4615 - unilaterale, Tessuto, Gomma sintetica - Illustrazione 77547\" srcset=\"https:\/\/cardinal-tapes.com\/wp-content\/uploads\/tesa-04615-PV1-general-purpose-duct-tape-31-recycled-share-gray-family-pr-450x450.jpg 450w, https:\/\/cardinal-tapes.com\/wp-content\/uploads\/tesa-04615-PV1-general-purpose-duct-tape-31-recycled-share-gray-family-pr-200x200.jpg 200w, https:\/\/cardinal-tapes.com\/wp-content\/uploads\/tesa-04615-PV1-general-purpose-duct-tape-31-recycled-share-gray-family-pr-1030x1030.jpg 1030w, https:\/\/cardinal-tapes.com\/wp-content\/uploads\/tesa-04615-PV1-general-purpose-duct-tape-31-recycled-share-gray-family-pr-80x80.jpg 80w, https:\/\/cardinal-tapes.com\/wp-content\/uploads\/tesa-04615-PV1-general-purpose-duct-tape-31-recycled-share-gray-family-pr-768x768.jpg 768w, https:\/\/cardinal-tapes.com\/wp-content\/uploads\/tesa-04615-PV1-general-purpose-duct-tape-31-recycled-share-gray-family-pr-1536x1536.jpg 1536w, https:\/\/cardinal-tapes.com\/wp-content\/uploads\/tesa-04615-PV1-general-purpose-duct-tape-31-recycled-share-gray-family-pr-2048x2048.jpg 2048w, https:\/\/cardinal-tapes.com\/wp-content\/uploads\/tesa-04615-PV1-general-purpose-duct-tape-31-recycled-share-gray-family-pr-36x36.jpg 36w, https:\/\/cardinal-tapes.com\/wp-content\/uploads\/tesa-04615-PV1-general-purpose-duct-tape-31-recycled-share-gray-family-pr-180x180.jpg 180w, https:\/\/cardinal-tapes.com\/wp-content\/uploads\/tesa-04615-PV1-general-purpose-duct-tape-31-recycled-share-gray-family-pr-1500x1500.jpg 1500w, https:\/\/cardinal-tapes.com\/wp-content\/uploads\/tesa-04615-PV1-general-purpose-duct-tape-31-recycled-share-gray-family-pr-705x705.jpg 705w, https:\/\/cardinal-tapes.com\/wp-content\/uploads\/tesa-04615-PV1-general-purpose-duct-tape-31-recycled-share-gray-family-pr-120x120.jpg 120w, https:\/\/cardinal-tapes.com\/wp-content\/uploads\/tesa-04615-PV1-general-purpose-duct-tape-31-recycled-share-gray-family-pr-100x100.jpg 100w\" sizes=\"auto, (max-width: 450px) 100vw, 450px\" \/><\/div><div class='inner_product_header'><div class='avia-arrow'><\/div><div class='inner_product_header_table'><div class='inner_product_header_cell'><span class=\"is-h2 woocommerce-loop-product__title\">nastro adesivo tesa\u00ae 4615<\/span>\t\t<div class=\"product-infos\">\n\t\t\t\t\t\t\t<span class='product-infos__item'><b>Rivestimento:<\/b> unilaterale<\/span>\n\t\t\t\t\t\t\t\t\t\t<span class='product-infos__item'><b>Tipo di materiale:<\/b> Tessuto<\/span>\n\t\t\t\t\t\t\t\t\t\t<span class='product-infos__item'><b>Produttore:<\/b> tesa<\/span>\n\t\t\t\t\t\t\t\t\t\t<span class='product-infos__item'><b>Prezzo su richiesta<\/b><\/span>\n\t\t\t\t\t<\/div>\n\t<\/div><\/div><\/div><\/a><\/div><\/li>\n<li class=\"product type-product post-38667 status-publish instock product_cat-nastri-rivestiti-in-plastica product_cat-industria-della-plastica product_cat-ingegneria-meccanica product_cat-nastri-monoadesivi product_cat-nastro-gaffer product_cat-nastro-adesivo-per-tessuti has-post-thumbnail featured taxable shipping-taxable purchasable product-type-variable\">\n\t<div class='inner_product main_color wrapped_style noLightbox  av-product-class-no_button'><a href=\"https:\/\/cardinal-tapes.com\/it\/nastri-adesivi\/nastri-monoadesivi\/nastro-gaffer\/scapa-t3601-nastro-di-tessuto-ignifugo-impermeabile\/\" class=\"woocommerce-LoopProduct-link woocommerce-loop-product__link\"><div class=\"thumbnail_container\"><img decoding=\"async\" loading=\"lazy\" width=\"450\" height=\"450\" src=\"https:\/\/cardinal-tapes.com\/wp-content\/uploads\/T3601-450x450.jpg\" class=\"wp-image-29093 avia-img-lazy-loading-29093 attachment-shop_catalog size-shop_catalog wp-post-image\" alt=\"Scapa T3601 nastro in tessuto impermeabile ignifugo - unilaterale, Tessuto, Gomma naturale - Illustrazione 29093\" srcset=\"https:\/\/cardinal-tapes.com\/wp-content\/uploads\/T3601-450x450.jpg 450w, https:\/\/cardinal-tapes.com\/wp-content\/uploads\/T3601-80x80.jpg 80w, https:\/\/cardinal-tapes.com\/wp-content\/uploads\/T3601-200x200.jpg 200w, https:\/\/cardinal-tapes.com\/wp-content\/uploads\/T3601-768x768.jpg 768w, https:\/\/cardinal-tapes.com\/wp-content\/uploads\/T3601-1030x1030.jpg 1030w, https:\/\/cardinal-tapes.com\/wp-content\/uploads\/T3601-1536x1536.jpg 1536w, https:\/\/cardinal-tapes.com\/wp-content\/uploads\/T3601-36x36.jpg 36w, https:\/\/cardinal-tapes.com\/wp-content\/uploads\/T3601-180x180.jpg 180w, https:\/\/cardinal-tapes.com\/wp-content\/uploads\/T3601-1500x1500.jpg 1500w, https:\/\/cardinal-tapes.com\/wp-content\/uploads\/T3601-705x705.jpg 705w, https:\/\/cardinal-tapes.com\/wp-content\/uploads\/T3601-120x120.jpg 120w, https:\/\/cardinal-tapes.com\/wp-content\/uploads\/T3601-100x100.jpg 100w, https:\/\/cardinal-tapes.com\/wp-content\/uploads\/T3601.jpg 2047w\" sizes=\"auto, (max-width: 450px) 100vw, 450px\" \/><\/div><div class='inner_product_header'><div class='avia-arrow'><\/div><div class='inner_product_header_table'><div class='inner_product_header_cell'><span class=\"is-h2 woocommerce-loop-product__title\">Scapa T3601 nastro in tessuto impermeabile ignifugo<\/span>\t\t<div class=\"product-infos\">\n\t\t\t\t\t\t\t<span class='product-infos__item'><b>Rivestimento:<\/b> unilaterale<\/span>\n\t\t\t\t\t\t\t\t\t\t<span class='product-infos__item'><b>Tipo di materiale:<\/b> Tessuto<\/span>\n\t\t\t\t\t\t\t\t\t\t<span class='product-infos__item'><b>Produttore:<\/b> Scapa<\/span>\n\t\t\t\t\t\t\t\t\t\t<span class='product-infos__item'><b>Prezzo su richiesta<\/b><\/span>\n\t\t\t\t\t<\/div>\n\t<\/div><\/div><\/div><\/a><\/div><\/li>\n<li class=\"product type-product post-59874 status-publish last instock product_cat-acciaio-e-vetro product_cat-industria-tessile product_cat-nastri-monoadesivi product_cat-commercio-edile product_cat-nastro-gaffer product_cat-industria-edile product_cat-industria-del-calcestruzzo product_cat-industria-elettrica product_cat-nastro-adesivo-per-tessuti product_cat-nastri-rivestiti-in-plastica product_cat-industria-della-plastica product_cat-ingegneria-meccanica has-post-thumbnail featured taxable shipping-taxable purchasable product-type-variable\">\n\t<div class='inner_product main_color wrapped_style noLightbox  av-product-class-no_button'><a href=\"https:\/\/cardinal-tapes.com\/it\/nastri-adesivi\/nastri-monoadesivi\/nastro-gaffer\/tesa-4651-nastro-tessuto-premium\/\" class=\"woocommerce-LoopProduct-link woocommerce-loop-product__link\"><div class=\"thumbnail_container\"><img decoding=\"async\" loading=\"lazy\" width=\"450\" height=\"450\" src=\"https:\/\/cardinal-tapes.com\/wp-content\/uploads\/tesa-04651-450x450.jpg\" class=\"wp-image-26081 avia-img-lazy-loading-26081 attachment-shop_catalog size-shop_catalog wp-post-image\" alt=\"tesaband\u00ae 4651 Nastro in tessuto premium - unilaterale, Tessuto, Gomma naturale - Illustrazione 26081\" srcset=\"https:\/\/cardinal-tapes.com\/wp-content\/uploads\/tesa-04651-450x450.jpg 450w, https:\/\/cardinal-tapes.com\/wp-content\/uploads\/tesa-04651-120x120.jpg 120w, https:\/\/cardinal-tapes.com\/wp-content\/uploads\/tesa-04651-80x80.jpg 80w, https:\/\/cardinal-tapes.com\/wp-content\/uploads\/tesa-04651-200x200.jpg 200w, https:\/\/cardinal-tapes.com\/wp-content\/uploads\/tesa-04651-36x36.jpg 36w, https:\/\/cardinal-tapes.com\/wp-content\/uploads\/tesa-04651-180x180.jpg 180w, https:\/\/cardinal-tapes.com\/wp-content\/uploads\/tesa-04651-100x100.jpg 100w, https:\/\/cardinal-tapes.com\/wp-content\/uploads\/tesa-04651.jpg 600w\" sizes=\"auto, (max-width: 450px) 100vw, 450px\" \/><\/div><div class='inner_product_header'><div class='avia-arrow'><\/div><div class='inner_product_header_table'><div class='inner_product_header_cell'><span class=\"is-h2 woocommerce-loop-product__title\">tesaband\u00ae 4651 Nastro in tessuto premium<\/span>\t\t<div class=\"product-infos\">\n\t\t\t\t\t\t\t<span class='product-infos__item'><b>Rivestimento:<\/b> unilaterale<\/span>\n\t\t\t\t\t\t\t\t\t\t<span class='product-infos__item'><b>Tipo di materiale:<\/b> Tessuto<\/span>\n\t\t\t\t\t\t\t\t\t\t<span class='product-infos__item'><b>Produttore:<\/b> tesa<\/span>\n\t\t\t\t\t\t\t\t\t\t<span class='product-infos__item'><b>Prezzo su richiesta<\/b><\/span>\n\t\t\t\t\t<\/div>\n\t<\/div><\/div><\/div><\/a><\/div><\/li>\n<\/ul><\/div><\/div><div class=\"clear\"><\/div><br \/>\n<div  class='avia-button-wrap av-34fpjo-963d30e8f094f04e9917e58eee717e4d-wrap avia-button-left '><a href='https:\/\/cardinal-tapes.com\/klebebaender\/'  class='avia-button av-34fpjo-963d30e8f094f04e9917e58eee717e4d avia-icon_select-no avia-size-medium avia-position-left avia-color-theme-color layout-border color-white'  ><span class='avia_iconbox_title' >Tutti i prodotti<\/span><\/a><\/div><\/p><\/div>\n","protected":false},"excerpt":{"rendered":"","protected":false},"author":1,"featured_media":0,"parent":30811,"menu_order":14,"comment_status":"closed","ping_status":"closed","template":"","meta":{"_acf_changed":false,"footnotes":""},"class_list":["post-31572","page","type-page","status-publish","hentry"],"acf":[],"yoast_head":"<!-- This site is optimized with the Yoast SEO plugin v27.3 - https:\/\/yoast.com\/product\/yoast-seo-wordpress\/ -->\n<title>Nastro Gaffer - cardinal TAPES<\/title>\n<meta name=\"description\" content=\"Le propriet\u00e0 speciali del nastro Gaffer sono soprattutto l&#039;elevata forza adesiva e l&#039;eccellente facilit\u00e0 d&#039;uso.\" \/>\n<meta name=\"robots\" content=\"index, follow, max-snippet:-1, max-image-preview:large, max-video-preview:-1\" \/>\n<link rel=\"canonical\" href=\"https:\/\/cardinal-tapes.com\/it\/nastri-adesivi-it\/nastro-adesivo-abc\/nastro-gaffer\/\" \/>\n<meta property=\"og:locale\" content=\"it_IT\" \/>\n<meta property=\"og:type\" content=\"article\" \/>\n<meta property=\"og:title\" content=\"Nastro Gaffer - cardinal TAPES\" \/>\n<meta property=\"og:description\" content=\"Le propriet\u00e0 speciali del nastro Gaffer sono soprattutto l&#039;elevata forza adesiva e l&#039;eccellente facilit\u00e0 d&#039;uso.\" \/>\n<meta property=\"og:url\" content=\"https:\/\/cardinal-tapes.com\/it\/nastri-adesivi-it\/nastro-adesivo-abc\/nastro-gaffer\/\" \/>\n<meta property=\"og:site_name\" content=\"cardinal TAPES\" \/>\n<meta property=\"article:modified_time\" content=\"2023-06-14T08:47:09+00:00\" \/>\n<meta name=\"twitter:card\" content=\"summary_large_image\" \/>\n<meta name=\"twitter:label1\" content=\"Tempo di lettura stimato\" \/>\n\t<meta name=\"twitter:data1\" content=\"14 minuti\" \/>\n<script type=\"application\/ld+json\" class=\"yoast-schema-graph\">{\"@context\":\"https:\\\/\\\/schema.org\",\"@graph\":[{\"@type\":\"WebPage\",\"@id\":\"https:\\\/\\\/cardinal-tapes.com\\\/it\\\/nastri-adesivi-it\\\/nastro-adesivo-abc\\\/nastro-gaffer\\\/\",\"url\":\"https:\\\/\\\/cardinal-tapes.com\\\/it\\\/nastri-adesivi-it\\\/nastro-adesivo-abc\\\/nastro-gaffer\\\/\",\"name\":\"Nastro Gaffer - cardinal TAPES\",\"isPartOf\":{\"@id\":\"https:\\\/\\\/cardinal-tapes.com\\\/#website\"},\"datePublished\":\"2023-06-02T08:59:47+00:00\",\"dateModified\":\"2023-06-14T08:47:09+00:00\",\"description\":\"Le propriet\u00e0 speciali del nastro Gaffer sono soprattutto l'elevata forza adesiva e l'eccellente facilit\u00e0 d'uso.\",\"breadcrumb\":{\"@id\":\"https:\\\/\\\/cardinal-tapes.com\\\/it\\\/nastri-adesivi-it\\\/nastro-adesivo-abc\\\/nastro-gaffer\\\/#breadcrumb\"},\"inLanguage\":\"it-IT\",\"potentialAction\":[{\"@type\":\"ReadAction\",\"target\":[\"https:\\\/\\\/cardinal-tapes.com\\\/it\\\/nastri-adesivi-it\\\/nastro-adesivo-abc\\\/nastro-gaffer\\\/\"]}]},{\"@type\":\"BreadcrumbList\",\"@id\":\"https:\\\/\\\/cardinal-tapes.com\\\/it\\\/nastri-adesivi-it\\\/nastro-adesivo-abc\\\/nastro-gaffer\\\/#breadcrumb\",\"itemListElement\":[{\"@type\":\"ListItem\",\"position\":1,\"name\":\"Startseite\",\"item\":\"https:\\\/\\\/cardinal-tapes.com\\\/it\\\/casa\\\/\"},{\"@type\":\"ListItem\",\"position\":2,\"name\":\"Nastri adesivi\",\"item\":\"https:\\\/\\\/cardinal-tapes.com\\\/it\\\/nastri-adesivi-it\\\/\"},{\"@type\":\"ListItem\",\"position\":3,\"name\":\"Nastro adesivo ABC\",\"item\":\"https:\\\/\\\/cardinal-tapes.com\\\/it\\\/nastri-adesivi-it__trashed\\\/nastro-adesivo-abc\\\/\"},{\"@type\":\"ListItem\",\"position\":4,\"name\":\"Nastro Gaffer\"}]},{\"@type\":\"WebSite\",\"@id\":\"https:\\\/\\\/cardinal-tapes.com\\\/#website\",\"url\":\"https:\\\/\\\/cardinal-tapes.com\\\/\",\"name\":\"cardinal TAPES\",\"description\":\"Klebetechnik aus Wuppertal\",\"potentialAction\":[{\"@type\":\"SearchAction\",\"target\":{\"@type\":\"EntryPoint\",\"urlTemplate\":\"https:\\\/\\\/cardinal-tapes.com\\\/?s={search_term_string}\"},\"query-input\":{\"@type\":\"PropertyValueSpecification\",\"valueRequired\":true,\"valueName\":\"search_term_string\"}}],\"inLanguage\":\"it-IT\"}]}<\/script>\n<!-- \/ Yoast SEO plugin. -->","yoast_head_json":{"title":"Nastro Gaffer - cardinal TAPES","description":"Le propriet\u00e0 speciali del nastro Gaffer sono soprattutto l'elevata forza adesiva e l'eccellente facilit\u00e0 d'uso.","robots":{"index":"index","follow":"follow","max-snippet":"max-snippet:-1","max-image-preview":"max-image-preview:large","max-video-preview":"max-video-preview:-1"},"canonical":"https:\/\/cardinal-tapes.com\/it\/nastri-adesivi-it\/nastro-adesivo-abc\/nastro-gaffer\/","og_locale":"it_IT","og_type":"article","og_title":"Nastro Gaffer - cardinal TAPES","og_description":"Le propriet\u00e0 speciali del nastro Gaffer sono soprattutto l'elevata forza adesiva e l'eccellente facilit\u00e0 d'uso.","og_url":"https:\/\/cardinal-tapes.com\/it\/nastri-adesivi-it\/nastro-adesivo-abc\/nastro-gaffer\/","og_site_name":"cardinal TAPES","article_modified_time":"2023-06-14T08:47:09+00:00","twitter_card":"summary_large_image","twitter_misc":{"Tempo di lettura stimato":"14 minuti"},"schema":{"@context":"https:\/\/schema.org","@graph":[{"@type":"WebPage","@id":"https:\/\/cardinal-tapes.com\/it\/nastri-adesivi-it\/nastro-adesivo-abc\/nastro-gaffer\/","url":"https:\/\/cardinal-tapes.com\/it\/nastri-adesivi-it\/nastro-adesivo-abc\/nastro-gaffer\/","name":"Nastro Gaffer - cardinal TAPES","isPartOf":{"@id":"https:\/\/cardinal-tapes.com\/#website"},"datePublished":"2023-06-02T08:59:47+00:00","dateModified":"2023-06-14T08:47:09+00:00","description":"Le propriet\u00e0 speciali del nastro Gaffer sono soprattutto l'elevata forza adesiva e l'eccellente facilit\u00e0 d'uso.","breadcrumb":{"@id":"https:\/\/cardinal-tapes.com\/it\/nastri-adesivi-it\/nastro-adesivo-abc\/nastro-gaffer\/#breadcrumb"},"inLanguage":"it-IT","potentialAction":[{"@type":"ReadAction","target":["https:\/\/cardinal-tapes.com\/it\/nastri-adesivi-it\/nastro-adesivo-abc\/nastro-gaffer\/"]}]},{"@type":"BreadcrumbList","@id":"https:\/\/cardinal-tapes.com\/it\/nastri-adesivi-it\/nastro-adesivo-abc\/nastro-gaffer\/#breadcrumb","itemListElement":[{"@type":"ListItem","position":1,"name":"Startseite","item":"https:\/\/cardinal-tapes.com\/it\/casa\/"},{"@type":"ListItem","position":2,"name":"Nastri adesivi","item":"https:\/\/cardinal-tapes.com\/it\/nastri-adesivi-it\/"},{"@type":"ListItem","position":3,"name":"Nastro adesivo ABC","item":"https:\/\/cardinal-tapes.com\/it\/nastri-adesivi-it__trashed\/nastro-adesivo-abc\/"},{"@type":"ListItem","position":4,"name":"Nastro Gaffer"}]},{"@type":"WebSite","@id":"https:\/\/cardinal-tapes.com\/#website","url":"https:\/\/cardinal-tapes.com\/","name":"cardinal TAPES","description":"Klebetechnik aus Wuppertal","potentialAction":[{"@type":"SearchAction","target":{"@type":"EntryPoint","urlTemplate":"https:\/\/cardinal-tapes.com\/?s={search_term_string}"},"query-input":{"@type":"PropertyValueSpecification","valueRequired":true,"valueName":"search_term_string"}}],"inLanguage":"it-IT"}]}},"_links":{"self":[{"href":"https:\/\/cardinal-tapes.com\/it\/wp-json\/wp\/v2\/pages\/31572","targetHints":{"allow":["GET"]}}],"collection":[{"href":"https:\/\/cardinal-tapes.com\/it\/wp-json\/wp\/v2\/pages"}],"about":[{"href":"https:\/\/cardinal-tapes.com\/it\/wp-json\/wp\/v2\/types\/page"}],"author":[{"embeddable":true,"href":"https:\/\/cardinal-tapes.com\/it\/wp-json\/wp\/v2\/users\/1"}],"replies":[{"embeddable":true,"href":"https:\/\/cardinal-tapes.com\/it\/wp-json\/wp\/v2\/comments?post=31572"}],"version-history":[{"count":0,"href":"https:\/\/cardinal-tapes.com\/it\/wp-json\/wp\/v2\/pages\/31572\/revisions"}],"up":[{"embeddable":true,"href":"https:\/\/cardinal-tapes.com\/it\/wp-json\/wp\/v2\/pages\/30811"}],"wp:attachment":[{"href":"https:\/\/cardinal-tapes.com\/it\/wp-json\/wp\/v2\/media?parent=31572"}],"curies":[{"name":"wp","href":"https:\/\/api.w.org\/{rel}","templated":true}]}}