{"id":31401,"date":"2023-06-02T10:59:44","date_gmt":"2023-06-02T08:59:44","guid":{"rendered":"https:\/\/cardinal.pixel-tal.de\/nastri-adesivi\/nastro-adesivo-abc\/carta-kraft\/"},"modified":"2023-06-02T11:12:19","modified_gmt":"2023-06-02T09:12:19","slug":"carta-kraft","status":"publish","type":"page","link":"https:\/\/cardinal-tapes.com\/it\/nastri-adesivi-it\/nastro-adesivo-abc\/carta-kraft\/","title":{"rendered":"Carta kraft"},"content":{"rendered":"<div id='av_section_1'  class='avia-section av-7jeg2v-6daf5f4d4e888593b51af69796c6410e alternate_color avia-section-default avia-no-border-styling  avia-builder-el-0  avia-builder-el-no-sibling  avia-bg-style-scroll container_wrap fullsize'  ><div class='container av-section-cont-open' ><main  role=\"main\" itemprop=\"mainContentOfPage\"  class='template-page content  av-content-full alpha units'><div class='post-entry post-entry-type-page post-entry-31401'><div class='entry-content-wrapper clearfix'>\n<div  class='flex_column av-68pujb-0bac190290e65d665710f3d01db23e15 av_one_full  avia-builder-el-1  el_before_av_one_half  avia-builder-el-first  first flex_column_div  '     ><div class=\"pxl-headline pxl-hl hl-wrap | hl-sub--bot hl--align-left hl--no-margin    \">\n        <div class=\"hl-inner\">\n            <h2 class=\"hl-main hl-line |  hl_main--default  \">Carta kraft<\/h2>\n            \n    <\/div>\n<\/div><\/div><div  class='flex_column av-4tcs6f-781194d8f391c05be6235f0d745dd677 av_one_half  avia-builder-el-3  el_after_av_one_full  el_before_av_one_half  first flex_column_div  column-top-margin'     ><section  class='av_textblock_section av-5cqfx3-6ec232db7fb091e9e486bcad01b86b48 '   itemscope=\"itemscope\" itemtype=\"https:\/\/schema.org\/CreativeWork\" ><div class='avia_textblock'  itemprop=\"text\" ><p>Che si tratti di pittura ad acquerello, artigianato, <a href=\"\/klebebaender\/anwendungsgebiete\/papierherstellung\/\">rilegatura o fissaggio di carta e cartone<\/a>, i nastri adesivi in carta kraft si distinguono per l&#8217;ampia gamma di applicazioni. Ci\u00f2 \u00e8 reso possibile dalle loro propriet\u00e0 materiali. La carta kraft ha soprattutto una stabilit\u00e0 particolarmente elevata. L&#8217;adesivo in gomma naturale utilizzato \u00e8 anche adesivo a umido. Di conseguenza, i nastri sono spesso utilizzati da pittori o hobbisti. Sono convincenti anche per i loro vantaggi ecologici: I <a href=\"\/klebebaender\/\">nastri adesivi<\/a> corrispondenti sono riciclabili al 100%.<\/p>\n<h4>Carta kraft: un materiale robusto e versatile<\/h4>\n<p>Le carte kraft sono tipi di carta con una resistenza particolarmente elevata. Sono costituiti quasi interamente da pura fibra naturale. Di solito si utilizzano legni di conifere con fibre lunghe, come l&#8217;abete rosso e il pino. Durante la produzione vengono aggiunti solo amido, allume e colla. Classicamente, la carta kraft \u00e8 molto utilizzata nel settore degli imballaggi per la sua resistenza allo strappo, in quanto presenta una spiccata resistenza alle sollecitazioni meccaniche. Un altro vantaggio \u00e8 la stabilit\u00e0 di allungamento particolarmente elevata, che si ottiene anche in presenza di notevoli fluttuazioni di temperatura. Per un breve periodo, il materiale resiste anche a un&#8217;ampiezza da meno 30 a pi\u00f9 70 gradi. Poich\u00e9 i nastri sono realizzati con componenti puramente naturali, sono particolarmente ecologici e degradabili al 100%.<\/p>\n<\/div><\/section><\/div><div  class='flex_column av-2ycg1j-c9d8423dbeda857653035f8df71435c8 av_one_half  avia-builder-el-5  el_after_av_one_half  avia-builder-el-last  flex_column_div  column-top-margin'     ><section  class='av_textblock_section av-2k599j-85bad7488664891c1fc46d1d3dbd6667 '   itemscope=\"itemscope\" itemtype=\"https:\/\/schema.org\/CreativeWork\" ><div class='avia_textblock'  itemprop=\"text\" ><h4>Applicazione versatile<\/h4>\n<p>Le sue propriet\u00e0 rendono il nastro di carta kraft interessante per diversi utenti. Grazie alla sua maneggevolezza e all&#8217;elevata resistenza, \u00e8 molto apprezzato nei reparti di spedizione, ad esempio, ed \u00e8 ideale per l&#8217;imballaggio delle scatole. Ad esempio, nonostante l&#8217;enorme stabilit\u00e0, pu\u00f2 essere facilmente staccato dal rotolo di nastro senza altri ausili. \u00c8 ricercato anche dai rivenditori di articoli per artisti e dagli hobbisti, perch\u00e9 \u00e8 molto adatto per lavorare con la pittura o anche in combinazione con materiali come la carta, ad esempio nelle attivit\u00e0 di rilegatura: \u00c8 molto adatto per lavorare con la pittura o anche in combinazione con materiali come la carta, ad esempio nelle attivit\u00e0 di rilegatura.<\/p>\n<p>Naturalmente, i nastri possono essere etichettati e stampati individualmente. Come per tutti i nostri prodotti, ci offriamo di <a href=\"https:\/\/cardinal-tapes.com\/it\/imballaggio\/\">personalizzarli<\/a> in base alle <a href=\"https:\/\/cardinal-tapes.com\/it\/imballaggio\/\">vostre esigenze<\/a>. Non esitate a contattare i nostri esperti di lunga data per ulteriori informazioni.<\/p>\n<\/div><\/section><\/div>\n","protected":false},"excerpt":{"rendered":"","protected":false},"author":1,"featured_media":0,"parent":30811,"menu_order":13,"comment_status":"closed","ping_status":"closed","template":"","meta":{"_acf_changed":false,"footnotes":""},"class_list":["post-31401","page","type-page","status-publish","hentry"],"acf":[],"yoast_head":"<!-- This site is optimized with the Yoast SEO plugin v27.4 - https:\/\/yoast.com\/product\/yoast-seo-wordpress\/ -->\n<title>Carta kraft - cardinal TAPES<\/title>\n<meta name=\"description\" content=\"I nastri adesivi in carta kraft sono caratterizzati da un&#039;ampia gamma di applicazioni. Per saperne di pi\u00f9 su questo tipo speciale di nastri adesivi, cliccate qui.\" \/>\n<meta name=\"robots\" content=\"index, follow, max-snippet:-1, max-image-preview:large, max-video-preview:-1\" \/>\n<link rel=\"canonical\" href=\"https:\/\/cardinal-tapes.com\/it\/nastri-adesivi-it__trashed\/nastro-adesivo-abc\/carta-kraft\/\" \/>\n<meta property=\"og:locale\" content=\"it_IT\" \/>\n<meta property=\"og:type\" content=\"article\" \/>\n<meta property=\"og:title\" content=\"Carta kraft - cardinal TAPES\" \/>\n<meta property=\"og:description\" content=\"I nastri adesivi in carta kraft sono caratterizzati da un&#039;ampia gamma di applicazioni. Per saperne di pi\u00f9 su questo tipo speciale di nastri adesivi, cliccate qui.\" \/>\n<meta property=\"og:url\" content=\"https:\/\/cardinal-tapes.com\/it\/nastri-adesivi-it__trashed\/nastro-adesivo-abc\/carta-kraft\/\" \/>\n<meta property=\"og:site_name\" content=\"cardinal TAPES\" \/>\n<meta property=\"article:modified_time\" content=\"2023-06-02T09:12:19+00:00\" \/>\n<meta name=\"twitter:card\" content=\"summary_large_image\" \/>\n<meta name=\"twitter:label1\" content=\"Tempo di lettura stimato\" \/>\n\t<meta name=\"twitter:data1\" content=\"10 minuti\" \/>\n<script type=\"application\/ld+json\" class=\"yoast-schema-graph\">{\"@context\":\"https:\\\/\\\/schema.org\",\"@graph\":[{\"@type\":\"WebPage\",\"@id\":\"https:\\\/\\\/cardinal-tapes.com\\\/it\\\/nastri-adesivi-it__trashed\\\/nastro-adesivo-abc\\\/carta-kraft\\\/\",\"url\":\"https:\\\/\\\/cardinal-tapes.com\\\/it\\\/nastri-adesivi-it__trashed\\\/nastro-adesivo-abc\\\/carta-kraft\\\/\",\"name\":\"Carta kraft - cardinal TAPES\",\"isPartOf\":{\"@id\":\"https:\\\/\\\/cardinal-tapes.com\\\/#website\"},\"datePublished\":\"2023-06-02T08:59:44+00:00\",\"dateModified\":\"2023-06-02T09:12:19+00:00\",\"description\":\"I nastri adesivi in carta kraft sono caratterizzati da un'ampia gamma di applicazioni. Per saperne di pi\u00f9 su questo tipo speciale di nastri adesivi, cliccate qui.\",\"breadcrumb\":{\"@id\":\"https:\\\/\\\/cardinal-tapes.com\\\/it\\\/nastri-adesivi-it__trashed\\\/nastro-adesivo-abc\\\/carta-kraft\\\/#breadcrumb\"},\"inLanguage\":\"it-IT\",\"potentialAction\":[{\"@type\":\"ReadAction\",\"target\":[\"https:\\\/\\\/cardinal-tapes.com\\\/it\\\/nastri-adesivi-it__trashed\\\/nastro-adesivo-abc\\\/carta-kraft\\\/\"]}]},{\"@type\":\"BreadcrumbList\",\"@id\":\"https:\\\/\\\/cardinal-tapes.com\\\/it\\\/nastri-adesivi-it__trashed\\\/nastro-adesivo-abc\\\/carta-kraft\\\/#breadcrumb\",\"itemListElement\":[{\"@type\":\"ListItem\",\"position\":1,\"name\":\"Startseite\",\"item\":\"https:\\\/\\\/cardinal-tapes.com\\\/it\\\/casa\\\/\"},{\"@type\":\"ListItem\",\"position\":2,\"name\":\"Nastro adesivo ABC\",\"item\":\"https:\\\/\\\/cardinal-tapes.com\\\/it\\\/nastri-adesivi-it__trashed\\\/nastro-adesivo-abc\\\/\"},{\"@type\":\"ListItem\",\"position\":3,\"name\":\"Carta kraft\"}]},{\"@type\":\"WebSite\",\"@id\":\"https:\\\/\\\/cardinal-tapes.com\\\/#website\",\"url\":\"https:\\\/\\\/cardinal-tapes.com\\\/\",\"name\":\"cardinal TAPES\",\"description\":\"Klebetechnik aus Wuppertal\",\"potentialAction\":[{\"@type\":\"SearchAction\",\"target\":{\"@type\":\"EntryPoint\",\"urlTemplate\":\"https:\\\/\\\/cardinal-tapes.com\\\/?s={search_term_string}\"},\"query-input\":{\"@type\":\"PropertyValueSpecification\",\"valueRequired\":true,\"valueName\":\"search_term_string\"}}],\"inLanguage\":\"it-IT\"}]}<\/script>\n<!-- \/ Yoast SEO plugin. -->","yoast_head_json":{"title":"Carta kraft - cardinal TAPES","description":"I nastri adesivi in carta kraft sono caratterizzati da un'ampia gamma di applicazioni. Per saperne di pi\u00f9 su questo tipo speciale di nastri adesivi, cliccate qui.","robots":{"index":"index","follow":"follow","max-snippet":"max-snippet:-1","max-image-preview":"max-image-preview:large","max-video-preview":"max-video-preview:-1"},"canonical":"https:\/\/cardinal-tapes.com\/it\/nastri-adesivi-it__trashed\/nastro-adesivo-abc\/carta-kraft\/","og_locale":"it_IT","og_type":"article","og_title":"Carta kraft - cardinal TAPES","og_description":"I nastri adesivi in carta kraft sono caratterizzati da un'ampia gamma di applicazioni. Per saperne di pi\u00f9 su questo tipo speciale di nastri adesivi, cliccate qui.","og_url":"https:\/\/cardinal-tapes.com\/it\/nastri-adesivi-it__trashed\/nastro-adesivo-abc\/carta-kraft\/","og_site_name":"cardinal TAPES","article_modified_time":"2023-06-02T09:12:19+00:00","twitter_card":"summary_large_image","twitter_misc":{"Tempo di lettura stimato":"10 minuti"},"schema":{"@context":"https:\/\/schema.org","@graph":[{"@type":"WebPage","@id":"https:\/\/cardinal-tapes.com\/it\/nastri-adesivi-it__trashed\/nastro-adesivo-abc\/carta-kraft\/","url":"https:\/\/cardinal-tapes.com\/it\/nastri-adesivi-it__trashed\/nastro-adesivo-abc\/carta-kraft\/","name":"Carta kraft - cardinal TAPES","isPartOf":{"@id":"https:\/\/cardinal-tapes.com\/#website"},"datePublished":"2023-06-02T08:59:44+00:00","dateModified":"2023-06-02T09:12:19+00:00","description":"I nastri adesivi in carta kraft sono caratterizzati da un'ampia gamma di applicazioni. Per saperne di pi\u00f9 su questo tipo speciale di nastri adesivi, cliccate qui.","breadcrumb":{"@id":"https:\/\/cardinal-tapes.com\/it\/nastri-adesivi-it__trashed\/nastro-adesivo-abc\/carta-kraft\/#breadcrumb"},"inLanguage":"it-IT","potentialAction":[{"@type":"ReadAction","target":["https:\/\/cardinal-tapes.com\/it\/nastri-adesivi-it__trashed\/nastro-adesivo-abc\/carta-kraft\/"]}]},{"@type":"BreadcrumbList","@id":"https:\/\/cardinal-tapes.com\/it\/nastri-adesivi-it__trashed\/nastro-adesivo-abc\/carta-kraft\/#breadcrumb","itemListElement":[{"@type":"ListItem","position":1,"name":"Startseite","item":"https:\/\/cardinal-tapes.com\/it\/casa\/"},{"@type":"ListItem","position":2,"name":"Nastro adesivo ABC","item":"https:\/\/cardinal-tapes.com\/it\/nastri-adesivi-it__trashed\/nastro-adesivo-abc\/"},{"@type":"ListItem","position":3,"name":"Carta kraft"}]},{"@type":"WebSite","@id":"https:\/\/cardinal-tapes.com\/#website","url":"https:\/\/cardinal-tapes.com\/","name":"cardinal TAPES","description":"Klebetechnik aus Wuppertal","potentialAction":[{"@type":"SearchAction","target":{"@type":"EntryPoint","urlTemplate":"https:\/\/cardinal-tapes.com\/?s={search_term_string}"},"query-input":{"@type":"PropertyValueSpecification","valueRequired":true,"valueName":"search_term_string"}}],"inLanguage":"it-IT"}]}},"_links":{"self":[{"href":"https:\/\/cardinal-tapes.com\/it\/wp-json\/wp\/v2\/pages\/31401","targetHints":{"allow":["GET"]}}],"collection":[{"href":"https:\/\/cardinal-tapes.com\/it\/wp-json\/wp\/v2\/pages"}],"about":[{"href":"https:\/\/cardinal-tapes.com\/it\/wp-json\/wp\/v2\/types\/page"}],"author":[{"embeddable":true,"href":"https:\/\/cardinal-tapes.com\/it\/wp-json\/wp\/v2\/users\/1"}],"replies":[{"embeddable":true,"href":"https:\/\/cardinal-tapes.com\/it\/wp-json\/wp\/v2\/comments?post=31401"}],"version-history":[{"count":0,"href":"https:\/\/cardinal-tapes.com\/it\/wp-json\/wp\/v2\/pages\/31401\/revisions"}],"up":[{"embeddable":true,"href":"https:\/\/cardinal-tapes.com\/it\/wp-json\/wp\/v2\/pages\/30811"}],"wp:attachment":[{"href":"https:\/\/cardinal-tapes.com\/it\/wp-json\/wp\/v2\/media?parent=31401"}],"curies":[{"name":"wp","href":"https:\/\/api.w.org\/{rel}","templated":true}]}}