{"id":31386,"date":"2023-06-02T10:59:43","date_gmt":"2023-06-02T08:59:43","guid":{"rendered":"https:\/\/cardinal.pixel-tal.de\/nastri-adesivi\/nastro-adesivo-abc\/nastri-in-schiuma-pe\/"},"modified":"2023-06-14T10:47:09","modified_gmt":"2023-06-14T08:47:09","slug":"nastri-in-schiuma-pe","status":"publish","type":"page","link":"https:\/\/cardinal-tapes.com\/it\/nastri-adesivi-it\/nastro-adesivo-abc\/nastri-in-schiuma-pe\/","title":{"rendered":"Nastri in schiuma PE"},"content":{"rendered":"<div id='av_section_1'  class='avia-section av-c0yms6-7386685d247566d67102f6373c80c5c3 alternate_color avia-section-default avia-no-border-styling  avia-builder-el-0  el_before_av_section  avia-builder-el-first  avia-bg-style-scroll container_wrap fullsize'  ><div class='container av-section-cont-open' ><main  role=\"main\" itemprop=\"mainContentOfPage\"  class='template-page content  av-content-full alpha units'><div class='post-entry post-entry-type-page post-entry-31386'><div class='entry-content-wrapper clearfix'>\n<div  class='flex_column av-amhi46-0a97fdeff256eff6e3f4b1f981a71801 av_one_full  avia-builder-el-1  el_before_av_one_half  avia-builder-el-first  first flex_column_div  '     ><div class=\"pxl-headline pxl-hl hl-wrap | hl-sub--off hl--align-left hl--no-margin    \">\n        <div class=\"hl-inner\">\n            <h2 class=\"hl-main hl-line |  hl_main--default  \">Nastri in schiuma PE<\/h2>\n            \n    <\/div>\n<\/div><\/div><div  class='flex_column av-8tvbty-bb9ba8fc1bb396481bc90117c7fe2988 av_one_half  avia-builder-el-3  el_after_av_one_full  el_before_av_one_half  first flex_column_div  column-top-margin'     ><section  class='av_textblock_section av-bey8jq-31713b296a19dde0aa6a8e9b81ac384d '   itemscope=\"itemscope\" itemtype=\"https:\/\/schema.org\/CreativeWork\" ><div class='avia_textblock'  itemprop=\"text\" ><p>Esistono diversi tipi di nastri in schiuma: biadesivi, monoadesivi, rivestiti. Ma tutti hanno un&#8217;applicazione comune: la sigillatura. I campi di applicazione sono molto versatili. Sia che si tratti di una guarnizione per la <a href=\"https:\/\/cardinal-tapes.com\/it\/nastri-adesivi-it\/aree-di-applicazione\/riscaldamento-ventilazione-e-climatizzazione\/\">costruzione di impianti di riscaldamento<\/a>, dove i tubi sono isolati, sia che si tratti di una guarnizione per la costruzione di ventilazione, macchine e apparecchi o di un assemblaggio per la costruzione di mobili e sanitari. I nastri di schiuma sono spesso responsabili anche dell&#8217;assorbimento acustico e dell&#8217;isolamento termico.<\/p>\n<\/div><\/section><\/div><div  class='flex_column av-7gqf9y-af4734ca957cbf5555a1f4ddc88e2d88 av_one_half  avia-builder-el-5  el_after_av_one_half  avia-builder-el-last  flex_column_div  column-top-margin'     ><section  class='av_textblock_section av-77v2d2-5e0783556c17e4e22980a6230528711c '   itemscope=\"itemscope\" itemtype=\"https:\/\/schema.org\/CreativeWork\" ><div class='avia_textblock'  itemprop=\"text\" ><h4>I vantaggi dei nastri in schiuma di PE<\/h4>\n<p>Il vantaggio dei nastri in schiuma PE \u00e8 che sono resistenti alle intemperie e ai raggi UV, per cui possono essere utilizzati sia all&#8217;interno che all&#8217;esterno. Inoltre, la forza adesiva \u00e8 elevata. Poich\u00e9 i nastri sono autoadesivi, l&#8217;applicazione \u00e8 facile e pulita per il cliente. Inoltre, consentiamo ai nostri clienti di utilizzare i nastri in un&#8217;ampia variet\u00e0 di modi, poich\u00e9 sono disponibili in diversi materiali.<\/p>\n<p>Se i nostri clienti hanno delle richieste, saremo lieti di consigliarvi in qualsiasi momento, anche telefonicamente, oppure potete utilizzare il nostro modulo di <a href=\"\/ueber-cardinal\/kontakt\/\">richiesta prodotti<\/a> per cercare insieme una soluzione. Siamo inoltre lieti di assemblare i nastri adesivi per le vostre esigenze individuali.<\/p>\n<\/div><\/section><\/div>\n\n<\/div><\/div><\/main><!-- close content main element --><\/div><\/div><div id='av_section_2'  class='avia-section av-610a8m-e11e73a49a73f608dd332083c5277e18 main_color avia-section-default avia-no-border-styling  avia-builder-el-7  el_after_av_section  avia-builder-el-last  gradient-section avia-bg-style-scroll container_wrap fullsize'  ><div class='container av-section-cont-open' ><div class='template-page content  av-content-full alpha units'><div class='post-entry post-entry-type-page post-entry-31386'><div class='entry-content-wrapper clearfix'>\n<div  class='flex_column av-4xkj4m-c130fb464c692712e65d8e2b9bd9a04c av_one_full  avia-builder-el-8  avia-builder-el-no-sibling  first flex_column_div  '     ><p><div class=\"pxl-headline pxl-hl hl-wrap | hl-sub--off hl--align-left hl--no-margin    \">\n        <div class=\"hl-inner\">\n            <h2 class=\"hl-main hl-line |  hl_main--default  \">Prodotti interessanti<\/h2>\n            \n    <\/div>\n<\/div>\n<br \/>\n<div   data-autoplay=''  data-interval='5'  data-animation='fade'  data-hoverpause='1'  class='template-shop avia-content-slider avia-content-slider-active avia-product-slider1 avia-content-slider-even  avia-builder-el-10  el_after_pixel_sc_headline  el_before_av_button   shop_columns_4' ><div class='avia-content-slider-inner'><ul class=\"products slide-entry-wrap\"><li class=\"product type-product post-44180 status-publish first instock product_cat-nastro-in-schiuma-di-pe product_cat-nastri-biadesivi has-post-thumbnail taxable shipping-taxable purchasable product-type-variable\">\n\t<div class='inner_product main_color wrapped_style noLightbox  av-product-class-no_button'><a href=\"https:\/\/cardinal-tapes.com\/it\/nastri-adesivi\/aree-di-applicazione\/nastro-in-schiuma-di-pe\/nastro-adesivo-in-schiuma-ca-934-pe\/\" class=\"woocommerce-LoopProduct-link woocommerce-loop-product__link\"><div class=\"thumbnail_container\"><img decoding=\"async\" loading=\"lazy\" width=\"415\" height=\"415\" src=\"https:\/\/cardinal-tapes.com\/wp-content\/uploads\/Norbond-PUR-V2800-A_153106.png\" class=\"wp-image-28501 avia-img-lazy-loading-28501 attachment-shop_catalog size-shop_catalog wp-post-image\" alt=\"CA-934 Nastro adesivo in schiuma PE - bifacciale, Schiuma PE, Solvente acrilato - Illustrazione 28501\" srcset=\"https:\/\/cardinal-tapes.com\/wp-content\/uploads\/Norbond-PUR-V2800-A_153106.png 415w, https:\/\/cardinal-tapes.com\/wp-content\/uploads\/Norbond-PUR-V2800-A_153106-120x120.png 120w, https:\/\/cardinal-tapes.com\/wp-content\/uploads\/Norbond-PUR-V2800-A_153106-80x80.png 80w, https:\/\/cardinal-tapes.com\/wp-content\/uploads\/Norbond-PUR-V2800-A_153106-200x200.png 200w, https:\/\/cardinal-tapes.com\/wp-content\/uploads\/Norbond-PUR-V2800-A_153106-36x36.png 36w, https:\/\/cardinal-tapes.com\/wp-content\/uploads\/Norbond-PUR-V2800-A_153106-180x180.png 180w, https:\/\/cardinal-tapes.com\/wp-content\/uploads\/Norbond-PUR-V2800-A_153106-100x100.png 100w\" sizes=\"auto, (max-width: 415px) 100vw, 415px\" \/><\/div><div class='inner_product_header'><div class='avia-arrow'><\/div><div class='inner_product_header_table'><div class='inner_product_header_cell'><span class=\"is-h2 woocommerce-loop-product__title\">CA-934 Nastro adesivo in schiuma PE<\/span>\t\t<div class=\"product-infos\">\n\t\t\t\t\t\t\t<span class='product-infos__item'><b>Rivestimento:<\/b> bifacciale<\/span>\n\t\t\t\t\t\t\t\t\t\t<span class='product-infos__item'><b>Tipo di materiale:<\/b> Schiuma PE<\/span>\n\t\t\t\t\t\t\t\t\t\t<span class='product-infos__item'><b>Produttore:<\/b> cardinal GmbH<\/span>\n\t\t\t\t\t\t\t\t\t\t<span class='product-infos__item'><b>Prezzo su richiesta<\/b><\/span>\n\t\t\t\t\t<\/div>\n\t<\/div><\/div><\/div><\/a><\/div><\/li>\n<li class=\"product type-product post-38410 status-publish instock product_cat-nastro-in-schiuma-di-pe product_cat-nastri-biadesivi has-post-thumbnail taxable shipping-taxable purchasable product-type-variable\">\n\t<div class='inner_product main_color wrapped_style noLightbox  av-product-class-no_button'><a href=\"https:\/\/cardinal-tapes.com\/it\/nastri-adesivi\/aree-di-applicazione\/nastro-in-schiuma-di-pe\/orabond-1810-pe-schiuma-nastro-adesivo\/\" class=\"woocommerce-LoopProduct-link woocommerce-loop-product__link\"><div class=\"thumbnail_container\"><img decoding=\"async\" loading=\"lazy\" width=\"450\" height=\"450\" src=\"https:\/\/cardinal-tapes.com\/wp-content\/uploads\/1810b-450x450.jpg\" class=\"wp-image-29237 avia-img-lazy-loading-29237 attachment-shop_catalog size-shop_catalog wp-post-image\" alt=\"ORABOND\u00ae 1810 Nastro adesivo in schiuma di PE - bifacciale, Schiuma PE, Acrilico - Illustrazione 29237\" srcset=\"https:\/\/cardinal-tapes.com\/wp-content\/uploads\/1810b-450x450.jpg 450w, https:\/\/cardinal-tapes.com\/wp-content\/uploads\/1810b-80x80.jpg 80w, https:\/\/cardinal-tapes.com\/wp-content\/uploads\/1810b-36x36.jpg 36w, https:\/\/cardinal-tapes.com\/wp-content\/uploads\/1810b-180x180.jpg 180w, https:\/\/cardinal-tapes.com\/wp-content\/uploads\/1810b-120x120.jpg 120w, https:\/\/cardinal-tapes.com\/wp-content\/uploads\/1810b-100x100.jpg 100w\" sizes=\"auto, (max-width: 450px) 100vw, 450px\" \/><\/div><div class='inner_product_header'><div class='avia-arrow'><\/div><div class='inner_product_header_table'><div class='inner_product_header_cell'><span class=\"is-h2 woocommerce-loop-product__title\">ORABOND\u00ae 1810 Nastro adesivo in schiuma di PE<\/span>\t\t<div class=\"product-infos\">\n\t\t\t\t\t\t\t<span class='product-infos__item'><b>Rivestimento:<\/b> bifacciale<\/span>\n\t\t\t\t\t\t\t\t\t\t<span class='product-infos__item'><b>Tipo di materiale:<\/b> Schiuma PE<\/span>\n\t\t\t\t\t\t\t\t\t\t<span class='product-infos__item'><b>Produttore:<\/b> ORAFOL<\/span>\n\t\t\t\t\t\t\t\t\t\t<span class='product-infos__item'><b>Prezzo su richiesta<\/b><\/span>\n\t\t\t\t\t<\/div>\n\t<\/div><\/div><\/div><\/a><\/div><\/li>\n<li class=\"product type-product post-38205 status-publish instock product_cat-nastro-in-schiuma-di-pe product_cat-nastri-biadesivi has-post-thumbnail taxable shipping-taxable purchasable product-type-variable\">\n\t<div class='inner_product main_color wrapped_style noLightbox  av-product-class-no_button'><a href=\"https:\/\/cardinal-tapes.com\/it\/nastri-adesivi\/aree-di-applicazione\/nastro-in-schiuma-di-pe\/orabond-1831-pe-schiuma-nastro-adesivo\/\" class=\"woocommerce-LoopProduct-link woocommerce-loop-product__link\"><div class=\"thumbnail_container\"><img decoding=\"async\" loading=\"lazy\" width=\"450\" height=\"450\" src=\"https:\/\/cardinal-tapes.com\/wp-content\/uploads\/1831c-450x450.jpg\" class=\"wp-image-29257 avia-img-lazy-loading-29257 attachment-shop_catalog size-shop_catalog wp-post-image\" alt=\"ORABOND\u00ae 1831 Nastro adesivo in schiuma PE - bifacciale, Schiuma PE, Gomma sintetica - Illustrazione 29257\" srcset=\"https:\/\/cardinal-tapes.com\/wp-content\/uploads\/1831c-450x450.jpg 450w, https:\/\/cardinal-tapes.com\/wp-content\/uploads\/1831c-80x80.jpg 80w, https:\/\/cardinal-tapes.com\/wp-content\/uploads\/1831c-36x36.jpg 36w, https:\/\/cardinal-tapes.com\/wp-content\/uploads\/1831c-180x180.jpg 180w, https:\/\/cardinal-tapes.com\/wp-content\/uploads\/1831c-120x120.jpg 120w, https:\/\/cardinal-tapes.com\/wp-content\/uploads\/1831c-100x100.jpg 100w\" sizes=\"auto, (max-width: 450px) 100vw, 450px\" \/><\/div><div class='inner_product_header'><div class='avia-arrow'><\/div><div class='inner_product_header_table'><div class='inner_product_header_cell'><span class=\"is-h2 woocommerce-loop-product__title\">ORABOND\u00ae 1831 Nastro adesivo in schiuma PE<\/span>\t\t<div class=\"product-infos\">\n\t\t\t\t\t\t\t<span class='product-infos__item'><b>Rivestimento:<\/b> bifacciale<\/span>\n\t\t\t\t\t\t\t\t\t\t<span class='product-infos__item'><b>Tipo di materiale:<\/b> Schiuma PE<\/span>\n\t\t\t\t\t\t\t\t\t\t<span class='product-infos__item'><b>Produttore:<\/b> ORAFOL<\/span>\n\t\t\t\t\t\t\t\t\t\t<span class='product-infos__item'><b>Prezzo su richiesta<\/b><\/span>\n\t\t\t\t\t<\/div>\n\t<\/div><\/div><\/div><\/a><\/div><\/li>\n<li class=\"product type-product post-44758 status-publish last instock product_cat-nastro-in-schiuma-di-pe product_cat-nastro-in-schiuma-di-pe-it product_cat-nastri-biadesivi has-post-thumbnail taxable shipping-taxable purchasable product-type-variable\">\n\t<div class='inner_product main_color wrapped_style noLightbox  av-product-class-no_button'><a href=\"https:\/\/cardinal-tapes.com\/it\/nastri-adesivi\/aree-di-applicazione\/nastro-in-schiuma-di-pe\/ca-914-pe-schiuma-nastro-adesivo\/\" class=\"woocommerce-LoopProduct-link woocommerce-loop-product__link\"><div class=\"thumbnail_container\"><img decoding=\"async\" loading=\"lazy\" width=\"450\" height=\"450\" src=\"https:\/\/cardinal-tapes.com\/wp-content\/uploads\/CA_914_retouched-450x450.jpg\" class=\"wp-image-27157 avia-img-lazy-loading-27157 attachment-shop_catalog size-shop_catalog wp-post-image\" alt=\"CA-914 Nastro adesivo in schiuma PE - bifacciale, Schiuma PE, Acrilato UV - Illustrazione 27157\" srcset=\"https:\/\/cardinal-tapes.com\/wp-content\/uploads\/CA_914_retouched-450x450.jpg 450w, https:\/\/cardinal-tapes.com\/wp-content\/uploads\/CA_914_retouched-120x120.jpg 120w, https:\/\/cardinal-tapes.com\/wp-content\/uploads\/CA_914_retouched-80x80.jpg 80w, https:\/\/cardinal-tapes.com\/wp-content\/uploads\/CA_914_retouched-36x36.jpg 36w, https:\/\/cardinal-tapes.com\/wp-content\/uploads\/CA_914_retouched-180x180.jpg 180w, https:\/\/cardinal-tapes.com\/wp-content\/uploads\/CA_914_retouched-100x100.jpg 100w\" sizes=\"auto, (max-width: 450px) 100vw, 450px\" \/><\/div><div class='inner_product_header'><div class='avia-arrow'><\/div><div class='inner_product_header_table'><div class='inner_product_header_cell'><span class=\"is-h2 woocommerce-loop-product__title\">CA-914 Nastro adesivo in schiuma PE<\/span>\t\t<div class=\"product-infos\">\n\t\t\t\t\t\t\t<span class='product-infos__item'><b>Rivestimento:<\/b> bifacciale<\/span>\n\t\t\t\t\t\t\t\t\t\t<span class='product-infos__item'><b>Tipo di materiale:<\/b> Schiuma PE<\/span>\n\t\t\t\t\t\t\t\t\t\t<span class='product-infos__item'><b>Produttore:<\/b> cardinal GmbH<\/span>\n\t\t\t\t\t\t\t\t\t\t<span class='product-infos__item'><b>Prezzo su richiesta<\/b><\/span>\n\t\t\t\t\t<\/div>\n\t<\/div><\/div><\/div><\/a><\/div><\/li>\n<\/ul><\/div><\/div><div class=\"clear\"><\/div><br \/>\n<div  class='avia-button-wrap av-2zl8om-6d1732406837e7cd59736b8dc4430b43-wrap avia-button-left '><a href='https:\/\/cardinal-tapes.com\/klebebaender\/'  class='avia-button av-2zl8om-6d1732406837e7cd59736b8dc4430b43 avia-icon_select-no avia-size-medium avia-position-left avia-color-theme-color layout-border color-white'  ><span class='avia_iconbox_title' >Tutti i prodotti<\/span><\/a><\/div><\/p><\/div>\n","protected":false},"excerpt":{"rendered":"","protected":false},"author":1,"featured_media":0,"parent":30811,"menu_order":39,"comment_status":"closed","ping_status":"closed","template":"","meta":{"_acf_changed":false,"footnotes":""},"class_list":["post-31386","page","type-page","status-publish","hentry"],"acf":[],"yoast_head":"<!-- This site is optimized with the Yoast SEO plugin v27.3 - https:\/\/yoast.com\/product\/yoast-seo-wordpress\/ -->\n<title>Nastri in schiuma PE - cardinal TAPES<\/title>\n<meta name=\"description\" content=\"Il vantaggio dei nastri in schiuma PE \u00e8 che sono resistenti alle intemperie e ai raggi UV. Per saperne di pi\u00f9, cliccate qui.\" \/>\n<meta name=\"robots\" content=\"index, follow, max-snippet:-1, max-image-preview:large, max-video-preview:-1\" \/>\n<link rel=\"canonical\" href=\"https:\/\/cardinal-tapes.com\/it\/nastri-adesivi-it\/nastro-adesivo-abc\/nastri-in-schiuma-pe\/\" \/>\n<meta property=\"og:locale\" content=\"it_IT\" \/>\n<meta property=\"og:type\" content=\"article\" \/>\n<meta property=\"og:title\" content=\"Nastri in schiuma PE - cardinal TAPES\" \/>\n<meta property=\"og:description\" content=\"Il vantaggio dei nastri in schiuma PE \u00e8 che sono resistenti alle intemperie e ai raggi UV. Per saperne di pi\u00f9, cliccate qui.\" \/>\n<meta property=\"og:url\" content=\"https:\/\/cardinal-tapes.com\/it\/nastri-adesivi-it\/nastro-adesivo-abc\/nastri-in-schiuma-pe\/\" \/>\n<meta property=\"og:site_name\" content=\"cardinal TAPES\" \/>\n<meta property=\"article:modified_time\" content=\"2023-06-14T08:47:09+00:00\" \/>\n<meta name=\"twitter:card\" content=\"summary_large_image\" \/>\n<meta name=\"twitter:label1\" content=\"Tempo di lettura stimato\" \/>\n\t<meta name=\"twitter:data1\" content=\"14 minuti\" \/>\n<script type=\"application\/ld+json\" class=\"yoast-schema-graph\">{\"@context\":\"https:\\\/\\\/schema.org\",\"@graph\":[{\"@type\":\"WebPage\",\"@id\":\"https:\\\/\\\/cardinal-tapes.com\\\/it\\\/nastri-adesivi-it\\\/nastro-adesivo-abc\\\/nastri-in-schiuma-pe\\\/\",\"url\":\"https:\\\/\\\/cardinal-tapes.com\\\/it\\\/nastri-adesivi-it\\\/nastro-adesivo-abc\\\/nastri-in-schiuma-pe\\\/\",\"name\":\"Nastri in schiuma PE - cardinal TAPES\",\"isPartOf\":{\"@id\":\"https:\\\/\\\/cardinal-tapes.com\\\/#website\"},\"datePublished\":\"2023-06-02T08:59:43+00:00\",\"dateModified\":\"2023-06-14T08:47:09+00:00\",\"description\":\"Il vantaggio dei nastri in schiuma PE \u00e8 che sono resistenti alle intemperie e ai raggi UV. Per saperne di pi\u00f9, cliccate qui.\",\"breadcrumb\":{\"@id\":\"https:\\\/\\\/cardinal-tapes.com\\\/it\\\/nastri-adesivi-it\\\/nastro-adesivo-abc\\\/nastri-in-schiuma-pe\\\/#breadcrumb\"},\"inLanguage\":\"it-IT\",\"potentialAction\":[{\"@type\":\"ReadAction\",\"target\":[\"https:\\\/\\\/cardinal-tapes.com\\\/it\\\/nastri-adesivi-it\\\/nastro-adesivo-abc\\\/nastri-in-schiuma-pe\\\/\"]}]},{\"@type\":\"BreadcrumbList\",\"@id\":\"https:\\\/\\\/cardinal-tapes.com\\\/it\\\/nastri-adesivi-it\\\/nastro-adesivo-abc\\\/nastri-in-schiuma-pe\\\/#breadcrumb\",\"itemListElement\":[{\"@type\":\"ListItem\",\"position\":1,\"name\":\"Startseite\",\"item\":\"https:\\\/\\\/cardinal-tapes.com\\\/it\\\/casa\\\/\"},{\"@type\":\"ListItem\",\"position\":2,\"name\":\"Nastri adesivi\",\"item\":\"https:\\\/\\\/cardinal-tapes.com\\\/it\\\/nastri-adesivi-it\\\/\"},{\"@type\":\"ListItem\",\"position\":3,\"name\":\"Nastro adesivo ABC\",\"item\":\"https:\\\/\\\/cardinal-tapes.com\\\/it\\\/nastri-adesivi-it__trashed\\\/nastro-adesivo-abc\\\/\"},{\"@type\":\"ListItem\",\"position\":4,\"name\":\"Nastri in schiuma PE\"}]},{\"@type\":\"WebSite\",\"@id\":\"https:\\\/\\\/cardinal-tapes.com\\\/#website\",\"url\":\"https:\\\/\\\/cardinal-tapes.com\\\/\",\"name\":\"cardinal TAPES\",\"description\":\"Klebetechnik aus Wuppertal\",\"potentialAction\":[{\"@type\":\"SearchAction\",\"target\":{\"@type\":\"EntryPoint\",\"urlTemplate\":\"https:\\\/\\\/cardinal-tapes.com\\\/?s={search_term_string}\"},\"query-input\":{\"@type\":\"PropertyValueSpecification\",\"valueRequired\":true,\"valueName\":\"search_term_string\"}}],\"inLanguage\":\"it-IT\"}]}<\/script>\n<!-- \/ Yoast SEO plugin. -->","yoast_head_json":{"title":"Nastri in schiuma PE - cardinal TAPES","description":"Il vantaggio dei nastri in schiuma PE \u00e8 che sono resistenti alle intemperie e ai raggi UV. Per saperne di pi\u00f9, cliccate qui.","robots":{"index":"index","follow":"follow","max-snippet":"max-snippet:-1","max-image-preview":"max-image-preview:large","max-video-preview":"max-video-preview:-1"},"canonical":"https:\/\/cardinal-tapes.com\/it\/nastri-adesivi-it\/nastro-adesivo-abc\/nastri-in-schiuma-pe\/","og_locale":"it_IT","og_type":"article","og_title":"Nastri in schiuma PE - cardinal TAPES","og_description":"Il vantaggio dei nastri in schiuma PE \u00e8 che sono resistenti alle intemperie e ai raggi UV. Per saperne di pi\u00f9, cliccate qui.","og_url":"https:\/\/cardinal-tapes.com\/it\/nastri-adesivi-it\/nastro-adesivo-abc\/nastri-in-schiuma-pe\/","og_site_name":"cardinal TAPES","article_modified_time":"2023-06-14T08:47:09+00:00","twitter_card":"summary_large_image","twitter_misc":{"Tempo di lettura stimato":"14 minuti"},"schema":{"@context":"https:\/\/schema.org","@graph":[{"@type":"WebPage","@id":"https:\/\/cardinal-tapes.com\/it\/nastri-adesivi-it\/nastro-adesivo-abc\/nastri-in-schiuma-pe\/","url":"https:\/\/cardinal-tapes.com\/it\/nastri-adesivi-it\/nastro-adesivo-abc\/nastri-in-schiuma-pe\/","name":"Nastri in schiuma PE - cardinal TAPES","isPartOf":{"@id":"https:\/\/cardinal-tapes.com\/#website"},"datePublished":"2023-06-02T08:59:43+00:00","dateModified":"2023-06-14T08:47:09+00:00","description":"Il vantaggio dei nastri in schiuma PE \u00e8 che sono resistenti alle intemperie e ai raggi UV. Per saperne di pi\u00f9, cliccate qui.","breadcrumb":{"@id":"https:\/\/cardinal-tapes.com\/it\/nastri-adesivi-it\/nastro-adesivo-abc\/nastri-in-schiuma-pe\/#breadcrumb"},"inLanguage":"it-IT","potentialAction":[{"@type":"ReadAction","target":["https:\/\/cardinal-tapes.com\/it\/nastri-adesivi-it\/nastro-adesivo-abc\/nastri-in-schiuma-pe\/"]}]},{"@type":"BreadcrumbList","@id":"https:\/\/cardinal-tapes.com\/it\/nastri-adesivi-it\/nastro-adesivo-abc\/nastri-in-schiuma-pe\/#breadcrumb","itemListElement":[{"@type":"ListItem","position":1,"name":"Startseite","item":"https:\/\/cardinal-tapes.com\/it\/casa\/"},{"@type":"ListItem","position":2,"name":"Nastri adesivi","item":"https:\/\/cardinal-tapes.com\/it\/nastri-adesivi-it\/"},{"@type":"ListItem","position":3,"name":"Nastro adesivo ABC","item":"https:\/\/cardinal-tapes.com\/it\/nastri-adesivi-it__trashed\/nastro-adesivo-abc\/"},{"@type":"ListItem","position":4,"name":"Nastri in schiuma PE"}]},{"@type":"WebSite","@id":"https:\/\/cardinal-tapes.com\/#website","url":"https:\/\/cardinal-tapes.com\/","name":"cardinal TAPES","description":"Klebetechnik aus Wuppertal","potentialAction":[{"@type":"SearchAction","target":{"@type":"EntryPoint","urlTemplate":"https:\/\/cardinal-tapes.com\/?s={search_term_string}"},"query-input":{"@type":"PropertyValueSpecification","valueRequired":true,"valueName":"search_term_string"}}],"inLanguage":"it-IT"}]}},"_links":{"self":[{"href":"https:\/\/cardinal-tapes.com\/it\/wp-json\/wp\/v2\/pages\/31386","targetHints":{"allow":["GET"]}}],"collection":[{"href":"https:\/\/cardinal-tapes.com\/it\/wp-json\/wp\/v2\/pages"}],"about":[{"href":"https:\/\/cardinal-tapes.com\/it\/wp-json\/wp\/v2\/types\/page"}],"author":[{"embeddable":true,"href":"https:\/\/cardinal-tapes.com\/it\/wp-json\/wp\/v2\/users\/1"}],"replies":[{"embeddable":true,"href":"https:\/\/cardinal-tapes.com\/it\/wp-json\/wp\/v2\/comments?post=31386"}],"version-history":[{"count":0,"href":"https:\/\/cardinal-tapes.com\/it\/wp-json\/wp\/v2\/pages\/31386\/revisions"}],"up":[{"embeddable":true,"href":"https:\/\/cardinal-tapes.com\/it\/wp-json\/wp\/v2\/pages\/30811"}],"wp:attachment":[{"href":"https:\/\/cardinal-tapes.com\/it\/wp-json\/wp\/v2\/media?parent=31386"}],"curies":[{"name":"wp","href":"https:\/\/api.w.org\/{rel}","templated":true}]}}