{"id":31295,"date":"2023-06-02T10:59:28","date_gmt":"2023-06-02T08:59:28","guid":{"rendered":"https:\/\/cardinal.pixel-tal.de\/nastri-adesivi\/nastro-adesivo-abc\/nastri-rinforzati-in-vetro-con-rivestimento-in-ptfe\/"},"modified":"2023-06-02T11:12:19","modified_gmt":"2023-06-02T09:12:19","slug":"nastri-rinforzati-in-vetro-con-rivestimento-in-ptfe","status":"publish","type":"page","link":"https:\/\/cardinal-tapes.com\/it\/nastri-adesivi-it\/nastro-adesivo-abc\/nastri-rinforzati-in-vetro-con-rivestimento-in-ptfe\/","title":{"rendered":"Nastri rinforzati in vetro con rivestimento in PTFE"},"content":{"rendered":"<div id='av_section_1'  class='avia-section av-6s888q-970f19534e8b49f04750fd9cbbdaa538 alternate_color avia-section-default avia-no-border-styling  avia-builder-el-0  avia-builder-el-no-sibling  avia-bg-style-scroll container_wrap fullsize'  ><div class='container av-section-cont-open' ><main  role=\"main\" itemprop=\"mainContentOfPage\"  class='template-page content  av-content-full alpha units'><div class='post-entry post-entry-type-page post-entry-31295'><div class='entry-content-wrapper clearfix'>\n<div  class='flex_column av-1tj8hmi-7908129f3f2c70b32677506c1a4b506b av_one_full  avia-builder-el-1  el_before_av_one_half  avia-builder-el-first  first flex_column_div  '     ><div class=\"pxl-headline pxl-hl hl-wrap | hl-sub--off hl--align-left hl--no-margin    \">\n        <div class=\"hl-inner\">\n            <h2 class=\"hl-main hl-line |  hl_main--default  \">Nastri adesivi rinforzati con vetro e rivestimento in PTFE<\/h2>\n            \n    <\/div>\n<\/div><\/div><div  class='flex_column av-187squy-9c4fd27079e67151ec39d6bbce8de2ea av_one_half  avia-builder-el-3  el_after_av_one_full  el_before_av_one_half  first flex_column_div  column-top-margin'     ><section  class='av_textblock_section av-25ocxyy-4aafa9d6193fa6f0e1531f0180d57e0d '   itemscope=\"itemscope\" itemtype=\"https:\/\/schema.org\/CreativeWork\" ><div class='avia_textblock'  itemprop=\"text\" ><p>Sia come termosaldante che come materiale nelle macchine per l&#8217;imballaggio, come materiale ausiliario nella stiratura o nella pressatura o anche per rivestimenti di rulli, rivestimenti di alberi, rivestimenti antiaderenti e su utensili adesivi &#8211; i nastri rinforzati con vetro sono adatti a un&#8217;ampia gamma di usi, ciascuno con applicazioni molto specifiche. Ci\u00f2 \u00e8 possibile grazie alle speciali propriet\u00e0 del materiale. Il tessuto di vetro si distingue per l&#8217;elevata resistenza a vari influssi. Offre un&#8217;eccellente resistenza alle temperature da -70 a 260 gradi Celsius. Inoltre, il materiale convince per resistenza elettrica, resistenza meccanica, resistenza al fuoco ed economicit\u00e0.<\/p>\n<h4>Nastri adesivi rinforzati con vetro e rivestimento in PTFE per numerosi settori industriali<\/h4>\n<p>Inoltre, il tessuto in fibra di vetro \u00e8 rivestito di politetrafluoroetilene (PTFE). Il materiale spesso chiamato colloquialmente Teflon \u00e8 un polimero composto da fluoro e carbonio. Dotato di un adesivo siliconico, questo strato di PTFE fornisce una superficie con eccellenti propriet\u00e0 antiaderenti per una variet\u00e0 di applicazioni industriali. I nastri adesivi rinforzati in vetro con rivestimento in PTFE sono quindi estremamente flessibili e soddisfano i requisiti pi\u00f9 elevati.<\/p>\n<\/div><\/section><\/div><div  class='flex_column av-kfajzu-d50a19209035f7f22a75acf58a2c744a av_one_half  avia-builder-el-5  el_after_av_one_half  avia-builder-el-last  flex_column_div  column-top-margin'     ><section  class='av_textblock_section av-yw8ube-3c66a4d4b2856c1dcc03151bc89bf943 '   itemscope=\"itemscope\" itemtype=\"https:\/\/schema.org\/CreativeWork\" ><div class='avia_textblock'  itemprop=\"text\" ><h4>Nastri adesivi rinforzati in vetro di alta qualit\u00e0 con rivestimento in PTFE dal rivenditore specializzato<\/h4>\n<p>In qualit\u00e0 di esperti di nastri adesivi rinforzati con vetro e rivestimento in PTFE, sappiamo che questi nastri sono esposti a condizioni estreme. Per questo motivo attribuiamo grande importanza alla massima qualit\u00e0 e alla consulenza completa. Questo ci rende un partner forte per un&#8217;ampia gamma di settori. Questi includono l&#8217;<a href=\"https:\/\/cardinal-tapes.com\/it\/nastri-adesivi\/aree-di-applicazione\/industria-tessile\/\">industria tessile<\/a>, la <a href=\"https:\/\/cardinal-tapes.com\/it\/nastri-adesivi\/aree-di-applicazione\/tecnologia-per-eventi\/\">tecnologia degli eventi<\/a>, l&#8217;industria <a href=\"https:\/\/cardinal-tapes.com\/it\/nastri-adesivi\/aree-di-applicazione\/industria-delle-costruzioni\/\">delle costruzioni<\/a>, l&#8217;industria del calcestruzzo, l&#8217;<a href=\"https:\/\/cardinal-tapes.com\/it\/nastri-adesivi\/aree-di-applicazione\/industria-pubblicitaria\/\">industria pubblicitaria<\/a>, la finitura dei metalli e il <a href=\"https:\/\/cardinal-tapes.com\/it\/nastri-adesivi\/aree-di-applicazione\/settore-automobilistico\/\">settore automobilistico<\/a>.<\/p>\n<\/div><\/section><\/div>\n\n","protected":false},"excerpt":{"rendered":"","protected":false},"author":1,"featured_media":0,"parent":30811,"menu_order":8,"comment_status":"closed","ping_status":"closed","template":"","meta":{"_acf_changed":false,"footnotes":""},"class_list":["post-31295","page","type-page","status-publish","hentry"],"acf":[],"yoast_head":"<!-- This site is optimized with the Yoast SEO plugin v27.3 - https:\/\/yoast.com\/product\/yoast-seo-wordpress\/ -->\n<title>Nastri rinforzati in vetro con rivestimento in PTFE | cardinal Tapes<\/title>\n<meta name=\"description\" content=\"I nastri rinforzati in vetro con rivestimento in PTFE sono tra i nastri adesivi pi\u00f9 versatili grazie alle loro propriet\u00e0 materiali.\" \/>\n<meta name=\"robots\" content=\"index, follow, max-snippet:-1, max-image-preview:large, max-video-preview:-1\" \/>\n<link rel=\"canonical\" href=\"https:\/\/cardinal-tapes.com\/it\/nastri-adesivi-it__trashed\/nastro-adesivo-abc\/nastri-rinforzati-in-vetro-con-rivestimento-in-ptfe\/\" \/>\n<meta property=\"og:locale\" content=\"it_IT\" \/>\n<meta property=\"og:type\" content=\"article\" \/>\n<meta property=\"og:title\" content=\"Nastri rinforzati in vetro con rivestimento in PTFE | cardinal Tapes\" \/>\n<meta property=\"og:description\" content=\"I nastri rinforzati in vetro con rivestimento in PTFE sono tra i nastri adesivi pi\u00f9 versatili grazie alle loro propriet\u00e0 materiali.\" \/>\n<meta property=\"og:url\" content=\"https:\/\/cardinal-tapes.com\/it\/nastri-adesivi-it__trashed\/nastro-adesivo-abc\/nastri-rinforzati-in-vetro-con-rivestimento-in-ptfe\/\" \/>\n<meta property=\"og:site_name\" content=\"cardinal TAPES\" \/>\n<meta property=\"article:modified_time\" content=\"2023-06-02T09:12:19+00:00\" \/>\n<meta name=\"twitter:card\" content=\"summary_large_image\" \/>\n<meta name=\"twitter:label1\" content=\"Tempo di lettura stimato\" \/>\n\t<meta name=\"twitter:data1\" content=\"9 minuti\" \/>\n<script type=\"application\/ld+json\" class=\"yoast-schema-graph\">{\"@context\":\"https:\\\/\\\/schema.org\",\"@graph\":[{\"@type\":\"WebPage\",\"@id\":\"https:\\\/\\\/cardinal-tapes.com\\\/it\\\/nastri-adesivi-it__trashed\\\/nastro-adesivo-abc\\\/nastri-rinforzati-in-vetro-con-rivestimento-in-ptfe\\\/\",\"url\":\"https:\\\/\\\/cardinal-tapes.com\\\/it\\\/nastri-adesivi-it__trashed\\\/nastro-adesivo-abc\\\/nastri-rinforzati-in-vetro-con-rivestimento-in-ptfe\\\/\",\"name\":\"Nastri rinforzati in vetro con rivestimento in PTFE | cardinal Tapes\",\"isPartOf\":{\"@id\":\"https:\\\/\\\/cardinal-tapes.com\\\/#website\"},\"datePublished\":\"2023-06-02T08:59:28+00:00\",\"dateModified\":\"2023-06-02T09:12:19+00:00\",\"description\":\"I nastri rinforzati in vetro con rivestimento in PTFE sono tra i nastri adesivi pi\u00f9 versatili grazie alle loro propriet\u00e0 materiali.\",\"breadcrumb\":{\"@id\":\"https:\\\/\\\/cardinal-tapes.com\\\/it\\\/nastri-adesivi-it__trashed\\\/nastro-adesivo-abc\\\/nastri-rinforzati-in-vetro-con-rivestimento-in-ptfe\\\/#breadcrumb\"},\"inLanguage\":\"it-IT\",\"potentialAction\":[{\"@type\":\"ReadAction\",\"target\":[\"https:\\\/\\\/cardinal-tapes.com\\\/it\\\/nastri-adesivi-it__trashed\\\/nastro-adesivo-abc\\\/nastri-rinforzati-in-vetro-con-rivestimento-in-ptfe\\\/\"]}]},{\"@type\":\"BreadcrumbList\",\"@id\":\"https:\\\/\\\/cardinal-tapes.com\\\/it\\\/nastri-adesivi-it__trashed\\\/nastro-adesivo-abc\\\/nastri-rinforzati-in-vetro-con-rivestimento-in-ptfe\\\/#breadcrumb\",\"itemListElement\":[{\"@type\":\"ListItem\",\"position\":1,\"name\":\"Startseite\",\"item\":\"https:\\\/\\\/cardinal-tapes.com\\\/it\\\/casa\\\/\"},{\"@type\":\"ListItem\",\"position\":2,\"name\":\"Nastro adesivo ABC\",\"item\":\"https:\\\/\\\/cardinal-tapes.com\\\/it\\\/nastri-adesivi-it__trashed\\\/nastro-adesivo-abc\\\/\"},{\"@type\":\"ListItem\",\"position\":3,\"name\":\"Nastri rinforzati in vetro con rivestimento in PTFE\"}]},{\"@type\":\"WebSite\",\"@id\":\"https:\\\/\\\/cardinal-tapes.com\\\/#website\",\"url\":\"https:\\\/\\\/cardinal-tapes.com\\\/\",\"name\":\"cardinal TAPES\",\"description\":\"Klebetechnik aus Wuppertal\",\"potentialAction\":[{\"@type\":\"SearchAction\",\"target\":{\"@type\":\"EntryPoint\",\"urlTemplate\":\"https:\\\/\\\/cardinal-tapes.com\\\/?s={search_term_string}\"},\"query-input\":{\"@type\":\"PropertyValueSpecification\",\"valueRequired\":true,\"valueName\":\"search_term_string\"}}],\"inLanguage\":\"it-IT\"}]}<\/script>\n<!-- \/ Yoast SEO plugin. -->","yoast_head_json":{"title":"Nastri rinforzati in vetro con rivestimento in PTFE | cardinal Tapes","description":"I nastri rinforzati in vetro con rivestimento in PTFE sono tra i nastri adesivi pi\u00f9 versatili grazie alle loro propriet\u00e0 materiali.","robots":{"index":"index","follow":"follow","max-snippet":"max-snippet:-1","max-image-preview":"max-image-preview:large","max-video-preview":"max-video-preview:-1"},"canonical":"https:\/\/cardinal-tapes.com\/it\/nastri-adesivi-it__trashed\/nastro-adesivo-abc\/nastri-rinforzati-in-vetro-con-rivestimento-in-ptfe\/","og_locale":"it_IT","og_type":"article","og_title":"Nastri rinforzati in vetro con rivestimento in PTFE | cardinal Tapes","og_description":"I nastri rinforzati in vetro con rivestimento in PTFE sono tra i nastri adesivi pi\u00f9 versatili grazie alle loro propriet\u00e0 materiali.","og_url":"https:\/\/cardinal-tapes.com\/it\/nastri-adesivi-it__trashed\/nastro-adesivo-abc\/nastri-rinforzati-in-vetro-con-rivestimento-in-ptfe\/","og_site_name":"cardinal TAPES","article_modified_time":"2023-06-02T09:12:19+00:00","twitter_card":"summary_large_image","twitter_misc":{"Tempo di lettura stimato":"9 minuti"},"schema":{"@context":"https:\/\/schema.org","@graph":[{"@type":"WebPage","@id":"https:\/\/cardinal-tapes.com\/it\/nastri-adesivi-it__trashed\/nastro-adesivo-abc\/nastri-rinforzati-in-vetro-con-rivestimento-in-ptfe\/","url":"https:\/\/cardinal-tapes.com\/it\/nastri-adesivi-it__trashed\/nastro-adesivo-abc\/nastri-rinforzati-in-vetro-con-rivestimento-in-ptfe\/","name":"Nastri rinforzati in vetro con rivestimento in PTFE | cardinal Tapes","isPartOf":{"@id":"https:\/\/cardinal-tapes.com\/#website"},"datePublished":"2023-06-02T08:59:28+00:00","dateModified":"2023-06-02T09:12:19+00:00","description":"I nastri rinforzati in vetro con rivestimento in PTFE sono tra i nastri adesivi pi\u00f9 versatili grazie alle loro propriet\u00e0 materiali.","breadcrumb":{"@id":"https:\/\/cardinal-tapes.com\/it\/nastri-adesivi-it__trashed\/nastro-adesivo-abc\/nastri-rinforzati-in-vetro-con-rivestimento-in-ptfe\/#breadcrumb"},"inLanguage":"it-IT","potentialAction":[{"@type":"ReadAction","target":["https:\/\/cardinal-tapes.com\/it\/nastri-adesivi-it__trashed\/nastro-adesivo-abc\/nastri-rinforzati-in-vetro-con-rivestimento-in-ptfe\/"]}]},{"@type":"BreadcrumbList","@id":"https:\/\/cardinal-tapes.com\/it\/nastri-adesivi-it__trashed\/nastro-adesivo-abc\/nastri-rinforzati-in-vetro-con-rivestimento-in-ptfe\/#breadcrumb","itemListElement":[{"@type":"ListItem","position":1,"name":"Startseite","item":"https:\/\/cardinal-tapes.com\/it\/casa\/"},{"@type":"ListItem","position":2,"name":"Nastro adesivo ABC","item":"https:\/\/cardinal-tapes.com\/it\/nastri-adesivi-it__trashed\/nastro-adesivo-abc\/"},{"@type":"ListItem","position":3,"name":"Nastri rinforzati in vetro con rivestimento in PTFE"}]},{"@type":"WebSite","@id":"https:\/\/cardinal-tapes.com\/#website","url":"https:\/\/cardinal-tapes.com\/","name":"cardinal TAPES","description":"Klebetechnik aus Wuppertal","potentialAction":[{"@type":"SearchAction","target":{"@type":"EntryPoint","urlTemplate":"https:\/\/cardinal-tapes.com\/?s={search_term_string}"},"query-input":{"@type":"PropertyValueSpecification","valueRequired":true,"valueName":"search_term_string"}}],"inLanguage":"it-IT"}]}},"_links":{"self":[{"href":"https:\/\/cardinal-tapes.com\/it\/wp-json\/wp\/v2\/pages\/31295","targetHints":{"allow":["GET"]}}],"collection":[{"href":"https:\/\/cardinal-tapes.com\/it\/wp-json\/wp\/v2\/pages"}],"about":[{"href":"https:\/\/cardinal-tapes.com\/it\/wp-json\/wp\/v2\/types\/page"}],"author":[{"embeddable":true,"href":"https:\/\/cardinal-tapes.com\/it\/wp-json\/wp\/v2\/users\/1"}],"replies":[{"embeddable":true,"href":"https:\/\/cardinal-tapes.com\/it\/wp-json\/wp\/v2\/comments?post=31295"}],"version-history":[{"count":0,"href":"https:\/\/cardinal-tapes.com\/it\/wp-json\/wp\/v2\/pages\/31295\/revisions"}],"up":[{"embeddable":true,"href":"https:\/\/cardinal-tapes.com\/it\/wp-json\/wp\/v2\/pages\/30811"}],"wp:attachment":[{"href":"https:\/\/cardinal-tapes.com\/it\/wp-json\/wp\/v2\/media?parent=31295"}],"curies":[{"name":"wp","href":"https:\/\/api.w.org\/{rel}","templated":true}]}}