{"id":31248,"date":"2023-06-02T10:59:27","date_gmt":"2023-06-02T08:59:27","guid":{"rendered":"https:\/\/cardinal.pixel-tal.de\/nastri-adesivi\/nastro-adesivo-abc\/nastro-di-trasferimento\/"},"modified":"2023-06-14T10:47:09","modified_gmt":"2023-06-14T08:47:09","slug":"nastro-di-trasferimento","status":"publish","type":"page","link":"https:\/\/cardinal-tapes.com\/it\/nastri-adesivi-it\/nastro-adesivo-abc\/nastro-di-trasferimento\/","title":{"rendered":"Nastro di trasferimento"},"content":{"rendered":"<div id='av_section_1'  class='avia-section av-3hysj8r-88e2d18683ece1e0c16262f3aabcbd15 alternate_color avia-section-default avia-no-border-styling  avia-builder-el-0  el_before_av_section  avia-builder-el-first  avia-bg-style-scroll container_wrap fullsize'  ><div class='container av-section-cont-open' ><main  role=\"main\" itemprop=\"mainContentOfPage\"  class='template-page content  av-content-full alpha units'><div class='post-entry post-entry-type-page post-entry-31248'><div class='entry-content-wrapper clearfix'>\n<div  class='flex_column av-2ucyecr-07eb1576d0e3330d06eeae29523c41c2 av_one_full  avia-builder-el-1  el_before_av_one_half  avia-builder-el-first  first flex_column_div  '     ><div class=\"pxl-headline pxl-hl hl-wrap | hl-sub--off hl--align-left hl--no-margin    \">\n        <div class=\"hl-inner\">\n            <h2 class=\"hl-main hl-line |  hl_main--default  \">Nastro di trasferimento<\/h2>\n            \n    <\/div>\n<\/div><\/div><div  class='flex_column av-2mng9aj-3c56a91b56804b6c67366dfdf0ee5cdd av_one_half  avia-builder-el-3  el_after_av_one_full  el_before_av_one_half  first flex_column_div  column-top-margin'     ><section  class='av_textblock_section av-2uclje3-c11f71b4d87657e431061aadcd74c257 '   itemscope=\"itemscope\" itemtype=\"https:\/\/schema.org\/CreativeWork\" ><div class='avia_textblock'  itemprop=\"text\" ><p>Nell&#8217;industria, e in particolare nel settore della produzione automobilistica, esistono numerose applicazioni in cui sono necessari nastri biadesivi speciali, i cosiddetti nastri di trasferimento. Sono caratterizzati da una colla acrilica fortemente adesiva, che viene incollata senza supporto. Ci\u00f2 significa che i nastri di trasferimento sono particolarmente piatti e che i diversi componenti possono essere incollati senza problemi. Inoltre, per i nastri vengono utilizzate pellicole adesive estremamente resistenti per garantire una tenuta affidabile. Ci\u00f2 rende i nastri transfer adatti a diversi tipi di applicazioni finali. Ottimi risultati si ottengono con superfici basate su acciaio (8 N\/cm), policarbonato (7,6 N\/cm) e polistirolo (7,2 N\/cm). Inoltre, i nastri transfer sono estremamente resistenti agli effetti dell&#8217;invecchiamento, come i raggi UV e l&#8217;umidit\u00e0. Possono sopportare temperature fino a 200 gradi a breve termine e fino a 80 gradi a lungo termine.<\/p>\n<\/div><\/section><\/div><div  class='flex_column av-248fy17-2e5bebc5725a65b7a770f95ce58d54c9 av_one_half  avia-builder-el-5  el_after_av_one_half  avia-builder-el-last  flex_column_div  column-top-margin'     ><section  class='av_textblock_section av-1xhvy6j-b4324e012f51c195f4471ae8bae178ea '   itemscope=\"itemscope\" itemtype=\"https:\/\/schema.org\/CreativeWork\" ><div class='avia_textblock'  itemprop=\"text\" ><h4>Nastri di trasferimento &#8211; tuttofare senza supporto<\/h4>\n<p>I nastri di trasferimento sono caratterizzati da una pellicola adesiva priva di supporto. Il nastro vero e proprio \u00e8 quindi costituito solo da una pellicola di adesivo circondata su uno o entrambi i lati da una carta siliconata protettiva. Questo viene staccato dal nastro per l&#8217;applicazione, esponendo l&#8217;adesivo acrilico autoadesivo. Poich\u00e9 il nastro vero e proprio \u00e8 costituito solo da questo strato adesivo piatto, \u00e8 ideale per l&#8217;incollaggio senza soluzione di continuit\u00e0 di materiali lisci o sottili, nonch\u00e9 di superfici chiuse e leggermente strutturate. A seconda dell&#8217;adesivo acrilico utilizzato, i nastri transfer sono impiegati in un&#8217;ampia gamma di settori.<\/p>\n<p>Offriamo ai nostri clienti la possibilit\u00e0 di <a href=\"https:\/\/cardinal-tapes.com\/it\/imballaggio\/\">personalizzare i nastri secondo i loro desideri<\/a>. Non esitate a contattare i nostri esperti di lunga data per ulteriori informazioni.<\/p>\n<\/div><\/section><\/div>\n\n<\/div><\/div><\/main><!-- close content main element --><\/div><\/div><div id='av_section_2'  class='avia-section av-1hz0cmj-594fb20bacd143774c2e3718f6d5a9c0 main_color avia-section-default avia-no-border-styling  avia-builder-el-7  el_after_av_section  avia-builder-el-last  gradient-section avia-bg-style-scroll container_wrap fullsize'  ><div class='container av-section-cont-open' ><div class='template-page content  av-content-full alpha units'><div class='post-entry post-entry-type-page post-entry-31248'><div class='entry-content-wrapper clearfix'>\n<div  class='flex_column av-ziovu3-d271f459d5e2e429f888d01195a77e11 av_one_full  avia-builder-el-8  avia-builder-el-no-sibling  first flex_column_div  '     ><p><div class=\"pxl-headline pxl-hl hl-wrap | hl-sub--off hl--align-left hl--no-margin    \">\n        <div class=\"hl-inner\">\n            <h2 class=\"hl-main hl-line |  hl_main--default  \">Prodotti interessanti<\/h2>\n            \n    <\/div>\n<\/div>\n<br \/>\n<div   data-autoplay=''  data-interval='5'  data-animation='fade'  data-hoverpause='1'  class='template-shop avia-content-slider avia-content-slider-active avia-product-slider1 avia-content-slider-even  avia-builder-el-10  el_after_pixel_sc_headline  el_before_av_button   shop_columns_4' ><div class='avia-content-slider-inner'><ul class=\"products slide-entry-wrap\"><li class=\"product type-product post-48007 status-publish first instock product_cat-industria-elettrica product_cat-acciaio-e-vetro product_cat-nastri-adesivi-di-trasferimento product_cat-nastri-biadesivi has-post-thumbnail taxable shipping-taxable purchasable product-type-variable\">\n\t<div class='inner_product main_color wrapped_style noLightbox  av-product-class-no_button'><a href=\"https:\/\/cardinal-tapes.com\/it\/nastri-adesivi\/aree-di-applicazione\/industria-elettrica\/3m-467-mp-transfer-tape\/\" class=\"woocommerce-LoopProduct-link woocommerce-loop-product__link\"><div class=\"thumbnail_container\"><img decoding=\"async\" loading=\"lazy\" width=\"450\" height=\"450\" src=\"https:\/\/cardinal-tapes.com\/wp-content\/uploads\/3m-467mp-klebstoffserie-200mp-450x450.jpg\" class=\"wp-image-26797 avia-img-lazy-loading-26797 attachment-shop_catalog size-shop_catalog wp-post-image\" alt=\"Nastro di trasferimento 3M\u2122 467 MP - bifacciale, Carta rivestita in PE, Senza spalline, Trasferimento, Acrilico - Illustrazione 26797\" srcset=\"https:\/\/cardinal-tapes.com\/wp-content\/uploads\/3m-467mp-klebstoffserie-200mp-450x450.jpg 450w, https:\/\/cardinal-tapes.com\/wp-content\/uploads\/3m-467mp-klebstoffserie-200mp-120x120.jpg 120w, https:\/\/cardinal-tapes.com\/wp-content\/uploads\/3m-467mp-klebstoffserie-200mp-80x80.jpg 80w, https:\/\/cardinal-tapes.com\/wp-content\/uploads\/3m-467mp-klebstoffserie-200mp-36x36.jpg 36w, https:\/\/cardinal-tapes.com\/wp-content\/uploads\/3m-467mp-klebstoffserie-200mp-180x180.jpg 180w, https:\/\/cardinal-tapes.com\/wp-content\/uploads\/3m-467mp-klebstoffserie-200mp-100x100.jpg 100w\" sizes=\"auto, (max-width: 450px) 100vw, 450px\" \/><\/div><div class='inner_product_header'><div class='avia-arrow'><\/div><div class='inner_product_header_table'><div class='inner_product_header_cell'><span class=\"is-h2 woocommerce-loop-product__title\">Nastro di trasferimento 3M\u2122 467 MP<\/span>\t\t<div class=\"product-infos\">\n\t\t\t\t\t\t\t<span class='product-infos__item'><b>Rivestimento:<\/b> bifacciale<\/span>\n\t\t\t\t\t\t\t\t\t\t<span class='product-infos__item'><b>Tipo di materiale:<\/b> Carta rivestita in PE, Senza spalline, Trasferimento<\/span>\n\t\t\t\t\t\t\t\t\t\t<span class='product-infos__item'><b>Produttore:<\/b> 3M<\/span>\n\t\t\t\t\t\t\t\t\t\t<span class='product-infos__item'><b>Prezzo su richiesta<\/b><\/span>\n\t\t\t\t\t<\/div>\n\t<\/div><\/div><\/div><\/a><\/div><\/li>\n<li class=\"product type-product post-38207 status-publish instock product_cat-produzione-e-lavorazione-dellalluminio product_cat-industria-elettrica product_cat-produzione-di-film product_cat-industria-della-plastica product_cat-ingegneria-meccanica product_cat-industria-tessile product_cat-nastri-adesivi-di-trasferimento product_cat-nastri-biadesivi has-post-thumbnail taxable shipping-taxable purchasable product-type-variable\">\n\t<div class='inner_product main_color wrapped_style noLightbox  av-product-class-no_button'><a href=\"https:\/\/cardinal-tapes.com\/it\/nastri-adesivi\/aree-di-applicazione\/produzione-e-lavorazione-dellalluminio\/orabond-1377-nastro-di-trasferimento\/\" class=\"woocommerce-LoopProduct-link woocommerce-loop-product__link\"><div class=\"thumbnail_container\"><img decoding=\"async\" loading=\"lazy\" width=\"450\" height=\"450\" src=\"https:\/\/cardinal-tapes.com\/wp-content\/uploads\/1375_1377-450x450.jpg\" class=\"wp-image-29201 avia-img-lazy-loading-29201 attachment-shop_catalog size-shop_catalog wp-post-image\" alt=\"Nastro adesivo di trasferimento ORABOND\u00ae 1377 - bifacciale, Senza spalline, Acrilico - Illustrazione 29201\" srcset=\"https:\/\/cardinal-tapes.com\/wp-content\/uploads\/1375_1377-450x450.jpg 450w, https:\/\/cardinal-tapes.com\/wp-content\/uploads\/1375_1377-80x80.jpg 80w, https:\/\/cardinal-tapes.com\/wp-content\/uploads\/1375_1377-36x36.jpg 36w, https:\/\/cardinal-tapes.com\/wp-content\/uploads\/1375_1377-180x180.jpg 180w, https:\/\/cardinal-tapes.com\/wp-content\/uploads\/1375_1377-120x120.jpg 120w, https:\/\/cardinal-tapes.com\/wp-content\/uploads\/1375_1377-100x100.jpg 100w\" sizes=\"auto, (max-width: 450px) 100vw, 450px\" \/><\/div><div class='inner_product_header'><div class='avia-arrow'><\/div><div class='inner_product_header_table'><div class='inner_product_header_cell'><span class=\"is-h2 woocommerce-loop-product__title\">Nastro adesivo di trasferimento ORABOND\u00ae 1377<\/span>\t\t<div class=\"product-infos\">\n\t\t\t\t\t\t\t<span class='product-infos__item'><b>Rivestimento:<\/b> bifacciale<\/span>\n\t\t\t\t\t\t\t\t\t\t<span class='product-infos__item'><b>Tipo di materiale:<\/b> Senza spalline<\/span>\n\t\t\t\t\t\t\t\t\t\t<span class='product-infos__item'><b>Produttore:<\/b> ORAFOL<\/span>\n\t\t\t\t\t\t\t\t\t\t<span class='product-infos__item'><b>Prezzo su richiesta<\/b><\/span>\n\t\t\t\t\t<\/div>\n\t<\/div><\/div><\/div><\/a><\/div><\/li>\n<li class=\"product type-product post-38206 status-publish instock product_cat-industria-della-plastica product_cat-nastri-adesivi-di-trasferimento product_cat-nastri-biadesivi has-post-thumbnail taxable shipping-taxable purchasable product-type-variable\">\n\t<div class='inner_product main_color wrapped_style noLightbox  av-product-class-no_button'><a href=\"https:\/\/cardinal-tapes.com\/it\/nastri-adesivi\/aree-di-applicazione\/industria-della-plastica\/orabond-1360-se-nastro-adesivo-per-tessuti\/\" class=\"woocommerce-LoopProduct-link woocommerce-loop-product__link\"><div class=\"thumbnail_container\"><img decoding=\"async\" loading=\"lazy\" width=\"450\" height=\"450\" src=\"https:\/\/cardinal-tapes.com\/wp-content\/uploads\/ORABOND-1360SE-1-450x450.jpg\" class=\"wp-image-29245 avia-img-lazy-loading-29245 attachment-shop_catalog size-shop_catalog wp-post-image\" alt=\"ORABOND\u00ae 1360 SE nastro adesivo in tessuto - bifacciale, Paravento in poliammide, Dispersione di acrilato - Illustrazione 29245\" srcset=\"https:\/\/cardinal-tapes.com\/wp-content\/uploads\/ORABOND-1360SE-1-450x450.jpg 450w, https:\/\/cardinal-tapes.com\/wp-content\/uploads\/ORABOND-1360SE-1-80x80.jpg 80w, https:\/\/cardinal-tapes.com\/wp-content\/uploads\/ORABOND-1360SE-1-36x36.jpg 36w, https:\/\/cardinal-tapes.com\/wp-content\/uploads\/ORABOND-1360SE-1-180x180.jpg 180w, https:\/\/cardinal-tapes.com\/wp-content\/uploads\/ORABOND-1360SE-1-120x120.jpg 120w, https:\/\/cardinal-tapes.com\/wp-content\/uploads\/ORABOND-1360SE-1-100x100.jpg 100w\" sizes=\"auto, (max-width: 450px) 100vw, 450px\" \/><\/div><div class='inner_product_header'><div class='avia-arrow'><\/div><div class='inner_product_header_table'><div class='inner_product_header_cell'><span class=\"is-h2 woocommerce-loop-product__title\">ORABOND\u00ae 1360 SE nastro adesivo in tessuto<\/span>\t\t<div class=\"product-infos\">\n\t\t\t\t\t\t\t<span class='product-infos__item'><b>Rivestimento:<\/b> bifacciale<\/span>\n\t\t\t\t\t\t\t\t\t\t<span class='product-infos__item'><b>Tipo di materiale:<\/b> Paravento in poliammide<\/span>\n\t\t\t\t\t\t\t\t\t\t<span class='product-infos__item'><b>Produttore:<\/b> ORAFOL<\/span>\n\t\t\t\t\t\t\t\t\t\t<span class='product-infos__item'><b>Prezzo su richiesta<\/b><\/span>\n\t\t\t\t\t<\/div>\n\t<\/div><\/div><\/div><\/a><\/div><\/li>\n<li class=\"product type-product post-45306 status-publish last instock product_cat-nastri-adesivi-di-trasferimento product_cat-nastri-biadesivi has-post-thumbnail taxable shipping-taxable purchasable product-type-variable\">\n\t<div class='inner_product main_color wrapped_style noLightbox  av-product-class-no_button'><a href=\"https:\/\/cardinal-tapes.com\/it\/nastri-adesivi\/aree-di-applicazione\/nastri-adesivi-di-trasferimento\/ca-452-transfer-nastro-adesivo\/\" class=\"woocommerce-LoopProduct-link woocommerce-loop-product__link\"><div class=\"thumbnail_container\"><img decoding=\"async\" loading=\"lazy\" width=\"450\" height=\"450\" src=\"https:\/\/cardinal-tapes.com\/wp-content\/uploads\/CA_452_retouched-450x450.jpg\" class=\"wp-image-27081 avia-img-lazy-loading-27081 attachment-shop_catalog size-shop_catalog wp-post-image\" alt=\"Nastro di trasferimento CA-452 - bifacciale, Senza spalline, Dispersione di acrilato - Illustrazione 27081\" srcset=\"https:\/\/cardinal-tapes.com\/wp-content\/uploads\/CA_452_retouched-450x450.jpg 450w, https:\/\/cardinal-tapes.com\/wp-content\/uploads\/CA_452_retouched-120x120.jpg 120w, https:\/\/cardinal-tapes.com\/wp-content\/uploads\/CA_452_retouched-80x80.jpg 80w, https:\/\/cardinal-tapes.com\/wp-content\/uploads\/CA_452_retouched-36x36.jpg 36w, https:\/\/cardinal-tapes.com\/wp-content\/uploads\/CA_452_retouched-180x180.jpg 180w, https:\/\/cardinal-tapes.com\/wp-content\/uploads\/CA_452_retouched-100x100.jpg 100w\" sizes=\"auto, (max-width: 450px) 100vw, 450px\" \/><\/div><div class='inner_product_header'><div class='avia-arrow'><\/div><div class='inner_product_header_table'><div class='inner_product_header_cell'><span class=\"is-h2 woocommerce-loop-product__title\">Nastro di trasferimento CA-452<\/span>\t\t<div class=\"product-infos\">\n\t\t\t\t\t\t\t<span class='product-infos__item'><b>Rivestimento:<\/b> bifacciale<\/span>\n\t\t\t\t\t\t\t\t\t\t<span class='product-infos__item'><b>Tipo di materiale:<\/b> Senza spalline<\/span>\n\t\t\t\t\t\t\t\t\t\t<span class='product-infos__item'><b>Produttore:<\/b> cardinal GmbH<\/span>\n\t\t\t\t\t\t\t\t\t\t<span class='product-infos__item'><b>Prezzo su richiesta<\/b><\/span>\n\t\t\t\t\t<\/div>\n\t<\/div><\/div><\/div><\/a><\/div><\/li>\n<\/ul><\/div><\/div><div class=\"clear\"><\/div><br \/>\n<div  class='avia-button-wrap av-nhfqx7-607d82c67a8632a1185c8ddd2db1abec-wrap avia-button-left '><a href='https:\/\/cardinal-tapes.com\/klebebaender\/'  class='avia-button av-nhfqx7-607d82c67a8632a1185c8ddd2db1abec avia-icon_select-no avia-size-medium avia-position-left avia-color-theme-color layout-border color-white'  ><span class='avia_iconbox_title' >Tutti i prodotti<\/span><\/a><\/div><\/p><\/div>\n","protected":false},"excerpt":{"rendered":"","protected":false},"author":1,"featured_media":0,"parent":30811,"menu_order":12,"comment_status":"closed","ping_status":"closed","template":"","meta":{"_acf_changed":false,"footnotes":""},"class_list":["post-31248","page","type-page","status-publish","hentry"],"acf":[],"yoast_head":"<!-- This site is optimized with the Yoast SEO plugin v27.3 - https:\/\/yoast.com\/product\/yoast-seo-wordpress\/ -->\n<title>dall&#039;esperto - %<\/title>\n<meta name=\"description\" content=\"Il nastro di trasferimento \u00e8 un prodotto universale senza liner, adatto per l&#039;incollaggio senza soluzione di continuit\u00e0 di componenti diversi. Per saperne di pi\u00f9.\" \/>\n<meta name=\"robots\" content=\"index, follow, max-snippet:-1, max-image-preview:large, max-video-preview:-1\" \/>\n<link rel=\"canonical\" href=\"https:\/\/cardinal-tapes.com\/it\/nastri-adesivi-it\/nastro-adesivo-abc\/nastro-di-trasferimento\/\" \/>\n<meta property=\"og:locale\" content=\"it_IT\" \/>\n<meta property=\"og:type\" content=\"article\" \/>\n<meta property=\"og:title\" content=\"dall&#039;esperto - %\" \/>\n<meta property=\"og:description\" content=\"Il nastro di trasferimento \u00e8 un prodotto universale senza liner, adatto per l&#039;incollaggio senza soluzione di continuit\u00e0 di componenti diversi. Per saperne di pi\u00f9.\" \/>\n<meta property=\"og:url\" content=\"https:\/\/cardinal-tapes.com\/it\/nastri-adesivi-it\/nastro-adesivo-abc\/nastro-di-trasferimento\/\" \/>\n<meta property=\"og:site_name\" content=\"cardinal TAPES\" \/>\n<meta property=\"article:modified_time\" content=\"2023-06-14T08:47:09+00:00\" \/>\n<meta name=\"twitter:card\" content=\"summary_large_image\" \/>\n<meta name=\"twitter:label1\" content=\"Tempo di lettura stimato\" \/>\n\t<meta name=\"twitter:data1\" content=\"15 minuti\" \/>\n<script type=\"application\/ld+json\" class=\"yoast-schema-graph\">{\"@context\":\"https:\\\/\\\/schema.org\",\"@graph\":[{\"@type\":\"WebPage\",\"@id\":\"https:\\\/\\\/cardinal-tapes.com\\\/it\\\/nastri-adesivi-it\\\/nastro-adesivo-abc\\\/nastro-di-trasferimento\\\/\",\"url\":\"https:\\\/\\\/cardinal-tapes.com\\\/it\\\/nastri-adesivi-it\\\/nastro-adesivo-abc\\\/nastro-di-trasferimento\\\/\",\"name\":\"dall'esperto - %\",\"isPartOf\":{\"@id\":\"https:\\\/\\\/cardinal-tapes.com\\\/#website\"},\"datePublished\":\"2023-06-02T08:59:27+00:00\",\"dateModified\":\"2023-06-14T08:47:09+00:00\",\"description\":\"Il nastro di trasferimento \u00e8 un prodotto universale senza liner, adatto per l'incollaggio senza soluzione di continuit\u00e0 di componenti diversi. Per saperne di pi\u00f9.\",\"breadcrumb\":{\"@id\":\"https:\\\/\\\/cardinal-tapes.com\\\/it\\\/nastri-adesivi-it\\\/nastro-adesivo-abc\\\/nastro-di-trasferimento\\\/#breadcrumb\"},\"inLanguage\":\"it-IT\",\"potentialAction\":[{\"@type\":\"ReadAction\",\"target\":[\"https:\\\/\\\/cardinal-tapes.com\\\/it\\\/nastri-adesivi-it\\\/nastro-adesivo-abc\\\/nastro-di-trasferimento\\\/\"]}]},{\"@type\":\"BreadcrumbList\",\"@id\":\"https:\\\/\\\/cardinal-tapes.com\\\/it\\\/nastri-adesivi-it\\\/nastro-adesivo-abc\\\/nastro-di-trasferimento\\\/#breadcrumb\",\"itemListElement\":[{\"@type\":\"ListItem\",\"position\":1,\"name\":\"Startseite\",\"item\":\"https:\\\/\\\/cardinal-tapes.com\\\/it\\\/casa\\\/\"},{\"@type\":\"ListItem\",\"position\":2,\"name\":\"Nastri adesivi\",\"item\":\"https:\\\/\\\/cardinal-tapes.com\\\/it\\\/nastri-adesivi-it\\\/\"},{\"@type\":\"ListItem\",\"position\":3,\"name\":\"Nastro adesivo ABC\",\"item\":\"https:\\\/\\\/cardinal-tapes.com\\\/it\\\/nastri-adesivi-it__trashed\\\/nastro-adesivo-abc\\\/\"},{\"@type\":\"ListItem\",\"position\":4,\"name\":\"Nastro di trasferimento\"}]},{\"@type\":\"WebSite\",\"@id\":\"https:\\\/\\\/cardinal-tapes.com\\\/#website\",\"url\":\"https:\\\/\\\/cardinal-tapes.com\\\/\",\"name\":\"cardinal TAPES\",\"description\":\"Klebetechnik aus Wuppertal\",\"potentialAction\":[{\"@type\":\"SearchAction\",\"target\":{\"@type\":\"EntryPoint\",\"urlTemplate\":\"https:\\\/\\\/cardinal-tapes.com\\\/?s={search_term_string}\"},\"query-input\":{\"@type\":\"PropertyValueSpecification\",\"valueRequired\":true,\"valueName\":\"search_term_string\"}}],\"inLanguage\":\"it-IT\"}]}<\/script>\n<!-- \/ Yoast SEO plugin. -->","yoast_head_json":{"title":"dall'esperto - %","description":"Il nastro di trasferimento \u00e8 un prodotto universale senza liner, adatto per l'incollaggio senza soluzione di continuit\u00e0 di componenti diversi. Per saperne di pi\u00f9.","robots":{"index":"index","follow":"follow","max-snippet":"max-snippet:-1","max-image-preview":"max-image-preview:large","max-video-preview":"max-video-preview:-1"},"canonical":"https:\/\/cardinal-tapes.com\/it\/nastri-adesivi-it\/nastro-adesivo-abc\/nastro-di-trasferimento\/","og_locale":"it_IT","og_type":"article","og_title":"dall'esperto - %","og_description":"Il nastro di trasferimento \u00e8 un prodotto universale senza liner, adatto per l'incollaggio senza soluzione di continuit\u00e0 di componenti diversi. Per saperne di pi\u00f9.","og_url":"https:\/\/cardinal-tapes.com\/it\/nastri-adesivi-it\/nastro-adesivo-abc\/nastro-di-trasferimento\/","og_site_name":"cardinal TAPES","article_modified_time":"2023-06-14T08:47:09+00:00","twitter_card":"summary_large_image","twitter_misc":{"Tempo di lettura stimato":"15 minuti"},"schema":{"@context":"https:\/\/schema.org","@graph":[{"@type":"WebPage","@id":"https:\/\/cardinal-tapes.com\/it\/nastri-adesivi-it\/nastro-adesivo-abc\/nastro-di-trasferimento\/","url":"https:\/\/cardinal-tapes.com\/it\/nastri-adesivi-it\/nastro-adesivo-abc\/nastro-di-trasferimento\/","name":"dall'esperto - %","isPartOf":{"@id":"https:\/\/cardinal-tapes.com\/#website"},"datePublished":"2023-06-02T08:59:27+00:00","dateModified":"2023-06-14T08:47:09+00:00","description":"Il nastro di trasferimento \u00e8 un prodotto universale senza liner, adatto per l'incollaggio senza soluzione di continuit\u00e0 di componenti diversi. Per saperne di pi\u00f9.","breadcrumb":{"@id":"https:\/\/cardinal-tapes.com\/it\/nastri-adesivi-it\/nastro-adesivo-abc\/nastro-di-trasferimento\/#breadcrumb"},"inLanguage":"it-IT","potentialAction":[{"@type":"ReadAction","target":["https:\/\/cardinal-tapes.com\/it\/nastri-adesivi-it\/nastro-adesivo-abc\/nastro-di-trasferimento\/"]}]},{"@type":"BreadcrumbList","@id":"https:\/\/cardinal-tapes.com\/it\/nastri-adesivi-it\/nastro-adesivo-abc\/nastro-di-trasferimento\/#breadcrumb","itemListElement":[{"@type":"ListItem","position":1,"name":"Startseite","item":"https:\/\/cardinal-tapes.com\/it\/casa\/"},{"@type":"ListItem","position":2,"name":"Nastri adesivi","item":"https:\/\/cardinal-tapes.com\/it\/nastri-adesivi-it\/"},{"@type":"ListItem","position":3,"name":"Nastro adesivo ABC","item":"https:\/\/cardinal-tapes.com\/it\/nastri-adesivi-it__trashed\/nastro-adesivo-abc\/"},{"@type":"ListItem","position":4,"name":"Nastro di trasferimento"}]},{"@type":"WebSite","@id":"https:\/\/cardinal-tapes.com\/#website","url":"https:\/\/cardinal-tapes.com\/","name":"cardinal TAPES","description":"Klebetechnik aus Wuppertal","potentialAction":[{"@type":"SearchAction","target":{"@type":"EntryPoint","urlTemplate":"https:\/\/cardinal-tapes.com\/?s={search_term_string}"},"query-input":{"@type":"PropertyValueSpecification","valueRequired":true,"valueName":"search_term_string"}}],"inLanguage":"it-IT"}]}},"_links":{"self":[{"href":"https:\/\/cardinal-tapes.com\/it\/wp-json\/wp\/v2\/pages\/31248","targetHints":{"allow":["GET"]}}],"collection":[{"href":"https:\/\/cardinal-tapes.com\/it\/wp-json\/wp\/v2\/pages"}],"about":[{"href":"https:\/\/cardinal-tapes.com\/it\/wp-json\/wp\/v2\/types\/page"}],"author":[{"embeddable":true,"href":"https:\/\/cardinal-tapes.com\/it\/wp-json\/wp\/v2\/users\/1"}],"replies":[{"embeddable":true,"href":"https:\/\/cardinal-tapes.com\/it\/wp-json\/wp\/v2\/comments?post=31248"}],"version-history":[{"count":0,"href":"https:\/\/cardinal-tapes.com\/it\/wp-json\/wp\/v2\/pages\/31248\/revisions"}],"up":[{"embeddable":true,"href":"https:\/\/cardinal-tapes.com\/it\/wp-json\/wp\/v2\/pages\/30811"}],"wp:attachment":[{"href":"https:\/\/cardinal-tapes.com\/it\/wp-json\/wp\/v2\/media?parent=31248"}],"curies":[{"name":"wp","href":"https:\/\/api.w.org\/{rel}","templated":true}]}}