{"id":31130,"date":"2023-06-02T10:59:25","date_gmt":"2023-06-02T08:59:25","guid":{"rendered":"https:\/\/cardinal.pixel-tal.de\/nastri-adesivi\/nastro-adesivo-abc\/nastri-per-sabbiatura\/"},"modified":"2023-06-02T11:12:10","modified_gmt":"2023-06-02T09:12:10","slug":"nastri-per-sabbiatura","status":"publish","type":"page","link":"https:\/\/cardinal-tapes.com\/it\/nastri-adesivi-it\/nastro-adesivo-abc\/nastri-per-sabbiatura\/","title":{"rendered":"Nastri per sabbiatura"},"content":{"rendered":"<div id='av_section_1'  class='avia-section av-27xzh0f-101b17f3ca22c97793a803b901610247 alternate_color avia-section-default avia-no-border-styling  avia-builder-el-0  avia-builder-el-no-sibling  avia-bg-style-scroll container_wrap fullsize'  ><div class='container av-section-cont-open' ><main  role=\"main\" itemprop=\"mainContentOfPage\"  class='template-page content  av-content-full alpha units'><div class='post-entry post-entry-type-page post-entry-31130'><div class='entry-content-wrapper clearfix'>\n<div  class='flex_column av-1jp3v0f-9f60e8446d21cb10880cd3107c06939f av_one_full  avia-builder-el-1  el_before_av_one_half  avia-builder-el-first  first flex_column_div  '     ><div class=\"pxl-headline pxl-hl hl-wrap | hl-sub--bot hl--align-left hl--no-margin    \">\n        <div class=\"hl-inner\">\n            <h2 class=\"hl-main hl-line |  hl_main--default  \">Nastri per sabbiatura<\/h2>\n            \n    <\/div>\n<\/div><\/div><div  class='flex_column av-17ot0nz-5cf171ed1da6d97d6ddfe6b33d9bc65e av_one_half  avia-builder-el-3  el_after_av_one_full  el_before_av_one_half  first flex_column_div  column-top-margin'     ><section  class='av_textblock_section av-2a4xjtr-d956b098d81dcfed45f21d2901649182 '   itemscope=\"itemscope\" itemtype=\"https:\/\/schema.org\/CreativeWork\" ><div class='avia_textblock'  itemprop=\"text\" ><p>La sabbiatura viene utilizzata per incidere motivi su superfici dure, come l&#8217;incisione di lapidi, o anche per decorare superfici in legno. Per ottenere risultati precisi per forme complesse anche con questo processo molto meccanico, si utilizza un nastro adesivo altamente specializzato, chiamato nastro per sabbiatura. \u00c8 caratterizzato da una buona maneggevolezza e da un&#8217;elevata resistenza alla sabbiatura.<\/p>\n<\/div><\/section><\/div><div  class='flex_column av-krz36n-eed8327f2f4c32614537321e64746a7a av_one_half  avia-builder-el-5  el_after_av_one_half  avia-builder-el-last  flex_column_div  column-top-margin'     ><section  class='av_textblock_section av-16koehr-a12e32f2b0e575727702e980c28e8e33 '   itemscope=\"itemscope\" itemtype=\"https:\/\/schema.org\/CreativeWork\" ><div class='avia_textblock'  itemprop=\"text\" ><h4>I vantaggi del nastro per sabbiatura<\/h4>\n<p>Il nastro per sabbiatura \u00e8 costituito da un supporto in gomma e da uno che pu\u00f2 essere rimosso senza lasciare residui. L&#8217;adesivo ha un&#8217;elevata adesione soprattutto sulle superfici lucide e sul legno. Grazie alla densit\u00e0 uniforme del materiale di supporto, gli utenti possono ritagliare o punzonare forme complesse con estrema facilit\u00e0, creando cos\u00ec sagome precise per i lavori successivi. Il nastro per sabbiatura \u00e8 anche resistente al calore fino a 100 gradi, in modo che il materiale non si incendi in seguito a sollecitazioni meccaniche.<\/p>\n<p>Offriamo ai nostri clienti la possibilit\u00e0 di <a href=\"https:\/\/cardinal-tapes.com\/it\/imballaggio\/\">personalizzare i nastri secondo i loro desideri<\/a>. Non esitate a contattare i nostri esperti di lunga data per ulteriori informazioni.<\/p>\n<\/div><\/section><\/div>\n\n","protected":false},"excerpt":{"rendered":"","protected":false},"author":1,"featured_media":0,"parent":30811,"menu_order":9,"comment_status":"closed","ping_status":"closed","template":"","meta":{"_acf_changed":false,"footnotes":""},"class_list":["post-31130","page","type-page","status-publish","hentry"],"acf":[],"yoast_head":"<!-- This site is optimized with the Yoast SEO plugin v27.3 - https:\/\/yoast.com\/product\/yoast-seo-wordpress\/ -->\n<title>Nastri per sabbiatura dagli esperti | cardinal Tapes<\/title>\n<meta name=\"description\" content=\"Il nastro per sabbiatura \u00e8 adatto per applicazioni in condizioni di temperatura estrema e di impatto meccanico. Per saperne di pi\u00f9.\" \/>\n<meta name=\"robots\" content=\"index, follow, max-snippet:-1, max-image-preview:large, max-video-preview:-1\" \/>\n<link rel=\"canonical\" href=\"https:\/\/cardinal-tapes.com\/it\/nastri-adesivi-it__trashed\/nastro-adesivo-abc\/nastri-per-sabbiatura\/\" \/>\n<meta property=\"og:locale\" content=\"it_IT\" \/>\n<meta property=\"og:type\" content=\"article\" \/>\n<meta property=\"og:title\" content=\"Nastri per sabbiatura dagli esperti | cardinal Tapes\" \/>\n<meta property=\"og:description\" content=\"Il nastro per sabbiatura \u00e8 adatto per applicazioni in condizioni di temperatura estrema e di impatto meccanico. Per saperne di pi\u00f9.\" \/>\n<meta property=\"og:url\" content=\"https:\/\/cardinal-tapes.com\/it\/nastri-adesivi-it__trashed\/nastro-adesivo-abc\/nastri-per-sabbiatura\/\" \/>\n<meta property=\"og:site_name\" content=\"cardinal TAPES\" \/>\n<meta property=\"article:modified_time\" content=\"2023-06-02T09:12:10+00:00\" \/>\n<meta name=\"twitter:card\" content=\"summary_large_image\" \/>\n<meta name=\"twitter:label1\" content=\"Tempo di lettura stimato\" \/>\n\t<meta name=\"twitter:data1\" content=\"9 minuti\" \/>\n<script type=\"application\/ld+json\" class=\"yoast-schema-graph\">{\"@context\":\"https:\\\/\\\/schema.org\",\"@graph\":[{\"@type\":\"WebPage\",\"@id\":\"https:\\\/\\\/cardinal-tapes.com\\\/it\\\/nastri-adesivi-it__trashed\\\/nastro-adesivo-abc\\\/nastri-per-sabbiatura\\\/\",\"url\":\"https:\\\/\\\/cardinal-tapes.com\\\/it\\\/nastri-adesivi-it__trashed\\\/nastro-adesivo-abc\\\/nastri-per-sabbiatura\\\/\",\"name\":\"Nastri per sabbiatura dagli esperti | cardinal Tapes\",\"isPartOf\":{\"@id\":\"https:\\\/\\\/cardinal-tapes.com\\\/#website\"},\"datePublished\":\"2023-06-02T08:59:25+00:00\",\"dateModified\":\"2023-06-02T09:12:10+00:00\",\"description\":\"Il nastro per sabbiatura \u00e8 adatto per applicazioni in condizioni di temperatura estrema e di impatto meccanico. Per saperne di pi\u00f9.\",\"breadcrumb\":{\"@id\":\"https:\\\/\\\/cardinal-tapes.com\\\/it\\\/nastri-adesivi-it__trashed\\\/nastro-adesivo-abc\\\/nastri-per-sabbiatura\\\/#breadcrumb\"},\"inLanguage\":\"it-IT\",\"potentialAction\":[{\"@type\":\"ReadAction\",\"target\":[\"https:\\\/\\\/cardinal-tapes.com\\\/it\\\/nastri-adesivi-it__trashed\\\/nastro-adesivo-abc\\\/nastri-per-sabbiatura\\\/\"]}]},{\"@type\":\"BreadcrumbList\",\"@id\":\"https:\\\/\\\/cardinal-tapes.com\\\/it\\\/nastri-adesivi-it__trashed\\\/nastro-adesivo-abc\\\/nastri-per-sabbiatura\\\/#breadcrumb\",\"itemListElement\":[{\"@type\":\"ListItem\",\"position\":1,\"name\":\"Startseite\",\"item\":\"https:\\\/\\\/cardinal-tapes.com\\\/it\\\/casa\\\/\"},{\"@type\":\"ListItem\",\"position\":2,\"name\":\"Nastro adesivo ABC\",\"item\":\"https:\\\/\\\/cardinal-tapes.com\\\/it\\\/nastri-adesivi-it__trashed\\\/nastro-adesivo-abc\\\/\"},{\"@type\":\"ListItem\",\"position\":3,\"name\":\"Nastri per sabbiatura\"}]},{\"@type\":\"WebSite\",\"@id\":\"https:\\\/\\\/cardinal-tapes.com\\\/#website\",\"url\":\"https:\\\/\\\/cardinal-tapes.com\\\/\",\"name\":\"cardinal TAPES\",\"description\":\"Klebetechnik aus Wuppertal\",\"potentialAction\":[{\"@type\":\"SearchAction\",\"target\":{\"@type\":\"EntryPoint\",\"urlTemplate\":\"https:\\\/\\\/cardinal-tapes.com\\\/?s={search_term_string}\"},\"query-input\":{\"@type\":\"PropertyValueSpecification\",\"valueRequired\":true,\"valueName\":\"search_term_string\"}}],\"inLanguage\":\"it-IT\"}]}<\/script>\n<!-- \/ Yoast SEO plugin. -->","yoast_head_json":{"title":"Nastri per sabbiatura dagli esperti | cardinal Tapes","description":"Il nastro per sabbiatura \u00e8 adatto per applicazioni in condizioni di temperatura estrema e di impatto meccanico. Per saperne di pi\u00f9.","robots":{"index":"index","follow":"follow","max-snippet":"max-snippet:-1","max-image-preview":"max-image-preview:large","max-video-preview":"max-video-preview:-1"},"canonical":"https:\/\/cardinal-tapes.com\/it\/nastri-adesivi-it__trashed\/nastro-adesivo-abc\/nastri-per-sabbiatura\/","og_locale":"it_IT","og_type":"article","og_title":"Nastri per sabbiatura dagli esperti | cardinal Tapes","og_description":"Il nastro per sabbiatura \u00e8 adatto per applicazioni in condizioni di temperatura estrema e di impatto meccanico. Per saperne di pi\u00f9.","og_url":"https:\/\/cardinal-tapes.com\/it\/nastri-adesivi-it__trashed\/nastro-adesivo-abc\/nastri-per-sabbiatura\/","og_site_name":"cardinal TAPES","article_modified_time":"2023-06-02T09:12:10+00:00","twitter_card":"summary_large_image","twitter_misc":{"Tempo di lettura stimato":"9 minuti"},"schema":{"@context":"https:\/\/schema.org","@graph":[{"@type":"WebPage","@id":"https:\/\/cardinal-tapes.com\/it\/nastri-adesivi-it__trashed\/nastro-adesivo-abc\/nastri-per-sabbiatura\/","url":"https:\/\/cardinal-tapes.com\/it\/nastri-adesivi-it__trashed\/nastro-adesivo-abc\/nastri-per-sabbiatura\/","name":"Nastri per sabbiatura dagli esperti | cardinal Tapes","isPartOf":{"@id":"https:\/\/cardinal-tapes.com\/#website"},"datePublished":"2023-06-02T08:59:25+00:00","dateModified":"2023-06-02T09:12:10+00:00","description":"Il nastro per sabbiatura \u00e8 adatto per applicazioni in condizioni di temperatura estrema e di impatto meccanico. Per saperne di pi\u00f9.","breadcrumb":{"@id":"https:\/\/cardinal-tapes.com\/it\/nastri-adesivi-it__trashed\/nastro-adesivo-abc\/nastri-per-sabbiatura\/#breadcrumb"},"inLanguage":"it-IT","potentialAction":[{"@type":"ReadAction","target":["https:\/\/cardinal-tapes.com\/it\/nastri-adesivi-it__trashed\/nastro-adesivo-abc\/nastri-per-sabbiatura\/"]}]},{"@type":"BreadcrumbList","@id":"https:\/\/cardinal-tapes.com\/it\/nastri-adesivi-it__trashed\/nastro-adesivo-abc\/nastri-per-sabbiatura\/#breadcrumb","itemListElement":[{"@type":"ListItem","position":1,"name":"Startseite","item":"https:\/\/cardinal-tapes.com\/it\/casa\/"},{"@type":"ListItem","position":2,"name":"Nastro adesivo ABC","item":"https:\/\/cardinal-tapes.com\/it\/nastri-adesivi-it__trashed\/nastro-adesivo-abc\/"},{"@type":"ListItem","position":3,"name":"Nastri per sabbiatura"}]},{"@type":"WebSite","@id":"https:\/\/cardinal-tapes.com\/#website","url":"https:\/\/cardinal-tapes.com\/","name":"cardinal TAPES","description":"Klebetechnik aus Wuppertal","potentialAction":[{"@type":"SearchAction","target":{"@type":"EntryPoint","urlTemplate":"https:\/\/cardinal-tapes.com\/?s={search_term_string}"},"query-input":{"@type":"PropertyValueSpecification","valueRequired":true,"valueName":"search_term_string"}}],"inLanguage":"it-IT"}]}},"_links":{"self":[{"href":"https:\/\/cardinal-tapes.com\/it\/wp-json\/wp\/v2\/pages\/31130","targetHints":{"allow":["GET"]}}],"collection":[{"href":"https:\/\/cardinal-tapes.com\/it\/wp-json\/wp\/v2\/pages"}],"about":[{"href":"https:\/\/cardinal-tapes.com\/it\/wp-json\/wp\/v2\/types\/page"}],"author":[{"embeddable":true,"href":"https:\/\/cardinal-tapes.com\/it\/wp-json\/wp\/v2\/users\/1"}],"replies":[{"embeddable":true,"href":"https:\/\/cardinal-tapes.com\/it\/wp-json\/wp\/v2\/comments?post=31130"}],"version-history":[{"count":0,"href":"https:\/\/cardinal-tapes.com\/it\/wp-json\/wp\/v2\/pages\/31130\/revisions"}],"up":[{"embeddable":true,"href":"https:\/\/cardinal-tapes.com\/it\/wp-json\/wp\/v2\/pages\/30811"}],"wp:attachment":[{"href":"https:\/\/cardinal-tapes.com\/it\/wp-json\/wp\/v2\/media?parent=31130"}],"curies":[{"name":"wp","href":"https:\/\/api.w.org\/{rel}","templated":true}]}}