{"id":31128,"date":"2023-06-02T10:59:25","date_gmt":"2023-06-02T08:59:25","guid":{"rendered":"https:\/\/cardinal.pixel-tal.de\/nastri-adesivi\/nastro-adesivo-abc\/adesivi-a-base-di-resina-epossidica\/"},"modified":"2023-06-02T11:12:01","modified_gmt":"2023-06-02T09:12:01","slug":"adesivi-a-base-di-resina-epossidica","status":"publish","type":"page","link":"https:\/\/cardinal-tapes.com\/it\/nastri-adesivi-it\/nastro-adesivo-abc\/adesivi-a-base-di-resina-epossidica\/","title":{"rendered":"Adesivi a base di resina epossidica"},"content":{"rendered":"<div id='av_section_1'  class='avia-section av-25v9lcb-d6f6731741ed8fa4611f4d24df10f1fe alternate_color avia-section-default avia-no-border-styling  avia-builder-el-0  avia-builder-el-no-sibling  avia-bg-style-scroll container_wrap fullsize'  ><div class='container av-section-cont-open' ><main  role=\"main\" itemprop=\"mainContentOfPage\"  class='template-page content  av-content-full alpha units'><div class='post-entry post-entry-type-page post-entry-31128'><div class='entry-content-wrapper clearfix'>\n<div  class='flex_column av-1njtvpn-9df0803e3c52194d7d983c45e5c832d7 av_one_full  avia-builder-el-1  el_before_av_one_half  avia-builder-el-first  first flex_column_div  '     ><div class=\"pxl-headline pxl-hl hl-wrap | hl-sub--off hl--align-left hl--no-margin    \">\n        <div class=\"hl-inner\">\n            <h2 class=\"hl-main hl-line |  hl_main--default  \">Adesivi a base di resina epossidica<\/h2>\n            \n    <\/div>\n<\/div><\/div><div  class='flex_column av-4lrbgr-213977369ecee7d73b76f8a08fb713b9 av_one_half  avia-builder-el-3  el_after_av_one_full  el_before_av_one_half  first flex_column_div  column-top-margin'     ><section  class='av_textblock_section av-22eezsb-f70845df8fd12a415dcdc75d43203e96 '   itemscope=\"itemscope\" itemtype=\"https:\/\/schema.org\/CreativeWork\" ><div class='avia_textblock'  itemprop=\"text\" ><p>Gli adesivi a base di resina epossidica, chiamati anche adesivi epossidici, hanno due componenti: La resina e l&#8217;indurente. Come resina epossidica si utilizzano blocchi polimerici, alla cui estremit\u00e0 si trovano i cosiddetti gruppi epossidici. Si utilizzano soprattutto prodotti di reazione del bisfenolo-A e dell&#8217;epicloridrina, che formano un termoindurente stabile dopo la miscelazione con l&#8217;indurente (contenente gruppi amminici o mercapto). La reazione di polimerizzazione \u00e8 adatta sia a temperatura ambiente che a temperature pi\u00f9 elevate. In quest&#8217;ultimo caso, di solito si generano resistenze di legame pi\u00f9 elevate.<\/p>\n<\/div><\/section><\/div><div  class='flex_column av-2csd6z-5b437578a99c160588b1644ef4149091 av_one_half  avia-builder-el-5  el_after_av_one_half  avia-builder-el-last  flex_column_div  column-top-margin'     ><section  class='av_textblock_section av-154xurv-0c7f8e88ff703c77583b63186f480f99 '   itemscope=\"itemscope\" itemtype=\"https:\/\/schema.org\/CreativeWork\" ><div class='avia_textblock'  itemprop=\"text\" ><h4>Campi di applicazione degli adesivi a base di resina epossidica<\/h4>\n<p>Grazie all&#8217;elevata resistenza degli adesivi epossidici polimerizzati, sono spesso utilizzati per l&#8217;incollaggio strutturale, ad esempio nella costruzione di veicoli o aerei.<\/p>\n<\/div><\/section><\/div>\n\n","protected":false},"excerpt":{"rendered":"","protected":false},"author":1,"featured_media":0,"parent":30811,"menu_order":3,"comment_status":"closed","ping_status":"closed","template":"","meta":{"_acf_changed":false,"footnotes":""},"class_list":["post-31128","page","type-page","status-publish","hentry"],"acf":[],"yoast_head":"<!-- This site is optimized with the Yoast SEO plugin v27.3 - https:\/\/yoast.com\/product\/yoast-seo-wordpress\/ -->\n<title>Adesivi a base di resina epossidica - cardinal TAPES<\/title>\n<meta name=\"description\" content=\"Gli adesivi a base di resina epossidica, chiamati anche adesivi epossidici, hanno due componenti: La resina e l&#039;indurente. Per saperne di pi\u00f9, cliccate qui.\" \/>\n<meta name=\"robots\" content=\"index, follow, max-snippet:-1, max-image-preview:large, max-video-preview:-1\" \/>\n<link rel=\"canonical\" href=\"https:\/\/cardinal-tapes.com\/it\/nastri-adesivi-it__trashed\/nastro-adesivo-abc\/adesivi-a-base-di-resina-epossidica\/\" \/>\n<meta property=\"og:locale\" content=\"it_IT\" \/>\n<meta property=\"og:type\" content=\"article\" \/>\n<meta property=\"og:title\" content=\"Adesivi a base di resina epossidica - cardinal TAPES\" \/>\n<meta property=\"og:description\" content=\"Gli adesivi a base di resina epossidica, chiamati anche adesivi epossidici, hanno due componenti: La resina e l&#039;indurente. Per saperne di pi\u00f9, cliccate qui.\" \/>\n<meta property=\"og:url\" content=\"https:\/\/cardinal-tapes.com\/it\/nastri-adesivi-it__trashed\/nastro-adesivo-abc\/adesivi-a-base-di-resina-epossidica\/\" \/>\n<meta property=\"og:site_name\" content=\"cardinal TAPES\" \/>\n<meta property=\"article:modified_time\" content=\"2023-06-02T09:12:01+00:00\" \/>\n<meta name=\"twitter:card\" content=\"summary_large_image\" \/>\n<meta name=\"twitter:label1\" content=\"Tempo di lettura stimato\" \/>\n\t<meta name=\"twitter:data1\" content=\"8 minuti\" \/>\n<script type=\"application\/ld+json\" class=\"yoast-schema-graph\">{\"@context\":\"https:\\\/\\\/schema.org\",\"@graph\":[{\"@type\":\"WebPage\",\"@id\":\"https:\\\/\\\/cardinal-tapes.com\\\/it\\\/nastri-adesivi-it__trashed\\\/nastro-adesivo-abc\\\/adesivi-a-base-di-resina-epossidica\\\/\",\"url\":\"https:\\\/\\\/cardinal-tapes.com\\\/it\\\/nastri-adesivi-it__trashed\\\/nastro-adesivo-abc\\\/adesivi-a-base-di-resina-epossidica\\\/\",\"name\":\"Adesivi a base di resina epossidica - cardinal TAPES\",\"isPartOf\":{\"@id\":\"https:\\\/\\\/cardinal-tapes.com\\\/#website\"},\"datePublished\":\"2023-06-02T08:59:25+00:00\",\"dateModified\":\"2023-06-02T09:12:01+00:00\",\"description\":\"Gli adesivi a base di resina epossidica, chiamati anche adesivi epossidici, hanno due componenti: La resina e l'indurente. Per saperne di pi\u00f9, cliccate qui.\",\"breadcrumb\":{\"@id\":\"https:\\\/\\\/cardinal-tapes.com\\\/it\\\/nastri-adesivi-it__trashed\\\/nastro-adesivo-abc\\\/adesivi-a-base-di-resina-epossidica\\\/#breadcrumb\"},\"inLanguage\":\"it-IT\",\"potentialAction\":[{\"@type\":\"ReadAction\",\"target\":[\"https:\\\/\\\/cardinal-tapes.com\\\/it\\\/nastri-adesivi-it__trashed\\\/nastro-adesivo-abc\\\/adesivi-a-base-di-resina-epossidica\\\/\"]}]},{\"@type\":\"BreadcrumbList\",\"@id\":\"https:\\\/\\\/cardinal-tapes.com\\\/it\\\/nastri-adesivi-it__trashed\\\/nastro-adesivo-abc\\\/adesivi-a-base-di-resina-epossidica\\\/#breadcrumb\",\"itemListElement\":[{\"@type\":\"ListItem\",\"position\":1,\"name\":\"Startseite\",\"item\":\"https:\\\/\\\/cardinal-tapes.com\\\/it\\\/casa\\\/\"},{\"@type\":\"ListItem\",\"position\":2,\"name\":\"Nastro adesivo ABC\",\"item\":\"https:\\\/\\\/cardinal-tapes.com\\\/it\\\/nastri-adesivi-it__trashed\\\/nastro-adesivo-abc\\\/\"},{\"@type\":\"ListItem\",\"position\":3,\"name\":\"Adesivi a base di resina epossidica\"}]},{\"@type\":\"WebSite\",\"@id\":\"https:\\\/\\\/cardinal-tapes.com\\\/#website\",\"url\":\"https:\\\/\\\/cardinal-tapes.com\\\/\",\"name\":\"cardinal TAPES\",\"description\":\"Klebetechnik aus Wuppertal\",\"potentialAction\":[{\"@type\":\"SearchAction\",\"target\":{\"@type\":\"EntryPoint\",\"urlTemplate\":\"https:\\\/\\\/cardinal-tapes.com\\\/?s={search_term_string}\"},\"query-input\":{\"@type\":\"PropertyValueSpecification\",\"valueRequired\":true,\"valueName\":\"search_term_string\"}}],\"inLanguage\":\"it-IT\"}]}<\/script>\n<!-- \/ Yoast SEO plugin. -->","yoast_head_json":{"title":"Adesivi a base di resina epossidica - cardinal TAPES","description":"Gli adesivi a base di resina epossidica, chiamati anche adesivi epossidici, hanno due componenti: La resina e l'indurente. Per saperne di pi\u00f9, cliccate qui.","robots":{"index":"index","follow":"follow","max-snippet":"max-snippet:-1","max-image-preview":"max-image-preview:large","max-video-preview":"max-video-preview:-1"},"canonical":"https:\/\/cardinal-tapes.com\/it\/nastri-adesivi-it__trashed\/nastro-adesivo-abc\/adesivi-a-base-di-resina-epossidica\/","og_locale":"it_IT","og_type":"article","og_title":"Adesivi a base di resina epossidica - cardinal TAPES","og_description":"Gli adesivi a base di resina epossidica, chiamati anche adesivi epossidici, hanno due componenti: La resina e l'indurente. Per saperne di pi\u00f9, cliccate qui.","og_url":"https:\/\/cardinal-tapes.com\/it\/nastri-adesivi-it__trashed\/nastro-adesivo-abc\/adesivi-a-base-di-resina-epossidica\/","og_site_name":"cardinal TAPES","article_modified_time":"2023-06-02T09:12:01+00:00","twitter_card":"summary_large_image","twitter_misc":{"Tempo di lettura stimato":"8 minuti"},"schema":{"@context":"https:\/\/schema.org","@graph":[{"@type":"WebPage","@id":"https:\/\/cardinal-tapes.com\/it\/nastri-adesivi-it__trashed\/nastro-adesivo-abc\/adesivi-a-base-di-resina-epossidica\/","url":"https:\/\/cardinal-tapes.com\/it\/nastri-adesivi-it__trashed\/nastro-adesivo-abc\/adesivi-a-base-di-resina-epossidica\/","name":"Adesivi a base di resina epossidica - cardinal TAPES","isPartOf":{"@id":"https:\/\/cardinal-tapes.com\/#website"},"datePublished":"2023-06-02T08:59:25+00:00","dateModified":"2023-06-02T09:12:01+00:00","description":"Gli adesivi a base di resina epossidica, chiamati anche adesivi epossidici, hanno due componenti: La resina e l'indurente. Per saperne di pi\u00f9, cliccate qui.","breadcrumb":{"@id":"https:\/\/cardinal-tapes.com\/it\/nastri-adesivi-it__trashed\/nastro-adesivo-abc\/adesivi-a-base-di-resina-epossidica\/#breadcrumb"},"inLanguage":"it-IT","potentialAction":[{"@type":"ReadAction","target":["https:\/\/cardinal-tapes.com\/it\/nastri-adesivi-it__trashed\/nastro-adesivo-abc\/adesivi-a-base-di-resina-epossidica\/"]}]},{"@type":"BreadcrumbList","@id":"https:\/\/cardinal-tapes.com\/it\/nastri-adesivi-it__trashed\/nastro-adesivo-abc\/adesivi-a-base-di-resina-epossidica\/#breadcrumb","itemListElement":[{"@type":"ListItem","position":1,"name":"Startseite","item":"https:\/\/cardinal-tapes.com\/it\/casa\/"},{"@type":"ListItem","position":2,"name":"Nastro adesivo ABC","item":"https:\/\/cardinal-tapes.com\/it\/nastri-adesivi-it__trashed\/nastro-adesivo-abc\/"},{"@type":"ListItem","position":3,"name":"Adesivi a base di resina epossidica"}]},{"@type":"WebSite","@id":"https:\/\/cardinal-tapes.com\/#website","url":"https:\/\/cardinal-tapes.com\/","name":"cardinal TAPES","description":"Klebetechnik aus Wuppertal","potentialAction":[{"@type":"SearchAction","target":{"@type":"EntryPoint","urlTemplate":"https:\/\/cardinal-tapes.com\/?s={search_term_string}"},"query-input":{"@type":"PropertyValueSpecification","valueRequired":true,"valueName":"search_term_string"}}],"inLanguage":"it-IT"}]}},"_links":{"self":[{"href":"https:\/\/cardinal-tapes.com\/it\/wp-json\/wp\/v2\/pages\/31128","targetHints":{"allow":["GET"]}}],"collection":[{"href":"https:\/\/cardinal-tapes.com\/it\/wp-json\/wp\/v2\/pages"}],"about":[{"href":"https:\/\/cardinal-tapes.com\/it\/wp-json\/wp\/v2\/types\/page"}],"author":[{"embeddable":true,"href":"https:\/\/cardinal-tapes.com\/it\/wp-json\/wp\/v2\/users\/1"}],"replies":[{"embeddable":true,"href":"https:\/\/cardinal-tapes.com\/it\/wp-json\/wp\/v2\/comments?post=31128"}],"version-history":[{"count":0,"href":"https:\/\/cardinal-tapes.com\/it\/wp-json\/wp\/v2\/pages\/31128\/revisions"}],"up":[{"embeddable":true,"href":"https:\/\/cardinal-tapes.com\/it\/wp-json\/wp\/v2\/pages\/30811"}],"wp:attachment":[{"href":"https:\/\/cardinal-tapes.com\/it\/wp-json\/wp\/v2\/media?parent=31128"}],"curies":[{"name":"wp","href":"https:\/\/api.w.org\/{rel}","templated":true}]}}