{"id":31014,"date":"2023-06-02T10:59:06","date_gmt":"2023-06-02T08:59:06","guid":{"rendered":"https:\/\/cardinal.pixel-tal.de\/nastri-adesivi\/nastro-adesivo-abc\/film-pa\/"},"modified":"2023-06-02T11:11:53","modified_gmt":"2023-06-02T09:11:53","slug":"film-pa","status":"publish","type":"page","link":"https:\/\/cardinal-tapes.com\/it\/nastri-adesivi-it\/nastro-adesivo-abc\/film-pa\/","title":{"rendered":"Film PA"},"content":{"rendered":"<div id='av_section_1'  class='avia-section av-711h10-9e738d75133c7a93f1ca94d4a0634a61 alternate_color avia-section-default avia-no-border-styling  avia-builder-el-0  avia-builder-el-no-sibling  avia-bg-style-scroll container_wrap fullsize'  ><div class='container av-section-cont-open' ><main  role=\"main\" itemprop=\"mainContentOfPage\"  class='template-page content  av-content-full alpha units'><div class='post-entry post-entry-type-page post-entry-31014'><div class='entry-content-wrapper clearfix'>\n<div  class='flex_column av-1ph4qt0-d1844c0d98824c3056598db64795cdf1 av_one_full  avia-builder-el-1  el_before_av_one_half  avia-builder-el-first  first flex_column_div  '     ><div class=\"pxl-headline pxl-hl hl-wrap | hl-sub--off hl--align-left hl--no-margin    \">\n        <div class=\"hl-inner\">\n            <h2 class=\"hl-main hl-line |  hl_main--default  \">Pellicole PA - I numerosi vantaggi degli adesivi a base di poliammide<\/h2>\n            \n    <\/div>\n<\/div><\/div><div  class='flex_column av-1cwvvp0-1d9e311a37bd522e4e595c61c5c5c024 av_one_half  avia-builder-el-3  el_after_av_one_full  el_before_av_one_half  first flex_column_div  column-top-margin'     ><section  class='av_textblock_section av-22jw6tw-c0c382d5e2410762c78a592d436d1ddc '   itemscope=\"itemscope\" itemtype=\"https:\/\/schema.org\/CreativeWork\" ><div class='avia_textblock'  itemprop=\"text\" ><p>I film di poliammide o PA hanno un&#8217;altissima resistenza al calore e sono estremamente resistenti allo strappo. A ci\u00f2 si aggiunge una buona resistenza all&#8217;abrasione, come nel caso dei nastri adesivi con tessuto PA e PA velour, che appartengono alla classe di abrasione pi\u00f9 elevata (secondo LV 312). I film di poliammide sono spesso utilizzati nell&#8217;industria elettrica.<\/p>\n<h4>Pellicole PA &#8211; I vantaggi degli adesivi a base di poliammide<\/h4>\n<p>I vantaggi dei film di poliammide o PA sono numerosi. L&#8217;adesivo PA non si caratterizza solo per la sua robustezza meccanica. Inoltre, vi \u00e8 un&#8217;elevata resistenza agli effetti del calore. Allo stesso tempo, per\u00f2, il comportamento a freddo \u00e8 eccellente. In questo modo, i film di PA soddisfano i requisiti di alta temperatura di numerosi settori industriali. Allo stesso modo, gli adesivi a base poliammidica sono altamente resistenti a molti prodotti chimici e plastificanti.<\/p>\n<\/div><\/section><\/div><div  class='flex_column av-imr71w-0a6f4cd8b92d1fca86c5468dea2407a5 av_one_half  avia-builder-el-5  el_after_av_one_half  avia-builder-el-last  flex_column_div  column-top-margin'     ><section  class='av_textblock_section av-14djx84-b82a2fab55f8b79fcd892d0e6fd3ddf7 '   itemscope=\"itemscope\" itemtype=\"https:\/\/schema.org\/CreativeWork\" ><div class='avia_textblock small'  itemprop=\"text\" ><h4>Pellicole PA &#8211; L&#8217;adesivo di poliammide \u00e8 utilizzato in questi settori<\/h4>\n<p>Grazie alle loro preziose propriet\u00e0 adesive, i film di PA sono utilizzati in molti settori. Ad esempio, l&#8217;industria elettrica, l&#8217;edilizia e l&#8217;industria automobilistica utilizzano adesivi a base di poliammide. Non sapete se i nostri film PA sono adatti alla vostra applicazione industriale? Allora chiedete ai nostri esperti e contattateci subito. Interessante: vi offriamo diverse opzioni per comporre i prodotti in base alle vostre esigenze.<\/p>\n<\/div><\/section><\/div>\n\n","protected":false},"excerpt":{"rendered":"","protected":false},"author":1,"featured_media":0,"parent":30811,"menu_order":1,"comment_status":"closed","ping_status":"closed","template":"","meta":{"_acf_changed":false,"footnotes":""},"class_list":["post-31014","page","type-page","status-publish","hentry"],"acf":[],"yoast_head":"<!-- This site is optimized with the Yoast SEO plugin v27.3 - https:\/\/yoast.com\/product\/yoast-seo-wordpress\/ -->\n<title>Pellicole PA - I numerosi vantaggi degli adesivi<\/title>\n<meta name=\"description\" content=\"I film di poliammide o PA hanno un&#039;altissima resistenza al calore e sono estremamente resistenti allo strappo. Per saperne di pi\u00f9 sull&#039;adesivo ad alte prestazioni.\" \/>\n<meta name=\"robots\" content=\"index, follow, max-snippet:-1, max-image-preview:large, max-video-preview:-1\" \/>\n<link rel=\"canonical\" href=\"https:\/\/cardinal-tapes.com\/it\/nastri-adesivi-it__trashed\/nastro-adesivo-abc\/film-pa\/\" \/>\n<meta property=\"og:locale\" content=\"it_IT\" \/>\n<meta property=\"og:type\" content=\"article\" \/>\n<meta property=\"og:title\" content=\"Pellicole PA - I numerosi vantaggi degli adesivi\" \/>\n<meta property=\"og:description\" content=\"I film di poliammide o PA hanno un&#039;altissima resistenza al calore e sono estremamente resistenti allo strappo. Per saperne di pi\u00f9 sull&#039;adesivo ad alte prestazioni.\" \/>\n<meta property=\"og:url\" content=\"https:\/\/cardinal-tapes.com\/it\/nastri-adesivi-it__trashed\/nastro-adesivo-abc\/film-pa\/\" \/>\n<meta property=\"og:site_name\" content=\"cardinal TAPES\" \/>\n<meta property=\"article:modified_time\" content=\"2023-06-02T09:11:53+00:00\" \/>\n<meta name=\"twitter:card\" content=\"summary_large_image\" \/>\n<meta name=\"twitter:label1\" content=\"Tempo di lettura stimato\" \/>\n\t<meta name=\"twitter:data1\" content=\"9 minuti\" \/>\n<script type=\"application\/ld+json\" class=\"yoast-schema-graph\">{\"@context\":\"https:\\\/\\\/schema.org\",\"@graph\":[{\"@type\":\"WebPage\",\"@id\":\"https:\\\/\\\/cardinal-tapes.com\\\/it\\\/nastri-adesivi-it__trashed\\\/nastro-adesivo-abc\\\/film-pa\\\/\",\"url\":\"https:\\\/\\\/cardinal-tapes.com\\\/it\\\/nastri-adesivi-it__trashed\\\/nastro-adesivo-abc\\\/film-pa\\\/\",\"name\":\"Pellicole PA - I numerosi vantaggi degli adesivi\",\"isPartOf\":{\"@id\":\"https:\\\/\\\/cardinal-tapes.com\\\/#website\"},\"datePublished\":\"2023-06-02T08:59:06+00:00\",\"dateModified\":\"2023-06-02T09:11:53+00:00\",\"description\":\"I film di poliammide o PA hanno un'altissima resistenza al calore e sono estremamente resistenti allo strappo. Per saperne di pi\u00f9 sull'adesivo ad alte prestazioni.\",\"breadcrumb\":{\"@id\":\"https:\\\/\\\/cardinal-tapes.com\\\/it\\\/nastri-adesivi-it__trashed\\\/nastro-adesivo-abc\\\/film-pa\\\/#breadcrumb\"},\"inLanguage\":\"it-IT\",\"potentialAction\":[{\"@type\":\"ReadAction\",\"target\":[\"https:\\\/\\\/cardinal-tapes.com\\\/it\\\/nastri-adesivi-it__trashed\\\/nastro-adesivo-abc\\\/film-pa\\\/\"]}]},{\"@type\":\"BreadcrumbList\",\"@id\":\"https:\\\/\\\/cardinal-tapes.com\\\/it\\\/nastri-adesivi-it__trashed\\\/nastro-adesivo-abc\\\/film-pa\\\/#breadcrumb\",\"itemListElement\":[{\"@type\":\"ListItem\",\"position\":1,\"name\":\"Startseite\",\"item\":\"https:\\\/\\\/cardinal-tapes.com\\\/it\\\/casa\\\/\"},{\"@type\":\"ListItem\",\"position\":2,\"name\":\"Nastro adesivo ABC\",\"item\":\"https:\\\/\\\/cardinal-tapes.com\\\/it\\\/nastri-adesivi-it__trashed\\\/nastro-adesivo-abc\\\/\"},{\"@type\":\"ListItem\",\"position\":3,\"name\":\"Film PA\"}]},{\"@type\":\"WebSite\",\"@id\":\"https:\\\/\\\/cardinal-tapes.com\\\/#website\",\"url\":\"https:\\\/\\\/cardinal-tapes.com\\\/\",\"name\":\"cardinal TAPES\",\"description\":\"Klebetechnik aus Wuppertal\",\"potentialAction\":[{\"@type\":\"SearchAction\",\"target\":{\"@type\":\"EntryPoint\",\"urlTemplate\":\"https:\\\/\\\/cardinal-tapes.com\\\/?s={search_term_string}\"},\"query-input\":{\"@type\":\"PropertyValueSpecification\",\"valueRequired\":true,\"valueName\":\"search_term_string\"}}],\"inLanguage\":\"it-IT\"}]}<\/script>\n<!-- \/ Yoast SEO plugin. -->","yoast_head_json":{"title":"Pellicole PA - I numerosi vantaggi degli adesivi","description":"I film di poliammide o PA hanno un'altissima resistenza al calore e sono estremamente resistenti allo strappo. Per saperne di pi\u00f9 sull'adesivo ad alte prestazioni.","robots":{"index":"index","follow":"follow","max-snippet":"max-snippet:-1","max-image-preview":"max-image-preview:large","max-video-preview":"max-video-preview:-1"},"canonical":"https:\/\/cardinal-tapes.com\/it\/nastri-adesivi-it__trashed\/nastro-adesivo-abc\/film-pa\/","og_locale":"it_IT","og_type":"article","og_title":"Pellicole PA - I numerosi vantaggi degli adesivi","og_description":"I film di poliammide o PA hanno un'altissima resistenza al calore e sono estremamente resistenti allo strappo. Per saperne di pi\u00f9 sull'adesivo ad alte prestazioni.","og_url":"https:\/\/cardinal-tapes.com\/it\/nastri-adesivi-it__trashed\/nastro-adesivo-abc\/film-pa\/","og_site_name":"cardinal TAPES","article_modified_time":"2023-06-02T09:11:53+00:00","twitter_card":"summary_large_image","twitter_misc":{"Tempo di lettura stimato":"9 minuti"},"schema":{"@context":"https:\/\/schema.org","@graph":[{"@type":"WebPage","@id":"https:\/\/cardinal-tapes.com\/it\/nastri-adesivi-it__trashed\/nastro-adesivo-abc\/film-pa\/","url":"https:\/\/cardinal-tapes.com\/it\/nastri-adesivi-it__trashed\/nastro-adesivo-abc\/film-pa\/","name":"Pellicole PA - I numerosi vantaggi degli adesivi","isPartOf":{"@id":"https:\/\/cardinal-tapes.com\/#website"},"datePublished":"2023-06-02T08:59:06+00:00","dateModified":"2023-06-02T09:11:53+00:00","description":"I film di poliammide o PA hanno un'altissima resistenza al calore e sono estremamente resistenti allo strappo. Per saperne di pi\u00f9 sull'adesivo ad alte prestazioni.","breadcrumb":{"@id":"https:\/\/cardinal-tapes.com\/it\/nastri-adesivi-it__trashed\/nastro-adesivo-abc\/film-pa\/#breadcrumb"},"inLanguage":"it-IT","potentialAction":[{"@type":"ReadAction","target":["https:\/\/cardinal-tapes.com\/it\/nastri-adesivi-it__trashed\/nastro-adesivo-abc\/film-pa\/"]}]},{"@type":"BreadcrumbList","@id":"https:\/\/cardinal-tapes.com\/it\/nastri-adesivi-it__trashed\/nastro-adesivo-abc\/film-pa\/#breadcrumb","itemListElement":[{"@type":"ListItem","position":1,"name":"Startseite","item":"https:\/\/cardinal-tapes.com\/it\/casa\/"},{"@type":"ListItem","position":2,"name":"Nastro adesivo ABC","item":"https:\/\/cardinal-tapes.com\/it\/nastri-adesivi-it__trashed\/nastro-adesivo-abc\/"},{"@type":"ListItem","position":3,"name":"Film PA"}]},{"@type":"WebSite","@id":"https:\/\/cardinal-tapes.com\/#website","url":"https:\/\/cardinal-tapes.com\/","name":"cardinal TAPES","description":"Klebetechnik aus Wuppertal","potentialAction":[{"@type":"SearchAction","target":{"@type":"EntryPoint","urlTemplate":"https:\/\/cardinal-tapes.com\/?s={search_term_string}"},"query-input":{"@type":"PropertyValueSpecification","valueRequired":true,"valueName":"search_term_string"}}],"inLanguage":"it-IT"}]}},"_links":{"self":[{"href":"https:\/\/cardinal-tapes.com\/it\/wp-json\/wp\/v2\/pages\/31014","targetHints":{"allow":["GET"]}}],"collection":[{"href":"https:\/\/cardinal-tapes.com\/it\/wp-json\/wp\/v2\/pages"}],"about":[{"href":"https:\/\/cardinal-tapes.com\/it\/wp-json\/wp\/v2\/types\/page"}],"author":[{"embeddable":true,"href":"https:\/\/cardinal-tapes.com\/it\/wp-json\/wp\/v2\/users\/1"}],"replies":[{"embeddable":true,"href":"https:\/\/cardinal-tapes.com\/it\/wp-json\/wp\/v2\/comments?post=31014"}],"version-history":[{"count":0,"href":"https:\/\/cardinal-tapes.com\/it\/wp-json\/wp\/v2\/pages\/31014\/revisions"}],"up":[{"embeddable":true,"href":"https:\/\/cardinal-tapes.com\/it\/wp-json\/wp\/v2\/pages\/30811"}],"wp:attachment":[{"href":"https:\/\/cardinal-tapes.com\/it\/wp-json\/wp\/v2\/media?parent=31014"}],"curies":[{"name":"wp","href":"https:\/\/api.w.org\/{rel}","templated":true}]}}