{"id":30990,"date":"2023-06-02T10:59:06","date_gmt":"2023-06-02T08:59:06","guid":{"rendered":"https:\/\/cardinal.pixel-tal.de\/nastri-adesivi\/nastro-adesivo-abc\/fogli-di-pp\/"},"modified":"2023-06-02T11:11:53","modified_gmt":"2023-06-02T09:11:53","slug":"fogli-di-pp","status":"publish","type":"page","link":"https:\/\/cardinal-tapes.com\/it\/nastri-adesivi-it\/nastro-adesivo-abc\/fogli-di-pp\/","title":{"rendered":"Fogli di PP"},"content":{"rendered":"<div id='av_section_1'  class='avia-section av-22m1cly-140093dea3adb0f8a453f28544f589f5 alternate_color avia-section-default avia-no-border-styling  avia-builder-el-0  avia-builder-el-no-sibling  avia-bg-style-scroll container_wrap fullsize'  ><div class='container av-section-cont-open' ><main  role=\"main\" itemprop=\"mainContentOfPage\"  class='template-page content  av-content-full alpha units'><div class='post-entry post-entry-type-page post-entry-30990'><div class='entry-content-wrapper clearfix'>\n<div  class='flex_column av-1iyjygm-c546eb100614435f02a94521fba2009e av_one_full  avia-builder-el-1  el_before_av_one_half  avia-builder-el-first  first flex_column_div  '     ><div class=\"pxl-headline pxl-hl hl-wrap | hl-sub--off hl--align-left hl--no-margin    \">\n        <div class=\"hl-inner\">\n            <h2 class=\"hl-main hl-line |  hl_main--default  \">Fogli in PP per la posa di tappeti<\/h2>\n            \n    <\/div>\n<\/div><\/div><div  class='flex_column av-1cfi0ty-d4bbc177ebd2e2c106893f3e8baa0ece av_one_half  avia-builder-el-3  el_after_av_one_full  el_before_av_one_half  first flex_column_div  column-top-margin'     ><section  class='av_textblock_section av-pb652-05381d0e4eaa9ecf924a45169b9ab52a '   itemscope=\"itemscope\" itemtype=\"https:\/\/schema.org\/CreativeWork\" ><div class='avia_textblock'  itemprop=\"text\" ><p>Il fissaggio affidabile dei tappeti ha un significato importante per garantire la sicurezza. I pavimenti scivolosi rappresentano altrimenti un rischio permanente di incidenti. Oltre ai nastri per tappeti, anche i nostri film in PP (film di polipropilene) sono ideali per fissare saldamente i tappeti. Ci\u00f2 \u00e8 dovuto a una serie di propriet\u00e0 vantaggiose del polipropilene.<\/p>\n<h4>Pellicole in PP &#8211; resistenti alle temperature e impermeabili<\/h4>\n<p>Il fatto che i nastri per moquette non siano sempre sufficienti a fissare i tappeti in modo affidabile \u00e8 dovuto alle condizioni d&#8217;uso talvolta estreme. Ad esempio, le alte temperature, l&#8217;umidit\u00e0 o anche un elevato carico meccanico possono compromettere il fissaggio da parte del nastro per moquette. Le pellicole in PP sono molto pi\u00f9 efficienti in questo senso. I film a base di polipropilene si distinguono per l&#8217;elevata resistenza alle temperature e il basso assorbimento di umidit\u00e0. Inoltre, il polipropilene \u00e8 estremamente stabile, per cui anche i grandi impatti meccanici hanno un effetto minimo sul film di PP. Il materiale soddisfa anche i criteri della Commissione Ambientale della CE ed \u00e8 quindi estremamente ecologico.<\/p>\n<\/div><\/section><\/div><div  class='flex_column av-1u9sk6-30ad235fd4a419f65cf71e8705617e84 av_one_half  avia-builder-el-5  el_after_av_one_half  avia-builder-el-last  flex_column_div  column-top-margin'     ><section  class='av_textblock_section av-125w4hi-ddcb94e649c8a20caac7adab9c3bb208 '   itemscope=\"itemscope\" itemtype=\"https:\/\/schema.org\/CreativeWork\" ><div class='avia_textblock'  itemprop=\"text\" ><h4>Pellicole in PP &#8211; tagliate su misura per voi<\/h4>\n<p>In qualit\u00e0 di esperti di nastri adesivi e di soluzioni orientate alle applicazioni, offriamo ai nostri clienti pi\u00f9 della semplice vendita di prodotti. Saremo lieti di informarvi sui nostri servizi nel campo dell&#8217;imballaggio per modificare in modo specifico i vostri film in PP in base alle vostre esigenze. Il nostro personale sar\u00e0 inoltre lieto di rispondere a qualsiasi domanda sui nostri film in polipropilene. Basta mettersi in contatto con noi.<\/p>\n<\/div><\/section><\/div>\n\n","protected":false},"excerpt":{"rendered":"","protected":false},"author":1,"featured_media":0,"parent":30811,"menu_order":7,"comment_status":"closed","ping_status":"closed","template":"","meta":{"_acf_changed":false,"footnotes":""},"class_list":["post-30990","page","type-page","status-publish","hentry"],"acf":[],"yoast_head":"<!-- This site is optimized with the Yoast SEO plugin v27.3 - https:\/\/yoast.com\/product\/yoast-seo-wordpress\/ -->\n<title>Film in PP per la posa di tappeti | cardinal Tapes<\/title>\n<meta name=\"description\" content=\"I film in PP sono ideali per la posa di tappeti. Il polipropilene \u00e8 resistente al calore e all&#039;umidit\u00e0.\" \/>\n<meta name=\"robots\" content=\"index, follow, max-snippet:-1, max-image-preview:large, max-video-preview:-1\" \/>\n<link rel=\"canonical\" href=\"https:\/\/cardinal-tapes.com\/it\/nastri-adesivi-it__trashed\/nastro-adesivo-abc\/fogli-di-pp\/\" \/>\n<meta property=\"og:locale\" content=\"it_IT\" \/>\n<meta property=\"og:type\" content=\"article\" \/>\n<meta property=\"og:title\" content=\"Film in PP per la posa di tappeti | cardinal Tapes\" \/>\n<meta property=\"og:description\" content=\"I film in PP sono ideali per la posa di tappeti. Il polipropilene \u00e8 resistente al calore e all&#039;umidit\u00e0.\" \/>\n<meta property=\"og:url\" content=\"https:\/\/cardinal-tapes.com\/it\/nastri-adesivi-it__trashed\/nastro-adesivo-abc\/fogli-di-pp\/\" \/>\n<meta property=\"og:site_name\" content=\"cardinal TAPES\" \/>\n<meta property=\"article:modified_time\" content=\"2023-06-02T09:11:53+00:00\" \/>\n<meta name=\"twitter:card\" content=\"summary_large_image\" \/>\n<meta name=\"twitter:label1\" content=\"Tempo di lettura stimato\" \/>\n\t<meta name=\"twitter:data1\" content=\"9 minuti\" \/>\n<script type=\"application\/ld+json\" class=\"yoast-schema-graph\">{\"@context\":\"https:\\\/\\\/schema.org\",\"@graph\":[{\"@type\":\"WebPage\",\"@id\":\"https:\\\/\\\/cardinal-tapes.com\\\/it\\\/nastri-adesivi-it__trashed\\\/nastro-adesivo-abc\\\/fogli-di-pp\\\/\",\"url\":\"https:\\\/\\\/cardinal-tapes.com\\\/it\\\/nastri-adesivi-it__trashed\\\/nastro-adesivo-abc\\\/fogli-di-pp\\\/\",\"name\":\"Film in PP per la posa di tappeti | cardinal Tapes\",\"isPartOf\":{\"@id\":\"https:\\\/\\\/cardinal-tapes.com\\\/#website\"},\"datePublished\":\"2023-06-02T08:59:06+00:00\",\"dateModified\":\"2023-06-02T09:11:53+00:00\",\"description\":\"I film in PP sono ideali per la posa di tappeti. Il polipropilene \u00e8 resistente al calore e all'umidit\u00e0.\",\"breadcrumb\":{\"@id\":\"https:\\\/\\\/cardinal-tapes.com\\\/it\\\/nastri-adesivi-it__trashed\\\/nastro-adesivo-abc\\\/fogli-di-pp\\\/#breadcrumb\"},\"inLanguage\":\"it-IT\",\"potentialAction\":[{\"@type\":\"ReadAction\",\"target\":[\"https:\\\/\\\/cardinal-tapes.com\\\/it\\\/nastri-adesivi-it__trashed\\\/nastro-adesivo-abc\\\/fogli-di-pp\\\/\"]}]},{\"@type\":\"BreadcrumbList\",\"@id\":\"https:\\\/\\\/cardinal-tapes.com\\\/it\\\/nastri-adesivi-it__trashed\\\/nastro-adesivo-abc\\\/fogli-di-pp\\\/#breadcrumb\",\"itemListElement\":[{\"@type\":\"ListItem\",\"position\":1,\"name\":\"Startseite\",\"item\":\"https:\\\/\\\/cardinal-tapes.com\\\/it\\\/casa\\\/\"},{\"@type\":\"ListItem\",\"position\":2,\"name\":\"Nastro adesivo ABC\",\"item\":\"https:\\\/\\\/cardinal-tapes.com\\\/it\\\/nastri-adesivi-it__trashed\\\/nastro-adesivo-abc\\\/\"},{\"@type\":\"ListItem\",\"position\":3,\"name\":\"Fogli di PP\"}]},{\"@type\":\"WebSite\",\"@id\":\"https:\\\/\\\/cardinal-tapes.com\\\/#website\",\"url\":\"https:\\\/\\\/cardinal-tapes.com\\\/\",\"name\":\"cardinal TAPES\",\"description\":\"Klebetechnik aus Wuppertal\",\"potentialAction\":[{\"@type\":\"SearchAction\",\"target\":{\"@type\":\"EntryPoint\",\"urlTemplate\":\"https:\\\/\\\/cardinal-tapes.com\\\/?s={search_term_string}\"},\"query-input\":{\"@type\":\"PropertyValueSpecification\",\"valueRequired\":true,\"valueName\":\"search_term_string\"}}],\"inLanguage\":\"it-IT\"}]}<\/script>\n<!-- \/ Yoast SEO plugin. -->","yoast_head_json":{"title":"Film in PP per la posa di tappeti | cardinal Tapes","description":"I film in PP sono ideali per la posa di tappeti. Il polipropilene \u00e8 resistente al calore e all'umidit\u00e0.","robots":{"index":"index","follow":"follow","max-snippet":"max-snippet:-1","max-image-preview":"max-image-preview:large","max-video-preview":"max-video-preview:-1"},"canonical":"https:\/\/cardinal-tapes.com\/it\/nastri-adesivi-it__trashed\/nastro-adesivo-abc\/fogli-di-pp\/","og_locale":"it_IT","og_type":"article","og_title":"Film in PP per la posa di tappeti | cardinal Tapes","og_description":"I film in PP sono ideali per la posa di tappeti. Il polipropilene \u00e8 resistente al calore e all'umidit\u00e0.","og_url":"https:\/\/cardinal-tapes.com\/it\/nastri-adesivi-it__trashed\/nastro-adesivo-abc\/fogli-di-pp\/","og_site_name":"cardinal TAPES","article_modified_time":"2023-06-02T09:11:53+00:00","twitter_card":"summary_large_image","twitter_misc":{"Tempo di lettura stimato":"9 minuti"},"schema":{"@context":"https:\/\/schema.org","@graph":[{"@type":"WebPage","@id":"https:\/\/cardinal-tapes.com\/it\/nastri-adesivi-it__trashed\/nastro-adesivo-abc\/fogli-di-pp\/","url":"https:\/\/cardinal-tapes.com\/it\/nastri-adesivi-it__trashed\/nastro-adesivo-abc\/fogli-di-pp\/","name":"Film in PP per la posa di tappeti | cardinal Tapes","isPartOf":{"@id":"https:\/\/cardinal-tapes.com\/#website"},"datePublished":"2023-06-02T08:59:06+00:00","dateModified":"2023-06-02T09:11:53+00:00","description":"I film in PP sono ideali per la posa di tappeti. Il polipropilene \u00e8 resistente al calore e all'umidit\u00e0.","breadcrumb":{"@id":"https:\/\/cardinal-tapes.com\/it\/nastri-adesivi-it__trashed\/nastro-adesivo-abc\/fogli-di-pp\/#breadcrumb"},"inLanguage":"it-IT","potentialAction":[{"@type":"ReadAction","target":["https:\/\/cardinal-tapes.com\/it\/nastri-adesivi-it__trashed\/nastro-adesivo-abc\/fogli-di-pp\/"]}]},{"@type":"BreadcrumbList","@id":"https:\/\/cardinal-tapes.com\/it\/nastri-adesivi-it__trashed\/nastro-adesivo-abc\/fogli-di-pp\/#breadcrumb","itemListElement":[{"@type":"ListItem","position":1,"name":"Startseite","item":"https:\/\/cardinal-tapes.com\/it\/casa\/"},{"@type":"ListItem","position":2,"name":"Nastro adesivo ABC","item":"https:\/\/cardinal-tapes.com\/it\/nastri-adesivi-it__trashed\/nastro-adesivo-abc\/"},{"@type":"ListItem","position":3,"name":"Fogli di PP"}]},{"@type":"WebSite","@id":"https:\/\/cardinal-tapes.com\/#website","url":"https:\/\/cardinal-tapes.com\/","name":"cardinal TAPES","description":"Klebetechnik aus Wuppertal","potentialAction":[{"@type":"SearchAction","target":{"@type":"EntryPoint","urlTemplate":"https:\/\/cardinal-tapes.com\/?s={search_term_string}"},"query-input":{"@type":"PropertyValueSpecification","valueRequired":true,"valueName":"search_term_string"}}],"inLanguage":"it-IT"}]}},"_links":{"self":[{"href":"https:\/\/cardinal-tapes.com\/it\/wp-json\/wp\/v2\/pages\/30990","targetHints":{"allow":["GET"]}}],"collection":[{"href":"https:\/\/cardinal-tapes.com\/it\/wp-json\/wp\/v2\/pages"}],"about":[{"href":"https:\/\/cardinal-tapes.com\/it\/wp-json\/wp\/v2\/types\/page"}],"author":[{"embeddable":true,"href":"https:\/\/cardinal-tapes.com\/it\/wp-json\/wp\/v2\/users\/1"}],"replies":[{"embeddable":true,"href":"https:\/\/cardinal-tapes.com\/it\/wp-json\/wp\/v2\/comments?post=30990"}],"version-history":[{"count":0,"href":"https:\/\/cardinal-tapes.com\/it\/wp-json\/wp\/v2\/pages\/30990\/revisions"}],"up":[{"embeddable":true,"href":"https:\/\/cardinal-tapes.com\/it\/wp-json\/wp\/v2\/pages\/30811"}],"wp:attachment":[{"href":"https:\/\/cardinal-tapes.com\/it\/wp-json\/wp\/v2\/media?parent=30990"}],"curies":[{"name":"wp","href":"https:\/\/api.w.org\/{rel}","templated":true}]}}