{"id":30909,"date":"2023-06-02T10:59:05","date_gmt":"2023-06-02T08:59:05","guid":{"rendered":"https:\/\/cardinal.pixel-tal.de\/nastri-adesivi\/nastro-adesivo-abc\/nastro-barriera\/"},"modified":"2023-06-14T10:47:09","modified_gmt":"2023-06-14T08:47:09","slug":"nastro-barriera","status":"publish","type":"page","link":"https:\/\/cardinal-tapes.com\/it\/nastri-adesivi-it\/nastro-adesivo-abc\/nastro-barriera\/","title":{"rendered":"Nastro barriera"},"content":{"rendered":"<div id='av_section_1'  class='avia-section av-3kt4zp4-7981db0a9b6ad76c976bf91968777e06 alternate_color avia-section-default avia-no-border-styling  avia-builder-el-0  el_before_av_section  avia-builder-el-first  avia-bg-style-scroll container_wrap fullsize'  ><div class='container av-section-cont-open' ><main  role=\"main\" itemprop=\"mainContentOfPage\"  class='template-page content  av-content-full alpha units'><div class='post-entry post-entry-type-page post-entry-30909'><div class='entry-content-wrapper clearfix'>\n<div  class='flex_column av-add6xk-1972a486a480ff02fac1fb239c1dc36e av_one_full  avia-builder-el-1  el_before_av_one_half  avia-builder-el-first  first flex_column_div  '     ><div class=\"pxl-headline pxl-hl hl-wrap | hl-sub--off hl--align-left hl--no-margin    \">\n        <div class=\"hl-inner\">\n            <h2 class=\"hl-main hl-line |  hl_main--default  \">Nastro barriera<\/h2>\n            \n    <\/div>\n<\/div><\/div><div  class='flex_column av-2kd41w8-d3c45ba23e39802be7ee147e410fcb29 av_one_half  avia-builder-el-3  el_after_av_one_full  el_before_av_one_half  first flex_column_div  column-top-margin'     ><section  class='av_textblock_section av-11dvvx-2fda3b51363ca4c68d6e5f503353f7f2 '   itemscope=\"itemscope\" itemtype=\"https:\/\/schema.org\/CreativeWork\" ><div class='avia_textblock'  itemprop=\"text\" ><p>Desiderate acquistare online il nastro barriera per i vostri clienti o per le vostre grandi esigenze? Come rivenditore, siamo specializzati in nastri adesivi e nastri barriera. Nel nostro assortimento, in costante crescita, troverete un&#8217;ampia scelta di nastri di segnalazione diversi. Se avete esigenze particolari, possiamo anche <a href=\"https:\/\/cardinal-tapes.com\/it\/imballaggio\/\">personalizzare<\/a> il vostro nastro barriera. Avete domande su questo argomento? Allora non esitate a <a href=\"\/ueber-cardinal\/kontakt\/\">contattare<\/a> i nostri esperti.<\/p>\n<h4>Nastro barriera &#8211; Molteplici applicazioni<\/h4>\n<p>Lo scopo del nastro barriera \u00e8 ovvio: serve a delimitare determinate aree in modo che le persone non autorizzate non possano pi\u00f9 accedervi. Esempi comuni sono i cantieri edili, i luoghi degli incidenti, i luoghi delle indagini di polizia e cos\u00ec via. Se desiderate acquistare un nastro barriera ma non sapete se i nostri prodotti sono adatti alla vostra applicazione, saremo lieti di consigliarvi in merito.<\/p>\n<h4>Prestare attenzione al materiale dei nastri barriera<\/h4>\n<p>I nastri barriera spesso rimangono all&#8217;aperto per molto tempo. Ci\u00f2 significa che devono essere durevoli e resistenti alle influenze ambientali. Tuttavia, il materiale deve essere ecologico. I nastri barriera a base di film PE-LD sono solitamente adatti a questo scopo.<\/p>\n<\/div><\/section><\/div><div  class='flex_column av-22hxh2w-96870fa7f41b8e3d42a92ad17f339813 av_one_half  avia-builder-el-5  el_after_av_one_half  avia-builder-el-last  flex_column_div  column-top-margin'     ><section  class='av_textblock_section av-7jjge5-22130320851b68ee7f15493218843b69 '   itemscope=\"itemscope\" itemtype=\"https:\/\/schema.org\/CreativeWork\" ><div class='avia_textblock'  itemprop=\"text\" ><p>Per altre applicazioni, ad esempio quando i nastri sono in tensione, sono pi\u00f9 adatti materiali plastici come il polietilene HD. Anche la questione se il nastro debba essere strappabile a mano gioca un ruolo importante. Per cui, se si desidera acquistare online del nastro barriera, vi sono molti fattori da prendere in considerazione<\/p>\n<h4>Colore e dimensioni dei nastri barriera<\/h4>\n<p>Sono tipici i nastri barriera gialli e neri e i nastri barriera bianchi e rossi. Questo ha come sfondo il fatto che questi colori fungono da colori di segnalazione. Anche un <u>nastro di segnalazione<\/u> potrebbe essere pi\u00f9 adatto alla vostra applicazione. Oltre alla scelta del colore, anche le dimensioni giocano un ruolo decisivo. Per questo vi offriamo un&#8217;ampia gamma di nastri barriera nei colori nero-giallo e rosso-bianco in varie dimensioni.<\/p>\n<h4>Nastri barriera individuali<\/h4>\n<p>Per alcune applicazioni, i nastri barriera devono essere lavorati per assemblaggio. Questo pu\u00f2, ad esempio, facilitare la gestione nella pratica. Per questo utilizziamo i processi pi\u00f9 moderni e vi offriamo nastri tagliati singolarmente o anche prodotti con etichettatura. Il nastro barriera giallo-nero o bianco-rosso non \u00e8 adatto alla vostra applicazione? Chiedeteci allora informazioni su altre configurazioni di colore. Il nostro staff \u00e8 ansioso di <a href=\"\/ueber-cardinal\/kontakt\/\">ascoltarvi<\/a>.<\/p>\n<\/div><\/section><\/div>\n\n<\/div><\/div><\/main><!-- close content main element --><\/div><\/div><div id='av_section_2'  class='avia-section av-1nuwke0-babfb0980c8484b4ed2ac5359e585391 main_color avia-section-default avia-no-border-styling  avia-builder-el-7  el_after_av_section  avia-builder-el-last  gradient-section avia-bg-style-scroll container_wrap fullsize'  ><div class='container av-section-cont-open' ><div class='template-page content  av-content-full alpha units'><div class='post-entry post-entry-type-page post-entry-30909'><div class='entry-content-wrapper clearfix'>\n<div  class='flex_column av-1527a7s-c9dc73e716e67288f3d7e0b443273665 av_one_full  avia-builder-el-8  avia-builder-el-no-sibling  first flex_column_div  '     ><p><div class=\"pxl-headline pxl-hl hl-wrap | hl-sub--off hl--align-left hl--no-margin    \">\n        <div class=\"hl-inner\">\n            <h2 class=\"hl-main hl-line |  hl_main--default  \">Prodotti interessanti<\/h2>\n            \n    <\/div>\n<\/div>\n<br \/>\n<div   data-autoplay=''  data-interval='5'  data-animation='fade'  data-hoverpause='1'  class='template-shop avia-content-slider avia-content-slider-active avia-product-slider1 avia-content-slider-even  avia-builder-el-10  el_after_pixel_sc_headline  el_before_av_button   shop_columns_4' ><div class='avia-content-slider-inner'><ul class=\"products slide-entry-wrap\"><li class=\"product type-product post-41868 status-publish first instock product_cat-nastri-per-la-marcatura-dei-pavimenti product_cat-nastro-adesivo-per-tessuti product_cat-nastri-monoadesivi product_cat-film-in-pvc has-post-thumbnail sale taxable shipping-taxable purchasable product-type-variable\">\n\t<div class='inner_product main_color wrapped_style noLightbox product_on_sale av-product-class-no_button'><a href=\"https:\/\/cardinal-tapes.com\/it\/nastri-adesivi\/nastri-monoadesivi\/film-in-pvc\/nastro-marcatore-per-pavimenti-at8\/\" class=\"woocommerce-LoopProduct-link woocommerce-loop-product__link\"><div class=\"thumbnail_container\"><img decoding=\"async\" loading=\"lazy\" width=\"450\" height=\"450\" src=\"https:\/\/cardinal-tapes.com\/wp-content\/uploads\/Advance-Tapes_AT0008_Group-450x450.jpg\" class=\"wp-image-28617 avia-img-lazy-loading-28617 attachment-shop_catalog size-shop_catalog wp-post-image\" alt=\"AT8 Nastro segnaletico per pavimenti - unilaterale, Pellicola in PVC, Gomma naturale - Illustrazione 28617\" srcset=\"https:\/\/cardinal-tapes.com\/wp-content\/uploads\/Advance-Tapes_AT0008_Group-450x450.jpg 450w, https:\/\/cardinal-tapes.com\/wp-content\/uploads\/Advance-Tapes_AT0008_Group-120x120.jpg 120w, https:\/\/cardinal-tapes.com\/wp-content\/uploads\/Advance-Tapes_AT0008_Group-80x80.jpg 80w, https:\/\/cardinal-tapes.com\/wp-content\/uploads\/Advance-Tapes_AT0008_Group-200x200.jpg 200w, https:\/\/cardinal-tapes.com\/wp-content\/uploads\/Advance-Tapes_AT0008_Group-36x36.jpg 36w, https:\/\/cardinal-tapes.com\/wp-content\/uploads\/Advance-Tapes_AT0008_Group-180x180.jpg 180w, https:\/\/cardinal-tapes.com\/wp-content\/uploads\/Advance-Tapes_AT0008_Group-100x100.jpg 100w, https:\/\/cardinal-tapes.com\/wp-content\/uploads\/Advance-Tapes_AT0008_Group.jpg 600w\" sizes=\"auto, (max-width: 450px) 100vw, 450px\" \/><\/div><div class='inner_product_header'><div class='avia-arrow'><\/div><div class='inner_product_header_table'><div class='inner_product_header_cell'><span class=\"is-h2 woocommerce-loop-product__title\">AT8 Nastro segnaletico per pavimenti<\/span>\t\t<div class=\"product-infos\">\n\t\t\t\t\t\t\t<span class='product-infos__item'><b>Rivestimento:<\/b> unilaterale<\/span>\n\t\t\t\t\t\t\t\t\t\t<span class='product-infos__item'><b>Tipo di materiale:<\/b> Pellicola in PVC<\/span>\n\t\t\t\t\t\t\t\t\t\t<span class='product-infos__item'><b>Produttore:<\/b> Advance Tapes<\/span>\n\t\t\t\t\t\t\t\t\t\t<span class='product-infos__item'><b>Prezzo su richiesta<\/b><\/span>\n\t\t\t\t\t<\/div>\n\t\n\t<span class=\"onsale\">In offerta!<\/span>\n\t<\/div><\/div><\/div><\/a><\/div><\/li>\n<li class=\"product type-product post-55217 status-publish instock product_cat-nastri-per-la-marcatura-dei-pavimenti product_cat-nastro-adesivo-per-tessuti product_cat-nastri-monoadesivi has-post-thumbnail taxable shipping-taxable purchasable product-type-variable\">\n\t<div class='inner_product main_color wrapped_style noLightbox  av-product-class-no_button'><a href=\"https:\/\/cardinal-tapes.com\/it\/nastri-adesivi\/aree-di-applicazione\/nastri-per-la-marcatura-dei-pavimenti\/ca-345-pe-rivestito-tessuto-adesivo-nastro-avvertimento-nastro\/\" class=\"woocommerce-LoopProduct-link woocommerce-loop-product__link\"><div class=\"thumbnail_container\"><img decoding=\"async\" loading=\"lazy\" width=\"450\" height=\"450\" src=\"https:\/\/cardinal-tapes.com\/wp-content\/uploads\/CA_345_retouched-450x450.jpg\" class=\"wp-image-27117 avia-img-lazy-loading-27117 attachment-shop_catalog size-shop_catalog wp-post-image\" alt=\"CA-345 Nastro adesivo in tessuto rivestito in PE -Nastro di avvertimento- - unilaterale, Tessuto, Gomma naturale - Illustrazione 27117\" srcset=\"https:\/\/cardinal-tapes.com\/wp-content\/uploads\/CA_345_retouched-450x450.jpg 450w, https:\/\/cardinal-tapes.com\/wp-content\/uploads\/CA_345_retouched-120x120.jpg 120w, https:\/\/cardinal-tapes.com\/wp-content\/uploads\/CA_345_retouched-80x80.jpg 80w, https:\/\/cardinal-tapes.com\/wp-content\/uploads\/CA_345_retouched-36x36.jpg 36w, https:\/\/cardinal-tapes.com\/wp-content\/uploads\/CA_345_retouched-180x180.jpg 180w, https:\/\/cardinal-tapes.com\/wp-content\/uploads\/CA_345_retouched-100x100.jpg 100w\" sizes=\"auto, (max-width: 450px) 100vw, 450px\" \/><\/div><div class='inner_product_header'><div class='avia-arrow'><\/div><div class='inner_product_header_table'><div class='inner_product_header_cell'><span class=\"is-h2 woocommerce-loop-product__title\">CA-345 Nastro adesivo in tessuto rivestito in PE -Nastro di avvertimento-<\/span>\t\t<div class=\"product-infos\">\n\t\t\t\t\t\t\t<span class='product-infos__item'><b>Rivestimento:<\/b> unilaterale<\/span>\n\t\t\t\t\t\t\t\t\t\t<span class='product-infos__item'><b>Tipo di materiale:<\/b> Tessuto<\/span>\n\t\t\t\t\t\t\t\t\t\t<span class='product-infos__item'><b>Produttore:<\/b> cardinal GmbH<\/span>\n\t\t\t\t\t\t\t\t\t\t<span class='product-infos__item'><b>Prezzo su richiesta<\/b><\/span>\n\t\t\t\t\t<\/div>\n\t<\/div><\/div><\/div><\/a><\/div><\/li>\n<li class=\"product type-product post-55235 status-publish instock product_cat-nastri-per-la-marcatura-dei-pavimenti product_cat-nastri-monoadesivi has-post-thumbnail taxable shipping-taxable purchasable product-type-variable\">\n\t<div class='inner_product main_color wrapped_style noLightbox  av-product-class-no_button'><a href=\"https:\/\/cardinal-tapes.com\/it\/nastri-adesivi\/aree-di-applicazione\/nastri-per-la-marcatura-dei-pavimenti\/ca-537-marcatura-del-pavimento-adesivo-nastro-di-pvc\/\" class=\"woocommerce-LoopProduct-link woocommerce-loop-product__link\"><div class=\"thumbnail_container\"><img decoding=\"async\" loading=\"lazy\" width=\"450\" height=\"450\" src=\"https:\/\/cardinal-tapes.com\/wp-content\/uploads\/CA_Mix02_01-450x450.jpg\" class=\"wp-image-26937 avia-img-lazy-loading-26937 attachment-shop_catalog size-shop_catalog wp-post-image\" alt=\"CA-537 Nastro segnaletico per pavimenti in PVC - unilaterale, Pellicola in PVC, Gomma naturale - Illustrazione 26937\" srcset=\"https:\/\/cardinal-tapes.com\/wp-content\/uploads\/CA_Mix02_01-450x450.jpg 450w, https:\/\/cardinal-tapes.com\/wp-content\/uploads\/CA_Mix02_01-120x120.jpg 120w, https:\/\/cardinal-tapes.com\/wp-content\/uploads\/CA_Mix02_01-80x80.jpg 80w, https:\/\/cardinal-tapes.com\/wp-content\/uploads\/CA_Mix02_01-36x36.jpg 36w, https:\/\/cardinal-tapes.com\/wp-content\/uploads\/CA_Mix02_01-180x180.jpg 180w, https:\/\/cardinal-tapes.com\/wp-content\/uploads\/CA_Mix02_01-100x100.jpg 100w\" sizes=\"auto, (max-width: 450px) 100vw, 450px\" \/><\/div><div class='inner_product_header'><div class='avia-arrow'><\/div><div class='inner_product_header_table'><div class='inner_product_header_cell'><span class=\"is-h2 woocommerce-loop-product__title\">CA-537 Nastro segnaletico per pavimenti in PVC<\/span>\t\t<div class=\"product-infos\">\n\t\t\t\t\t\t\t<span class='product-infos__item'><b>Rivestimento:<\/b> unilaterale<\/span>\n\t\t\t\t\t\t\t\t\t\t<span class='product-infos__item'><b>Tipo di materiale:<\/b> Pellicola in PVC<\/span>\n\t\t\t\t\t\t\t\t\t\t<span class='product-infos__item'><b>Produttore:<\/b> cardinal GmbH<\/span>\n\t\t\t\t\t\t\t\t\t\t<span class='product-infos__item'><b>Prezzo su richiesta<\/b><\/span>\n\t\t\t\t\t<\/div>\n\t<\/div><\/div><\/div><\/a><\/div><\/li>\n<li class=\"product type-product post-45941 status-publish last instock product_cat-nastri-per-la-marcatura-dei-pavimenti product_cat-nastri-monoadesivi product_cat-sistemi-di-imballaggio has-post-thumbnail taxable shipping-taxable purchasable product-type-simple\">\n\t<div class='inner_product main_color wrapped_style noLightbox  av-product-class-no_button'><a href=\"https:\/\/cardinal-tapes.com\/it\/nastri-adesivi\/aree-di-applicazione\/nastri-per-la-marcatura-dei-pavimenti\/ca-3071-srotolatore-per-nastro-segnapasso\/\" class=\"woocommerce-LoopProduct-link woocommerce-loop-product__link\"><div class=\"thumbnail_container\"><img decoding=\"async\" loading=\"lazy\" width=\"450\" height=\"450\" src=\"https:\/\/cardinal-tapes.com\/wp-content\/uploads\/Bild-2-Verarbeitsger\u00e4t-Bodenmarkierung-450x450.jpg\" class=\"wp-image-26993 avia-img-lazy-loading-26993 attachment-shop_catalog size-shop_catalog wp-post-image\" alt=\"CA-3071 Svolgitore per nastro segnaletico per pavimenti - , Metallo,  - Illustrazione 26993\" srcset=\"https:\/\/cardinal-tapes.com\/wp-content\/uploads\/Bild-2-Verarbeitsger\u00e4t-Bodenmarkierung-450x450.jpg 450w, https:\/\/cardinal-tapes.com\/wp-content\/uploads\/Bild-2-Verarbeitsger\u00e4t-Bodenmarkierung-120x120.jpg 120w, https:\/\/cardinal-tapes.com\/wp-content\/uploads\/Bild-2-Verarbeitsger\u00e4t-Bodenmarkierung-80x80.jpg 80w, https:\/\/cardinal-tapes.com\/wp-content\/uploads\/Bild-2-Verarbeitsger\u00e4t-Bodenmarkierung-200x200.jpg 200w, https:\/\/cardinal-tapes.com\/wp-content\/uploads\/Bild-2-Verarbeitsger\u00e4t-Bodenmarkierung-768x768.jpg 768w, https:\/\/cardinal-tapes.com\/wp-content\/uploads\/Bild-2-Verarbeitsger\u00e4t-Bodenmarkierung-1030x1030.jpg 1030w, https:\/\/cardinal-tapes.com\/wp-content\/uploads\/Bild-2-Verarbeitsger\u00e4t-Bodenmarkierung-1536x1536.jpg 1536w, https:\/\/cardinal-tapes.com\/wp-content\/uploads\/Bild-2-Verarbeitsger\u00e4t-Bodenmarkierung-36x36.jpg 36w, https:\/\/cardinal-tapes.com\/wp-content\/uploads\/Bild-2-Verarbeitsger\u00e4t-Bodenmarkierung-180x180.jpg 180w, https:\/\/cardinal-tapes.com\/wp-content\/uploads\/Bild-2-Verarbeitsger\u00e4t-Bodenmarkierung-1500x1500.jpg 1500w, https:\/\/cardinal-tapes.com\/wp-content\/uploads\/Bild-2-Verarbeitsger\u00e4t-Bodenmarkierung-705x705.jpg 705w, https:\/\/cardinal-tapes.com\/wp-content\/uploads\/Bild-2-Verarbeitsger\u00e4t-Bodenmarkierung-100x100.jpg 100w, https:\/\/cardinal-tapes.com\/wp-content\/uploads\/Bild-2-Verarbeitsger\u00e4t-Bodenmarkierung.jpg 1722w\" sizes=\"auto, (max-width: 450px) 100vw, 450px\" \/><span class=\"cart-loading\"><\/span><\/div><div class='inner_product_header'><div class='avia-arrow'><\/div><div class='inner_product_header_table'><div class='inner_product_header_cell'><span class=\"is-h2 woocommerce-loop-product__title\">CA-3071 Svolgitore per nastro segnaletico per pavimenti<\/span>\t\t<div class=\"product-infos\">\n\t\t\t\t\t\t\t\t\t\t<span class='product-infos__item'><b>Tipo di materiale:<\/b> Metallo<\/span>\n\t\t\t\t\t\t\t\t\t\t<span class='product-infos__item'><b>Produttore:<\/b> cardinal GmbH<\/span>\n\t\t\t\t\t\t\t\t\t\t<span class='product-infos__item'><b>Prezzo su richiesta<\/b><\/span>\n\t\t\t\t\t<\/div>\n\t<\/div><\/div><\/div><\/a><\/div><\/li>\n<\/ul><\/div><\/div><div class=\"clear\"><\/div><br \/>\n<div  class='avia-button-wrap av-lislfeqp-7162fd1ca680dcebae44a2da5e5c1ee2-wrap avia-button-left '><a href='https:\/\/cardinal-tapes.com\/klebebaender\/'  class='avia-button av-lislfeqp-7162fd1ca680dcebae44a2da5e5c1ee2 avia-icon_select-no avia-size-medium avia-position-left avia-color-theme-color layout-border color-white'  ><span class='avia_iconbox_title' >Tutti i prodotti<\/span><\/a><\/div><\/p><\/div>\n","protected":false},"excerpt":{"rendered":"","protected":false},"author":1,"featured_media":0,"parent":30811,"menu_order":20,"comment_status":"closed","ping_status":"closed","template":"","meta":{"_acf_changed":false,"footnotes":""},"class_list":["post-30909","page","type-page","status-publish","hentry"],"acf":[],"yoast_head":"<!-- This site is optimized with the Yoast SEO plugin v27.3 - https:\/\/yoast.com\/product\/yoast-seo-wordpress\/ -->\n<title>Acquista online il nastro barriera - Ampio assortimento di nastri cardinalizi<\/title>\n<meta name=\"description\" content=\"Acquista online il nastro barriera \u2713 Nastro barriera rosso bianco \u2713 Nastro barriera nero giallo \u2713 Varie dimensioni \u2713 Nastri barriera individuali per diverse applicazioni \u2713\" \/>\n<meta name=\"robots\" content=\"index, follow, max-snippet:-1, max-image-preview:large, max-video-preview:-1\" \/>\n<link rel=\"canonical\" href=\"https:\/\/cardinal-tapes.com\/it\/nastri-adesivi-it\/nastro-adesivo-abc\/nastro-barriera\/\" \/>\n<meta property=\"og:locale\" content=\"it_IT\" \/>\n<meta property=\"og:type\" content=\"article\" \/>\n<meta property=\"og:title\" content=\"Acquista online il nastro barriera - Ampio assortimento di nastri cardinalizi\" \/>\n<meta property=\"og:description\" content=\"Acquista online il nastro barriera \u2713 Nastro barriera rosso bianco \u2713 Nastro barriera nero giallo \u2713 Varie dimensioni \u2713 Nastri barriera individuali per diverse applicazioni \u2713\" \/>\n<meta property=\"og:url\" content=\"https:\/\/cardinal-tapes.com\/it\/nastri-adesivi-it\/nastro-adesivo-abc\/nastro-barriera\/\" \/>\n<meta property=\"og:site_name\" content=\"cardinal TAPES\" \/>\n<meta property=\"article:modified_time\" content=\"2023-06-14T08:47:09+00:00\" \/>\n<meta name=\"twitter:card\" content=\"summary_large_image\" \/>\n<meta name=\"twitter:label1\" content=\"Tempo di lettura stimato\" \/>\n\t<meta name=\"twitter:data1\" content=\"15 minuti\" \/>\n<script type=\"application\/ld+json\" class=\"yoast-schema-graph\">{\"@context\":\"https:\\\/\\\/schema.org\",\"@graph\":[{\"@type\":\"WebPage\",\"@id\":\"https:\\\/\\\/cardinal-tapes.com\\\/it\\\/nastri-adesivi-it\\\/nastro-adesivo-abc\\\/nastro-barriera\\\/\",\"url\":\"https:\\\/\\\/cardinal-tapes.com\\\/it\\\/nastri-adesivi-it\\\/nastro-adesivo-abc\\\/nastro-barriera\\\/\",\"name\":\"Acquista online il nastro barriera - Ampio assortimento di nastri cardinalizi\",\"isPartOf\":{\"@id\":\"https:\\\/\\\/cardinal-tapes.com\\\/#website\"},\"datePublished\":\"2023-06-02T08:59:05+00:00\",\"dateModified\":\"2023-06-14T08:47:09+00:00\",\"description\":\"Acquista online il nastro barriera \u2713 Nastro barriera rosso bianco \u2713 Nastro barriera nero giallo \u2713 Varie dimensioni \u2713 Nastri barriera individuali per diverse applicazioni \u2713\",\"breadcrumb\":{\"@id\":\"https:\\\/\\\/cardinal-tapes.com\\\/it\\\/nastri-adesivi-it\\\/nastro-adesivo-abc\\\/nastro-barriera\\\/#breadcrumb\"},\"inLanguage\":\"it-IT\",\"potentialAction\":[{\"@type\":\"ReadAction\",\"target\":[\"https:\\\/\\\/cardinal-tapes.com\\\/it\\\/nastri-adesivi-it\\\/nastro-adesivo-abc\\\/nastro-barriera\\\/\"]}]},{\"@type\":\"BreadcrumbList\",\"@id\":\"https:\\\/\\\/cardinal-tapes.com\\\/it\\\/nastri-adesivi-it\\\/nastro-adesivo-abc\\\/nastro-barriera\\\/#breadcrumb\",\"itemListElement\":[{\"@type\":\"ListItem\",\"position\":1,\"name\":\"Startseite\",\"item\":\"https:\\\/\\\/cardinal-tapes.com\\\/it\\\/casa\\\/\"},{\"@type\":\"ListItem\",\"position\":2,\"name\":\"Nastri adesivi\",\"item\":\"https:\\\/\\\/cardinal-tapes.com\\\/it\\\/nastri-adesivi-it\\\/\"},{\"@type\":\"ListItem\",\"position\":3,\"name\":\"Nastro adesivo ABC\",\"item\":\"https:\\\/\\\/cardinal-tapes.com\\\/it\\\/nastri-adesivi-it__trashed\\\/nastro-adesivo-abc\\\/\"},{\"@type\":\"ListItem\",\"position\":4,\"name\":\"Nastro barriera\"}]},{\"@type\":\"WebSite\",\"@id\":\"https:\\\/\\\/cardinal-tapes.com\\\/#website\",\"url\":\"https:\\\/\\\/cardinal-tapes.com\\\/\",\"name\":\"cardinal TAPES\",\"description\":\"Klebetechnik aus Wuppertal\",\"potentialAction\":[{\"@type\":\"SearchAction\",\"target\":{\"@type\":\"EntryPoint\",\"urlTemplate\":\"https:\\\/\\\/cardinal-tapes.com\\\/?s={search_term_string}\"},\"query-input\":{\"@type\":\"PropertyValueSpecification\",\"valueRequired\":true,\"valueName\":\"search_term_string\"}}],\"inLanguage\":\"it-IT\"}]}<\/script>\n<!-- \/ Yoast SEO plugin. -->","yoast_head_json":{"title":"Acquista online il nastro barriera - Ampio assortimento di nastri cardinalizi","description":"Acquista online il nastro barriera \u2713 Nastro barriera rosso bianco \u2713 Nastro barriera nero giallo \u2713 Varie dimensioni \u2713 Nastri barriera individuali per diverse applicazioni \u2713","robots":{"index":"index","follow":"follow","max-snippet":"max-snippet:-1","max-image-preview":"max-image-preview:large","max-video-preview":"max-video-preview:-1"},"canonical":"https:\/\/cardinal-tapes.com\/it\/nastri-adesivi-it\/nastro-adesivo-abc\/nastro-barriera\/","og_locale":"it_IT","og_type":"article","og_title":"Acquista online il nastro barriera - Ampio assortimento di nastri cardinalizi","og_description":"Acquista online il nastro barriera \u2713 Nastro barriera rosso bianco \u2713 Nastro barriera nero giallo \u2713 Varie dimensioni \u2713 Nastri barriera individuali per diverse applicazioni \u2713","og_url":"https:\/\/cardinal-tapes.com\/it\/nastri-adesivi-it\/nastro-adesivo-abc\/nastro-barriera\/","og_site_name":"cardinal TAPES","article_modified_time":"2023-06-14T08:47:09+00:00","twitter_card":"summary_large_image","twitter_misc":{"Tempo di lettura stimato":"15 minuti"},"schema":{"@context":"https:\/\/schema.org","@graph":[{"@type":"WebPage","@id":"https:\/\/cardinal-tapes.com\/it\/nastri-adesivi-it\/nastro-adesivo-abc\/nastro-barriera\/","url":"https:\/\/cardinal-tapes.com\/it\/nastri-adesivi-it\/nastro-adesivo-abc\/nastro-barriera\/","name":"Acquista online il nastro barriera - Ampio assortimento di nastri cardinalizi","isPartOf":{"@id":"https:\/\/cardinal-tapes.com\/#website"},"datePublished":"2023-06-02T08:59:05+00:00","dateModified":"2023-06-14T08:47:09+00:00","description":"Acquista online il nastro barriera \u2713 Nastro barriera rosso bianco \u2713 Nastro barriera nero giallo \u2713 Varie dimensioni \u2713 Nastri barriera individuali per diverse applicazioni \u2713","breadcrumb":{"@id":"https:\/\/cardinal-tapes.com\/it\/nastri-adesivi-it\/nastro-adesivo-abc\/nastro-barriera\/#breadcrumb"},"inLanguage":"it-IT","potentialAction":[{"@type":"ReadAction","target":["https:\/\/cardinal-tapes.com\/it\/nastri-adesivi-it\/nastro-adesivo-abc\/nastro-barriera\/"]}]},{"@type":"BreadcrumbList","@id":"https:\/\/cardinal-tapes.com\/it\/nastri-adesivi-it\/nastro-adesivo-abc\/nastro-barriera\/#breadcrumb","itemListElement":[{"@type":"ListItem","position":1,"name":"Startseite","item":"https:\/\/cardinal-tapes.com\/it\/casa\/"},{"@type":"ListItem","position":2,"name":"Nastri adesivi","item":"https:\/\/cardinal-tapes.com\/it\/nastri-adesivi-it\/"},{"@type":"ListItem","position":3,"name":"Nastro adesivo ABC","item":"https:\/\/cardinal-tapes.com\/it\/nastri-adesivi-it__trashed\/nastro-adesivo-abc\/"},{"@type":"ListItem","position":4,"name":"Nastro barriera"}]},{"@type":"WebSite","@id":"https:\/\/cardinal-tapes.com\/#website","url":"https:\/\/cardinal-tapes.com\/","name":"cardinal TAPES","description":"Klebetechnik aus Wuppertal","potentialAction":[{"@type":"SearchAction","target":{"@type":"EntryPoint","urlTemplate":"https:\/\/cardinal-tapes.com\/?s={search_term_string}"},"query-input":{"@type":"PropertyValueSpecification","valueRequired":true,"valueName":"search_term_string"}}],"inLanguage":"it-IT"}]}},"_links":{"self":[{"href":"https:\/\/cardinal-tapes.com\/it\/wp-json\/wp\/v2\/pages\/30909","targetHints":{"allow":["GET"]}}],"collection":[{"href":"https:\/\/cardinal-tapes.com\/it\/wp-json\/wp\/v2\/pages"}],"about":[{"href":"https:\/\/cardinal-tapes.com\/it\/wp-json\/wp\/v2\/types\/page"}],"author":[{"embeddable":true,"href":"https:\/\/cardinal-tapes.com\/it\/wp-json\/wp\/v2\/users\/1"}],"replies":[{"embeddable":true,"href":"https:\/\/cardinal-tapes.com\/it\/wp-json\/wp\/v2\/comments?post=30909"}],"version-history":[{"count":0,"href":"https:\/\/cardinal-tapes.com\/it\/wp-json\/wp\/v2\/pages\/30909\/revisions"}],"up":[{"embeddable":true,"href":"https:\/\/cardinal-tapes.com\/it\/wp-json\/wp\/v2\/pages\/30811"}],"wp:attachment":[{"href":"https:\/\/cardinal-tapes.com\/it\/wp-json\/wp\/v2\/media?parent=30909"}],"curies":[{"name":"wp","href":"https:\/\/api.w.org\/{rel}","templated":true}]}}