{"id":30822,"date":"2023-06-02T10:57:55","date_gmt":"2023-06-02T08:57:55","guid":{"rendered":"https:\/\/cardinal.pixel-tal.de\/infoteca\/metodi-di-prova\/"},"modified":"2023-06-12T14:24:37","modified_gmt":"2023-06-12T12:24:37","slug":"metodi-di-prova","status":"publish","type":"page","link":"https:\/\/cardinal-tapes.com\/it\/infoteca\/metodi-di-prova\/","title":{"rendered":"Metodi di prova"},"content":{"rendered":"<div id='av_section_1'  class='avia-section av-2vauhv-a76f8a89034928afad3353f92bea1da5 main_color avia-section-default avia-no-shadow  avia-builder-el-0  avia-builder-el-no-sibling  avia-bg-style-scroll container_wrap fullsize'  ><div class='container av-section-cont-open' ><main  role=\"main\" itemprop=\"mainContentOfPage\"  class='template-page content  av-content-full alpha units'><div class='post-entry post-entry-type-page post-entry-30822'><div class='entry-content-wrapper clearfix'>\n\n<style type=\"text\/css\" data-created_by=\"avia_inline_auto\" id=\"style-css-av-2ruxuj-b5284e34876ac82a706c357b3663bdc9\">\n.flex_column.av-2ruxuj-b5284e34876ac82a706c357b3663bdc9{\nborder-radius:0px 0px 0px 0px;\npadding:0px 0px 0px 0px;\n}\n<\/style>\n<div  class='flex_column av-2ruxuj-b5284e34876ac82a706c357b3663bdc9 av_one_full  avia-builder-el-1  el_before_av_codeblock  avia-builder-el-first  first flex_column_div av-animated-generic left-to-right av-zero-column-padding  '     ><div class=\"pxl-headline pxl-hl hl-wrap | hl-sub--bot hl--align-left hl--no-margin    \">\n        <div class=\"hl-inner\">\n            <h1 class=\"hl-main hl-line |  hl_main--default  \">Metodi di prova<\/h1>\n            <span class=\"hl-sub hl-line |  hl_sub--default  \">In questo modo garantiamo la migliore qualit\u00e0<\/span>\n    <\/div>\n<\/div><\/div>\n\n<style type=\"text\/css\" data-created_by=\"avia_inline_auto\" id=\"style-css-av-265o2r-3f7668ad30032958e5bd7299623a25c6\">\n.flex_column.av-265o2r-3f7668ad30032958e5bd7299623a25c6{\nborder-radius:0px 0px 0px 0px;\npadding:0px 0px 0px 0px;\nbackground-color:#ffffff;\n}\n<\/style>\n<div  class='flex_column av-265o2r-3f7668ad30032958e5bd7299623a25c6 av_one_third  avia-builder-el-4  el_after_av_codeblock  el_before_av_one_third  greybox first flex_column_div av-animated-generic left-to-right av-zero-column-padding  '     ><p>\n<style type=\"text\/css\" data-created_by=\"avia_inline_auto\" id=\"style-css-av-7o483-df3dbf23fe78414ed4daeeb8a9671b15\">\n.avia-image-container.av-7o483-df3dbf23fe78414ed4daeeb8a9671b15 img.avia_image{\nbox-shadow:none;\n}\n.avia-image-container.av-7o483-df3dbf23fe78414ed4daeeb8a9671b15 .av-image-caption-overlay-center{\ncolor:#ffffff;\n}\n<\/style>\n<div  class='avia-image-container av-7o483-df3dbf23fe78414ed4daeeb8a9671b15 av-styling-no-styling avia-align-center  avia-builder-el-5  el_before_av_textblock  avia-builder-el-first '   itemprop=\"image\" itemscope=\"itemscope\" itemtype=\"https:\/\/schema.org\/ImageObject\" ><div class=\"avia-image-container-inner\"><div class=\"avia-image-overlay-wrap\"><img decoding=\"async\" fetchpriority=\"high\" class='wp-image-29381 avia-img-lazy-loading-not-29381 avia_image ' src=\"https:\/\/cardinal-tapes.com\/wp-content\/uploads\/cardinal-content-klebkraft.png\" alt='' title='cardinal-content-klebkraft'  height=\"564\" width=\"880\"  itemprop=\"thumbnailUrl\" srcset=\"https:\/\/cardinal-tapes.com\/wp-content\/uploads\/cardinal-content-klebkraft.png 880w, https:\/\/cardinal-tapes.com\/wp-content\/uploads\/cardinal-content-klebkraft-200x128.png 200w, https:\/\/cardinal-tapes.com\/wp-content\/uploads\/cardinal-content-klebkraft-768x492.png 768w, https:\/\/cardinal-tapes.com\/wp-content\/uploads\/cardinal-content-klebkraft-705x452.png 705w, https:\/\/cardinal-tapes.com\/wp-content\/uploads\/cardinal-content-klebkraft-450x288.png 450w\" sizes=\"(max-width: 880px) 100vw, 880px\" \/><\/div><\/div><\/div><br \/>\n<section  class='av_textblock_section av-1rfj77-d4b55f46e124eb6797356da0ed734698 '   itemscope=\"itemscope\" itemtype=\"https:\/\/schema.org\/CreativeWork\" ><div class='avia_textblock'  itemprop=\"text\" ><h4>Forza adesiva<\/h4>\n<p>L&#8217;adesione descrive la forza adesiva di un nastro a un substrato ed \u00e8 uno dei parametri pi\u00f9 importanti di qualsiasi applicazione. La forza adesiva aumenta sotto l&#8217;influenza della pressione sul giunto. Dipende in larga misura dalla quantit\u00e0 di pressione, dal tempo, dal tipo e dalle condizioni superficiali del materiale da incollare.<\/p>\n<\/div><\/section><\/p><\/div>\n<style type=\"text\/css\" data-created_by=\"avia_inline_auto\" id=\"style-css-av-1j8gij-1e1e5312bffaa23070646467b5d1f007\">\n.flex_column.av-1j8gij-1e1e5312bffaa23070646467b5d1f007{\nborder-radius:0px 0px 0px 0px;\npadding:0px 0px 0px 0px;\nbackground-color:#ffffff;\n}\n<\/style>\n<div  class='flex_column av-1j8gij-1e1e5312bffaa23070646467b5d1f007 av_one_third  avia-builder-el-7  el_after_av_one_third  el_before_av_one_third  greybox flex_column_div av-animated-generic fade-in av-zero-column-padding  '     ><p>\n<style type=\"text\/css\" data-created_by=\"avia_inline_auto\" id=\"style-css-av-1g78ez-59cec402fba815f0c4970fd43c814fb8\">\n.avia-image-container.av-1g78ez-59cec402fba815f0c4970fd43c814fb8 img.avia_image{\nbox-shadow:none;\n}\n.avia-image-container.av-1g78ez-59cec402fba815f0c4970fd43c814fb8 .av-image-caption-overlay-center{\ncolor:#ffffff;\n}\n<\/style>\n<div  class='avia-image-container av-1g78ez-59cec402fba815f0c4970fd43c814fb8 av-styling-no-styling avia-align-center  avia-builder-el-8  el_before_av_textblock  avia-builder-el-first '   itemprop=\"image\" itemscope=\"itemscope\" itemtype=\"https:\/\/schema.org\/ImageObject\" ><div class=\"avia-image-container-inner\"><div class=\"avia-image-overlay-wrap\"><img decoding=\"async\" fetchpriority=\"high\" class='wp-image-29385 avia-img-lazy-loading-not-29385 avia_image ' src=\"https:\/\/cardinal-tapes.com\/wp-content\/uploads\/cardinal-content-scherfestigkeit.png\" alt='' title='cardinal-content-scherfestigkeit'  height=\"564\" width=\"880\"  itemprop=\"thumbnailUrl\" srcset=\"https:\/\/cardinal-tapes.com\/wp-content\/uploads\/cardinal-content-scherfestigkeit.png 880w, https:\/\/cardinal-tapes.com\/wp-content\/uploads\/cardinal-content-scherfestigkeit-200x128.png 200w, https:\/\/cardinal-tapes.com\/wp-content\/uploads\/cardinal-content-scherfestigkeit-768x492.png 768w, https:\/\/cardinal-tapes.com\/wp-content\/uploads\/cardinal-content-scherfestigkeit-705x452.png 705w, https:\/\/cardinal-tapes.com\/wp-content\/uploads\/cardinal-content-scherfestigkeit-450x288.png 450w\" sizes=\"(max-width: 880px) 100vw, 880px\" \/><\/div><\/div><\/div><br \/>\n<section  class='av_textblock_section av-10pgxv-850949179ee666a021d5102348e1e899 '   itemscope=\"itemscope\" itemtype=\"https:\/\/schema.org\/CreativeWork\" ><div class='avia_textblock konfektionierung_content'  itemprop=\"text\" ><h4>Resistenza al taglio<\/h4>\n<p>La resistenza al taglio \u00e8 determinata in larga misura dalla forza interna di un adesivo e descrive la capacit\u00e0 di tenuta del nastro in un&#8217;applicazione. La resistenza al taglio \u00e8 importante per le applicazioni in cui le forze agiscono parallelamente alla superficie incollata.<\/p>\n<\/div><\/section><\/p><\/div>\n<style type=\"text\/css\" data-created_by=\"avia_inline_auto\" id=\"style-css-av-zirwj-7e2731f2a6d4333fcec0119bd9957801\">\n.flex_column.av-zirwj-7e2731f2a6d4333fcec0119bd9957801{\nborder-radius:0px 0px 0px 0px;\npadding:0px 0px 0px 0px;\nbackground-color:#ffffff;\n}\n<\/style>\n<div  class='flex_column av-zirwj-7e2731f2a6d4333fcec0119bd9957801 av_one_third  avia-builder-el-10  el_after_av_one_third  el_before_av_codeblock  greybox flex_column_div av-animated-generic right-to-left av-zero-column-padding  '     ><p>\n<style type=\"text\/css\" data-created_by=\"avia_inline_auto\" id=\"style-css-av-swfnn-ed6a0e6347ef37f5cd9309ab31b9abfd\">\n.avia-image-container.av-swfnn-ed6a0e6347ef37f5cd9309ab31b9abfd img.avia_image{\nbox-shadow:none;\n}\n.avia-image-container.av-swfnn-ed6a0e6347ef37f5cd9309ab31b9abfd .av-image-caption-overlay-center{\ncolor:#ffffff;\n}\n<\/style>\n<div  class='avia-image-container av-swfnn-ed6a0e6347ef37f5cd9309ab31b9abfd av-styling-no-styling avia-align-center  avia-builder-el-11  el_before_av_textblock  avia-builder-el-first '   itemprop=\"image\" itemscope=\"itemscope\" itemtype=\"https:\/\/schema.org\/ImageObject\" ><div class=\"avia-image-container-inner\"><div class=\"avia-image-overlay-wrap\"><img decoding=\"async\" fetchpriority=\"high\" class='wp-image-29389 avia-img-lazy-loading-not-29389 avia_image ' src=\"https:\/\/cardinal-tapes.com\/wp-content\/uploads\/cardinal-content-temperaturbestaendigkeit.png\" alt='' title='cardinal-content-temperaturbestaendigkeit'  height=\"564\" width=\"880\"  itemprop=\"thumbnailUrl\" srcset=\"https:\/\/cardinal-tapes.com\/wp-content\/uploads\/cardinal-content-temperaturbestaendigkeit.png 880w, https:\/\/cardinal-tapes.com\/wp-content\/uploads\/cardinal-content-temperaturbestaendigkeit-200x128.png 200w, https:\/\/cardinal-tapes.com\/wp-content\/uploads\/cardinal-content-temperaturbestaendigkeit-768x492.png 768w, https:\/\/cardinal-tapes.com\/wp-content\/uploads\/cardinal-content-temperaturbestaendigkeit-705x452.png 705w, https:\/\/cardinal-tapes.com\/wp-content\/uploads\/cardinal-content-temperaturbestaendigkeit-450x288.png 450w\" sizes=\"(max-width: 880px) 100vw, 880px\" \/><\/div><\/div><\/div><br \/>\n<section  class='av_textblock_section av-d8dbv-5d04ae4a1c308cb65eb5ae651be3be72 '   itemscope=\"itemscope\" itemtype=\"https:\/\/schema.org\/CreativeWork\" ><div class='avia_textblock'  itemprop=\"text\" ><h4>Resistenza alla temperatura<\/h4>\n<p>La resistenza alla temperatura \u00e8 una misura della forza di tenuta in un&#8217;applicazione a temperature elevate. Indica la temperatura fino alla quale il nastro pu\u00f2 sostenere un determinato peso. Si distingue tra resistenza a breve termine (sec.\/min.) e resistenza a lungo termine (ore\/anni).<\/p>\n<\/div><\/section><\/p><\/div>\n\n","protected":false},"excerpt":{"rendered":"","protected":false},"author":1,"featured_media":0,"parent":30178,"menu_order":1,"comment_status":"closed","ping_status":"closed","template":"","meta":{"_acf_changed":false,"footnotes":""},"class_list":["post-30822","page","type-page","status-publish","hentry"],"acf":[],"yoast_head":"<!-- This site is optimized with the Yoast SEO plugin v27.3 - https:\/\/yoast.com\/product\/yoast-seo-wordpress\/ -->\n<title>Metodi di prova per i nastri adesivi | TAPPE cardinali<\/title>\n<meta name=\"description\" content=\"I giusti metodi di prova sono molto importanti per i nastri adesivi. Qui \u00e8 possibile conoscere i diversi metodi di test.\" \/>\n<meta name=\"robots\" content=\"index, follow, max-snippet:-1, max-image-preview:large, max-video-preview:-1\" \/>\n<link rel=\"canonical\" href=\"https:\/\/cardinal-tapes.com\/it\/infoteca\/metodi-di-prova\/\" \/>\n<meta property=\"og:locale\" content=\"it_IT\" \/>\n<meta property=\"og:type\" content=\"article\" \/>\n<meta property=\"og:title\" content=\"Metodi di prova per i nastri adesivi | TAPPE cardinali\" \/>\n<meta property=\"og:description\" content=\"I giusti metodi di prova sono molto importanti per i nastri adesivi. Qui \u00e8 possibile conoscere i diversi metodi di test.\" \/>\n<meta property=\"og:url\" content=\"https:\/\/cardinal-tapes.com\/it\/infoteca\/metodi-di-prova\/\" \/>\n<meta property=\"og:site_name\" content=\"cardinal TAPES\" \/>\n<meta property=\"article:modified_time\" content=\"2023-06-12T12:24:37+00:00\" \/>\n<meta name=\"twitter:card\" content=\"summary_large_image\" \/>\n<meta name=\"twitter:label1\" content=\"Tempo di lettura stimato\" \/>\n\t<meta name=\"twitter:data1\" content=\"16 minuti\" \/>\n<script type=\"application\/ld+json\" class=\"yoast-schema-graph\">{\"@context\":\"https:\\\/\\\/schema.org\",\"@graph\":[{\"@type\":\"WebPage\",\"@id\":\"https:\\\/\\\/cardinal-tapes.com\\\/it\\\/infoteca\\\/metodi-di-prova\\\/\",\"url\":\"https:\\\/\\\/cardinal-tapes.com\\\/it\\\/infoteca\\\/metodi-di-prova\\\/\",\"name\":\"Metodi di prova per i nastri adesivi | TAPPE cardinali\",\"isPartOf\":{\"@id\":\"https:\\\/\\\/cardinal-tapes.com\\\/#website\"},\"datePublished\":\"2023-06-02T08:57:55+00:00\",\"dateModified\":\"2023-06-12T12:24:37+00:00\",\"description\":\"I giusti metodi di prova sono molto importanti per i nastri adesivi. Qui \u00e8 possibile conoscere i diversi metodi di test.\",\"breadcrumb\":{\"@id\":\"https:\\\/\\\/cardinal-tapes.com\\\/it\\\/infoteca\\\/metodi-di-prova\\\/#breadcrumb\"},\"inLanguage\":\"it-IT\",\"potentialAction\":[{\"@type\":\"ReadAction\",\"target\":[\"https:\\\/\\\/cardinal-tapes.com\\\/it\\\/infoteca\\\/metodi-di-prova\\\/\"]}]},{\"@type\":\"BreadcrumbList\",\"@id\":\"https:\\\/\\\/cardinal-tapes.com\\\/it\\\/infoteca\\\/metodi-di-prova\\\/#breadcrumb\",\"itemListElement\":[{\"@type\":\"ListItem\",\"position\":1,\"name\":\"Startseite\",\"item\":\"https:\\\/\\\/cardinal-tapes.com\\\/it\\\/casa\\\/\"},{\"@type\":\"ListItem\",\"position\":2,\"name\":\"Infoteca\",\"item\":\"https:\\\/\\\/cardinal-tapes.com\\\/it\\\/infoteca\\\/\"},{\"@type\":\"ListItem\",\"position\":3,\"name\":\"Metodi di prova\"}]},{\"@type\":\"WebSite\",\"@id\":\"https:\\\/\\\/cardinal-tapes.com\\\/#website\",\"url\":\"https:\\\/\\\/cardinal-tapes.com\\\/\",\"name\":\"cardinal TAPES\",\"description\":\"Klebetechnik aus Wuppertal\",\"potentialAction\":[{\"@type\":\"SearchAction\",\"target\":{\"@type\":\"EntryPoint\",\"urlTemplate\":\"https:\\\/\\\/cardinal-tapes.com\\\/?s={search_term_string}\"},\"query-input\":{\"@type\":\"PropertyValueSpecification\",\"valueRequired\":true,\"valueName\":\"search_term_string\"}}],\"inLanguage\":\"it-IT\"}]}<\/script>\n<!-- \/ Yoast SEO plugin. -->","yoast_head_json":{"title":"Metodi di prova per i nastri adesivi | TAPPE cardinali","description":"I giusti metodi di prova sono molto importanti per i nastri adesivi. Qui \u00e8 possibile conoscere i diversi metodi di test.","robots":{"index":"index","follow":"follow","max-snippet":"max-snippet:-1","max-image-preview":"max-image-preview:large","max-video-preview":"max-video-preview:-1"},"canonical":"https:\/\/cardinal-tapes.com\/it\/infoteca\/metodi-di-prova\/","og_locale":"it_IT","og_type":"article","og_title":"Metodi di prova per i nastri adesivi | TAPPE cardinali","og_description":"I giusti metodi di prova sono molto importanti per i nastri adesivi. Qui \u00e8 possibile conoscere i diversi metodi di test.","og_url":"https:\/\/cardinal-tapes.com\/it\/infoteca\/metodi-di-prova\/","og_site_name":"cardinal TAPES","article_modified_time":"2023-06-12T12:24:37+00:00","twitter_card":"summary_large_image","twitter_misc":{"Tempo di lettura stimato":"16 minuti"},"schema":{"@context":"https:\/\/schema.org","@graph":[{"@type":"WebPage","@id":"https:\/\/cardinal-tapes.com\/it\/infoteca\/metodi-di-prova\/","url":"https:\/\/cardinal-tapes.com\/it\/infoteca\/metodi-di-prova\/","name":"Metodi di prova per i nastri adesivi | TAPPE cardinali","isPartOf":{"@id":"https:\/\/cardinal-tapes.com\/#website"},"datePublished":"2023-06-02T08:57:55+00:00","dateModified":"2023-06-12T12:24:37+00:00","description":"I giusti metodi di prova sono molto importanti per i nastri adesivi. Qui \u00e8 possibile conoscere i diversi metodi di test.","breadcrumb":{"@id":"https:\/\/cardinal-tapes.com\/it\/infoteca\/metodi-di-prova\/#breadcrumb"},"inLanguage":"it-IT","potentialAction":[{"@type":"ReadAction","target":["https:\/\/cardinal-tapes.com\/it\/infoteca\/metodi-di-prova\/"]}]},{"@type":"BreadcrumbList","@id":"https:\/\/cardinal-tapes.com\/it\/infoteca\/metodi-di-prova\/#breadcrumb","itemListElement":[{"@type":"ListItem","position":1,"name":"Startseite","item":"https:\/\/cardinal-tapes.com\/it\/casa\/"},{"@type":"ListItem","position":2,"name":"Infoteca","item":"https:\/\/cardinal-tapes.com\/it\/infoteca\/"},{"@type":"ListItem","position":3,"name":"Metodi di prova"}]},{"@type":"WebSite","@id":"https:\/\/cardinal-tapes.com\/#website","url":"https:\/\/cardinal-tapes.com\/","name":"cardinal TAPES","description":"Klebetechnik aus Wuppertal","potentialAction":[{"@type":"SearchAction","target":{"@type":"EntryPoint","urlTemplate":"https:\/\/cardinal-tapes.com\/?s={search_term_string}"},"query-input":{"@type":"PropertyValueSpecification","valueRequired":true,"valueName":"search_term_string"}}],"inLanguage":"it-IT"}]}},"_links":{"self":[{"href":"https:\/\/cardinal-tapes.com\/it\/wp-json\/wp\/v2\/pages\/30822","targetHints":{"allow":["GET"]}}],"collection":[{"href":"https:\/\/cardinal-tapes.com\/it\/wp-json\/wp\/v2\/pages"}],"about":[{"href":"https:\/\/cardinal-tapes.com\/it\/wp-json\/wp\/v2\/types\/page"}],"author":[{"embeddable":true,"href":"https:\/\/cardinal-tapes.com\/it\/wp-json\/wp\/v2\/users\/1"}],"replies":[{"embeddable":true,"href":"https:\/\/cardinal-tapes.com\/it\/wp-json\/wp\/v2\/comments?post=30822"}],"version-history":[{"count":0,"href":"https:\/\/cardinal-tapes.com\/it\/wp-json\/wp\/v2\/pages\/30822\/revisions"}],"up":[{"embeddable":true,"href":"https:\/\/cardinal-tapes.com\/it\/wp-json\/wp\/v2\/pages\/30178"}],"wp:attachment":[{"href":"https:\/\/cardinal-tapes.com\/it\/wp-json\/wp\/v2\/media?parent=30822"}],"curies":[{"name":"wp","href":"https:\/\/api.w.org\/{rel}","templated":true}]}}