{"id":30160,"date":"2023-06-02T10:48:56","date_gmt":"2023-06-02T08:48:56","guid":{"rendered":"https:\/\/cardinal.pixel-tal.de\/agb\/"},"modified":"2023-06-02T11:12:28","modified_gmt":"2023-06-02T09:12:28","slug":"agb","status":"publish","type":"page","link":"https:\/\/cardinal-tapes.com\/it\/agb\/","title":{"rendered":"AGB"},"content":{"rendered":"<div id='av_section_1'  class='avia-section av-c6sdi2-116f8f5fae59651d0b4332fbe30a8358 main_color avia-section-default avia-no-shadow  avia-builder-el-0  avia-builder-el-no-sibling  avia-bg-style-scroll container_wrap fullsize'  ><div class='container av-section-cont-open' ><main  role=\"main\" itemprop=\"mainContentOfPage\"  class='template-page content  av-content-full alpha units'><div class='post-entry post-entry-type-page post-entry-30160'><div class='entry-content-wrapper clearfix'>\n\n<style type=\"text\/css\" data-created_by=\"avia_inline_auto\" id=\"style-css-av-b1415m-8cd63e919468337873946fb82088b1ae\">\n.flex_column.av-b1415m-8cd63e919468337873946fb82088b1ae{\nborder-radius:0px 0px 0px 0px;\npadding:0px 0px 0px 0px;\n}\n<\/style>\n<div  class='flex_column av-b1415m-8cd63e919468337873946fb82088b1ae av_one_full  avia-builder-el-1  el_before_av_one_half  avia-builder-el-first  first av-break-at-tablet flex_column_div av-zero-column-padding  '     ><div class=\"pxl-headline pxl-hl hl-wrap | hl-sub--bot hl--align-left hl--no-margin    \">\n        <div class=\"hl-inner\">\n            <h1 class=\"hl-main hl-line |  hl_main--default  \">Termini e condizioni generali<\/h1>\n            <span class=\"hl-sub hl-line |  hl_sub--default  \">Il nostro GTC<\/span>\n    <\/div>\n<\/div><\/div>\n<style type=\"text\/css\" data-created_by=\"avia_inline_auto\" id=\"style-css-av-syfiy-7455796f07e341093af9d052cfcb5be5\">\n.flex_column.av-syfiy-7455796f07e341093af9d052cfcb5be5{\nborder-radius:0px 0px 0px 0px;\n}\n<\/style>\n<div  class='flex_column av-syfiy-7455796f07e341093af9d052cfcb5be5 av_one_half  avia-builder-el-3  el_after_av_one_full  el_before_av_one_half  first av-break-at-tablet flex_column_div  column-top-margin'     ><section  class='av_textblock_section av-5l5f3u-ed1ffc102d603de7445ef10c0fc2d53f '   itemscope=\"itemscope\" itemtype=\"https:\/\/schema.org\/CreativeWork\" ><div class='avia_textblock impressum'  itemprop=\"text\" ><p>1. le seguenti condizioni di vendita, consegna e pagamento si applicano esclusivamente alle nostre consegne e vendite. Le condizioni di acquisto dell&#8217;Acquirente che si discostano da quanto sopra si applicano come eccezione solo se sono state espressamente confermate dal Venditore. L&#8217;eventuale invalidit\u00e0 di una parte dei presenti termini e condizioni o della transazione di consegna non pregiudica la validit\u00e0 dei restanti termini e condizioni o della transazione di consegna. In questo caso, le parti contraenti dovranno concordare una nuova disposizione in sostituzione di quella invalida che si avvicini il pi\u00f9 possibile allo scopo perseguito dalla disposizione invalida.<\/p>\n<p>I documenti dell&#8217;offerta, quali illustrazioni, disegni, specifiche di peso e dimensioni, sono vincolanti per l&#8217;esecuzione solo se espressamente confermati. Il fornitore si riserva il diritto di propriet\u00e0 e di copyright su preventivi di spesa, disegni e altri documenti: non possono essere resi accessibili a terzi. Il cliente \u00e8 tenuto a rendere accessibili a terzi i piani designati come riservati dal fornitore solo con il consenso di quest&#8217;ultimo. Qualsiasi accordo con i nostri rappresentanti richiede la nostra espressa conferma scritta. Ci\u00f2 vale in particolare per gli ordini ricevuti.<\/p>\n<p>2. si applicano i prezzi al momento dell&#8217;ordine. L&#8217;imposta sul valore aggiunto non \u00e8 inclusa nel prezzo e verr\u00e0 fatturata separatamente alla rispettiva aliquota di legge. Per ogni consegna verr\u00e0 addebitato un costo di spedizione pari all&#8217;importo specificato.<br \/>\nSe i costi di produzione aumentano di oltre il 5% tra la data della conferma di vendita e la data di consegna, ad esempio a causa di variazioni delle condizioni valutarie, dei salari e di altri fattori di costo, il venditore si riserva il diritto di aumentare i prezzi di conseguenza o di recedere dal contratto. In questo caso, il cliente non avr\u00e0 diritto a richieste di risarcimento danni per mancato o parziale adempimento.<\/p>\n<p>3. la consegna avverr\u00e0 al momento della consegna indicato nella conferma d&#8217;ordine franco fabbrica o franco magazzino. Ci riserviamo il diritto di effettuare consegne brevi o in eccesso fino al 10% delle quantit\u00e0 ordinate. Per quanto riguarda le dimensioni specificate per i nostri articoli di consegna, ci riserviamo il diritto di scostare le dimensioni usuali nel commercio, a meno che non abbiamo espressamente garantito il rispetto delle dimensioni. La spedizione affidabile della merce ordinata \u00e8 garantita da vettori da noi incaricati. Le parti convengono che, in caso di controversia, spetta all&#8217;Acquirente dimostrare che una consegna non \u00e8 stata ricevuta.<\/p>\n<p>Il termine di consegna \u00e8 solo approssimativo e inizia con l&#8217;invio della conferma d&#8217;ordine, ma non prima della fornitura dei documenti, delle approvazioni, delle liberatorie che l&#8217;Acquirente deve procurarsi e prima del ricevimento dell&#8217;eventuale acconto concordato. Il termine di consegna si considera rispettato se l&#8217;oggetto della consegna ha lasciato lo stabilimento o se \u00e8 stata data notifica di disponibilit\u00e0 alla spedizione entro la scadenza del termine di consegna. Il termine di consegna sar\u00e0 adeguatamente prolungato in caso di impedimenti imprevisti al di fuori del controllo del Fornitore o dei suoi subappaltatori, ad esempio interruzioni operative, scarti, ritardi nella consegna di materie prime essenziali e materiali da costruzione, nella misura in cui tali impedimenti influiscono sul completamento o sulla consegna dell&#8217;oggetto della fornitura, anche se si verificano durante un ritardo nella consegna.<\/p>\n<p>Il rispetto del termine di consegna \u00e8 subordinato all&#8217;adempimento degli obblighi contrattuali del cliente. Tutte le consegne si intendono franco fabbrica e viaggiano a rischio del destinatario, anche se \u00e8 stata concordata la consegna in porto franco, fob o cif. Le spese di trasporto aggiuntive derivanti da circostanze particolari, in particolare dalla volont\u00e0 del cliente o dalla natura della merce (merce ingombrante, merce di volume speciale), sono a carico del cliente. Se la spedizione viene ritardata per colpa del cliente, il rischio passa al cliente il giorno in cui la merce \u00e8 pronta per la spedizione. Ritardi o impedimenti nella consegna dovuti a cause di forza maggiore, tra cui mobilitazioni e guerre, interruzioni operative di ogni tipo, scioperi e serrate, carenza di materie prime e combustibili e misure impreviste &#8211; anche se i nostri fornitori ne sono colpiti &#8211; ci autorizzano a cancellare in tutto o in parte gli obblighi di consegna esistenti, senza che l&#8217;acquirente abbia diritto a richieste di risarcimento, anche ai sensi del \u00a7 325 BGB. Ci\u00f2 vale anche in caso di inadempimento solo parziale del contratto. L&#8217;inadempimento degli obblighi dell&#8217;acquirente o le circostanze che rendono impossibile la consegna della merce venduta o che la ritardano o la complicano eccessivamente autorizzano il venditore ad annullare in tutto o in parte il suo obbligo di consegna per tutta la durata dell&#8217;impedimento o dei suoi effetti successivi, nonch\u00e9 in tutti i casi di forza maggiore, misure ufficiali, interruzioni operative e simili, anche presso i fornitori del venditore. Il venditore non sar\u00e0 obbligato a effettuare una consegna successiva delle quantit\u00e0 che rientrano in questo periodo. Questi eventi daranno al venditore il diritto di recedere dal contratto anche senza essere responsabile per i danni. L&#8217;obbligo di risarcimento dei danni da parte dell&#8217;acquirente rimane inalterato. Le consegne parziali sono ammesse se non espressamente concordato diversamente.<\/p>\n<p>I richiami delle singole prestazioni parziali devono essere effettuati, per quanto possibile, in periodi e quantit\u00e0 uguali e in tempi tali da consentire una produzione e una consegna corrette entro il termine contrattuale, altrimenti il Venditore ha il diritto di recedere dal contratto o di chiedere il risarcimento dei costi aggiuntivi sostenuti. Se non \u00e8 stato stabilito un periodo per la programmazione della consegna, si considera concordato un periodo di 4 mesi. In caso di ritardi nelle consegne parziali, l&#8217;Acquirente non potr\u00e0 far valere alcun diritto sulle quantit\u00e0 parziali rimanenti. Se \u00e8 stato fissato un termine di accettazione, il venditore non \u00e8 tenuto a effettuare consegne oltre la sua scadenza.<\/p>\n<p>(4) Per le macchine o i componenti dell&#8217;impianto, il fornitore deve fornire una garanzia per i difetti visibili e nascosti o per l&#8217;assenza di caratteristiche garantite entro 6 mesi, ma per un massimo di 1000 ore di funzionamento, dal giorno della consegna, esclusivamente in modo tale che, a sua discrezione, riparer\u00e0 la merce gratuitamente o fornir\u00e0 merce priva di difetti. Non si assume alcuna responsabilit\u00e0 per i difetti del materiale che non \u00e8 stato possibile rilevare durante la lavorazione da parte del fornitore. A causa della garanzia, non saranno rimborsati l&#8217;usura ordinaria, le parti soggette a usura, i materiali necessari, le controstallie o i danni indiretti di qualsiasi tipo, i costi di manodopera e di viaggio, i compensi per il lavoro straordinario e domenicale, i costi di trasporto e altri danni secondari. La notifica dei difetti deve essere effettuata per iscritto al pi\u00f9 tardi entro 10 giorni dalla consegna della merce e, in caso di difetti nascosti, al pi\u00f9 tardi entro tre giorni (dalla scoperta del difetto). Se queste scadenze non vengono rispettate, non \u00e8 pi\u00f9 possibile richiedere la garanzia. In deroga a quanto sopra, il periodo di garanzia del produttore di tali parti si applica alle parti di provenienza esterna che sono integrate nell&#8217;oggetto d&#8217;acquisto.<\/p>\n<\/div><\/section><\/div>\n<style type=\"text\/css\" data-created_by=\"avia_inline_auto\" id=\"style-css-av-esqre-1dede6c1c2537bc03ea2d7033ef9db66\">\n.flex_column.av-esqre-1dede6c1c2537bc03ea2d7033ef9db66{\nborder-radius:0px 0px 0px 0px;\n}\n<\/style>\n<div  class='flex_column av-esqre-1dede6c1c2537bc03ea2d7033ef9db66 av_one_half  avia-builder-el-5  el_after_av_one_half  avia-builder-el-last  av-break-at-tablet flex_column_div  column-top-margin'     ><section  class='av_textblock_section av-2l9gkq-740e720e46315e3f519e51c2e819e5a3 '   itemscope=\"itemscope\" itemtype=\"https:\/\/schema.org\/CreativeWork\" ><div class='avia_textblock impressum'  itemprop=\"text\" ><p>Per i nastri adesivi e prodotti simili, i difetti della merce devono essere denunciati per iscritto immediatamente dopo la loro scoperta, ma non oltre 10 giorni dal ricevimento della spedizione, fatto salvo qualsiasi obbligo di notifica precedente previsto dalla legge. In caso di reclamo riconosciuto, la merce verr\u00e0 ritirata e, a nostra discrezione, sostituita o rimborsata fino all&#8217;importo del valore della fattura; se una consegna sostitutiva \u00e8 difettosa, il cliente pu\u00f2 chiedere una riduzione. Sono escluse ulteriori rivendicazioni del cliente, in particolare per la cancellazione, la riduzione o il risarcimento. A causa di consegne parziali difettose, l&#8217;acquirente non pu\u00f2 far valere alcun diritto sulle quantit\u00e0 parziali rimanenti. Le raccomandazioni o i suggerimenti del nostro staff tecnico sono forniti sulla base dell&#8217;esperienza acquisita nella pratica. Tuttavia, non sono vincolanti e non esonerano l&#8217;acquirente dalle proprie ispezioni e prove. Il venditore non si assume alcuna responsabilit\u00e0 per l&#8217;idoneit\u00e0 della merce consegnata agli scopi previsti dall&#8217;acquirente. Tale responsabilit\u00e0 non pu\u00f2 nemmeno derivare da un opuscolo informativo o dalle istruzioni per l&#8217;uso da noi fornite. \u00c8 esclusa la responsabilit\u00e0 per danni di natura diretta o indiretta in relazione alla lavorazione o all&#8217;utilizzo della merce.<\/p>\n<p>Il Fornitore non sar\u00e0 obbligato a correggere il difetto o a effettuare una consegna successiva finch\u00e9 l&#8217;Acquirente non adempie ai suoi obblighi contrattuali. L&#8217;obbligo di garanzia decade se la merce consegnata viene modificata, manipolata, utilizzata o lavorata in modo improprio o se vengono violate le relative istruzioni del produttore. Se si tenta di eliminare i difetti senza il consenso del fornitore, anche la garanzia decade. Sono escluse altre rivendicazioni dell&#8217;acquirente dovute a difetti o all&#8217;assenza di caratteristiche garantite. Siamo autorizzati a effettuare consegne parziali ragionevoli.<\/p>\n<p>(5) Se, dopo l&#8217;accettazione o l&#8217;esecuzione dell&#8217;ordine, vengono a conoscenza di circostanze dalle quali si pu\u00f2 dedurre una minore solvibilit\u00e0 dell&#8217;acquirente e un rischio per i crediti del venditore, quest&#8217;ultimo ha il diritto, al di l\u00e0 delle disposizioni del \u00a7 321 del Codice civile tedesco (BGB), di richiedere a sua discrezione una garanzia immediata o un pagamento immediato in contanti, derogando liberamente da eventuali condizioni di pagamento altrimenti concordate. \u00c8 sufficiente che i crediti siano risultati solo temporaneamente a rischio. Lo stesso vale se il cliente \u00e8 in ritardo con un obbligo che gli incombe, come il pagamento o l&#8217;accettazione.<\/p>\n<p>6. la merce rimane di propriet\u00e0 del venditore fino al soddisfacimento di tutti i crediti attuali derivanti dal rapporto commerciale. Fino a quel momento, l&#8217;acquirente non \u00e8 autorizzato a dare in pegno la merce o a cederla in garanzia senza il consenso del venditore. In caso di sequestro o confisca o altre disposizioni da parte di terzi, il cliente \u00e8 tenuto a comunicarcelo senza indugio. La rivendicazione della riserva di propriet\u00e0 da parte nostra non sar\u00e0 considerata un recesso da un contratto di fornitura non eseguito. L&#8217;acquirente ha il diritto di trattare la merce consegnata nell&#8217;ambito delle proprie attivit\u00e0 commerciali.<\/p>\n<p>Il Venditore avr\u00e0 diritto alla compropriet\u00e0 dei nuovi articoli creati dalla lavorazione o dalla combinazione con altre merci in proporzione alla merce consegnata e al valore del nuovo articolo. Nella misura in cui la propriet\u00e0 della merce cessa a seguito della lavorazione o della combinazione, l&#8217;Acquirente trasferisce al Venditore la propriet\u00e0 dell&#8217;oggetto risultante dalla lavorazione a garanzia di tutti i crediti ai sensi del paragrafo 1; a tal fine, l&#8217;Acquirente immagazzina gratuitamente e con la dovuta cura l&#8217;oggetto principale separatamente dagli altri beni dell&#8217;Acquirente per conto del Venditore. I crediti derivanti dalla vendita della merce da noi consegnata, indipendentemente dal fatto che sia allo stato lavorato o non lavorato, vengono ceduti dall&#8217;acquirente in toto al venditore a titolo di garanzia. Finch\u00e9 l&#8217;acquirente adempie regolarmente ai suoi obblighi di pagamento, \u00e8 autorizzato a riscuotere tali crediti per conto del venditore.<\/p>\n<p>Tuttavia, il venditore ha il diritto di notificare il trasferimento agli acquirenti (terzi) da nominare su sua richiesta e di impartire istruzioni. L&#8217;Acquirente dovr\u00e0 notificare immediatamente al Venditore qualsiasi sequestro da parte di terzi della merce consegnata con riserva di propriet\u00e0 o dei crediti ceduti. La merce soggetta a riserva di propriet\u00e0 dovr\u00e0 essere trattata con cura e assicurata contro i danni da incendio e acqua; eventuali richieste di risarcimento assicurativo derivanti da danni dovranno essere cedute a noi. Se le garanzie superano i crediti del venditore da assicurare di oltre il 20%, il venditore svincoler\u00e0 le garanzie eccedenti tale importo a sua discrezione su richiesta.<\/p>\n<p>Per le condizioni di pagamento, consultare le conferme d&#8217;ordine inviate. Le cambiali e gli assegni saranno accettati in conto pagamento solo previo accordo esplicito, con le consuete riserve, e saranno in ogni caso considerati come pagamento solo dopo essere stati onorati. Le relative spese di sconto, incasso, ecc. sono a carico del cliente. Il venditore non si assume alcuna responsabilit\u00e0 per la presentazione tempestiva, il protesto e la restituzione della cambiale in caso di disonore. L&#8217;affermazione di un diritto di ritenzione da parte dell&#8217;Acquirente &#8211; anche sulla base di un reclamo &#8211; \u00e8 esclusa. La detrazione dello sconto di cassa dalle nuove fatture \u00e8 inammissibile finch\u00e9 le fatture scadute pi\u00f9 vecchie non sono ancora state pagate. Se l&#8217;Acquirente \u00e8 in ritardo con il pagamento, il Venditore ha il diritto, con riserva di ulteriori diritti, di richiedere interessi senza sollecito a un tasso del 5% superiore al tasso di sconto della Deutsche Bundesbank applicabile in quel momento dalla data di scadenza fino alla data di pagamento.<\/p>\n<p>8. il luogo di esecuzione \u00e8 42277 Wuppertal Per tutte le controversie derivanti dal presente contratto, si concorda la competenza per materia dei tribunali locali. Inoltre, si concorda la giurisdizione locale del Tribunale di Wuppertal-Elberfeld nel caso in cui<br \/>\na) il cliente \u00e8 un commerciante senza appartenere alla categoria dei commercianti di cui al \u00a74 HGB.<br \/>\nb) dopo la stipula del contratto il cliente trasferisce la propria residenza o la propria dimora abituale al di fuori del territorio della Repubblica Federale di Germania o di Berlino Ovest oppure la sua residenza o la sua dimora abituale non sono note al momento dell&#8217;avvio dell&#8217;azione legale. Se non diversamente stabilito, si applicano le disposizioni di legge.<\/p>\n<p>9. I termini e le condizioni AFERA &#8211; ultima edizione &#8211; si applicano ai nastri adesivi e ai prodotti simili nella misura in cui non sono modificati dai termini e dalle condizioni generali di cui sopra.<\/p>\n<p>10. i dati personali saranno conservati da noi nel modo consentito dalla legge sulla protezione dei dati.<\/p>\n<\/div><\/section><\/div>\n","protected":false},"excerpt":{"rendered":"","protected":false},"author":1,"featured_media":0,"parent":0,"menu_order":13,"comment_status":"closed","ping_status":"closed","template":"","meta":{"_acf_changed":false,"footnotes":""},"class_list":["post-30160","page","type-page","status-publish","hentry"],"acf":[],"yoast_head":"<!-- This site is optimized with the Yoast SEO plugin v27.3 - https:\/\/yoast.com\/product\/yoast-seo-wordpress\/ -->\n<title>AGB - cardinal TAPES<\/title>\n<meta name=\"description\" content=\"Con la seguente dichiarazione vi informiamo sul tipo, la portata e le finalit\u00e0 della raccolta, dell&#039;elaborazione e dell&#039;utilizzo dei vostri dati.\" \/>\n<meta name=\"robots\" content=\"index, follow, max-snippet:-1, max-image-preview:large, max-video-preview:-1\" \/>\n<link rel=\"canonical\" href=\"https:\/\/cardinal-tapes.com\/it\/agb\/\" \/>\n<meta property=\"og:locale\" content=\"it_IT\" \/>\n<meta property=\"og:type\" content=\"article\" \/>\n<meta property=\"og:title\" content=\"AGB - cardinal TAPES\" \/>\n<meta property=\"og:description\" content=\"Con la seguente dichiarazione vi informiamo sul tipo, la portata e le finalit\u00e0 della raccolta, dell&#039;elaborazione e dell&#039;utilizzo dei vostri dati.\" \/>\n<meta property=\"og:url\" content=\"https:\/\/cardinal-tapes.com\/it\/agb\/\" \/>\n<meta property=\"og:site_name\" content=\"cardinal TAPES\" \/>\n<meta property=\"article:modified_time\" content=\"2023-06-02T09:12:28+00:00\" \/>\n<meta name=\"twitter:card\" content=\"summary_large_image\" \/>\n<meta name=\"twitter:label1\" content=\"Tempo di lettura stimato\" \/>\n\t<meta name=\"twitter:data1\" content=\"18 minuti\" \/>\n<script type=\"application\/ld+json\" class=\"yoast-schema-graph\">{\"@context\":\"https:\\\/\\\/schema.org\",\"@graph\":[{\"@type\":\"WebPage\",\"@id\":\"https:\\\/\\\/cardinal-tapes.com\\\/it\\\/agb\\\/\",\"url\":\"https:\\\/\\\/cardinal-tapes.com\\\/it\\\/agb\\\/\",\"name\":\"AGB - cardinal TAPES\",\"isPartOf\":{\"@id\":\"https:\\\/\\\/cardinal-tapes.com\\\/#website\"},\"datePublished\":\"2023-06-02T08:48:56+00:00\",\"dateModified\":\"2023-06-02T09:12:28+00:00\",\"description\":\"Con la seguente dichiarazione vi informiamo sul tipo, la portata e le finalit\u00e0 della raccolta, dell'elaborazione e dell'utilizzo dei vostri dati.\",\"breadcrumb\":{\"@id\":\"https:\\\/\\\/cardinal-tapes.com\\\/it\\\/agb\\\/#breadcrumb\"},\"inLanguage\":\"it-IT\",\"potentialAction\":[{\"@type\":\"ReadAction\",\"target\":[\"https:\\\/\\\/cardinal-tapes.com\\\/it\\\/agb\\\/\"]}]},{\"@type\":\"BreadcrumbList\",\"@id\":\"https:\\\/\\\/cardinal-tapes.com\\\/it\\\/agb\\\/#breadcrumb\",\"itemListElement\":[{\"@type\":\"ListItem\",\"position\":1,\"name\":\"Startseite\",\"item\":\"https:\\\/\\\/cardinal-tapes.com\\\/it\\\/casa\\\/\"},{\"@type\":\"ListItem\",\"position\":2,\"name\":\"AGB\"}]},{\"@type\":\"WebSite\",\"@id\":\"https:\\\/\\\/cardinal-tapes.com\\\/#website\",\"url\":\"https:\\\/\\\/cardinal-tapes.com\\\/\",\"name\":\"cardinal TAPES\",\"description\":\"Klebetechnik aus Wuppertal\",\"potentialAction\":[{\"@type\":\"SearchAction\",\"target\":{\"@type\":\"EntryPoint\",\"urlTemplate\":\"https:\\\/\\\/cardinal-tapes.com\\\/?s={search_term_string}\"},\"query-input\":{\"@type\":\"PropertyValueSpecification\",\"valueRequired\":true,\"valueName\":\"search_term_string\"}}],\"inLanguage\":\"it-IT\"}]}<\/script>\n<!-- \/ Yoast SEO plugin. -->","yoast_head_json":{"title":"AGB - cardinal TAPES","description":"Con la seguente dichiarazione vi informiamo sul tipo, la portata e le finalit\u00e0 della raccolta, dell'elaborazione e dell'utilizzo dei vostri dati.","robots":{"index":"index","follow":"follow","max-snippet":"max-snippet:-1","max-image-preview":"max-image-preview:large","max-video-preview":"max-video-preview:-1"},"canonical":"https:\/\/cardinal-tapes.com\/it\/agb\/","og_locale":"it_IT","og_type":"article","og_title":"AGB - cardinal TAPES","og_description":"Con la seguente dichiarazione vi informiamo sul tipo, la portata e le finalit\u00e0 della raccolta, dell'elaborazione e dell'utilizzo dei vostri dati.","og_url":"https:\/\/cardinal-tapes.com\/it\/agb\/","og_site_name":"cardinal TAPES","article_modified_time":"2023-06-02T09:12:28+00:00","twitter_card":"summary_large_image","twitter_misc":{"Tempo di lettura stimato":"18 minuti"},"schema":{"@context":"https:\/\/schema.org","@graph":[{"@type":"WebPage","@id":"https:\/\/cardinal-tapes.com\/it\/agb\/","url":"https:\/\/cardinal-tapes.com\/it\/agb\/","name":"AGB - cardinal TAPES","isPartOf":{"@id":"https:\/\/cardinal-tapes.com\/#website"},"datePublished":"2023-06-02T08:48:56+00:00","dateModified":"2023-06-02T09:12:28+00:00","description":"Con la seguente dichiarazione vi informiamo sul tipo, la portata e le finalit\u00e0 della raccolta, dell'elaborazione e dell'utilizzo dei vostri dati.","breadcrumb":{"@id":"https:\/\/cardinal-tapes.com\/it\/agb\/#breadcrumb"},"inLanguage":"it-IT","potentialAction":[{"@type":"ReadAction","target":["https:\/\/cardinal-tapes.com\/it\/agb\/"]}]},{"@type":"BreadcrumbList","@id":"https:\/\/cardinal-tapes.com\/it\/agb\/#breadcrumb","itemListElement":[{"@type":"ListItem","position":1,"name":"Startseite","item":"https:\/\/cardinal-tapes.com\/it\/casa\/"},{"@type":"ListItem","position":2,"name":"AGB"}]},{"@type":"WebSite","@id":"https:\/\/cardinal-tapes.com\/#website","url":"https:\/\/cardinal-tapes.com\/","name":"cardinal TAPES","description":"Klebetechnik aus Wuppertal","potentialAction":[{"@type":"SearchAction","target":{"@type":"EntryPoint","urlTemplate":"https:\/\/cardinal-tapes.com\/?s={search_term_string}"},"query-input":{"@type":"PropertyValueSpecification","valueRequired":true,"valueName":"search_term_string"}}],"inLanguage":"it-IT"}]}},"_links":{"self":[{"href":"https:\/\/cardinal-tapes.com\/it\/wp-json\/wp\/v2\/pages\/30160","targetHints":{"allow":["GET"]}}],"collection":[{"href":"https:\/\/cardinal-tapes.com\/it\/wp-json\/wp\/v2\/pages"}],"about":[{"href":"https:\/\/cardinal-tapes.com\/it\/wp-json\/wp\/v2\/types\/page"}],"author":[{"embeddable":true,"href":"https:\/\/cardinal-tapes.com\/it\/wp-json\/wp\/v2\/users\/1"}],"replies":[{"embeddable":true,"href":"https:\/\/cardinal-tapes.com\/it\/wp-json\/wp\/v2\/comments?post=30160"}],"version-history":[{"count":0,"href":"https:\/\/cardinal-tapes.com\/it\/wp-json\/wp\/v2\/pages\/30160\/revisions"}],"wp:attachment":[{"href":"https:\/\/cardinal-tapes.com\/it\/wp-json\/wp\/v2\/media?parent=30160"}],"curies":[{"name":"wp","href":"https:\/\/api.w.org\/{rel}","templated":true}]}}