{"id":30122,"date":"2017-12-19T09:33:58","date_gmt":"2017-12-19T08:33:58","guid":{"rendered":"https:\/\/cardinal.pixel-tal.de\/impronta\/"},"modified":"2025-08-13T15:18:43","modified_gmt":"2025-08-13T13:18:43","slug":"impronta","status":"publish","type":"page","link":"https:\/\/cardinal-tapes.com\/it\/impronta\/","title":{"rendered":"Impronta"},"content":{"rendered":"<div id='av_section_1'  class='avia-section av-1krdog-49185bb977df4fc25a7e82fed419bdbe main_color avia-section-default avia-no-shadow  avia-builder-el-0  avia-builder-el-no-sibling  avia-bg-style-scroll container_wrap fullsize'  ><div class='container av-section-cont-open' ><main  role=\"main\" itemprop=\"mainContentOfPage\"  class='template-page content  av-content-full alpha units'><div class='post-entry post-entry-type-page post-entry-30122'><div class='entry-content-wrapper clearfix'>\n\n<style type=\"text\/css\" data-created_by=\"avia_inline_auto\" id=\"style-css-av-1dvmp4-0561f57d00d10b9ffd87380dfc21d0c5\">\n.flex_column.av-1dvmp4-0561f57d00d10b9ffd87380dfc21d0c5{\nborder-radius:0px 0px 0px 0px;\npadding:0px 0px 0px 0px;\n}\n<\/style>\n<div  class='flex_column av-1dvmp4-0561f57d00d10b9ffd87380dfc21d0c5 av_one_full  avia-builder-el-1  el_before_av_one_third  avia-builder-el-first  first av-break-at-tablet flex_column_div av-zero-column-padding  '     ><div class=\"pxl-headline pxl-hl hl-wrap | hl-sub--bot hl--align-left hl--no-margin    \">\n        <div class=\"hl-inner\">\n            <h1 class=\"hl-main hl-line |  hl_main--default  \">Impronta<\/h1>\n            <span class=\"hl-sub hl-line |  hl_sub--default  \">Informazioni sul sito web di Cardinal Tapes<\/span>\n    <\/div>\n<\/div><\/div>\n<style type=\"text\/css\" data-created_by=\"avia_inline_auto\" id=\"style-css-av-3q674-ea5afa570d099762894ab5605e7a9ef5\">\n.flex_column.av-3q674-ea5afa570d099762894ab5605e7a9ef5{\nborder-radius:0px 0px 0px 0px;\n}\n<\/style>\n<div  class='flex_column av-3q674-ea5afa570d099762894ab5605e7a9ef5 av_one_third  avia-builder-el-3  el_after_av_one_full  el_before_av_two_third  first av-break-at-tablet flex_column_div  column-top-margin'     ><section  class='av_textblock_section av-urw7k-931bbf8842989da9b30f36315b55e346 '   itemscope=\"itemscope\" itemtype=\"https:\/\/schema.org\/CreativeWork\" ><div class='avia_textblock konfektionierung_content impressum'  itemprop=\"text\" ><p><strong>cardinal GmbH <\/strong><br \/>\nBeule 74<br \/>\n42277 Wuppertal<\/p>\n<h4>Amministratore delegato:<\/h4>\n<p>Tim Cardinal<\/p>\n<h4>Contatto<\/h4>\n<p>T <a class=\"telelink\" href=\"tel:+490202266850\" target=\"_blank\" rel=\"nofollow\"> +49 202 266 850<\/a><br \/>\nF +49.202.26685-33<br \/>\n<a href=\"mailto:info@cardinal-tapes.de\" target=\"_blank\" rel=\"nofollow\">info@cardinal-tapes.de<\/a><\/p>\n<h4>Iscrizione al registro<\/h4>\n<p>Iscrizione nel registro delle imprese.<br \/>\nTribunale del registro: Tribunale di Wuppertal<br \/>\nNumero di registrazione: 23931<\/p>\n<h4>ID IVA<\/h4>\n<p>Numero di identificazione dell&#8217;imposta:<br \/>\nDE280685953<\/p>\n<h4>Realizzazione<\/h4>\n<p><a href=\"https:\/\/www.pixelproduction.de\/online-medien\/strategie-technologie\/\" target=\"_blank\" rel=\"nofollow\">Ideazione<\/a>, <a href=\"https:\/\/www.pixelproduction.de\/wuppertal\/webdesign\/\" target=\"_blank\" rel=\"nofollow\">web design<\/a> e <a href=\"https:\/\/www.pixelproduction.de\/online-medien\/internetpraesenz\/\" target=\"_blank\" rel=\"nofollow\">realizzazione tecnica<\/a> da parte di PixelProduction &#8211; Agenzia per la comunicazione concettuale di Wuppertal. <a href=\"https:\/\/www.pixelproduction.de\/\" target=\"_blank\" rel=\"nofollow\">www.pixelproduction.de<\/a><\/p>\n<p>Foto del prodotto e altre immagini di Daniel Schmitt &#8211; <a href=\"http:\/\/www.spitzlicht.de\" target=\"_blank\" rel=\"nofollow\">SPITZLICHT FOTOGRAFIE<\/a><\/p>\n<\/div><\/section><\/div>\n<style type=\"text\/css\" data-created_by=\"avia_inline_auto\" id=\"style-css-av-gduio-8a1936a0fa56529cdb28c1e45c381b16\">\n.flex_column.av-gduio-8a1936a0fa56529cdb28c1e45c381b16{\nborder-radius:0px 0px 0px 0px;\n}\n<\/style>\n<div  class='flex_column av-gduio-8a1936a0fa56529cdb28c1e45c381b16 av_two_third  avia-builder-el-5  el_after_av_one_third  avia-builder-el-last  av-break-at-tablet flex_column_div  column-top-margin'     ><section  class='av_textblock_section av-a0vgo-7458cfdecb953e125a8df32d38999373 '   itemscope=\"itemscope\" itemtype=\"https:\/\/schema.org\/CreativeWork\" ><div class='avia_textblock impressum'  itemprop=\"text\" ><h3>Risoluzione delle controversie<\/h3>\n<p>Non siamo disposti o obbligati a partecipare a procedure di risoluzione delle controversie davanti a un collegio arbitrale dei consumatori.<\/p>\n<h3>Responsabilit\u00e0 per i contenuti<\/h3>\n<p>I contenuti delle nostre pagine sono stati creati con la massima cura. Tuttavia, non ci assumiamo alcuna responsabilit\u00e0 per la correttezza, la completezza e l&#8217;attualit\u00e0 dei contenuti. In qualit\u00e0 di fornitore di servizi, siamo, in conformit\u00e0 con il \u00a7 7 Para. 1 DDG \u00e8 responsabile dei propri contenuti su queste pagine in conformit\u00e0 alle leggi generali. Tuttavia, ai sensi dei \u00a7\u00a7 8-10 DDG, non siamo obbligati, in qualit\u00e0 di fornitori di servizi, a monitorare le informazioni trasmesse o memorizzate da terzi o a indagare su circostanze che indicano un&#8217;attivit\u00e0 illegale. L&#8217;obbligo di rimuovere o bloccare l&#8217;uso delle informazioni in conformit\u00e0 alle leggi generali rimane inalterato. Tuttavia, la responsabilit\u00e0 in questo senso \u00e8 possibile solo a partire dal momento in cui si viene a conoscenza di una violazione concreta. Se veniamo a conoscenza di tali violazioni, rimuoveremo immediatamente i contenuti.<\/p>\n<h3>Responsabilit\u00e0 per i link<\/h3>\n<p>La nostra offerta contiene link a siti web esterni di terzi, sui cui contenuti non abbiamo alcuna influenza. Pertanto, non possiamo assumerci alcuna responsabilit\u00e0 per questi contenuti esterni. Il rispettivo fornitore o gestore delle pagine \u00e8 sempre responsabile del contenuto delle pagine collegate. Le pagine collegate sono state controllate per verificare eventuali violazioni legali al momento del collegamento. I contenuti illegali non erano riconoscibili al momento del collegamento. Tuttavia, un controllo permanente dei contenuti delle pagine collegate non \u00e8 ragionevole senza indicazioni concrete di una violazione della legge. Se veniamo a conoscenza di violazioni della legge, rimuoveremo immediatamente tali link.<\/p>\n<h3>Copyright<\/h3>\n<p>I contenuti e le opere create dagli operatori del sito su queste pagine sono soggetti alla legge tedesca sul diritto d&#8217;autore. La riproduzione, la modifica, la distribuzione e qualsiasi tipo di utilizzo al di fuori dei limiti della legge sul copyright richiedono il consenso scritto del rispettivo autore o creatore. Sono consentiti download e copie di questa pagina solo per uso privato e non commerciale. Nella misura in cui i contenuti di questa pagina non sono stati creati dal gestore, si rispettano i diritti d&#8217;autore di terzi. In particolare, i contenuti di terzi sono identificati come tali. Se tuttavia doveste venire a conoscenza di una violazione del copyright, vi preghiamo di informarci di conseguenza. Se veniamo a conoscenza di eventuali violazioni, rimuoveremo immediatamente tali contenuti.<\/p>\n<\/div><\/section><\/div>\n","protected":false},"excerpt":{"rendered":"","protected":false},"author":1,"featured_media":0,"parent":0,"menu_order":10,"comment_status":"closed","ping_status":"closed","template":"","meta":{"_acf_changed":false,"footnotes":""},"class_list":["post-30122","page","type-page","status-publish","hentry"],"acf":[],"yoast_head":"<!-- This site is optimized with the Yoast SEO plugin v27.4 - https:\/\/yoast.com\/product\/yoast-seo-wordpress\/ -->\n<title>Impronta - cardinal TAPES<\/title>\n<meta name=\"description\" content=\"Qui troverete tutte le informazioni legali e di altro tipo sulla nostra azienda.\" \/>\n<meta name=\"robots\" content=\"index, follow, max-snippet:-1, max-image-preview:large, max-video-preview:-1\" \/>\n<link rel=\"canonical\" href=\"https:\/\/cardinal-tapes.com\/it\/impronta\/\" \/>\n<meta property=\"og:locale\" content=\"it_IT\" \/>\n<meta property=\"og:type\" content=\"article\" \/>\n<meta property=\"og:title\" content=\"Impronta - cardinal TAPES\" \/>\n<meta property=\"og:description\" content=\"Qui troverete tutte le informazioni legali e di altro tipo sulla nostra azienda.\" \/>\n<meta property=\"og:url\" content=\"https:\/\/cardinal-tapes.com\/it\/impronta\/\" \/>\n<meta property=\"og:site_name\" content=\"cardinal TAPES\" \/>\n<meta property=\"article:modified_time\" content=\"2025-08-13T13:18:43+00:00\" \/>\n<meta name=\"twitter:card\" content=\"summary_large_image\" \/>\n<meta name=\"twitter:label1\" content=\"Tempo di lettura stimato\" \/>\n\t<meta name=\"twitter:data1\" content=\"3 minuti\" \/>\n<script type=\"application\/ld+json\" class=\"yoast-schema-graph\">{\"@context\":\"https:\\\/\\\/schema.org\",\"@graph\":[{\"@type\":\"WebPage\",\"@id\":\"https:\\\/\\\/cardinal-tapes.com\\\/it\\\/impronta\\\/\",\"url\":\"https:\\\/\\\/cardinal-tapes.com\\\/it\\\/impronta\\\/\",\"name\":\"Impronta - cardinal TAPES\",\"isPartOf\":{\"@id\":\"https:\\\/\\\/cardinal-tapes.com\\\/#website\"},\"datePublished\":\"2017-12-19T08:33:58+00:00\",\"dateModified\":\"2025-08-13T13:18:43+00:00\",\"description\":\"Qui troverete tutte le informazioni legali e di altro tipo sulla nostra azienda.\",\"breadcrumb\":{\"@id\":\"https:\\\/\\\/cardinal-tapes.com\\\/it\\\/impronta\\\/#breadcrumb\"},\"inLanguage\":\"it-IT\",\"potentialAction\":[{\"@type\":\"ReadAction\",\"target\":[\"https:\\\/\\\/cardinal-tapes.com\\\/it\\\/impronta\\\/\"]}]},{\"@type\":\"BreadcrumbList\",\"@id\":\"https:\\\/\\\/cardinal-tapes.com\\\/it\\\/impronta\\\/#breadcrumb\",\"itemListElement\":[{\"@type\":\"ListItem\",\"position\":1,\"name\":\"Startseite\",\"item\":\"https:\\\/\\\/cardinal-tapes.com\\\/it\\\/casa\\\/\"},{\"@type\":\"ListItem\",\"position\":2,\"name\":\"Impronta\"}]},{\"@type\":\"WebSite\",\"@id\":\"https:\\\/\\\/cardinal-tapes.com\\\/#website\",\"url\":\"https:\\\/\\\/cardinal-tapes.com\\\/\",\"name\":\"cardinal TAPES\",\"description\":\"Klebetechnik aus Wuppertal\",\"potentialAction\":[{\"@type\":\"SearchAction\",\"target\":{\"@type\":\"EntryPoint\",\"urlTemplate\":\"https:\\\/\\\/cardinal-tapes.com\\\/?s={search_term_string}\"},\"query-input\":{\"@type\":\"PropertyValueSpecification\",\"valueRequired\":true,\"valueName\":\"search_term_string\"}}],\"inLanguage\":\"it-IT\"}]}<\/script>\n<!-- \/ Yoast SEO plugin. -->","yoast_head_json":{"title":"Impronta - cardinal TAPES","description":"Qui troverete tutte le informazioni legali e di altro tipo sulla nostra azienda.","robots":{"index":"index","follow":"follow","max-snippet":"max-snippet:-1","max-image-preview":"max-image-preview:large","max-video-preview":"max-video-preview:-1"},"canonical":"https:\/\/cardinal-tapes.com\/it\/impronta\/","og_locale":"it_IT","og_type":"article","og_title":"Impronta - cardinal TAPES","og_description":"Qui troverete tutte le informazioni legali e di altro tipo sulla nostra azienda.","og_url":"https:\/\/cardinal-tapes.com\/it\/impronta\/","og_site_name":"cardinal TAPES","article_modified_time":"2025-08-13T13:18:43+00:00","twitter_card":"summary_large_image","twitter_misc":{"Tempo di lettura stimato":"3 minuti"},"schema":{"@context":"https:\/\/schema.org","@graph":[{"@type":"WebPage","@id":"https:\/\/cardinal-tapes.com\/it\/impronta\/","url":"https:\/\/cardinal-tapes.com\/it\/impronta\/","name":"Impronta - cardinal TAPES","isPartOf":{"@id":"https:\/\/cardinal-tapes.com\/#website"},"datePublished":"2017-12-19T08:33:58+00:00","dateModified":"2025-08-13T13:18:43+00:00","description":"Qui troverete tutte le informazioni legali e di altro tipo sulla nostra azienda.","breadcrumb":{"@id":"https:\/\/cardinal-tapes.com\/it\/impronta\/#breadcrumb"},"inLanguage":"it-IT","potentialAction":[{"@type":"ReadAction","target":["https:\/\/cardinal-tapes.com\/it\/impronta\/"]}]},{"@type":"BreadcrumbList","@id":"https:\/\/cardinal-tapes.com\/it\/impronta\/#breadcrumb","itemListElement":[{"@type":"ListItem","position":1,"name":"Startseite","item":"https:\/\/cardinal-tapes.com\/it\/casa\/"},{"@type":"ListItem","position":2,"name":"Impronta"}]},{"@type":"WebSite","@id":"https:\/\/cardinal-tapes.com\/#website","url":"https:\/\/cardinal-tapes.com\/","name":"cardinal TAPES","description":"Klebetechnik aus Wuppertal","potentialAction":[{"@type":"SearchAction","target":{"@type":"EntryPoint","urlTemplate":"https:\/\/cardinal-tapes.com\/?s={search_term_string}"},"query-input":{"@type":"PropertyValueSpecification","valueRequired":true,"valueName":"search_term_string"}}],"inLanguage":"it-IT"}]}},"_links":{"self":[{"href":"https:\/\/cardinal-tapes.com\/it\/wp-json\/wp\/v2\/pages\/30122","targetHints":{"allow":["GET"]}}],"collection":[{"href":"https:\/\/cardinal-tapes.com\/it\/wp-json\/wp\/v2\/pages"}],"about":[{"href":"https:\/\/cardinal-tapes.com\/it\/wp-json\/wp\/v2\/types\/page"}],"author":[{"embeddable":true,"href":"https:\/\/cardinal-tapes.com\/it\/wp-json\/wp\/v2\/users\/1"}],"replies":[{"embeddable":true,"href":"https:\/\/cardinal-tapes.com\/it\/wp-json\/wp\/v2\/comments?post=30122"}],"version-history":[{"count":2,"href":"https:\/\/cardinal-tapes.com\/it\/wp-json\/wp\/v2\/pages\/30122\/revisions"}],"predecessor-version":[{"id":79670,"href":"https:\/\/cardinal-tapes.com\/it\/wp-json\/wp\/v2\/pages\/30122\/revisions\/79670"}],"wp:attachment":[{"href":"https:\/\/cardinal-tapes.com\/it\/wp-json\/wp\/v2\/media?parent=30122"}],"curies":[{"name":"wp","href":"https:\/\/api.w.org\/{rel}","templated":true}]}}