{"id":75148,"date":"2023-08-04T10:18:19","date_gmt":"2023-08-04T08:18:19","guid":{"rendered":"https:\/\/cardinal-tapes.com\/?post_type=product&#038;p=75148"},"modified":"2026-02-23T10:03:05","modified_gmt":"2026-02-23T09:03:05","slug":"ca-418-ruban-adhesif-en-pet-fr","status":"publish","type":"product","link":"https:\/\/cardinal-tapes.com\/fr\/rubans-adh\u00e9sifs\/domaines-dapplication\/production-daluminium-traitement\/ca-418-ruban-adhesif-en-pet-fr\/","title":{"rendered":"CA-420 Ruban adh\u00e9sif en PET"},"content":{"rendered":"<p>Le CA-420 est un ruban adh\u00e9sif double face polyvalent. Le produit se compose d&#8217;un support en film polyester enduit sur les deux faces d&#8217;un adh\u00e9sif acrylique modifi\u00e9.<br \/>\nCelui-ci se caract\u00e9rise par une tr\u00e8s bonne r\u00e9sistance aux rayons UV, aux contraintes thermiques, aux produits chimiques et aux solvants ainsi qu&#8217;\u00e0 l&#8217;humidit\u00e9.<\/p>\n<p>L&#8217;adh\u00e9sif pr\u00e9sente un excellent pouvoir adh\u00e9sif permanent, en particulier sur les surfaces en m\u00e9tal, en peinture et en plastique \u00e0 haute \u00e9nergie, mais aussi sur les surfaces \u00e0 faible \u00e9nergie. En raison de sa masse \u00e9lev\u00e9e, l&#8217;adh\u00e9sif CA-420 convient \u00e9galement pour le collage de surfaces rugueuses ou textur\u00e9es.<\/p>\n","protected":false},"excerpt":{"rendered":"<p>Le CA-420 est un ruban adh\u00e9sif double face polyvalent. Le produit se compose d&#8217;un support en film polyester enduit sur les deux faces d&#8217;un adh\u00e9sif acrylique modifi\u00e9. Celui-ci se caract\u00e9rise par une tr\u00e8s bonne r\u00e9sistance aux rayons UV, aux contraintes thermiques, aux produits chimiques et aux solvants ainsi qu&#8217;\u00e0 l&#8217;humidit\u00e9. L&#8217;adh\u00e9sif pr\u00e9sente un excellent pouvoir [&hellip;]<\/p>\n","protected":false},"featured_media":81355,"template":"","meta":{"_acf_changed":false},"pwb-brand":[2171],"product_brand":[],"product_cat":[1736,1738,1741,1742,1770,1834,1665,1673,1734],"product_tag":[],"class_list":{"0":"post-75148","1":"product","2":"type-product","3":"status-publish","4":"has-post-thumbnail","6":"pwb-brand-cardinal-gmbh-fr","7":"product_cat-technique-de-chauffage-et-de-climatisation","8":"product_cat-industrie-des-matieres-plastiques","9":"product_cat-construction-de-machines","10":"product_cat-finition-des-metaux","11":"product_cat-industrie-textile","12":"product_cat-rubans-adhesifs-double-face","13":"product_cat-production-daluminium-traitement","14":"product_cat-industrie-electrique","15":"product_cat-fabrication-de-films","17":"first","18":"instock","19":"taxable","20":"shipping-taxable","21":"purchasable","22":"product-type-variable"},"acf":[],"yoast_head":"<!-- This site is optimized with the Yoast SEO plugin v27.3 - https:\/\/yoast.com\/product\/yoast-seo-wordpress\/ -->\n<title>CA-420 ruban adh\u00e9sif PET haute performance | Cardinal TAPES<\/title>\n<meta name=\"description\" content=\"CA-420 est un ruban adh\u00e9sif double face polyvalent enduit d&#039;un adh\u00e9sif acrylique modifi\u00e9.\" \/>\n<meta name=\"robots\" content=\"index, follow, max-snippet:-1, max-image-preview:large, max-video-preview:-1\" \/>\n<link rel=\"canonical\" href=\"https:\/\/cardinal-tapes.com\/fr\/rubans-adh\u00e9sifs\/domaines-dapplication\/production-daluminium-traitement\/ca-418-ruban-adhesif-en-pet-fr\/\" \/>\n<meta property=\"og:locale\" content=\"fr_FR\" \/>\n<meta property=\"og:type\" content=\"article\" \/>\n<meta property=\"og:title\" content=\"CA-420 ruban adh\u00e9sif PET haute performance | Cardinal TAPES\" \/>\n<meta property=\"og:description\" content=\"CA-420 est un ruban adh\u00e9sif double face polyvalent enduit d&#039;un adh\u00e9sif acrylique modifi\u00e9.\" \/>\n<meta property=\"og:url\" content=\"https:\/\/cardinal-tapes.com\/fr\/rubans-adh\u00e9sifs\/domaines-dapplication\/production-daluminium-traitement\/ca-418-ruban-adhesif-en-pet-fr\/\" \/>\n<meta property=\"og:site_name\" content=\"cardinal TAPES\" \/>\n<meta property=\"article:modified_time\" content=\"2026-02-23T09:03:05+00:00\" \/>\n<meta property=\"og:image\" content=\"https:\/\/cardinal-tapes.com\/wp-content\/uploads\/ca_420_19x50mm.jpg\" \/>\n\t<meta property=\"og:image:width\" content=\"380\" \/>\n\t<meta property=\"og:image:height\" content=\"380\" \/>\n\t<meta property=\"og:image:type\" content=\"image\/jpeg\" \/>\n<meta name=\"twitter:card\" content=\"summary_large_image\" \/>\n<meta name=\"twitter:label1\" content=\"Dur\u00e9e de lecture estim\u00e9e\" \/>\n\t<meta name=\"twitter:data1\" content=\"1 minute\" \/>\n<script type=\"application\/ld+json\" class=\"yoast-schema-graph\">{\"@context\":\"https:\\\/\\\/schema.org\",\"@graph\":[{\"@type\":\"WebPage\",\"@id\":\"https:\\\/\\\/cardinal-tapes.com\\\/fr\\\/rubans-adh\u00e9sifs\\\/domaines-dapplication\\\/production-daluminium-traitement\\\/ca-418-ruban-adhesif-en-pet-fr\\\/\",\"url\":\"https:\\\/\\\/cardinal-tapes.com\\\/fr\\\/rubans-adh\u00e9sifs\\\/domaines-dapplication\\\/production-daluminium-traitement\\\/ca-418-ruban-adhesif-en-pet-fr\\\/\",\"name\":\"CA-420 ruban adh\u00e9sif PET haute performance | Cardinal TAPES\",\"isPartOf\":{\"@id\":\"https:\\\/\\\/cardinal-tapes.com\\\/#website\"},\"primaryImageOfPage\":{\"@id\":\"https:\\\/\\\/cardinal-tapes.com\\\/fr\\\/rubans-adh\u00e9sifs\\\/domaines-dapplication\\\/production-daluminium-traitement\\\/ca-418-ruban-adhesif-en-pet-fr\\\/#primaryimage\"},\"image\":{\"@id\":\"https:\\\/\\\/cardinal-tapes.com\\\/fr\\\/rubans-adh\u00e9sifs\\\/domaines-dapplication\\\/production-daluminium-traitement\\\/ca-418-ruban-adhesif-en-pet-fr\\\/#primaryimage\"},\"thumbnailUrl\":\"https:\\\/\\\/cardinal-tapes.com\\\/wp-content\\\/uploads\\\/ca_420_19x50mm.jpg\",\"datePublished\":\"2023-08-04T08:18:19+00:00\",\"dateModified\":\"2026-02-23T09:03:05+00:00\",\"description\":\"CA-420 est un ruban adh\u00e9sif double face polyvalent enduit d'un adh\u00e9sif acrylique modifi\u00e9.\",\"breadcrumb\":{\"@id\":\"https:\\\/\\\/cardinal-tapes.com\\\/fr\\\/rubans-adh\u00e9sifs\\\/domaines-dapplication\\\/production-daluminium-traitement\\\/ca-418-ruban-adhesif-en-pet-fr\\\/#breadcrumb\"},\"inLanguage\":\"fr-FR\",\"potentialAction\":[{\"@type\":\"ReadAction\",\"target\":[\"https:\\\/\\\/cardinal-tapes.com\\\/fr\\\/rubans-adh\u00e9sifs\\\/domaines-dapplication\\\/production-daluminium-traitement\\\/ca-418-ruban-adhesif-en-pet-fr\\\/\"]}]},{\"@type\":\"ImageObject\",\"inLanguage\":\"fr-FR\",\"@id\":\"https:\\\/\\\/cardinal-tapes.com\\\/fr\\\/rubans-adh\u00e9sifs\\\/domaines-dapplication\\\/production-daluminium-traitement\\\/ca-418-ruban-adhesif-en-pet-fr\\\/#primaryimage\",\"url\":\"https:\\\/\\\/cardinal-tapes.com\\\/wp-content\\\/uploads\\\/ca_420_19x50mm.jpg\",\"contentUrl\":\"https:\\\/\\\/cardinal-tapes.com\\\/wp-content\\\/uploads\\\/ca_420_19x50mm.jpg\",\"width\":380,\"height\":380},{\"@type\":\"BreadcrumbList\",\"@id\":\"https:\\\/\\\/cardinal-tapes.com\\\/fr\\\/rubans-adh\u00e9sifs\\\/domaines-dapplication\\\/production-daluminium-traitement\\\/ca-418-ruban-adhesif-en-pet-fr\\\/#breadcrumb\",\"itemListElement\":[{\"@type\":\"ListItem\",\"position\":1,\"name\":\"Startseite\",\"item\":\"https:\\\/\\\/cardinal-tapes.com\\\/fr\\\/accueil\\\/\"},{\"@type\":\"ListItem\",\"position\":2,\"name\":\"Rubans adh\u00e9sifs\",\"item\":\"https:\\\/\\\/cardinal-tapes.com\\\/fr\\\/rubans-adhesifs-fr\\\/\"},{\"@type\":\"ListItem\",\"position\":3,\"name\":\"Doppelseitige Klebeb\u00e4nder\",\"item\":\"https:\\\/\\\/cardinal-tapes.com\\\/kategorie\\\/doppelseitige-klebebaender\\\/\"},{\"@type\":\"ListItem\",\"position\":4,\"name\":\"CA-420 Ruban adh\u00e9sif en PET\"}]},{\"@type\":\"WebSite\",\"@id\":\"https:\\\/\\\/cardinal-tapes.com\\\/#website\",\"url\":\"https:\\\/\\\/cardinal-tapes.com\\\/\",\"name\":\"cardinal TAPES\",\"description\":\"Klebetechnik aus Wuppertal\",\"potentialAction\":[{\"@type\":\"SearchAction\",\"target\":{\"@type\":\"EntryPoint\",\"urlTemplate\":\"https:\\\/\\\/cardinal-tapes.com\\\/?s={search_term_string}\"},\"query-input\":{\"@type\":\"PropertyValueSpecification\",\"valueRequired\":true,\"valueName\":\"search_term_string\"}}],\"inLanguage\":\"fr-FR\"}]}<\/script>\n<!-- \/ Yoast SEO plugin. -->","yoast_head_json":{"title":"CA-420 ruban adh\u00e9sif PET haute performance | Cardinal TAPES","description":"CA-420 est un ruban adh\u00e9sif double face polyvalent enduit d'un adh\u00e9sif acrylique modifi\u00e9.","robots":{"index":"index","follow":"follow","max-snippet":"max-snippet:-1","max-image-preview":"max-image-preview:large","max-video-preview":"max-video-preview:-1"},"canonical":"https:\/\/cardinal-tapes.com\/fr\/rubans-adh\u00e9sifs\/domaines-dapplication\/production-daluminium-traitement\/ca-418-ruban-adhesif-en-pet-fr\/","og_locale":"fr_FR","og_type":"article","og_title":"CA-420 ruban adh\u00e9sif PET haute performance | Cardinal TAPES","og_description":"CA-420 est un ruban adh\u00e9sif double face polyvalent enduit d'un adh\u00e9sif acrylique modifi\u00e9.","og_url":"https:\/\/cardinal-tapes.com\/fr\/rubans-adh\u00e9sifs\/domaines-dapplication\/production-daluminium-traitement\/ca-418-ruban-adhesif-en-pet-fr\/","og_site_name":"cardinal TAPES","article_modified_time":"2026-02-23T09:03:05+00:00","og_image":[{"width":380,"height":380,"url":"https:\/\/cardinal-tapes.com\/wp-content\/uploads\/ca_420_19x50mm.jpg","type":"image\/jpeg"}],"twitter_card":"summary_large_image","twitter_misc":{"Dur\u00e9e de lecture estim\u00e9e":"1 minute"},"schema":{"@context":"https:\/\/schema.org","@graph":[{"@type":"WebPage","@id":"https:\/\/cardinal-tapes.com\/fr\/rubans-adh\u00e9sifs\/domaines-dapplication\/production-daluminium-traitement\/ca-418-ruban-adhesif-en-pet-fr\/","url":"https:\/\/cardinal-tapes.com\/fr\/rubans-adh\u00e9sifs\/domaines-dapplication\/production-daluminium-traitement\/ca-418-ruban-adhesif-en-pet-fr\/","name":"CA-420 ruban adh\u00e9sif PET haute performance | Cardinal TAPES","isPartOf":{"@id":"https:\/\/cardinal-tapes.com\/#website"},"primaryImageOfPage":{"@id":"https:\/\/cardinal-tapes.com\/fr\/rubans-adh\u00e9sifs\/domaines-dapplication\/production-daluminium-traitement\/ca-418-ruban-adhesif-en-pet-fr\/#primaryimage"},"image":{"@id":"https:\/\/cardinal-tapes.com\/fr\/rubans-adh\u00e9sifs\/domaines-dapplication\/production-daluminium-traitement\/ca-418-ruban-adhesif-en-pet-fr\/#primaryimage"},"thumbnailUrl":"https:\/\/cardinal-tapes.com\/wp-content\/uploads\/ca_420_19x50mm.jpg","datePublished":"2023-08-04T08:18:19+00:00","dateModified":"2026-02-23T09:03:05+00:00","description":"CA-420 est un ruban adh\u00e9sif double face polyvalent enduit d'un adh\u00e9sif acrylique modifi\u00e9.","breadcrumb":{"@id":"https:\/\/cardinal-tapes.com\/fr\/rubans-adh\u00e9sifs\/domaines-dapplication\/production-daluminium-traitement\/ca-418-ruban-adhesif-en-pet-fr\/#breadcrumb"},"inLanguage":"fr-FR","potentialAction":[{"@type":"ReadAction","target":["https:\/\/cardinal-tapes.com\/fr\/rubans-adh\u00e9sifs\/domaines-dapplication\/production-daluminium-traitement\/ca-418-ruban-adhesif-en-pet-fr\/"]}]},{"@type":"ImageObject","inLanguage":"fr-FR","@id":"https:\/\/cardinal-tapes.com\/fr\/rubans-adh\u00e9sifs\/domaines-dapplication\/production-daluminium-traitement\/ca-418-ruban-adhesif-en-pet-fr\/#primaryimage","url":"https:\/\/cardinal-tapes.com\/wp-content\/uploads\/ca_420_19x50mm.jpg","contentUrl":"https:\/\/cardinal-tapes.com\/wp-content\/uploads\/ca_420_19x50mm.jpg","width":380,"height":380},{"@type":"BreadcrumbList","@id":"https:\/\/cardinal-tapes.com\/fr\/rubans-adh\u00e9sifs\/domaines-dapplication\/production-daluminium-traitement\/ca-418-ruban-adhesif-en-pet-fr\/#breadcrumb","itemListElement":[{"@type":"ListItem","position":1,"name":"Startseite","item":"https:\/\/cardinal-tapes.com\/fr\/accueil\/"},{"@type":"ListItem","position":2,"name":"Rubans adh\u00e9sifs","item":"https:\/\/cardinal-tapes.com\/fr\/rubans-adhesifs-fr\/"},{"@type":"ListItem","position":3,"name":"Doppelseitige Klebeb\u00e4nder","item":"https:\/\/cardinal-tapes.com\/kategorie\/doppelseitige-klebebaender\/"},{"@type":"ListItem","position":4,"name":"CA-420 Ruban adh\u00e9sif en PET"}]},{"@type":"WebSite","@id":"https:\/\/cardinal-tapes.com\/#website","url":"https:\/\/cardinal-tapes.com\/","name":"cardinal TAPES","description":"Klebetechnik aus Wuppertal","potentialAction":[{"@type":"SearchAction","target":{"@type":"EntryPoint","urlTemplate":"https:\/\/cardinal-tapes.com\/?s={search_term_string}"},"query-input":{"@type":"PropertyValueSpecification","valueRequired":true,"valueName":"search_term_string"}}],"inLanguage":"fr-FR"}]}},"brands":[{"id":2171,"name":"cardinal GmbH","slug":"cardinal-gmbh-fr"}],"_links":{"self":[{"href":"https:\/\/cardinal-tapes.com\/fr\/wp-json\/wp\/v2\/product\/75148","targetHints":{"allow":["GET"]}}],"collection":[{"href":"https:\/\/cardinal-tapes.com\/fr\/wp-json\/wp\/v2\/product"}],"about":[{"href":"https:\/\/cardinal-tapes.com\/fr\/wp-json\/wp\/v2\/types\/product"}],"wp:featuredmedia":[{"embeddable":true,"href":"https:\/\/cardinal-tapes.com\/fr\/wp-json\/wp\/v2\/media\/81355"}],"wp:attachment":[{"href":"https:\/\/cardinal-tapes.com\/fr\/wp-json\/wp\/v2\/media?parent=75148"}],"wp:term":[{"taxonomy":"pwb-brand","embeddable":true,"href":"https:\/\/cardinal-tapes.com\/fr\/wp-json\/wp\/v2\/pwb-brand?post=75148"},{"taxonomy":"product_brand","embeddable":true,"href":"https:\/\/cardinal-tapes.com\/fr\/wp-json\/wp\/v2\/product_brand?post=75148"},{"taxonomy":"product_cat","embeddable":true,"href":"https:\/\/cardinal-tapes.com\/fr\/wp-json\/wp\/v2\/product_cat?post=75148"},{"taxonomy":"product_tag","embeddable":true,"href":"https:\/\/cardinal-tapes.com\/fr\/wp-json\/wp\/v2\/product_tag?post=75148"}],"curies":[{"name":"wp","href":"https:\/\/api.w.org\/{rel}","templated":true}]}}