{"id":63832,"date":"2017-12-08T08:34:44","date_gmt":"2023-06-06T08:21:26","guid":{"rendered":"https:\/\/cardinal.pixel-tal.de\/klebebaender\/non%20class\u00e9\/3m-bande-detancheite-haute-performance-4411b\/"},"modified":"2025-07-10T13:17:41","modified_gmt":"2025-07-10T11:17:41","slug":"3m-bande-detancheite-haute-performance-4411b","status":"publish","type":"product","link":"https:\/\/cardinal-tapes.com\/fr\/rubans-adh\u00e9sifs\/rubans-adhesifs-simple-face\/3m-bande-detancheite-haute-performance-4411b\/","title":{"rendered":"3M\u2122 Bande d&#8217;\u00e9tanch\u00e9it\u00e9 haute performance 4411B"},"content":{"rendered":"<p>Le ruban d&#8217;\u00e9tanch\u00e9it\u00e9 haute performance 3M\u2122 4411B, noir, est un ruban adh\u00e9sif acrylique simple face de 1 mm d&#8217;\u00e9paisseur, extr\u00eamement adaptable, avec un support ionom\u00e8re performant. Le ruban adh\u00e9sif a \u00e9t\u00e9 sp\u00e9cialement con\u00e7u pour fournir une \u00e9tanch\u00e9it\u00e9 professionnelle sur un joint, une couture ou une p\u00e9n\u00e9tration existants, expos\u00e9s \u00e0 la lumi\u00e8re directe du soleil, \u00e0 des temp\u00e9ratures extr\u00eames et \u00e0 l&#8217;humidit\u00e9.<\/p>\n<p><strong>Propri\u00e9t\u00e9s<\/strong><br \/>\nLe ruban d&#8217;\u00e9tanch\u00e9it\u00e9 4411B r\u00e9siste tr\u00e8s bien \u00e0 de nombreux solvants industriels courants ainsi qu&#8217;aux temp\u00e9ratures \u00e9lev\u00e9es. Le support durable en ionom\u00e8re r\u00e9siste \u00e9galement aux UV et aux produits chimiques. De plus, l&#8217;adh\u00e9sif adh\u00e8re au contact avec un effet imm\u00e9diat, sans s\u00e9chage, fuite ou nettoyage.<\/p>\n<p><strong>Applications<\/strong><br \/>\n&#8211; Etanch\u00e9it\u00e9 des barres de toit ainsi que des moyens m\u00e9caniques de support de toit sur les v\u00e9hicules utilitaires<br \/>\n&#8211; Etanch\u00e9it\u00e9 \u00e0 l&#8217;int\u00e9rieur et \u00e0 l&#8217;ext\u00e9rieur<br \/>\n&#8211; Etanch\u00e9it\u00e9 via un raccord, un joint ou une p\u00e9n\u00e9tration existants<\/p>\n","protected":false},"excerpt":{"rendered":"<p>Le ruban d&#8217;\u00e9tanch\u00e9it\u00e9 haute performance 3M\u2122 4411B, noir, est un ruban adh\u00e9sif acrylique simple face de 1 mm d&#8217;\u00e9paisseur, extr\u00eamement adaptable, avec un support ionom\u00e8re performant. Le ruban adh\u00e9sif a \u00e9t\u00e9 sp\u00e9cialement con\u00e7u pour fournir une \u00e9tanch\u00e9it\u00e9 professionnelle sur un joint, une couture ou une p\u00e9n\u00e9tration existants, expos\u00e9s \u00e0 la lumi\u00e8re directe du soleil, \u00e0 [&hellip;]<\/p>\n","protected":false},"featured_media":24392,"template":"","meta":{"_acf_changed":false},"pwb-brand":[2167],"product_brand":[],"product_cat":[1836],"product_tag":[],"class_list":{"0":"post-63832","1":"product","2":"type-product","3":"status-publish","4":"has-post-thumbnail","6":"pwb-brand-3m-fr","7":"product_cat-rubans-adhesifs-simple-face","9":"first","10":"instock","11":"taxable","12":"shipping-taxable","13":"purchasable","14":"product-type-variable"},"acf":[],"yoast_head":"<!-- This site is optimized with the Yoast SEO plugin v27.3 - https:\/\/yoast.com\/product\/yoast-seo-wordpress\/ -->\n<title>3M\u2122 4411B Bande d&#039;\u00e9tanch\u00e9it\u00e9 haute performance | Cardinal TAPES<\/title>\n<meta name=\"description\" content=\"La bande d&#039;\u00e9tanch\u00e9it\u00e9 haute performance 3M 4411B est principalement utilis\u00e9e pour le scellement \u00e9tanche des contours, des transitions et autres. En savoir plus.\" \/>\n<meta name=\"robots\" content=\"index, follow, max-snippet:-1, max-image-preview:large, max-video-preview:-1\" \/>\n<link rel=\"canonical\" href=\"https:\/\/cardinal-tapes.com\/fr\/rubans-adh\u00e9sifs\/rubans-adhesifs-simple-face\/3m-bande-detancheite-haute-performance-4411b\/\" \/>\n<meta property=\"og:locale\" content=\"fr_FR\" \/>\n<meta property=\"og:type\" content=\"article\" \/>\n<meta property=\"og:title\" content=\"3M\u2122 4411B Bande d&#039;\u00e9tanch\u00e9it\u00e9 haute performance | Cardinal TAPES\" \/>\n<meta property=\"og:description\" content=\"La bande d&#039;\u00e9tanch\u00e9it\u00e9 haute performance 3M 4411B est principalement utilis\u00e9e pour le scellement \u00e9tanche des contours, des transitions et autres. En savoir plus.\" \/>\n<meta property=\"og:url\" content=\"https:\/\/cardinal-tapes.com\/fr\/rubans-adh\u00e9sifs\/rubans-adhesifs-simple-face\/3m-bande-detancheite-haute-performance-4411b\/\" \/>\n<meta property=\"og:site_name\" content=\"cardinal TAPES\" \/>\n<meta property=\"article:modified_time\" content=\"2025-07-10T11:17:41+00:00\" \/>\n<meta property=\"og:image\" content=\"https:\/\/cardinal-tapes.com\/wp-content\/uploads\/3m_hochleistung_dichtband_4411.jpg\" \/>\n\t<meta property=\"og:image:width\" content=\"600\" \/>\n\t<meta property=\"og:image:height\" content=\"600\" \/>\n\t<meta property=\"og:image:type\" content=\"image\/jpeg\" \/>\n<meta name=\"twitter:card\" content=\"summary_large_image\" \/>\n<meta name=\"twitter:label1\" content=\"Dur\u00e9e de lecture estim\u00e9e\" \/>\n\t<meta name=\"twitter:data1\" content=\"1 minute\" \/>\n<script type=\"application\/ld+json\" class=\"yoast-schema-graph\">{\"@context\":\"https:\\\/\\\/schema.org\",\"@graph\":[{\"@type\":\"WebPage\",\"@id\":\"https:\\\/\\\/cardinal-tapes.com\\\/fr\\\/rubans-adh\u00e9sifs\\\/rubans-adhesifs-simple-face\\\/3m-bande-detancheite-haute-performance-4411b\\\/\",\"url\":\"https:\\\/\\\/cardinal-tapes.com\\\/fr\\\/rubans-adh\u00e9sifs\\\/rubans-adhesifs-simple-face\\\/3m-bande-detancheite-haute-performance-4411b\\\/\",\"name\":\"3M\u2122 4411B Bande d'\u00e9tanch\u00e9it\u00e9 haute performance | Cardinal TAPES\",\"isPartOf\":{\"@id\":\"https:\\\/\\\/cardinal-tapes.com\\\/#website\"},\"primaryImageOfPage\":{\"@id\":\"https:\\\/\\\/cardinal-tapes.com\\\/fr\\\/rubans-adh\u00e9sifs\\\/rubans-adhesifs-simple-face\\\/3m-bande-detancheite-haute-performance-4411b\\\/#primaryimage\"},\"image\":{\"@id\":\"https:\\\/\\\/cardinal-tapes.com\\\/fr\\\/rubans-adh\u00e9sifs\\\/rubans-adhesifs-simple-face\\\/3m-bande-detancheite-haute-performance-4411b\\\/#primaryimage\"},\"thumbnailUrl\":\"https:\\\/\\\/cardinal-tapes.com\\\/wp-content\\\/uploads\\\/3m_hochleistung_dichtband_4411.jpg\",\"datePublished\":\"2023-06-06T08:21:26+00:00\",\"dateModified\":\"2025-07-10T11:17:41+00:00\",\"description\":\"La bande d'\u00e9tanch\u00e9it\u00e9 haute performance 3M 4411B est principalement utilis\u00e9e pour le scellement \u00e9tanche des contours, des transitions et autres. En savoir plus.\",\"breadcrumb\":{\"@id\":\"https:\\\/\\\/cardinal-tapes.com\\\/fr\\\/rubans-adh\u00e9sifs\\\/rubans-adhesifs-simple-face\\\/3m-bande-detancheite-haute-performance-4411b\\\/#breadcrumb\"},\"inLanguage\":\"fr-FR\",\"potentialAction\":[{\"@type\":\"ReadAction\",\"target\":[\"https:\\\/\\\/cardinal-tapes.com\\\/fr\\\/rubans-adh\u00e9sifs\\\/rubans-adhesifs-simple-face\\\/3m-bande-detancheite-haute-performance-4411b\\\/\"]}]},{\"@type\":\"ImageObject\",\"inLanguage\":\"fr-FR\",\"@id\":\"https:\\\/\\\/cardinal-tapes.com\\\/fr\\\/rubans-adh\u00e9sifs\\\/rubans-adhesifs-simple-face\\\/3m-bande-detancheite-haute-performance-4411b\\\/#primaryimage\",\"url\":\"https:\\\/\\\/cardinal-tapes.com\\\/wp-content\\\/uploads\\\/3m_hochleistung_dichtband_4411.jpg\",\"contentUrl\":\"https:\\\/\\\/cardinal-tapes.com\\\/wp-content\\\/uploads\\\/3m_hochleistung_dichtband_4411.jpg\",\"width\":600,\"height\":600,\"caption\":\"Bande d'\u00e9tanch\u00e9it\u00e9 3M 4411\"},{\"@type\":\"BreadcrumbList\",\"@id\":\"https:\\\/\\\/cardinal-tapes.com\\\/fr\\\/rubans-adh\u00e9sifs\\\/rubans-adhesifs-simple-face\\\/3m-bande-detancheite-haute-performance-4411b\\\/#breadcrumb\",\"itemListElement\":[{\"@type\":\"ListItem\",\"position\":1,\"name\":\"Startseite\",\"item\":\"https:\\\/\\\/cardinal-tapes.com\\\/fr\\\/accueil\\\/\"},{\"@type\":\"ListItem\",\"position\":2,\"name\":\"Rubans adh\u00e9sifs\",\"item\":\"https:\\\/\\\/cardinal-tapes.com\\\/fr\\\/rubans-adhesifs-fr\\\/\"},{\"@type\":\"ListItem\",\"position\":3,\"name\":\"Rubans adh\u00e9sifs simple face\",\"item\":\"https:\\\/\\\/cardinal-tapes.com\\\/fr\\\/catgorie\\\/rubans-adhesifs-simple-face\\\/\"},{\"@type\":\"ListItem\",\"position\":4,\"name\":\"3M\u2122 Bande d&#8217;\u00e9tanch\u00e9it\u00e9 haute performance 4411B\"}]},{\"@type\":\"WebSite\",\"@id\":\"https:\\\/\\\/cardinal-tapes.com\\\/#website\",\"url\":\"https:\\\/\\\/cardinal-tapes.com\\\/\",\"name\":\"cardinal TAPES\",\"description\":\"Klebetechnik aus Wuppertal\",\"potentialAction\":[{\"@type\":\"SearchAction\",\"target\":{\"@type\":\"EntryPoint\",\"urlTemplate\":\"https:\\\/\\\/cardinal-tapes.com\\\/?s={search_term_string}\"},\"query-input\":{\"@type\":\"PropertyValueSpecification\",\"valueRequired\":true,\"valueName\":\"search_term_string\"}}],\"inLanguage\":\"fr-FR\"}]}<\/script>\n<!-- \/ Yoast SEO plugin. -->","yoast_head_json":{"title":"3M\u2122 4411B Bande d'\u00e9tanch\u00e9it\u00e9 haute performance | Cardinal TAPES","description":"La bande d'\u00e9tanch\u00e9it\u00e9 haute performance 3M 4411B est principalement utilis\u00e9e pour le scellement \u00e9tanche des contours, des transitions et autres. En savoir plus.","robots":{"index":"index","follow":"follow","max-snippet":"max-snippet:-1","max-image-preview":"max-image-preview:large","max-video-preview":"max-video-preview:-1"},"canonical":"https:\/\/cardinal-tapes.com\/fr\/rubans-adh\u00e9sifs\/rubans-adhesifs-simple-face\/3m-bande-detancheite-haute-performance-4411b\/","og_locale":"fr_FR","og_type":"article","og_title":"3M\u2122 4411B Bande d'\u00e9tanch\u00e9it\u00e9 haute performance | Cardinal TAPES","og_description":"La bande d'\u00e9tanch\u00e9it\u00e9 haute performance 3M 4411B est principalement utilis\u00e9e pour le scellement \u00e9tanche des contours, des transitions et autres. En savoir plus.","og_url":"https:\/\/cardinal-tapes.com\/fr\/rubans-adh\u00e9sifs\/rubans-adhesifs-simple-face\/3m-bande-detancheite-haute-performance-4411b\/","og_site_name":"cardinal TAPES","article_modified_time":"2025-07-10T11:17:41+00:00","og_image":[{"width":600,"height":600,"url":"https:\/\/cardinal-tapes.com\/wp-content\/uploads\/3m_hochleistung_dichtband_4411.jpg","type":"image\/jpeg"}],"twitter_card":"summary_large_image","twitter_misc":{"Dur\u00e9e de lecture estim\u00e9e":"1 minute"},"schema":{"@context":"https:\/\/schema.org","@graph":[{"@type":"WebPage","@id":"https:\/\/cardinal-tapes.com\/fr\/rubans-adh\u00e9sifs\/rubans-adhesifs-simple-face\/3m-bande-detancheite-haute-performance-4411b\/","url":"https:\/\/cardinal-tapes.com\/fr\/rubans-adh\u00e9sifs\/rubans-adhesifs-simple-face\/3m-bande-detancheite-haute-performance-4411b\/","name":"3M\u2122 4411B Bande d'\u00e9tanch\u00e9it\u00e9 haute performance | Cardinal TAPES","isPartOf":{"@id":"https:\/\/cardinal-tapes.com\/#website"},"primaryImageOfPage":{"@id":"https:\/\/cardinal-tapes.com\/fr\/rubans-adh\u00e9sifs\/rubans-adhesifs-simple-face\/3m-bande-detancheite-haute-performance-4411b\/#primaryimage"},"image":{"@id":"https:\/\/cardinal-tapes.com\/fr\/rubans-adh\u00e9sifs\/rubans-adhesifs-simple-face\/3m-bande-detancheite-haute-performance-4411b\/#primaryimage"},"thumbnailUrl":"https:\/\/cardinal-tapes.com\/wp-content\/uploads\/3m_hochleistung_dichtband_4411.jpg","datePublished":"2023-06-06T08:21:26+00:00","dateModified":"2025-07-10T11:17:41+00:00","description":"La bande d'\u00e9tanch\u00e9it\u00e9 haute performance 3M 4411B est principalement utilis\u00e9e pour le scellement \u00e9tanche des contours, des transitions et autres. En savoir plus.","breadcrumb":{"@id":"https:\/\/cardinal-tapes.com\/fr\/rubans-adh\u00e9sifs\/rubans-adhesifs-simple-face\/3m-bande-detancheite-haute-performance-4411b\/#breadcrumb"},"inLanguage":"fr-FR","potentialAction":[{"@type":"ReadAction","target":["https:\/\/cardinal-tapes.com\/fr\/rubans-adh\u00e9sifs\/rubans-adhesifs-simple-face\/3m-bande-detancheite-haute-performance-4411b\/"]}]},{"@type":"ImageObject","inLanguage":"fr-FR","@id":"https:\/\/cardinal-tapes.com\/fr\/rubans-adh\u00e9sifs\/rubans-adhesifs-simple-face\/3m-bande-detancheite-haute-performance-4411b\/#primaryimage","url":"https:\/\/cardinal-tapes.com\/wp-content\/uploads\/3m_hochleistung_dichtband_4411.jpg","contentUrl":"https:\/\/cardinal-tapes.com\/wp-content\/uploads\/3m_hochleistung_dichtband_4411.jpg","width":600,"height":600,"caption":"Bande d'\u00e9tanch\u00e9it\u00e9 3M 4411"},{"@type":"BreadcrumbList","@id":"https:\/\/cardinal-tapes.com\/fr\/rubans-adh\u00e9sifs\/rubans-adhesifs-simple-face\/3m-bande-detancheite-haute-performance-4411b\/#breadcrumb","itemListElement":[{"@type":"ListItem","position":1,"name":"Startseite","item":"https:\/\/cardinal-tapes.com\/fr\/accueil\/"},{"@type":"ListItem","position":2,"name":"Rubans adh\u00e9sifs","item":"https:\/\/cardinal-tapes.com\/fr\/rubans-adhesifs-fr\/"},{"@type":"ListItem","position":3,"name":"Rubans adh\u00e9sifs simple face","item":"https:\/\/cardinal-tapes.com\/fr\/catgorie\/rubans-adhesifs-simple-face\/"},{"@type":"ListItem","position":4,"name":"3M\u2122 Bande d&#8217;\u00e9tanch\u00e9it\u00e9 haute performance 4411B"}]},{"@type":"WebSite","@id":"https:\/\/cardinal-tapes.com\/#website","url":"https:\/\/cardinal-tapes.com\/","name":"cardinal TAPES","description":"Klebetechnik aus Wuppertal","potentialAction":[{"@type":"SearchAction","target":{"@type":"EntryPoint","urlTemplate":"https:\/\/cardinal-tapes.com\/?s={search_term_string}"},"query-input":{"@type":"PropertyValueSpecification","valueRequired":true,"valueName":"search_term_string"}}],"inLanguage":"fr-FR"}]}},"brands":[{"id":2167,"name":"3M","slug":"3m-fr"}],"_links":{"self":[{"href":"https:\/\/cardinal-tapes.com\/fr\/wp-json\/wp\/v2\/product\/63832","targetHints":{"allow":["GET"]}}],"collection":[{"href":"https:\/\/cardinal-tapes.com\/fr\/wp-json\/wp\/v2\/product"}],"about":[{"href":"https:\/\/cardinal-tapes.com\/fr\/wp-json\/wp\/v2\/types\/product"}],"wp:featuredmedia":[{"embeddable":true,"href":"https:\/\/cardinal-tapes.com\/fr\/wp-json\/wp\/v2\/media\/24392"}],"wp:attachment":[{"href":"https:\/\/cardinal-tapes.com\/fr\/wp-json\/wp\/v2\/media?parent=63832"}],"wp:term":[{"taxonomy":"pwb-brand","embeddable":true,"href":"https:\/\/cardinal-tapes.com\/fr\/wp-json\/wp\/v2\/pwb-brand?post=63832"},{"taxonomy":"product_brand","embeddable":true,"href":"https:\/\/cardinal-tapes.com\/fr\/wp-json\/wp\/v2\/product_brand?post=63832"},{"taxonomy":"product_cat","embeddable":true,"href":"https:\/\/cardinal-tapes.com\/fr\/wp-json\/wp\/v2\/product_cat?post=63832"},{"taxonomy":"product_tag","embeddable":true,"href":"https:\/\/cardinal-tapes.com\/fr\/wp-json\/wp\/v2\/product_tag?post=63832"}],"curies":[{"name":"wp","href":"https:\/\/api.w.org\/{rel}","templated":true}]}}