{"id":63812,"date":"2017-12-08T08:32:45","date_gmt":"2023-06-06T08:21:25","guid":{"rendered":"https:\/\/cardinal.pixel-tal.de\/klebebaender\/non%20class\u00e9\/3m-ruban-adhesif-de-transfert-9485pc\/"},"modified":"2025-07-18T08:51:08","modified_gmt":"2025-07-18T06:51:08","slug":"3m-9485-film-adhesif-sans-traceur","status":"publish","type":"product","link":"https:\/\/cardinal-tapes.com\/fr\/rubans-adh\u00e9sifs\/rubans-adhesifs-double-face\/3m-9485-film-adhesif-sans-traceur\/","title":{"rendered":"3M\u2122 Ruban adh\u00e9sif de transfert 9485PC"},"content":{"rendered":"<p>Le ruban adh\u00e9sif de transfert 9485 PC de la s\u00e9rie d&#8217;adh\u00e9sifs 350 de 3M\u2122 est un film d&#8217;adh\u00e9sif acrylique modifi\u00e9 qui pr\u00e9sente un excellent pouvoir adh\u00e9sif sur les surfaces \u00e0 basse \u00e9nergie et \u00e0 haute \u00e9nergie.<\/p>\n<p><strong>Caract\u00e9ristiques<\/strong><br \/>\nGr\u00e2ce \u00e0 son \u00e9paisseur relative de 0,135 millim\u00e8tre, le ruban adh\u00e9sif convient \u00e9galement \u00e0 une utilisation sur des supports l\u00e9g\u00e8rement irr\u00e9guliers ou rugueux. Sa bonne r\u00e9sistance au cisaillement et sa r\u00e9sistance aux influences physiques et chimiques le rendent utilisable m\u00eame dans des conditions environnementales difficiles. Le ruban adh\u00e9sif contient un adh\u00e9sif renforc\u00e9 par des fibres afin d&#8217;augmenter la stabilit\u00e9 du rouleau dans les petites largeurs. Con\u00e7u pour une exposition de courte dur\u00e9e \u00e0 des temp\u00e9ratures allant jusqu&#8217;\u00e0 200\u00b0C. Id\u00e9al pour le collage de diff\u00e9rents mat\u00e9riaux.<\/p>\n<p><strong>Applications<\/strong><br \/>\n&#8211; fixation de mat\u00e9riaux \u00e0 haute et basse \u00e9nergie de surface et de surfaces rev\u00eatues de poudre<br \/>\n&#8211; collage de mousse sur des mat\u00e9riaux \u00e0 faible \u00e9nergie de surface (LSE), r\u00e9sistance \u00e9lev\u00e9e \u00e0 la temp\u00e9rature<br \/>\n&#8211; fixation de mousse et de joints<br \/>\n&#8211; maintien et fixation dans l&#8217;assemblage de produits<\/p>\n","protected":false},"excerpt":{"rendered":"<p>Le ruban adh\u00e9sif de transfert 9485 PC de la s\u00e9rie d&#8217;adh\u00e9sifs 350 de 3M\u2122 est un film d&#8217;adh\u00e9sif acrylique modifi\u00e9 qui pr\u00e9sente un excellent pouvoir adh\u00e9sif sur les surfaces \u00e0 basse \u00e9nergie et \u00e0 haute \u00e9nergie. Caract\u00e9ristiques Gr\u00e2ce \u00e0 son \u00e9paisseur relative de 0,135 millim\u00e8tre, le ruban adh\u00e9sif convient \u00e9galement \u00e0 une utilisation sur des [&hellip;]<\/p>\n","protected":false},"featured_media":24404,"template":"","meta":{"_acf_changed":false},"pwb-brand":[2167],"product_brand":[],"product_cat":[1834],"product_tag":[],"class_list":{"0":"post-63812","1":"product","2":"type-product","3":"status-publish","4":"has-post-thumbnail","6":"pwb-brand-3m-fr","7":"product_cat-rubans-adhesifs-double-face","9":"first","10":"instock","11":"taxable","12":"shipping-taxable","13":"purchasable","14":"product-type-variable"},"acf":[],"yoast_head":"<!-- This site is optimized with the Yoast SEO plugin v27.3 - https:\/\/yoast.com\/product\/yoast-seo-wordpress\/ -->\n<title>3M 9485 Film adh\u00e9sif sans support | Cardinal TAPES<\/title>\n<meta name=\"description\" content=\"Le film adh\u00e9sif 3M 9485 sans support est compos\u00e9 d&#039;un adh\u00e9sif acrylique modifi\u00e9 qui se caract\u00e9rise par une r\u00e9sistance \u00e9lev\u00e9e \u00e0 la temp\u00e9rature et aux UV.\" \/>\n<meta name=\"robots\" content=\"index, follow, max-snippet:-1, max-image-preview:large, max-video-preview:-1\" \/>\n<link rel=\"canonical\" href=\"https:\/\/cardinal-tapes.com\/fr\/rubans-adh\u00e9sifs\/rubans-adhesifs-double-face\/3m-9485-film-adhesif-sans-traceur\/\" \/>\n<meta property=\"og:locale\" content=\"fr_FR\" \/>\n<meta property=\"og:type\" content=\"article\" \/>\n<meta property=\"og:title\" content=\"3M 9485 Film adh\u00e9sif sans support | Cardinal TAPES\" \/>\n<meta property=\"og:description\" content=\"Le film adh\u00e9sif 3M 9485 sans support est compos\u00e9 d&#039;un adh\u00e9sif acrylique modifi\u00e9 qui se caract\u00e9rise par une r\u00e9sistance \u00e9lev\u00e9e \u00e0 la temp\u00e9rature et aux UV.\" \/>\n<meta property=\"og:url\" content=\"https:\/\/cardinal-tapes.com\/fr\/rubans-adh\u00e9sifs\/rubans-adhesifs-double-face\/3m-9485-film-adhesif-sans-traceur\/\" \/>\n<meta property=\"og:site_name\" content=\"cardinal TAPES\" \/>\n<meta property=\"article:modified_time\" content=\"2025-07-18T06:51:08+00:00\" \/>\n<meta property=\"og:image\" content=\"https:\/\/cardinal-tapes.com\/wp-content\/uploads\/3m_klebstoffserie_350_9485.jpg\" \/>\n\t<meta property=\"og:image:width\" content=\"600\" \/>\n\t<meta property=\"og:image:height\" content=\"600\" \/>\n\t<meta property=\"og:image:type\" content=\"image\/jpeg\" \/>\n<meta name=\"twitter:card\" content=\"summary_large_image\" \/>\n<meta name=\"twitter:label1\" content=\"Dur\u00e9e de lecture estim\u00e9e\" \/>\n\t<meta name=\"twitter:data1\" content=\"1 minute\" \/>\n<script type=\"application\/ld+json\" class=\"yoast-schema-graph\">{\"@context\":\"https:\\\/\\\/schema.org\",\"@graph\":[{\"@type\":\"WebPage\",\"@id\":\"https:\\\/\\\/cardinal-tapes.com\\\/fr\\\/rubans-adh\u00e9sifs\\\/rubans-adhesifs-double-face\\\/3m-9485-film-adhesif-sans-traceur\\\/\",\"url\":\"https:\\\/\\\/cardinal-tapes.com\\\/fr\\\/rubans-adh\u00e9sifs\\\/rubans-adhesifs-double-face\\\/3m-9485-film-adhesif-sans-traceur\\\/\",\"name\":\"3M 9485 Film adh\u00e9sif sans support | Cardinal TAPES\",\"isPartOf\":{\"@id\":\"https:\\\/\\\/cardinal-tapes.com\\\/#website\"},\"primaryImageOfPage\":{\"@id\":\"https:\\\/\\\/cardinal-tapes.com\\\/fr\\\/rubans-adh\u00e9sifs\\\/rubans-adhesifs-double-face\\\/3m-9485-film-adhesif-sans-traceur\\\/#primaryimage\"},\"image\":{\"@id\":\"https:\\\/\\\/cardinal-tapes.com\\\/fr\\\/rubans-adh\u00e9sifs\\\/rubans-adhesifs-double-face\\\/3m-9485-film-adhesif-sans-traceur\\\/#primaryimage\"},\"thumbnailUrl\":\"https:\\\/\\\/cardinal-tapes.com\\\/wp-content\\\/uploads\\\/3m_klebstoffserie_350_9485.jpg\",\"datePublished\":\"2023-06-06T08:21:25+00:00\",\"dateModified\":\"2025-07-18T06:51:08+00:00\",\"description\":\"Le film adh\u00e9sif 3M 9485 sans support est compos\u00e9 d'un adh\u00e9sif acrylique modifi\u00e9 qui se caract\u00e9rise par une r\u00e9sistance \u00e9lev\u00e9e \u00e0 la temp\u00e9rature et aux UV.\",\"breadcrumb\":{\"@id\":\"https:\\\/\\\/cardinal-tapes.com\\\/fr\\\/rubans-adh\u00e9sifs\\\/rubans-adhesifs-double-face\\\/3m-9485-film-adhesif-sans-traceur\\\/#breadcrumb\"},\"inLanguage\":\"fr-FR\",\"potentialAction\":[{\"@type\":\"ReadAction\",\"target\":[\"https:\\\/\\\/cardinal-tapes.com\\\/fr\\\/rubans-adh\u00e9sifs\\\/rubans-adhesifs-double-face\\\/3m-9485-film-adhesif-sans-traceur\\\/\"]}]},{\"@type\":\"ImageObject\",\"inLanguage\":\"fr-FR\",\"@id\":\"https:\\\/\\\/cardinal-tapes.com\\\/fr\\\/rubans-adh\u00e9sifs\\\/rubans-adhesifs-double-face\\\/3m-9485-film-adhesif-sans-traceur\\\/#primaryimage\",\"url\":\"https:\\\/\\\/cardinal-tapes.com\\\/wp-content\\\/uploads\\\/3m_klebstoffserie_350_9485.jpg\",\"contentUrl\":\"https:\\\/\\\/cardinal-tapes.com\\\/wp-content\\\/uploads\\\/3m_klebstoffserie_350_9485.jpg\",\"width\":600,\"height\":600,\"caption\":\"Film adh\u00e9sif 3M sans support 9485\"},{\"@type\":\"BreadcrumbList\",\"@id\":\"https:\\\/\\\/cardinal-tapes.com\\\/fr\\\/rubans-adh\u00e9sifs\\\/rubans-adhesifs-double-face\\\/3m-9485-film-adhesif-sans-traceur\\\/#breadcrumb\",\"itemListElement\":[{\"@type\":\"ListItem\",\"position\":1,\"name\":\"Startseite\",\"item\":\"https:\\\/\\\/cardinal-tapes.com\\\/fr\\\/accueil\\\/\"},{\"@type\":\"ListItem\",\"position\":2,\"name\":\"Rubans adh\u00e9sifs\",\"item\":\"https:\\\/\\\/cardinal-tapes.com\\\/fr\\\/rubans-adhesifs-fr\\\/\"},{\"@type\":\"ListItem\",\"position\":3,\"name\":\"Rubans adh\u00e9sifs double face\",\"item\":\"https:\\\/\\\/cardinal-tapes.com\\\/fr\\\/catgorie\\\/rubans-adhesifs-double-face\\\/\"},{\"@type\":\"ListItem\",\"position\":4,\"name\":\"3M\u2122 Ruban adh\u00e9sif de transfert 9485PC\"}]},{\"@type\":\"WebSite\",\"@id\":\"https:\\\/\\\/cardinal-tapes.com\\\/#website\",\"url\":\"https:\\\/\\\/cardinal-tapes.com\\\/\",\"name\":\"cardinal TAPES\",\"description\":\"Klebetechnik aus Wuppertal\",\"potentialAction\":[{\"@type\":\"SearchAction\",\"target\":{\"@type\":\"EntryPoint\",\"urlTemplate\":\"https:\\\/\\\/cardinal-tapes.com\\\/?s={search_term_string}\"},\"query-input\":{\"@type\":\"PropertyValueSpecification\",\"valueRequired\":true,\"valueName\":\"search_term_string\"}}],\"inLanguage\":\"fr-FR\"}]}<\/script>\n<!-- \/ Yoast SEO plugin. -->","yoast_head_json":{"title":"3M 9485 Film adh\u00e9sif sans support | Cardinal TAPES","description":"Le film adh\u00e9sif 3M 9485 sans support est compos\u00e9 d'un adh\u00e9sif acrylique modifi\u00e9 qui se caract\u00e9rise par une r\u00e9sistance \u00e9lev\u00e9e \u00e0 la temp\u00e9rature et aux UV.","robots":{"index":"index","follow":"follow","max-snippet":"max-snippet:-1","max-image-preview":"max-image-preview:large","max-video-preview":"max-video-preview:-1"},"canonical":"https:\/\/cardinal-tapes.com\/fr\/rubans-adh\u00e9sifs\/rubans-adhesifs-double-face\/3m-9485-film-adhesif-sans-traceur\/","og_locale":"fr_FR","og_type":"article","og_title":"3M 9485 Film adh\u00e9sif sans support | Cardinal TAPES","og_description":"Le film adh\u00e9sif 3M 9485 sans support est compos\u00e9 d'un adh\u00e9sif acrylique modifi\u00e9 qui se caract\u00e9rise par une r\u00e9sistance \u00e9lev\u00e9e \u00e0 la temp\u00e9rature et aux UV.","og_url":"https:\/\/cardinal-tapes.com\/fr\/rubans-adh\u00e9sifs\/rubans-adhesifs-double-face\/3m-9485-film-adhesif-sans-traceur\/","og_site_name":"cardinal TAPES","article_modified_time":"2025-07-18T06:51:08+00:00","og_image":[{"width":600,"height":600,"url":"https:\/\/cardinal-tapes.com\/wp-content\/uploads\/3m_klebstoffserie_350_9485.jpg","type":"image\/jpeg"}],"twitter_card":"summary_large_image","twitter_misc":{"Dur\u00e9e de lecture estim\u00e9e":"1 minute"},"schema":{"@context":"https:\/\/schema.org","@graph":[{"@type":"WebPage","@id":"https:\/\/cardinal-tapes.com\/fr\/rubans-adh\u00e9sifs\/rubans-adhesifs-double-face\/3m-9485-film-adhesif-sans-traceur\/","url":"https:\/\/cardinal-tapes.com\/fr\/rubans-adh\u00e9sifs\/rubans-adhesifs-double-face\/3m-9485-film-adhesif-sans-traceur\/","name":"3M 9485 Film adh\u00e9sif sans support | Cardinal TAPES","isPartOf":{"@id":"https:\/\/cardinal-tapes.com\/#website"},"primaryImageOfPage":{"@id":"https:\/\/cardinal-tapes.com\/fr\/rubans-adh\u00e9sifs\/rubans-adhesifs-double-face\/3m-9485-film-adhesif-sans-traceur\/#primaryimage"},"image":{"@id":"https:\/\/cardinal-tapes.com\/fr\/rubans-adh\u00e9sifs\/rubans-adhesifs-double-face\/3m-9485-film-adhesif-sans-traceur\/#primaryimage"},"thumbnailUrl":"https:\/\/cardinal-tapes.com\/wp-content\/uploads\/3m_klebstoffserie_350_9485.jpg","datePublished":"2023-06-06T08:21:25+00:00","dateModified":"2025-07-18T06:51:08+00:00","description":"Le film adh\u00e9sif 3M 9485 sans support est compos\u00e9 d'un adh\u00e9sif acrylique modifi\u00e9 qui se caract\u00e9rise par une r\u00e9sistance \u00e9lev\u00e9e \u00e0 la temp\u00e9rature et aux UV.","breadcrumb":{"@id":"https:\/\/cardinal-tapes.com\/fr\/rubans-adh\u00e9sifs\/rubans-adhesifs-double-face\/3m-9485-film-adhesif-sans-traceur\/#breadcrumb"},"inLanguage":"fr-FR","potentialAction":[{"@type":"ReadAction","target":["https:\/\/cardinal-tapes.com\/fr\/rubans-adh\u00e9sifs\/rubans-adhesifs-double-face\/3m-9485-film-adhesif-sans-traceur\/"]}]},{"@type":"ImageObject","inLanguage":"fr-FR","@id":"https:\/\/cardinal-tapes.com\/fr\/rubans-adh\u00e9sifs\/rubans-adhesifs-double-face\/3m-9485-film-adhesif-sans-traceur\/#primaryimage","url":"https:\/\/cardinal-tapes.com\/wp-content\/uploads\/3m_klebstoffserie_350_9485.jpg","contentUrl":"https:\/\/cardinal-tapes.com\/wp-content\/uploads\/3m_klebstoffserie_350_9485.jpg","width":600,"height":600,"caption":"Film adh\u00e9sif 3M sans support 9485"},{"@type":"BreadcrumbList","@id":"https:\/\/cardinal-tapes.com\/fr\/rubans-adh\u00e9sifs\/rubans-adhesifs-double-face\/3m-9485-film-adhesif-sans-traceur\/#breadcrumb","itemListElement":[{"@type":"ListItem","position":1,"name":"Startseite","item":"https:\/\/cardinal-tapes.com\/fr\/accueil\/"},{"@type":"ListItem","position":2,"name":"Rubans adh\u00e9sifs","item":"https:\/\/cardinal-tapes.com\/fr\/rubans-adhesifs-fr\/"},{"@type":"ListItem","position":3,"name":"Rubans adh\u00e9sifs double face","item":"https:\/\/cardinal-tapes.com\/fr\/catgorie\/rubans-adhesifs-double-face\/"},{"@type":"ListItem","position":4,"name":"3M\u2122 Ruban adh\u00e9sif de transfert 9485PC"}]},{"@type":"WebSite","@id":"https:\/\/cardinal-tapes.com\/#website","url":"https:\/\/cardinal-tapes.com\/","name":"cardinal TAPES","description":"Klebetechnik aus Wuppertal","potentialAction":[{"@type":"SearchAction","target":{"@type":"EntryPoint","urlTemplate":"https:\/\/cardinal-tapes.com\/?s={search_term_string}"},"query-input":{"@type":"PropertyValueSpecification","valueRequired":true,"valueName":"search_term_string"}}],"inLanguage":"fr-FR"}]}},"brands":[{"id":2167,"name":"3M","slug":"3m-fr"}],"_links":{"self":[{"href":"https:\/\/cardinal-tapes.com\/fr\/wp-json\/wp\/v2\/product\/63812","targetHints":{"allow":["GET"]}}],"collection":[{"href":"https:\/\/cardinal-tapes.com\/fr\/wp-json\/wp\/v2\/product"}],"about":[{"href":"https:\/\/cardinal-tapes.com\/fr\/wp-json\/wp\/v2\/types\/product"}],"wp:featuredmedia":[{"embeddable":true,"href":"https:\/\/cardinal-tapes.com\/fr\/wp-json\/wp\/v2\/media\/24404"}],"wp:attachment":[{"href":"https:\/\/cardinal-tapes.com\/fr\/wp-json\/wp\/v2\/media?parent=63812"}],"wp:term":[{"taxonomy":"pwb-brand","embeddable":true,"href":"https:\/\/cardinal-tapes.com\/fr\/wp-json\/wp\/v2\/pwb-brand?post=63812"},{"taxonomy":"product_brand","embeddable":true,"href":"https:\/\/cardinal-tapes.com\/fr\/wp-json\/wp\/v2\/product_brand?post=63812"},{"taxonomy":"product_cat","embeddable":true,"href":"https:\/\/cardinal-tapes.com\/fr\/wp-json\/wp\/v2\/product_cat?post=63812"},{"taxonomy":"product_tag","embeddable":true,"href":"https:\/\/cardinal-tapes.com\/fr\/wp-json\/wp\/v2\/product_tag?post=63812"}],"curies":[{"name":"wp","href":"https:\/\/api.w.org\/{rel}","templated":true}]}}