{"id":63795,"date":"2017-12-08T08:30:09","date_gmt":"2023-06-06T08:21:24","guid":{"rendered":"https:\/\/cardinal.pixel-tal.de\/klebebaender\/non class\u00e9\/3m-582-adhesif-double-face-film-activable-par-la-chaleur\/"},"modified":"2023-06-06T10:21:24","modified_gmt":"2023-06-06T08:21:24","slug":"3m-582-film-adhesif-double-face-activable-par-la-chaleur","status":"publish","type":"product","link":"https:\/\/cardinal-tapes.com\/fr\/rubans-adh\u00e9sifs\/rubans-adhesifs-double-face\/3m-582-film-adhesif-double-face-activable-par-la-chaleur\/","title":{"rendered":"3M\u2122 582 adh\u00e9sif double face, film activable par la chaleur"},"content":{"rendered":"<p>Le film adh\u00e9sif double face 3M\u2122 582 activable par la chaleur est con\u00e7u pour r\u00e9aliser des assemblages tr\u00e8s r\u00e9sistants entre diff\u00e9rents mat\u00e9riaux. La colle durcit alors sous l&#8217;effet de la chaleur et de la pression. Des exemples de mat\u00e9riaux qui peuvent \u00eatre assembl\u00e9s sont le m\u00e9tal et le verre, le m\u00e9tal et le bois, diff\u00e9rents m\u00e9taux, le m\u00e9tal et les mati\u00e8res plastiques et bien d&#8217;autres encore.<\/p>\n<p>Ce produit n&#8217;est malheureusement plus disponible. Sur <a href=\"https:\/\/cardinal-tapes.com\/ueber-cardinal\/kontakt\/\">demande<\/a>, nous vous proposerons volontiers une alternative adapt\u00e9e.<\/p>\n<p><strong>Caract\u00e9ristiques<\/strong><br \/>\nLe ruban adh\u00e9sif 3M\u2122 582 se caract\u00e9rise par un pouvoir adh\u00e9sif tr\u00e8s \u00e9lev\u00e9 et une bonne r\u00e9sistance aux solvants.<\/p>\n<p><strong>Applications<\/strong><br \/>\n&#8211; Pour le collage de m\u00e9taux et pour le collage de m\u00e9taux avec du bois ou des mati\u00e8res plastiques<br \/>\n&#8211; Laminage de feuilles m\u00e9talliques<br \/>\n&#8211; \u00c9pissure de t\u00f4les ou de feuilles m\u00e9talliques<\/p>\n","protected":false},"excerpt":{"rendered":"<p>Le film adh\u00e9sif double face 3M\u2122 582 activable par la chaleur est con\u00e7u pour r\u00e9aliser des assemblages tr\u00e8s r\u00e9sistants entre diff\u00e9rents mat\u00e9riaux. La colle durcit alors sous l&#8217;effet de la chaleur et de la pression. Des exemples de mat\u00e9riaux qui peuvent \u00eatre assembl\u00e9s sont le m\u00e9tal et le verre, le m\u00e9tal et le bois, diff\u00e9rents [&hellip;]<\/p>\n","protected":false},"featured_media":24320,"template":"","meta":{"_acf_changed":false},"pwb-brand":[2167],"product_brand":[],"product_cat":[1834],"product_tag":[],"class_list":{"0":"post-63795","1":"product","2":"type-product","3":"status-publish","4":"has-post-thumbnail","6":"pwb-brand-3m-fr","7":"product_cat-rubans-adhesifs-double-face","9":"first","10":"instock","11":"taxable","12":"shipping-taxable","13":"purchasable","14":"product-type-variable"},"acf":[],"yoast_head":"<!-- This site is optimized with the Yoast SEO plugin v27.3 - https:\/\/yoast.com\/product\/yoast-seo-wordpress\/ -->\n<title>3M 582 adh\u00e9sif double face, film activable par la chaleur<\/title>\n<meta name=\"description\" content=\"Le film adh\u00e9sif double face 3M 582 activable par la chaleur a \u00e9t\u00e9 con\u00e7u pour r\u00e9aliser des assemblages tr\u00e8s r\u00e9sistants entre diff\u00e9rents mat\u00e9riaux.\" \/>\n<meta name=\"robots\" content=\"index, follow, max-snippet:-1, max-image-preview:large, max-video-preview:-1\" \/>\n<link rel=\"canonical\" href=\"https:\/\/cardinal-tapes.com\/fr\/rubans-adh\u00e9sifs\/rubans-adhesifs-double-face\/3m-582-film-adhesif-double-face-activable-par-la-chaleur\/\" \/>\n<meta property=\"og:locale\" content=\"fr_FR\" \/>\n<meta property=\"og:type\" content=\"article\" \/>\n<meta property=\"og:title\" content=\"3M 582 adh\u00e9sif double face, film activable par la chaleur\" \/>\n<meta property=\"og:description\" content=\"Le film adh\u00e9sif double face 3M 582 activable par la chaleur a \u00e9t\u00e9 con\u00e7u pour r\u00e9aliser des assemblages tr\u00e8s r\u00e9sistants entre diff\u00e9rents mat\u00e9riaux.\" \/>\n<meta property=\"og:url\" content=\"https:\/\/cardinal-tapes.com\/fr\/rubans-adh\u00e9sifs\/rubans-adhesifs-double-face\/3m-582-film-adhesif-double-face-activable-par-la-chaleur\/\" \/>\n<meta property=\"og:site_name\" content=\"cardinal TAPES\" \/>\n<meta property=\"og:image\" content=\"https:\/\/cardinal-tapes.com\/wp-content\/uploads\/3m_doppelseitig_papiervliestraeger_9527.jpg\" \/>\n\t<meta property=\"og:image:width\" content=\"600\" \/>\n\t<meta property=\"og:image:height\" content=\"600\" \/>\n\t<meta property=\"og:image:type\" content=\"image\/jpeg\" \/>\n<meta name=\"twitter:card\" content=\"summary_large_image\" \/>\n<meta name=\"twitter:label1\" content=\"Dur\u00e9e de lecture estim\u00e9e\" \/>\n\t<meta name=\"twitter:data1\" content=\"1 minute\" \/>\n<script type=\"application\/ld+json\" class=\"yoast-schema-graph\">{\"@context\":\"https:\\\/\\\/schema.org\",\"@graph\":[{\"@type\":\"WebPage\",\"@id\":\"https:\\\/\\\/cardinal-tapes.com\\\/fr\\\/rubans-adh\u00e9sifs\\\/rubans-adhesifs-double-face\\\/3m-582-film-adhesif-double-face-activable-par-la-chaleur\\\/\",\"url\":\"https:\\\/\\\/cardinal-tapes.com\\\/fr\\\/rubans-adh\u00e9sifs\\\/rubans-adhesifs-double-face\\\/3m-582-film-adhesif-double-face-activable-par-la-chaleur\\\/\",\"name\":\"3M 582 adh\u00e9sif double face, film activable par la chaleur\",\"isPartOf\":{\"@id\":\"https:\\\/\\\/cardinal-tapes.com\\\/#website\"},\"primaryImageOfPage\":{\"@id\":\"https:\\\/\\\/cardinal-tapes.com\\\/fr\\\/rubans-adh\u00e9sifs\\\/rubans-adhesifs-double-face\\\/3m-582-film-adhesif-double-face-activable-par-la-chaleur\\\/#primaryimage\"},\"image\":{\"@id\":\"https:\\\/\\\/cardinal-tapes.com\\\/fr\\\/rubans-adh\u00e9sifs\\\/rubans-adhesifs-double-face\\\/3m-582-film-adhesif-double-face-activable-par-la-chaleur\\\/#primaryimage\"},\"thumbnailUrl\":\"https:\\\/\\\/cardinal-tapes.com\\\/wp-content\\\/uploads\\\/3m_doppelseitig_papiervliestraeger_9527.jpg\",\"datePublished\":\"2023-06-06T08:21:24+00:00\",\"description\":\"Le film adh\u00e9sif double face 3M 582 activable par la chaleur a \u00e9t\u00e9 con\u00e7u pour r\u00e9aliser des assemblages tr\u00e8s r\u00e9sistants entre diff\u00e9rents mat\u00e9riaux.\",\"breadcrumb\":{\"@id\":\"https:\\\/\\\/cardinal-tapes.com\\\/fr\\\/rubans-adh\u00e9sifs\\\/rubans-adhesifs-double-face\\\/3m-582-film-adhesif-double-face-activable-par-la-chaleur\\\/#breadcrumb\"},\"inLanguage\":\"fr-FR\",\"potentialAction\":[{\"@type\":\"ReadAction\",\"target\":[\"https:\\\/\\\/cardinal-tapes.com\\\/fr\\\/rubans-adh\u00e9sifs\\\/rubans-adhesifs-double-face\\\/3m-582-film-adhesif-double-face-activable-par-la-chaleur\\\/\"]}]},{\"@type\":\"ImageObject\",\"inLanguage\":\"fr-FR\",\"@id\":\"https:\\\/\\\/cardinal-tapes.com\\\/fr\\\/rubans-adh\u00e9sifs\\\/rubans-adhesifs-double-face\\\/3m-582-film-adhesif-double-face-activable-par-la-chaleur\\\/#primaryimage\",\"url\":\"https:\\\/\\\/cardinal-tapes.com\\\/wp-content\\\/uploads\\\/3m_doppelseitig_papiervliestraeger_9527.jpg\",\"contentUrl\":\"https:\\\/\\\/cardinal-tapes.com\\\/wp-content\\\/uploads\\\/3m_doppelseitig_papiervliestraeger_9527.jpg\",\"width\":600,\"height\":600,\"caption\":\"Ruban adh\u00e9sif double face en papier 3M 9527\"},{\"@type\":\"BreadcrumbList\",\"@id\":\"https:\\\/\\\/cardinal-tapes.com\\\/fr\\\/rubans-adh\u00e9sifs\\\/rubans-adhesifs-double-face\\\/3m-582-film-adhesif-double-face-activable-par-la-chaleur\\\/#breadcrumb\",\"itemListElement\":[{\"@type\":\"ListItem\",\"position\":1,\"name\":\"Startseite\",\"item\":\"https:\\\/\\\/cardinal-tapes.com\\\/fr\\\/accueil\\\/\"},{\"@type\":\"ListItem\",\"position\":2,\"name\":\"Rubans adh\u00e9sifs\",\"item\":\"https:\\\/\\\/cardinal-tapes.com\\\/fr\\\/rubans-adhesifs-fr\\\/\"},{\"@type\":\"ListItem\",\"position\":3,\"name\":\"Rubans adh\u00e9sifs double face\",\"item\":\"https:\\\/\\\/cardinal-tapes.com\\\/fr\\\/catgorie\\\/rubans-adhesifs-double-face\\\/\"},{\"@type\":\"ListItem\",\"position\":4,\"name\":\"3M\u2122 582 adh\u00e9sif double face, film activable par la chaleur\"}]},{\"@type\":\"WebSite\",\"@id\":\"https:\\\/\\\/cardinal-tapes.com\\\/#website\",\"url\":\"https:\\\/\\\/cardinal-tapes.com\\\/\",\"name\":\"cardinal TAPES\",\"description\":\"Klebetechnik aus Wuppertal\",\"potentialAction\":[{\"@type\":\"SearchAction\",\"target\":{\"@type\":\"EntryPoint\",\"urlTemplate\":\"https:\\\/\\\/cardinal-tapes.com\\\/?s={search_term_string}\"},\"query-input\":{\"@type\":\"PropertyValueSpecification\",\"valueRequired\":true,\"valueName\":\"search_term_string\"}}],\"inLanguage\":\"fr-FR\"}]}<\/script>\n<!-- \/ Yoast SEO plugin. -->","yoast_head_json":{"title":"3M 582 adh\u00e9sif double face, film activable par la chaleur","description":"Le film adh\u00e9sif double face 3M 582 activable par la chaleur a \u00e9t\u00e9 con\u00e7u pour r\u00e9aliser des assemblages tr\u00e8s r\u00e9sistants entre diff\u00e9rents mat\u00e9riaux.","robots":{"index":"index","follow":"follow","max-snippet":"max-snippet:-1","max-image-preview":"max-image-preview:large","max-video-preview":"max-video-preview:-1"},"canonical":"https:\/\/cardinal-tapes.com\/fr\/rubans-adh\u00e9sifs\/rubans-adhesifs-double-face\/3m-582-film-adhesif-double-face-activable-par-la-chaleur\/","og_locale":"fr_FR","og_type":"article","og_title":"3M 582 adh\u00e9sif double face, film activable par la chaleur","og_description":"Le film adh\u00e9sif double face 3M 582 activable par la chaleur a \u00e9t\u00e9 con\u00e7u pour r\u00e9aliser des assemblages tr\u00e8s r\u00e9sistants entre diff\u00e9rents mat\u00e9riaux.","og_url":"https:\/\/cardinal-tapes.com\/fr\/rubans-adh\u00e9sifs\/rubans-adhesifs-double-face\/3m-582-film-adhesif-double-face-activable-par-la-chaleur\/","og_site_name":"cardinal TAPES","og_image":[{"width":600,"height":600,"url":"https:\/\/cardinal-tapes.com\/wp-content\/uploads\/3m_doppelseitig_papiervliestraeger_9527.jpg","type":"image\/jpeg"}],"twitter_card":"summary_large_image","twitter_misc":{"Dur\u00e9e de lecture estim\u00e9e":"1 minute"},"schema":{"@context":"https:\/\/schema.org","@graph":[{"@type":"WebPage","@id":"https:\/\/cardinal-tapes.com\/fr\/rubans-adh\u00e9sifs\/rubans-adhesifs-double-face\/3m-582-film-adhesif-double-face-activable-par-la-chaleur\/","url":"https:\/\/cardinal-tapes.com\/fr\/rubans-adh\u00e9sifs\/rubans-adhesifs-double-face\/3m-582-film-adhesif-double-face-activable-par-la-chaleur\/","name":"3M 582 adh\u00e9sif double face, film activable par la chaleur","isPartOf":{"@id":"https:\/\/cardinal-tapes.com\/#website"},"primaryImageOfPage":{"@id":"https:\/\/cardinal-tapes.com\/fr\/rubans-adh\u00e9sifs\/rubans-adhesifs-double-face\/3m-582-film-adhesif-double-face-activable-par-la-chaleur\/#primaryimage"},"image":{"@id":"https:\/\/cardinal-tapes.com\/fr\/rubans-adh\u00e9sifs\/rubans-adhesifs-double-face\/3m-582-film-adhesif-double-face-activable-par-la-chaleur\/#primaryimage"},"thumbnailUrl":"https:\/\/cardinal-tapes.com\/wp-content\/uploads\/3m_doppelseitig_papiervliestraeger_9527.jpg","datePublished":"2023-06-06T08:21:24+00:00","description":"Le film adh\u00e9sif double face 3M 582 activable par la chaleur a \u00e9t\u00e9 con\u00e7u pour r\u00e9aliser des assemblages tr\u00e8s r\u00e9sistants entre diff\u00e9rents mat\u00e9riaux.","breadcrumb":{"@id":"https:\/\/cardinal-tapes.com\/fr\/rubans-adh\u00e9sifs\/rubans-adhesifs-double-face\/3m-582-film-adhesif-double-face-activable-par-la-chaleur\/#breadcrumb"},"inLanguage":"fr-FR","potentialAction":[{"@type":"ReadAction","target":["https:\/\/cardinal-tapes.com\/fr\/rubans-adh\u00e9sifs\/rubans-adhesifs-double-face\/3m-582-film-adhesif-double-face-activable-par-la-chaleur\/"]}]},{"@type":"ImageObject","inLanguage":"fr-FR","@id":"https:\/\/cardinal-tapes.com\/fr\/rubans-adh\u00e9sifs\/rubans-adhesifs-double-face\/3m-582-film-adhesif-double-face-activable-par-la-chaleur\/#primaryimage","url":"https:\/\/cardinal-tapes.com\/wp-content\/uploads\/3m_doppelseitig_papiervliestraeger_9527.jpg","contentUrl":"https:\/\/cardinal-tapes.com\/wp-content\/uploads\/3m_doppelseitig_papiervliestraeger_9527.jpg","width":600,"height":600,"caption":"Ruban adh\u00e9sif double face en papier 3M 9527"},{"@type":"BreadcrumbList","@id":"https:\/\/cardinal-tapes.com\/fr\/rubans-adh\u00e9sifs\/rubans-adhesifs-double-face\/3m-582-film-adhesif-double-face-activable-par-la-chaleur\/#breadcrumb","itemListElement":[{"@type":"ListItem","position":1,"name":"Startseite","item":"https:\/\/cardinal-tapes.com\/fr\/accueil\/"},{"@type":"ListItem","position":2,"name":"Rubans adh\u00e9sifs","item":"https:\/\/cardinal-tapes.com\/fr\/rubans-adhesifs-fr\/"},{"@type":"ListItem","position":3,"name":"Rubans adh\u00e9sifs double face","item":"https:\/\/cardinal-tapes.com\/fr\/catgorie\/rubans-adhesifs-double-face\/"},{"@type":"ListItem","position":4,"name":"3M\u2122 582 adh\u00e9sif double face, film activable par la chaleur"}]},{"@type":"WebSite","@id":"https:\/\/cardinal-tapes.com\/#website","url":"https:\/\/cardinal-tapes.com\/","name":"cardinal TAPES","description":"Klebetechnik aus Wuppertal","potentialAction":[{"@type":"SearchAction","target":{"@type":"EntryPoint","urlTemplate":"https:\/\/cardinal-tapes.com\/?s={search_term_string}"},"query-input":{"@type":"PropertyValueSpecification","valueRequired":true,"valueName":"search_term_string"}}],"inLanguage":"fr-FR"}]}},"brands":[{"id":2167,"name":"3M","slug":"3m-fr"}],"_links":{"self":[{"href":"https:\/\/cardinal-tapes.com\/fr\/wp-json\/wp\/v2\/product\/63795","targetHints":{"allow":["GET"]}}],"collection":[{"href":"https:\/\/cardinal-tapes.com\/fr\/wp-json\/wp\/v2\/product"}],"about":[{"href":"https:\/\/cardinal-tapes.com\/fr\/wp-json\/wp\/v2\/types\/product"}],"wp:featuredmedia":[{"embeddable":true,"href":"https:\/\/cardinal-tapes.com\/fr\/wp-json\/wp\/v2\/media\/24320"}],"wp:attachment":[{"href":"https:\/\/cardinal-tapes.com\/fr\/wp-json\/wp\/v2\/media?parent=63795"}],"wp:term":[{"taxonomy":"pwb-brand","embeddable":true,"href":"https:\/\/cardinal-tapes.com\/fr\/wp-json\/wp\/v2\/pwb-brand?post=63795"},{"taxonomy":"product_brand","embeddable":true,"href":"https:\/\/cardinal-tapes.com\/fr\/wp-json\/wp\/v2\/product_brand?post=63795"},{"taxonomy":"product_cat","embeddable":true,"href":"https:\/\/cardinal-tapes.com\/fr\/wp-json\/wp\/v2\/product_cat?post=63795"},{"taxonomy":"product_tag","embeddable":true,"href":"https:\/\/cardinal-tapes.com\/fr\/wp-json\/wp\/v2\/product_tag?post=63795"}],"curies":[{"name":"wp","href":"https:\/\/api.w.org\/{rel}","templated":true}]}}