{"id":63748,"date":"2017-12-08T08:28:16","date_gmt":"2017-12-08T07:28:16","guid":{"rendered":"https:\/\/cardinal.pixel-tal.de\/klebebaender\/non class\u00e9\/3m-rubans-adhesifs-double-face-983xl-9527\/"},"modified":"2023-06-06T10:21:23","modified_gmt":"2023-06-06T08:21:23","slug":"3m-983xl-9527-bandes-adhesives-deux-faces-avec-supports","status":"publish","type":"product","link":"https:\/\/cardinal-tapes.com\/fr\/rubans-adh\u00e9sifs\/rubans-adhesifs-double-face\/3m-983xl-9527-bandes-adhesives-deux-faces-avec-supports\/","title":{"rendered":"3M\u2122 Rubans adh\u00e9sifs double face 983xl-9527"},"content":{"rendered":"<p>Ces rubans adh\u00e9sifs pr\u00e9sentent une adh\u00e9rence imm\u00e9diate tr\u00e8s \u00e9lev\u00e9e gr\u00e2ce \u00e0 leur adh\u00e9sif en caoutchouc synth\u00e9tique. Les rubans adh\u00e9sifs double face sont adapt\u00e9s aux mat\u00e9riaux les plus divers tels que le plastique, le m\u00e9tal, le verre ou la c\u00e9ramique. Les rubans adh\u00e9sifs peuvent \u00eatre tr\u00e8s facilement personnalis\u00e9s, car ils pr\u00e9sentent d&#8217;excellentes propri\u00e9t\u00e9s de d\u00e9coupe.<\/p>\n<p><strong>Caract\u00e9ristiques<\/strong><br \/>\n&#8211; Bonne adh\u00e9rence sur diff\u00e9rentes surfaces<\/p>\n<p><strong>Applications<\/strong><br \/>\n&#8211; Fixer, maintenir, \u00e9pisser, laminer, monter ou contrecoller<\/p>\n","protected":false},"excerpt":{"rendered":"<p>Ces rubans adh\u00e9sifs pr\u00e9sentent une adh\u00e9rence imm\u00e9diate tr\u00e8s \u00e9lev\u00e9e gr\u00e2ce \u00e0 leur adh\u00e9sif en caoutchouc synth\u00e9tique. Les rubans adh\u00e9sifs double face sont adapt\u00e9s aux mat\u00e9riaux les plus divers tels que le plastique, le m\u00e9tal, le verre ou la c\u00e9ramique. Les rubans adh\u00e9sifs peuvent \u00eatre tr\u00e8s facilement personnalis\u00e9s, car ils pr\u00e9sentent d&#8217;excellentes propri\u00e9t\u00e9s de d\u00e9coupe. Caract\u00e9ristiques [&hellip;]<\/p>\n","protected":false},"featured_media":24320,"template":"","meta":{"_acf_changed":false},"pwb-brand":[2167],"product_brand":[],"product_cat":[1834],"product_tag":[],"class_list":{"0":"post-63748","1":"product","2":"type-product","3":"status-publish","4":"has-post-thumbnail","6":"pwb-brand-3m-fr","7":"product_cat-rubans-adhesifs-double-face","9":"first","10":"instock","11":"taxable","12":"shipping-taxable","13":"purchasable","14":"product-type-simple"},"acf":[],"yoast_head":"<!-- This site is optimized with the Yoast SEO plugin v27.3 - https:\/\/yoast.com\/product\/yoast-seo-wordpress\/ -->\n<title>3M 983xl-9527 Ruban adh\u00e9sif double face avec support | Cardinal TAPES<\/title>\n<meta name=\"description\" content=\"Ces rubans adh\u00e9sifs pr\u00e9sentent une adh\u00e9rence imm\u00e9diate tr\u00e8s \u00e9lev\u00e9e gr\u00e2ce \u00e0 leur adh\u00e9sif en caoutchouc synth\u00e9tique. En savoir plus ici.\" \/>\n<meta name=\"robots\" content=\"index, follow, max-snippet:-1, max-image-preview:large, max-video-preview:-1\" \/>\n<link rel=\"canonical\" href=\"https:\/\/cardinal-tapes.com\/fr\/rubans-adh\u00e9sifs\/rubans-adhesifs-double-face\/3m-983xl-9527-bandes-adhesives-deux-faces-avec-supports\/\" \/>\n<meta property=\"og:locale\" content=\"fr_FR\" \/>\n<meta property=\"og:type\" content=\"article\" \/>\n<meta property=\"og:title\" content=\"3M 983xl-9527 Ruban adh\u00e9sif double face avec support | Cardinal TAPES\" \/>\n<meta property=\"og:description\" content=\"Ces rubans adh\u00e9sifs pr\u00e9sentent une adh\u00e9rence imm\u00e9diate tr\u00e8s \u00e9lev\u00e9e gr\u00e2ce \u00e0 leur adh\u00e9sif en caoutchouc synth\u00e9tique. En savoir plus ici.\" \/>\n<meta property=\"og:url\" content=\"https:\/\/cardinal-tapes.com\/fr\/rubans-adh\u00e9sifs\/rubans-adhesifs-double-face\/3m-983xl-9527-bandes-adhesives-deux-faces-avec-supports\/\" \/>\n<meta property=\"og:site_name\" content=\"cardinal TAPES\" \/>\n<meta property=\"article:modified_time\" content=\"2023-06-06T08:21:23+00:00\" \/>\n<meta property=\"og:image\" content=\"https:\/\/cardinal-tapes.com\/wp-content\/uploads\/3m_doppelseitig_papiervliestraeger_9527.jpg\" \/>\n\t<meta property=\"og:image:width\" content=\"600\" \/>\n\t<meta property=\"og:image:height\" content=\"600\" \/>\n\t<meta property=\"og:image:type\" content=\"image\/jpeg\" \/>\n<meta name=\"twitter:card\" content=\"summary_large_image\" \/>\n<script type=\"application\/ld+json\" class=\"yoast-schema-graph\">{\"@context\":\"https:\\\/\\\/schema.org\",\"@graph\":[{\"@type\":\"WebPage\",\"@id\":\"https:\\\/\\\/cardinal-tapes.com\\\/fr\\\/rubans-adh\u00e9sifs\\\/rubans-adhesifs-double-face\\\/3m-983xl-9527-bandes-adhesives-deux-faces-avec-supports\\\/\",\"url\":\"https:\\\/\\\/cardinal-tapes.com\\\/fr\\\/rubans-adh\u00e9sifs\\\/rubans-adhesifs-double-face\\\/3m-983xl-9527-bandes-adhesives-deux-faces-avec-supports\\\/\",\"name\":\"3M 983xl-9527 Ruban adh\u00e9sif double face avec support | Cardinal TAPES\",\"isPartOf\":{\"@id\":\"https:\\\/\\\/cardinal-tapes.com\\\/#website\"},\"primaryImageOfPage\":{\"@id\":\"https:\\\/\\\/cardinal-tapes.com\\\/fr\\\/rubans-adh\u00e9sifs\\\/rubans-adhesifs-double-face\\\/3m-983xl-9527-bandes-adhesives-deux-faces-avec-supports\\\/#primaryimage\"},\"image\":{\"@id\":\"https:\\\/\\\/cardinal-tapes.com\\\/fr\\\/rubans-adh\u00e9sifs\\\/rubans-adhesifs-double-face\\\/3m-983xl-9527-bandes-adhesives-deux-faces-avec-supports\\\/#primaryimage\"},\"thumbnailUrl\":\"https:\\\/\\\/cardinal-tapes.com\\\/wp-content\\\/uploads\\\/3m_doppelseitig_papiervliestraeger_9527.jpg\",\"datePublished\":\"2017-12-08T07:28:16+00:00\",\"dateModified\":\"2023-06-06T08:21:23+00:00\",\"description\":\"Ces rubans adh\u00e9sifs pr\u00e9sentent une adh\u00e9rence imm\u00e9diate tr\u00e8s \u00e9lev\u00e9e gr\u00e2ce \u00e0 leur adh\u00e9sif en caoutchouc synth\u00e9tique. En savoir plus ici.\",\"breadcrumb\":{\"@id\":\"https:\\\/\\\/cardinal-tapes.com\\\/fr\\\/rubans-adh\u00e9sifs\\\/rubans-adhesifs-double-face\\\/3m-983xl-9527-bandes-adhesives-deux-faces-avec-supports\\\/#breadcrumb\"},\"inLanguage\":\"fr-FR\",\"potentialAction\":[{\"@type\":\"ReadAction\",\"target\":[\"https:\\\/\\\/cardinal-tapes.com\\\/fr\\\/rubans-adh\u00e9sifs\\\/rubans-adhesifs-double-face\\\/3m-983xl-9527-bandes-adhesives-deux-faces-avec-supports\\\/\"]}]},{\"@type\":\"ImageObject\",\"inLanguage\":\"fr-FR\",\"@id\":\"https:\\\/\\\/cardinal-tapes.com\\\/fr\\\/rubans-adh\u00e9sifs\\\/rubans-adhesifs-double-face\\\/3m-983xl-9527-bandes-adhesives-deux-faces-avec-supports\\\/#primaryimage\",\"url\":\"https:\\\/\\\/cardinal-tapes.com\\\/wp-content\\\/uploads\\\/3m_doppelseitig_papiervliestraeger_9527.jpg\",\"contentUrl\":\"https:\\\/\\\/cardinal-tapes.com\\\/wp-content\\\/uploads\\\/3m_doppelseitig_papiervliestraeger_9527.jpg\",\"width\":600,\"height\":600,\"caption\":\"Ruban adh\u00e9sif double face en papier 3M 9527\"},{\"@type\":\"BreadcrumbList\",\"@id\":\"https:\\\/\\\/cardinal-tapes.com\\\/fr\\\/rubans-adh\u00e9sifs\\\/rubans-adhesifs-double-face\\\/3m-983xl-9527-bandes-adhesives-deux-faces-avec-supports\\\/#breadcrumb\",\"itemListElement\":[{\"@type\":\"ListItem\",\"position\":1,\"name\":\"Startseite\",\"item\":\"https:\\\/\\\/cardinal-tapes.com\\\/fr\\\/accueil\\\/\"},{\"@type\":\"ListItem\",\"position\":2,\"name\":\"Rubans adh\u00e9sifs\",\"item\":\"https:\\\/\\\/cardinal-tapes.com\\\/fr\\\/rubans-adhesifs-fr\\\/\"},{\"@type\":\"ListItem\",\"position\":3,\"name\":\"Rubans adh\u00e9sifs double face\",\"item\":\"https:\\\/\\\/cardinal-tapes.com\\\/fr\\\/catgorie\\\/rubans-adhesifs-double-face\\\/\"},{\"@type\":\"ListItem\",\"position\":4,\"name\":\"3M\u2122 Rubans adh\u00e9sifs double face 983xl-9527\"}]},{\"@type\":\"WebSite\",\"@id\":\"https:\\\/\\\/cardinal-tapes.com\\\/#website\",\"url\":\"https:\\\/\\\/cardinal-tapes.com\\\/\",\"name\":\"cardinal TAPES\",\"description\":\"Klebetechnik aus Wuppertal\",\"potentialAction\":[{\"@type\":\"SearchAction\",\"target\":{\"@type\":\"EntryPoint\",\"urlTemplate\":\"https:\\\/\\\/cardinal-tapes.com\\\/?s={search_term_string}\"},\"query-input\":{\"@type\":\"PropertyValueSpecification\",\"valueRequired\":true,\"valueName\":\"search_term_string\"}}],\"inLanguage\":\"fr-FR\"}]}<\/script>\n<!-- \/ Yoast SEO plugin. -->","yoast_head_json":{"title":"3M 983xl-9527 Ruban adh\u00e9sif double face avec support | Cardinal TAPES","description":"Ces rubans adh\u00e9sifs pr\u00e9sentent une adh\u00e9rence imm\u00e9diate tr\u00e8s \u00e9lev\u00e9e gr\u00e2ce \u00e0 leur adh\u00e9sif en caoutchouc synth\u00e9tique. En savoir plus ici.","robots":{"index":"index","follow":"follow","max-snippet":"max-snippet:-1","max-image-preview":"max-image-preview:large","max-video-preview":"max-video-preview:-1"},"canonical":"https:\/\/cardinal-tapes.com\/fr\/rubans-adh\u00e9sifs\/rubans-adhesifs-double-face\/3m-983xl-9527-bandes-adhesives-deux-faces-avec-supports\/","og_locale":"fr_FR","og_type":"article","og_title":"3M 983xl-9527 Ruban adh\u00e9sif double face avec support | Cardinal TAPES","og_description":"Ces rubans adh\u00e9sifs pr\u00e9sentent une adh\u00e9rence imm\u00e9diate tr\u00e8s \u00e9lev\u00e9e gr\u00e2ce \u00e0 leur adh\u00e9sif en caoutchouc synth\u00e9tique. En savoir plus ici.","og_url":"https:\/\/cardinal-tapes.com\/fr\/rubans-adh\u00e9sifs\/rubans-adhesifs-double-face\/3m-983xl-9527-bandes-adhesives-deux-faces-avec-supports\/","og_site_name":"cardinal TAPES","article_modified_time":"2023-06-06T08:21:23+00:00","og_image":[{"width":600,"height":600,"url":"https:\/\/cardinal-tapes.com\/wp-content\/uploads\/3m_doppelseitig_papiervliestraeger_9527.jpg","type":"image\/jpeg"}],"twitter_card":"summary_large_image","schema":{"@context":"https:\/\/schema.org","@graph":[{"@type":"WebPage","@id":"https:\/\/cardinal-tapes.com\/fr\/rubans-adh\u00e9sifs\/rubans-adhesifs-double-face\/3m-983xl-9527-bandes-adhesives-deux-faces-avec-supports\/","url":"https:\/\/cardinal-tapes.com\/fr\/rubans-adh\u00e9sifs\/rubans-adhesifs-double-face\/3m-983xl-9527-bandes-adhesives-deux-faces-avec-supports\/","name":"3M 983xl-9527 Ruban adh\u00e9sif double face avec support | Cardinal TAPES","isPartOf":{"@id":"https:\/\/cardinal-tapes.com\/#website"},"primaryImageOfPage":{"@id":"https:\/\/cardinal-tapes.com\/fr\/rubans-adh\u00e9sifs\/rubans-adhesifs-double-face\/3m-983xl-9527-bandes-adhesives-deux-faces-avec-supports\/#primaryimage"},"image":{"@id":"https:\/\/cardinal-tapes.com\/fr\/rubans-adh\u00e9sifs\/rubans-adhesifs-double-face\/3m-983xl-9527-bandes-adhesives-deux-faces-avec-supports\/#primaryimage"},"thumbnailUrl":"https:\/\/cardinal-tapes.com\/wp-content\/uploads\/3m_doppelseitig_papiervliestraeger_9527.jpg","datePublished":"2017-12-08T07:28:16+00:00","dateModified":"2023-06-06T08:21:23+00:00","description":"Ces rubans adh\u00e9sifs pr\u00e9sentent une adh\u00e9rence imm\u00e9diate tr\u00e8s \u00e9lev\u00e9e gr\u00e2ce \u00e0 leur adh\u00e9sif en caoutchouc synth\u00e9tique. En savoir plus ici.","breadcrumb":{"@id":"https:\/\/cardinal-tapes.com\/fr\/rubans-adh\u00e9sifs\/rubans-adhesifs-double-face\/3m-983xl-9527-bandes-adhesives-deux-faces-avec-supports\/#breadcrumb"},"inLanguage":"fr-FR","potentialAction":[{"@type":"ReadAction","target":["https:\/\/cardinal-tapes.com\/fr\/rubans-adh\u00e9sifs\/rubans-adhesifs-double-face\/3m-983xl-9527-bandes-adhesives-deux-faces-avec-supports\/"]}]},{"@type":"ImageObject","inLanguage":"fr-FR","@id":"https:\/\/cardinal-tapes.com\/fr\/rubans-adh\u00e9sifs\/rubans-adhesifs-double-face\/3m-983xl-9527-bandes-adhesives-deux-faces-avec-supports\/#primaryimage","url":"https:\/\/cardinal-tapes.com\/wp-content\/uploads\/3m_doppelseitig_papiervliestraeger_9527.jpg","contentUrl":"https:\/\/cardinal-tapes.com\/wp-content\/uploads\/3m_doppelseitig_papiervliestraeger_9527.jpg","width":600,"height":600,"caption":"Ruban adh\u00e9sif double face en papier 3M 9527"},{"@type":"BreadcrumbList","@id":"https:\/\/cardinal-tapes.com\/fr\/rubans-adh\u00e9sifs\/rubans-adhesifs-double-face\/3m-983xl-9527-bandes-adhesives-deux-faces-avec-supports\/#breadcrumb","itemListElement":[{"@type":"ListItem","position":1,"name":"Startseite","item":"https:\/\/cardinal-tapes.com\/fr\/accueil\/"},{"@type":"ListItem","position":2,"name":"Rubans adh\u00e9sifs","item":"https:\/\/cardinal-tapes.com\/fr\/rubans-adhesifs-fr\/"},{"@type":"ListItem","position":3,"name":"Rubans adh\u00e9sifs double face","item":"https:\/\/cardinal-tapes.com\/fr\/catgorie\/rubans-adhesifs-double-face\/"},{"@type":"ListItem","position":4,"name":"3M\u2122 Rubans adh\u00e9sifs double face 983xl-9527"}]},{"@type":"WebSite","@id":"https:\/\/cardinal-tapes.com\/#website","url":"https:\/\/cardinal-tapes.com\/","name":"cardinal TAPES","description":"Klebetechnik aus Wuppertal","potentialAction":[{"@type":"SearchAction","target":{"@type":"EntryPoint","urlTemplate":"https:\/\/cardinal-tapes.com\/?s={search_term_string}"},"query-input":{"@type":"PropertyValueSpecification","valueRequired":true,"valueName":"search_term_string"}}],"inLanguage":"fr-FR"}]}},"brands":[{"id":2167,"name":"3M","slug":"3m-fr"}],"_links":{"self":[{"href":"https:\/\/cardinal-tapes.com\/fr\/wp-json\/wp\/v2\/product\/63748","targetHints":{"allow":["GET"]}}],"collection":[{"href":"https:\/\/cardinal-tapes.com\/fr\/wp-json\/wp\/v2\/product"}],"about":[{"href":"https:\/\/cardinal-tapes.com\/fr\/wp-json\/wp\/v2\/types\/product"}],"wp:featuredmedia":[{"embeddable":true,"href":"https:\/\/cardinal-tapes.com\/fr\/wp-json\/wp\/v2\/media\/24320"}],"wp:attachment":[{"href":"https:\/\/cardinal-tapes.com\/fr\/wp-json\/wp\/v2\/media?parent=63748"}],"wp:term":[{"taxonomy":"pwb-brand","embeddable":true,"href":"https:\/\/cardinal-tapes.com\/fr\/wp-json\/wp\/v2\/pwb-brand?post=63748"},{"taxonomy":"product_brand","embeddable":true,"href":"https:\/\/cardinal-tapes.com\/fr\/wp-json\/wp\/v2\/product_brand?post=63748"},{"taxonomy":"product_cat","embeddable":true,"href":"https:\/\/cardinal-tapes.com\/fr\/wp-json\/wp\/v2\/product_cat?post=63748"},{"taxonomy":"product_tag","embeddable":true,"href":"https:\/\/cardinal-tapes.com\/fr\/wp-json\/wp\/v2\/product_tag?post=63748"}],"curies":[{"name":"wp","href":"https:\/\/api.w.org\/{rel}","templated":true}]}}